{"id":92,"date":"2022-09-06T21:08:35","date_gmt":"2022-09-06T21:08:35","guid":{"rendered":"https:\/\/noas.no\/riketstilstand\/?page_id=92"},"modified":"2022-09-23T12:55:36","modified_gmt":"2022-09-23T12:55:36","slug":"kommentar","status":"publish","type":"page","link":"https:\/\/noas.no\/riketstilstand\/2022-2\/kommentar\/","title":{"rendered":"Kommentar 2022"},"content":{"rendered":"\t\t<div data-elementor-type=\"wp-page\" data-elementor-id=\"92\" class=\"elementor elementor-92\">\n\t\t\t\t\t\t<section class=\"elementor-section elementor-top-section elementor-element elementor-element-b9fc871 elementor-section-full_width elementor-section-height-full elementor-section-height-default elementor-section-items-middle\" data-id=\"b9fc871\" data-element_type=\"section\" data-e-type=\"section\" data-settings=\"{&quot;background_background&quot;:&quot;classic&quot;}\">\n\t\t\t\t\t\t\t<div class=\"elementor-background-overlay\"><\/div>\n\t\t\t\t\t\t\t<div class=\"elementor-container elementor-column-gap-default\">\n\t\t\t\t\t<div class=\"elementor-column elementor-col-100 elementor-top-column elementor-element elementor-element-bc860e7\" data-id=\"bc860e7\" data-element_type=\"column\" data-e-type=\"column\">\n\t\t\t<div class=\"elementor-widget-wrap elementor-element-populated\">\n\t\t\t\t\t\t<div class=\"elementor-element elementor-element-7bc6126 elementor-widget elementor-widget-heading\" data-id=\"7bc6126\" data-element_type=\"widget\" data-e-type=\"widget\" data-widget_type=\"heading.default\">\n\t\t\t\t<div class=\"elementor-widget-container\">\n\t\t\t\t\t<h4 class=\"elementor-heading-title elementor-size-default\">Barns beste, foreldres synder og urimelig juss<\/h4>\t\t\t\t<\/div>\n\t\t\t\t<\/div>\n\t\t\t\t<div class=\"elementor-element elementor-element-250d0ea elementor-widget elementor-widget-text-editor\" data-id=\"250d0ea\" data-element_type=\"widget\" data-e-type=\"widget\" data-widget_type=\"text-editor.default\">\n\t\t\t\t<div class=\"elementor-widget-container\">\n\t\t\t\t\t\t\t\t\t<p style=\"text-align: center;\"><i>Refleksjoner fra generalsekret\u00e6ren i NOAS, P\u00e5l Nesse.<\/i><\/p>\t\t\t\t\t\t\t\t<\/div>\n\t\t\t\t<\/div>\n\t\t\t\t\t<\/div>\n\t\t<\/div>\n\t\t\t\t\t<\/div>\n\t\t<\/section>\n\t\t\t\t<section class=\"elementor-section elementor-top-section elementor-element elementor-element-ecc7252 elementor-section-boxed elementor-section-height-default elementor-section-height-default\" data-id=\"ecc7252\" data-element_type=\"section\" data-e-type=\"section\">\n\t\t\t\t\t\t<div class=\"elementor-container elementor-column-gap-default\">\n\t\t\t\t\t<div class=\"elementor-column elementor-col-100 elementor-top-column elementor-element elementor-element-4211464\" data-id=\"4211464\" data-element_type=\"column\" data-e-type=\"column\">\n\t\t\t<div class=\"elementor-widget-wrap elementor-element-populated\">\n\t\t\t\t\t\t<div class=\"elementor-element elementor-element-db8219e elementor-widget elementor-widget-text-editor\" data-id=\"db8219e\" data-element_type=\"widget\" data-e-type=\"widget\" data-widget_type=\"text-editor.default\">\n\t\t\t\t<div class=\"elementor-widget-container\">\n\t\t\t\t\t\t\t\t\t<p><em>Foto: Shutterstock<\/em><\/p>\t\t\t\t\t\t\t\t<\/div>\n\t\t\t\t<\/div>\n\t\t\t\t\t<\/div>\n\t\t<\/div>\n\t\t\t\t\t<\/div>\n\t\t<\/section>\n\t\t\t\t<section class=\"elementor-section elementor-top-section elementor-element elementor-element-6425dc9 elementor-section-boxed elementor-section-height-default elementor-section-height-default\" data-id=\"6425dc9\" data-element_type=\"section\" data-e-type=\"section\">\n\t\t\t\t\t\t<div class=\"elementor-container elementor-column-gap-default\">\n\t\t\t\t\t<div class=\"elementor-column elementor-col-25 elementor-top-column elementor-element elementor-element-cb2e00e\" data-id=\"cb2e00e\" data-element_type=\"column\" data-e-type=\"column\">\n\t\t\t<div class=\"elementor-widget-wrap elementor-element-populated\">\n\t\t\t\t\t\t<div class=\"elementor-element elementor-element-1d71fd0 elementor-widget elementor-widget-text-editor\" data-id=\"1d71fd0\" data-element_type=\"widget\" data-e-type=\"widget\" data-widget_type=\"text-editor.default\">\n\t\t\t\t<div class=\"elementor-widget-container\">\n\t\t\t\t\t\t\t\t\t<blockquote><p>\u201cJeg tror forvaltningens praksis og skj\u00f8nnsut\u00f8velse har utviklet seg i strengere retning enn politikerne \u00f8nsket og forventet da lover ble vedtatt i Stortinget. Og jeg tror det strider mot den allmenne rettsoppfatning.\u00a0\u201d<\/p><\/blockquote>\t\t\t\t\t\t\t\t<\/div>\n\t\t\t\t<\/div>\n\t\t\t\t\t<\/div>\n\t\t<\/div>\n\t\t\t\t<div class=\"elementor-column elementor-col-50 elementor-top-column elementor-element elementor-element-560d2c8\" data-id=\"560d2c8\" data-element_type=\"column\" data-e-type=\"column\">\n\t\t\t<div class=\"elementor-widget-wrap elementor-element-populated\">\n\t\t\t\t\t\t<div class=\"elementor-element elementor-element-65107aa elementor-widget elementor-widget-text-editor\" data-id=\"65107aa\" data-element_type=\"widget\" data-e-type=\"widget\" data-widget_type=\"text-editor.default\">\n\t\t\t\t<div class=\"elementor-widget-container\">\n\t\t\t\t\t\t\t\t\t<p>Gjennom v\u00e5r rettshjelp, erfarer NOAS stadig at familier splittes. Barna fortviler og kan ikke forst\u00e5 hvorfor. De blir stort sett aldri h\u00f8rt i vurderingene av sakene som ber\u00f8rer dem. Jeg tror utlendingsretten m\u00e5 v\u00e6re det eneste familiepolitiske omr\u00e5det der statlig familiesplittelse anvendes som et akseptabelt virkemiddel.<\/p>\t\t\t\t\t\t\t\t<\/div>\n\t\t\t\t<\/div>\n\t\t\t\t<div class=\"elementor-element elementor-element-07d80c5 elementor-widget elementor-widget-text-editor\" data-id=\"07d80c5\" data-element_type=\"widget\" data-e-type=\"widget\" data-widget_type=\"text-editor.default\">\n\t\t\t\t<div class=\"elementor-widget-container\">\n\t\t\t\t\t\t\t\t\t<p>\u00abBarnets beste\u00bb er et juridisk begrep, forankret i FNs barnekonvensjon. Det skal vurderes i alle saker som gjelder barn. I m\u00f8tet med norske \u00abinnvandringsregulerende hensyn\u00bb ser vi imidlertid at hensynet til barnet ofte m\u00e5 vike. Jeg tror resultatet strider med de flestes oppfatning av hva som er rett og rimelig. <\/p>\t\t\t\t\t\t\t\t<\/div>\n\t\t\t\t<\/div>\n\t\t\t\t<div class=\"elementor-element elementor-element-2869a43b elementor-widget elementor-widget-text-editor\" data-id=\"2869a43b\" data-element_type=\"widget\" data-e-type=\"widget\" data-widget_type=\"text-editor.default\">\n\t\t\t\t<div class=\"elementor-widget-container\">\n\t\t\t\t\t\t\t\t\t<p>\u00abInnvandringsregulerende hensyn\u00bb er noks\u00e5 upresist definert i lovverket. Et helt akseptabelt prinsipp er at det ikke skal l\u00f8nne seg \u00e5 lyve \u2013 i hvert fall ikke for l\u00f8gneren selv. Et annet viktig moment er \u00e5 ivareta en politisk besluttet streng innvandringspolitikk. Det er rundt dette hensynet problemene oppst\u00e5r. Spesielt n\u00e5r barn er involvert. <\/p>\t\t\t\t\t\t\t\t<\/div>\n\t\t\t\t<\/div>\n\t\t\t\t<div class=\"elementor-element elementor-element-7de8581a elementor-widget elementor-widget-text-editor\" data-id=\"7de8581a\" data-element_type=\"widget\" data-e-type=\"widget\" data-widget_type=\"text-editor.default\">\n\t\t\t\t<div class=\"elementor-widget-container\">\n\t\t\t\t\t\t\t\t\t<p>Et eksempel er saken om\u00a0<a href=\"https:\/\/www.nrk.no\/osloogviken\/mustafa-hasan-_19_-far-bli-i-norge-1.15835203\" target=\"_blank\" rel=\"noopener\">Mustafa\u00a0<\/a>fra Asker. Han hadde tilbragt nesten hele sin oppvekst i Norge, men utlendingsforvaltningen mente han m\u00e5tte forlate landet fordi moren angivelig ikke hadde fortalt hele sannheten da hun s\u00f8kte og fikk innvilget asyl i Norge. Mustafa selv hadde ikke gjort noe galt. En bred allianse av lokalpolitikere fra nesten alle partier protesterte.<\/p>\t\t\t\t\t\t\t\t<\/div>\n\t\t\t\t<\/div>\n\t\t\t\t<div class=\"elementor-element elementor-element-29223245 elementor-widget elementor-widget-text-editor\" data-id=\"29223245\" data-element_type=\"widget\" data-e-type=\"widget\" data-widget_type=\"text-editor.default\">\n\t\t\t\t<div class=\"elementor-widget-container\">\n\t\t\t\t\t\t\t\t\t<p>Saken hadde v\u00e6rt flere runder i forvaltning og rettsapparat. I forvaltningens ankeinstans i utlendingssaker, Utlendingsnemnda (UNE), kan nemndledere alene vurdere i hvilken grad det er rimelig tvil om fakta eller jussen i en sak. Mener de det er lite grunnlag for tvil, kan de alene bestemme utfallet i saken. Det gjelder ogs\u00e5 ved omfattende skj\u00f8nnsut\u00f8velse av hvordan \u00abbarnets beste\u00bb skal veies i forhold til \u00abinnvandringsregulerende hensyn\u00bb. <\/p>\t\t\t\t\t\t\t\t<\/div>\n\t\t\t\t<\/div>\n\t\t\t\t<div class=\"elementor-element elementor-element-a3da9c1 elementor-widget elementor-widget-text-editor\" data-id=\"a3da9c1\" data-element_type=\"widget\" data-e-type=\"widget\" data-widget_type=\"text-editor.default\">\n\t\t\t\t<div class=\"elementor-widget-container\">\n\t\t\t\t\t\t\t\t\t<p class=\"\">Mustafa-saken havnet i retten. Domstolen mente at nemndlederen i UNE ikke hadde tatt nok hensyn til \u00abbarnets beste\u00bb. Det endte med at Mustafa fikk bli.<\/p><p class=\"\">Mustafa selv er opptatt av at en urettferdig politikk og praksis ikke bare har rammet ham, men en rekke andre barn. NOAS deler denne bekymringen \u2013 i likhet med mange jurister og barnefaglige eksperter.<\/p><p class=\"\">Mustafas sak var sv\u00e6rt kostbar \u00e5 f\u00f8re for retten, noe de f\u00e6rreste har st\u00f8tteapparat og mulighet for. Dette er en av grunnene til at NOAS har et eget <a href=\"https:\/\/www.riketstilstand.noas.no\/asylsaker-i-domstolen\">domstolprosjekt<\/a> i samarbeid med en rekke advokatfirmaer som stiller opp for bedre rettssikkerhet.<\/p><p class=\"\">En utlending kan bli utvist fra Norge, for eksempel dersom utreisefristen etter avslag p\u00e5 s\u00f8knad om asyl ikke er overholdt. Et vedtak om utvisning inneb\u00e6rer et forbud mot senere innreise til Norge, varig eller for ett eller flere \u00e5r. Dersom den som utvises har etablert familie med egne barn i Norge, betaler barna ofte en un\u00f8dig h\u00f8y pris ved \u00e5 v\u00e6re uten en av foreldrene i flere \u00e5r.<\/p><p class=\"\">Alternativet b\u00f8r v\u00e6re andre reaksjoner. NOAS st\u00f8tter flertallet i et regjeringsoppnevnt utvalg \u2013 som foresl\u00e5r at utlendinger med barn i Norge som hovedregel ikke utvises ved brudd p\u00e5 utlendingsloven, og\/eller at en reaksjon med lengre ventetid f\u00f8r permanent opphold skal v\u00e6re hovedregelen i slike tilfeller. Utvalgsflertallet mener dagens praksis kan v\u00e6re i strid med Den europeiske menneskerettskonvensjonen<\/p><p class=\"\">Jeg tror forvaltningens praksis og skj\u00f8nnsut\u00f8velse har utviklet seg i strengere retning enn politikerne \u00f8nsket og forventet da lover ble vedtatt i Stortinget. Og jeg tror det strider mot den allmenne rettsoppfatning.<\/p><p class=\"\">I regjeringens Hurdalsplattform og blant politikere i alle partier, uttrykkes det at barns sitasjon fremover b\u00f8r ivaretas bedre i utlendingsforvaltningen. Jeg h\u00e5per &#8211; og tror &#8211; politikerne n\u00e5 vil g\u00e5 fra fagre ord til handling, slik at f\u00e6rre barn utsettes for urimelig usikkerhet og familiesplittelse. <br \/><br \/>Dagens praksis er ingen tjent med. Barna har rett til \u2013 og fortjener \u2013 noe vesentlig bedre.<\/p>\t\t\t\t\t\t\t\t<\/div>\n\t\t\t\t<\/div>\n\t\t\t\t\t<\/div>\n\t\t<\/div>\n\t\t\t\t<div class=\"elementor-column elementor-col-25 elementor-top-column elementor-element elementor-element-a7f0f0c\" data-id=\"a7f0f0c\" data-element_type=\"column\" data-e-type=\"column\">\n\t\t\t<div class=\"elementor-widget-wrap elementor-element-populated\">\n\t\t\t\t\t\t<div class=\"elementor-element elementor-element-f473286 elementor-widget elementor-widget-text-editor\" data-id=\"f473286\" data-element_type=\"widget\" data-e-type=\"widget\" data-widget_type=\"text-editor.default\">\n\t\t\t\t<div class=\"elementor-widget-container\">\n\t\t\t\t\t\t\t\t\t<div class=\"col sqs-col-3 span-3\"><div id=\"block-abc1cf7f494e5702d1c0\" class=\"sqs-block quote-block sqs-block-quote null\" data-block-type=\"31\"><div class=\"sqs-block-content\"><figure class=\"block-animation-none\"><blockquote data-animation-role=\"quote\"><div id=\"page-body-wrapper\" class=\"full-width\"><div id=\"page-body\"><div id=\"content-wrapper\"><div id=\"content\"><div class=\"main-content\" data-content-field=\"main-content\" data-collection-id=\"62f2bf58b749a7425be23a91\" data-edit-main-image=\"Page Banner\"><div id=\"page-62f2bf58b749a7425be23a91\" class=\"sqs-layout sqs-grid-12 columns-12\" data-type=\"page\" data-updated-on=\"1660265189390\"><div class=\"row sqs-row\"><div class=\"col sqs-col-12 span-12\"><div class=\"row sqs-row\"><div class=\"col sqs-col-3 span-3\"><div id=\"block-f80a79ee62891752ba5d\" class=\"sqs-block quote-block sqs-block-quote null\" data-block-type=\"31\"><div class=\"sqs-block-content\"><figure class=\"block-animation-none\"><blockquote data-animation-role=\"quote\"><p>\u201cJeg tror utlendingsretten m\u00e5 v\u00e6re det eneste familiepolitiske der statlig familiesplittelse anvendes som et akseptabelt virkemiddel. \u201d<\/p><\/blockquote><\/figure><\/div><\/div><\/div><\/div><\/div><\/div><\/div><\/div><div id=\"page-body-footer\" class=\"extra-wrapper\"><div id=\"page-footer-62f2bf58b749a7425be23a91\" class=\"sqs-layout sqs-grid-12 columns-12 empty\" data-layout-label=\"Barns beste, foreldres synder og urimelig juss Footer Content\" data-type=\"block-field\"><div class=\"row sqs-row\"><div class=\"col sqs-col-12 span-12\">\u00a0<\/div><\/div><\/div><\/div><\/div><\/div><div id=\"body-clearer\" class=\"clearer\">\u00a0<\/div><\/div><\/div><div id=\"page-footer-wrapper\"><div id=\"page-footer\"><div id=\"footer-blocks\" class=\"sqs-layout sqs-grid-12 columns-12\" data-layout-label=\"Footer Content\" data-type=\"block-field\" data-updated-on=\"1660587613512\"><div id=\"yui_3_17_2_1_1662945310240_76\" class=\"row sqs-row\"><div id=\"yui_3_17_2_1_1662945310240_75\" class=\"col sqs-col-3 span-3\"><div id=\"block-yui_3_17_2_1_1660077840242_34376\" class=\"sqs-block spacer-block sqs-block-spacer\" data-aspect-ratio=\"5.445544554455446\" data-block-type=\"21\"><div id=\"yui_3_17_2_1_1662945310240_101\" class=\"sqs-block-content sqs-intrinsic\">\u00a0<\/div><\/div><div id=\"block-yui_3_17_2_110_1496042355005_15969\" class=\"sqs-block image-block sqs-block-image sqs-text-ready\" data-aspect-ratio=\"15.594059405940595\" data-block-type=\"5\"><div id=\"yui_3_17_2_1_1662945310240_74\" class=\"sqs-block-content\"><div id=\"yui_3_17_2_1_1662945310240_73\" class=\"image-block-outer-wrapper layout-caption-below design-layout-inline combination-animation-none individual-animation-none individual-text-animation-none sqs-narrow-width\" data-test=\"image-block-inline-outer-wrapper\"><figure id=\"yui_3_17_2_1_1662945310240_72\" class=\" sqs-block-image-figure intrinsic \"><div id=\"yui_3_17_2_1_1662945310240_70\" class=\"image-block-wrapper\" data-animation-role=\"image\"><div id=\"yui_3_17_2_1_1662945310240_69\" class=\"sqs-image-shape-container-element has-aspect-ratio \">\u00a0<\/div><\/div><\/figure><\/div><\/div><\/div><\/div><\/div><\/div><\/div><\/div><\/blockquote><\/figure><\/div><\/div><\/div><div class=\"col sqs-col-6 span-6\"><div id=\"block-734f054f8bd1ffbd58c8\" class=\"sqs-block spacer-block sqs-block-spacer sized vsize-1\" data-block-type=\"21\"><div class=\"sqs-block-content\">\u00a0<\/div><\/div><div id=\"block-2bab7b18f4b4d2f1f87c\" class=\"sqs-block html-block sqs-block-html\" data-block-type=\"2\"><div class=\"sqs-block-content\">\u00a0<\/div><\/div><\/div>\t\t\t\t\t\t\t\t<\/div>\n\t\t\t\t<\/div>\n\t\t\t\t\t<\/div>\n\t\t<\/div>\n\t\t\t\t\t<\/div>\n\t\t<\/section>\n\t\t\t\t<\/div>\n\t\t","protected":false},"excerpt":{"rendered":"<p>Barns beste, foreldres synder og urimelig juss Refleksjoner fra generalsekret\u00e6ren i NOAS, P\u00e5l Nesse. Foto: Shutterstock \u201cJeg tror forvaltningens praksis og skj\u00f8nnsut\u00f8velse har utviklet seg i strengere retning enn politikerne \u00f8nsket og forventet da lover ble vedtatt i Stortinget. Og jeg tror det strider mot den allmenne rettsoppfatning.\u00a0\u201d Gjennom v\u00e5r rettshjelp, erfarer NOAS stadig at [&hellip;]<\/p>\n","protected":false},"author":1,"featured_media":0,"parent":2987,"menu_order":0,"comment_status":"closed","ping_status":"closed","template":"","meta":{"_acf_changed":false,"site-sidebar-layout":"no-sidebar","site-content-layout":"page-builder","ast-site-content-layout":"default","site-content-style":"default","site-sidebar-style":"default","ast-global-header-display":"","ast-banner-title-visibility":"","ast-main-header-display":"","ast-hfb-above-header-display":"","ast-hfb-below-header-display":"","ast-hfb-mobile-header-display":"","site-post-title":"disabled","ast-breadcrumbs-content":"","ast-featured-img":"disabled","footer-sml-layout":"","ast-disable-related-posts":"","theme-transparent-header-meta":"default","adv-header-id-meta":"","stick-header-meta":"","header-above-stick-meta":"","header-main-stick-meta":"","header-below-stick-meta":"","astra-migrate-meta-layouts":"default","ast-page-background-enabled":"default","ast-page-background-meta":{"desktop":{"background-color":"var(--ast-global-color-4)","background-image":"","background-repeat":"repeat","background-position":"center center","background-size":"auto","background-attachment":"scroll","background-type":"","background-media":"","overlay-type":"","overlay-color":"","overlay-opacity":"","overlay-gradient":""},"tablet":{"background-color":"","background-image":"","background-repeat":"repeat","background-position":"center center","background-size":"auto","background-attachment":"scroll","background-type":"","background-media":"","overlay-type":"","overlay-color":"","overlay-opacity":"","overlay-gradient":""},"mobile":{"background-color":"","background-image":"","background-repeat":"repeat","background-position":"center center","background-size":"auto","background-attachment":"scroll","background-type":"","background-media":"","overlay-type":"","overlay-color":"","overlay-opacity":"","overlay-gradient":""}},"ast-content-background-meta":{"desktop":{"background-color":"var(--ast-global-color-5)","background-image":"","background-repeat":"repeat","background-position":"center center","background-size":"auto","background-attachment":"scroll","background-type":"","background-media":"","overlay-type":"","overlay-color":"","overlay-opacity":"","overlay-gradient":""},"tablet":{"background-color":"var(--ast-global-color-5)","background-image":"","background-repeat":"repeat","background-position":"center center","background-size":"auto","background-attachment":"scroll","background-type":"","background-media":"","overlay-type":"","overlay-color":"","overlay-opacity":"","overlay-gradient":""},"mobile":{"background-color":"var(--ast-global-color-5)","background-image":"","background-repeat":"repeat","background-position":"center center","background-size":"auto","background-attachment":"scroll","background-type":"","background-media":"","overlay-type":"","overlay-color":"","overlay-opacity":"","overlay-gradient":""}},"footnotes":""},"class_list":["post-92","page","type-page","status-publish","hentry"],"acf":[],"_links":{"self":[{"href":"https:\/\/noas.no\/riketstilstand\/wp-json\/wp\/v2\/pages\/92","targetHints":{"allow":["GET"]}}],"collection":[{"href":"https:\/\/noas.no\/riketstilstand\/wp-json\/wp\/v2\/pages"}],"about":[{"href":"https:\/\/noas.no\/riketstilstand\/wp-json\/wp\/v2\/types\/page"}],"author":[{"embeddable":true,"href":"https:\/\/noas.no\/riketstilstand\/wp-json\/wp\/v2\/users\/1"}],"replies":[{"embeddable":true,"href":"https:\/\/noas.no\/riketstilstand\/wp-json\/wp\/v2\/comments?post=92"}],"version-history":[{"count":175,"href":"https:\/\/noas.no\/riketstilstand\/wp-json\/wp\/v2\/pages\/92\/revisions"}],"predecessor-version":[{"id":6001,"href":"https:\/\/noas.no\/riketstilstand\/wp-json\/wp\/v2\/pages\/92\/revisions\/6001"}],"up":[{"embeddable":true,"href":"https:\/\/noas.no\/riketstilstand\/wp-json\/wp\/v2\/pages\/2987"}],"wp:attachment":[{"href":"https:\/\/noas.no\/riketstilstand\/wp-json\/wp\/v2\/media?parent=92"}],"curies":[{"name":"wp","href":"https:\/\/api.w.org\/{rel}","templated":true}]}}