{"id":8988,"date":"2024-10-20T23:29:09","date_gmt":"2024-10-20T23:29:09","guid":{"rendered":"https:\/\/noas.no\/riketstilstand\/?page_id=8988"},"modified":"2024-10-20T23:44:10","modified_gmt":"2024-10-20T23:44:10","slug":"noas-rettshjelp-virker","status":"publish","type":"page","link":"https:\/\/noas.no\/riketstilstand\/2024-2\/noas-rettshjelp-virker\/","title":{"rendered":"NOAS&#8217; rettshjelp virker!"},"content":{"rendered":"\t\t<div data-elementor-type=\"wp-page\" data-elementor-id=\"8988\" class=\"elementor elementor-8988\">\n\t\t\t\t\t\t<section class=\"elementor-section elementor-top-section elementor-element elementor-element-9a40ee2 elementor-section-height-min-height elementor-section-boxed elementor-section-height-default elementor-section-items-middle\" data-id=\"9a40ee2\" data-element_type=\"section\" data-e-type=\"section\" data-settings=\"{&quot;background_background&quot;:&quot;classic&quot;}\">\n\t\t\t\t\t\t\t<div class=\"elementor-background-overlay\"><\/div>\n\t\t\t\t\t\t\t<div class=\"elementor-container elementor-column-gap-default\">\n\t\t\t\t\t<div class=\"elementor-column elementor-col-100 elementor-top-column elementor-element elementor-element-96e4d9d\" data-id=\"96e4d9d\" data-element_type=\"column\" data-e-type=\"column\">\n\t\t\t<div class=\"elementor-widget-wrap elementor-element-populated\">\n\t\t\t\t\t\t<div class=\"elementor-element elementor-element-657bc7b elementor-widget elementor-widget-heading\" data-id=\"657bc7b\" data-element_type=\"widget\" data-e-type=\"widget\" data-widget_type=\"heading.default\">\n\t\t\t\t<div class=\"elementor-widget-container\">\n\t\t\t\t\t<h4 class=\"elementor-heading-title elementor-size-default\">NOAS' rettshjelp virker!<\/h4>\t\t\t\t<\/div>\n\t\t\t\t<\/div>\n\t\t\t\t<div class=\"elementor-element elementor-element-52ec5ea elementor-widget elementor-widget-text-editor\" data-id=\"52ec5ea\" data-element_type=\"widget\" data-e-type=\"widget\" data-widget_type=\"text-editor.default\">\n\t\t\t\t<div class=\"elementor-widget-container\">\n\t\t\t\t\t\t\t\t\t<p>I 2023 fikk 61 % av personene NOAS bistod positivt svar etter at vi engasjerte oss i saken.<\/p>\t\t\t\t\t\t\t\t<\/div>\n\t\t\t\t<\/div>\n\t\t\t\t\t<\/div>\n\t\t<\/div>\n\t\t\t\t\t<\/div>\n\t\t<\/section>\n\t\t\t\t<section class=\"elementor-section elementor-top-section elementor-element elementor-element-91707f0 elementor-section-boxed elementor-section-height-default elementor-section-height-default\" data-id=\"91707f0\" data-element_type=\"section\" data-e-type=\"section\">\n\t\t\t\t\t\t<div class=\"elementor-container elementor-column-gap-default\">\n\t\t\t\t\t<div class=\"elementor-column elementor-col-100 elementor-top-column elementor-element elementor-element-5217b88\" data-id=\"5217b88\" data-element_type=\"column\" data-e-type=\"column\">\n\t\t\t<div class=\"elementor-widget-wrap elementor-element-populated\">\n\t\t\t\t\t\t<div class=\"elementor-element elementor-element-1ed7f7d elementor-widget elementor-widget-text-editor\" data-id=\"1ed7f7d\" data-element_type=\"widget\" data-e-type=\"widget\" data-widget_type=\"text-editor.default\">\n\t\t\t\t<div class=\"elementor-widget-container\">\n\t\t\t\t\t\t\t\t\t<p><em>Foto: Vertukha\/Shutterstock<\/em><\/p>\t\t\t\t\t\t\t\t<\/div>\n\t\t\t\t<\/div>\n\t\t\t\t\t<\/div>\n\t\t<\/div>\n\t\t\t\t\t<\/div>\n\t\t<\/section>\n\t\t\t\t<section class=\"elementor-section elementor-top-section elementor-element elementor-element-243d0fb elementor-section-boxed elementor-section-height-default elementor-section-height-default\" data-id=\"243d0fb\" data-element_type=\"section\" data-e-type=\"section\">\n\t\t\t\t\t\t<div class=\"elementor-container elementor-column-gap-default\">\n\t\t\t\t\t<div class=\"elementor-column elementor-col-50 elementor-top-column elementor-element elementor-element-982914c\" data-id=\"982914c\" data-element_type=\"column\" data-e-type=\"column\">\n\t\t\t<div class=\"elementor-widget-wrap elementor-element-populated\">\n\t\t\t\t\t\t<div class=\"elementor-element elementor-element-0470501 elementor-widget elementor-widget-heading\" data-id=\"0470501\" data-element_type=\"widget\" data-e-type=\"widget\" data-widget_type=\"heading.default\">\n\t\t\t\t<div class=\"elementor-widget-container\">\n\t\t\t\t\t<h2 class=\"elementor-heading-title elementor-size-default\">NOAS vurderte sakene til 831 personer i 2023<\/h2>\t\t\t\t<\/div>\n\t\t\t\t<\/div>\n\t\t\t\t<div class=\"elementor-element elementor-element-90fff6d elementor-widget elementor-widget-text-editor\" data-id=\"90fff6d\" data-element_type=\"widget\" data-e-type=\"widget\" data-widget_type=\"text-editor.default\">\n\t\t\t\t<div class=\"elementor-widget-container\">\n\t\t\t\t\t\t\t\t\t<p>NOAS gir gratis rettshjelp i saker om asyl, familieinnvandring, permanent opphold, statsborgerskap, m.v. Les mer om de ulike sakstypene <a href=\"https:\/\/www.noas.no\/rettshjelp\/\">her<\/a>. Vi gjennomg\u00e5r alle sakene vi mottar, men g\u00e5r bare videre med saker der vi mener en s\u00f8knad b\u00f8r innvilges og vi ser muligheter for \u00e5 endre et negativt vedtak.<\/p><p>NOAS avviser de langt fleste av sakene vi mottar, fordi vi mener det ikke er realistisk \u00e5 f\u00e5 endret resultatet. Selv om vi kan v\u00e6re uenige i at det er gitt avslag i en sak, vil det ofte v\u00e6re vanskelig \u00e5 f\u00e5 vedtaket omgjort. Vi forklarer personer som f\u00e5r saken avvist hos oss, hvorfor vi ikke ser grunnlag for \u00e5 g\u00e5 videre med den.<\/p><p>Vi engasjerer oss i saker hvor det er gjort feil, hvor det foreligger ny informasjon av vesentlig betydning for saken, eller hvor det er prinsipielt viktig \u00e5 utfordre utlendingsmyndighetenes praksis. Vi skriver da til Utlendingsdirektoratet (UDI) eller til Utlendingsnemnda (UNE) p\u00e5 vegne av personen saken gjelder.<\/p>\t\t\t\t\t\t\t\t<\/div>\n\t\t\t\t<\/div>\n\t\t\t\t\t<\/div>\n\t\t<\/div>\n\t\t\t\t<div class=\"elementor-column elementor-col-50 elementor-top-column elementor-element elementor-element-4443d1c\" data-id=\"4443d1c\" data-element_type=\"column\" data-e-type=\"column\">\n\t\t\t<div class=\"elementor-widget-wrap elementor-element-populated\">\n\t\t\t\t\t\t<div class=\"elementor-element elementor-element-d01e9e9 elementor-widget elementor-widget-image\" data-id=\"d01e9e9\" data-element_type=\"widget\" data-e-type=\"widget\" data-widget_type=\"image.default\">\n\t\t\t\t<div class=\"elementor-widget-container\">\n\t\t\t\t\t\t\t\t\t\t\t\t\t\t\t\t<a href=\"https:\/\/noas.no\/riketstilstand\/wp-content\/uploads\/2024\/10\/Bilde2.jpg\" data-elementor-open-lightbox=\"yes\" data-elementor-lightbox-title=\"Bilde2\" data-e-action-hash=\"#elementor-action%3Aaction%3Dlightbox%26settings%3DeyJpZCI6ODk5MSwidXJsIjoiaHR0cHM6XC9cL25vYXMubm9cL3Jpa2V0c3RpbHN0YW5kXC93cC1jb250ZW50XC91cGxvYWRzXC8yMDI0XC8xMFwvQmlsZGUyLmpwZyJ9\">\n\t\t\t\t\t\t\t<img fetchpriority=\"high\" decoding=\"async\" width=\"602\" height=\"364\" src=\"https:\/\/noas.no\/riketstilstand\/wp-content\/uploads\/2024\/10\/Bilde2.jpg\" class=\"attachment-large size-large wp-image-8991\" alt=\"\" srcset=\"https:\/\/noas.no\/riketstilstand\/wp-content\/uploads\/2024\/10\/Bilde2.jpg 602w, https:\/\/noas.no\/riketstilstand\/wp-content\/uploads\/2024\/10\/Bilde2-300x181.jpg 300w\" sizes=\"(max-width: 602px) 100vw, 602px\" \/>\t\t\t\t\t\t\t\t<\/a>\n\t\t\t\t\t\t\t\t\t\t\t\t\t\t\t<\/div>\n\t\t\t\t<\/div>\n\t\t\t\t<div class=\"elementor-element elementor-element-54ecb1d elementor-widget elementor-widget-text-editor\" data-id=\"54ecb1d\" data-element_type=\"widget\" data-e-type=\"widget\" data-widget_type=\"text-editor.default\">\n\t\t\t\t<div class=\"elementor-widget-container\">\n\t\t\t\t\t\t\t\t\t<p>KLIKK FOR \u00c5 GJ\u00d8RE BILDET ST\u00d8RRE<\/p>\t\t\t\t\t\t\t\t<\/div>\n\t\t\t\t<\/div>\n\t\t\t\t\t<\/div>\n\t\t<\/div>\n\t\t\t\t\t<\/div>\n\t\t<\/section>\n\t\t\t\t<section class=\"elementor-section elementor-top-section elementor-element elementor-element-6f9becd elementor-section-boxed elementor-section-height-default elementor-section-height-default\" data-id=\"6f9becd\" data-element_type=\"section\" data-e-type=\"section\">\n\t\t\t\t\t\t<div class=\"elementor-container elementor-column-gap-default\">\n\t\t\t\t\t<div class=\"elementor-column elementor-col-50 elementor-top-column elementor-element elementor-element-af4e5e8\" data-id=\"af4e5e8\" data-element_type=\"column\" data-e-type=\"column\">\n\t\t\t<div class=\"elementor-widget-wrap elementor-element-populated\">\n\t\t\t\t\t\t<div class=\"elementor-element elementor-element-d0a58ea elementor-widget elementor-widget-heading\" data-id=\"d0a58ea\" data-element_type=\"widget\" data-e-type=\"widget\" data-widget_type=\"heading.default\">\n\t\t\t\t<div class=\"elementor-widget-container\">\n\t\t\t\t\t<h2 class=\"elementor-heading-title elementor-size-default\">125 personer fikk positivt svar etter bistand fra NOAS<\/h2>\t\t\t\t<\/div>\n\t\t\t\t<\/div>\n\t\t\t\t<div class=\"elementor-element elementor-element-2d40720 elementor-widget elementor-widget-image\" data-id=\"2d40720\" data-element_type=\"widget\" data-e-type=\"widget\" data-widget_type=\"image.default\">\n\t\t\t\t<div class=\"elementor-widget-container\">\n\t\t\t\t\t\t\t\t\t\t\t\t\t\t\t<img decoding=\"async\" width=\"602\" height=\"236\" src=\"https:\/\/noas.no\/riketstilstand\/wp-content\/uploads\/2024\/10\/Bilde4.jpg\" class=\"attachment-large size-large wp-image-8993\" alt=\"\" srcset=\"https:\/\/noas.no\/riketstilstand\/wp-content\/uploads\/2024\/10\/Bilde4.jpg 602w, https:\/\/noas.no\/riketstilstand\/wp-content\/uploads\/2024\/10\/Bilde4-300x118.jpg 300w\" sizes=\"(max-width: 602px) 100vw, 602px\" \/>\t\t\t\t\t\t\t\t\t\t\t\t\t\t\t<\/div>\n\t\t\t\t<\/div>\n\t\t\t\t<div class=\"elementor-element elementor-element-7afd392 elementor-widget elementor-widget-text-editor\" data-id=\"7afd392\" data-element_type=\"widget\" data-e-type=\"widget\" data-widget_type=\"text-editor.default\">\n\t\t\t\t<div class=\"elementor-widget-container\">\n\t\t\t\t\t\t\t\t\t<p>KLIKK FOR \u00c5 GJ\u00d8RE BILDET ST\u00d8RRE<\/p>\t\t\t\t\t\t\t\t<\/div>\n\t\t\t\t<\/div>\n\t\t\t\t\t<\/div>\n\t\t<\/div>\n\t\t\t\t<div class=\"elementor-column elementor-col-50 elementor-top-column elementor-element elementor-element-bf1cfd5\" data-id=\"bf1cfd5\" data-element_type=\"column\" data-e-type=\"column\">\n\t\t\t<div class=\"elementor-widget-wrap elementor-element-populated\">\n\t\t\t\t\t\t<div class=\"elementor-element elementor-element-d2074c9 elementor-widget elementor-widget-text-editor\" data-id=\"d2074c9\" data-element_type=\"widget\" data-e-type=\"widget\" data-widget_type=\"text-editor.default\">\n\t\t\t\t<div class=\"elementor-widget-container\">\n\t\t\t\t\t\t\t\t\t<p>I 2023 fikk NOAS svar fra myndighetene i sakene til 203 personer. For de aller fleste gjaldt saken oppholdstillatelse i Norge etter s\u00f8knad om asyl eller familieinnvandring. For resten omhandlet saken andre forhold enn oppholdstillatelse som for eksempel permanent oppholdstillatelse, statsborgerskap, utvisning og reisebevis. 61 prosent av personene NOAS bistod, fikk positivt svar etter at vi engasjerte oss i saken.<\/p>\t\t\t\t\t\t\t\t<\/div>\n\t\t\t\t<\/div>\n\t\t\t\t\t<\/div>\n\t\t<\/div>\n\t\t\t\t\t<\/div>\n\t\t<\/section>\n\t\t\t\t<section class=\"elementor-section elementor-top-section elementor-element elementor-element-8cf4736 elementor-section-boxed elementor-section-height-default elementor-section-height-default\" data-id=\"8cf4736\" data-element_type=\"section\" data-e-type=\"section\">\n\t\t\t\t\t\t<div class=\"elementor-container elementor-column-gap-default\">\n\t\t\t\t\t<div class=\"elementor-column elementor-col-50 elementor-top-column elementor-element elementor-element-bca90d4\" data-id=\"bca90d4\" data-element_type=\"column\" data-e-type=\"column\">\n\t\t\t<div class=\"elementor-widget-wrap elementor-element-populated\">\n\t\t\t\t\t\t<div class=\"elementor-element elementor-element-52a2bfe elementor-widget elementor-widget-heading\" data-id=\"52a2bfe\" data-element_type=\"widget\" data-e-type=\"widget\" data-widget_type=\"heading.default\">\n\t\t\t\t<div class=\"elementor-widget-container\">\n\t\t\t\t\t<h2 class=\"elementor-heading-title elementor-size-default\">Over halvparten av sakene i NOAS\u2019 Domstolsprosjekt vinner frem<\/h2>\t\t\t\t<\/div>\n\t\t\t\t<\/div>\n\t\t\t\t<div class=\"elementor-element elementor-element-08dd283 elementor-widget elementor-widget-text-editor\" data-id=\"08dd283\" data-element_type=\"widget\" data-e-type=\"widget\" data-widget_type=\"text-editor.default\">\n\t\t\t\t<div class=\"elementor-widget-container\">\n\t\t\t\t\t\t\t\t\t<p>Siden 2015 har 104 saker blitt henvist til rettslig pr\u00f8vning gjennom NOAS\u2019 Domstolsprosjekt. I 82 av sakene har det kommet endelig avgj\u00f8relse, hvor 46 saker har f\u00e5tt endret resultat i klientens fav\u00f8r. Siden oppstarten av prosjektet har vi alts\u00e5 vunnet frem i 56 prosent av sakene.<\/p>\t\t\t\t\t\t\t\t<\/div>\n\t\t\t\t<\/div>\n\t\t\t\t\t<\/div>\n\t\t<\/div>\n\t\t\t\t<div class=\"elementor-column elementor-col-50 elementor-top-column elementor-element elementor-element-3889c2a\" data-id=\"3889c2a\" data-element_type=\"column\" data-e-type=\"column\">\n\t\t\t<div class=\"elementor-widget-wrap elementor-element-populated\">\n\t\t\t\t\t\t<div class=\"elementor-element elementor-element-5c16865 elementor-widget elementor-widget-image\" data-id=\"5c16865\" data-element_type=\"widget\" data-e-type=\"widget\" data-widget_type=\"image.default\">\n\t\t\t\t<div class=\"elementor-widget-container\">\n\t\t\t\t\t\t\t\t\t\t\t\t\t\t\t<img decoding=\"async\" width=\"602\" height=\"310\" src=\"https:\/\/noas.no\/riketstilstand\/wp-content\/uploads\/2024\/10\/Bilde3.jpg\" class=\"attachment-large size-large wp-image-8994\" alt=\"\" srcset=\"https:\/\/noas.no\/riketstilstand\/wp-content\/uploads\/2024\/10\/Bilde3.jpg 602w, https:\/\/noas.no\/riketstilstand\/wp-content\/uploads\/2024\/10\/Bilde3-300x154.jpg 300w\" sizes=\"(max-width: 602px) 100vw, 602px\" \/>\t\t\t\t\t\t\t\t\t\t\t\t\t\t\t<\/div>\n\t\t\t\t<\/div>\n\t\t\t\t\t<\/div>\n\t\t<\/div>\n\t\t\t\t\t<\/div>\n\t\t<\/section>\n\t\t\t\t<\/div>\n\t\t","protected":false},"excerpt":{"rendered":"<p>NOAS&#8217; rettshjelp virker! I 2023 fikk 61 % av personene NOAS bistod positivt svar etter at vi engasjerte oss i saken. Foto: Vertukha\/Shutterstock NOAS vurderte sakene til 831 personer i 2023 NOAS gir gratis rettshjelp i saker om asyl, familieinnvandring, permanent opphold, statsborgerskap, m.v. Les mer om de ulike sakstypene her. Vi gjennomg\u00e5r alle sakene [&hellip;]<\/p>\n","protected":false},"author":1,"featured_media":0,"parent":8858,"menu_order":0,"comment_status":"closed","ping_status":"closed","template":"","meta":{"_acf_changed":false,"site-sidebar-layout":"no-sidebar","site-content-layout":"page-builder","ast-site-content-layout":"full-width-container","site-content-style":"unboxed","site-sidebar-style":"unboxed","ast-global-header-display":"","ast-banner-title-visibility":"","ast-main-header-display":"","ast-hfb-above-header-display":"","ast-hfb-below-header-display":"","ast-hfb-mobile-header-display":"","site-post-title":"disabled","ast-breadcrumbs-content":"","ast-featured-img":"disabled","footer-sml-layout":"","ast-disable-related-posts":"","theme-transparent-header-meta":"default","adv-header-id-meta":"","stick-header-meta":"","header-above-stick-meta":"","header-main-stick-meta":"","header-below-stick-meta":"","astra-migrate-meta-layouts":"set","ast-page-background-enabled":"default","ast-page-background-meta":{"desktop":{"background-color":"var(--ast-global-color-4)","background-image":"","background-repeat":"repeat","background-position":"center center","background-size":"auto","background-attachment":"scroll","background-type":"","background-media":"","overlay-type":"","overlay-color":"","overlay-opacity":"","overlay-gradient":""},"tablet":{"background-color":"","background-image":"","background-repeat":"repeat","background-position":"center center","background-size":"auto","background-attachment":"scroll","background-type":"","background-media":"","overlay-type":"","overlay-color":"","overlay-opacity":"","overlay-gradient":""},"mobile":{"background-color":"","background-image":"","background-repeat":"repeat","background-position":"center center","background-size":"auto","background-attachment":"scroll","background-type":"","background-media":"","overlay-type":"","overlay-color":"","overlay-opacity":"","overlay-gradient":""}},"ast-content-background-meta":{"desktop":{"background-color":"var(--ast-global-color-5)","background-image":"","background-repeat":"repeat","background-position":"center center","background-size":"auto","background-attachment":"scroll","background-type":"","background-media":"","overlay-type":"","overlay-color":"","overlay-opacity":"","overlay-gradient":""},"tablet":{"background-color":"var(--ast-global-color-5)","background-image":"","background-repeat":"repeat","background-position":"center center","background-size":"auto","background-attachment":"scroll","background-type":"","background-media":"","overlay-type":"","overlay-color":"","overlay-opacity":"","overlay-gradient":""},"mobile":{"background-color":"var(--ast-global-color-5)","background-image":"","background-repeat":"repeat","background-position":"center center","background-size":"auto","background-attachment":"scroll","background-type":"","background-media":"","overlay-type":"","overlay-color":"","overlay-opacity":"","overlay-gradient":""}},"footnotes":""},"class_list":["post-8988","page","type-page","status-publish","hentry"],"acf":[],"_links":{"self":[{"href":"https:\/\/noas.no\/riketstilstand\/wp-json\/wp\/v2\/pages\/8988","targetHints":{"allow":["GET"]}}],"collection":[{"href":"https:\/\/noas.no\/riketstilstand\/wp-json\/wp\/v2\/pages"}],"about":[{"href":"https:\/\/noas.no\/riketstilstand\/wp-json\/wp\/v2\/types\/page"}],"author":[{"embeddable":true,"href":"https:\/\/noas.no\/riketstilstand\/wp-json\/wp\/v2\/users\/1"}],"replies":[{"embeddable":true,"href":"https:\/\/noas.no\/riketstilstand\/wp-json\/wp\/v2\/comments?post=8988"}],"version-history":[{"count":4,"href":"https:\/\/noas.no\/riketstilstand\/wp-json\/wp\/v2\/pages\/8988\/revisions"}],"predecessor-version":[{"id":8997,"href":"https:\/\/noas.no\/riketstilstand\/wp-json\/wp\/v2\/pages\/8988\/revisions\/8997"}],"up":[{"embeddable":true,"href":"https:\/\/noas.no\/riketstilstand\/wp-json\/wp\/v2\/pages\/8858"}],"wp:attachment":[{"href":"https:\/\/noas.no\/riketstilstand\/wp-json\/wp\/v2\/media?parent=8988"}],"curies":[{"name":"wp","href":"https:\/\/api.w.org\/{rel}","templated":true}]}}