{"id":8953,"date":"2024-10-20T20:14:10","date_gmt":"2024-10-20T20:14:10","guid":{"rendered":"https:\/\/noas.no\/riketstilstand\/?page_id=8953"},"modified":"2024-10-24T10:56:23","modified_gmt":"2024-10-24T10:56:23","slug":"statistikk-2024","status":"publish","type":"page","link":"https:\/\/noas.no\/riketstilstand\/2024-2\/statistikk-2024\/","title":{"rendered":"Statistikk 2024"},"content":{"rendered":"\t\t<div data-elementor-type=\"wp-page\" data-elementor-id=\"8953\" class=\"elementor elementor-8953\">\n\t\t\t\t\t\t<section class=\"elementor-section elementor-top-section elementor-element elementor-element-9a40ee2 elementor-section-height-min-height elementor-section-boxed elementor-section-height-default elementor-section-items-middle\" data-id=\"9a40ee2\" data-element_type=\"section\" data-e-type=\"section\" data-settings=\"{&quot;background_background&quot;:&quot;classic&quot;}\">\n\t\t\t\t\t\t<div class=\"elementor-container elementor-column-gap-default\">\n\t\t\t\t\t<div class=\"elementor-column elementor-col-100 elementor-top-column elementor-element elementor-element-96e4d9d\" data-id=\"96e4d9d\" data-element_type=\"column\" data-e-type=\"column\">\n\t\t\t<div class=\"elementor-widget-wrap elementor-element-populated\">\n\t\t\t\t\t\t<div class=\"elementor-element elementor-element-657bc7b elementor-widget elementor-widget-heading\" data-id=\"657bc7b\" data-element_type=\"widget\" data-e-type=\"widget\" data-widget_type=\"heading.default\">\n\t\t\t\t<div class=\"elementor-widget-container\">\n\t\t\t\t\t<h4 class=\"elementor-heading-title elementor-size-default\">Statistikk<\/h4>\t\t\t\t<\/div>\n\t\t\t\t<\/div>\n\t\t\t\t\t<\/div>\n\t\t<\/div>\n\t\t\t\t\t<\/div>\n\t\t<\/section>\n\t\t\t\t<section class=\"elementor-section elementor-top-section elementor-element elementor-element-243d0fb elementor-section-boxed elementor-section-height-default elementor-section-height-default\" data-id=\"243d0fb\" data-element_type=\"section\" data-e-type=\"section\">\n\t\t\t\t\t\t<div class=\"elementor-container elementor-column-gap-default\">\n\t\t\t\t\t<div class=\"elementor-column elementor-col-50 elementor-top-column elementor-element elementor-element-982914c\" data-id=\"982914c\" data-element_type=\"column\" data-e-type=\"column\">\n\t\t\t<div class=\"elementor-widget-wrap elementor-element-populated\">\n\t\t\t\t\t\t<div class=\"elementor-element elementor-element-0470501 elementor-widget elementor-widget-heading\" data-id=\"0470501\" data-element_type=\"widget\" data-e-type=\"widget\" data-widget_type=\"heading.default\">\n\t\t\t\t<div class=\"elementor-widget-container\">\n\t\t\t\t\t<h2 class=\"elementor-heading-title elementor-size-default\">Antall personer som har s\u00f8kt asyl i Norge<\/h2>\t\t\t\t<\/div>\n\t\t\t\t<\/div>\n\t\t\t\t<div class=\"elementor-element elementor-element-037ff1f elementor-widget elementor-widget-image\" data-id=\"037ff1f\" data-element_type=\"widget\" data-e-type=\"widget\" data-widget_type=\"image.default\">\n\t\t\t\t<div class=\"elementor-widget-container\">\n\t\t\t\t\t\t\t\t\t\t\t\t\t\t\t<img fetchpriority=\"high\" decoding=\"async\" width=\"940\" height=\"516\" src=\"https:\/\/noas.no\/riketstilstand\/wp-content\/uploads\/2024\/10\/Skjermbilde-2024-10-24-kl.-12.47.35.png\" class=\"attachment-large size-large wp-image-9199\" alt=\"\" srcset=\"https:\/\/noas.no\/riketstilstand\/wp-content\/uploads\/2024\/10\/Skjermbilde-2024-10-24-kl.-12.47.35.png 940w, https:\/\/noas.no\/riketstilstand\/wp-content\/uploads\/2024\/10\/Skjermbilde-2024-10-24-kl.-12.47.35-300x165.png 300w, https:\/\/noas.no\/riketstilstand\/wp-content\/uploads\/2024\/10\/Skjermbilde-2024-10-24-kl.-12.47.35-768x422.png 768w\" sizes=\"(max-width: 940px) 100vw, 940px\" \/>\t\t\t\t\t\t\t\t\t\t\t\t\t\t\t<\/div>\n\t\t\t\t<\/div>\n\t\t\t\t<div class=\"elementor-element elementor-element-fa3584a elementor-widget elementor-widget-text-editor\" data-id=\"fa3584a\" data-element_type=\"widget\" data-e-type=\"widget\" data-widget_type=\"text-editor.default\">\n\t\t\t\t<div class=\"elementor-widget-container\">\n\t\t\t\t\t\t\t\t\t<p>Kilde: <a href=\"https:\/\/www.udi.no\/statistikk-og-analyse\/statistikk\/asylvedtak-etter-statsborgerskap-og-utfall-2023\/\">Asylvedtak etter statsborgerskap og utfall (2023) &#8211; UDI<\/a><\/p>\t\t\t\t\t\t\t\t<\/div>\n\t\t\t\t<\/div>\n\t\t\t\t\t<\/div>\n\t\t<\/div>\n\t\t\t\t<div class=\"elementor-column elementor-col-50 elementor-top-column elementor-element elementor-element-4443d1c\" data-id=\"4443d1c\" data-element_type=\"column\" data-e-type=\"column\">\n\t\t\t<div class=\"elementor-widget-wrap elementor-element-populated\">\n\t\t\t\t\t\t<div class=\"elementor-element elementor-element-614604d elementor-widget elementor-widget-heading\" data-id=\"614604d\" data-element_type=\"widget\" data-e-type=\"widget\" data-widget_type=\"heading.default\">\n\t\t\t\t<div class=\"elementor-widget-container\">\n\t\t\t\t\t<h2 class=\"elementor-heading-title elementor-size-default\">Hvor komme de som s\u00f8ker asyl fra og hvem er de? \n<\/h2>\t\t\t\t<\/div>\n\t\t\t\t<\/div>\n\t\t\t\t<div class=\"elementor-element elementor-element-90fff6d elementor-widget elementor-widget-text-editor\" data-id=\"90fff6d\" data-element_type=\"widget\" data-e-type=\"widget\" data-widget_type=\"text-editor.default\">\n\t\t\t\t<div class=\"elementor-widget-container\">\n\t\t\t\t\t\t\t\t\t<p>I Rikets tilstand har vi fokus p\u00e5 utvalgte land fra v\u00e5r klientgruppe. Under ser du fordelingen av antall, andel barn, kvinner og menn til landprofilene i Rikets tilstand.<\/p><p>Tabellen under viser tall for ordin\u00e6re asyls\u00f8kere og vedtak i 2023.<\/p><p>S\u00f8knader om kollektiv beskyttelse er ikke inkludert.<\/p><p>Antall vedtak inkluderer alle vedtak, ogs\u00e5 henlagte saker og andre ikke realitetsbehandlede saker.<\/p>\t\t\t\t\t\t\t\t<\/div>\n\t\t\t\t<\/div>\n\t\t\t\t\t<\/div>\n\t\t<\/div>\n\t\t\t\t\t<\/div>\n\t\t<\/section>\n\t\t\t\t<section class=\"elementor-section elementor-top-section elementor-element elementor-element-f05c296 elementor-section-boxed elementor-section-height-default elementor-section-height-default\" data-id=\"f05c296\" data-element_type=\"section\" data-e-type=\"section\">\n\t\t\t\t\t\t<div class=\"elementor-container elementor-column-gap-default\">\n\t\t\t\t\t<div class=\"elementor-column elementor-col-100 elementor-top-column elementor-element elementor-element-7a52fbb\" data-id=\"7a52fbb\" data-element_type=\"column\" data-e-type=\"column\">\n\t\t\t<div class=\"elementor-widget-wrap elementor-element-populated\">\n\t\t\t\t\t\t<div class=\"elementor-element elementor-element-5d55bae elementor-widget elementor-widget-text-editor\" data-id=\"5d55bae\" data-element_type=\"widget\" data-e-type=\"widget\" data-widget_type=\"text-editor.default\">\n\t\t\t\t<div class=\"elementor-widget-container\">\n\t\t\t\t\t\t\t\t\t<div style=\"overflow-x:auto;\"><table width=\"760\">\n<tbody>\n<tr>\n<td width=\"18%\"><strong>\u00a0<\/strong><\/td>\n<td width=\"18%\"><strong>Antall asyls\u00f8kere<\/strong><\/td>\n<td width=\"13%\"><strong>Andel barn<\/strong><\/td>\n<td width=\"14%\"><strong>Andel kvinner<\/strong><\/td>\n<td width=\"11%\"><strong>Andel menn<\/strong><\/td>\n<td width=\"13%\"><strong>Antall vedtak<\/strong><\/td>\n<td width=\"13%\"><strong>Antall innvilget<\/strong><\/td>\n<\/tr>\n<tr>\n<td width=\"18%\">Afghanistan<\/td>\n<td width=\"18%\">262<\/td>\n<td width=\"13%\">65 %<\/td>\n<td width=\"14%\">13 %<\/td>\n<td width=\"11%\">22 %<\/td>\n<td width=\"13%\">427<\/td>\n<td width=\"13%\">317<\/td>\n<\/tr>\n<tr>\n<td width=\"18%\">Colombia<\/td>\n<td width=\"18%\">187<\/td>\n<td width=\"13%\">25 %<\/td>\n<td width=\"14%\">36 %<\/td>\n<td width=\"11%\">39 %<\/td>\n<td width=\"13%\">76<\/td>\n<td width=\"13%\">38<\/td>\n<\/tr>\n<tr>\n<td width=\"18%\">Eritrea<\/td>\n<td width=\"18%\">330<\/td>\n<td width=\"13%\">19 %<\/td>\n<td width=\"14%\">41 %<\/td>\n<td width=\"11%\">41 %<\/td>\n<td width=\"13%\">317<\/td>\n<td width=\"13%\">150<\/td>\n<\/tr>\n<tr>\n<td width=\"18%\">Etiopia<\/td>\n<td width=\"18%\">52<\/td>\n<td width=\"13%\">37 %<\/td>\n<td width=\"14%\">27 %<\/td>\n<td width=\"11%\">37 %<\/td>\n<td width=\"13%\">30<\/td>\n<td width=\"13%\">12<\/td>\n<\/tr>\n<tr>\n<td width=\"18%\">Irak<\/td>\n<td width=\"18%\">46<\/td>\n<td width=\"13%\">33 %<\/td>\n<td width=\"14%\">17 %<\/td>\n<td width=\"11%\">50 %<\/td>\n<td width=\"13%\">42<\/td>\n<td width=\"13%\">5<\/td>\n<\/tr>\n<tr>\n<td width=\"18%\">Iran<\/td>\n<td width=\"18%\">87<\/td>\n<td width=\"13%\">13 %<\/td>\n<td width=\"14%\">41 %<\/td>\n<td width=\"11%\">46 %<\/td>\n<td width=\"13%\">52<\/td>\n<td width=\"13%\">13<\/td>\n<\/tr>\n<tr>\n<td width=\"18%\">Somalia<\/td>\n<td width=\"18%\">65<\/td>\n<td width=\"13%\">49 %<\/td>\n<td width=\"14%\">28 %<\/td>\n<td width=\"11%\">23 %<\/td>\n<td width=\"13%\">36<\/td>\n<td width=\"13%\">16<\/td>\n<\/tr>\n<tr>\n<td width=\"18%\">Syria<\/td>\n<td width=\"18%\">1560<\/td>\n<td width=\"13%\">23 %<\/td>\n<td width=\"14%\">17 %<\/td>\n<td width=\"11%\">60 %<\/td>\n<td width=\"13%\">1 605<\/td>\n<td width=\"13%\">1 335<\/td>\n<\/tr>\n<tr>\n<td width=\"18%\">Tyrkia<\/td>\n<td width=\"18%\">531<\/td>\n<td width=\"13%\">24 %<\/td>\n<td width=\"14%\">25 %<\/td>\n<td width=\"11%\">51 %<\/td>\n<td width=\"13%\">294<\/td>\n<td width=\"13%\">187<\/td>\n<\/tr>\n<tr>\n<td width=\"18%\">Ukraina<\/td>\n<td width=\"18%\">1122<\/td>\n<td width=\"13%\">9 %<\/td>\n<td width=\"14%\">34 %<\/td>\n<td width=\"11%\">57 %<\/td>\n<td width=\"13%\">1 165<\/td>\n<td width=\"13%\">0<\/td>\n<\/tr>\n<\/tbody>\n<\/table><\/div>\t\t\t\t\t\t\t\t<\/div>\n\t\t\t\t<\/div>\n\t\t\t\t\t<\/div>\n\t\t<\/div>\n\t\t\t\t\t<\/div>\n\t\t<\/section>\n\t\t\t\t<section class=\"elementor-section elementor-top-section elementor-element elementor-element-1170fb2 elementor-section-boxed elementor-section-height-default elementor-section-height-default\" data-id=\"1170fb2\" data-element_type=\"section\" data-e-type=\"section\">\n\t\t\t\t\t\t<div class=\"elementor-container elementor-column-gap-default\">\n\t\t\t\t\t<div class=\"elementor-column elementor-col-50 elementor-top-column elementor-element elementor-element-201369b\" data-id=\"201369b\" data-element_type=\"column\" data-e-type=\"column\">\n\t\t\t<div class=\"elementor-widget-wrap elementor-element-populated\">\n\t\t\t\t\t\t<div class=\"elementor-element elementor-element-adce613 elementor-widget elementor-widget-heading\" data-id=\"adce613\" data-element_type=\"widget\" data-e-type=\"widget\" data-widget_type=\"heading.default\">\n\t\t\t\t<div class=\"elementor-widget-container\">\n\t\t\t\t\t<h2 class=\"elementor-heading-title elementor-size-default\">N\u00e5r kom det flest?<\/h2>\t\t\t\t<\/div>\n\t\t\t\t<\/div>\n\t\t\t\t<div class=\"elementor-element elementor-element-af91bfa elementor-widget elementor-widget-text-editor\" data-id=\"af91bfa\" data-element_type=\"widget\" data-e-type=\"widget\" data-widget_type=\"text-editor.default\">\n\t\t\t\t<div class=\"elementor-widget-container\">\n\t\t\t\t\t\t\t\t\t<p>Det kom flest s\u00f8knader om asyl p\u00e5 sensommeren og h\u00f8sten i 2023.<\/p>\t\t\t\t\t\t\t\t<\/div>\n\t\t\t\t<\/div>\n\t\t\t\t<div class=\"elementor-element elementor-element-d2068cb elementor-widget elementor-widget-image\" data-id=\"d2068cb\" data-element_type=\"widget\" data-e-type=\"widget\" data-widget_type=\"image.default\">\n\t\t\t\t<div class=\"elementor-widget-container\">\n\t\t\t\t\t\t\t\t\t\t\t\t\t\t\t<img decoding=\"async\" width=\"910\" height=\"550\" src=\"https:\/\/noas.no\/riketstilstand\/wp-content\/uploads\/2024\/10\/Skjermbilde-2024-10-24-kl.-12.49.04.png\" class=\"attachment-large size-large wp-image-9200\" alt=\"\" srcset=\"https:\/\/noas.no\/riketstilstand\/wp-content\/uploads\/2024\/10\/Skjermbilde-2024-10-24-kl.-12.49.04.png 910w, https:\/\/noas.no\/riketstilstand\/wp-content\/uploads\/2024\/10\/Skjermbilde-2024-10-24-kl.-12.49.04-300x181.png 300w, https:\/\/noas.no\/riketstilstand\/wp-content\/uploads\/2024\/10\/Skjermbilde-2024-10-24-kl.-12.49.04-768x464.png 768w\" sizes=\"(max-width: 910px) 100vw, 910px\" \/>\t\t\t\t\t\t\t\t\t\t\t\t\t\t\t<\/div>\n\t\t\t\t<\/div>\n\t\t\t\t\t<\/div>\n\t\t<\/div>\n\t\t\t\t<div class=\"elementor-column elementor-col-50 elementor-top-column elementor-element elementor-element-13d96ad\" data-id=\"13d96ad\" data-element_type=\"column\" data-e-type=\"column\">\n\t\t\t<div class=\"elementor-widget-wrap elementor-element-populated\">\n\t\t\t\t\t\t<div class=\"elementor-element elementor-element-eaf3355 elementor-widget elementor-widget-heading\" data-id=\"eaf3355\" data-element_type=\"widget\" data-e-type=\"widget\" data-widget_type=\"heading.default\">\n\t\t\t\t<div class=\"elementor-widget-container\">\n\t\t\t\t\t<h2 class=\"elementor-heading-title elementor-size-default\">Prognoser for 2024:<\/h2>\t\t\t\t<\/div>\n\t\t\t\t<\/div>\n\t\t\t\t<div class=\"elementor-element elementor-element-0e4d4f6 elementor-widget elementor-widget-text-editor\" data-id=\"0e4d4f6\" data-element_type=\"widget\" data-e-type=\"widget\" data-widget_type=\"text-editor.default\">\n\t\t\t\t<div class=\"elementor-widget-container\">\n\t\t\t\t\t\t\t\t\t<p>Hentet fra: <a href=\"https:\/\/www.udi.no\/statistikk-og-analyse\/\">Statistikk og analyse &#8211; UDI<\/a><\/p>\t\t\t\t\t\t\t\t<\/div>\n\t\t\t\t<\/div>\n\t\t\t\t<section class=\"elementor-section elementor-inner-section elementor-element elementor-element-2b013d5 elementor-section-boxed elementor-section-height-default elementor-section-height-default\" data-id=\"2b013d5\" data-element_type=\"section\" data-e-type=\"section\">\n\t\t\t\t\t\t<div class=\"elementor-container elementor-column-gap-default\">\n\t\t\t\t\t<div class=\"elementor-column elementor-col-100 elementor-inner-column elementor-element elementor-element-ecfc1e5\" data-id=\"ecfc1e5\" data-element_type=\"column\" data-e-type=\"column\">\n\t\t\t<div class=\"elementor-widget-wrap elementor-element-populated\">\n\t\t\t\t\t\t<div class=\"elementor-element elementor-element-2bc37a1 elementor-widget elementor-widget-text-editor\" data-id=\"2bc37a1\" data-element_type=\"widget\" data-e-type=\"widget\" data-widget_type=\"text-editor.default\">\n\t\t\t\t<div class=\"elementor-widget-container\">\n\t\t\t\t\t\t\t\t\t<p><span style=\"color: #cb333b;\"><strong>17 523<\/strong><\/span><br \/>personer hadde s\u00f8kt om asyl eller kollektiv beskyttelse ved utgangen av september<\/p>\t\t\t\t\t\t\t\t<\/div>\n\t\t\t\t<\/div>\n\t\t\t\t<div class=\"elementor-element elementor-element-d420939 elementor-widget elementor-widget-text-editor\" data-id=\"d420939\" data-element_type=\"widget\" data-e-type=\"widget\" data-widget_type=\"text-editor.default\">\n\t\t\t\t<div class=\"elementor-widget-container\">\n\t\t\t\t\t\t\t\t\t<p><span style=\"color: #cb333b;\"><strong>10 928 <\/strong><\/span><br \/>personer bodde p\u00e5 asylmottak ved utgangen av september<\/p>\t\t\t\t\t\t\t\t<\/div>\n\t\t\t\t<\/div>\n\t\t\t\t<div class=\"elementor-element elementor-element-485ce7b elementor-widget elementor-widget-text-editor\" data-id=\"485ce7b\" data-element_type=\"widget\" data-e-type=\"widget\" data-widget_type=\"text-editor.default\">\n\t\t\t\t<div class=\"elementor-widget-container\">\n\t\t\t\t\t\t\t\t\t<p><span style=\"color: #cb333b;\"><strong>6 614 <br \/><\/strong><\/span>personer hadde f\u00e5tt familieinnvandringstillatelse ved utgangen av september<\/p>\t\t\t\t\t\t\t\t<\/div>\n\t\t\t\t<\/div>\n\t\t\t\t\t<\/div>\n\t\t<\/div>\n\t\t\t\t\t<\/div>\n\t\t<\/section>\n\t\t\t\t\t<\/div>\n\t\t<\/div>\n\t\t\t\t\t<\/div>\n\t\t<\/section>\n\t\t\t\t<\/div>\n\t\t","protected":false},"excerpt":{"rendered":"<p>Statistikk Antall personer som har s\u00f8kt asyl i Norge Kilde: Asylvedtak etter statsborgerskap og utfall (2023) &#8211; UDI Hvor komme de som s\u00f8ker asyl fra og hvem er de? I Rikets tilstand har vi fokus p\u00e5 utvalgte land fra v\u00e5r klientgruppe. Under ser du fordelingen av antall, andel barn, kvinner og menn til landprofilene i [&hellip;]<\/p>\n","protected":false},"author":1,"featured_media":0,"parent":8858,"menu_order":0,"comment_status":"closed","ping_status":"closed","template":"","meta":{"_acf_changed":false,"site-sidebar-layout":"no-sidebar","site-content-layout":"page-builder","ast-site-content-layout":"full-width-container","site-content-style":"unboxed","site-sidebar-style":"unboxed","ast-global-header-display":"","ast-banner-title-visibility":"","ast-main-header-display":"","ast-hfb-above-header-display":"","ast-hfb-below-header-display":"","ast-hfb-mobile-header-display":"","site-post-title":"disabled","ast-breadcrumbs-content":"","ast-featured-img":"disabled","footer-sml-layout":"","ast-disable-related-posts":"","theme-transparent-header-meta":"default","adv-header-id-meta":"","stick-header-meta":"","header-above-stick-meta":"","header-main-stick-meta":"","header-below-stick-meta":"","astra-migrate-meta-layouts":"set","ast-page-background-enabled":"default","ast-page-background-meta":{"desktop":{"background-color":"var(--ast-global-color-4)","background-image":"","background-repeat":"repeat","background-position":"center center","background-size":"auto","background-attachment":"scroll","background-type":"","background-media":"","overlay-type":"","overlay-color":"","overlay-opacity":"","overlay-gradient":""},"tablet":{"background-color":"","background-image":"","background-repeat":"repeat","background-position":"center center","background-size":"auto","background-attachment":"scroll","background-type":"","background-media":"","overlay-type":"","overlay-color":"","overlay-opacity":"","overlay-gradient":""},"mobile":{"background-color":"","background-image":"","background-repeat":"repeat","background-position":"center center","background-size":"auto","background-attachment":"scroll","background-type":"","background-media":"","overlay-type":"","overlay-color":"","overlay-opacity":"","overlay-gradient":""}},"ast-content-background-meta":{"desktop":{"background-color":"var(--ast-global-color-5)","background-image":"","background-repeat":"repeat","background-position":"center center","background-size":"auto","background-attachment":"scroll","background-type":"","background-media":"","overlay-type":"","overlay-color":"","overlay-opacity":"","overlay-gradient":""},"tablet":{"background-color":"var(--ast-global-color-5)","background-image":"","background-repeat":"repeat","background-position":"center center","background-size":"auto","background-attachment":"scroll","background-type":"","background-media":"","overlay-type":"","overlay-color":"","overlay-opacity":"","overlay-gradient":""},"mobile":{"background-color":"var(--ast-global-color-5)","background-image":"","background-repeat":"repeat","background-position":"center center","background-size":"auto","background-attachment":"scroll","background-type":"","background-media":"","overlay-type":"","overlay-color":"","overlay-opacity":"","overlay-gradient":""}},"footnotes":""},"class_list":["post-8953","page","type-page","status-publish","hentry"],"acf":[],"_links":{"self":[{"href":"https:\/\/noas.no\/riketstilstand\/wp-json\/wp\/v2\/pages\/8953","targetHints":{"allow":["GET"]}}],"collection":[{"href":"https:\/\/noas.no\/riketstilstand\/wp-json\/wp\/v2\/pages"}],"about":[{"href":"https:\/\/noas.no\/riketstilstand\/wp-json\/wp\/v2\/types\/page"}],"author":[{"embeddable":true,"href":"https:\/\/noas.no\/riketstilstand\/wp-json\/wp\/v2\/users\/1"}],"replies":[{"embeddable":true,"href":"https:\/\/noas.no\/riketstilstand\/wp-json\/wp\/v2\/comments?post=8953"}],"version-history":[{"count":13,"href":"https:\/\/noas.no\/riketstilstand\/wp-json\/wp\/v2\/pages\/8953\/revisions"}],"predecessor-version":[{"id":9207,"href":"https:\/\/noas.no\/riketstilstand\/wp-json\/wp\/v2\/pages\/8953\/revisions\/9207"}],"up":[{"embeddable":true,"href":"https:\/\/noas.no\/riketstilstand\/wp-json\/wp\/v2\/pages\/8858"}],"wp:attachment":[{"href":"https:\/\/noas.no\/riketstilstand\/wp-json\/wp\/v2\/media?parent=8953"}],"curies":[{"name":"wp","href":"https:\/\/api.w.org\/{rel}","templated":true}]}}