{"id":8919,"date":"2024-10-18T14:47:20","date_gmt":"2024-10-18T14:47:20","guid":{"rendered":"https:\/\/noas.no\/riketstilstand\/?page_id=8919"},"modified":"2024-10-21T08:41:22","modified_gmt":"2024-10-21T08:41:22","slug":"ukraina","status":"publish","type":"page","link":"https:\/\/noas.no\/riketstilstand\/2024-2\/landprofiler\/ukraina\/","title":{"rendered":"Ukraina"},"content":{"rendered":"\t\t<div data-elementor-type=\"wp-page\" data-elementor-id=\"8919\" class=\"elementor elementor-8919\">\n\t\t\t\t\t\t<section class=\"elementor-section elementor-top-section elementor-element elementor-element-0b5bfbd elementor-section-full_width elementor-section-height-min-height elementor-section-height-default elementor-section-items-middle\" data-id=\"0b5bfbd\" data-element_type=\"section\" data-e-type=\"section\" data-settings=\"{&quot;background_background&quot;:&quot;classic&quot;}\">\n\t\t\t\t\t\t\t<div class=\"elementor-background-overlay\"><\/div>\n\t\t\t\t\t\t\t<div class=\"elementor-container elementor-column-gap-default\">\n\t\t\t\t\t<div class=\"elementor-column elementor-col-100 elementor-top-column elementor-element elementor-element-a31db1e\" data-id=\"a31db1e\" data-element_type=\"column\" data-e-type=\"column\">\n\t\t\t<div class=\"elementor-widget-wrap elementor-element-populated\">\n\t\t\t\t\t\t<div class=\"elementor-element elementor-element-e890ce0 elementor-widget elementor-widget-heading\" data-id=\"e890ce0\" data-element_type=\"widget\" data-e-type=\"widget\" data-widget_type=\"heading.default\">\n\t\t\t\t<div class=\"elementor-widget-container\">\n\t\t\t\t\t<h1 class=\"elementor-heading-title elementor-size-default\">Landprofiler 2024<\/h1>\t\t\t\t<\/div>\n\t\t\t\t<\/div>\n\t\t\t\t\t<\/div>\n\t\t<\/div>\n\t\t\t\t\t<\/div>\n\t\t<\/section>\n\t\t\t\t<section class=\"elementor-section elementor-top-section elementor-element elementor-element-6b048194 elementor-section-boxed elementor-section-height-default elementor-section-height-default\" data-id=\"6b048194\" data-element_type=\"section\" data-e-type=\"section\">\n\t\t\t\t\t\t<div class=\"elementor-container elementor-column-gap-default\">\n\t\t\t\t\t<div class=\"elementor-column elementor-col-25 elementor-top-column elementor-element elementor-element-15d8dbf3\" data-id=\"15d8dbf3\" data-element_type=\"column\" data-e-type=\"column\">\n\t\t\t<div class=\"elementor-widget-wrap elementor-element-populated\">\n\t\t\t\t\t\t<div class=\"elementor-element elementor-element-7901f04a elementor-widget elementor-widget-heading\" data-id=\"7901f04a\" data-element_type=\"widget\" data-e-type=\"widget\" data-widget_type=\"heading.default\">\n\t\t\t\t<div class=\"elementor-widget-container\">\n\t\t\t\t\t<h2 class=\"elementor-heading-title elementor-size-default\"><a href=\"#\">Ukraina<\/a><\/h2>\t\t\t\t<\/div>\n\t\t\t\t<\/div>\n\t\t\t\t\t<\/div>\n\t\t<\/div>\n\t\t\t\t<div class=\"elementor-column elementor-col-50 elementor-top-column elementor-element elementor-element-70b18ddb\" data-id=\"70b18ddb\" data-element_type=\"column\" data-e-type=\"column\">\n\t\t\t<div class=\"elementor-widget-wrap\">\n\t\t\t\t\t\t\t<\/div>\n\t\t<\/div>\n\t\t\t\t<div class=\"elementor-column elementor-col-25 elementor-top-column elementor-element elementor-element-2e036282\" data-id=\"2e036282\" data-element_type=\"column\" data-e-type=\"column\">\n\t\t\t<div class=\"elementor-widget-wrap\">\n\t\t\t\t\t\t\t<\/div>\n\t\t<\/div>\n\t\t\t\t\t<\/div>\n\t\t<\/section>\n\t\t\t\t<section class=\"elementor-section elementor-top-section elementor-element elementor-element-4a1e7c38 elementor-section-boxed elementor-section-height-default elementor-section-height-default\" data-id=\"4a1e7c38\" data-element_type=\"section\" data-e-type=\"section\">\n\t\t\t\t\t\t<div class=\"elementor-container elementor-column-gap-default\">\n\t\t\t\t\t<div class=\"elementor-column elementor-col-100 elementor-top-column elementor-element elementor-element-c74d065\" data-id=\"c74d065\" data-element_type=\"column\" data-e-type=\"column\">\n\t\t\t<div class=\"elementor-widget-wrap elementor-element-populated\">\n\t\t\t\t\t\t<div class=\"elementor-element elementor-element-e959440 elementor-widget elementor-widget-image\" data-id=\"e959440\" data-element_type=\"widget\" data-e-type=\"widget\" data-widget_type=\"image.default\">\n\t\t\t\t<div class=\"elementor-widget-container\">\n\t\t\t\t\t\t\t\t\t\t\t\t\t\t\t<img fetchpriority=\"high\" decoding=\"async\" width=\"708\" height=\"335\" src=\"https:\/\/noas.no\/riketstilstand\/wp-content\/uploads\/2024\/10\/10.png\" class=\"attachment-large size-large wp-image-9009\" alt=\"\" srcset=\"https:\/\/noas.no\/riketstilstand\/wp-content\/uploads\/2024\/10\/10.png 708w, https:\/\/noas.no\/riketstilstand\/wp-content\/uploads\/2024\/10\/10-300x142.png 300w\" sizes=\"(max-width: 708px) 100vw, 708px\" \/>\t\t\t\t\t\t\t\t\t\t\t\t\t\t\t<\/div>\n\t\t\t\t<\/div>\n\t\t\t\t<div class=\"elementor-element elementor-element-d26f3e5 elementor-widget elementor-widget-text-editor\" data-id=\"d26f3e5\" data-element_type=\"widget\" data-e-type=\"widget\" data-widget_type=\"text-editor.default\">\n\t\t\t\t<div class=\"elementor-widget-container\">\n\t\t\t\t\t\t\t\t\t<p>Etter Russlands fullskala-invasjon av Ukraina 24. februar 2022, har mange barn og voksne blitt tvunget p\u00e5 flukt. Over 8 millioner ukrainske flyktninger er registrert i europeiske land.<\/p><p>Ved september 2024, <a href=\"https:\/\/www.ssb.no\/befolkning\/innvandrere\/artikler\/ukrainere-i-norge\">hadde over 65 000 av dem kommet til Norge<\/a> og mange er kvinner og barn.<\/p>\t\t\t\t\t\t\t\t<\/div>\n\t\t\t\t<\/div>\n\t\t\t\t<div class=\"elementor-element elementor-element-5fe5f564 elementor-widget elementor-widget-heading\" data-id=\"5fe5f564\" data-element_type=\"widget\" data-e-type=\"widget\" data-widget_type=\"heading.default\">\n\t\t\t\t<div class=\"elementor-widget-container\">\n\t\t\t\t\t<h2 class=\"elementor-heading-title elementor-size-default\">Kollektiv beskyttelse<\/h2>\t\t\t\t<\/div>\n\t\t\t\t<\/div>\n\t\t\t\t<div class=\"elementor-element elementor-element-3cb52ea elementor-widget elementor-widget-text-editor\" data-id=\"3cb52ea\" data-element_type=\"widget\" data-e-type=\"widget\" data-widget_type=\"text-editor.default\">\n\t\t\t\t<div class=\"elementor-widget-container\">\n\t\t\t\t\t\t\t\t\t<p>Vanligvis vurderes asyls\u00f8keres beskyttelsesbehov individuelt. Regjeringen besluttet \u00e5 gi flyktninger fra Ukraina midlertidig kollektiv beskyttelse, det vil si beskyttelse til en hel gruppe, etter noen enkle kriterier EU allerede hadde innf\u00f8rt. NOAS st\u00f8ttet dette. En slik ordning forenkler og effektiviserer saksbehandlingen, og er hensiktsmessig \u00e5 bruke ovenfor st\u00f8rre grupper som \u00e5penbart har et beskyttelsesbehov.<\/p>\t\t\t\t\t\t\t\t<\/div>\n\t\t\t\t<\/div>\n\t\t\t\t<div class=\"elementor-element elementor-element-b8a9ad5 elementor-widget elementor-widget-text-editor\" data-id=\"b8a9ad5\" data-element_type=\"widget\" data-e-type=\"widget\" data-widget_type=\"text-editor.default\">\n\t\t\t\t<div class=\"elementor-widget-container\">\n\t\t\t\t\t\t\t\t\t<p>Ordningen med kollektiv beskyttelse, omfattet ukrainske statsborgere som har flyktet fra Ukraina etter 24. februar 2022, i tillegg til tredjelandsborgere og statsl\u00f8se som har hatt beskyttelse der. Tredjelandsborgere som er n\u00e6r familie til disse gruppene omfattes ogs\u00e5. Regjeringen utvidet deretter ordningen til \u00e5 inkludere ukrainere som hadde lovlig opphold i Norge da invasjonen startet, for eksempel for \u00e5 jobbe eller studere.<\/p>\t\t\t\t\t\t\t\t<\/div>\n\t\t\t\t<\/div>\n\t\t\t\t<div class=\"elementor-element elementor-element-fdab7c2 elementor-widget elementor-widget-text-editor\" data-id=\"fdab7c2\" data-element_type=\"widget\" data-e-type=\"widget\" data-widget_type=\"text-editor.default\">\n\t\t\t\t<div class=\"elementor-widget-container\">\n\t\t\t\t\t\t\t\t\t<p>Kollektiv beskyttelse er regulert i <a href=\"https:\/\/lovdata.no\/lov\/2008-05-15-35\/\u00a734\">utlendingsloven \u00a7 34<\/a> og <a href=\"https:\/\/lovdata.no\/forskrift\/2009-10-15-1286\/\u00a77-5a\">utlendingsforskriften \u00a7 7-5a<\/a>, og viktige detaljer fremkommer videre i <a href=\"https:\/\/www.udiregelverk.no\/rettskilder\/udi-retningslinjer\/udi-2022-004\/\">UDIs retningslinjer<\/a>. Kollektiv beskyttelse gis for ett \u00e5r av gangen, og kan fornyes i inntil tre \u00e5r. Tillatelsen gir ikke i seg selv grunnlag for permanent oppholdstillatelse, men ordin\u00e6r oppholdstillatelse som gir grunnlag for permanent oppholdstillatelse kan gis etter tre \u00e5r hvis behovet for beskyttelse er det samme. Personer med slik tillatelse har rett til familiegjenforening.<\/p><p>I januar 2023 videref\u00f8rte regjeringen ordningen med kollektiv beskyttelse, og personer som har f\u00e5tt kollektiv beskyttelse f\u00e5r n\u00e5 tillatelsen forlenget automatisk.<\/p>\t\t\t\t\t\t\t\t<\/div>\n\t\t\t\t<\/div>\n\t\t\t\t\t<\/div>\n\t\t<\/div>\n\t\t\t\t\t<\/div>\n\t\t<\/section>\n\t\t\t\t<section class=\"elementor-section elementor-top-section elementor-element elementor-element-72e914fd elementor-section-boxed elementor-section-height-default elementor-section-height-default\" data-id=\"72e914fd\" data-element_type=\"section\" data-e-type=\"section\">\n\t\t\t\t\t\t<div class=\"elementor-container elementor-column-gap-default\">\n\t\t\t\t\t<div class=\"elementor-column elementor-col-50 elementor-top-column elementor-element elementor-element-568f2da\" data-id=\"568f2da\" data-element_type=\"column\" data-e-type=\"column\">\n\t\t\t<div class=\"elementor-widget-wrap elementor-element-populated\">\n\t\t\t\t\t\t<div class=\"elementor-element elementor-element-cd580bf elementor-widget elementor-widget-heading\" data-id=\"cd580bf\" data-element_type=\"widget\" data-e-type=\"widget\" data-widget_type=\"heading.default\">\n\t\t\t\t<div class=\"elementor-widget-container\">\n\t\t\t\t\t<h2 class=\"elementor-heading-title elementor-size-default\"><b>Misbruk av \u00abtrygt tredjeland\u00bb-bestemmelsen<\/b><\/h2>\t\t\t\t<\/div>\n\t\t\t\t<\/div>\n\t\t\t\t<div class=\"elementor-element elementor-element-2513329 elementor-widget elementor-widget-text-editor\" data-id=\"2513329\" data-element_type=\"widget\" data-e-type=\"widget\" data-widget_type=\"text-editor.default\">\n\t\t\t\t<div class=\"elementor-widget-container\">\n\t\t\t\t\t\t\t\t\t<p>NOAS erfarer at Utlendingsdirektoratet (UDI) henviser noen ukrainere til andre europeiske land etter Norges nasjonale lovbestemmelse om trygt tredjeland. Norge er imidlertid forpliktet til \u00e5 gjennomf\u00f8re henvisning til andre land i Dublin-samarbeidet i samsvar med europeiske fellesregler og prosedyrer fastsatt i Dublin III-forordningen. Ukrainere dette typisk gjelder har f\u00e5tt en melding om skifte fra kollektiv beskyttelse til en individuell asylprosedyre p\u00e5 et tidspunkt n\u00e5r Dublin-fristen for en anmodning om tilbaketakelse var langt overskredet \u2013 i noen tilfeller etter opp til to \u00e5rs oppholdstid i Norge. Etter UDIs praksis i disse sakene, settes forordningen og alle tilh\u00f8rende rettsikkerhetsgarantiene til side, herunder retten til fritt rettsr\u00e5d. Videre kan UDIs avslagsvedtak effektueres f\u00f8r Utlendingsnemnda (UNE) tar stilling til s\u00f8kerens klage og anmodning om utsatt iverksetting. Etter klager fra NOAS har UNE omgjort UDIs vedtak i slike saker. Justisdepartementet b\u00f8r endre UDIs praksis og sikre at Norge ikke opptrer illojalt mot andre medlemsland i Dublin-samarbeidet.<\/p>\t\t\t\t\t\t\t\t<\/div>\n\t\t\t\t<\/div>\n\t\t\t\t\t<\/div>\n\t\t<\/div>\n\t\t\t\t<div class=\"elementor-column elementor-col-50 elementor-top-column elementor-element elementor-element-2028aa77\" data-id=\"2028aa77\" data-element_type=\"column\" data-e-type=\"column\">\n\t\t\t<div class=\"elementor-widget-wrap\">\n\t\t\t\t\t\t\t<\/div>\n\t\t<\/div>\n\t\t\t\t\t<\/div>\n\t\t<\/section>\n\t\t\t\t<section class=\"elementor-section elementor-top-section elementor-element elementor-element-06c91a4 elementor-section-boxed elementor-section-height-default elementor-section-height-default\" data-id=\"06c91a4\" data-element_type=\"section\" data-e-type=\"section\">\n\t\t\t\t\t\t<div class=\"elementor-container elementor-column-gap-default\">\n\t\t\t\t\t<div class=\"elementor-column elementor-col-50 elementor-top-column elementor-element elementor-element-2405acb\" data-id=\"2405acb\" data-element_type=\"column\" data-e-type=\"column\">\n\t\t\t<div class=\"elementor-widget-wrap elementor-element-populated\">\n\t\t\t\t\t\t<div class=\"elementor-element elementor-element-4c0135f elementor-widget elementor-widget-text-editor\" data-id=\"4c0135f\" data-element_type=\"widget\" data-e-type=\"widget\" data-widget_type=\"text-editor.default\">\n\t\t\t\t<div class=\"elementor-widget-container\">\n\t\t\t\t\t\t\t\t\t<h3><strong>Ukrainere uten kollektiv beskyttelse kan henvises til internflukt<\/strong><\/h3><p>Nye <a href=\"https:\/\/www.udiregelverk.no\/rettskilder\/udi-retningslinjer\/udi-2024-004\/\">retningslinjer<\/a> fra UDI i 2024 \u00e5pner for henvisning av ukrainere uten kollektiv beskyttelse til internflukt i Ukraina. Internflukt inneb\u00e6rer at en asyls\u00f8ker kan henvises til et omr\u00e5de i hjemlandet som anses som trygt, selv om s\u00f8keren opprinnelig ikke er fra dette omr\u00e5det. I retningslinjene viser UDI til flere trygge omr\u00e5der hvor ukrainske myndigheter anses \u00e5 ha stor grad av kontroll, herunder Lviv, Volyn, Zakarpattija, Ivano Frankivsk, Ternopil og Rivne. Etter folkeretten skal internfluktalternativet kun anvendes dersom omr\u00e5det er b\u00e5de trygt, tilgjengelig, og det er rimelig \u00e5 henvise personen dit. I 2016 fjernet Stortinget rimelighetsvilk\u00e5ret fra utlendingsloven under forutsetningen om at tilfellene hvor det tidligere ble ansett som urimelig \u00e5 henvise til internflukt, omfattes av opphold p\u00e5 humanit\u00e6rt grunnlag.<\/p>\t\t\t\t\t\t\t\t<\/div>\n\t\t\t\t<\/div>\n\t\t\t\t\t<\/div>\n\t\t<\/div>\n\t\t\t\t<div class=\"elementor-column elementor-col-50 elementor-top-column elementor-element elementor-element-6c16bf59\" data-id=\"6c16bf59\" data-element_type=\"column\" data-e-type=\"column\">\n\t\t\t<div class=\"elementor-widget-wrap elementor-element-populated\">\n\t\t\t\t\t\t<div class=\"elementor-element elementor-element-16852fdf elementor-widget elementor-widget-image\" data-id=\"16852fdf\" data-element_type=\"widget\" data-e-type=\"widget\" data-widget_type=\"image.default\">\n\t\t\t\t<div class=\"elementor-widget-container\">\n\t\t\t\t\t\t\t\t\t\t\t\t\t\t\t<img decoding=\"async\" width=\"1024\" height=\"683\" src=\"https:\/\/noas.no\/riketstilstand\/wp-content\/uploads\/2023\/05\/shutterstock_2142141205-1024x683.jpg\" class=\"attachment-large size-large wp-image-8051\" alt=\"\" srcset=\"https:\/\/noas.no\/riketstilstand\/wp-content\/uploads\/2023\/05\/shutterstock_2142141205-1024x683.jpg 1024w, https:\/\/noas.no\/riketstilstand\/wp-content\/uploads\/2023\/05\/shutterstock_2142141205-300x200.jpg 300w, https:\/\/noas.no\/riketstilstand\/wp-content\/uploads\/2023\/05\/shutterstock_2142141205-768x512.jpg 768w, https:\/\/noas.no\/riketstilstand\/wp-content\/uploads\/2023\/05\/shutterstock_2142141205-1536x1024.jpg 1536w, https:\/\/noas.no\/riketstilstand\/wp-content\/uploads\/2023\/05\/shutterstock_2142141205-2048x1366.jpg 2048w\" sizes=\"(max-width: 1024px) 100vw, 1024px\" \/>\t\t\t\t\t\t\t\t\t\t\t\t\t\t\t<\/div>\n\t\t\t\t<\/div>\n\t\t\t\t<div class=\"elementor-element elementor-element-317a281 elementor-widget elementor-widget-text-editor\" data-id=\"317a281\" data-element_type=\"widget\" data-e-type=\"widget\" data-widget_type=\"text-editor.default\">\n\t\t\t\t<div class=\"elementor-widget-container\">\n\t\t\t\t\t\t\t\t\t<p>79 prosent av de ukrainske flyktningene som kom til Norge i 2022 var kvinner og barn.\u00a0<\/p>\t\t\t\t\t\t\t\t<\/div>\n\t\t\t\t<\/div>\n\t\t\t\t\t<\/div>\n\t\t<\/div>\n\t\t\t\t\t<\/div>\n\t\t<\/section>\n\t\t\t\t<section class=\"elementor-section elementor-top-section elementor-element elementor-element-b41720f elementor-section-boxed elementor-section-height-default elementor-section-height-default\" data-id=\"b41720f\" data-element_type=\"section\" data-e-type=\"section\">\n\t\t\t\t\t\t<div class=\"elementor-container elementor-column-gap-default\">\n\t\t\t\t\t<div class=\"elementor-column elementor-col-100 elementor-top-column elementor-element elementor-element-947248d\" data-id=\"947248d\" data-element_type=\"column\" data-e-type=\"column\">\n\t\t\t<div class=\"elementor-widget-wrap\">\n\t\t\t\t\t\t\t<\/div>\n\t\t<\/div>\n\t\t\t\t\t<\/div>\n\t\t<\/section>\n\t\t\t\t<section class=\"elementor-section elementor-top-section elementor-element elementor-element-6b2e5a63 elementor-section-boxed elementor-section-height-default elementor-section-height-default\" data-id=\"6b2e5a63\" data-element_type=\"section\" data-e-type=\"section\">\n\t\t\t\t\t\t<div class=\"elementor-container elementor-column-gap-default\">\n\t\t\t\t\t<div class=\"elementor-column elementor-col-50 elementor-top-column elementor-element elementor-element-563ef410\" data-id=\"563ef410\" data-element_type=\"column\" data-e-type=\"column\">\n\t\t\t<div class=\"elementor-widget-wrap elementor-element-populated\">\n\t\t\t\t\t\t<div class=\"elementor-element elementor-element-5b9105a6 elementor-widget elementor-widget-button\" data-id=\"5b9105a6\" data-element_type=\"widget\" data-e-type=\"widget\" data-widget_type=\"button.default\">\n\t\t\t\t<div class=\"elementor-widget-container\">\n\t\t\t\t\t\t\t\t\t<div class=\"elementor-button-wrapper\">\n\t\t\t\t\t<a class=\"elementor-button elementor-button-link elementor-size-md\" href=\"https:\/\/www.udiregelverk.no\/rettskilder\/udi-retningslinjer\/udi-2022-004\/\">\n\t\t\t\t\t\t<span class=\"elementor-button-content-wrapper\">\n\t\t\t\t\t\t\t\t\t<span class=\"elementor-button-text\">LES UDIS RETNINGSLINJER FOR UKRAINA <\/span>\n\t\t\t\t\t<\/span>\n\t\t\t\t\t<\/a>\n\t\t\t\t<\/div>\n\t\t\t\t\t\t\t\t<\/div>\n\t\t\t\t<\/div>\n\t\t\t\t\t<\/div>\n\t\t<\/div>\n\t\t\t\t<div class=\"elementor-column elementor-col-50 elementor-top-column elementor-element elementor-element-62e04ed8\" data-id=\"62e04ed8\" data-element_type=\"column\" data-e-type=\"column\">\n\t\t\t<div class=\"elementor-widget-wrap\">\n\t\t\t\t\t\t\t<\/div>\n\t\t<\/div>\n\t\t\t\t\t<\/div>\n\t\t<\/section>\n\t\t\t\t<\/div>\n\t\t","protected":false},"excerpt":{"rendered":"<p>Landprofiler 2024 Ukraina Etter Russlands fullskala-invasjon av Ukraina 24. februar 2022, har mange barn og voksne blitt tvunget p\u00e5 flukt. Over 8 millioner ukrainske flyktninger er registrert i europeiske land. Ved september 2024, hadde over 65 000 av dem kommet til Norge og mange er kvinner og barn. Kollektiv beskyttelse Vanligvis vurderes asyls\u00f8keres beskyttelsesbehov individuelt. [&hellip;]<\/p>\n","protected":false},"author":1,"featured_media":0,"parent":8871,"menu_order":0,"comment_status":"closed","ping_status":"closed","template":"","meta":{"_acf_changed":false,"site-sidebar-layout":"no-sidebar","site-content-layout":"page-builder","ast-site-content-layout":"full-width-container","site-content-style":"unboxed","site-sidebar-style":"unboxed","ast-global-header-display":"","ast-banner-title-visibility":"","ast-main-header-display":"","ast-hfb-above-header-display":"","ast-hfb-below-header-display":"","ast-hfb-mobile-header-display":"","site-post-title":"disabled","ast-breadcrumbs-content":"","ast-featured-img":"disabled","footer-sml-layout":"","ast-disable-related-posts":"","theme-transparent-header-meta":"default","adv-header-id-meta":"","stick-header-meta":"","header-above-stick-meta":"","header-main-stick-meta":"","header-below-stick-meta":"","astra-migrate-meta-layouts":"set","ast-page-background-enabled":"default","ast-page-background-meta":{"desktop":{"background-color":"var(--ast-global-color-4)","background-image":"","background-repeat":"repeat","background-position":"center center","background-size":"auto","background-attachment":"scroll","background-type":"","background-media":"","overlay-type":"","overlay-color":"","overlay-opacity":"","overlay-gradient":""},"tablet":{"background-color":"","background-image":"","background-repeat":"repeat","background-position":"center center","background-size":"auto","background-attachment":"scroll","background-type":"","background-media":"","overlay-type":"","overlay-color":"","overlay-opacity":"","overlay-gradient":""},"mobile":{"background-color":"","background-image":"","background-repeat":"repeat","background-position":"center center","background-size":"auto","background-attachment":"scroll","background-type":"","background-media":"","overlay-type":"","overlay-color":"","overlay-opacity":"","overlay-gradient":""}},"ast-content-background-meta":{"desktop":{"background-color":"var(--ast-global-color-5)","background-image":"","background-repeat":"repeat","background-position":"center center","background-size":"auto","background-attachment":"scroll","background-type":"","background-media":"","overlay-type":"","overlay-color":"","overlay-opacity":"","overlay-gradient":""},"tablet":{"background-color":"var(--ast-global-color-5)","background-image":"","background-repeat":"repeat","background-position":"center center","background-size":"auto","background-attachment":"scroll","background-type":"","background-media":"","overlay-type":"","overlay-color":"","overlay-opacity":"","overlay-gradient":""},"mobile":{"background-color":"var(--ast-global-color-5)","background-image":"","background-repeat":"repeat","background-position":"center center","background-size":"auto","background-attachment":"scroll","background-type":"","background-media":"","overlay-type":"","overlay-color":"","overlay-opacity":"","overlay-gradient":""}},"footnotes":""},"class_list":["post-8919","page","type-page","status-publish","hentry"],"acf":[],"_links":{"self":[{"href":"https:\/\/noas.no\/riketstilstand\/wp-json\/wp\/v2\/pages\/8919","targetHints":{"allow":["GET"]}}],"collection":[{"href":"https:\/\/noas.no\/riketstilstand\/wp-json\/wp\/v2\/pages"}],"about":[{"href":"https:\/\/noas.no\/riketstilstand\/wp-json\/wp\/v2\/types\/page"}],"author":[{"embeddable":true,"href":"https:\/\/noas.no\/riketstilstand\/wp-json\/wp\/v2\/users\/1"}],"replies":[{"embeddable":true,"href":"https:\/\/noas.no\/riketstilstand\/wp-json\/wp\/v2\/comments?post=8919"}],"version-history":[{"count":7,"href":"https:\/\/noas.no\/riketstilstand\/wp-json\/wp\/v2\/pages\/8919\/revisions"}],"predecessor-version":[{"id":9070,"href":"https:\/\/noas.no\/riketstilstand\/wp-json\/wp\/v2\/pages\/8919\/revisions\/9070"}],"up":[{"embeddable":true,"href":"https:\/\/noas.no\/riketstilstand\/wp-json\/wp\/v2\/pages\/8871"}],"wp:attachment":[{"href":"https:\/\/noas.no\/riketstilstand\/wp-json\/wp\/v2\/media?parent=8919"}],"curies":[{"name":"wp","href":"https:\/\/api.w.org\/{rel}","templated":true}]}}