{"id":8903,"date":"2024-10-18T14:41:20","date_gmt":"2024-10-18T14:41:20","guid":{"rendered":"https:\/\/noas.no\/riketstilstand\/?page_id=8903"},"modified":"2024-10-21T16:40:28","modified_gmt":"2024-10-21T16:40:28","slug":"tyrkia","status":"publish","type":"page","link":"https:\/\/noas.no\/riketstilstand\/2024-2\/landprofiler\/tyrkia\/","title":{"rendered":"Tyrkia"},"content":{"rendered":"\t\t<div data-elementor-type=\"wp-page\" data-elementor-id=\"8903\" class=\"elementor elementor-8903\">\n\t\t\t\t\t\t<section class=\"elementor-section elementor-top-section elementor-element elementor-element-a25249d elementor-section-full_width elementor-section-height-min-height elementor-section-height-default elementor-section-items-middle\" data-id=\"a25249d\" data-element_type=\"section\" data-e-type=\"section\" data-settings=\"{&quot;background_background&quot;:&quot;classic&quot;}\">\n\t\t\t\t\t\t\t<div class=\"elementor-background-overlay\"><\/div>\n\t\t\t\t\t\t\t<div class=\"elementor-container elementor-column-gap-default\">\n\t\t\t\t\t<div class=\"elementor-column elementor-col-100 elementor-top-column elementor-element elementor-element-55441c6\" data-id=\"55441c6\" data-element_type=\"column\" data-e-type=\"column\">\n\t\t\t<div class=\"elementor-widget-wrap elementor-element-populated\">\n\t\t\t\t\t\t<div class=\"elementor-element elementor-element-bc5851a elementor-widget elementor-widget-heading\" data-id=\"bc5851a\" data-element_type=\"widget\" data-e-type=\"widget\" data-widget_type=\"heading.default\">\n\t\t\t\t<div class=\"elementor-widget-container\">\n\t\t\t\t\t<h1 class=\"elementor-heading-title elementor-size-default\">Landprofiler 2024<\/h1>\t\t\t\t<\/div>\n\t\t\t\t<\/div>\n\t\t\t\t\t<\/div>\n\t\t<\/div>\n\t\t\t\t\t<\/div>\n\t\t<\/section>\n\t\t\t\t<section class=\"elementor-section elementor-top-section elementor-element elementor-element-7924dcd5 elementor-section-boxed elementor-section-height-default elementor-section-height-default\" data-id=\"7924dcd5\" data-element_type=\"section\" data-e-type=\"section\">\n\t\t\t\t\t\t<div class=\"elementor-container elementor-column-gap-default\">\n\t\t\t\t\t<div class=\"elementor-column elementor-col-25 elementor-top-column elementor-element elementor-element-6a8c2c8b\" data-id=\"6a8c2c8b\" data-element_type=\"column\" data-e-type=\"column\">\n\t\t\t<div class=\"elementor-widget-wrap elementor-element-populated\">\n\t\t\t\t\t\t<div class=\"elementor-element elementor-element-56c986ff elementor-widget elementor-widget-heading\" data-id=\"56c986ff\" data-element_type=\"widget\" data-e-type=\"widget\" data-widget_type=\"heading.default\">\n\t\t\t\t<div class=\"elementor-widget-container\">\n\t\t\t\t\t<h2 class=\"elementor-heading-title elementor-size-default\"><a href=\"#\">Tyrkia\n<\/a><\/h2>\t\t\t\t<\/div>\n\t\t\t\t<\/div>\n\t\t\t\t\t<\/div>\n\t\t<\/div>\n\t\t\t\t<div class=\"elementor-column elementor-col-50 elementor-top-column elementor-element elementor-element-655b6705\" data-id=\"655b6705\" data-element_type=\"column\" data-e-type=\"column\">\n\t\t\t<div class=\"elementor-widget-wrap\">\n\t\t\t\t\t\t\t<\/div>\n\t\t<\/div>\n\t\t\t\t<div class=\"elementor-column elementor-col-25 elementor-top-column elementor-element elementor-element-6de76b73\" data-id=\"6de76b73\" data-element_type=\"column\" data-e-type=\"column\">\n\t\t\t<div class=\"elementor-widget-wrap\">\n\t\t\t\t\t\t\t<\/div>\n\t\t<\/div>\n\t\t\t\t\t<\/div>\n\t\t<\/section>\n\t\t\t\t<section class=\"elementor-section elementor-top-section elementor-element elementor-element-77d7d392 elementor-section-boxed elementor-section-height-default elementor-section-height-default\" data-id=\"77d7d392\" data-element_type=\"section\" data-e-type=\"section\">\n\t\t\t\t\t\t<div class=\"elementor-container elementor-column-gap-default\">\n\t\t\t\t\t<div class=\"elementor-column elementor-col-100 elementor-top-column elementor-element elementor-element-537b2c2d\" data-id=\"537b2c2d\" data-element_type=\"column\" data-e-type=\"column\">\n\t\t\t<div class=\"elementor-widget-wrap elementor-element-populated\">\n\t\t\t\t\t\t<div class=\"elementor-element elementor-element-6169942 elementor-widget elementor-widget-image\" data-id=\"6169942\" data-element_type=\"widget\" data-e-type=\"widget\" data-widget_type=\"image.default\">\n\t\t\t\t<div class=\"elementor-widget-container\">\n\t\t\t\t\t\t\t\t\t\t\t\t\t\t\t<img fetchpriority=\"high\" decoding=\"async\" width=\"740\" height=\"312\" src=\"https:\/\/noas.no\/riketstilstand\/wp-content\/uploads\/2024\/10\/9.png\" class=\"attachment-large size-large wp-image-9010\" alt=\"\" srcset=\"https:\/\/noas.no\/riketstilstand\/wp-content\/uploads\/2024\/10\/9.png 740w, https:\/\/noas.no\/riketstilstand\/wp-content\/uploads\/2024\/10\/9-300x126.png 300w\" sizes=\"(max-width: 740px) 100vw, 740px\" \/>\t\t\t\t\t\t\t\t\t\t\t\t\t\t\t<\/div>\n\t\t\t\t<\/div>\n\t\t\t\t<div class=\"elementor-element elementor-element-51f0139 elementor-widget elementor-widget-heading\" data-id=\"51f0139\" data-element_type=\"widget\" data-e-type=\"widget\" data-widget_type=\"heading.default\">\n\t\t\t\t<div class=\"elementor-widget-container\">\n\t\t\t\t\t<h2 class=\"elementor-heading-title elementor-size-default\"><b>Forverret situasjon i Tyrkia\n\n<\/b>\n<\/h2>\t\t\t\t<\/div>\n\t\t\t\t<\/div>\n\t\t\t\t<div class=\"elementor-element elementor-element-3b5059b elementor-widget elementor-widget-text-editor\" data-id=\"3b5059b\" data-element_type=\"widget\" data-e-type=\"widget\" data-widget_type=\"text-editor.default\">\n\t\t\t\t<div class=\"elementor-widget-container\">\n\t\t\t\t\t\t\t\t\t<p>Etter det mislykkede kuppfors\u00f8ket mot president Recep Erdogan i juli 2016, har den tyrkiske presidenten gjennomf\u00f8rt storstilte politiske utrenskninger. Det har rammet alle samfunnsomr\u00e5der i Tyrkia. Journalister, advokater, dommere, l\u00e6rere, opposisjonspolitikere, politi og milit\u00e6rt personell har mistet jobben, blitt fengslet, torturert eller p\u00e5 andre m\u00e5ter straffet for p\u00e5st\u00e5tt eller p\u00e5vist kontakt med eller deltakelse i G\u00fclen-nettverket. Dette nettverket anklages for \u00e5 st\u00e5 bak kuppfors\u00f8ket.<\/p>\t\t\t\t\t\t\t\t<\/div>\n\t\t\t\t<\/div>\n\t\t\t\t<div class=\"elementor-element elementor-element-276ed69 elementor-widget elementor-widget-text-editor\" data-id=\"276ed69\" data-element_type=\"widget\" data-e-type=\"widget\" data-widget_type=\"text-editor.default\">\n\t\t\t\t<div class=\"elementor-widget-container\">\n\t\t\t\t\t\t\t\t\t<p>Hardhendt utrenskning har sammen med fortsatt unntakstilstand bidratt til at det i dag ikke finnes reelt uavhengige medier i Tyrkia og Erdogans utrenskninger har drevet mange tyrkere p\u00e5 flukt til Europa.<\/p>\t\t\t\t\t\t\t\t<\/div>\n\t\t\t\t<\/div>\n\t\t\t\t<div class=\"elementor-element elementor-element-1dd45bff elementor-widget elementor-widget-heading\" data-id=\"1dd45bff\" data-element_type=\"widget\" data-e-type=\"widget\" data-widget_type=\"heading.default\">\n\t\t\t\t<div class=\"elementor-widget-container\">\n\t\t\t\t\t<h2 class=\"elementor-heading-title elementor-size-default\"><b>Ivaretar ikke flyktningers rettigheter\n\n<\/b>\n<\/h2>\t\t\t\t<\/div>\n\t\t\t\t<\/div>\n\t\t\t\t<div class=\"elementor-element elementor-element-e60a533 elementor-widget elementor-widget-text-editor\" data-id=\"e60a533\" data-element_type=\"widget\" data-e-type=\"widget\" data-widget_type=\"text-editor.default\">\n\t\t\t\t<div class=\"elementor-widget-container\">\n\t\t\t\t\t\t\t\t\t<p>Tyrkia er det landet i verden som huser flest flyktninger\u00a0og asyls\u00f8kere, hvorav den st\u00f8rste gruppen\u00a0er syrere. P\u00e5 grunn av Tyrkias <a href=\"https:\/\/www.noas.no\/wp-content\/uploads\/2019\/02\/Tyrkia-2018-Update_Web.pdf\">reservasjon til FNs flyktningkonvensjon<\/a>, f\u00e5r ikke flyktninger\u00a0fra land utenfor Europa flyktningstatus og rettighetene som f\u00f8lger av konvensjonen.<\/p><p>Syriske flyktninger i Tyrkia\u00a0lever under\u00a0midlertidig beskyttelse, som kan vare evig eller opph\u00f8re med umiddelbar\u00a0virkning dersom\u00a0myndighetene bestemmer det. Flyktninger fra Syria risikerer ulovlige deportasjoner og retur til forf\u00f8lgelse (refoulement).\u00a0<\/p><p>Til tross for den sv\u00e6rt krevende situasjonen for flyktninger i Tyrkia, returneres flyktninger fra Hellas til Tyrkia gjennom den s\u00e5kalte \u00ab<a href=\"https:\/\/www.riketstilstand.noas.no\/2019\/stengte-grenser-i-europa\">EU-Tyrkia avtalen<\/a>\u00bb \u2013 for \u00e5 hindre mennesker p\u00e5 flukt \u00e5 komme til Europa.\u00a0<\/p>\t\t\t\t\t\t\t\t<\/div>\n\t\t\t\t<\/div>\n\t\t\t\t\t<\/div>\n\t\t<\/div>\n\t\t\t\t\t<\/div>\n\t\t<\/section>\n\t\t\t\t<section class=\"elementor-section elementor-top-section elementor-element elementor-element-745186d elementor-section-boxed elementor-section-height-default elementor-section-height-default\" data-id=\"745186d\" data-element_type=\"section\" data-e-type=\"section\">\n\t\t\t\t\t\t<div class=\"elementor-container elementor-column-gap-default\">\n\t\t\t\t\t<div class=\"elementor-column elementor-col-100 elementor-top-column elementor-element elementor-element-bac5b48\" data-id=\"bac5b48\" data-element_type=\"column\" data-e-type=\"column\">\n\t\t\t<div class=\"elementor-widget-wrap\">\n\t\t\t\t\t\t\t<\/div>\n\t\t<\/div>\n\t\t\t\t\t<\/div>\n\t\t<\/section>\n\t\t\t\t<section class=\"elementor-section elementor-top-section elementor-element elementor-element-101dddea elementor-section-boxed elementor-section-height-default elementor-section-height-default\" data-id=\"101dddea\" data-element_type=\"section\" data-e-type=\"section\">\n\t\t\t\t\t\t<div class=\"elementor-container elementor-column-gap-default\">\n\t\t\t\t\t<div class=\"elementor-column elementor-col-100 elementor-top-column elementor-element elementor-element-87a18e0\" data-id=\"87a18e0\" data-element_type=\"column\" data-e-type=\"column\">\n\t\t\t<div class=\"elementor-widget-wrap elementor-element-populated\">\n\t\t\t\t\t\t<div class=\"elementor-element elementor-element-2475695f elementor-widget elementor-widget-heading\" data-id=\"2475695f\" data-element_type=\"widget\" data-e-type=\"widget\" data-widget_type=\"heading.default\">\n\t\t\t\t<div class=\"elementor-widget-container\">\n\t\t\t\t\t<h2 class=\"elementor-heading-title elementor-size-default\"><b>F\u00e5r beskyttelse i Norge\n\n\n\n<\/b>\n<\/h2>\t\t\t\t<\/div>\n\t\t\t\t<\/div>\n\t\t\t\t<div class=\"elementor-element elementor-element-a3dc771 elementor-widget elementor-widget-text-editor\" data-id=\"a3dc771\" data-element_type=\"widget\" data-e-type=\"widget\" data-widget_type=\"text-editor.default\">\n\t\t\t\t<div class=\"elementor-widget-container\">\n\t\t\t\t\t\t\t\t\t<p>Norske myndigheter ga opphold til nesten alle de tyrkiske asyls\u00f8kerne som fikk saken behandlet i 2021, men innvilgelsesprosenten har siden g\u00e5tt ned. I 2023 fikk bare 187 av 531 innvilget asyl.<\/p>\t\t\t\t\t\t\t\t<\/div>\n\t\t\t\t<\/div>\n\t\t\t\t\t<\/div>\n\t\t<\/div>\n\t\t\t\t\t<\/div>\n\t\t<\/section>\n\t\t\t\t<section class=\"elementor-section elementor-top-section elementor-element elementor-element-6ba748d0 elementor-section-boxed elementor-section-height-default elementor-section-height-default\" data-id=\"6ba748d0\" data-element_type=\"section\" data-e-type=\"section\">\n\t\t\t\t\t\t<div class=\"elementor-container elementor-column-gap-default\">\n\t\t\t\t\t<div class=\"elementor-column elementor-col-50 elementor-top-column elementor-element elementor-element-45ce8d89\" data-id=\"45ce8d89\" data-element_type=\"column\" data-e-type=\"column\">\n\t\t\t<div class=\"elementor-widget-wrap elementor-element-populated\">\n\t\t\t\t\t\t<div class=\"elementor-element elementor-element-69000eca elementor-widget elementor-widget-image\" data-id=\"69000eca\" data-element_type=\"widget\" data-e-type=\"widget\" data-widget_type=\"image.default\">\n\t\t\t\t<div class=\"elementor-widget-container\">\n\t\t\t\t\t\t\t\t\t\t\t\t\t\t\t<img decoding=\"async\" width=\"750\" height=\"499\" src=\"https:\/\/noas.no\/riketstilstand\/wp-content\/uploads\/2022\/09\/shutterstock_239387248.jpg\" class=\"attachment-large size-large wp-image-1602\" alt=\"\" srcset=\"https:\/\/noas.no\/riketstilstand\/wp-content\/uploads\/2022\/09\/shutterstock_239387248.jpg 750w, https:\/\/noas.no\/riketstilstand\/wp-content\/uploads\/2022\/09\/shutterstock_239387248-300x200.jpg 300w\" sizes=\"(max-width: 750px) 100vw, 750px\" \/>\t\t\t\t\t\t\t\t\t\t\t\t\t\t\t<\/div>\n\t\t\t\t<\/div>\n\t\t\t\t<div class=\"elementor-element elementor-element-4a5253e elementor-widget elementor-widget-text-editor\" data-id=\"4a5253e\" data-element_type=\"widget\" data-e-type=\"widget\" data-widget_type=\"text-editor.default\">\n\t\t\t\t<div class=\"elementor-widget-container\">\n\t\t\t\t\t\t\t\t\t<p>FLYKTNINGLEIR P\u00c5 GRENSEN MELLOM TYRKIA OG SYRIA. TYRKIA ER DET LANDET I VERDEN SOM HUSER FLEST FLYKTNINGER. FOTO: THOMAS KOCH<\/p>\t\t\t\t\t\t\t\t<\/div>\n\t\t\t\t<\/div>\n\t\t\t\t\t<\/div>\n\t\t<\/div>\n\t\t\t\t<div class=\"elementor-column elementor-col-50 elementor-top-column elementor-element elementor-element-3aec24af\" data-id=\"3aec24af\" data-element_type=\"column\" data-e-type=\"column\">\n\t\t\t<div class=\"elementor-widget-wrap elementor-element-populated\">\n\t\t\t\t\t\t<div class=\"elementor-element elementor-element-661b0ff elementor-widget elementor-widget-text-editor\" data-id=\"661b0ff\" data-element_type=\"widget\" data-e-type=\"widget\" data-widget_type=\"text-editor.default\">\n\t\t\t\t<div class=\"elementor-widget-container\">\n\t\t\t\t\t\t\t\t\t<p>Mange tyrkere som s\u00f8ker asyl i Norge oppgir at de frykter forf\u00f8lgelse fra tyrkiske myndigheter fordi de har en tilknytning til, eller oppfattes av tyrkiske myndigheter \u00e5 ha en tilknytning til, G\u00fclenbevegelsen. Dersom norske myndigheter tror p\u00e5 disse anf\u00f8rslene og personene risikerer forf\u00f8lgelse p\u00e5 denne bakgrunn, gis det beskyttelse etter <a href=\"https:\/\/noas.no\/riketstilstand\/2023-2\/brudd-pa-flyktningkonvensjonen\/\">Flyktningkonvensjonen.<\/a><\/p><p>Personer som er ansatt i politiet, milit\u00e6ret, rettsvesenet og i diplomatiet, er s\u00e6rlig utsatt for beskyldninger om tilknytning til G\u00fclenbevegelsen. Norske myndigheter mener ogs\u00e5 at regimekritiske akademikere, journalister og personer med tilknytning til ulovlige kurdiske partier har behov for beskyttelse.<\/p><p>\u00a0<\/p><p>\u00a0<\/p>\t\t\t\t\t\t\t\t<\/div>\n\t\t\t\t<\/div>\n\t\t\t\t\t<\/div>\n\t\t<\/div>\n\t\t\t\t\t<\/div>\n\t\t<\/section>\n\t\t\t\t<section class=\"elementor-section elementor-top-section elementor-element elementor-element-399b3a5b elementor-section-boxed elementor-section-height-default elementor-section-height-default\" data-id=\"399b3a5b\" data-element_type=\"section\" data-e-type=\"section\">\n\t\t\t\t\t\t<div class=\"elementor-container elementor-column-gap-default\">\n\t\t\t\t\t<div class=\"elementor-column elementor-col-50 elementor-top-column elementor-element elementor-element-6508cd2b\" data-id=\"6508cd2b\" data-element_type=\"column\" data-e-type=\"column\">\n\t\t\t<div class=\"elementor-widget-wrap elementor-element-populated\">\n\t\t\t\t\t\t<div class=\"elementor-element elementor-element-4f2c1d4c elementor-widget elementor-widget-button\" data-id=\"4f2c1d4c\" data-element_type=\"widget\" data-e-type=\"widget\" data-widget_type=\"button.default\">\n\t\t\t\t<div class=\"elementor-widget-container\">\n\t\t\t\t\t\t\t\t\t<div class=\"elementor-button-wrapper\">\n\t\t\t\t\t<a class=\"elementor-button elementor-button-link elementor-size-md\" href=\"https:\/\/www.udiregelverk.no\/rettskilder\/udi-retningslinjer\/udi-2017-007\/\">\n\t\t\t\t\t\t<span class=\"elementor-button-content-wrapper\">\n\t\t\t\t\t\t\t\t\t<span class=\"elementor-button-text\">LES UDIS PRAKSISNOTAT FOR TYRKIA<\/span>\n\t\t\t\t\t<\/span>\n\t\t\t\t\t<\/a>\n\t\t\t\t<\/div>\n\t\t\t\t\t\t\t\t<\/div>\n\t\t\t\t<\/div>\n\t\t\t\t\t<\/div>\n\t\t<\/div>\n\t\t\t\t<div class=\"elementor-column elementor-col-50 elementor-top-column elementor-element elementor-element-25c342\" data-id=\"25c342\" data-element_type=\"column\" data-e-type=\"column\">\n\t\t\t<div class=\"elementor-widget-wrap\">\n\t\t\t\t\t\t\t<\/div>\n\t\t<\/div>\n\t\t\t\t\t<\/div>\n\t\t<\/section>\n\t\t\t\t<\/div>\n\t\t","protected":false},"excerpt":{"rendered":"<p>Landprofiler 2024 Tyrkia Forverret situasjon i Tyrkia Etter det mislykkede kuppfors\u00f8ket mot president Recep Erdogan i juli 2016, har den tyrkiske presidenten gjennomf\u00f8rt storstilte politiske utrenskninger. Det har rammet alle samfunnsomr\u00e5der i Tyrkia. Journalister, advokater, dommere, l\u00e6rere, opposisjonspolitikere, politi og milit\u00e6rt personell har mistet jobben, blitt fengslet, torturert eller p\u00e5 andre m\u00e5ter straffet for p\u00e5st\u00e5tt [&hellip;]<\/p>\n","protected":false},"author":1,"featured_media":0,"parent":8871,"menu_order":0,"comment_status":"closed","ping_status":"closed","template":"","meta":{"_acf_changed":false,"site-sidebar-layout":"no-sidebar","site-content-layout":"page-builder","ast-site-content-layout":"full-width-container","site-content-style":"unboxed","site-sidebar-style":"unboxed","ast-global-header-display":"","ast-banner-title-visibility":"","ast-main-header-display":"","ast-hfb-above-header-display":"","ast-hfb-below-header-display":"","ast-hfb-mobile-header-display":"","site-post-title":"disabled","ast-breadcrumbs-content":"","ast-featured-img":"disabled","footer-sml-layout":"","ast-disable-related-posts":"","theme-transparent-header-meta":"default","adv-header-id-meta":"","stick-header-meta":"","header-above-stick-meta":"","header-main-stick-meta":"","header-below-stick-meta":"","astra-migrate-meta-layouts":"set","ast-page-background-enabled":"default","ast-page-background-meta":{"desktop":{"background-color":"var(--ast-global-color-4)","background-image":"","background-repeat":"repeat","background-position":"center center","background-size":"auto","background-attachment":"scroll","background-type":"","background-media":"","overlay-type":"","overlay-color":"","overlay-opacity":"","overlay-gradient":""},"tablet":{"background-color":"","background-image":"","background-repeat":"repeat","background-position":"center center","background-size":"auto","background-attachment":"scroll","background-type":"","background-media":"","overlay-type":"","overlay-color":"","overlay-opacity":"","overlay-gradient":""},"mobile":{"background-color":"","background-image":"","background-repeat":"repeat","background-position":"center center","background-size":"auto","background-attachment":"scroll","background-type":"","background-media":"","overlay-type":"","overlay-color":"","overlay-opacity":"","overlay-gradient":""}},"ast-content-background-meta":{"desktop":{"background-color":"var(--ast-global-color-5)","background-image":"","background-repeat":"repeat","background-position":"center center","background-size":"auto","background-attachment":"scroll","background-type":"","background-media":"","overlay-type":"","overlay-color":"","overlay-opacity":"","overlay-gradient":""},"tablet":{"background-color":"var(--ast-global-color-5)","background-image":"","background-repeat":"repeat","background-position":"center center","background-size":"auto","background-attachment":"scroll","background-type":"","background-media":"","overlay-type":"","overlay-color":"","overlay-opacity":"","overlay-gradient":""},"mobile":{"background-color":"var(--ast-global-color-5)","background-image":"","background-repeat":"repeat","background-position":"center center","background-size":"auto","background-attachment":"scroll","background-type":"","background-media":"","overlay-type":"","overlay-color":"","overlay-opacity":"","overlay-gradient":""}},"footnotes":""},"class_list":["post-8903","page","type-page","status-publish","hentry"],"acf":[],"_links":{"self":[{"href":"https:\/\/noas.no\/riketstilstand\/wp-json\/wp\/v2\/pages\/8903","targetHints":{"allow":["GET"]}}],"collection":[{"href":"https:\/\/noas.no\/riketstilstand\/wp-json\/wp\/v2\/pages"}],"about":[{"href":"https:\/\/noas.no\/riketstilstand\/wp-json\/wp\/v2\/types\/page"}],"author":[{"embeddable":true,"href":"https:\/\/noas.no\/riketstilstand\/wp-json\/wp\/v2\/users\/1"}],"replies":[{"embeddable":true,"href":"https:\/\/noas.no\/riketstilstand\/wp-json\/wp\/v2\/comments?post=8903"}],"version-history":[{"count":10,"href":"https:\/\/noas.no\/riketstilstand\/wp-json\/wp\/v2\/pages\/8903\/revisions"}],"predecessor-version":[{"id":9107,"href":"https:\/\/noas.no\/riketstilstand\/wp-json\/wp\/v2\/pages\/8903\/revisions\/9107"}],"up":[{"embeddable":true,"href":"https:\/\/noas.no\/riketstilstand\/wp-json\/wp\/v2\/pages\/8871"}],"wp:attachment":[{"href":"https:\/\/noas.no\/riketstilstand\/wp-json\/wp\/v2\/media?parent=8903"}],"curies":[{"name":"wp","href":"https:\/\/api.w.org\/{rel}","templated":true}]}}