{"id":8893,"date":"2024-10-16T20:54:02","date_gmt":"2024-10-16T20:54:02","guid":{"rendered":"https:\/\/noas.no\/riketstilstand\/?page_id=8893"},"modified":"2024-10-21T08:34:05","modified_gmt":"2024-10-21T08:34:05","slug":"somalia","status":"publish","type":"page","link":"https:\/\/noas.no\/riketstilstand\/2024-2\/landprofiler\/somalia\/","title":{"rendered":"Somalia"},"content":{"rendered":"\t\t<div data-elementor-type=\"wp-page\" data-elementor-id=\"8893\" class=\"elementor elementor-8893\">\n\t\t\t\t\t\t<section class=\"elementor-section elementor-top-section elementor-element elementor-element-d97f710 elementor-section-full_width elementor-section-height-min-height elementor-section-height-default elementor-section-items-middle\" data-id=\"d97f710\" data-element_type=\"section\" data-e-type=\"section\" data-settings=\"{&quot;background_background&quot;:&quot;classic&quot;}\">\n\t\t\t\t\t\t\t<div class=\"elementor-background-overlay\"><\/div>\n\t\t\t\t\t\t\t<div class=\"elementor-container elementor-column-gap-default\">\n\t\t\t\t\t<div class=\"elementor-column elementor-col-100 elementor-top-column elementor-element elementor-element-78f882a\" data-id=\"78f882a\" data-element_type=\"column\" data-e-type=\"column\">\n\t\t\t<div class=\"elementor-widget-wrap elementor-element-populated\">\n\t\t\t\t\t\t<div class=\"elementor-element elementor-element-1f47bdf elementor-widget elementor-widget-heading\" data-id=\"1f47bdf\" data-element_type=\"widget\" data-e-type=\"widget\" data-widget_type=\"heading.default\">\n\t\t\t\t<div class=\"elementor-widget-container\">\n\t\t\t\t\t<h1 class=\"elementor-heading-title elementor-size-default\">Landprofiler 2024<\/h1>\t\t\t\t<\/div>\n\t\t\t\t<\/div>\n\t\t\t\t\t<\/div>\n\t\t<\/div>\n\t\t\t\t\t<\/div>\n\t\t<\/section>\n\t\t\t\t<section class=\"elementor-section elementor-top-section elementor-element elementor-element-46b0c931 elementor-section-boxed elementor-section-height-default elementor-section-height-default\" data-id=\"46b0c931\" data-element_type=\"section\" data-e-type=\"section\">\n\t\t\t\t\t\t<div class=\"elementor-container elementor-column-gap-default\">\n\t\t\t\t\t<div class=\"elementor-column elementor-col-100 elementor-top-column elementor-element elementor-element-20ecbb3\" data-id=\"20ecbb3\" data-element_type=\"column\" data-e-type=\"column\">\n\t\t\t<div class=\"elementor-widget-wrap elementor-element-populated\">\n\t\t\t\t\t\t<div class=\"elementor-element elementor-element-7f86c52 elementor-widget elementor-widget-text-editor\" data-id=\"7f86c52\" data-element_type=\"widget\" data-e-type=\"widget\" data-widget_type=\"text-editor.default\">\n\t\t\t\t<div class=\"elementor-widget-container\">\n\t\t\t\t\t\t\t\t\t<div id=\"page-body-header\" class=\"extra-wrapper\"><div id=\"page-header-62f54b1323142a1e20131433\" class=\"sqs-layout sqs-grid-12 columns-12\" data-layout-label=\"Landprofiler Header Content\" data-type=\"block-field\" data-updated-on=\"1660510503982\"><div id=\"yui_3_17_2_1_1662956236214_322\" class=\"row sqs-row\"><div id=\"yui_3_17_2_1_1662956236214_321\" class=\"col sqs-col-12 span-12\"><div id=\"block-82b1c374f2fbfdd26b47\" class=\"sqs-block html-block sqs-block-html\" data-block-type=\"2\"><div id=\"yui_3_17_2_1_1662956236214_320\" class=\"sqs-block-content\"><p id=\"yui_3_17_2_1_1662956236214_319\" class=\"\"><span id=\"yui_3_17_2_1_1662956236214_318\"><b>Landprofiler<\/b><\/span><strong>:\u00a0\u00a0<\/strong> <a href=\"https:\/\/noas.no\/riketstilstand\/afghanistan\/\">Afghanistan<\/a>\u00a0 &#8211;\u00a0 <a href=\"https:\/\/noas.no\/riketstilstand\/eritrea\/\">Eritrea\u00a0<\/a> &#8211;\u00a0 <a href=\"https:\/\/noas.no\/riketstilstand\/etiopia\/\">Etiopia\u00a0<\/a> &#8211;\u00a0 <a href=\"https:\/\/noas.no\/riketstilstand\/irak\/\">Irak\u00a0<\/a> &#8211;\u00a0 <a href=\"https:\/\/noas.no\/riketstilstand\/iran\/\">Iran\u00a0\u00a0<\/a> &#8211; <a href=\"https:\/\/noas.no\/riketstilstand\/somalia\/\">Somalia <\/a>&#8211;\u00a0 <a href=\"https:\/\/noas.no\/riketstilstand\/syria\/\">Syria <\/a>&#8211; <a href=\"https:\/\/noas.no\/riketstilstand\/tyrkia\/\">Tyrkia<\/a><\/p><\/div><\/div><\/div><\/div><\/div><\/div>\t\t\t\t\t\t\t\t<\/div>\n\t\t\t\t<\/div>\n\t\t\t\t\t<\/div>\n\t\t<\/div>\n\t\t\t\t\t<\/div>\n\t\t<\/section>\n\t\t\t\t<section class=\"elementor-section elementor-top-section elementor-element elementor-element-c325379 elementor-section-boxed elementor-section-height-default elementor-section-height-default\" data-id=\"c325379\" data-element_type=\"section\" data-e-type=\"section\">\n\t\t\t\t\t\t<div class=\"elementor-container elementor-column-gap-default\">\n\t\t\t\t\t<div class=\"elementor-column elementor-col-25 elementor-top-column elementor-element elementor-element-32db3a5a\" data-id=\"32db3a5a\" data-element_type=\"column\" data-e-type=\"column\">\n\t\t\t<div class=\"elementor-widget-wrap elementor-element-populated\">\n\t\t\t\t\t\t<div class=\"elementor-element elementor-element-66851e3c elementor-widget elementor-widget-heading\" data-id=\"66851e3c\" data-element_type=\"widget\" data-e-type=\"widget\" data-widget_type=\"heading.default\">\n\t\t\t\t<div class=\"elementor-widget-container\">\n\t\t\t\t\t<h2 class=\"elementor-heading-title elementor-size-default\"><a href=\"#\">Somalia\n<\/a><\/h2>\t\t\t\t<\/div>\n\t\t\t\t<\/div>\n\t\t\t\t\t<\/div>\n\t\t<\/div>\n\t\t\t\t<div class=\"elementor-column elementor-col-50 elementor-top-column elementor-element elementor-element-56b65534\" data-id=\"56b65534\" data-element_type=\"column\" data-e-type=\"column\">\n\t\t\t<div class=\"elementor-widget-wrap\">\n\t\t\t\t\t\t\t<\/div>\n\t\t<\/div>\n\t\t\t\t<div class=\"elementor-column elementor-col-25 elementor-top-column elementor-element elementor-element-24aa57f5\" data-id=\"24aa57f5\" data-element_type=\"column\" data-e-type=\"column\">\n\t\t\t<div class=\"elementor-widget-wrap\">\n\t\t\t\t\t\t\t<\/div>\n\t\t<\/div>\n\t\t\t\t\t<\/div>\n\t\t<\/section>\n\t\t\t\t<section class=\"elementor-section elementor-top-section elementor-element elementor-element-24514baa elementor-section-boxed elementor-section-height-default elementor-section-height-default\" data-id=\"24514baa\" data-element_type=\"section\" data-e-type=\"section\">\n\t\t\t\t\t\t<div class=\"elementor-container elementor-column-gap-default\">\n\t\t\t\t\t<div class=\"elementor-column elementor-col-100 elementor-top-column elementor-element elementor-element-7d7f5799\" data-id=\"7d7f5799\" data-element_type=\"column\" data-e-type=\"column\">\n\t\t\t<div class=\"elementor-widget-wrap elementor-element-populated\">\n\t\t\t\t\t\t<div class=\"elementor-element elementor-element-4991a2d elementor-widget elementor-widget-image\" data-id=\"4991a2d\" data-element_type=\"widget\" data-e-type=\"widget\" data-widget_type=\"image.default\">\n\t\t\t\t<div class=\"elementor-widget-container\">\n\t\t\t\t\t\t\t\t\t\t\t\t\t\t\t<img fetchpriority=\"high\" decoding=\"async\" width=\"739\" height=\"318\" src=\"https:\/\/noas.no\/riketstilstand\/wp-content\/uploads\/2024\/10\/7.png\" class=\"attachment-large size-large wp-image-9012\" alt=\"\" srcset=\"https:\/\/noas.no\/riketstilstand\/wp-content\/uploads\/2024\/10\/7.png 739w, https:\/\/noas.no\/riketstilstand\/wp-content\/uploads\/2024\/10\/7-300x129.png 300w\" sizes=\"(max-width: 739px) 100vw, 739px\" \/>\t\t\t\t\t\t\t\t\t\t\t\t\t\t\t<\/div>\n\t\t\t\t<\/div>\n\t\t\t\t<div class=\"elementor-element elementor-element-3f1e634 elementor-widget elementor-widget-text-editor\" data-id=\"3f1e634\" data-element_type=\"widget\" data-e-type=\"widget\" data-widget_type=\"text-editor.default\">\n\t\t\t\t<div class=\"elementor-widget-container\">\n\t\t\t\t\t\t\t\t\t<p>Les UDIs praksisnotat for Somalia <a href=\"https:\/\/www.udiregelverk.no\/rettskilder\/udi-retningslinjer\/udi-2018-014\/\">her<\/a> eller UNEs beskrivelse av egen praksis <a href=\"https:\/\/www.une.no\/kildesamling\/andre-praksisbeskrivelser\/beskyttelse-i-somalia-saker\/\">her<\/a>.<\/p>\t\t\t\t\t\t\t\t<\/div>\n\t\t\t\t<\/div>\n\t\t\t\t<div class=\"elementor-element elementor-element-4fd25a71 elementor-widget elementor-widget-heading\" data-id=\"4fd25a71\" data-element_type=\"widget\" data-e-type=\"widget\" data-widget_type=\"heading.default\">\n\t\t\t\t<div class=\"elementor-widget-container\">\n\t\t\t\t\t<h2 class=\"elementor-heading-title elementor-size-default\"><b>Forbedret, men ustabil sikkerhetssituasjon\n\n\n<\/b>\n<\/h2>\t\t\t\t<\/div>\n\t\t\t\t<\/div>\n\t\t\t\t<div class=\"elementor-element elementor-element-407bf16 elementor-widget elementor-widget-text-editor\" data-id=\"407bf16\" data-element_type=\"widget\" data-e-type=\"widget\" data-widget_type=\"text-editor.default\">\n\t\t\t\t<div class=\"elementor-widget-container\">\n\t\t\t\t\t\t\t\t\t<p>Sikkerhetssituasjonen i Somalia er forbedret de siste \u00e5rene, men landet kan likevel ikke anses som stabilt. \u00a0Den militante islamistgruppen\u00a0<a href=\"https:\/\/snl.no\/al-Shabaab\">al-Shabaab\u00a0<\/a>har\u00a0<a href=\"https:\/\/www.ecoi.net\/en\/file\/local\/2087507\/2023_02_EUAA_COI_Report_Somalia_Security_situation.pdf\">fortsatt kontroll<\/a>\u00a0over deler av s\u00f8r og sentral-Somalia, og gjennomf\u00f8rer i tillegg mange m\u00e5lrettede angrep i Mogadishu og andre omr\u00e5der som formelt sett er under myndighetskontroll.\u00a0<\/p>\t\t\t\t\t\t\t\t<\/div>\n\t\t\t\t<\/div>\n\t\t\t\t<div class=\"elementor-element elementor-element-ced63dd elementor-widget elementor-widget-text-editor\" data-id=\"ced63dd\" data-element_type=\"widget\" data-e-type=\"widget\" data-widget_type=\"text-editor.default\">\n\t\t\t\t<div class=\"elementor-widget-container\">\n\t\t\t\t\t\t\t\t\t<p>H\u00f8sten 2022 gjennomf\u00f8rte regjeringen en stor milit\u00e6r offensiv mot al-Shabaab, og islamistgruppen ble drevet ut av flere omr\u00e5der. Det kan v\u00e6re \u00e5rsaken til at al-Shabaab if\u00f8lge Somalias visepresident for f\u00f8rste gang <a href=\"https:\/\/www.fn.no\/konflikter\/Afrika\/somalia-al-shabaab\">ba om forhandlinger<\/a> med regjeringen i januar 2023.<\/p><p>Somaliske myndigheter har siden 2007 f\u00e5tt bistand fra den fredsbevarende styrken AMISOM (the African Union Mission in Somalia). I april 2022 ble <a href=\"https:\/\/issafrica.org\/iss-today\/is-the-au-mission-in-somalia-changing-in-name-only\">AMISOM erstattet med ATMIS<\/a> (the African Union Transition Mission in Somalia). ATMIS skal operere til utgangen av 2024, og deretter vil alt ansvar overf\u00f8res til somaliske sikkerhetsstyrker.<\/p><p>Det er vanskelig \u00e5 f\u00e5 opphold i Norge p\u00e5 grunn av den generelle sikkerhetssituasjonen i Somalia, og ingen omr\u00e5der regnes som s\u00e5 usikre at ingen kan returneres dit. Dersom s\u00f8kere risikerer forf\u00f8lgelse eller alvorlige overgrep p\u00e5 hjemstedet, vurderer UDI om de kan henvises til \u00e5 bo andre steder i landet.<\/p><p>\u00a0<\/p>\t\t\t\t\t\t\t\t<\/div>\n\t\t\t\t<\/div>\n\t\t\t\t<div class=\"elementor-element elementor-element-206a4e2c elementor-widget elementor-widget-heading\" data-id=\"206a4e2c\" data-element_type=\"widget\" data-e-type=\"widget\" data-widget_type=\"heading.default\">\n\t\t\t\t<div class=\"elementor-widget-container\">\n\t\t\t\t\t<h2 class=\"elementor-heading-title elementor-size-default\"><b>Fare for kj\u00f8nnslemlestelse\n\n\n\n\n<\/b>\n<\/h2>\t\t\t\t<\/div>\n\t\t\t\t<\/div>\n\t\t\t\t<div class=\"elementor-element elementor-element-83f38ec elementor-widget elementor-widget-text-editor\" data-id=\"83f38ec\" data-element_type=\"widget\" data-e-type=\"widget\" data-widget_type=\"text-editor.default\">\n\t\t\t\t<div class=\"elementor-widget-container\">\n\t\t\t\t\t\t\t\t\t<p>Flere grupper i Somalia er i fare for forf\u00f8lgelse. <a href=\"https:\/\/www.udiregelverk.no\/rettskilder\/udi-retningslinjer\/udi-2018-014\/#5.4.1.5.3.1._Kj%C3%B8nnslemlestelse\">UDI anser<\/a>\u00a0at jentebarn fra Somalia som utgangspunkt vil ha en velbegrunnet frykt for forf\u00f8lgelse p\u00e5 grunn av risiko for kj\u00f8nnslemlestelse. De fleste somaliske jentebarn som f\u00f8des i Norge har derfor rett p\u00e5 beskyttelse.<\/p><p>NOAS\u2019 erfaring er at det er en utfordring i slike saker at foreldrene ofte har en annen oppholdsstatus enn flyktningstatus, uten rett til \u00e5 bli bosatt i en kommune. Selv om barnet har flyktningstatus og rett til bosetting, kan hun bli boende i asylmottak i flere \u00e5r p\u00e5 grunn av at foreldre har endelig avslag eller en begrenset oppholdstillatelse.<\/p>\t\t\t\t\t\t\t\t<\/div>\n\t\t\t\t<\/div>\n\t\t\t\t\t<\/div>\n\t\t<\/div>\n\t\t\t\t\t<\/div>\n\t\t<\/section>\n\t\t\t\t<section class=\"elementor-section elementor-top-section elementor-element elementor-element-11c92d6e elementor-section-boxed elementor-section-height-default elementor-section-height-default\" data-id=\"11c92d6e\" data-element_type=\"section\" data-e-type=\"section\">\n\t\t\t\t\t\t<div class=\"elementor-container elementor-column-gap-default\">\n\t\t\t\t\t<div class=\"elementor-column elementor-col-100 elementor-top-column elementor-element elementor-element-5698b46d\" data-id=\"5698b46d\" data-element_type=\"column\" data-e-type=\"column\">\n\t\t\t<div class=\"elementor-widget-wrap elementor-element-populated\">\n\t\t\t\t\t\t<section class=\"elementor-section elementor-inner-section elementor-element elementor-element-899993a elementor-section-boxed elementor-section-height-default elementor-section-height-default\" data-id=\"899993a\" data-element_type=\"section\" data-e-type=\"section\">\n\t\t\t\t\t\t<div class=\"elementor-container elementor-column-gap-default\">\n\t\t\t\t\t<div class=\"elementor-column elementor-col-50 elementor-inner-column elementor-element elementor-element-aa90b01\" data-id=\"aa90b01\" data-element_type=\"column\" data-e-type=\"column\">\n\t\t\t<div class=\"elementor-widget-wrap elementor-element-populated\">\n\t\t\t\t\t\t<div class=\"elementor-element elementor-element-8dbf640 elementor-widget elementor-widget-heading\" data-id=\"8dbf640\" data-element_type=\"widget\" data-e-type=\"widget\" data-widget_type=\"heading.default\">\n\t\t\t\t<div class=\"elementor-widget-container\">\n\t\t\t\t\t<h2 class=\"elementor-heading-title elementor-size-default\"><b>Opph\u00f8r av flyktningstatus\n\n\n<\/b>\n<\/h2>\t\t\t\t<\/div>\n\t\t\t\t<\/div>\n\t\t\t\t<div class=\"elementor-element elementor-element-9e08f2b elementor-widget elementor-widget-text-editor\" data-id=\"9e08f2b\" data-element_type=\"widget\" data-e-type=\"widget\" data-widget_type=\"text-editor.default\">\n\t\t\t\t<div class=\"elementor-widget-container\">\n\t\t\t\t\t\t\t\t\t<p>I 2015 ble det enighet p\u00e5 Stortinget om \u00e5 vurdere om oppholdstillatelser skal trekkes tilbake hvis det var trygt i Somalia. Det f\u00f8rte til en usikkerhet over flere \u00e5r for 1600 somaliske flyktninger. Flere detaljer om dette st\u00e5r i tidligere utgaver av Rikets tilstand. Etter fire \u00e5rs venting, ble\u00a0<a href=\"https:\/\/www.tv2.no\/nyheter\/innenriks\/listhaug-ville-returnere-1600-somaliere-i-2016-men-na-har-maeland-gitt-en-ny-instruks\/11383625\/\">sakene til flere hundre somaliske flyktninger henlagt<\/a>\u00a0v\u00e5ren 2020. UDI praksis oppdateres fortl\u00f8pende i praksisnotatet deres i <a href=\"https:\/\/www.udiregelverk.no\/rettskilder\/udi-retningslinjer\/udi-2018-014\/#18.3.1.18.3.1%C2%A0UDI_vurderer_opph%C3%B8r_for\">punkt 18<\/a> <em>Tilbakekall (opph\u00f8r) etter utlendingsloven \u00a7 37<\/em>.<\/p>\t\t\t\t\t\t\t\t<\/div>\n\t\t\t\t<\/div>\n\t\t\t\t<div class=\"elementor-element elementor-element-a90f79a elementor-widget elementor-widget-text-editor\" data-id=\"a90f79a\" data-element_type=\"widget\" data-e-type=\"widget\" data-widget_type=\"text-editor.default\">\n\t\t\t\t<div class=\"elementor-widget-container\">\n\t\t\t\t\t\t\t\t\t<p>Les mer om opph\u00f8r av flyktningstatus <a href=\"https:\/\/www.riketstilstand.noas.no\/2021\/opphor-av-flyktningstatus\">her<\/a>.<\/p>\t\t\t\t\t\t\t\t<\/div>\n\t\t\t\t<\/div>\n\t\t\t\t\t<\/div>\n\t\t<\/div>\n\t\t\t\t<div class=\"elementor-column elementor-col-50 elementor-inner-column elementor-element elementor-element-bf676a2\" data-id=\"bf676a2\" data-element_type=\"column\" data-e-type=\"column\">\n\t\t\t<div class=\"elementor-widget-wrap elementor-element-populated\">\n\t\t\t\t\t\t<div class=\"elementor-element elementor-element-581e7d4b elementor-widget elementor-widget-image\" data-id=\"581e7d4b\" data-element_type=\"widget\" data-e-type=\"widget\" data-widget_type=\"image.default\">\n\t\t\t\t<div class=\"elementor-widget-container\">\n\t\t\t\t\t\t\t\t\t\t\t\t\t\t\t<img decoding=\"async\" width=\"500\" height=\"334\" src=\"https:\/\/noas.no\/riketstilstand\/wp-content\/uploads\/2022\/09\/shutterstock_2098958149.jpg\" class=\"attachment-large size-large wp-image-1577\" alt=\"\" srcset=\"https:\/\/noas.no\/riketstilstand\/wp-content\/uploads\/2022\/09\/shutterstock_2098958149.jpg 500w, https:\/\/noas.no\/riketstilstand\/wp-content\/uploads\/2022\/09\/shutterstock_2098958149-300x200.jpg 300w\" sizes=\"(max-width: 500px) 100vw, 500px\" \/>\t\t\t\t\t\t\t\t\t\t\t\t\t\t\t<\/div>\n\t\t\t\t<\/div>\n\t\t\t\t\t<\/div>\n\t\t<\/div>\n\t\t\t\t\t<\/div>\n\t\t<\/section>\n\t\t\t\t\t<\/div>\n\t\t<\/div>\n\t\t\t\t\t<\/div>\n\t\t<\/section>\n\t\t\t\t<section class=\"elementor-section elementor-top-section elementor-element elementor-element-23ebc5b2 elementor-section-boxed elementor-section-height-default elementor-section-height-default\" data-id=\"23ebc5b2\" data-element_type=\"section\" data-e-type=\"section\">\n\t\t\t\t\t\t<div class=\"elementor-container elementor-column-gap-default\">\n\t\t\t\t\t<div class=\"elementor-column elementor-col-50 elementor-top-column elementor-element elementor-element-6b06ff0d\" data-id=\"6b06ff0d\" data-element_type=\"column\" data-e-type=\"column\">\n\t\t\t<div class=\"elementor-widget-wrap\">\n\t\t\t\t\t\t\t<\/div>\n\t\t<\/div>\n\t\t\t\t<div class=\"elementor-column elementor-col-50 elementor-top-column elementor-element elementor-element-1ae4c617\" data-id=\"1ae4c617\" data-element_type=\"column\" data-e-type=\"column\">\n\t\t\t<div class=\"elementor-widget-wrap elementor-element-populated\">\n\t\t\t\t\t\t<div class=\"elementor-element elementor-element-14270fb elementor-widget elementor-widget-text-editor\" data-id=\"14270fb\" data-element_type=\"widget\" data-e-type=\"widget\" data-widget_type=\"text-editor.default\">\n\t\t\t\t<div class=\"elementor-widget-container\">\n\t\t\t\t\t\t\t\t\t<p>SOMALISKE KVINNER OG BARN GJ\u00d8R KLART TIL \u00c5 FRAKTE VANN P\u00c5 HODET I BAIDOA, SOMALIA. FOTO: SHUTTERSTOCK<\/p>\t\t\t\t\t\t\t\t<\/div>\n\t\t\t\t<\/div>\n\t\t\t\t\t<\/div>\n\t\t<\/div>\n\t\t\t\t\t<\/div>\n\t\t<\/section>\n\t\t\t\t<section class=\"elementor-section elementor-top-section elementor-element elementor-element-343e6b9c elementor-section-boxed elementor-section-height-default elementor-section-height-default\" data-id=\"343e6b9c\" data-element_type=\"section\" data-e-type=\"section\">\n\t\t\t\t\t\t<div class=\"elementor-container elementor-column-gap-default\">\n\t\t\t\t\t<div class=\"elementor-column elementor-col-100 elementor-top-column elementor-element elementor-element-76c6173a\" data-id=\"76c6173a\" data-element_type=\"column\" data-e-type=\"column\">\n\t\t\t<div class=\"elementor-widget-wrap elementor-element-populated\">\n\t\t\t\t\t\t<div class=\"elementor-element elementor-element-69ed684f elementor-widget elementor-widget-button\" data-id=\"69ed684f\" data-element_type=\"widget\" data-e-type=\"widget\" data-widget_type=\"button.default\">\n\t\t\t\t<div class=\"elementor-widget-container\">\n\t\t\t\t\t\t\t\t\t<div class=\"elementor-button-wrapper\">\n\t\t\t\t\t<a class=\"elementor-button elementor-button-link elementor-size-md\" href=\"https:\/\/www.udiregelverk.no\/rettskilder\/udi-retningslinjer\/udi-2018-014\/\">\n\t\t\t\t\t\t<span class=\"elementor-button-content-wrapper\">\n\t\t\t\t\t\t\t\t\t<span class=\"elementor-button-text\">LES UDIS PRAKSISNOTAT FOR SOMALIA<\/span>\n\t\t\t\t\t<\/span>\n\t\t\t\t\t<\/a>\n\t\t\t\t<\/div>\n\t\t\t\t\t\t\t\t<\/div>\n\t\t\t\t<\/div>\n\t\t\t\t\t<\/div>\n\t\t<\/div>\n\t\t\t\t\t<\/div>\n\t\t<\/section>\n\t\t\t\t<\/div>\n\t\t","protected":false},"excerpt":{"rendered":"<p>Landprofiler 2024 Landprofiler:\u00a0\u00a0 Afghanistan\u00a0 &#8211;\u00a0 Eritrea\u00a0 &#8211;\u00a0 Etiopia\u00a0 &#8211;\u00a0 Irak\u00a0 &#8211;\u00a0 Iran\u00a0\u00a0 &#8211; Somalia &#8211;\u00a0 Syria &#8211; Tyrkia Somalia Les UDIs praksisnotat for Somalia her eller UNEs beskrivelse av egen praksis her. Forbedret, men ustabil sikkerhetssituasjon Sikkerhetssituasjonen i Somalia er forbedret de siste \u00e5rene, men landet kan likevel ikke anses som stabilt. \u00a0Den militante islamistgruppen\u00a0al-Shabaab\u00a0har\u00a0fortsatt [&hellip;]<\/p>\n","protected":false},"author":1,"featured_media":0,"parent":8871,"menu_order":0,"comment_status":"closed","ping_status":"closed","template":"","meta":{"_acf_changed":false,"site-sidebar-layout":"no-sidebar","site-content-layout":"page-builder","ast-site-content-layout":"full-width-container","site-content-style":"unboxed","site-sidebar-style":"unboxed","ast-global-header-display":"","ast-banner-title-visibility":"","ast-main-header-display":"","ast-hfb-above-header-display":"","ast-hfb-below-header-display":"","ast-hfb-mobile-header-display":"","site-post-title":"disabled","ast-breadcrumbs-content":"","ast-featured-img":"disabled","footer-sml-layout":"","ast-disable-related-posts":"","theme-transparent-header-meta":"default","adv-header-id-meta":"","stick-header-meta":"","header-above-stick-meta":"","header-main-stick-meta":"","header-below-stick-meta":"","astra-migrate-meta-layouts":"set","ast-page-background-enabled":"default","ast-page-background-meta":{"desktop":{"background-color":"var(--ast-global-color-4)","background-image":"","background-repeat":"repeat","background-position":"center center","background-size":"auto","background-attachment":"scroll","background-type":"","background-media":"","overlay-type":"","overlay-color":"","overlay-opacity":"","overlay-gradient":""},"tablet":{"background-color":"","background-image":"","background-repeat":"repeat","background-position":"center center","background-size":"auto","background-attachment":"scroll","background-type":"","background-media":"","overlay-type":"","overlay-color":"","overlay-opacity":"","overlay-gradient":""},"mobile":{"background-color":"","background-image":"","background-repeat":"repeat","background-position":"center center","background-size":"auto","background-attachment":"scroll","background-type":"","background-media":"","overlay-type":"","overlay-color":"","overlay-opacity":"","overlay-gradient":""}},"ast-content-background-meta":{"desktop":{"background-color":"var(--ast-global-color-5)","background-image":"","background-repeat":"repeat","background-position":"center center","background-size":"auto","background-attachment":"scroll","background-type":"","background-media":"","overlay-type":"","overlay-color":"","overlay-opacity":"","overlay-gradient":""},"tablet":{"background-color":"var(--ast-global-color-5)","background-image":"","background-repeat":"repeat","background-position":"center center","background-size":"auto","background-attachment":"scroll","background-type":"","background-media":"","overlay-type":"","overlay-color":"","overlay-opacity":"","overlay-gradient":""},"mobile":{"background-color":"var(--ast-global-color-5)","background-image":"","background-repeat":"repeat","background-position":"center center","background-size":"auto","background-attachment":"scroll","background-type":"","background-media":"","overlay-type":"","overlay-color":"","overlay-opacity":"","overlay-gradient":""}},"footnotes":""},"class_list":["post-8893","page","type-page","status-publish","hentry"],"acf":[],"_links":{"self":[{"href":"https:\/\/noas.no\/riketstilstand\/wp-json\/wp\/v2\/pages\/8893","targetHints":{"allow":["GET"]}}],"collection":[{"href":"https:\/\/noas.no\/riketstilstand\/wp-json\/wp\/v2\/pages"}],"about":[{"href":"https:\/\/noas.no\/riketstilstand\/wp-json\/wp\/v2\/types\/page"}],"author":[{"embeddable":true,"href":"https:\/\/noas.no\/riketstilstand\/wp-json\/wp\/v2\/users\/1"}],"replies":[{"embeddable":true,"href":"https:\/\/noas.no\/riketstilstand\/wp-json\/wp\/v2\/comments?post=8893"}],"version-history":[{"count":7,"href":"https:\/\/noas.no\/riketstilstand\/wp-json\/wp\/v2\/pages\/8893\/revisions"}],"predecessor-version":[{"id":9054,"href":"https:\/\/noas.no\/riketstilstand\/wp-json\/wp\/v2\/pages\/8893\/revisions\/9054"}],"up":[{"embeddable":true,"href":"https:\/\/noas.no\/riketstilstand\/wp-json\/wp\/v2\/pages\/8871"}],"wp:attachment":[{"href":"https:\/\/noas.no\/riketstilstand\/wp-json\/wp\/v2\/media?parent=8893"}],"curies":[{"name":"wp","href":"https:\/\/api.w.org\/{rel}","templated":true}]}}