{"id":8886,"date":"2024-10-16T20:45:25","date_gmt":"2024-10-16T20:45:25","guid":{"rendered":"https:\/\/noas.no\/riketstilstand\/?page_id=8886"},"modified":"2024-10-21T20:04:07","modified_gmt":"2024-10-21T20:04:07","slug":"iran","status":"publish","type":"page","link":"https:\/\/noas.no\/riketstilstand\/2024-2\/landprofiler\/iran\/","title":{"rendered":"Iran"},"content":{"rendered":"\t\t<div data-elementor-type=\"wp-page\" data-elementor-id=\"8886\" class=\"elementor elementor-8886\">\n\t\t\t\t\t\t<section class=\"elementor-section elementor-top-section elementor-element elementor-element-25a98ed elementor-section-full_width elementor-section-height-min-height elementor-section-height-default elementor-section-items-middle\" data-id=\"25a98ed\" data-element_type=\"section\" data-e-type=\"section\" data-settings=\"{&quot;background_background&quot;:&quot;classic&quot;}\">\n\t\t\t\t\t\t\t<div class=\"elementor-background-overlay\"><\/div>\n\t\t\t\t\t\t\t<div class=\"elementor-container elementor-column-gap-default\">\n\t\t\t\t\t<div class=\"elementor-column elementor-col-100 elementor-top-column elementor-element elementor-element-4b16a2f\" data-id=\"4b16a2f\" data-element_type=\"column\" data-e-type=\"column\">\n\t\t\t<div class=\"elementor-widget-wrap elementor-element-populated\">\n\t\t\t\t\t\t<div class=\"elementor-element elementor-element-bf57ca8 elementor-widget elementor-widget-heading\" data-id=\"bf57ca8\" data-element_type=\"widget\" data-e-type=\"widget\" data-widget_type=\"heading.default\">\n\t\t\t\t<div class=\"elementor-widget-container\">\n\t\t\t\t\t<h1 class=\"elementor-heading-title elementor-size-default\">Landprofiler 2024<\/h1>\t\t\t\t<\/div>\n\t\t\t\t<\/div>\n\t\t\t\t\t<\/div>\n\t\t<\/div>\n\t\t\t\t\t<\/div>\n\t\t<\/section>\n\t\t\t\t<section class=\"elementor-section elementor-top-section elementor-element elementor-element-2e537087 elementor-section-boxed elementor-section-height-default elementor-section-height-default\" data-id=\"2e537087\" data-element_type=\"section\" data-e-type=\"section\">\n\t\t\t\t\t\t<div class=\"elementor-container elementor-column-gap-default\">\n\t\t\t\t\t<div class=\"elementor-column elementor-col-100 elementor-top-column elementor-element elementor-element-40cc64d5\" data-id=\"40cc64d5\" data-element_type=\"column\" data-e-type=\"column\">\n\t\t\t<div class=\"elementor-widget-wrap elementor-element-populated\">\n\t\t\t\t\t\t<div class=\"elementor-element elementor-element-338c105a elementor-widget elementor-widget-text-editor\" data-id=\"338c105a\" data-element_type=\"widget\" data-e-type=\"widget\" data-widget_type=\"text-editor.default\">\n\t\t\t\t<div class=\"elementor-widget-container\">\n\t\t\t\t\t\t\t\t\t<div id=\"page-body-header\" class=\"extra-wrapper\"><div id=\"page-header-62f54b1323142a1e20131433\" class=\"sqs-layout sqs-grid-12 columns-12\" data-layout-label=\"Landprofiler Header Content\" data-type=\"block-field\" data-updated-on=\"1660510503982\"><div id=\"yui_3_17_2_1_1662956236214_322\" class=\"row sqs-row\"><div id=\"yui_3_17_2_1_1662956236214_321\" class=\"col sqs-col-12 span-12\"><div id=\"block-82b1c374f2fbfdd26b47\" class=\"sqs-block html-block sqs-block-html\" data-block-type=\"2\"><div id=\"yui_3_17_2_1_1662956236214_320\" class=\"sqs-block-content\"><p id=\"yui_3_17_2_1_1662956236214_319\" class=\"\"><span id=\"yui_3_17_2_1_1662956236214_318\"><b>Landprofiler<\/b><\/span><strong>:\u00a0\u00a0<\/strong> <a href=\"https:\/\/noas.no\/riketstilstand\/afghanistan\/\">Afghanistan<\/a>\u00a0 &#8211;\u00a0 <a href=\"https:\/\/noas.no\/riketstilstand\/eritrea\/\">Eritrea\u00a0<\/a> &#8211;\u00a0 <a href=\"https:\/\/noas.no\/riketstilstand\/etiopia\/\">Etiopia\u00a0<\/a> &#8211;\u00a0 <a href=\"https:\/\/noas.no\/riketstilstand\/irak\/\">Irak\u00a0<\/a> &#8211;\u00a0 <a href=\"https:\/\/noas.no\/riketstilstand\/iran\/\">Iran\u00a0\u00a0<\/a> &#8211; <a href=\"https:\/\/noas.no\/riketstilstand\/somalia\/\">Somalia <\/a>&#8211;\u00a0 <a href=\"https:\/\/noas.no\/riketstilstand\/syria\/\">Syria <\/a>&#8211; <a href=\"https:\/\/noas.no\/riketstilstand\/tyrkia\/\">Tyrkia<\/a><\/p><\/div><\/div><\/div><\/div><\/div><\/div>\t\t\t\t\t\t\t\t<\/div>\n\t\t\t\t<\/div>\n\t\t\t\t\t<\/div>\n\t\t<\/div>\n\t\t\t\t\t<\/div>\n\t\t<\/section>\n\t\t\t\t<section class=\"elementor-section elementor-top-section elementor-element elementor-element-52b66be7 elementor-section-boxed elementor-section-height-default elementor-section-height-default\" data-id=\"52b66be7\" data-element_type=\"section\" data-e-type=\"section\">\n\t\t\t\t\t\t<div class=\"elementor-container elementor-column-gap-default\">\n\t\t\t\t\t<div class=\"elementor-column elementor-col-25 elementor-top-column elementor-element elementor-element-64eca84c\" data-id=\"64eca84c\" data-element_type=\"column\" data-e-type=\"column\">\n\t\t\t<div class=\"elementor-widget-wrap elementor-element-populated\">\n\t\t\t\t\t\t<div class=\"elementor-element elementor-element-4201d939 elementor-widget elementor-widget-heading\" data-id=\"4201d939\" data-element_type=\"widget\" data-e-type=\"widget\" data-widget_type=\"heading.default\">\n\t\t\t\t<div class=\"elementor-widget-container\">\n\t\t\t\t\t<h2 class=\"elementor-heading-title elementor-size-default\"><a href=\"#\">Iran\n<\/a><\/h2>\t\t\t\t<\/div>\n\t\t\t\t<\/div>\n\t\t\t\t\t<\/div>\n\t\t<\/div>\n\t\t\t\t<div class=\"elementor-column elementor-col-50 elementor-top-column elementor-element elementor-element-5da069fb\" data-id=\"5da069fb\" data-element_type=\"column\" data-e-type=\"column\">\n\t\t\t<div class=\"elementor-widget-wrap\">\n\t\t\t\t\t\t\t<\/div>\n\t\t<\/div>\n\t\t\t\t<div class=\"elementor-column elementor-col-25 elementor-top-column elementor-element elementor-element-2746c695\" data-id=\"2746c695\" data-element_type=\"column\" data-e-type=\"column\">\n\t\t\t<div class=\"elementor-widget-wrap\">\n\t\t\t\t\t\t\t<\/div>\n\t\t<\/div>\n\t\t\t\t\t<\/div>\n\t\t<\/section>\n\t\t\t\t<section class=\"elementor-section elementor-top-section elementor-element elementor-element-4bf5d02b elementor-section-boxed elementor-section-height-default elementor-section-height-default\" data-id=\"4bf5d02b\" data-element_type=\"section\" data-e-type=\"section\">\n\t\t\t\t\t\t<div class=\"elementor-container elementor-column-gap-default\">\n\t\t\t\t\t<div class=\"elementor-column elementor-col-100 elementor-top-column elementor-element elementor-element-349dbf7d\" data-id=\"349dbf7d\" data-element_type=\"column\" data-e-type=\"column\">\n\t\t\t<div class=\"elementor-widget-wrap elementor-element-populated\">\n\t\t\t\t\t\t<div class=\"elementor-element elementor-element-24e9ab0 elementor-widget elementor-widget-image\" data-id=\"24e9ab0\" data-element_type=\"widget\" data-e-type=\"widget\" data-widget_type=\"image.default\">\n\t\t\t\t<div class=\"elementor-widget-container\">\n\t\t\t\t\t\t\t\t\t\t\t\t\t\t\t<img fetchpriority=\"high\" decoding=\"async\" width=\"717\" height=\"331\" src=\"https:\/\/noas.no\/riketstilstand\/wp-content\/uploads\/2024\/10\/6.png\" class=\"attachment-large size-large wp-image-9013\" alt=\"\" srcset=\"https:\/\/noas.no\/riketstilstand\/wp-content\/uploads\/2024\/10\/6.png 717w, https:\/\/noas.no\/riketstilstand\/wp-content\/uploads\/2024\/10\/6-300x138.png 300w\" sizes=\"(max-width: 717px) 100vw, 717px\" \/>\t\t\t\t\t\t\t\t\t\t\t\t\t\t\t<\/div>\n\t\t\t\t<\/div>\n\t\t\t\t<div class=\"elementor-element elementor-element-32db4c67 elementor-widget elementor-widget-heading\" data-id=\"32db4c67\" data-element_type=\"widget\" data-e-type=\"widget\" data-widget_type=\"heading.default\">\n\t\t\t\t<div class=\"elementor-widget-container\">\n\t\t\t\t\t<h2 class=\"elementor-heading-title elementor-size-default\"><b>Alvorlig menneskerettighetssituasjon\n\n\n\n<\/b>\n<\/h2>\t\t\t\t<\/div>\n\t\t\t\t<\/div>\n\t\t\t\t<div class=\"elementor-element elementor-element-290988a elementor-widget elementor-widget-text-editor\" data-id=\"290988a\" data-element_type=\"widget\" data-e-type=\"widget\" data-widget_type=\"text-editor.default\">\n\t\t\t\t<div class=\"elementor-widget-container\">\n\t\t\t\t\t\t\t\t\t<p>Den sv\u00e6rt alvorlige menneskerettighetssituasjonen fortsetter og Iran bruker aktivt d\u00f8dsstraff for \u00e5 skape frykt blant befolkningen og for \u00e5 stramme inn grepet om makten i forbindelse med \u201cKvinne, Liv, Frihet\u201d demonstrasjonene. Demonstrasjonene kom i etterkant av at Zhina Mahsa Amini d\u00f8de 16. september 2022, etter \u00e5 ha blitt arrestert av iranske myndigheter for brudd p\u00e5 reglene for hvordan hijab skal sitte p\u00e5 hodet. Det utl\u00f8ste\u00a0store demonstrasjoner\u00a0i Iran hvor flere hundre demonstranter ble drept av iranske sikkerhetsstyrker, inkludert mange barn. \u00a0\u00a0og det ble rapportert at over 18.000 demonstranter ble arrestert. <a href=\"https:\/\/amnesty.no\/iran-dodsstraff-rapport\">Amnesty melder at i 2023 henrettet Iran 853 mennesker &#8211; det h\u00f8yeste antallet p\u00e5 mange \u00e5r.<\/a><\/p>\t\t\t\t\t\t\t\t<\/div>\n\t\t\t\t<\/div>\n\t\t\t\t<div class=\"elementor-element elementor-element-e53838a elementor-widget elementor-widget-text-editor\" data-id=\"e53838a\" data-element_type=\"widget\" data-e-type=\"widget\" data-widget_type=\"text-editor.default\">\n\t\t\t\t<div class=\"elementor-widget-container\">\n\t\t\t\t\t\t\t\t\t<p><a href=\"https:\/\/landinfo.no\/wp-content\/uploads\/2023\/12\/Iran-respons-Iransk-kurdiske-partier-med-baser-i-Nord-Irak-%E2%80%93-Endret-situasjon-hosten-2023-04122023.pdf\">Iranske myndigheter har ogs\u00e5 sl\u00e5tt hardt ned p\u00e5 kurdiske partier<\/a> samt lagt press p\u00e5 irakske myndigheter og kurdiske selvstyremyndighetene i Irak og krevd at basene avvikles og at partiene avv\u00e6pnes. Dette har intensivert forf\u00f8lgelsen av personer tilknyttet de kurdiske partiene.<\/p>\t\t\t\t\t\t\t\t<\/div>\n\t\t\t\t<\/div>\n\t\t\t\t\t<\/div>\n\t\t<\/div>\n\t\t\t\t\t<\/div>\n\t\t<\/section>\n\t\t\t\t<section class=\"elementor-section elementor-top-section elementor-element elementor-element-3a13b7e elementor-section-boxed elementor-section-height-default elementor-section-height-default\" data-id=\"3a13b7e\" data-element_type=\"section\" data-e-type=\"section\">\n\t\t\t\t\t\t<div class=\"elementor-container elementor-column-gap-default\">\n\t\t\t\t\t<div class=\"elementor-column elementor-col-100 elementor-top-column elementor-element elementor-element-b9ebe7c\" data-id=\"b9ebe7c\" data-element_type=\"column\" data-e-type=\"column\">\n\t\t\t<div class=\"elementor-widget-wrap elementor-element-populated\">\n\t\t\t\t\t\t<div class=\"elementor-element elementor-element-8eac677 elementor-widget elementor-widget-heading\" data-id=\"8eac677\" data-element_type=\"widget\" data-e-type=\"widget\" data-widget_type=\"heading.default\">\n\t\t\t\t<div class=\"elementor-widget-container\">\n\t\t\t\t\t<h2 class=\"elementor-heading-title elementor-size-default\">Reell og berettiget frykt for retur\n<\/h2>\t\t\t\t<\/div>\n\t\t\t\t<\/div>\n\t\t\t\t\t<\/div>\n\t\t<\/div>\n\t\t\t\t\t<\/div>\n\t\t<\/section>\n\t\t\t\t<section class=\"elementor-section elementor-top-section elementor-element elementor-element-33e1d30d elementor-section-boxed elementor-section-height-default elementor-section-height-default\" data-id=\"33e1d30d\" data-element_type=\"section\" data-e-type=\"section\">\n\t\t\t\t\t\t<div class=\"elementor-container elementor-column-gap-default\">\n\t\t\t\t\t<div class=\"elementor-column elementor-col-25 elementor-top-column elementor-element elementor-element-2c9edb52\" data-id=\"2c9edb52\" data-element_type=\"column\" data-e-type=\"column\">\n\t\t\t<div class=\"elementor-widget-wrap elementor-element-populated\">\n\t\t\t\t\t\t<div class=\"elementor-element elementor-element-746c3c1 elementor-widget elementor-widget-text-editor\" data-id=\"746c3c1\" data-element_type=\"widget\" data-e-type=\"widget\" data-widget_type=\"text-editor.default\">\n\t\t\t\t<div class=\"elementor-widget-container\">\n\t\t\t\t\t\t\t\t\t<p>I Norge lever det iranske asyls\u00f8kere som har f\u00e5tt avslag p\u00e5 s\u00f8knaden om beskyttelse, til tross for at de over mange \u00e5r har v\u00e6rt aktive motstandere av det iranske styret. Herunder ogs\u00e5 aktive medlemmer av de kurdiske partiene som er ansett som ulovlige av iranske regimet. \u00a0Situasjonen i Iran viser dessverre at deres frykt for forf\u00f8lgelse ved retur er reell og berettiget.<\/p><p>NOAS er derfor bekymret for at iranske asyls\u00f8kere med endelig avslag risikerer \u00e5 bli sendt tilbake med reell risiko for forf\u00f8lgelse ved retur til Iran. I 2023\u00a0 engasjerte vi oss i over 30 iranske asylsaker.<\/p>\t\t\t\t\t\t\t\t<\/div>\n\t\t\t\t<\/div>\n\t\t\t\t\t<\/div>\n\t\t<\/div>\n\t\t\t\t<div class=\"elementor-column elementor-col-50 elementor-top-column elementor-element elementor-element-175b147d\" data-id=\"175b147d\" data-element_type=\"column\" data-e-type=\"column\">\n\t\t\t<div class=\"elementor-widget-wrap elementor-element-populated\">\n\t\t\t\t\t\t<div class=\"elementor-element elementor-element-3515dad4 elementor-widget elementor-widget-image\" data-id=\"3515dad4\" data-element_type=\"widget\" data-e-type=\"widget\" data-widget_type=\"image.default\">\n\t\t\t\t<div class=\"elementor-widget-container\">\n\t\t\t\t\t\t\t\t\t\t\t\t\t\t\t<img decoding=\"async\" width=\"750\" height=\"434\" src=\"https:\/\/noas.no\/riketstilstand\/wp-content\/uploads\/2022\/09\/Skjermbilde2022-08-12kl.01.08.11.png\" class=\"attachment-large size-large wp-image-1568\" alt=\"\" srcset=\"https:\/\/noas.no\/riketstilstand\/wp-content\/uploads\/2022\/09\/Skjermbilde2022-08-12kl.01.08.11.png 750w, https:\/\/noas.no\/riketstilstand\/wp-content\/uploads\/2022\/09\/Skjermbilde2022-08-12kl.01.08.11-300x174.png 300w\" sizes=\"(max-width: 750px) 100vw, 750px\" \/>\t\t\t\t\t\t\t\t\t\t\t\t\t\t\t<\/div>\n\t\t\t\t<\/div>\n\t\t\t\t<div class=\"elementor-element elementor-element-17e4cf0 elementor-widget elementor-widget-text-editor\" data-id=\"17e4cf0\" data-element_type=\"widget\" data-e-type=\"widget\" data-widget_type=\"text-editor.default\">\n\t\t\t\t<div class=\"elementor-widget-container\">\n\t\t\t\t\t\t\t\t\t<p>TRADISJONELLE IRANSKE TEPPER, SHIRAZ, IRAN. FOTO: NICOLA MESSANA <\/p>\t\t\t\t\t\t\t\t<\/div>\n\t\t\t\t<\/div>\n\t\t\t\t\t<\/div>\n\t\t<\/div>\n\t\t\t\t<div class=\"elementor-column elementor-col-25 elementor-top-column elementor-element elementor-element-265607af\" data-id=\"265607af\" data-element_type=\"column\" data-e-type=\"column\">\n\t\t\t<div class=\"elementor-widget-wrap\">\n\t\t\t\t\t\t\t<\/div>\n\t\t<\/div>\n\t\t\t\t\t<\/div>\n\t\t<\/section>\n\t\t\t\t<section class=\"elementor-section elementor-top-section elementor-element elementor-element-74c87465 elementor-section-boxed elementor-section-height-default elementor-section-height-default\" data-id=\"74c87465\" data-element_type=\"section\" data-e-type=\"section\">\n\t\t\t\t\t\t<div class=\"elementor-container elementor-column-gap-default\">\n\t\t\t\t\t<div class=\"elementor-column elementor-col-100 elementor-top-column elementor-element elementor-element-33f83e9\" data-id=\"33f83e9\" data-element_type=\"column\" data-e-type=\"column\">\n\t\t\t<div class=\"elementor-widget-wrap elementor-element-populated\">\n\t\t\t\t\t\t<section class=\"elementor-section elementor-inner-section elementor-element elementor-element-293be7f5 elementor-section-boxed elementor-section-height-default elementor-section-height-default\" data-id=\"293be7f5\" data-element_type=\"section\" data-e-type=\"section\">\n\t\t\t\t\t\t<div class=\"elementor-container elementor-column-gap-default\">\n\t\t\t\t\t<div class=\"elementor-column elementor-col-50 elementor-inner-column elementor-element elementor-element-3ff0dfa3\" data-id=\"3ff0dfa3\" data-element_type=\"column\" data-e-type=\"column\">\n\t\t\t<div class=\"elementor-widget-wrap elementor-element-populated\">\n\t\t\t\t\t\t<div class=\"elementor-element elementor-element-7609f64 elementor-widget elementor-widget-heading\" data-id=\"7609f64\" data-element_type=\"widget\" data-e-type=\"widget\" data-widget_type=\"heading.default\">\n\t\t\t\t<div class=\"elementor-widget-container\">\n\t\t\t\t\t<h2 class=\"elementor-heading-title elementor-size-default\"><b>Bedre rettssikkerhet for konvertitter\n\n\n\n<\/b>\n<\/h2>\t\t\t\t<\/div>\n\t\t\t\t<\/div>\n\t\t\t\t<div class=\"elementor-element elementor-element-c81e32e elementor-widget elementor-widget-text-editor\" data-id=\"c81e32e\" data-element_type=\"widget\" data-e-type=\"widget\" data-widget_type=\"text-editor.default\">\n\t\t\t\t<div class=\"elementor-widget-container\">\n\t\t\t\t\t\t\t\t\t<p>En gruppe NOAS har engasjert seg i over tid.er iranske asyls\u00f8kere, som frykter forf\u00f8lgelse ved retur til hjemlandet fordi de har konvertert fra islam til kristendom, noe som er <a href=\"https:\/\/landinfo.no\/wp-content\/uploads\/2022\/06\/Temantoat-Iran-Arrestasjon-og-straffeforfolgelse-av-kristne-konvertitter-en-oppdatering-20062022-utenENDNOTE.pdf\">forbudt i Iran<\/a>. Aktive konvertitter har blitt id\u00f8mt\u00a0<a href=\"https:\/\/articleeighteen.com\/resources\/reports\/\">lange fengselsstraffer.<\/a><\/p><p>Norske myndigheter innvilger kun beskyttelse hvis det er sannsynlig at en konvertitt vil v\u00e6re leder, pastor eller synlig misjonerende ved retur til Iran.\u00a0<a href=\"https:\/\/www.noas.no\/wp-content\/uploads\/2017\/07\/Tro-haap-og-forfolgelse-II.pdf\">Her skiller norsk praksis seg<\/a>\u00a0fra praksis i flere andre europeiske land, der det gis beskyttelse til iranske kristne konvertitter som ut\u00f8ver sin tro sammen med andre \u2013 uten at de trenger \u00e5 ha en bestemt posisjon eller rolle. I Storbritannia ble slik praksis stadfestet i \u00a0<em>upper tribunale<\/em> i\u00a0<a href=\"https:\/\/www.bailii.org\/uk\/cases\/UKUT\/IAC\/2020\/46.html#AA\">2020<\/a>.<\/p><p>NOAS har i 2023 fremmet flere saker for domstolspr\u00f8vning gjennom v\u00e5rt Domstolsprosjekt for \u00e5 f\u00e5 avklart rettspraksis p\u00e5 omr\u00e5det da vi anser at dagens praksis i forvaltningen inneb\u00e6rer at iranske konvertitter st\u00e5r ovenfor et umulig valg ved retur; valget mellom \u00e5 skjule sin tro eller forf\u00f8lgelse.<\/p><p>I 2024 f\u00e5r NOAS pr\u00f8vd de rettslige sp\u00f8rsm\u00e5lene som problematikken reiser. En av v\u00e5re <a href=\"https:\/\/lovdata.no\/pro\/#document\/LBSIV\/avgjorelse\/lb-2023-79432\">domstolsprosjektsaker<\/a> har sluppet inn for H\u00f8yesterett og skal behandles av H\u00f8yesterett den 3. og 4. desember 2024. NOAS h\u00e5per det vil medf\u00f8re en endring som ivaretar retten til \u00e5 ut\u00f8ve sin tro uten frykt for forf\u00f8lgelse.<\/p>\t\t\t\t\t\t\t\t<\/div>\n\t\t\t\t<\/div>\n\t\t\t\t\t<\/div>\n\t\t<\/div>\n\t\t\t\t<div class=\"elementor-column elementor-col-50 elementor-inner-column elementor-element elementor-element-7fbb2655\" data-id=\"7fbb2655\" data-element_type=\"column\" data-e-type=\"column\">\n\t\t\t<div class=\"elementor-widget-wrap\">\n\t\t\t\t\t\t\t<\/div>\n\t\t<\/div>\n\t\t\t\t\t<\/div>\n\t\t<\/section>\n\t\t\t\t\t<\/div>\n\t\t<\/div>\n\t\t\t\t\t<\/div>\n\t\t<\/section>\n\t\t\t\t<section class=\"elementor-section elementor-top-section elementor-element elementor-element-46ca0045 elementor-section-boxed elementor-section-height-default elementor-section-height-default\" data-id=\"46ca0045\" data-element_type=\"section\" data-e-type=\"section\">\n\t\t\t\t\t\t<div class=\"elementor-container elementor-column-gap-default\">\n\t\t\t\t\t<div class=\"elementor-column elementor-col-50 elementor-top-column elementor-element elementor-element-62ca688b\" data-id=\"62ca688b\" data-element_type=\"column\" data-e-type=\"column\">\n\t\t\t<div class=\"elementor-widget-wrap elementor-element-populated\">\n\t\t\t\t\t\t<div class=\"elementor-element elementor-element-4e7c2942 elementor-widget elementor-widget-button\" data-id=\"4e7c2942\" data-element_type=\"widget\" data-e-type=\"widget\" data-widget_type=\"button.default\">\n\t\t\t\t<div class=\"elementor-widget-container\">\n\t\t\t\t\t\t\t\t\t<div class=\"elementor-button-wrapper\">\n\t\t\t\t\t<a class=\"elementor-button elementor-button-link elementor-size-md\" href=\"https:\/\/www.udiregelverk.no\/rettskilder\/udi-retningslinjer\/udi-2016-002\/\">\n\t\t\t\t\t\t<span class=\"elementor-button-content-wrapper\">\n\t\t\t\t\t\t\t\t\t<span class=\"elementor-button-text\">LES UDIS PRAKSISNOTAT FOR IRAN<\/span>\n\t\t\t\t\t<\/span>\n\t\t\t\t\t<\/a>\n\t\t\t\t<\/div>\n\t\t\t\t\t\t\t\t<\/div>\n\t\t\t\t<\/div>\n\t\t\t\t\t<\/div>\n\t\t<\/div>\n\t\t\t\t<div class=\"elementor-column elementor-col-50 elementor-top-column elementor-element elementor-element-3b3b17d2\" data-id=\"3b3b17d2\" data-element_type=\"column\" data-e-type=\"column\">\n\t\t\t<div class=\"elementor-widget-wrap\">\n\t\t\t\t\t\t\t<\/div>\n\t\t<\/div>\n\t\t\t\t\t<\/div>\n\t\t<\/section>\n\t\t\t\t<\/div>\n\t\t","protected":false},"excerpt":{"rendered":"<p>Landprofiler 2024 Landprofiler:\u00a0\u00a0 Afghanistan\u00a0 &#8211;\u00a0 Eritrea\u00a0 &#8211;\u00a0 Etiopia\u00a0 &#8211;\u00a0 Irak\u00a0 &#8211;\u00a0 Iran\u00a0\u00a0 &#8211; Somalia &#8211;\u00a0 Syria &#8211; Tyrkia Iran Alvorlig menneskerettighetssituasjon Den sv\u00e6rt alvorlige menneskerettighetssituasjonen fortsetter og Iran bruker aktivt d\u00f8dsstraff for \u00e5 skape frykt blant befolkningen og for \u00e5 stramme inn grepet om makten i forbindelse med \u201cKvinne, Liv, Frihet\u201d demonstrasjonene. Demonstrasjonene kom i [&hellip;]<\/p>\n","protected":false},"author":1,"featured_media":0,"parent":8871,"menu_order":0,"comment_status":"closed","ping_status":"closed","template":"","meta":{"_acf_changed":false,"site-sidebar-layout":"no-sidebar","site-content-layout":"page-builder","ast-site-content-layout":"full-width-container","site-content-style":"unboxed","site-sidebar-style":"unboxed","ast-global-header-display":"","ast-banner-title-visibility":"","ast-main-header-display":"","ast-hfb-above-header-display":"","ast-hfb-below-header-display":"","ast-hfb-mobile-header-display":"","site-post-title":"disabled","ast-breadcrumbs-content":"","ast-featured-img":"disabled","footer-sml-layout":"","ast-disable-related-posts":"","theme-transparent-header-meta":"default","adv-header-id-meta":"","stick-header-meta":"","header-above-stick-meta":"","header-main-stick-meta":"","header-below-stick-meta":"","astra-migrate-meta-layouts":"set","ast-page-background-enabled":"default","ast-page-background-meta":{"desktop":{"background-color":"var(--ast-global-color-4)","background-image":"","background-repeat":"repeat","background-position":"center center","background-size":"auto","background-attachment":"scroll","background-type":"","background-media":"","overlay-type":"","overlay-color":"","overlay-opacity":"","overlay-gradient":""},"tablet":{"background-color":"","background-image":"","background-repeat":"repeat","background-position":"center center","background-size":"auto","background-attachment":"scroll","background-type":"","background-media":"","overlay-type":"","overlay-color":"","overlay-opacity":"","overlay-gradient":""},"mobile":{"background-color":"","background-image":"","background-repeat":"repeat","background-position":"center center","background-size":"auto","background-attachment":"scroll","background-type":"","background-media":"","overlay-type":"","overlay-color":"","overlay-opacity":"","overlay-gradient":""}},"ast-content-background-meta":{"desktop":{"background-color":"var(--ast-global-color-5)","background-image":"","background-repeat":"repeat","background-position":"center center","background-size":"auto","background-attachment":"scroll","background-type":"","background-media":"","overlay-type":"","overlay-color":"","overlay-opacity":"","overlay-gradient":""},"tablet":{"background-color":"var(--ast-global-color-5)","background-image":"","background-repeat":"repeat","background-position":"center center","background-size":"auto","background-attachment":"scroll","background-type":"","background-media":"","overlay-type":"","overlay-color":"","overlay-opacity":"","overlay-gradient":""},"mobile":{"background-color":"var(--ast-global-color-5)","background-image":"","background-repeat":"repeat","background-position":"center center","background-size":"auto","background-attachment":"scroll","background-type":"","background-media":"","overlay-type":"","overlay-color":"","overlay-opacity":"","overlay-gradient":""}},"footnotes":""},"class_list":["post-8886","page","type-page","status-publish","hentry"],"acf":[],"_links":{"self":[{"href":"https:\/\/noas.no\/riketstilstand\/wp-json\/wp\/v2\/pages\/8886","targetHints":{"allow":["GET"]}}],"collection":[{"href":"https:\/\/noas.no\/riketstilstand\/wp-json\/wp\/v2\/pages"}],"about":[{"href":"https:\/\/noas.no\/riketstilstand\/wp-json\/wp\/v2\/types\/page"}],"author":[{"embeddable":true,"href":"https:\/\/noas.no\/riketstilstand\/wp-json\/wp\/v2\/users\/1"}],"replies":[{"embeddable":true,"href":"https:\/\/noas.no\/riketstilstand\/wp-json\/wp\/v2\/comments?post=8886"}],"version-history":[{"count":13,"href":"https:\/\/noas.no\/riketstilstand\/wp-json\/wp\/v2\/pages\/8886\/revisions"}],"predecessor-version":[{"id":9153,"href":"https:\/\/noas.no\/riketstilstand\/wp-json\/wp\/v2\/pages\/8886\/revisions\/9153"}],"up":[{"embeddable":true,"href":"https:\/\/noas.no\/riketstilstand\/wp-json\/wp\/v2\/pages\/8871"}],"wp:attachment":[{"href":"https:\/\/noas.no\/riketstilstand\/wp-json\/wp\/v2\/media?parent=8886"}],"curies":[{"name":"wp","href":"https:\/\/api.w.org\/{rel}","templated":true}]}}