{"id":8861,"date":"2024-10-14T09:51:08","date_gmt":"2024-10-14T09:51:08","guid":{"rendered":"https:\/\/noas.no\/riketstilstand\/?page_id=8861"},"modified":"2024-10-21T08:11:33","modified_gmt":"2024-10-21T08:11:33","slug":"afghanistan","status":"publish","type":"page","link":"https:\/\/noas.no\/riketstilstand\/2024-2\/landprofiler\/afghanistan\/","title":{"rendered":"Afghanistan"},"content":{"rendered":"\t\t<div data-elementor-type=\"wp-page\" data-elementor-id=\"8861\" class=\"elementor elementor-8861\">\n\t\t\t\t\t\t<section class=\"elementor-section elementor-top-section elementor-element elementor-element-212d941 elementor-section-full_width elementor-section-height-min-height elementor-section-height-default elementor-section-items-middle\" data-id=\"212d941\" data-element_type=\"section\" data-e-type=\"section\" data-settings=\"{&quot;background_background&quot;:&quot;classic&quot;}\">\n\t\t\t\t\t\t\t<div class=\"elementor-background-overlay\"><\/div>\n\t\t\t\t\t\t\t<div class=\"elementor-container elementor-column-gap-default\">\n\t\t\t\t\t<div class=\"elementor-column elementor-col-100 elementor-top-column elementor-element elementor-element-972472b\" data-id=\"972472b\" data-element_type=\"column\" data-e-type=\"column\">\n\t\t\t<div class=\"elementor-widget-wrap elementor-element-populated\">\n\t\t\t\t\t\t<div class=\"elementor-element elementor-element-7bc4596 elementor-widget elementor-widget-heading\" data-id=\"7bc4596\" data-element_type=\"widget\" data-e-type=\"widget\" data-widget_type=\"heading.default\">\n\t\t\t\t<div class=\"elementor-widget-container\">\n\t\t\t\t\t<h1 class=\"elementor-heading-title elementor-size-default\">Landprofiler 2024<\/h1>\t\t\t\t<\/div>\n\t\t\t\t<\/div>\n\t\t\t\t\t<\/div>\n\t\t<\/div>\n\t\t\t\t\t<\/div>\n\t\t<\/section>\n\t\t\t\t<section class=\"elementor-section elementor-top-section elementor-element elementor-element-218d3cdf elementor-section-boxed elementor-section-height-default elementor-section-height-default\" data-id=\"218d3cdf\" data-element_type=\"section\" data-e-type=\"section\">\n\t\t\t\t\t\t<div class=\"elementor-container elementor-column-gap-default\">\n\t\t\t\t\t<div class=\"elementor-column elementor-col-100 elementor-top-column elementor-element elementor-element-1dfa9b02\" data-id=\"1dfa9b02\" data-element_type=\"column\" data-e-type=\"column\">\n\t\t\t<div class=\"elementor-widget-wrap elementor-element-populated\">\n\t\t\t\t\t\t<div class=\"elementor-element elementor-element-de67c2b elementor-widget elementor-widget-heading\" data-id=\"de67c2b\" data-element_type=\"widget\" data-e-type=\"widget\" data-widget_type=\"heading.default\">\n\t\t\t\t<div class=\"elementor-widget-container\">\n\t\t\t\t\t<h2 class=\"elementor-heading-title elementor-size-default\"><a href=\"#\">Afghanistan<\/a><\/h2>\t\t\t\t<\/div>\n\t\t\t\t<\/div>\n\t\t\t\t\t<\/div>\n\t\t<\/div>\n\t\t\t\t\t<\/div>\n\t\t<\/section>\n\t\t\t\t<section class=\"elementor-section elementor-top-section elementor-element elementor-element-25921e95 elementor-section-boxed elementor-section-height-default elementor-section-height-default\" data-id=\"25921e95\" data-element_type=\"section\" data-e-type=\"section\">\n\t\t\t\t\t\t<div class=\"elementor-container elementor-column-gap-default\">\n\t\t\t\t\t<div class=\"elementor-column elementor-col-100 elementor-top-column elementor-element elementor-element-40192d85\" data-id=\"40192d85\" data-element_type=\"column\" data-e-type=\"column\">\n\t\t\t<div class=\"elementor-widget-wrap elementor-element-populated\">\n\t\t\t\t\t\t<div class=\"elementor-element elementor-element-348de0c elementor-widget elementor-widget-image\" data-id=\"348de0c\" data-element_type=\"widget\" data-e-type=\"widget\" data-widget_type=\"image.default\">\n\t\t\t\t<div class=\"elementor-widget-container\">\n\t\t\t\t\t\t\t\t\t\t\t\t\t\t\t<img fetchpriority=\"high\" decoding=\"async\" width=\"805\" height=\"314\" src=\"https:\/\/noas.no\/riketstilstand\/wp-content\/uploads\/2024\/10\/1-1.png\" class=\"attachment-large size-large wp-image-9018\" alt=\"\" srcset=\"https:\/\/noas.no\/riketstilstand\/wp-content\/uploads\/2024\/10\/1-1.png 805w, https:\/\/noas.no\/riketstilstand\/wp-content\/uploads\/2024\/10\/1-1-300x117.png 300w, https:\/\/noas.no\/riketstilstand\/wp-content\/uploads\/2024\/10\/1-1-768x300.png 768w\" sizes=\"(max-width: 805px) 100vw, 805px\" \/>\t\t\t\t\t\t\t\t\t\t\t\t\t\t\t<\/div>\n\t\t\t\t<\/div>\n\t\t\t\t<div class=\"elementor-element elementor-element-177f2c7 elementor-widget elementor-widget-text-editor\" data-id=\"177f2c7\" data-element_type=\"widget\" data-e-type=\"widget\" data-widget_type=\"text-editor.default\">\n\t\t\t\t<div class=\"elementor-widget-container\">\n\t\t\t\t\t\t\t\t\t<p>Afghanistan ble i <a href=\"https:\/\/www.economicsandpeace.org\/wp-content\/uploads\/2023\/09\/GPI-2023-Web.pdf\">Global Peace Index 2023<\/a> k\u00e5ret som verdens minst fredelige land for sjette \u00e5ret p\u00e5 rad. I 2024 ble denne posisjonen overtatt av S\u00f8r-Sudan, Sudan og Jemen. Konflikt og utrygghet over mange \u00e5r har f\u00f8rt til et stort antall internt fordrevne, i tillegg til at mange har flyktet ut av landet. \u00a0<\/p>\t\t\t\t\t\t\t\t<\/div>\n\t\t\t\t<\/div>\n\t\t\t\t<div class=\"elementor-element elementor-element-e4d8649 elementor-widget elementor-widget-heading\" data-id=\"e4d8649\" data-element_type=\"widget\" data-e-type=\"widget\" data-widget_type=\"heading.default\">\n\t\t\t\t<div class=\"elementor-widget-container\">\n\t\t\t\t\t<h2 class=\"elementor-heading-title elementor-size-default\"><b>Talibans maktovertakelse\n<\/b>\n<\/h2>\t\t\t\t<\/div>\n\t\t\t\t<\/div>\n\t\t\t\t<div class=\"elementor-element elementor-element-708f032 elementor-widget elementor-widget-text-editor\" data-id=\"708f032\" data-element_type=\"widget\" data-e-type=\"widget\" data-widget_type=\"text-editor.default\">\n\t\t\t\t<div class=\"elementor-widget-container\">\n\t\t\t\t\t\t\t\t\t<p>15. august 2021 tok Taliban over kontrollen over hele Afghanistan. Talibans maktovertakelse medf\u00f8rte videre at en allerede vanskelig humanit\u00e6r situasjon ble forverret. I 2023 hadde <a href=\"https:\/\/www.unocha.org\/publications\/report\/world\/ocha-annual-report-2023\">to av tre afghanere<\/a> behov for humanit\u00e6r bistand, og det er ingenting som tyder p\u00e5 at Taliban kommer til \u00e5 prioritere velferd og tjenester for befolkningen i tiden som kommer.<\/p>\t\t\t\t\t\t\t\t<\/div>\n\t\t\t\t<\/div>\n\t\t\t\t\t<\/div>\n\t\t<\/div>\n\t\t\t\t\t<\/div>\n\t\t<\/section>\n\t\t\t\t<section class=\"elementor-section elementor-top-section elementor-element elementor-element-1f6de846 elementor-section-boxed elementor-section-height-default elementor-section-height-default\" data-id=\"1f6de846\" data-element_type=\"section\" data-e-type=\"section\">\n\t\t\t\t\t\t<div class=\"elementor-container elementor-column-gap-default\">\n\t\t\t\t\t<div class=\"elementor-column elementor-col-33 elementor-top-column elementor-element elementor-element-b5d8ccf\" data-id=\"b5d8ccf\" data-element_type=\"column\" data-e-type=\"column\">\n\t\t\t<div class=\"elementor-widget-wrap elementor-element-populated\">\n\t\t\t\t\t\t<div class=\"elementor-element elementor-element-3e3e448 elementor-widget elementor-widget-heading\" data-id=\"3e3e448\" data-element_type=\"widget\" data-e-type=\"widget\" data-widget_type=\"heading.default\">\n\t\t\t\t<div class=\"elementor-widget-container\">\n\t\t\t\t\t<h2 class=\"elementor-heading-title elementor-size-default\">\nKvinners rettigheter<\/h2>\t\t\t\t<\/div>\n\t\t\t\t<\/div>\n\t\t\t\t<div class=\"elementor-element elementor-element-cc08c47 elementor-widget elementor-widget-text-editor\" data-id=\"cc08c47\" data-element_type=\"widget\" data-e-type=\"widget\" data-widget_type=\"text-editor.default\">\n\t\t\t\t<div class=\"elementor-widget-container\">\n\t\t\t\t\t\t\t\t\t<p>For mange afghanere har <a href=\"https:\/\/unama.unmissions.org\/press-statement-security-council-situation-afghanistan\">menneskerettighetssituasjonen<\/a> blitt verre etter at Taliban kom til makten. Dette rammer s\u00e6rlig afghanske jenter og kvinner. Taliban har begrenset jenters tilgang til grunnskoleutdanning, nekter kvinner \u00e5 studere ved universiteter, og har innf\u00f8rt krav om at kvinner m\u00e5 dekke til ansiktet i det offentlige rom.\u00a0<\/p>\t\t\t\t\t\t\t\t<\/div>\n\t\t\t\t<\/div>\n\t\t\t\t\t<\/div>\n\t\t<\/div>\n\t\t\t\t<div class=\"elementor-column elementor-col-33 elementor-top-column elementor-element elementor-element-385799c1\" data-id=\"385799c1\" data-element_type=\"column\" data-e-type=\"column\">\n\t\t\t<div class=\"elementor-widget-wrap elementor-element-populated\">\n\t\t\t\t\t\t<div class=\"elementor-element elementor-element-36bc106 elementor-widget elementor-widget-image\" data-id=\"36bc106\" data-element_type=\"widget\" data-e-type=\"widget\" data-widget_type=\"image.default\">\n\t\t\t\t<div class=\"elementor-widget-container\">\n\t\t\t\t\t\t\t\t\t\t\t\t\t\t\t<img decoding=\"async\" width=\"500\" height=\"335\" src=\"https:\/\/noas.no\/riketstilstand\/wp-content\/uploads\/2022\/09\/shutterstock_53727424.jpg\" class=\"attachment-large size-large wp-image-1457\" alt=\"\" srcset=\"https:\/\/noas.no\/riketstilstand\/wp-content\/uploads\/2022\/09\/shutterstock_53727424.jpg 500w, https:\/\/noas.no\/riketstilstand\/wp-content\/uploads\/2022\/09\/shutterstock_53727424-300x201.jpg 300w\" sizes=\"(max-width: 500px) 100vw, 500px\" \/>\t\t\t\t\t\t\t\t\t\t\t\t\t\t\t<\/div>\n\t\t\t\t<\/div>\n\t\t\t\t<div class=\"elementor-element elementor-element-b2d55b2 elementor-widget elementor-widget-text-editor\" data-id=\"b2d55b2\" data-element_type=\"widget\" data-e-type=\"widget\" data-widget_type=\"text-editor.default\">\n\t\t\t\t<div class=\"elementor-widget-container\">\n\t\t\t\t\t\t\t\t\t<p>KVINNERS SITUASJON ER YTTERLIGERE FORVERRET ETTER TALIBANS MAKTOVERTAKELSE. BLANT ANNET UTELUKKES KVINNER FRA STORE DELER AV ARBEIDSLIVET, OG DE M\u00c5 BRUKE BURKA UTENFOR HJEMMET. FOTO: LIZETTE POTGIETER<\/p>\t\t\t\t\t\t\t\t<\/div>\n\t\t\t\t<\/div>\n\t\t\t\t\t<\/div>\n\t\t<\/div>\n\t\t\t\t<div class=\"elementor-column elementor-col-33 elementor-top-column elementor-element elementor-element-afb7b4c\" data-id=\"afb7b4c\" data-element_type=\"column\" data-e-type=\"column\">\n\t\t\t<div class=\"elementor-widget-wrap elementor-element-populated\">\n\t\t\t\t\t\t<div class=\"elementor-element elementor-element-a29d3a0 elementor-widget elementor-widget-text-editor\" data-id=\"a29d3a0\" data-element_type=\"widget\" data-e-type=\"widget\" data-widget_type=\"text-editor.default\">\n\t\t\t\t<div class=\"elementor-widget-container\">\n\t\t\t\t\t\t\t\t\t<p>&#8220;Taliban har begrenset jenters tilgang til grunnskoleutdanning, nekter kvinner \u00e5 studere ved universiteter, og har innf\u00f8rt krav om at kvinner m\u00e5 dekke til ansiktet i det offentlige rom.&#8221;<\/p>\t\t\t\t\t\t\t\t<\/div>\n\t\t\t\t<\/div>\n\t\t\t\t\t<\/div>\n\t\t<\/div>\n\t\t\t\t\t<\/div>\n\t\t<\/section>\n\t\t\t\t<section class=\"elementor-section elementor-top-section elementor-element elementor-element-49e87cd elementor-section-boxed elementor-section-height-default elementor-section-height-default\" data-id=\"49e87cd\" data-element_type=\"section\" data-e-type=\"section\">\n\t\t\t\t\t\t<div class=\"elementor-container elementor-column-gap-default\">\n\t\t\t\t\t<div class=\"elementor-column elementor-col-100 elementor-top-column elementor-element elementor-element-8fa8525\" data-id=\"8fa8525\" data-element_type=\"column\" data-e-type=\"column\">\n\t\t\t<div class=\"elementor-widget-wrap elementor-element-populated\">\n\t\t\t\t\t\t<div class=\"elementor-element elementor-element-4c097b6 elementor-widget elementor-widget-text-editor\" data-id=\"4c097b6\" data-element_type=\"widget\" data-e-type=\"widget\" data-widget_type=\"text-editor.default\">\n\t\t\t\t<div class=\"elementor-widget-container\">\n\t\t\t\t\t\t\t\t\t<p>Kvinner har ikke lenger lov til \u00e5 jobbe i bistandsorganisasjoner i Afghanistan, som hindrer organisasjonene i \u00e5 n\u00e5 barn og voksne i n\u00f8d.<\/p><p>Kvinner har blitt nektet helsehjelp fordi de ankommer helsesentre uten mannlig ledsager, det samme har syke barn som kommer med kvinner uten mannlig ledsager. Kvinners bevegelsesfrihet har ogs\u00e5 blitt begrenset ved at de ikke kan fly uten mannlig ledsager, og heller ikke lenger f\u00e5r f\u00f8rerkort.<\/p><p>Det har v\u00e6rt en kraftig \u00f8kning i antall tvangs- og barneekteskap. Det er grunnet fattigdom og en forverret humanit\u00e6r og \u00f8konomisk situasjon, i kombinasjon med mangel p\u00e5 andre muligheter for jenter som en konsekvens av begrensningene i kvinners rettigheter.<\/p>\t\t\t\t\t\t\t\t<\/div>\n\t\t\t\t<\/div>\n\t\t\t\t\t<\/div>\n\t\t<\/div>\n\t\t\t\t\t<\/div>\n\t\t<\/section>\n\t\t\t\t<section class=\"elementor-section elementor-top-section elementor-element elementor-element-5b614a8 elementor-section-boxed elementor-section-height-default elementor-section-height-default\" data-id=\"5b614a8\" data-element_type=\"section\" data-e-type=\"section\">\n\t\t\t\t\t\t<div class=\"elementor-container elementor-column-gap-default\">\n\t\t\t\t\t<div class=\"elementor-column elementor-col-100 elementor-top-column elementor-element elementor-element-834b053\" data-id=\"834b053\" data-element_type=\"column\" data-e-type=\"column\">\n\t\t\t<div class=\"elementor-widget-wrap elementor-element-populated\">\n\t\t\t\t\t\t<section class=\"elementor-section elementor-inner-section elementor-element elementor-element-ea74ed9 elementor-section-boxed elementor-section-height-default elementor-section-height-default\" data-id=\"ea74ed9\" data-element_type=\"section\" data-e-type=\"section\">\n\t\t\t\t\t\t<div class=\"elementor-container elementor-column-gap-default\">\n\t\t\t\t\t<div class=\"elementor-column elementor-col-50 elementor-inner-column elementor-element elementor-element-f91cd07\" data-id=\"f91cd07\" data-element_type=\"column\" data-e-type=\"column\">\n\t\t\t<div class=\"elementor-widget-wrap elementor-element-populated\">\n\t\t\t\t\t\t<div class=\"elementor-element elementor-element-ba0e8f8 elementor-widget elementor-widget-heading\" data-id=\"ba0e8f8\" data-element_type=\"widget\" data-e-type=\"widget\" data-widget_type=\"heading.default\">\n\t\t\t\t<div class=\"elementor-widget-container\">\n\t\t\t\t\t<h2 class=\"elementor-heading-title elementor-size-default\"><b>Returer\n<\/b><\/h2>\t\t\t\t<\/div>\n\t\t\t\t<\/div>\n\t\t\t\t\t<\/div>\n\t\t<\/div>\n\t\t\t\t<div class=\"elementor-column elementor-col-50 elementor-inner-column elementor-element elementor-element-b8f022d\" data-id=\"b8f022d\" data-element_type=\"column\" data-e-type=\"column\">\n\t\t\t<div class=\"elementor-widget-wrap\">\n\t\t\t\t\t\t\t<\/div>\n\t\t<\/div>\n\t\t\t\t\t<\/div>\n\t\t<\/section>\n\t\t\t\t<section class=\"elementor-section elementor-inner-section elementor-element elementor-element-5937c6f elementor-section-boxed elementor-section-height-default elementor-section-height-default\" data-id=\"5937c6f\" data-element_type=\"section\" data-e-type=\"section\">\n\t\t\t\t\t\t<div class=\"elementor-container elementor-column-gap-default\">\n\t\t\t\t\t<div class=\"elementor-column elementor-col-50 elementor-inner-column elementor-element elementor-element-7a4494f\" data-id=\"7a4494f\" data-element_type=\"column\" data-e-type=\"column\">\n\t\t\t<div class=\"elementor-widget-wrap elementor-element-populated\">\n\t\t\t\t\t\t<div class=\"elementor-element elementor-element-8be49d3 elementor-widget elementor-widget-text-editor\" data-id=\"8be49d3\" data-element_type=\"widget\" data-e-type=\"widget\" data-widget_type=\"text-editor.default\">\n\t\t\t\t<div class=\"elementor-widget-container\">\n\t\t\t\t\t\t\t\t\t<p>I juli 2021\u00a0<a href=\"https:\/\/www.noas.no\/une-og-udi-stanser-returer-til-afghanistan-fram-til-15-september\/\">utsatte UDI og UNE plikten til \u00e5 returnere<\/a>\u00a0til Afghanistan. Det kom etter eskalering i konflikten mellom Taliban og afghanske myndigheter, og\u00a0<a href=\"https:\/\/www.une.no\/aktuelt\/arkiv\/2021\/une-stopper-returer-til-afghanistan\/\">bakgrunnen for returstoppen<\/a>\u00a0var usikkerhet om den videre sikkerhetsutviklingen i landet.<\/p><p>Suspensjon av utreiseplikten ble opphevet 1. mars 2022, og UNE gjenopptok behandlingen av Afghanistan-saker.\u00a0<a href=\"https:\/\/www.noas.no\/var-reaksjon-pa-gjenopptagelse-av-afghanistan-saker\/\">NOAS mente<\/a>\u00a0returstoppen ble opphevet for tidlig, og at det fortsatt var stor usikkerhet om Talibans styre og hvordan menneskerettighetssituasjonen ville utvikle seg.<\/p><p>I rettshjelpsarbeidet ser NOAS vedtak som inneb\u00e6rer retur til Afghanistan. Vi ser positive vedtak i saker til kvinner og barn, men mange negative vedtak i saker til menn. Vi ser avslag til menn som er ekstra utsatt fordi de tilh\u00f8rer\u00a0<a href=\"https:\/\/www.refworld.org\/docid\/63e0cb714.html\">den etniske gruppen hazara<\/a>, og til personer som kan v\u00e6re ekstra utsatt ved retur fordi de har v\u00e6rt lenge utenfor Afghanistan og\u00a0<a href=\"https:\/\/landinfo.no\/wp-content\/uploads\/2022\/09\/Landinfo-respons-Afghanistan-Utreise-og-retur-etter-Talibans-maktovertakelse-29092022.pdf\">kan anses som vestliggjorte<\/a>. Vi ser ogs\u00e5 avslag i saker til personer som kom til Norge som barn.<\/p><p>Talibans brutalitet og uforutsigbarhet, utviklingen i menneskerettighetssituasjonen og frav\u00e6ret av rettssikkerhet, tilsier at det p\u00e5 n\u00e5v\u00e6rende tidspunkt ikke b\u00f8r fattes vedtak som inneb\u00e6rer retur til Afghanistan. Dette er i tr\u00e5d med\u00a0<a href=\"https:\/\/www.refworld.org\/docid\/63e0cb714.html\">anbefaling fra FNs h\u00f8ykommiss\u00e6r for flyktninger<\/a>\u00a0fra februar 2023.<\/p>\t\t\t\t\t\t\t\t<\/div>\n\t\t\t\t<\/div>\n\t\t\t\t\t<\/div>\n\t\t<\/div>\n\t\t\t\t<div class=\"elementor-column elementor-col-50 elementor-inner-column elementor-element elementor-element-28d3c91\" data-id=\"28d3c91\" data-element_type=\"column\" data-e-type=\"column\">\n\t\t\t<div class=\"elementor-widget-wrap\">\n\t\t\t\t\t\t\t<\/div>\n\t\t<\/div>\n\t\t\t\t\t<\/div>\n\t\t<\/section>\n\t\t\t\t\t<\/div>\n\t\t<\/div>\n\t\t\t\t\t<\/div>\n\t\t<\/section>\n\t\t\t\t<section class=\"elementor-section elementor-top-section elementor-element elementor-element-b223844 elementor-section-boxed elementor-section-height-default elementor-section-height-default\" data-id=\"b223844\" data-element_type=\"section\" data-e-type=\"section\">\n\t\t\t\t\t\t<div class=\"elementor-container elementor-column-gap-default\">\n\t\t\t\t\t<div class=\"elementor-column elementor-col-50 elementor-top-column elementor-element elementor-element-7a6550f\" data-id=\"7a6550f\" data-element_type=\"column\" data-e-type=\"column\">\n\t\t\t<div class=\"elementor-widget-wrap elementor-element-populated\">\n\t\t\t\t\t\t<div class=\"elementor-element elementor-element-d9c4267 elementor-widget elementor-widget-button\" data-id=\"d9c4267\" data-element_type=\"widget\" data-e-type=\"widget\" data-widget_type=\"button.default\">\n\t\t\t\t<div class=\"elementor-widget-container\">\n\t\t\t\t\t\t\t\t\t<div class=\"elementor-button-wrapper\">\n\t\t\t\t\t<a class=\"elementor-button elementor-button-link elementor-size-md\" href=\"https:\/\/www.udiregelverk.no\/rettskilder\/udi-retningslinjer\/udi-2014-004\/\">\n\t\t\t\t\t\t<span class=\"elementor-button-content-wrapper\">\n\t\t\t\t\t\t\t\t\t<span class=\"elementor-button-text\">LES UDIS PRAKSISNOTAT FOR AFGHANISTAN<\/span>\n\t\t\t\t\t<\/span>\n\t\t\t\t\t<\/a>\n\t\t\t\t<\/div>\n\t\t\t\t\t\t\t\t<\/div>\n\t\t\t\t<\/div>\n\t\t\t\t\t<\/div>\n\t\t<\/div>\n\t\t\t\t<div class=\"elementor-column elementor-col-50 elementor-top-column elementor-element elementor-element-c74d46f\" data-id=\"c74d46f\" data-element_type=\"column\" data-e-type=\"column\">\n\t\t\t<div class=\"elementor-widget-wrap\">\n\t\t\t\t\t\t\t<\/div>\n\t\t<\/div>\n\t\t\t\t\t<\/div>\n\t\t<\/section>\n\t\t\t\t<\/div>\n\t\t","protected":false},"excerpt":{"rendered":"<p>Landprofiler 2024 Afghanistan Afghanistan ble i Global Peace Index 2023 k\u00e5ret som verdens minst fredelige land for sjette \u00e5ret p\u00e5 rad. I 2024 ble denne posisjonen overtatt av S\u00f8r-Sudan, Sudan og Jemen. Konflikt og utrygghet over mange \u00e5r har f\u00f8rt til et stort antall internt fordrevne, i tillegg til at mange har flyktet ut av [&hellip;]<\/p>\n","protected":false},"author":1,"featured_media":0,"parent":8871,"menu_order":0,"comment_status":"closed","ping_status":"closed","template":"","meta":{"_acf_changed":false,"site-sidebar-layout":"no-sidebar","site-content-layout":"page-builder","ast-site-content-layout":"full-width-container","site-content-style":"unboxed","site-sidebar-style":"unboxed","ast-global-header-display":"","ast-banner-title-visibility":"","ast-main-header-display":"","ast-hfb-above-header-display":"","ast-hfb-below-header-display":"","ast-hfb-mobile-header-display":"","site-post-title":"disabled","ast-breadcrumbs-content":"","ast-featured-img":"disabled","footer-sml-layout":"","ast-disable-related-posts":"","theme-transparent-header-meta":"default","adv-header-id-meta":"","stick-header-meta":"","header-above-stick-meta":"","header-main-stick-meta":"","header-below-stick-meta":"","astra-migrate-meta-layouts":"set","ast-page-background-enabled":"default","ast-page-background-meta":{"desktop":{"background-color":"var(--ast-global-color-4)","background-image":"","background-repeat":"repeat","background-position":"center center","background-size":"auto","background-attachment":"scroll","background-type":"","background-media":"","overlay-type":"","overlay-color":"","overlay-opacity":"","overlay-gradient":""},"tablet":{"background-color":"","background-image":"","background-repeat":"repeat","background-position":"center center","background-size":"auto","background-attachment":"scroll","background-type":"","background-media":"","overlay-type":"","overlay-color":"","overlay-opacity":"","overlay-gradient":""},"mobile":{"background-color":"","background-image":"","background-repeat":"repeat","background-position":"center center","background-size":"auto","background-attachment":"scroll","background-type":"","background-media":"","overlay-type":"","overlay-color":"","overlay-opacity":"","overlay-gradient":""}},"ast-content-background-meta":{"desktop":{"background-color":"var(--ast-global-color-5)","background-image":"","background-repeat":"repeat","background-position":"center center","background-size":"auto","background-attachment":"scroll","background-type":"","background-media":"","overlay-type":"","overlay-color":"","overlay-opacity":"","overlay-gradient":""},"tablet":{"background-color":"var(--ast-global-color-5)","background-image":"","background-repeat":"repeat","background-position":"center center","background-size":"auto","background-attachment":"scroll","background-type":"","background-media":"","overlay-type":"","overlay-color":"","overlay-opacity":"","overlay-gradient":""},"mobile":{"background-color":"var(--ast-global-color-5)","background-image":"","background-repeat":"repeat","background-position":"center center","background-size":"auto","background-attachment":"scroll","background-type":"","background-media":"","overlay-type":"","overlay-color":"","overlay-opacity":"","overlay-gradient":""}},"footnotes":""},"class_list":["post-8861","page","type-page","status-publish","hentry"],"acf":[],"_links":{"self":[{"href":"https:\/\/noas.no\/riketstilstand\/wp-json\/wp\/v2\/pages\/8861","targetHints":{"allow":["GET"]}}],"collection":[{"href":"https:\/\/noas.no\/riketstilstand\/wp-json\/wp\/v2\/pages"}],"about":[{"href":"https:\/\/noas.no\/riketstilstand\/wp-json\/wp\/v2\/types\/page"}],"author":[{"embeddable":true,"href":"https:\/\/noas.no\/riketstilstand\/wp-json\/wp\/v2\/users\/1"}],"replies":[{"embeddable":true,"href":"https:\/\/noas.no\/riketstilstand\/wp-json\/wp\/v2\/comments?post=8861"}],"version-history":[{"count":10,"href":"https:\/\/noas.no\/riketstilstand\/wp-json\/wp\/v2\/pages\/8861\/revisions"}],"predecessor-version":[{"id":9021,"href":"https:\/\/noas.no\/riketstilstand\/wp-json\/wp\/v2\/pages\/8861\/revisions\/9021"}],"up":[{"embeddable":true,"href":"https:\/\/noas.no\/riketstilstand\/wp-json\/wp\/v2\/pages\/8871"}],"wp:attachment":[{"href":"https:\/\/noas.no\/riketstilstand\/wp-json\/wp\/v2\/media?parent=8861"}],"curies":[{"name":"wp","href":"https:\/\/api.w.org\/{rel}","templated":true}]}}