{"id":7484,"date":"2023-05-22T09:49:44","date_gmt":"2023-05-22T09:49:44","guid":{"rendered":"https:\/\/noas.no\/riketstilstand\/?page_id=7484"},"modified":"2023-05-26T10:10:32","modified_gmt":"2023-05-26T10:10:32","slug":"familiegjenforening","status":"publish","type":"page","link":"https:\/\/noas.no\/riketstilstand\/2023-2\/familiegjenforening\/","title":{"rendered":"Familiegjenforening"},"content":{"rendered":"\t\t<div data-elementor-type=\"wp-page\" data-elementor-id=\"7484\" class=\"elementor elementor-7484\">\n\t\t\t\t\t\t<section class=\"elementor-section elementor-top-section elementor-element elementor-element-7b1f4931 elementor-section-full_width elementor-section-height-full elementor-section-height-default elementor-section-items-middle\" data-id=\"7b1f4931\" data-element_type=\"section\" data-e-type=\"section\" data-settings=\"{&quot;background_background&quot;:&quot;classic&quot;}\">\n\t\t\t\t\t\t\t<div class=\"elementor-background-overlay\"><\/div>\n\t\t\t\t\t\t\t<div class=\"elementor-container elementor-column-gap-default\">\n\t\t\t\t\t<div class=\"elementor-column elementor-col-100 elementor-top-column elementor-element elementor-element-50c8a085\" data-id=\"50c8a085\" data-element_type=\"column\" data-e-type=\"column\">\n\t\t\t<div class=\"elementor-widget-wrap elementor-element-populated\">\n\t\t\t\t\t\t<div class=\"elementor-element elementor-element-131ccb9d elementor-widget elementor-widget-heading\" data-id=\"131ccb9d\" data-element_type=\"widget\" data-e-type=\"widget\" data-widget_type=\"heading.default\">\n\t\t\t\t<div class=\"elementor-widget-container\">\n\t\t\t\t\t<h4 class=\"elementor-heading-title elementor-size-default\">Familiegjenforening\n<\/h4>\t\t\t\t<\/div>\n\t\t\t\t<\/div>\n\t\t\t\t<div class=\"elementor-element elementor-element-100027a elementor-widget elementor-widget-text-editor\" data-id=\"100027a\" data-element_type=\"widget\" data-e-type=\"widget\" data-widget_type=\"text-editor.default\">\n\t\t\t\t<div class=\"elementor-widget-container\">\n\t\t\t\t\t\t\t\t\t<p><em>Norge legger s\u00e5 mange hindringer i veien for at familier skal f\u00e5 v\u00e6re sammen, at FN mener det bryter med menneskerettighetene.<\/em><\/p>\t\t\t\t\t\t\t\t<\/div>\n\t\t\t\t<\/div>\n\t\t\t\t\t<\/div>\n\t\t<\/div>\n\t\t\t\t\t<\/div>\n\t\t<\/section>\n\t\t\t\t<section class=\"elementor-section elementor-top-section elementor-element elementor-element-4b52fa61 elementor-section-boxed elementor-section-height-default elementor-section-height-default\" data-id=\"4b52fa61\" data-element_type=\"section\" data-e-type=\"section\">\n\t\t\t\t\t\t<div class=\"elementor-container elementor-column-gap-default\">\n\t\t\t\t\t<div class=\"elementor-column elementor-col-100 elementor-top-column elementor-element elementor-element-4121d251\" data-id=\"4121d251\" data-element_type=\"column\" data-e-type=\"column\">\n\t\t\t<div class=\"elementor-widget-wrap elementor-element-populated\">\n\t\t\t\t\t\t<div class=\"elementor-element elementor-element-e672e2c elementor-widget elementor-widget-text-editor\" data-id=\"e672e2c\" data-element_type=\"widget\" data-e-type=\"widget\" data-widget_type=\"text-editor.default\">\n\t\t\t\t<div class=\"elementor-widget-container\">\n\t\t\t\t\t\t\t\t\t<p><em>FOTO: FIZKES\/SHUTTERSTOCK<\/em><\/p>\t\t\t\t\t\t\t\t<\/div>\n\t\t\t\t<\/div>\n\t\t\t\t\t<\/div>\n\t\t<\/div>\n\t\t\t\t\t<\/div>\n\t\t<\/section>\n\t\t\t\t<section class=\"elementor-section elementor-top-section elementor-element elementor-element-16cf65e3 elementor-section-boxed elementor-section-height-default elementor-section-height-default\" data-id=\"16cf65e3\" data-element_type=\"section\" data-e-type=\"section\">\n\t\t\t\t\t\t<div class=\"elementor-container elementor-column-gap-default\">\n\t\t\t\t\t<div class=\"elementor-column elementor-col-25 elementor-top-column elementor-element elementor-element-742b23ba\" data-id=\"742b23ba\" data-element_type=\"column\" data-e-type=\"column\">\n\t\t\t<div class=\"elementor-widget-wrap\">\n\t\t\t\t\t\t\t<\/div>\n\t\t<\/div>\n\t\t\t\t<div class=\"elementor-column elementor-col-50 elementor-top-column elementor-element elementor-element-4d2f4042\" data-id=\"4d2f4042\" data-element_type=\"column\" data-e-type=\"column\">\n\t\t\t<div class=\"elementor-widget-wrap elementor-element-populated\">\n\t\t\t\t\t\t<div class=\"elementor-element elementor-element-734605d elementor-widget elementor-widget-text-editor\" data-id=\"734605d\" data-element_type=\"widget\" data-e-type=\"widget\" data-widget_type=\"text-editor.default\">\n\t\t\t\t<div class=\"elementor-widget-container\">\n\t\t\t\t\t\t\t\t\t<p>Retten til familieliv er en menneskerettslig minimumsstandard, som Norge er forpliktet til \u00e5 f\u00f8lge. I stedet for \u00e5 legge til rette for at flyktningfamilier skal f\u00e5 v\u00e6re sammen, har Norge gjort det vanskeligere for familier \u00e5 ut\u00f8ve familielivet. Norge har de siste \u00e5rene strammet kraftig inn regelverk og praksis for familiegjenforening, som f\u00f8rer til at flyktninger blir holdt adskilt fra sine n\u00e6rmeste familiemedlemmer.<\/p><p><a href=\"https:\/\/www.vl.no\/nyheter\/politikk\/2019\/08\/14\/feller-hard-dom-over-norge\/\">If\u00f8lge FNs h\u00f8ykommiss\u00e6r for flyktninger<\/a> (UNHCR) er det \u00abuoverstigelige hindringer og barrierer som en flyktning m\u00f8ter i en s\u00f8knadsprosess om familiegjenforening i Norge\u00bb.<\/p><p>Norge har blant verdens <a href=\"https:\/\/www.noas.no\/wp-content\/uploads\/2019\/11\/Realizing_Refugees_Right_to_Family_Unity.pdf\">dyreste og mest krevende prosess<\/a>er for flyktninger som \u00f8nsker gjenforening med n\u00e6rmeste familie.<\/p><p>Det kan v\u00e6re dyrere og mer tidkrevende \u00e5 s\u00f8ke om familiegjenforening enn \u00e5 betale smuglere og gjennomf\u00f8re en ulovlig reise. Det f\u00f8rer til at flere legger ut p\u00e5 flukt, at mange kvinner og barn utsettes for alvorlig og un\u00f8dvendig risiko, og det bidrar til \u00e5 styrke kriminelle gjenger som organiserer smugling til Europa.<\/p><p>\u00a0<\/p>\t\t\t\t\t\t\t\t<\/div>\n\t\t\t\t<\/div>\n\t\t\t\t\t<\/div>\n\t\t<\/div>\n\t\t\t\t<div class=\"elementor-column elementor-col-25 elementor-top-column elementor-element elementor-element-4f907f7e\" data-id=\"4f907f7e\" data-element_type=\"column\" data-e-type=\"column\">\n\t\t\t<div class=\"elementor-widget-wrap\">\n\t\t\t\t\t\t\t<\/div>\n\t\t<\/div>\n\t\t\t\t\t<\/div>\n\t\t<\/section>\n\t\t\t\t<section class=\"elementor-section elementor-top-section elementor-element elementor-element-15db5a9a elementor-section-boxed elementor-section-height-default elementor-section-height-default\" data-id=\"15db5a9a\" data-element_type=\"section\" data-e-type=\"section\">\n\t\t\t\t\t\t<div class=\"elementor-container elementor-column-gap-default\">\n\t\t\t\t\t<div class=\"elementor-column elementor-col-25 elementor-top-column elementor-element elementor-element-266e85f\" data-id=\"266e85f\" data-element_type=\"column\" data-e-type=\"column\">\n\t\t\t<div class=\"elementor-widget-wrap elementor-element-populated\">\n\t\t\t\t\t\t<div class=\"elementor-element elementor-element-e9f4979 elementor-widget elementor-widget-text-editor\" data-id=\"e9f4979\" data-element_type=\"widget\" data-e-type=\"widget\" data-widget_type=\"text-editor.default\">\n\t\t\t\t<div class=\"elementor-widget-container\">\n\t\t\t\t\t\t\t\t\t<div class=\"col sqs-col-3 span-3\"><div id=\"block-abc1cf7f494e5702d1c0\" class=\"sqs-block quote-block sqs-block-quote null\" data-block-type=\"31\"><div class=\"sqs-block-content\"><figure class=\"block-animation-none\"><div id=\"page-body-wrapper\" class=\"full-width\"><div id=\"page-body\"><div id=\"content-wrapper\"><div id=\"content\"><div class=\"main-content\" data-content-field=\"main-content\" data-collection-id=\"62f2bf58b749a7425be23a91\" data-edit-main-image=\"Page Banner\"><div id=\"page-62f2bf58b749a7425be23a91\" class=\"sqs-layout sqs-grid-12 columns-12\" data-type=\"page\" data-updated-on=\"1660265189390\"><div class=\"row sqs-row\"><div class=\"col sqs-col-12 span-12\"><div class=\"row sqs-row\"><div class=\"col sqs-col-3 span-3\"><div id=\"block-f80a79ee62891752ba5d\" class=\"sqs-block quote-block sqs-block-quote null\" data-block-type=\"31\"><div class=\"sqs-block-content\"><figure class=\"block-animation-none\"><p><em>\u201cNorge har blant verdens dyreste og mest krevende prosess for flyktninger som \u00f8nsker gjenforening med n\u00e6rmeste familie. \u201d<\/em><\/p><\/figure><\/div><\/div><\/div><\/div><\/div><\/div><\/div><\/div><\/div><\/div><\/div><\/div><blockquote data-animation-role=\"quote\"><div id=\"page-body-wrapper\" class=\"full-width\"><div id=\"page-body\"><div id=\"content-wrapper\"><div id=\"content\"><div id=\"page-body-footer\" class=\"extra-wrapper\"><div id=\"page-footer-62f2bf58b749a7425be23a91\" class=\"sqs-layout sqs-grid-12 columns-12 empty\" data-layout-label=\"Barns beste, foreldres synder og urimelig juss Footer Content\" data-type=\"block-field\"><div class=\"row sqs-row\"><div class=\"col sqs-col-12 span-12\">\u00a0<\/div><\/div><\/div><\/div><\/div><\/div><div id=\"body-clearer\" class=\"clearer\">\u00a0<\/div><\/div><\/div><div id=\"page-footer-wrapper\"><div id=\"page-footer\"><div id=\"footer-blocks\" class=\"sqs-layout sqs-grid-12 columns-12\" data-layout-label=\"Footer Content\" data-type=\"block-field\" data-updated-on=\"1660587613512\"><div id=\"yui_3_17_2_1_1662945310240_76\" class=\"row sqs-row\"><div id=\"yui_3_17_2_1_1662945310240_75\" class=\"col sqs-col-3 span-3\"><div id=\"block-yui_3_17_2_1_1660077840242_34376\" class=\"sqs-block spacer-block sqs-block-spacer\" data-aspect-ratio=\"5.445544554455446\" data-block-type=\"21\"><div id=\"yui_3_17_2_1_1662945310240_101\" class=\"sqs-block-content sqs-intrinsic\">\u00a0<\/div><\/div><div id=\"block-yui_3_17_2_110_1496042355005_15969\" class=\"sqs-block image-block sqs-block-image sqs-text-ready\" data-aspect-ratio=\"15.594059405940595\" data-block-type=\"5\"><div id=\"yui_3_17_2_1_1662945310240_74\" class=\"sqs-block-content\"><div id=\"yui_3_17_2_1_1662945310240_73\" class=\"image-block-outer-wrapper layout-caption-below design-layout-inline combination-animation-none individual-animation-none individual-text-animation-none sqs-narrow-width\" data-test=\"image-block-inline-outer-wrapper\"><figure id=\"yui_3_17_2_1_1662945310240_72\" class=\" sqs-block-image-figure intrinsic \"><div id=\"yui_3_17_2_1_1662945310240_70\" class=\"image-block-wrapper\" data-animation-role=\"image\"><div id=\"yui_3_17_2_1_1662945310240_69\" class=\"sqs-image-shape-container-element has-aspect-ratio \">\u00a0<\/div><\/div><\/figure><\/div><\/div><\/div><\/div><\/div><\/div><\/div><\/div><\/blockquote><\/figure><\/div><\/div><\/div><div class=\"col sqs-col-6 span-6\"><div id=\"block-734f054f8bd1ffbd58c8\" class=\"sqs-block spacer-block sqs-block-spacer sized vsize-1\" data-block-type=\"21\"><div class=\"sqs-block-content\">\u00a0<\/div><\/div><div id=\"block-2bab7b18f4b4d2f1f87c\" class=\"sqs-block html-block sqs-block-html\" data-block-type=\"2\"><div class=\"sqs-block-content\">\u00a0<\/div><\/div><\/div>\t\t\t\t\t\t\t\t<\/div>\n\t\t\t\t<\/div>\n\t\t\t\t\t<\/div>\n\t\t<\/div>\n\t\t\t\t<div class=\"elementor-column elementor-col-50 elementor-top-column elementor-element elementor-element-6c699ab\" data-id=\"6c699ab\" data-element_type=\"column\" data-e-type=\"column\">\n\t\t\t<div class=\"elementor-widget-wrap elementor-element-populated\">\n\t\t\t\t\t\t<div class=\"elementor-element elementor-element-3c97d239 elementor-widget elementor-widget-heading\" data-id=\"3c97d239\" data-element_type=\"widget\" data-e-type=\"widget\" data-widget_type=\"heading.default\">\n\t\t\t\t<div class=\"elementor-widget-container\">\n\t\t\t\t\t<h2 class=\"elementor-heading-title elementor-size-default\"><b>H\u00f8yt s\u00f8knadsgebyr\n<\/b><\/h2>\t\t\t\t<\/div>\n\t\t\t\t<\/div>\n\t\t\t\t<div class=\"elementor-element elementor-element-4695bc5 elementor-widget elementor-widget-text-editor\" data-id=\"4695bc5\" data-element_type=\"widget\" data-e-type=\"widget\" data-widget_type=\"text-editor.default\">\n\t\t\t\t<div class=\"elementor-widget-container\">\n\t\t\t\t\t\t\t\t\t<p>I Sverige og Danmark slipper flyktninger krav om s\u00f8knadsgebyr ved familiegjenforening. I Norge <a href=\"https:\/\/www.udi.no\/ord-og-begreper\/gebyr\/#link-3593\">m\u00e5 flyktninger betale 7.800 kr<\/a>. Kun barn under 18 \u00e5r unntas gebyret. Mange flyktninger m\u00e5 ty til svart arbeid eller sv\u00e6rt dyre l\u00e5n for \u00e5 kunne betale gebyret.<\/p><p>\u00a0<\/p>\t\t\t\t\t\t\t\t<\/div>\n\t\t\t\t<\/div>\n\t\t\t\t<div class=\"elementor-element elementor-element-6e17e69 elementor-widget elementor-widget-heading\" data-id=\"6e17e69\" data-element_type=\"widget\" data-e-type=\"widget\" data-widget_type=\"heading.default\">\n\t\t\t\t<div class=\"elementor-widget-container\">\n\t\t\t\t\t<h2 class=\"elementor-heading-title elementor-size-default\"><b>Snevert familiebegrep\n<\/b><\/h2>\t\t\t\t<\/div>\n\t\t\t\t<\/div>\n\t\t\t\t<div class=\"elementor-element elementor-element-1fbb659 elementor-widget elementor-widget-text-editor\" data-id=\"1fbb659\" data-element_type=\"widget\" data-e-type=\"widget\" data-widget_type=\"text-editor.default\">\n\t\t\t\t<div class=\"elementor-widget-container\">\n\t\t\t\t\t\t\t\t\t<p>Kun ektefeller\/samboere, mindre\u00e5rige barn og foreldre til mindre\u00e5rige barn har rett p\u00e5 familiegjenforening. Andre familiemedlemmer vil bare unntaksvis f\u00e5 innvilget familiegjenforening. For eksempel vil en syrisk flyktning i Norge kunne f\u00e5 gjenforening med kone og mindre\u00e5rige barn, mens hans barn som har fylt 18 \u00e5r f\u00e5r avslag. Familier splittes.<\/p><p>\u00a0<\/p>\t\t\t\t\t\t\t\t<\/div>\n\t\t\t\t<\/div>\n\t\t\t\t\t<\/div>\n\t\t<\/div>\n\t\t\t\t<div class=\"elementor-column elementor-col-25 elementor-top-column elementor-element elementor-element-3883bcc5\" data-id=\"3883bcc5\" data-element_type=\"column\" data-e-type=\"column\">\n\t\t\t<div class=\"elementor-widget-wrap\">\n\t\t\t\t\t\t\t<\/div>\n\t\t<\/div>\n\t\t\t\t\t<\/div>\n\t\t<\/section>\n\t\t\t\t<section class=\"elementor-section elementor-top-section elementor-element elementor-element-cf75636 elementor-section-boxed elementor-section-height-default elementor-section-height-default\" data-id=\"cf75636\" data-element_type=\"section\" data-e-type=\"section\">\n\t\t\t\t\t\t<div class=\"elementor-container elementor-column-gap-default\">\n\t\t\t\t\t<div class=\"elementor-column elementor-col-25 elementor-top-column elementor-element elementor-element-84549e8\" data-id=\"84549e8\" data-element_type=\"column\" data-e-type=\"column\">\n\t\t\t<div class=\"elementor-widget-wrap\">\n\t\t\t\t\t\t\t<\/div>\n\t\t<\/div>\n\t\t\t\t<div class=\"elementor-column elementor-col-50 elementor-top-column elementor-element elementor-element-76a2747\" data-id=\"76a2747\" data-element_type=\"column\" data-e-type=\"column\">\n\t\t\t<div class=\"elementor-widget-wrap elementor-element-populated\">\n\t\t\t\t\t\t<div class=\"elementor-element elementor-element-e35bfc6 elementor-widget elementor-widget-text-editor\" data-id=\"e35bfc6\" data-element_type=\"widget\" data-e-type=\"widget\" data-widget_type=\"text-editor.default\">\n\t\t\t\t<div class=\"elementor-widget-container\">\n\t\t\t\t\t\t\t\t\t<div class=\"elementor-element elementor-element-293382f2 elementor-widget elementor-widget-heading\" data-id=\"293382f2\" data-element_type=\"widget\" data-widget_type=\"heading.default\"><div class=\"elementor-widget-container\"><h3 class=\"elementor-heading-title elementor-size-default\"><b>Korte frister og farlige reiser<\/b><\/h3><\/div><\/div><div class=\"elementor-element elementor-element-3fae863 elementor-widget elementor-widget-text-editor\" data-id=\"3fae863\" data-element_type=\"widget\" data-widget_type=\"text-editor.default\"><div class=\"elementor-widget-container\"><p>For at flyktninger skal unntas fra det generelle inntektskravet for familiegjenforening, krever Norge at flyktningers s\u00f8knad om familiegjenforening m\u00e5 registreres p\u00e5 nett og betales <a href=\"https:\/\/www.udi.no\/viktige-meldinger\/ny-soknadsfrist--for-deg-som-skal-soke-om-familieinnvandring-med-en-flyktning-i-norge\/\">innen seks m\u00e5neder<\/a> etter innvilget flyktningstatus.<\/p><p>Gjenv\u00e6rende familie, som kan befinne seg som internt fordrevne i hjemlandet eller p\u00e5 flukt i et annet land i n\u00e6romr\u00e5det, m\u00e5 innlevere n\u00f8dvendig ID-dokumentasjon p\u00e5 en bestemt norsk utenriksstasjon\/s\u00f8knadssted innen ett \u00e5r etter at familiemedlemmet i Norge fikk innvilget flyktningstatus. For mange kvinner og barn betyr dette at de i all hast tvinges ut p\u00e5 dyre og farlige reiser. For mange inneb\u00e6rer de norske kravene grensepasseringer uten godkjente reisedokumenter, noe som kan medf\u00f8re arrestasjon og fengsling.<\/p><p>I <a href=\"https:\/\/www.noas.no\/wp-content\/uploads\/2019\/11\/Realizing_Refugees_Right_to_Family_Unity.pdf\">Sverige<\/a> m\u00e5 flyktningen s\u00f8ke om gjenforening med gjenv\u00e6rende familie innen tre m\u00e5neder, men det er ingen fastsatt frist for innlevering av dokumenter for familien. Danmark opererer ikke med tidsfrister for flyktninger. B\u00e5de Sverige og Danmark \u00e5pner for at gjenv\u00e6rende familier kan levere inn n\u00f8dvendige dokumenter ved enhver svensk eller dansk utenriksstasjon.<\/p><p>Flyktninger i Danmark tillates i noen sammenhenger \u00e5 s\u00f8ke gjenforening p\u00e5 vegne av familiemedlemmer, hvis familiemedlemmene befinner seg i et konfliktomr\u00e5de. Det er positivt at Norge, som f\u00f8lge av sikkerhetssituasjonen i Afghanistan, har innf\u00f8rt en <a href=\"https:\/\/www.udi.no\/skal-soke\/familieinnvandring\/afghanistan-soknad-fra-norge\/\">midlertidig ordning<\/a> der familiemedlemmer i Norge kan levere s\u00f8knad p\u00e5 vegne av et familiemedlem som oppholder seg i Afghanistan\u00a0. En slik ordning burde imidlertid gjelde flere grupper.<\/p><p>\u00a0<\/p><\/div><\/div><div class=\"elementor-element elementor-element-52863abd elementor-widget elementor-widget-heading\" data-id=\"52863abd\" data-element_type=\"widget\" data-widget_type=\"heading.default\"><div class=\"elementor-widget-container\"><h3 class=\"elementor-heading-title elementor-size-default\"><b>Lang saksbehandlingstid<\/b><\/h3><\/div><\/div><div class=\"elementor-element elementor-element-64d01de elementor-widget elementor-widget-text-editor\" data-id=\"64d01de\" data-element_type=\"widget\" data-widget_type=\"text-editor.default\"><div class=\"elementor-widget-container\"><p>Det kan v\u00e6re sv\u00e6rt lang saksbehandlingstid i familiegjenforeningssaker. Utlendingsdirektoratet (UDI) fikk i juni 2022 <a href=\"https:\/\/www.sivilombudet.no\/aktuelt\/svaert-lang-saksbehandlingstid-i-familieinnvandringssaker\/\">skarp kritikk fra Sivilombudet<\/a>, etter at flere hundre s\u00f8kere har ventet p\u00e5 svar i rundt to \u00e5r eller mer. \u00a0Sivilombudet mener det er i strid med forvaltningsloven.<\/p><p>\u00ab\u00c5 bli gjenforent med n\u00e6rmeste familie, som barn og ektefelle, er en rettighet du har hvis n\u00e6r familie har f\u00e5tt oppholdstillatelse i Norge. At flere hundre s\u00f8kere har ventet p\u00e5 svar i rundt to \u00e5r eller mer etter \u00e5 ha s\u00f8kt om dette, er noe vi ser sv\u00e6rt alvorlig p\u00e5\u00bb, sier sivilombud Hanne Harlem. Ombudet understreker at det er s\u00e6rlig alvorlig at dette ogs\u00e5 gjelder mange saker om barn.<\/p><p>\u00a0<\/p><\/div><\/div><div class=\"elementor-element elementor-element-7c78cde4 elementor-widget elementor-widget-heading\" data-id=\"7c78cde4\" data-element_type=\"widget\" data-widget_type=\"heading.default\"><div class=\"elementor-widget-container\"><h3 class=\"elementor-heading-title elementor-size-default\"><b>F\u00e5r ikke rettshjelp<\/b><\/h3><\/div><\/div><div class=\"elementor-element elementor-element-3b78153 elementor-widget elementor-widget-text-editor\" data-id=\"3b78153\" data-element_type=\"widget\" data-widget_type=\"text-editor.default\"><div class=\"elementor-widget-container\"><p>Selv om regelverk og praksis i familiegjenforeningssaker er komplisert og retthjelpsbehovet stort, har ikke familier som s\u00f8ker familiegjenforening i Norge rett til gratis rettshjelp\u00a0.<\/p><\/div><\/div>\t\t\t\t\t\t\t\t<\/div>\n\t\t\t\t<\/div>\n\t\t\t\t\t<\/div>\n\t\t<\/div>\n\t\t\t\t<div class=\"elementor-column elementor-col-25 elementor-top-column elementor-element elementor-element-54a554b\" data-id=\"54a554b\" data-element_type=\"column\" data-e-type=\"column\">\n\t\t\t<div class=\"elementor-widget-wrap elementor-element-populated\">\n\t\t\t\t\t\t<div class=\"elementor-element elementor-element-30aaa8e elementor-widget elementor-widget-text-editor\" data-id=\"30aaa8e\" data-element_type=\"widget\" data-e-type=\"widget\" data-widget_type=\"text-editor.default\">\n\t\t\t\t<div class=\"elementor-widget-container\">\n\t\t\t\t\t\t\t\t\t<blockquote><p>\u201cFlere hundre s\u00f8kere har ventet p\u00e5 svar i rundt to \u00e5r eller mer.\u00a0\u201d<\/p><\/blockquote>\t\t\t\t\t\t\t\t<\/div>\n\t\t\t\t<\/div>\n\t\t\t\t\t<\/div>\n\t\t<\/div>\n\t\t\t\t\t<\/div>\n\t\t<\/section>\n\t\t\t\t<\/div>\n\t\t","protected":false},"excerpt":{"rendered":"<p>Familiegjenforening Norge legger s\u00e5 mange hindringer i veien for at familier skal f\u00e5 v\u00e6re sammen, at FN mener det bryter med menneskerettighetene. FOTO: FIZKES\/SHUTTERSTOCK Retten til familieliv er en menneskerettslig minimumsstandard, som Norge er forpliktet til \u00e5 f\u00f8lge. I stedet for \u00e5 legge til rette for at flyktningfamilier skal f\u00e5 v\u00e6re sammen, har Norge gjort [&hellip;]<\/p>\n","protected":false},"author":1,"featured_media":0,"parent":7372,"menu_order":0,"comment_status":"closed","ping_status":"closed","template":"","meta":{"_acf_changed":false,"site-sidebar-layout":"no-sidebar","site-content-layout":"page-builder","ast-site-content-layout":"default","site-content-style":"default","site-sidebar-style":"default","ast-global-header-display":"","ast-banner-title-visibility":"","ast-main-header-display":"","ast-hfb-above-header-display":"","ast-hfb-below-header-display":"","ast-hfb-mobile-header-display":"","site-post-title":"disabled","ast-breadcrumbs-content":"","ast-featured-img":"disabled","footer-sml-layout":"","ast-disable-related-posts":"","theme-transparent-header-meta":"default","adv-header-id-meta":"","stick-header-meta":"","header-above-stick-meta":"","header-main-stick-meta":"","header-below-stick-meta":"","astra-migrate-meta-layouts":"default","ast-page-background-enabled":"default","ast-page-background-meta":{"desktop":{"background-color":"var(--ast-global-color-4)","background-image":"","background-repeat":"repeat","background-position":"center center","background-size":"auto","background-attachment":"scroll","background-type":"","background-media":"","overlay-type":"","overlay-color":"","overlay-opacity":"","overlay-gradient":""},"tablet":{"background-color":"","background-image":"","background-repeat":"repeat","background-position":"center center","background-size":"auto","background-attachment":"scroll","background-type":"","background-media":"","overlay-type":"","overlay-color":"","overlay-opacity":"","overlay-gradient":""},"mobile":{"background-color":"","background-image":"","background-repeat":"repeat","background-position":"center center","background-size":"auto","background-attachment":"scroll","background-type":"","background-media":"","overlay-type":"","overlay-color":"","overlay-opacity":"","overlay-gradient":""}},"ast-content-background-meta":{"desktop":{"background-color":"var(--ast-global-color-5)","background-image":"","background-repeat":"repeat","background-position":"center center","background-size":"auto","background-attachment":"scroll","background-type":"","background-media":"","overlay-type":"","overlay-color":"","overlay-opacity":"","overlay-gradient":""},"tablet":{"background-color":"var(--ast-global-color-5)","background-image":"","background-repeat":"repeat","background-position":"center center","background-size":"auto","background-attachment":"scroll","background-type":"","background-media":"","overlay-type":"","overlay-color":"","overlay-opacity":"","overlay-gradient":""},"mobile":{"background-color":"var(--ast-global-color-5)","background-image":"","background-repeat":"repeat","background-position":"center center","background-size":"auto","background-attachment":"scroll","background-type":"","background-media":"","overlay-type":"","overlay-color":"","overlay-opacity":"","overlay-gradient":""}},"footnotes":""},"class_list":["post-7484","page","type-page","status-publish","hentry"],"acf":[],"_links":{"self":[{"href":"https:\/\/noas.no\/riketstilstand\/wp-json\/wp\/v2\/pages\/7484","targetHints":{"allow":["GET"]}}],"collection":[{"href":"https:\/\/noas.no\/riketstilstand\/wp-json\/wp\/v2\/pages"}],"about":[{"href":"https:\/\/noas.no\/riketstilstand\/wp-json\/wp\/v2\/types\/page"}],"author":[{"embeddable":true,"href":"https:\/\/noas.no\/riketstilstand\/wp-json\/wp\/v2\/users\/1"}],"replies":[{"embeddable":true,"href":"https:\/\/noas.no\/riketstilstand\/wp-json\/wp\/v2\/comments?post=7484"}],"version-history":[{"count":35,"href":"https:\/\/noas.no\/riketstilstand\/wp-json\/wp\/v2\/pages\/7484\/revisions"}],"predecessor-version":[{"id":8305,"href":"https:\/\/noas.no\/riketstilstand\/wp-json\/wp\/v2\/pages\/7484\/revisions\/8305"}],"up":[{"embeddable":true,"href":"https:\/\/noas.no\/riketstilstand\/wp-json\/wp\/v2\/pages\/7372"}],"wp:attachment":[{"href":"https:\/\/noas.no\/riketstilstand\/wp-json\/wp\/v2\/media?parent=7484"}],"curies":[{"name":"wp","href":"https:\/\/api.w.org\/{rel}","templated":true}]}}