{"id":7465,"date":"2023-05-22T09:44:04","date_gmt":"2023-05-22T09:44:04","guid":{"rendered":"https:\/\/noas.no\/riketstilstand\/?page_id=7465"},"modified":"2023-05-30T09:46:32","modified_gmt":"2023-05-30T09:46:32","slug":"ukraina","status":"publish","type":"page","link":"https:\/\/noas.no\/riketstilstand\/2023-2\/landprofiler\/ukraina\/","title":{"rendered":"Ukraina"},"content":{"rendered":"\t\t<div data-elementor-type=\"wp-page\" data-elementor-id=\"7465\" class=\"elementor elementor-7465\">\n\t\t\t\t\t\t<section class=\"elementor-section elementor-top-section elementor-element elementor-element-0b5bfbd elementor-section-full_width elementor-section-height-min-height elementor-section-height-default elementor-section-items-middle\" data-id=\"0b5bfbd\" data-element_type=\"section\" data-e-type=\"section\" data-settings=\"{&quot;background_background&quot;:&quot;classic&quot;}\">\n\t\t\t\t\t\t\t<div class=\"elementor-background-overlay\"><\/div>\n\t\t\t\t\t\t\t<div class=\"elementor-container elementor-column-gap-default\">\n\t\t\t\t\t<div class=\"elementor-column elementor-col-100 elementor-top-column elementor-element elementor-element-a31db1e\" data-id=\"a31db1e\" data-element_type=\"column\" data-e-type=\"column\">\n\t\t\t<div class=\"elementor-widget-wrap elementor-element-populated\">\n\t\t\t\t\t\t<div class=\"elementor-element elementor-element-e890ce0 elementor-widget elementor-widget-heading\" data-id=\"e890ce0\" data-element_type=\"widget\" data-e-type=\"widget\" data-widget_type=\"heading.default\">\n\t\t\t\t<div class=\"elementor-widget-container\">\n\t\t\t\t\t<h1 class=\"elementor-heading-title elementor-size-default\">Landprofiler 2022<\/h1>\t\t\t\t<\/div>\n\t\t\t\t<\/div>\n\t\t\t\t\t<\/div>\n\t\t<\/div>\n\t\t\t\t\t<\/div>\n\t\t<\/section>\n\t\t\t\t<section class=\"elementor-section elementor-top-section elementor-element elementor-element-6b048194 elementor-section-boxed elementor-section-height-default elementor-section-height-default\" data-id=\"6b048194\" data-element_type=\"section\" data-e-type=\"section\">\n\t\t\t\t\t\t<div class=\"elementor-container elementor-column-gap-default\">\n\t\t\t\t\t<div class=\"elementor-column elementor-col-25 elementor-top-column elementor-element elementor-element-15d8dbf3\" data-id=\"15d8dbf3\" data-element_type=\"column\" data-e-type=\"column\">\n\t\t\t<div class=\"elementor-widget-wrap elementor-element-populated\">\n\t\t\t\t\t\t<div class=\"elementor-element elementor-element-7901f04a elementor-widget elementor-widget-heading\" data-id=\"7901f04a\" data-element_type=\"widget\" data-e-type=\"widget\" data-widget_type=\"heading.default\">\n\t\t\t\t<div class=\"elementor-widget-container\">\n\t\t\t\t\t<h2 class=\"elementor-heading-title elementor-size-default\"><a href=\"#\">Ukraina<\/a><\/h2>\t\t\t\t<\/div>\n\t\t\t\t<\/div>\n\t\t\t\t\t<\/div>\n\t\t<\/div>\n\t\t\t\t<div class=\"elementor-column elementor-col-50 elementor-top-column elementor-element elementor-element-70b18ddb\" data-id=\"70b18ddb\" data-element_type=\"column\" data-e-type=\"column\">\n\t\t\t<div class=\"elementor-widget-wrap\">\n\t\t\t\t\t\t\t<\/div>\n\t\t<\/div>\n\t\t\t\t<div class=\"elementor-column elementor-col-25 elementor-top-column elementor-element elementor-element-2e036282\" data-id=\"2e036282\" data-element_type=\"column\" data-e-type=\"column\">\n\t\t\t<div class=\"elementor-widget-wrap\">\n\t\t\t\t\t\t\t<\/div>\n\t\t<\/div>\n\t\t\t\t\t<\/div>\n\t\t<\/section>\n\t\t\t\t<section class=\"elementor-section elementor-top-section elementor-element elementor-element-4a1e7c38 elementor-section-boxed elementor-section-height-default elementor-section-height-default\" data-id=\"4a1e7c38\" data-element_type=\"section\" data-e-type=\"section\">\n\t\t\t\t\t\t<div class=\"elementor-container elementor-column-gap-default\">\n\t\t\t\t\t<div class=\"elementor-column elementor-col-25 elementor-top-column elementor-element elementor-element-3c45753a\" data-id=\"3c45753a\" data-element_type=\"column\" data-e-type=\"column\">\n\t\t\t<div class=\"elementor-widget-wrap elementor-element-populated\">\n\t\t\t\t\t\t<div class=\"elementor-element elementor-element-f454333 elementor-widget elementor-widget-image\" data-id=\"f454333\" data-element_type=\"widget\" data-e-type=\"widget\" data-widget_type=\"image.default\">\n\t\t\t\t<div class=\"elementor-widget-container\">\n\t\t\t\t\t\t\t\t\t\t\t\t\t\t\t<img fetchpriority=\"high\" decoding=\"async\" width=\"250\" height=\"695\" src=\"https:\/\/noas.no\/riketstilstand\/wp-content\/uploads\/2023\/05\/Statistikk-Ukraina-2022.png\" class=\"attachment-large size-large wp-image-8047\" alt=\"\" srcset=\"https:\/\/noas.no\/riketstilstand\/wp-content\/uploads\/2023\/05\/Statistikk-Ukraina-2022.png 250w, https:\/\/noas.no\/riketstilstand\/wp-content\/uploads\/2023\/05\/Statistikk-Ukraina-2022-108x300.png 108w\" sizes=\"(max-width: 250px) 100vw, 250px\" \/>\t\t\t\t\t\t\t\t\t\t\t\t\t\t\t<\/div>\n\t\t\t\t<\/div>\n\t\t\t\t\t<\/div>\n\t\t<\/div>\n\t\t\t\t<div class=\"elementor-column elementor-col-50 elementor-top-column elementor-element elementor-element-c74d065\" data-id=\"c74d065\" data-element_type=\"column\" data-e-type=\"column\">\n\t\t\t<div class=\"elementor-widget-wrap elementor-element-populated\">\n\t\t\t\t\t\t<div class=\"elementor-element elementor-element-d26f3e5 elementor-widget elementor-widget-text-editor\" data-id=\"d26f3e5\" data-element_type=\"widget\" data-e-type=\"widget\" data-widget_type=\"text-editor.default\">\n\t\t\t\t<div class=\"elementor-widget-container\">\n\t\t\t\t\t\t\t\t\t<p>Etter Russland angrep Ukraina 24. februar 2022, har mange barn og voksne blitt tvunget p\u00e5 flukt. Over 8 millioner ukrainske flyktninger er <a href=\"https:\/\/data.unhcr.org\/en\/situations\/ukraine\">registrert i europeiske land<\/a>. Innen utgangen av mars 2023, har over 40 000 av dem <a href=\"https:\/\/udi.no\/statistikk-og-analyse\/statistikk\/asylsokere-fra-ukraina-i-2022\/\">kommet til Norge<\/a>, og mange er kvinner og barn.<\/p><p>\u00a0<\/p>\t\t\t\t\t\t\t\t<\/div>\n\t\t\t\t<\/div>\n\t\t\t\t<div class=\"elementor-element elementor-element-5fe5f564 elementor-widget elementor-widget-heading\" data-id=\"5fe5f564\" data-element_type=\"widget\" data-e-type=\"widget\" data-widget_type=\"heading.default\">\n\t\t\t\t<div class=\"elementor-widget-container\">\n\t\t\t\t\t<h2 class=\"elementor-heading-title elementor-size-default\">Kollektiv beskyttelse<\/h2>\t\t\t\t<\/div>\n\t\t\t\t<\/div>\n\t\t\t\t<div class=\"elementor-element elementor-element-3cb52ea elementor-widget elementor-widget-text-editor\" data-id=\"3cb52ea\" data-element_type=\"widget\" data-e-type=\"widget\" data-widget_type=\"text-editor.default\">\n\t\t\t\t<div class=\"elementor-widget-container\">\n\t\t\t\t\t\t\t\t\t<p>Vanligvis vurderes asyls\u00f8keres beskyttelsesbehov individuelt. Regjeringen besluttet \u00e5 gi flyktninger fra Ukraina midlertidig beskyttelse,\u00a0 det vil si beskyttelse til en hel gruppe, etter noen enkle kriterier EU allerede hadde innf\u00f8rt. <a href=\"https:\/\/www.noas.no\/noas-mener-norge-bor-gi-kollektiv-beskyttelse-til-flyktninger-fra-ukraina\/\">NOAS st\u00f8ttet dette<\/a>. En slik ordning forenkler og effektiviserer saksbehandlingen, og er hensiktsmessig \u00e5 bruke ovenfor st\u00f8rre grupper som \u00e5penbart har et beskyttelsesbehov.<\/p>\t\t\t\t\t\t\t\t<\/div>\n\t\t\t\t<\/div>\n\t\t\t\t<div class=\"elementor-element elementor-element-b8a9ad5 elementor-widget elementor-widget-text-editor\" data-id=\"b8a9ad5\" data-element_type=\"widget\" data-e-type=\"widget\" data-widget_type=\"text-editor.default\">\n\t\t\t\t<div class=\"elementor-widget-container\">\n\t\t\t\t\t\t\t\t\t<p><a href=\"https:\/\/www.regjeringen.no\/no\/aktuelt\/midlertidig-kollektiv-beskyttelse-for-ukrainske-flyktninger\/id2903930\/\">Ordningen som ble innf\u00f8rt<\/a> med kollektiv beskyttelse, omfattet ukrainske statsborgere som har flyktet fra Ukraina etter 24. februar 2022, i tillegg til tredjelandsborgere og statsl\u00f8se som har hatt beskyttelse der. Tredjelandsborgere som er n\u00e6r familie til disse gruppene omfattes ogs\u00e5. Regjeringen <a href=\"https:\/\/www.regjeringen.no\/no\/aktuelt\/regjeringen-utvider-ordningen-med-midlertidig-kollektiv-beskyttelse-for-ukrainere\/id2910831\/\">utvidet deretter ordningen<\/a> til \u00e5 inkludere ukrainere som hadde lovlig opphold i Norge da invasjonen startet, for eksempel for \u00e5 jobbe eller studere.<\/p>\t\t\t\t\t\t\t\t<\/div>\n\t\t\t\t<\/div>\n\t\t\t\t<div class=\"elementor-element elementor-element-fdab7c2 elementor-widget elementor-widget-text-editor\" data-id=\"fdab7c2\" data-element_type=\"widget\" data-e-type=\"widget\" data-widget_type=\"text-editor.default\">\n\t\t\t\t<div class=\"elementor-widget-container\">\n\t\t\t\t\t\t\t\t\t<p>Kollektiv beskyttelse er regulert i <a href=\"https:\/\/lovdata.no\/lov\/2008-05-15-35\/%C2%A734\">utlendingsloven \u00a7 34<\/a>. Oppholdstillatelse etter denne bestemmelsen gis for ett \u00e5r av gangen, og kan fornyes i inntil tre \u00e5r. Tillatelsen gir ikke i seg selv grunnlag for permanent oppholdstillatelse, men ordin\u00e6r oppholdstillatelse som gir grunnlag for permanent oppholdstillatelse kan gis etter tre \u00e5r hvis behovet for beskyttelse er det samme. Personer med slik tillatelse har rett til familiegjenforening.\u00a0<\/p><p>I januar 2023 <a href=\"https:\/\/www.regjeringen.no\/no\/aktuelt\/fordrevne-fra-ukraina-far-forlenget-oppholdstillatelse-i-norge\/id2960113\/\">videref\u00f8rte regjeringen ordningen med kollektiv beskyttelse<\/a>, og personer som har f\u00e5tt kollektiv beskyttelse f\u00e5r n\u00e5 tillatelsen forlenget automatisk.<\/p><p>\u00a0<\/p>\t\t\t\t\t\t\t\t<\/div>\n\t\t\t\t<\/div>\n\t\t\t\t\t<\/div>\n\t\t<\/div>\n\t\t\t\t<div class=\"elementor-column elementor-col-25 elementor-top-column elementor-element elementor-element-e011f25\" data-id=\"e011f25\" data-element_type=\"column\" data-e-type=\"column\">\n\t\t\t<div class=\"elementor-widget-wrap\">\n\t\t\t\t\t\t\t<\/div>\n\t\t<\/div>\n\t\t\t\t\t<\/div>\n\t\t<\/section>\n\t\t\t\t<section class=\"elementor-section elementor-top-section elementor-element elementor-element-72e914fd elementor-section-boxed elementor-section-height-default elementor-section-height-default\" data-id=\"72e914fd\" data-element_type=\"section\" data-e-type=\"section\">\n\t\t\t\t\t\t<div class=\"elementor-container elementor-column-gap-default\">\n\t\t\t\t\t<div class=\"elementor-column elementor-col-50 elementor-top-column elementor-element elementor-element-568f2da\" data-id=\"568f2da\" data-element_type=\"column\" data-e-type=\"column\">\n\t\t\t<div class=\"elementor-widget-wrap elementor-element-populated\">\n\t\t\t\t\t\t<div class=\"elementor-element elementor-element-cd580bf elementor-widget elementor-widget-heading\" data-id=\"cd580bf\" data-element_type=\"widget\" data-e-type=\"widget\" data-widget_type=\"heading.default\">\n\t\t\t\t<div class=\"elementor-widget-container\">\n\t\t\t\t\t<h2 class=\"elementor-heading-title elementor-size-default\"><b>Rask saksbehandling og bosetting<\/b><\/h2>\t\t\t\t<\/div>\n\t\t\t\t<\/div>\n\t\t\t\t<div class=\"elementor-element elementor-element-2513329 elementor-widget elementor-widget-text-editor\" data-id=\"2513329\" data-element_type=\"widget\" data-e-type=\"widget\" data-widget_type=\"text-editor.default\">\n\t\t\t\t<div class=\"elementor-widget-container\">\n\t\t\t\t\t\t\t\t\t<p>Kollektiv beskyttelse gir grunnlag for rask saksbehandling, og en del ukrainere blir n\u00e5 registrert av politiet og f\u00e5r vedtak om beskyttelse av Utlendingsdirektoratet (UDI) etter kun noen dager i Norge.<\/p>\t\t\t\t\t\t\t\t<\/div>\n\t\t\t\t<\/div>\n\t\t\t\t<div class=\"elementor-element elementor-element-5a88edb elementor-widget elementor-widget-text-editor\" data-id=\"5a88edb\" data-element_type=\"widget\" data-e-type=\"widget\" data-widget_type=\"text-editor.default\">\n\t\t\t\t<div class=\"elementor-widget-container\">\n\t\t\t\t\t\t\t\t\t<p>NOAS mente overf\u00f8ring av ukrainske flyktninger fra asylmottak til en kommune i starten <a href=\"https:\/\/www.nrk.no\/tromsogfinnmark\/noas-mener-bosetting-av-flyktninger-fra-ukraina-gar-for-sakte-1.15935989\">gikk for sent<\/a>, selv om kommunene la raskt til rette for bosetting. Tre m\u00e5neder etter krigsutbruddet i Ukraina hadde n\u00e6rmere 14 000 f\u00e5tt kollektiv beskyttelse i Norge, men kun omkring 3 600 var bosatt i en kommune.<\/p><p>Integrerings- og mangfoldsdirektoratet (IMDi) har imidlertid tatt grep for \u00e5 \u00f8kte takten p\u00e5 bosettingen, og ventetiden fra innvilgelsen av oppholdstillatelse til bosetting i en kommune har g\u00e5tt kraftig ned. Kommunene har vist en stor innsatsvilje i m\u00f8te med de ukrainske flyktningene, og <a href=\"https:\/\/www.regjeringen.no\/no\/aktuelt\/rekordmange-bosatt-over-hele-landet\/id2952927\/\">rekordmange ble bosatt<\/a> over hele landet i 2022.<\/p>\t\t\t\t\t\t\t\t<\/div>\n\t\t\t\t<\/div>\n\t\t\t\t\t<\/div>\n\t\t<\/div>\n\t\t\t\t<div class=\"elementor-column elementor-col-50 elementor-top-column elementor-element elementor-element-2028aa77\" data-id=\"2028aa77\" data-element_type=\"column\" data-e-type=\"column\">\n\t\t\t<div class=\"elementor-widget-wrap\">\n\t\t\t\t\t\t\t<\/div>\n\t\t<\/div>\n\t\t\t\t\t<\/div>\n\t\t<\/section>\n\t\t\t\t<section class=\"elementor-section elementor-top-section elementor-element elementor-element-06c91a4 elementor-section-boxed elementor-section-height-default elementor-section-height-default\" data-id=\"06c91a4\" data-element_type=\"section\" data-e-type=\"section\">\n\t\t\t\t\t\t<div class=\"elementor-container elementor-column-gap-default\">\n\t\t\t\t\t<div class=\"elementor-column elementor-col-50 elementor-top-column elementor-element elementor-element-2405acb\" data-id=\"2405acb\" data-element_type=\"column\" data-e-type=\"column\">\n\t\t\t<div class=\"elementor-widget-wrap elementor-element-populated\">\n\t\t\t\t\t\t<div class=\"elementor-element elementor-element-21e337a elementor-widget__width-initial elementor-widget elementor-widget-text-editor\" data-id=\"21e337a\" data-element_type=\"widget\" data-e-type=\"widget\" data-widget_type=\"text-editor.default\">\n\t\t\t\t<div class=\"elementor-widget-container\">\n\t\t\t\t\t\t\t\t\t<p>Fremover <a href=\"https:\/\/www.noas.no\/wp-content\/uploads\/2023\/04\/Brev-til-Justis-og-beredskapsdepartementet-med-Ukraina-anbefalinger.pdf\">mener NOAS<\/a> at personkretsen for kollektiv beskyttelse b\u00f8r utvides til \u00e5 inkludere visse grupper som i dag faller utenfor. Vi mener alle ukrainere som n\u00e5 ikke fyller vilk\u00e5rene for kollektiv beskyttelse, og som heller ikke kan henvises til \u00e5 ta opphold i andre land, b\u00f8r gis kollektiv beskyttelse. De kan ikke returnere til Ukraina, og det er derfor rimelig at de gis kollektiv beskyttelse i stedet for individuell behandling.<\/p><p>Vi mener ogs\u00e5 visse grupper som etter regelverket kan henvises til et annet land, av humanit\u00e6re hensyn b\u00f8r gis kollektiv beskyttelse i Norge. Dette gjelder s\u00e6rlig n\u00e6re familiemedlemmer av personer som har rett til opphold i Norge, som foreldre, voksne barn og s\u00f8sken.<\/p>\t\t\t\t\t\t\t\t<\/div>\n\t\t\t\t<\/div>\n\t\t\t\t\t<\/div>\n\t\t<\/div>\n\t\t\t\t<div class=\"elementor-column elementor-col-50 elementor-top-column elementor-element elementor-element-6c16bf59\" data-id=\"6c16bf59\" data-element_type=\"column\" data-e-type=\"column\">\n\t\t\t<div class=\"elementor-widget-wrap elementor-element-populated\">\n\t\t\t\t\t\t<div class=\"elementor-element elementor-element-16852fdf elementor-widget elementor-widget-image\" data-id=\"16852fdf\" data-element_type=\"widget\" data-e-type=\"widget\" data-widget_type=\"image.default\">\n\t\t\t\t<div class=\"elementor-widget-container\">\n\t\t\t\t\t\t\t\t\t\t\t\t\t\t\t<img decoding=\"async\" width=\"1024\" height=\"683\" src=\"https:\/\/noas.no\/riketstilstand\/wp-content\/uploads\/2023\/05\/shutterstock_2142141205-1024x683.jpg\" class=\"attachment-large size-large wp-image-8051\" alt=\"\" srcset=\"https:\/\/noas.no\/riketstilstand\/wp-content\/uploads\/2023\/05\/shutterstock_2142141205-1024x683.jpg 1024w, https:\/\/noas.no\/riketstilstand\/wp-content\/uploads\/2023\/05\/shutterstock_2142141205-300x200.jpg 300w, https:\/\/noas.no\/riketstilstand\/wp-content\/uploads\/2023\/05\/shutterstock_2142141205-768x512.jpg 768w, https:\/\/noas.no\/riketstilstand\/wp-content\/uploads\/2023\/05\/shutterstock_2142141205-1536x1024.jpg 1536w, https:\/\/noas.no\/riketstilstand\/wp-content\/uploads\/2023\/05\/shutterstock_2142141205-2048x1366.jpg 2048w\" sizes=\"(max-width: 1024px) 100vw, 1024px\" \/>\t\t\t\t\t\t\t\t\t\t\t\t\t\t\t<\/div>\n\t\t\t\t<\/div>\n\t\t\t\t<div class=\"elementor-element elementor-element-317a281 elementor-widget elementor-widget-text-editor\" data-id=\"317a281\" data-element_type=\"widget\" data-e-type=\"widget\" data-widget_type=\"text-editor.default\">\n\t\t\t\t<div class=\"elementor-widget-container\">\n\t\t\t\t\t\t\t\t\t<p>79 prosent av de ukrainske flyktningene som kom til Norge i 2022 var kvinner og barn.\u00a0<\/p>\t\t\t\t\t\t\t\t<\/div>\n\t\t\t\t<\/div>\n\t\t\t\t\t<\/div>\n\t\t<\/div>\n\t\t\t\t\t<\/div>\n\t\t<\/section>\n\t\t\t\t<section class=\"elementor-section elementor-top-section elementor-element elementor-element-b41720f elementor-section-boxed elementor-section-height-default elementor-section-height-default\" data-id=\"b41720f\" data-element_type=\"section\" data-e-type=\"section\">\n\t\t\t\t\t\t<div class=\"elementor-container elementor-column-gap-default\">\n\t\t\t\t\t<div class=\"elementor-column elementor-col-100 elementor-top-column elementor-element elementor-element-947248d\" data-id=\"947248d\" data-element_type=\"column\" data-e-type=\"column\">\n\t\t\t<div class=\"elementor-widget-wrap elementor-element-populated\">\n\t\t\t\t\t\t<div class=\"elementor-element elementor-element-4c0135f elementor-widget elementor-widget-text-editor\" data-id=\"4c0135f\" data-element_type=\"widget\" data-e-type=\"widget\" data-widget_type=\"text-editor.default\">\n\t\t\t\t<div class=\"elementor-widget-container\">\n\t\t\t\t\t\t\t\t\t<h3><strong>\u00d8kte st\u00f8nader i mottak<\/strong><\/h3><p>Mange ukrainere har bodd i akuttmottak, der en voksen <a href=\"https:\/\/udi.no\/globalassets\/ukrainasituasjonen-inkl-russlandinfo\/no--velkommen-til-akuttinnkvartering.pdf\">fikk under 15 kroner dagen<\/a>, som skulle dekke kl\u00e6r, transport, telefon, hygieneartikler og andre n\u00f8dvendigheter. Den lave st\u00f8naden gjorde det vanskelig for mange \u00e5 dekke grunnleggende behov, og ukrainske flyktninger <a href=\"https:\/\/www.dagsavisen.no\/nyheter\/innenriks\/2022\/04\/25\/ukrainske-flyktninger-drar-til-fattighuset-for-a-fa-nok-mat\/\">har g\u00e5tt til Fattighuset<\/a> for \u00e5 f\u00e5 nok mat. Flere ukrainere har <a href=\"https:\/\/www.dagbladet.no\/nyheter\/marina-49-fikk-ingen-penger\/76011779\">tatt opp forbruksl\u00e5n<\/a> fra ukrainske banker, blant annet for \u00e5 dekke grunnleggende behov som mat og medisiner.<\/p><p>Det er derfor en sv\u00e6rt god nyhet at st\u00f8nadene i mottak \u00f8kes med 50 prosent i 2023, etter <a href=\"https:\/\/www.sv.no\/blog\/2022\/11\/29\/mange-sv-seirer-i-enighet-om-statsbudsjett\/\">budsjettforhandlinger<\/a> mellom Sosialistisk Venstreparti og regjeringen. Selv om situasjonen i mottak fortsatt vil v\u00e6re krevende, kommer \u00f8kningen veldig godt med for barn og voksne i en vanskelig livssituasjon som har lite fra f\u00f8r.<\/p><p>\u00a0<\/p><h3><strong>Positive erfaringer og nye utfordringer<\/strong><\/h3><p>En <a href=\"https:\/\/www.imdi.no\/om-imdi\/rapporter\/2022\/rapport-om-ukrainske-flyktningers-mote-med-norge\/?fbclid=IwAR3k8xI5E0VXC7XNW7fVdRi0ANniv8ukBhL04JyUoA2B6TMC187GWNh8yyE\">forskningsrapport fra OsloMet<\/a> viser at ukrainere generelt er forn\u00f8yde med behandlingen i Norge. P\u00e5 en skala fra 1 (helt uenig) til 5 (helt enig) ga flyktningene en sk\u00e5r p\u00e5 4,4 da de evaluerte hvordan de har blitt mottatt. Flyktningene har generelt positive erfaringer med offentlige akt\u00f8rer, som mottak, politi, skoler, barnehager og helsetjenester.<\/p><p>Samme rapport viser ogs\u00e5 at ikke alt har fungert optimalt. Mange ukrainere har funnet det vanskelig \u00e5 f\u00e5 tilgang p\u00e5 korrekt informasjon. Her er det stadig rom for forbedringer fra myndigheter og andre akt\u00f8rers side. <em>NOAS tilbyr informasjon til ukrainske flyktninger blant annet gjennom en egen <\/em><a href=\"https:\/\/www.ukrainianrefugees.no\/nb\/\"><em>nettside<\/em><\/a><em>. <br \/><\/em><br \/>Ankomstene fra Ukraina er fortsatt h\u00f8ye, og den ustabile situasjonen i Ukraina gj\u00f8r at de kan \u00f8ke fremover. Sammenlignet med tidligere, har f\u00e6rre av flyktningene som kommer n\u00e5 familie og venner i Norge \u00e5 st\u00f8tte seg p\u00e5. Det skaper utfordringer, og et spesielt behov for god ivaretakelse av s\u00e5rbare individer.<\/p>\t\t\t\t\t\t\t\t<\/div>\n\t\t\t\t<\/div>\n\t\t\t\t\t<\/div>\n\t\t<\/div>\n\t\t\t\t\t<\/div>\n\t\t<\/section>\n\t\t\t\t<section class=\"elementor-section elementor-top-section elementor-element elementor-element-6b2e5a63 elementor-section-boxed elementor-section-height-default elementor-section-height-default\" data-id=\"6b2e5a63\" data-element_type=\"section\" data-e-type=\"section\">\n\t\t\t\t\t\t<div class=\"elementor-container elementor-column-gap-default\">\n\t\t\t\t\t<div class=\"elementor-column elementor-col-50 elementor-top-column elementor-element elementor-element-563ef410\" data-id=\"563ef410\" data-element_type=\"column\" data-e-type=\"column\">\n\t\t\t<div class=\"elementor-widget-wrap elementor-element-populated\">\n\t\t\t\t\t\t<div class=\"elementor-element elementor-element-5b9105a6 elementor-widget elementor-widget-button\" data-id=\"5b9105a6\" data-element_type=\"widget\" data-e-type=\"widget\" data-widget_type=\"button.default\">\n\t\t\t\t<div class=\"elementor-widget-container\">\n\t\t\t\t\t\t\t\t\t<div class=\"elementor-button-wrapper\">\n\t\t\t\t\t<a class=\"elementor-button elementor-button-link elementor-size-md\" href=\"https:\/\/www.udiregelverk.no\/rettskilder\/udi-retningslinjer\/udi-2022-004\/\">\n\t\t\t\t\t\t<span class=\"elementor-button-content-wrapper\">\n\t\t\t\t\t\t\t\t\t<span class=\"elementor-button-text\">LES UDIS RETNINGSLINJER FOR UKRAINA <\/span>\n\t\t\t\t\t<\/span>\n\t\t\t\t\t<\/a>\n\t\t\t\t<\/div>\n\t\t\t\t\t\t\t\t<\/div>\n\t\t\t\t<\/div>\n\t\t\t\t\t<\/div>\n\t\t<\/div>\n\t\t\t\t<div class=\"elementor-column elementor-col-50 elementor-top-column elementor-element elementor-element-62e04ed8\" data-id=\"62e04ed8\" data-element_type=\"column\" data-e-type=\"column\">\n\t\t\t<div class=\"elementor-widget-wrap\">\n\t\t\t\t\t\t\t<\/div>\n\t\t<\/div>\n\t\t\t\t\t<\/div>\n\t\t<\/section>\n\t\t\t\t<\/div>\n\t\t","protected":false},"excerpt":{"rendered":"<p>Landprofiler 2022 Ukraina Etter Russland angrep Ukraina 24. februar 2022, har mange barn og voksne blitt tvunget p\u00e5 flukt. Over 8 millioner ukrainske flyktninger er registrert i europeiske land. Innen utgangen av mars 2023, har over 40 000 av dem kommet til Norge, og mange er kvinner og barn. \u00a0 Kollektiv beskyttelse Vanligvis vurderes asyls\u00f8keres [&hellip;]<\/p>\n","protected":false},"author":1,"featured_media":0,"parent":7441,"menu_order":0,"comment_status":"closed","ping_status":"closed","template":"","meta":{"_acf_changed":false,"site-sidebar-layout":"no-sidebar","site-content-layout":"page-builder","ast-site-content-layout":"default","site-content-style":"default","site-sidebar-style":"default","ast-global-header-display":"","ast-banner-title-visibility":"","ast-main-header-display":"","ast-hfb-above-header-display":"","ast-hfb-below-header-display":"","ast-hfb-mobile-header-display":"","site-post-title":"disabled","ast-breadcrumbs-content":"","ast-featured-img":"disabled","footer-sml-layout":"","ast-disable-related-posts":"","theme-transparent-header-meta":"default","adv-header-id-meta":"","stick-header-meta":"","header-above-stick-meta":"","header-main-stick-meta":"","header-below-stick-meta":"","astra-migrate-meta-layouts":"default","ast-page-background-enabled":"default","ast-page-background-meta":{"desktop":{"background-color":"var(--ast-global-color-4)","background-image":"","background-repeat":"repeat","background-position":"center center","background-size":"auto","background-attachment":"scroll","background-type":"","background-media":"","overlay-type":"","overlay-color":"","overlay-opacity":"","overlay-gradient":""},"tablet":{"background-color":"","background-image":"","background-repeat":"repeat","background-position":"center center","background-size":"auto","background-attachment":"scroll","background-type":"","background-media":"","overlay-type":"","overlay-color":"","overlay-opacity":"","overlay-gradient":""},"mobile":{"background-color":"","background-image":"","background-repeat":"repeat","background-position":"center center","background-size":"auto","background-attachment":"scroll","background-type":"","background-media":"","overlay-type":"","overlay-color":"","overlay-opacity":"","overlay-gradient":""}},"ast-content-background-meta":{"desktop":{"background-color":"var(--ast-global-color-5)","background-image":"","background-repeat":"repeat","background-position":"center center","background-size":"auto","background-attachment":"scroll","background-type":"","background-media":"","overlay-type":"","overlay-color":"","overlay-opacity":"","overlay-gradient":""},"tablet":{"background-color":"var(--ast-global-color-5)","background-image":"","background-repeat":"repeat","background-position":"center center","background-size":"auto","background-attachment":"scroll","background-type":"","background-media":"","overlay-type":"","overlay-color":"","overlay-opacity":"","overlay-gradient":""},"mobile":{"background-color":"var(--ast-global-color-5)","background-image":"","background-repeat":"repeat","background-position":"center center","background-size":"auto","background-attachment":"scroll","background-type":"","background-media":"","overlay-type":"","overlay-color":"","overlay-opacity":"","overlay-gradient":""}},"footnotes":""},"class_list":["post-7465","page","type-page","status-publish","hentry"],"acf":[],"_links":{"self":[{"href":"https:\/\/noas.no\/riketstilstand\/wp-json\/wp\/v2\/pages\/7465","targetHints":{"allow":["GET"]}}],"collection":[{"href":"https:\/\/noas.no\/riketstilstand\/wp-json\/wp\/v2\/pages"}],"about":[{"href":"https:\/\/noas.no\/riketstilstand\/wp-json\/wp\/v2\/types\/page"}],"author":[{"embeddable":true,"href":"https:\/\/noas.no\/riketstilstand\/wp-json\/wp\/v2\/users\/1"}],"replies":[{"embeddable":true,"href":"https:\/\/noas.no\/riketstilstand\/wp-json\/wp\/v2\/comments?post=7465"}],"version-history":[{"count":58,"href":"https:\/\/noas.no\/riketstilstand\/wp-json\/wp\/v2\/pages\/7465\/revisions"}],"predecessor-version":[{"id":8613,"href":"https:\/\/noas.no\/riketstilstand\/wp-json\/wp\/v2\/pages\/7465\/revisions\/8613"}],"up":[{"embeddable":true,"href":"https:\/\/noas.no\/riketstilstand\/wp-json\/wp\/v2\/pages\/7441"}],"wp:attachment":[{"href":"https:\/\/noas.no\/riketstilstand\/wp-json\/wp\/v2\/media?parent=7465"}],"curies":[{"name":"wp","href":"https:\/\/api.w.org\/{rel}","templated":true}]}}