{"id":7451,"date":"2023-05-22T09:39:36","date_gmt":"2023-05-22T09:39:36","guid":{"rendered":"https:\/\/noas.no\/riketstilstand\/?page_id=7451"},"modified":"2023-06-01T10:33:11","modified_gmt":"2023-06-01T10:33:11","slug":"hederspris","status":"publish","type":"page","link":"https:\/\/noas.no\/riketstilstand\/2023-2\/hederspris\/","title":{"rendered":"Hederspris"},"content":{"rendered":"\t\t<div data-elementor-type=\"wp-page\" data-elementor-id=\"7451\" class=\"elementor elementor-7451\">\n\t\t\t\t\t\t<section class=\"elementor-section elementor-top-section elementor-element elementor-element-02552f7 elementor-section-full_width elementor-section-height-full elementor-section-height-default elementor-section-items-middle\" data-id=\"02552f7\" data-element_type=\"section\" data-e-type=\"section\" data-settings=\"{&quot;background_background&quot;:&quot;classic&quot;}\">\n\t\t\t\t\t\t\t<div class=\"elementor-background-overlay\"><\/div>\n\t\t\t\t\t\t\t<div class=\"elementor-container elementor-column-gap-default\">\n\t\t\t\t\t<div class=\"elementor-column elementor-col-100 elementor-top-column elementor-element elementor-element-2b5472a\" data-id=\"2b5472a\" data-element_type=\"column\" data-e-type=\"column\">\n\t\t\t<div class=\"elementor-widget-wrap elementor-element-populated\">\n\t\t\t\t\t\t<div class=\"elementor-element elementor-element-68e79f0 elementor-widget elementor-widget-heading\" data-id=\"68e79f0\" data-element_type=\"widget\" data-e-type=\"widget\" data-widget_type=\"heading.default\">\n\t\t\t\t<div class=\"elementor-widget-container\">\n\t\t\t\t\t<h4 class=\"elementor-heading-title elementor-size-default\">Annette Thommessens hederspris<\/h4>\t\t\t\t<\/div>\n\t\t\t\t<\/div>\n\t\t\t\t<div class=\"elementor-element elementor-element-a33d870 elementor-widget elementor-widget-heading\" data-id=\"a33d870\" data-element_type=\"widget\" data-e-type=\"widget\" data-widget_type=\"heading.default\">\n\t\t\t\t<div class=\"elementor-widget-container\">\n\t\t\t\t\t<h4 class=\"elementor-heading-title elementor-size-default\"><p align=\"center\" style=\"margin: 0cm;line-height: 15.6933px;white-space: normal;letter-spacing: normal;font-weight: 400;font-style: normal;font-size: 11pt;font-family: Calibri, sans-serif\"><b><i><span style=\"font-size: 12pt;line-height: 17.12px;, serif\">2.<\/span><\/i><\/b><\/p><i>Kristina Quintano ble tildelt Annette Thommessens hederspris 2022.<\/i><br><\/h4>\t\t\t\t<\/div>\n\t\t\t\t<\/div>\n\t\t\t\t\t<\/div>\n\t\t<\/div>\n\t\t\t\t\t<\/div>\n\t\t<\/section>\n\t\t\t\t<section class=\"elementor-section elementor-top-section elementor-element elementor-element-eed3b10 elementor-section-boxed elementor-section-height-default elementor-section-height-default\" data-id=\"eed3b10\" data-element_type=\"section\" data-e-type=\"section\">\n\t\t\t\t\t\t<div class=\"elementor-container elementor-column-gap-default\">\n\t\t\t\t\t<div class=\"elementor-column elementor-col-100 elementor-top-column elementor-element elementor-element-f7b6cc4\" data-id=\"f7b6cc4\" data-element_type=\"column\" data-e-type=\"column\">\n\t\t\t<div class=\"elementor-widget-wrap elementor-element-populated\">\n\t\t\t\t\t\t<div class=\"elementor-element elementor-element-898aac9 elementor-widget elementor-widget-text-editor\" data-id=\"898aac9\" data-element_type=\"widget\" data-e-type=\"widget\" data-widget_type=\"text-editor.default\">\n\t\t\t\t<div class=\"elementor-widget-container\">\n\t\t\t\t\t\t\t\t\t<p><em>Syriske flyktninger ankommer \u00f8ya Lesvos etter en lang reise over Middelhavet. Foto: Nicolas Economou<\/em><\/p>\t\t\t\t\t\t\t\t<\/div>\n\t\t\t\t<\/div>\n\t\t\t\t\t<\/div>\n\t\t<\/div>\n\t\t\t\t\t<\/div>\n\t\t<\/section>\n\t\t\t\t<section class=\"elementor-section elementor-top-section elementor-element elementor-element-c21ac4e elementor-section-content-top elementor-section-boxed elementor-section-height-default elementor-section-height-default\" data-id=\"c21ac4e\" data-element_type=\"section\" data-e-type=\"section\">\n\t\t\t\t\t\t<div class=\"elementor-container elementor-column-gap-default\">\n\t\t\t\t\t<div class=\"elementor-column elementor-col-25 elementor-top-column elementor-element elementor-element-f84a320\" data-id=\"f84a320\" data-element_type=\"column\" data-e-type=\"column\">\n\t\t\t<div class=\"elementor-widget-wrap elementor-element-populated\">\n\t\t\t\t\t\t<div class=\"elementor-element elementor-element-d1d441a elementor-widget__width-initial elementor-widget elementor-widget-text-editor\" data-id=\"d1d441a\" data-element_type=\"widget\" data-e-type=\"widget\" data-widget_type=\"text-editor.default\">\n\t\t\t\t<div class=\"elementor-widget-container\">\n\t\t\t\t\t\t\t\t\t<p><em>\u201cMed hennes vitneutsagn tvinges vi til \u00e5 se det vi helst vil fortrenge. Hun er en kritisk r\u00f8st som avsl\u00f8rer handlingslammede myndigheter \u201d<\/em><\/p>\t\t\t\t\t\t\t\t<\/div>\n\t\t\t\t<\/div>\n\t\t\t\t<div class=\"elementor-element elementor-element-1e5793e elementor-widget__width-initial elementor-widget elementor-widget-text-editor\" data-id=\"1e5793e\" data-element_type=\"widget\" data-e-type=\"widget\" data-widget_type=\"text-editor.default\">\n\t\t\t\t<div class=\"elementor-widget-container\">\n\t\t\t\t\t\t\t\t\t\u2014 Styreleder i Annette Thommessens minnefond, Brynjulf Risnes.\t\t\t\t\t\t\t\t<\/div>\n\t\t\t\t<\/div>\n\t\t\t\t\t<\/div>\n\t\t<\/div>\n\t\t\t\t<div class=\"elementor-column elementor-col-50 elementor-top-column elementor-element elementor-element-cf4196c\" data-id=\"cf4196c\" data-element_type=\"column\" data-e-type=\"column\">\n\t\t\t<div class=\"elementor-widget-wrap elementor-element-populated\">\n\t\t\t\t\t\t<div class=\"elementor-element elementor-element-cafef80 elementor-widget elementor-widget-text-editor\" data-id=\"cafef80\" data-element_type=\"widget\" data-e-type=\"widget\" data-widget_type=\"text-editor.default\">\n\t\t\t\t<div class=\"elementor-widget-container\">\n\t\t\t\t\t\t\t\t\t<p>Quintano fikk Annette Thommessens hederspris 2022 for hennes ekstraordin\u00e6re engasjement og innsats for mennesker p\u00e5 flukt.<br \/><br \/>Hun har i 20 \u00e5r dokumentert historiene til barn og voksne p\u00e5 flukt.<\/p><p>\u2013 Med hennes vitneutsagn tvinges vi til \u00e5 se det vi helst vil fortrenge. Hun er en kritisk r\u00f8st som avsl\u00f8rer handlingslammede myndigheter, sa styreleder i Annette Thommessens minnefond Brynjulf Risnes under prisdelingen.<\/p><p>I begrunnelsen for tildelingen fremhevet minnefondet at Quintano har fortalt omverdenen om grove menneskerettighetsbrudd og menneskeliv som g\u00e5r tapt i Middelhavet.<\/p><p>Gjennom Facebook-bloggen <em>Budbringeren fra helvete<\/em>, b\u00f8ker og media har hun dokumentert at mennesker blir presset tilbake i strid med menneskerettighetene \u2013 s\u00e5kalte pushbacks. Hun informerer om vold mot flyktninger langs fluktruten, og situasjonen i helsefarlige leirer p\u00e5 greske \u00f8yer.<\/p><p>Med denne prisen ville minnefondet hedre Quintanos ekstraordin\u00e6re engasjement og innsats, og samtidig p\u00e5peke Norges og andre lands ansvar for \u00e5 sikre rettighetene til flyktninger som s\u00f8ker beskyttelse hos oss i Europa.<\/p><p>\u2013 Det er enormt stort for meg \u00e5 motta denne prisen. Jeg h\u00e5per det kan bidra til mer fokus p\u00e5 ulovlige pushbacks og det at vi systematisk fratar mennesker retten og muligheten til \u00e5 s\u00f8ke asyl, sa prisvinner Kristina Quintano i takketalen sin.<\/p><p>Les mer om minnefondet, hedersprisen og tidligere prismottakere <a href=\"https:\/\/www.noas.no\/annette-thommessens-minnefond\/\">her<\/a>.<\/p>\t\t\t\t\t\t\t\t<\/div>\n\t\t\t\t<\/div>\n\t\t\t\t\t<\/div>\n\t\t<\/div>\n\t\t\t\t<div class=\"elementor-column elementor-col-25 elementor-top-column elementor-element elementor-element-70e1ebf\" data-id=\"70e1ebf\" data-element_type=\"column\" data-e-type=\"column\">\n\t\t\t<div class=\"elementor-widget-wrap elementor-element-populated\">\n\t\t\t\t\t\t<div class=\"elementor-element elementor-element-697a968 elementor-widget elementor-widget-text-editor\" data-id=\"697a968\" data-element_type=\"widget\" data-e-type=\"widget\" data-widget_type=\"text-editor.default\">\n\t\t\t\t<div class=\"elementor-widget-container\">\n\t\t\t\t\t\t\t\t\t<p><strong>Om minnefondet og hedersprisen<br \/><\/strong>Annette A. Thommessen (1932 -1994) stiftet NOAS i 1984, og ledet organisasjonen helt frem til sin bortgang. Minnefondet og hedersprisen ble opprettet for \u00e5 hedre hennes minne, og bidra til at hennes engasjement og arbeid for asyls\u00f8kere i Norge blir f\u00f8rt videre. Fondet har som form\u00e5l \u00e5 stimulere til \u00f8kt rettssikkerhet for asyls\u00f8kere og flyktninger og forst\u00e5else for asyls\u00f8keres og flyktningers situasjon i Norge. Fondet kan alene, eller sammen med andre samarbeidspartnere, utdele en \u00e5rlig pris til en eller flere personer eller organisasjoner som har utvist et engasjement og\/eller st\u00e5tt for et arbeid som faller innenfor fondets form\u00e5l.<\/p>\t\t\t\t\t\t\t\t<\/div>\n\t\t\t\t<\/div>\n\t\t\t\t\t<\/div>\n\t\t<\/div>\n\t\t\t\t\t<\/div>\n\t\t<\/section>\n\t\t\t\t<\/div>\n\t\t","protected":false},"excerpt":{"rendered":"<p>Annette Thommessens hederspris 2. Kristina Quintano ble tildelt Annette Thommessens hederspris 2022. Syriske flyktninger ankommer \u00f8ya Lesvos etter en lang reise over Middelhavet. Foto: Nicolas Economou \u201cMed hennes vitneutsagn tvinges vi til \u00e5 se det vi helst vil fortrenge. Hun er en kritisk r\u00f8st som avsl\u00f8rer handlingslammede myndigheter \u201d \u2014 Styreleder i Annette Thommessens minnefond, [&hellip;]<\/p>\n","protected":false},"author":1,"featured_media":0,"parent":7372,"menu_order":0,"comment_status":"closed","ping_status":"closed","template":"","meta":{"_acf_changed":false,"site-sidebar-layout":"no-sidebar","site-content-layout":"page-builder","ast-site-content-layout":"default","site-content-style":"default","site-sidebar-style":"default","ast-global-header-display":"","ast-banner-title-visibility":"","ast-main-header-display":"","ast-hfb-above-header-display":"","ast-hfb-below-header-display":"","ast-hfb-mobile-header-display":"","site-post-title":"disabled","ast-breadcrumbs-content":"","ast-featured-img":"disabled","footer-sml-layout":"","ast-disable-related-posts":"","theme-transparent-header-meta":"default","adv-header-id-meta":"","stick-header-meta":"","header-above-stick-meta":"","header-main-stick-meta":"","header-below-stick-meta":"","astra-migrate-meta-layouts":"default","ast-page-background-enabled":"default","ast-page-background-meta":{"desktop":{"background-color":"var(--ast-global-color-4)","background-image":"","background-repeat":"repeat","background-position":"center center","background-size":"auto","background-attachment":"scroll","background-type":"","background-media":"","overlay-type":"","overlay-color":"","overlay-opacity":"","overlay-gradient":""},"tablet":{"background-color":"","background-image":"","background-repeat":"repeat","background-position":"center center","background-size":"auto","background-attachment":"scroll","background-type":"","background-media":"","overlay-type":"","overlay-color":"","overlay-opacity":"","overlay-gradient":""},"mobile":{"background-color":"","background-image":"","background-repeat":"repeat","background-position":"center center","background-size":"auto","background-attachment":"scroll","background-type":"","background-media":"","overlay-type":"","overlay-color":"","overlay-opacity":"","overlay-gradient":""}},"ast-content-background-meta":{"desktop":{"background-color":"var(--ast-global-color-5)","background-image":"","background-repeat":"repeat","background-position":"center center","background-size":"auto","background-attachment":"scroll","background-type":"","background-media":"","overlay-type":"","overlay-color":"","overlay-opacity":"","overlay-gradient":""},"tablet":{"background-color":"var(--ast-global-color-5)","background-image":"","background-repeat":"repeat","background-position":"center center","background-size":"auto","background-attachment":"scroll","background-type":"","background-media":"","overlay-type":"","overlay-color":"","overlay-opacity":"","overlay-gradient":""},"mobile":{"background-color":"var(--ast-global-color-5)","background-image":"","background-repeat":"repeat","background-position":"center center","background-size":"auto","background-attachment":"scroll","background-type":"","background-media":"","overlay-type":"","overlay-color":"","overlay-opacity":"","overlay-gradient":""}},"footnotes":""},"class_list":["post-7451","page","type-page","status-publish","hentry"],"acf":[],"_links":{"self":[{"href":"https:\/\/noas.no\/riketstilstand\/wp-json\/wp\/v2\/pages\/7451","targetHints":{"allow":["GET"]}}],"collection":[{"href":"https:\/\/noas.no\/riketstilstand\/wp-json\/wp\/v2\/pages"}],"about":[{"href":"https:\/\/noas.no\/riketstilstand\/wp-json\/wp\/v2\/types\/page"}],"author":[{"embeddable":true,"href":"https:\/\/noas.no\/riketstilstand\/wp-json\/wp\/v2\/users\/1"}],"replies":[{"embeddable":true,"href":"https:\/\/noas.no\/riketstilstand\/wp-json\/wp\/v2\/comments?post=7451"}],"version-history":[{"count":25,"href":"https:\/\/noas.no\/riketstilstand\/wp-json\/wp\/v2\/pages\/7451\/revisions"}],"predecessor-version":[{"id":8733,"href":"https:\/\/noas.no\/riketstilstand\/wp-json\/wp\/v2\/pages\/7451\/revisions\/8733"}],"up":[{"embeddable":true,"href":"https:\/\/noas.no\/riketstilstand\/wp-json\/wp\/v2\/pages\/7372"}],"wp:attachment":[{"href":"https:\/\/noas.no\/riketstilstand\/wp-json\/wp\/v2\/media?parent=7451"}],"curies":[{"name":"wp","href":"https:\/\/api.w.org\/{rel}","templated":true}]}}