{"id":6726,"date":"2022-12-13T07:26:59","date_gmt":"2022-12-13T07:26:59","guid":{"rendered":"https:\/\/noas.no\/riketstilstand\/?page_id=6726"},"modified":"2023-04-21T09:03:52","modified_gmt":"2023-04-21T09:03:52","slug":"afghanistan","status":"publish","type":"page","link":"https:\/\/noas.no\/riketstilstand\/2020-2\/landprofiler\/afghanistan\/","title":{"rendered":"Afghanistan"},"content":{"rendered":"\t\t<div data-elementor-type=\"wp-page\" data-elementor-id=\"6726\" class=\"elementor elementor-6726\">\n\t\t\t\t\t\t<section class=\"elementor-section elementor-top-section elementor-element elementor-element-451a01a9 elementor-section-full_width elementor-section-height-min-height elementor-section-height-default elementor-section-items-middle\" data-id=\"451a01a9\" data-element_type=\"section\" data-e-type=\"section\" data-settings=\"{&quot;background_background&quot;:&quot;classic&quot;}\">\n\t\t\t\t\t\t\t<div class=\"elementor-background-overlay\"><\/div>\n\t\t\t\t\t\t\t<div class=\"elementor-container elementor-column-gap-default\">\n\t\t\t\t\t<div class=\"elementor-column elementor-col-100 elementor-top-column elementor-element elementor-element-56fb379f\" data-id=\"56fb379f\" data-element_type=\"column\" data-e-type=\"column\">\n\t\t\t<div class=\"elementor-widget-wrap elementor-element-populated\">\n\t\t\t\t\t\t<div class=\"elementor-element elementor-element-648502bd elementor-widget elementor-widget-heading\" data-id=\"648502bd\" data-element_type=\"widget\" data-e-type=\"widget\" data-widget_type=\"heading.default\">\n\t\t\t\t<div class=\"elementor-widget-container\">\n\t\t\t\t\t<h5 class=\"elementor-heading-title elementor-size-default\">Landprofiler 2020<\/h5>\t\t\t\t<\/div>\n\t\t\t\t<\/div>\n\t\t\t\t<div class=\"elementor-element elementor-element-81a97a8 elementor-widget elementor-widget-heading\" data-id=\"81a97a8\" data-element_type=\"widget\" data-e-type=\"widget\" data-widget_type=\"heading.default\">\n\t\t\t\t<div class=\"elementor-widget-container\">\n\t\t\t\t\t<h1 class=\"elementor-heading-title elementor-size-default\">Afghanistan<\/h1>\t\t\t\t<\/div>\n\t\t\t\t<\/div>\n\t\t\t\t\t<\/div>\n\t\t<\/div>\n\t\t\t\t\t<\/div>\n\t\t<\/section>\n\t\t\t\t<section class=\"elementor-section elementor-top-section elementor-element elementor-element-4b8c5a9c elementor-section-boxed elementor-section-height-default elementor-section-height-default\" data-id=\"4b8c5a9c\" data-element_type=\"section\" data-e-type=\"section\">\n\t\t\t\t\t\t<div class=\"elementor-container elementor-column-gap-default\">\n\t\t\t\t\t<div class=\"elementor-column elementor-col-100 elementor-top-column elementor-element elementor-element-2da0ec91\" data-id=\"2da0ec91\" data-element_type=\"column\" data-e-type=\"column\">\n\t\t\t<div class=\"elementor-widget-wrap elementor-element-populated\">\n\t\t\t\t\t\t<div class=\"elementor-element elementor-element-dd42ebb elementor-widget elementor-widget-text-editor\" data-id=\"dd42ebb\" data-element_type=\"widget\" data-e-type=\"widget\" data-widget_type=\"text-editor.default\">\n\t\t\t\t<div class=\"elementor-widget-container\">\n\t\t\t\t\t\t\t\t\t<p><em>FOTO: SHUTTERSTOCK<\/em><\/p>\t\t\t\t\t\t\t\t<\/div>\n\t\t\t\t<\/div>\n\t\t\t\t\t<\/div>\n\t\t<\/div>\n\t\t\t\t\t<\/div>\n\t\t<\/section>\n\t\t\t\t<section class=\"elementor-section elementor-top-section elementor-element elementor-element-6397eb6 elementor-section-boxed elementor-section-height-default elementor-section-height-default\" data-id=\"6397eb6\" data-element_type=\"section\" data-e-type=\"section\">\n\t\t\t\t\t\t<div class=\"elementor-container elementor-column-gap-default\">\n\t\t\t\t\t<div class=\"elementor-column elementor-col-50 elementor-top-column elementor-element elementor-element-23009f1\" data-id=\"23009f1\" data-element_type=\"column\" data-e-type=\"column\">\n\t\t\t<div class=\"elementor-widget-wrap elementor-element-populated\">\n\t\t\t\t\t\t<div class=\"elementor-element elementor-element-d95d2b9 elementor-widget elementor-widget-image\" data-id=\"d95d2b9\" data-element_type=\"widget\" data-e-type=\"widget\" data-widget_type=\"image.default\">\n\t\t\t\t<div class=\"elementor-widget-container\">\n\t\t\t\t\t\t\t\t\t\t\t\t\t\t\t<img fetchpriority=\"high\" decoding=\"async\" width=\"721\" height=\"526\" src=\"https:\/\/noas.no\/riketstilstand\/wp-content\/uploads\/2022\/09\/Landkort_Afghanistan.png\" class=\"attachment-large size-large wp-image-3804\" alt=\"\" srcset=\"https:\/\/noas.no\/riketstilstand\/wp-content\/uploads\/2022\/09\/Landkort_Afghanistan.png 721w, https:\/\/noas.no\/riketstilstand\/wp-content\/uploads\/2022\/09\/Landkort_Afghanistan-300x219.png 300w\" sizes=\"(max-width: 721px) 100vw, 721px\" \/>\t\t\t\t\t\t\t\t\t\t\t\t\t\t\t<\/div>\n\t\t\t\t<\/div>\n\t\t\t\t<div class=\"elementor-element elementor-element-ac75c83 elementor-widget elementor-widget-button\" data-id=\"ac75c83\" data-element_type=\"widget\" data-e-type=\"widget\" data-widget_type=\"button.default\">\n\t\t\t\t<div class=\"elementor-widget-container\">\n\t\t\t\t\t\t\t\t\t<div class=\"elementor-button-wrapper\">\n\t\t\t\t\t<a class=\"elementor-button elementor-button-link elementor-size-md\" href=\"https:\/\/www.udiregelverk.no\/rettskilder\/udi-retningslinjer\/udi-2014-004\/\">\n\t\t\t\t\t\t<span class=\"elementor-button-content-wrapper\">\n\t\t\t\t\t\t\t\t\t<span class=\"elementor-button-text\">LES UDIS PRAKSISNOTAT FOR AFGHANISTAN<\/span>\n\t\t\t\t\t<\/span>\n\t\t\t\t\t<\/a>\n\t\t\t\t<\/div>\n\t\t\t\t\t\t\t\t<\/div>\n\t\t\t\t<\/div>\n\t\t\t\t\t<\/div>\n\t\t<\/div>\n\t\t\t\t<div class=\"elementor-column elementor-col-50 elementor-top-column elementor-element elementor-element-e97e017\" data-id=\"e97e017\" data-element_type=\"column\" data-e-type=\"column\">\n\t\t\t<div class=\"elementor-widget-wrap elementor-element-populated\">\n\t\t\t\t\t\t<div class=\"elementor-element elementor-element-4bf2240 elementor-widget elementor-widget-heading\" data-id=\"4bf2240\" data-element_type=\"widget\" data-e-type=\"widget\" data-widget_type=\"heading.default\">\n\t\t\t\t<div class=\"elementor-widget-container\">\n\t\t\t\t\t<h2 class=\"elementor-heading-title elementor-size-default\"><b>Alvorlig sikkerhetssituasjon<\/b><\/h2>\t\t\t\t<\/div>\n\t\t\t\t<\/div>\n\t\t\t\t<div class=\"elementor-element elementor-element-b9ee333 elementor-widget elementor-widget-text-editor\" data-id=\"b9ee333\" data-element_type=\"widget\" data-e-type=\"widget\" data-widget_type=\"text-editor.default\">\n\t\t\t\t<div class=\"elementor-widget-container\">\n\t\t\t\t\t\t\t\t\t<p>FN har dokumentert at 11.000 sivile ble skadet eller drept i Afghanistan i 2018 som resultat av v\u00e6pnet konflikt. Dette er en fem prosent \u00f8kning sammenlignet med 2017. Ser man kun p\u00e5 antall drepte, var \u00f8kningen p\u00e5 11 prosent. Det var en betydelig \u00f8kning i antall sivile skadde og drepte p\u00e5 grunn av selvmordsangrep. Nesten 30 prosent av de skadde og drepte i 2018 var barn. Kabul var den farligste provinsen for sivile i 2018.<\/p><p>\u00a0<\/p>\t\t\t\t\t\t\t\t<\/div>\n\t\t\t\t<\/div>\n\t\t\t\t<div class=\"elementor-element elementor-element-e3f8eb8 elementor-widget elementor-widget-text-editor\" data-id=\"e3f8eb8\" data-element_type=\"widget\" data-e-type=\"widget\" data-widget_type=\"text-editor.default\">\n\t\t\t\t<div class=\"elementor-widget-container\">\n\t\t\t\t\t\t\t\t\t<blockquote><p>&#8220;UNHCR konkluderte i sine retningslinjer med at internflukt til Kabul p\u00e5 generelt grunnlag ikke lenger er mulig p\u00e5 grunn av sikkerhets-, menneskerettighets- og humanit\u00e6re situasjonen.&#8221;<\/p><\/blockquote>\t\t\t\t\t\t\t\t<\/div>\n\t\t\t\t<\/div>\n\t\t\t\t\t<\/div>\n\t\t<\/div>\n\t\t\t\t\t<\/div>\n\t\t<\/section>\n\t\t\t\t<section class=\"elementor-section elementor-top-section elementor-element elementor-element-981d9f0 elementor-section-boxed elementor-section-height-default elementor-section-height-default\" data-id=\"981d9f0\" data-element_type=\"section\" data-e-type=\"section\">\n\t\t\t\t\t\t<div class=\"elementor-container elementor-column-gap-default\">\n\t\t\t\t\t<div class=\"elementor-column elementor-col-100 elementor-top-column elementor-element elementor-element-546b37f\" data-id=\"546b37f\" data-element_type=\"column\" data-e-type=\"column\">\n\t\t\t<div class=\"elementor-widget-wrap elementor-element-populated\">\n\t\t\t\t\t\t<div class=\"elementor-element elementor-element-69091c2 elementor-widget elementor-widget-heading\" data-id=\"69091c2\" data-element_type=\"widget\" data-e-type=\"widget\" data-widget_type=\"heading.default\">\n\t\t\t\t<div class=\"elementor-widget-container\">\n\t\t\t\t\t<h2 class=\"elementor-heading-title elementor-size-default\">Retningslinjer fra FNTabell: Hvor kommer asyls\u00f8kerne fra?<\/b><\/h2>\t\t\t\t<\/div>\n\t\t\t\t<\/div>\n\t\t\t\t<div class=\"elementor-element elementor-element-3c57e2e elementor-widget elementor-widget-text-editor\" data-id=\"3c57e2e\" data-element_type=\"widget\" data-e-type=\"widget\" data-widget_type=\"text-editor.default\">\n\t\t\t\t<div class=\"elementor-widget-container\">\n\t\t\t\t\t\t\t\t\t<p>I august 2018 kom FNs h\u00f8ykommiss\u00e6r for flyktninger (UNHCR) med nye <a href=\"https:\/\/www.refworld.org\/cgi-bin\/texis\/vtx\/rwmain?page=search&amp;docid=5b8900109&amp;skip=0&amp;query=guidelines&amp;coi=AFG\">retningslinjer<\/a> for behandlingen av asyls\u00f8knader til personer fra Afghanistan. UNHCR var s\u00e6rlig bekymret for sikkerhetssituasjonen i Kabul, der FN hadde dokumentert det h\u00f8yeste antallet sivile skadde og drepte i landet. If\u00f8lge UNHCR risikerte sivile som deltok i daglige \u00f8konomiske og sosiale aktiviteter i Kabul, \u00e5 bli rammet av den generaliserte volden i byen.\u00a0<\/p><p>UNHCR konkluderte i sine retningslinjer med at internflukt til Kabul p\u00e5 generelt grunnlag ikke lenger er mulig p\u00e5 grunn av sikkerhets-, menneskerettighets- og humanit\u00e6re situasjonen. Med utgangspunkt i UNHCRs endrede retningslinjer, <a href=\"https:\/\/www.regjeringen.no\/no\/dokumenter\/gi-192018--internflukt-til-kabul\/id2623628\/\">instruerte<\/a> Justis- og beredskapsdepartementet Utlendingsdirektoratet i desember 2018 om \u00e5 v\u00e6re mer varsomme med \u00e5 henvise asyls\u00f8kere til internflukt til Kabul. Internflukt til Kabul kan if\u00f8lge instruksen fra departementet imidlertid fortsatt brukes for enkelte grupper asyls\u00f8kere, og praksis er derfor i strid med UNHCRs retningslinjer.\u00a0<\/p><p>Etter instruksen fra departementet, har UDI i sitt <a href=\"https:\/\/www.udiregelverk.no\/rettskilder\/udi-retningslinjer\/udi-2014-004\/#_Toc442084188\">praksisnotat for Afghanistan<\/a> presisert at internflukt til Kabul i utgangspunktet vil anses som utrygt for barnefamilier uten nettverk og\/eller ressurser og enslige mindre\u00e5rige uten nettverk. Voksne menn og par uten barn kan i utgangspunktet fortsatt henvises til internflukt i Kabul, selv om de ikke har nettverk der. Men UDI understreker at det m\u00e5 gj\u00f8res en individuell vurdering i alle saker hvor sikkerhetssituasjonen vektlegges sammen med individuelle forhold (som nettverk, tilknytning og ressurssituasjon). Dersom UDI mener at Kabul ikke er et trygt internfluktomr\u00e5de, vil det vurderes om det finnes et annet trygt og tilgjengelig omr\u00e5de i Afghanistan det kan henvises til, eksempelvis Herat eller Mazar-e Sharif.\u00a0\u00a0<\/p>\t\t\t\t\t\t\t\t<\/div>\n\t\t\t\t<\/div>\n\t\t\t\t<div class=\"elementor-element elementor-element-a49a4a5 elementor-widget elementor-widget-heading\" data-id=\"a49a4a5\" data-element_type=\"widget\" data-e-type=\"widget\" data-widget_type=\"heading.default\">\n\t\t\t\t<div class=\"elementor-widget-container\">\n\t\t\t\t\t<h2 class=\"elementor-heading-title elementor-size-default\"><b>Norsk praksis blant de strengeste i Europa\n<\/b><\/h2>\t\t\t\t<\/div>\n\t\t\t\t<\/div>\n\t\t\t\t<div class=\"elementor-element elementor-element-97dc79c elementor-widget elementor-widget-text-editor\" data-id=\"97dc79c\" data-element_type=\"widget\" data-e-type=\"widget\" data-widget_type=\"text-editor.default\">\n\t\t\t\t<div class=\"elementor-widget-container\">\n\t\t\t\t\t\t\t\t\t<p>I 2018 utga NOAS en <a href=\"https:\/\/www.noas.no\/wp-content\/uploads\/2018\/05\/Strengestiklassen_170x240_web2.pdf\">rapport<\/a> som viste at norsk Afghanistan-praksis er blant de strengeste i Europa. Kartleggingen omfattet 12 europeiske land.<\/p><p>Blant de unders\u00f8kte landene, er det kun Norge som ikke har et <a href=\"https:\/\/noas.no\/riketstilstand\/2016-2\/internflukt\/\">rimelighetsvilk\u00e5r<\/a> ved vurdering av internflukt i asylsaker. Henvisning til internflukt betyr at personer som vil v\u00e6re i fare ved retur til hjemstedet, gis avslag p\u00e5 s\u00f8knaden om beskyttelse fordi de kan henvises til et annet trygt sted i hjemlandet. Etter at rimelighetsvilk\u00e5ret ble fjernet som et innstramningstiltak i asylpolitikken i 2016, henviser Norge til internflukt selv i saker der det er urimelig.\u00a0<\/p><p>Det er i strid med FNs flyktningkonvensjon ikke \u00e5 ha et rimelighetsvilk\u00e5r n\u00e5r internflukt vurderes i asylsaker (les hvorfor <a href=\"https:\/\/www.dagbladet.no\/kultur\/det-erna-ikke-sier-om-behandlingen-av-oktoberbarna\/68879269\">her<\/a>). Fjerningen av rimelighetsvilk\u00e5ret har s\u00e6rlig rammet barn alene p\u00e5 flukt og andre s\u00e5rbare grupper.\u00a0<\/p><p>NOAS ser i rettshjelpsarbeidet at norske myndigheter bruker landinformasjon strengt i Afghanistan-saker. Eksempelvis blir enkelte kvinner som oppgir frykt for \u00e6resrelatert forf\u00f8lgelse ved retur p\u00e5 grunn av utenomekteskapelig forhold eller flukt fra tvangsekteskap, ikke trodd av utlendingsmyndighetene. Myndighetene viser da blant annet til at slike brudd mot tradisjoner og normer inneb\u00e6rer stor risiko i Afghanistan, og derfor anses som usannsynlige. NOAS mener at landinformasjon om situasjonen for kvinner i Afghanistan i flere tilfeller brukes for strengt og i for liten grad tar hensyn til individuelle forhold. At visse handlinger sanksjoneres strengt, betyr ikke at de ikke forekommer.<\/p><p>I perioden 2015-2017 tvangsreturnerte Norge flest afghanere med avslag p\u00e5 asyls\u00f8knaden sammenlignet med andre europeiske land. I 2016 sto Norge for 65 % av alle tvangsreturer fra Europa til Afghanistan. P\u00e5 grunn av streng returpraksis og lave asylankomster, sank <a href=\"https:\/\/www.udi.no\/statistikk-og-analyse\/statistikk\/beboere-i-asylmottak-etter-statsborgerskap-og-maned-2019\/\">antall afghanske beboere i asylmottak<\/a> gradvis i 2019. Det er derfor ikke lenger s\u00e5 mange afghanske mottaksbeboere \u00e5 returnere. <a href=\"https:\/\/www.politiet.no\/globalassets\/04-aktuelt-tall-og-fakta\/uttransporteringer\/2019\/desember-2019---uttransporteringer.pdf\">I 2019 uttransporterte politiet 36 personer til Afghanistan som hadde f\u00e5tt avslag p\u00e5 asyls\u00f8knaden i Norge<\/a>. Norge er sammen med Danmark og Nederland de eneste landene som gjennomf\u00f8rer tvangsreturer av afghanske barnefamilier.<\/p>\t\t\t\t\t\t\t\t<\/div>\n\t\t\t\t<\/div>\n\t\t\t\t<div class=\"elementor-element elementor-element-601c289 elementor-widget elementor-widget-heading\" data-id=\"601c289\" data-element_type=\"widget\" data-e-type=\"widget\" data-widget_type=\"heading.default\">\n\t\t\t\t<div class=\"elementor-widget-container\">\n\t\t\t\t\t<h2 class=\"elementor-heading-title elementor-size-default\"><b>Allikevel h\u00f8y innvilgelsesprosent\n<\/b><\/h2>\t\t\t\t<\/div>\n\t\t\t\t<\/div>\n\t\t\t\t<div class=\"elementor-element elementor-element-f04c7ef elementor-widget elementor-widget-text-editor\" data-id=\"f04c7ef\" data-element_type=\"widget\" data-e-type=\"widget\" data-widget_type=\"text-editor.default\">\n\t\t\t\t<div class=\"elementor-widget-container\">\n\t\t\t\t\t\t\t\t\t<p>Selv om Norge behandler afghanske asyls\u00f8kere strengt, er innvilgelsesprosenten allikevel ganske h\u00f8y. Det kan ha med sammensetningen av gruppen \u00e5 gj\u00f8re. I de siste \u00e5rene har andelen av afghanske asyls\u00f8kere som er voksne menn v\u00e6rt noks\u00e5 lav. <a href=\"https:\/\/www.udi.no\/globalassets\/global\/informasjonsnotater\/informasjon-om-asylankomster---10-storste-land-forste-halvar-2019-1.pdf\">If\u00f8lge UDI<\/a> er afghanske asyls\u00f8kere som gis beskyttelse i all hovedsak kvinner som kommer alene eller med barn og som vurderes som enslige ved retur, og enslige mindre\u00e5rige. Noen enslige menn som tilh\u00f8rer utsatte grupper gis ogs\u00e5 beskyttelse. Noen barnefamilier f\u00e5r opphold p\u00e5 humanit\u00e6rt grunnlag fordi de kommer fra et usikkert omr\u00e5de og ikke har nettverk og\/eller ressurser til \u00e5 etablere seg i et internfluktomr\u00e5de.<\/p><p>Nye regler for behandlingen av enslige mindre\u00e5rige og instruks fra regjeringen om internflukt til Kabul (se over), har bidratt til at flere afghanske asyls\u00f8kere f\u00e5r oppholdstillatelse i Norge enn tidligere.<\/p>\t\t\t\t\t\t\t\t<\/div>\n\t\t\t\t<\/div>\n\t\t\t\t\t<\/div>\n\t\t<\/div>\n\t\t\t\t\t<\/div>\n\t\t<\/section>\n\t\t\t\t<\/div>\n\t\t","protected":false},"excerpt":{"rendered":"<p>Landprofiler 2020 Afghanistan FOTO: SHUTTERSTOCK LES UDIS PRAKSISNOTAT FOR AFGHANISTAN Alvorlig sikkerhetssituasjon FN har dokumentert at 11.000 sivile ble skadet eller drept i Afghanistan i 2018 som resultat av v\u00e6pnet konflikt. Dette er en fem prosent \u00f8kning sammenlignet med 2017. Ser man kun p\u00e5 antall drepte, var \u00f8kningen p\u00e5 11 prosent. Det var en betydelig [&hellip;]<\/p>\n","protected":false},"author":1,"featured_media":0,"parent":7260,"menu_order":0,"comment_status":"closed","ping_status":"closed","template":"","meta":{"_acf_changed":false,"site-sidebar-layout":"no-sidebar","site-content-layout":"page-builder","ast-site-content-layout":"default","site-content-style":"default","site-sidebar-style":"default","ast-global-header-display":"","ast-banner-title-visibility":"","ast-main-header-display":"","ast-hfb-above-header-display":"","ast-hfb-below-header-display":"","ast-hfb-mobile-header-display":"","site-post-title":"disabled","ast-breadcrumbs-content":"","ast-featured-img":"disabled","footer-sml-layout":"","ast-disable-related-posts":"","theme-transparent-header-meta":"default","adv-header-id-meta":"","stick-header-meta":"","header-above-stick-meta":"","header-main-stick-meta":"","header-below-stick-meta":"","astra-migrate-meta-layouts":"default","ast-page-background-enabled":"default","ast-page-background-meta":{"desktop":{"background-color":"var(--ast-global-color-4)","background-image":"","background-repeat":"repeat","background-position":"center center","background-size":"auto","background-attachment":"scroll","background-type":"","background-media":"","overlay-type":"","overlay-color":"","overlay-opacity":"","overlay-gradient":""},"tablet":{"background-color":"","background-image":"","background-repeat":"repeat","background-position":"center center","background-size":"auto","background-attachment":"scroll","background-type":"","background-media":"","overlay-type":"","overlay-color":"","overlay-opacity":"","overlay-gradient":""},"mobile":{"background-color":"","background-image":"","background-repeat":"repeat","background-position":"center center","background-size":"auto","background-attachment":"scroll","background-type":"","background-media":"","overlay-type":"","overlay-color":"","overlay-opacity":"","overlay-gradient":""}},"ast-content-background-meta":{"desktop":{"background-color":"var(--ast-global-color-5)","background-image":"","background-repeat":"repeat","background-position":"center center","background-size":"auto","background-attachment":"scroll","background-type":"","background-media":"","overlay-type":"","overlay-color":"","overlay-opacity":"","overlay-gradient":""},"tablet":{"background-color":"var(--ast-global-color-5)","background-image":"","background-repeat":"repeat","background-position":"center center","background-size":"auto","background-attachment":"scroll","background-type":"","background-media":"","overlay-type":"","overlay-color":"","overlay-opacity":"","overlay-gradient":""},"mobile":{"background-color":"var(--ast-global-color-5)","background-image":"","background-repeat":"repeat","background-position":"center center","background-size":"auto","background-attachment":"scroll","background-type":"","background-media":"","overlay-type":"","overlay-color":"","overlay-opacity":"","overlay-gradient":""}},"footnotes":""},"class_list":["post-6726","page","type-page","status-publish","hentry"],"acf":[],"_links":{"self":[{"href":"https:\/\/noas.no\/riketstilstand\/wp-json\/wp\/v2\/pages\/6726","targetHints":{"allow":["GET"]}}],"collection":[{"href":"https:\/\/noas.no\/riketstilstand\/wp-json\/wp\/v2\/pages"}],"about":[{"href":"https:\/\/noas.no\/riketstilstand\/wp-json\/wp\/v2\/types\/page"}],"author":[{"embeddable":true,"href":"https:\/\/noas.no\/riketstilstand\/wp-json\/wp\/v2\/users\/1"}],"replies":[{"embeddable":true,"href":"https:\/\/noas.no\/riketstilstand\/wp-json\/wp\/v2\/comments?post=6726"}],"version-history":[{"count":22,"href":"https:\/\/noas.no\/riketstilstand\/wp-json\/wp\/v2\/pages\/6726\/revisions"}],"predecessor-version":[{"id":7264,"href":"https:\/\/noas.no\/riketstilstand\/wp-json\/wp\/v2\/pages\/6726\/revisions\/7264"}],"up":[{"embeddable":true,"href":"https:\/\/noas.no\/riketstilstand\/wp-json\/wp\/v2\/pages\/7260"}],"wp:attachment":[{"href":"https:\/\/noas.no\/riketstilstand\/wp-json\/wp\/v2\/media?parent=6726"}],"curies":[{"name":"wp","href":"https:\/\/api.w.org\/{rel}","templated":true}]}}