{"id":6619,"date":"2022-12-12T15:26:57","date_gmt":"2022-12-12T15:26:57","guid":{"rendered":"https:\/\/noas.no\/riketstilstand\/?page_id=6619"},"modified":"2022-12-12T15:34:38","modified_gmt":"2022-12-12T15:34:38","slug":"barn-alene-pa-flukt","status":"publish","type":"page","link":"https:\/\/noas.no\/riketstilstand\/2020-2\/barn-alene-pa-flukt\/","title":{"rendered":"Barn alene p\u00e5 flukt"},"content":{"rendered":"\t\t<div data-elementor-type=\"wp-page\" data-elementor-id=\"6619\" class=\"elementor elementor-6619\">\n\t\t\t\t\t\t<section class=\"elementor-section elementor-top-section elementor-element elementor-element-451a01a9 elementor-section-full_width elementor-section-height-full elementor-section-height-default elementor-section-items-middle\" data-id=\"451a01a9\" data-element_type=\"section\" data-e-type=\"section\" data-settings=\"{&quot;background_background&quot;:&quot;classic&quot;}\">\n\t\t\t\t\t\t\t<div class=\"elementor-background-overlay\"><\/div>\n\t\t\t\t\t\t\t<div class=\"elementor-container elementor-column-gap-default\">\n\t\t\t\t\t<div class=\"elementor-column elementor-col-100 elementor-top-column elementor-element elementor-element-56fb379f\" data-id=\"56fb379f\" data-element_type=\"column\" data-e-type=\"column\">\n\t\t\t<div class=\"elementor-widget-wrap elementor-element-populated\">\n\t\t\t\t\t\t<div class=\"elementor-element elementor-element-648502bd elementor-widget elementor-widget-heading\" data-id=\"648502bd\" data-element_type=\"widget\" data-e-type=\"widget\" data-widget_type=\"heading.default\">\n\t\t\t\t<div class=\"elementor-widget-container\">\n\t\t\t\t\t<h4 class=\"elementor-heading-title elementor-size-default\">Barn alene p\u00e5 flukt<\/h4>\t\t\t\t<\/div>\n\t\t\t\t<\/div>\n\t\t\t\t<div class=\"elementor-element elementor-element-af26dbb elementor-widget__width-initial elementor-widget elementor-widget-text-editor\" data-id=\"af26dbb\" data-element_type=\"widget\" data-e-type=\"widget\" data-widget_type=\"text-editor.default\">\n\t\t\t\t<div class=\"elementor-widget-container\">\n\t\t\t\t\t\t\t\t\t<p><em>Barn som har flyktet alene utsettes for menneskerettighetsbrudd i Norge.<\/em><\/p>\t\t\t\t\t\t\t\t<\/div>\n\t\t\t\t<\/div>\n\t\t\t\t\t<\/div>\n\t\t<\/div>\n\t\t\t\t\t<\/div>\n\t\t<\/section>\n\t\t\t\t<section class=\"elementor-section elementor-top-section elementor-element elementor-element-4b8c5a9c elementor-section-boxed elementor-section-height-default elementor-section-height-default\" data-id=\"4b8c5a9c\" data-element_type=\"section\" data-e-type=\"section\">\n\t\t\t\t\t\t<div class=\"elementor-container elementor-column-gap-default\">\n\t\t\t\t\t<div class=\"elementor-column elementor-col-100 elementor-top-column elementor-element elementor-element-2da0ec91\" data-id=\"2da0ec91\" data-element_type=\"column\" data-e-type=\"column\">\n\t\t\t<div class=\"elementor-widget-wrap elementor-element-populated\">\n\t\t\t\t\t\t<div class=\"elementor-element elementor-element-dd42ebb elementor-widget elementor-widget-text-editor\" data-id=\"dd42ebb\" data-element_type=\"widget\" data-e-type=\"widget\" data-widget_type=\"text-editor.default\">\n\t\t\t\t<div class=\"elementor-widget-container\">\n\t\t\t\t\t\t\t\t\t<p><em>FOTO: SHUTTERSTOCK<\/em><\/p>\t\t\t\t\t\t\t\t<\/div>\n\t\t\t\t<\/div>\n\t\t\t\t\t<\/div>\n\t\t<\/div>\n\t\t\t\t\t<\/div>\n\t\t<\/section>\n\t\t\t\t<section class=\"elementor-section elementor-top-section elementor-element elementor-element-75e6b598 elementor-section-boxed elementor-section-height-default elementor-section-height-default\" data-id=\"75e6b598\" data-element_type=\"section\" data-e-type=\"section\">\n\t\t\t\t\t\t<div class=\"elementor-container elementor-column-gap-default\">\n\t\t\t\t\t<div class=\"elementor-column elementor-col-25 elementor-top-column elementor-element elementor-element-6a838378\" data-id=\"6a838378\" data-element_type=\"column\" data-e-type=\"column\">\n\t\t\t<div class=\"elementor-widget-wrap\">\n\t\t\t\t\t\t\t<\/div>\n\t\t<\/div>\n\t\t\t\t<div class=\"elementor-column elementor-col-50 elementor-top-column elementor-element elementor-element-6b0bf490\" data-id=\"6b0bf490\" data-element_type=\"column\" data-e-type=\"column\">\n\t\t\t<div class=\"elementor-widget-wrap elementor-element-populated\">\n\t\t\t\t\t\t<div class=\"elementor-element elementor-element-cef4d47 elementor-widget elementor-widget-text-editor\" data-id=\"cef4d47\" data-element_type=\"widget\" data-e-type=\"widget\" data-widget_type=\"text-editor.default\">\n\t\t\t\t<div class=\"elementor-widget-container\">\n\t\t\t\t\t\t\t\t\t<p>I 2019 s\u00f8kte 135 enslige mindre\u00e5rige beskyttelse i Norge. Over halvparten av barna kom fra Afghanistan og Syria.<\/p>\t\t\t\t\t\t\t\t<\/div>\n\t\t\t\t<\/div>\n\t\t\t\t<div class=\"elementor-element elementor-element-42545a62 elementor-widget elementor-widget-heading\" data-id=\"42545a62\" data-element_type=\"widget\" data-e-type=\"widget\" data-widget_type=\"heading.default\">\n\t\t\t\t<div class=\"elementor-widget-container\">\n\t\t\t\t\t<h2 class=\"elementor-heading-title elementor-size-default\"><b>F\u00e6rre med opphold kun til 18 \u00e5r<\/b><\/h2>\t\t\t\t<\/div>\n\t\t\t\t<\/div>\n\t\t\t\t<div class=\"elementor-element elementor-element-a0f8a95 elementor-widget elementor-widget-text-editor\" data-id=\"a0f8a95\" data-element_type=\"widget\" data-e-type=\"widget\" data-widget_type=\"text-editor.default\">\n\t\t\t\t<div class=\"elementor-widget-container\">\n\t\t\t\t\t\t\t\t\t<p>Etter en dramatisk \u00f8kning i bruk av <a href=\"https:\/\/www.noas.no\/wp-content\/uploads\/2017\/10\/EMA-notat_web.pdf\">oppholdstillatelse kun fram til fylte 18<\/a> \u00e5r i 2016 og 2017, var situasjonen langt bedre i 2019. I 2019 fikk kun fire barn som hadde flyktet alene til Norge denne tidsbegrensede oppholdstillatelsen. En slik tillatelse er i praksis et avslag, og norske myndigheter forventer retur til hjemlandet ved fylte 18 \u00e5r.<\/p><p>En viktig \u00e5rsak til \u00f8kningen i bruk av tidsbegrensede oppholdstillatelser i 2016 og 2017, var at Stortinget \u2013 i strid med FNs flyktningkonvensjon, fjernet <a href=\"https:\/\/noas.no\/riketstilstand\/2016-2\/internflukt\/\">rimelighetsvilk\u00e5ret i internfluktvurderingen<\/a> i asylsaker. Det f\u00f8rte til at barn som if\u00f8lge flyktningkonvensjonen er flyktninger, kun fikk bli i Norge til 18-\u00e5rs dagen. \u00a0<\/p><p>I stedet for \u00e5 gjeninnf\u00f8re rimelighetsvilk\u00e5ret, i tr\u00e5d med Norges internasjonale forpliktelser, valgte <a href=\"https:\/\/stortinget.no\/no\/Saker-og-publikasjoner\/Saker\/Sak\/?p=70062\">Stortinget<\/a> \u00e5 innf\u00f8re s\u00e5kalte s\u00e5rbarhetskriterier i behandlingen av enslige mindre\u00e5rige. Men Barn som etter konvensjonen er flyktninger har krav p\u00e5 flyktningstatus i Norge, ikke en vurdering etter s\u00e5rbarhetskriterier. S\u00e5rbarhetskriterier kan kun gi opphold p\u00e5 humanit\u00e6rt grunnlag, som gir f\u00e6rre rettigheter enn flyktningstatus.\u00a0<\/p>\t\t\t\t\t\t\t\t<\/div>\n\t\t\t\t<\/div>\n\t\t\t\t\t<\/div>\n\t\t<\/div>\n\t\t\t\t<div class=\"elementor-column elementor-col-25 elementor-top-column elementor-element elementor-element-396a1af6\" data-id=\"396a1af6\" data-element_type=\"column\" data-e-type=\"column\">\n\t\t\t<div class=\"elementor-widget-wrap\">\n\t\t\t\t\t\t\t<\/div>\n\t\t<\/div>\n\t\t\t\t\t<\/div>\n\t\t<\/section>\n\t\t\t\t<section class=\"elementor-section elementor-top-section elementor-element elementor-element-981d9f0 elementor-section-boxed elementor-section-height-default elementor-section-height-default\" data-id=\"981d9f0\" data-element_type=\"section\" data-e-type=\"section\">\n\t\t\t\t\t\t<div class=\"elementor-container elementor-column-gap-default\">\n\t\t\t\t\t<div class=\"elementor-column elementor-col-25 elementor-top-column elementor-element elementor-element-f5133ac\" data-id=\"f5133ac\" data-element_type=\"column\" data-e-type=\"column\">\n\t\t\t<div class=\"elementor-widget-wrap\">\n\t\t\t\t\t\t\t<\/div>\n\t\t<\/div>\n\t\t\t\t<div class=\"elementor-column elementor-col-50 elementor-top-column elementor-element elementor-element-546b37f\" data-id=\"546b37f\" data-element_type=\"column\" data-e-type=\"column\">\n\t\t\t<div class=\"elementor-widget-wrap elementor-element-populated\">\n\t\t\t\t\t\t<div class=\"elementor-element elementor-element-5e4086a elementor-widget elementor-widget-heading\" data-id=\"5e4086a\" data-element_type=\"widget\" data-e-type=\"widget\" data-widget_type=\"heading.default\">\n\t\t\t\t<div class=\"elementor-widget-container\">\n\t\t\t\t\t<h2 class=\"elementor-heading-title elementor-size-default\"><b>Begrenset opphold p\u00e5 grunn av identitet<\/b><\/h2>\t\t\t\t<\/div>\n\t\t\t\t<\/div>\n\t\t\t\t<div class=\"elementor-element elementor-element-bf9edd6 elementor-widget elementor-widget-text-editor\" data-id=\"bf9edd6\" data-element_type=\"widget\" data-e-type=\"widget\" data-widget_type=\"text-editor.default\">\n\t\t\t\t<div class=\"elementor-widget-container\">\n\t\t\t\t\t\t\t\t\t<p>Mange av barna som etter innf\u00f8ring av s\u00e5rbarhetskriteriene ikke lenger gis opphold kun til fylte 18 \u00e5r, f\u00e5r n\u00e5 en ett\u00e5rig tillatelse med begrensninger, fordi de ikke har lagt fram identitetsdokumenter. Begrensningene inneb\u00e6rer at tillatelsen m\u00e5 fornyes hvert \u00e5r, og at den ikke gir grunnlag for permanent oppholdstillatelse eller familiegjenforening.\u00a0<\/p><p>I januar 2020 var <a href=\"https:\/\/www.udi.no\/ord-og-begreper\/ventetider-for-de-som-har-sokt-om-beskyttelse-asyl\/?c=afg#link-10670\">ventetiden<\/a> p\u00e5 fornyelse av tillatelser med begrensning p\u00e5 grunn av ID-tvil p\u00e5 13 m\u00e5neder, mens selve oppholdstillatelsen gjelder kun for ett \u00e5r. H\u00f8sten 2019 var behandlingstiden enda lenger. Dette inneb\u00e6rer ytterligere usikkerhet om oppholdsgrunnlag og egen framtid for ungdommer som forventes \u00e5 gjennomf\u00f8re utdanning og integreres.<\/p><p>Begrensede tillatelser og uforsvarlig lang saksbehandlingstid i fornyelses-saker, skaper stor utrygghet og grunnleggende usikkerhet om videre opphold i Norge. Utrygghet og bekymring gj\u00f8r det vanskeligere for ungdommene \u00e5 konsentrere seg om skolen, og hemmer integrering. NOAS gjennomf\u00f8rte i 2019 en kartlegging av situasjonen til en gruppe ungdommer med begrensede tillatelser. Rapport om deres situasjon lanseres i april 2020.<\/p>\t\t\t\t\t\t\t\t<\/div>\n\t\t\t\t<\/div>\n\t\t\t\t<div class=\"elementor-element elementor-element-a49a4a5 elementor-widget elementor-widget-heading\" data-id=\"a49a4a5\" data-element_type=\"widget\" data-e-type=\"widget\" data-widget_type=\"heading.default\">\n\t\t\t\t<div class=\"elementor-widget-container\">\n\t\t\t\t\t<h2 class=\"elementor-heading-title elementor-size-default\"><b>Dom om aldersvurderinger\n<\/b><\/h2>\t\t\t\t<\/div>\n\t\t\t\t<\/div>\n\t\t\t\t<div class=\"elementor-element elementor-element-97dc79c elementor-widget elementor-widget-text-editor\" data-id=\"97dc79c\" data-element_type=\"widget\" data-e-type=\"widget\" data-widget_type=\"text-editor.default\">\n\t\t\t\t<div class=\"elementor-widget-container\">\n\t\t\t\t\t\t\t\t\t<p>NOAS og mange andre akt\u00f8rer har i en \u00e5rrekke kritisert norske myndigheters aldersvurderingspraksis for ikke \u00e5 ivareta rettssikkerheten til barn p\u00e5 flukt. Feilvurdering av alder kan f\u00f8re til at barn vurderes som voksne og tvangssendes til hjemlandet i strid med Norges internasjonale forpliktelser.<\/p><p>I november 2017 falt\u00a0en knusende <a href=\"https:\/\/lovdata.no\/dokument\/TRSIV\/avgjorelse\/toslo-2016-195394?q=aldersvurderinger\">tingrettsdom<\/a> over utlendingsforvaltningens aldersvurderinger, der staten tapte p\u00e5 alle punkter. Oslo tingrett konkluderte at \u00abUtlendingsnemndas avgj\u00f8relser i samtlige fem saker er basert p\u00e5 uriktig rettsanvendelse, feil faktum, og uriktig bevisvurdering.\u00bb Retten mente det var gjennomf\u00f8rt medisinske aldersunders\u00f8kelser uten rettslig grunnlag. Rettens vurderinger var i tr\u00e5d med\u00a0<a href=\"https:\/\/www.noas.no\/wp-content\/uploads\/2016\/03\/Over-eller-under-18-Aldersvurderinger-av-enslige-mindre\u00e5rige-asyls\u00f8kere.pdf\">rapporten om aldersvurderinger\u00a0<\/a>utgitt av NOAS og Redd Barna i 2016.<\/p><p>Staten anket tingrettsdommen, og <a href=\"https:\/\/lovdata.no\/dokument\/LBSIV\/avgjorelse\/lb-2018-20230\">lagmannsretten<\/a> kom i april 2019 til et annet resultat enn tingretten.<\/p><p>Saken ble anket videre til H\u00f8yesterett, som i desember 2019 <a href=\"https:\/\/www.domstol.no\/Enkelt-domstol\/hoyesterett\/avgjorelser\/siste-avgjorelser\/hr-2019-2344-a\/\">konkluderte<\/a> at det ikke er et skjerpet beviskrav for vurdering av alder. Beviskravet er if\u00f8lge H\u00f8yesterett sannsynlighetsovervekt. Det betyr at UDI og UNE kan legge til grunn at en asyls\u00f8ker er voksen, dersom UDI\/UNE mener det er mest sannsynlig (mer enn 50 prosent sannsynlig). Andre problemstillinger om aldersvurderinger enn beviskravet ble ikke behandlet i H\u00f8yesterett.<\/p>\t\t\t\t\t\t\t\t<\/div>\n\t\t\t\t<\/div>\n\t\t\t\t<div class=\"elementor-element elementor-element-601c289 elementor-widget elementor-widget-heading\" data-id=\"601c289\" data-element_type=\"widget\" data-e-type=\"widget\" data-widget_type=\"heading.default\">\n\t\t\t\t<div class=\"elementor-widget-container\">\n\t\t\t\t\t<h2 class=\"elementor-heading-title elementor-size-default\"><b>Omsorg i strid med Barnekonvensjonen\n<\/b><\/h2>\t\t\t\t<\/div>\n\t\t\t\t<\/div>\n\t\t\t\t<div class=\"elementor-element elementor-element-f04c7ef elementor-widget elementor-widget-text-editor\" data-id=\"f04c7ef\" data-element_type=\"widget\" data-e-type=\"widget\" data-widget_type=\"text-editor.default\">\n\t\t\t\t<div class=\"elementor-widget-container\">\n\t\t\t\t\t\t\t\t\t<p>I november 2019 fylte FNs barnekonvensjon 30 \u00e5r. Konvensjonen har bidratt til \u00e5 forbedre livet til millioner av barn verden over. Men i Norge brytes fortsatt barns rettigheter p\u00e5 utlendingsfeltet.<\/p><p>Mens omsorgstilbudet til enslige mindre\u00e5rige asyls\u00f8kere under 15 \u00e5r er regulert i barnevernloven, og det stilles krav til bemanning, tilsyn og materiell standard, er omsorgstilbudet til dem mellom 15 og 18 \u00e5r verken regulert i lov eller forskrift. Barna mellom 15 og 18 \u00e5r bor p\u00e5 asylmottak, under Utlendingsdirektoratets (UDIs) omsorgsansvar.<\/p><p>Nasjonal institusjon for menneskerettigheter (NIM), som er underlagt og rapporterer til Stortinget, har konkludert at enslige mindre\u00e5rige asyls\u00f8kere over 15 \u00e5r utsettes for usaklig forskjellsbehandling \u2013 og at Norge derfor\u00a0<a href=\"https:\/\/www.nhri.no\/wp-content\/uploads\/2017\/11\/Temarapport-2016-Omsorg-for-enslige-mindre\u00e5rige-asyls\u00f8kere.pdf\">bryter FNs barnekonvensjon<\/a><strong>.<\/strong> Omsorgssituasjonen for barna har v\u00e6rt en gjenganger i\u00a0<a href=\"https:\/\/digitallibrary.un.org\/record\/1476613\">merknadene fra FNs barnekomit\u00e9<\/a>.\u00a0Ogs\u00e5 <a href=\"https:\/\/www.ohchr.org\/EN\/HRBodies\/CCPR\/Pages\/CCPRIndex.aspx\">FNs\u00a0menneskerettighetskomit\u00e9\u00a0<\/a>og <a href=\"https:\/\/tbinternet.ohchr.org\/_layouts\/15\/treatybodyexternal\/Download.aspx?symbolno=CAT\/C\/NOR\/CO\/8&amp;Lang=En\">FNs\u00a0torturkomit\u00e9<strong>\u00a0<\/strong><\/a>har kritisert Norge for behandlingen av denne gruppen barn.<\/p><p>I desember 2019 la regjeringen fram et <a href=\"https:\/\/www.regjeringen.no\/no\/dokumenter\/horing---forslag-til-endringer-i-utlendingsloven-og--forskriften-om-omsorgsansvaret-for-enslige-mindrearige-asylsokere-mellom-15-og-18-ar-i-mottak-mv\/id2681080\/\">forslag om lov- og forskriftsfesting<\/a> av omsorgsansvaret for enslige, mindre\u00e5rige asyls\u00f8kere mellom 15 og 18 \u00e5r som bor i mottak. I h\u00f8ringsnotatet fastholder departementet at \u00abdagens niv\u00e5 p\u00e5 den omsorgen som ut\u00f8ves og gjeldende standard p\u00e5 mottakene opprettholdes\u00bb.<\/p>\t\t\t\t\t\t\t\t<\/div>\n\t\t\t\t<\/div>\n\t\t\t\t<div class=\"elementor-element elementor-element-95c1737 elementor-widget elementor-widget-heading\" data-id=\"95c1737\" data-element_type=\"widget\" data-e-type=\"widget\" data-widget_type=\"heading.default\">\n\t\t\t\t<div class=\"elementor-widget-container\">\n\t\t\t\t\t<h2 class=\"elementor-heading-title elementor-size-default\"><b>Behov for evaluering av representantordningen\n<\/b><\/h2>\t\t\t\t<\/div>\n\t\t\t\t<\/div>\n\t\t\t\t<div class=\"elementor-element elementor-element-0ef7b1c elementor-widget elementor-widget-text-editor\" data-id=\"0ef7b1c\" data-element_type=\"widget\" data-e-type=\"widget\" data-widget_type=\"text-editor.default\">\n\t\t\t\t<div class=\"elementor-widget-container\">\n\t\t\t\t\t\t\t\t\t<p>Rapporter fra <a href=\"https:\/\/www.fafo.no\/index.php\/zoo-publikasjoner\/fafo-rapporter\/item\/et-trygt-sted-a-vente\">Fafo<\/a>, <a href=\"https:\/\/www.unhcr.org\/neu\/16830-study-view-voices-unaccompanied-afghan-children-norway.html\">UNHCR<\/a>, <a href=\"https:\/\/www.unicef-irc.org\/publications\/940-protected-on-paper-an-analysis-of-nordic-country-responses-to-asylum-seeking-children.html\">UNICEF<\/a> og <a href=\"https:\/\/www.noas.no\/manglende-informasjon-til-enslige-mindrearige-asylsokere\/\">NTNU\/NOAS<\/a> synliggj\u00f8r behovet for at representant- og vergeordningen for enslige mindre\u00e5rige asyls\u00f8kere evalueres av en uavhengig instans.<\/p><p>I f\u00f8lge rapportene tolker og utf\u00f8rer representantene sitt mandat ulikt. Rapportene avdekker vilk\u00e5rlighet og betydelige forskjeller i oppf\u00f8lgingen av barna. Kvaliteten p\u00e5 representantenes oppf\u00f8lging varierer i stor grad. Flesteparten av barna UNHCR snakket med i forbindelse med rapporten, fortalte at de fikk liten eller ingen oppf\u00f8lging fra representanten. UNICEF konkluderer i sin rapport at representantene ikke opererer med tilstrekkelig uavhengighet fra asylmyndighetene, og anbefaler at Norge evaluerer rollen og ansvarsomr\u00e5dene til representanter.<\/p>\t\t\t\t\t\t\t\t<\/div>\n\t\t\t\t<\/div>\n\t\t\t\t\t<\/div>\n\t\t<\/div>\n\t\t\t\t<div class=\"elementor-column elementor-col-25 elementor-top-column elementor-element elementor-element-9aa435e\" data-id=\"9aa435e\" data-element_type=\"column\" data-e-type=\"column\">\n\t\t\t<div class=\"elementor-widget-wrap\">\n\t\t\t\t\t\t\t<\/div>\n\t\t<\/div>\n\t\t\t\t\t<\/div>\n\t\t<\/section>\n\t\t\t\t<\/div>\n\t\t","protected":false},"excerpt":{"rendered":"<p>Barn alene p\u00e5 flukt Barn som har flyktet alene utsettes for menneskerettighetsbrudd i Norge. FOTO: SHUTTERSTOCK I 2019 s\u00f8kte 135 enslige mindre\u00e5rige beskyttelse i Norge. Over halvparten av barna kom fra Afghanistan og Syria. F\u00e6rre med opphold kun til 18 \u00e5r Etter en dramatisk \u00f8kning i bruk av oppholdstillatelse kun fram til fylte 18 \u00e5r [&hellip;]<\/p>\n","protected":false},"author":1,"featured_media":0,"parent":6525,"menu_order":0,"comment_status":"closed","ping_status":"closed","template":"","meta":{"_acf_changed":false,"site-sidebar-layout":"no-sidebar","site-content-layout":"page-builder","ast-site-content-layout":"default","site-content-style":"default","site-sidebar-style":"default","ast-global-header-display":"","ast-banner-title-visibility":"","ast-main-header-display":"","ast-hfb-above-header-display":"","ast-hfb-below-header-display":"","ast-hfb-mobile-header-display":"","site-post-title":"disabled","ast-breadcrumbs-content":"","ast-featured-img":"disabled","footer-sml-layout":"","ast-disable-related-posts":"","theme-transparent-header-meta":"default","adv-header-id-meta":"","stick-header-meta":"","header-above-stick-meta":"","header-main-stick-meta":"","header-below-stick-meta":"","astra-migrate-meta-layouts":"default","ast-page-background-enabled":"default","ast-page-background-meta":{"desktop":{"background-color":"var(--ast-global-color-4)","background-image":"","background-repeat":"repeat","background-position":"center center","background-size":"auto","background-attachment":"scroll","background-type":"","background-media":"","overlay-type":"","overlay-color":"","overlay-opacity":"","overlay-gradient":""},"tablet":{"background-color":"","background-image":"","background-repeat":"repeat","background-position":"center center","background-size":"auto","background-attachment":"scroll","background-type":"","background-media":"","overlay-type":"","overlay-color":"","overlay-opacity":"","overlay-gradient":""},"mobile":{"background-color":"","background-image":"","background-repeat":"repeat","background-position":"center center","background-size":"auto","background-attachment":"scroll","background-type":"","background-media":"","overlay-type":"","overlay-color":"","overlay-opacity":"","overlay-gradient":""}},"ast-content-background-meta":{"desktop":{"background-color":"var(--ast-global-color-5)","background-image":"","background-repeat":"repeat","background-position":"center center","background-size":"auto","background-attachment":"scroll","background-type":"","background-media":"","overlay-type":"","overlay-color":"","overlay-opacity":"","overlay-gradient":""},"tablet":{"background-color":"var(--ast-global-color-5)","background-image":"","background-repeat":"repeat","background-position":"center center","background-size":"auto","background-attachment":"scroll","background-type":"","background-media":"","overlay-type":"","overlay-color":"","overlay-opacity":"","overlay-gradient":""},"mobile":{"background-color":"var(--ast-global-color-5)","background-image":"","background-repeat":"repeat","background-position":"center center","background-size":"auto","background-attachment":"scroll","background-type":"","background-media":"","overlay-type":"","overlay-color":"","overlay-opacity":"","overlay-gradient":""}},"footnotes":""},"class_list":["post-6619","page","type-page","status-publish","hentry"],"acf":[],"_links":{"self":[{"href":"https:\/\/noas.no\/riketstilstand\/wp-json\/wp\/v2\/pages\/6619","targetHints":{"allow":["GET"]}}],"collection":[{"href":"https:\/\/noas.no\/riketstilstand\/wp-json\/wp\/v2\/pages"}],"about":[{"href":"https:\/\/noas.no\/riketstilstand\/wp-json\/wp\/v2\/types\/page"}],"author":[{"embeddable":true,"href":"https:\/\/noas.no\/riketstilstand\/wp-json\/wp\/v2\/users\/1"}],"replies":[{"embeddable":true,"href":"https:\/\/noas.no\/riketstilstand\/wp-json\/wp\/v2\/comments?post=6619"}],"version-history":[{"count":4,"href":"https:\/\/noas.no\/riketstilstand\/wp-json\/wp\/v2\/pages\/6619\/revisions"}],"predecessor-version":[{"id":6624,"href":"https:\/\/noas.no\/riketstilstand\/wp-json\/wp\/v2\/pages\/6619\/revisions\/6624"}],"up":[{"embeddable":true,"href":"https:\/\/noas.no\/riketstilstand\/wp-json\/wp\/v2\/pages\/6525"}],"wp:attachment":[{"href":"https:\/\/noas.no\/riketstilstand\/wp-json\/wp\/v2\/media?parent=6619"}],"curies":[{"name":"wp","href":"https:\/\/api.w.org\/{rel}","templated":true}]}}