{"id":6596,"date":"2022-12-09T10:54:14","date_gmt":"2022-12-09T10:54:14","guid":{"rendered":"https:\/\/noas.no\/riketstilstand\/?page_id=6596"},"modified":"2022-12-09T11:00:00","modified_gmt":"2022-12-09T11:00:00","slug":"integrering","status":"publish","type":"page","link":"https:\/\/noas.no\/riketstilstand\/2021-2\/integrering\/","title":{"rendered":"Integrering"},"content":{"rendered":"\t\t<div data-elementor-type=\"wp-page\" data-elementor-id=\"6596\" class=\"elementor elementor-6596\">\n\t\t\t\t\t\t<section class=\"elementor-section elementor-top-section elementor-element elementor-element-451a01a9 elementor-section-full_width elementor-section-height-full elementor-section-height-default elementor-section-items-middle\" data-id=\"451a01a9\" data-element_type=\"section\" data-e-type=\"section\" data-settings=\"{&quot;background_background&quot;:&quot;classic&quot;}\">\n\t\t\t\t\t\t\t<div class=\"elementor-background-overlay\"><\/div>\n\t\t\t\t\t\t\t<div class=\"elementor-container elementor-column-gap-default\">\n\t\t\t\t\t<div class=\"elementor-column elementor-col-100 elementor-top-column elementor-element elementor-element-56fb379f\" data-id=\"56fb379f\" data-element_type=\"column\" data-e-type=\"column\">\n\t\t\t<div class=\"elementor-widget-wrap elementor-element-populated\">\n\t\t\t\t\t\t<div class=\"elementor-element elementor-element-648502bd elementor-widget elementor-widget-heading\" data-id=\"648502bd\" data-element_type=\"widget\" data-e-type=\"widget\" data-widget_type=\"heading.default\">\n\t\t\t\t<div class=\"elementor-widget-container\">\n\t\t\t\t\t<h4 class=\"elementor-heading-title elementor-size-default\">Integrering<\/h4>\t\t\t\t<\/div>\n\t\t\t\t<\/div>\n\t\t\t\t<div class=\"elementor-element elementor-element-af26dbb elementor-widget__width-initial elementor-widget elementor-widget-text-editor\" data-id=\"af26dbb\" data-element_type=\"widget\" data-e-type=\"widget\" data-widget_type=\"text-editor.default\">\n\t\t\t\t<div class=\"elementor-widget-container\">\n\t\t\t\t\t\t\t\t\t<p>Regjeringens asyl- og flyktningpolitikk undergraver integreringen, og det mangler integreringstiltak i ankomstfasen.<\/p>\t\t\t\t\t\t\t\t<\/div>\n\t\t\t\t<\/div>\n\t\t\t\t\t<\/div>\n\t\t<\/div>\n\t\t\t\t\t<\/div>\n\t\t<\/section>\n\t\t\t\t<section class=\"elementor-section elementor-top-section elementor-element elementor-element-4b8c5a9c elementor-section-boxed elementor-section-height-default elementor-section-height-default\" data-id=\"4b8c5a9c\" data-element_type=\"section\" data-e-type=\"section\">\n\t\t\t\t\t\t<div class=\"elementor-container elementor-column-gap-default\">\n\t\t\t\t\t<div class=\"elementor-column elementor-col-100 elementor-top-column elementor-element elementor-element-2da0ec91\" data-id=\"2da0ec91\" data-element_type=\"column\" data-e-type=\"column\">\n\t\t\t<div class=\"elementor-widget-wrap elementor-element-populated\">\n\t\t\t\t\t\t<div class=\"elementor-element elementor-element-dd42ebb elementor-widget elementor-widget-text-editor\" data-id=\"dd42ebb\" data-element_type=\"widget\" data-e-type=\"widget\" data-widget_type=\"text-editor.default\">\n\t\t\t\t<div class=\"elementor-widget-container\">\n\t\t\t\t\t\t\t\t\t<p><em>FOTO: SHUTTERSTOCK<\/em><\/p>\t\t\t\t\t\t\t\t<\/div>\n\t\t\t\t<\/div>\n\t\t\t\t\t<\/div>\n\t\t<\/div>\n\t\t\t\t\t<\/div>\n\t\t<\/section>\n\t\t\t\t<section class=\"elementor-section elementor-top-section elementor-element elementor-element-75e6b598 elementor-section-boxed elementor-section-height-default elementor-section-height-default\" data-id=\"75e6b598\" data-element_type=\"section\" data-e-type=\"section\">\n\t\t\t\t\t\t<div class=\"elementor-container elementor-column-gap-default\">\n\t\t\t\t\t<div class=\"elementor-column elementor-col-25 elementor-top-column elementor-element elementor-element-6a838378\" data-id=\"6a838378\" data-element_type=\"column\" data-e-type=\"column\">\n\t\t\t<div class=\"elementor-widget-wrap\">\n\t\t\t\t\t\t\t<\/div>\n\t\t<\/div>\n\t\t\t\t<div class=\"elementor-column elementor-col-50 elementor-top-column elementor-element elementor-element-6b0bf490\" data-id=\"6b0bf490\" data-element_type=\"column\" data-e-type=\"column\">\n\t\t\t<div class=\"elementor-widget-wrap elementor-element-populated\">\n\t\t\t\t\t\t<div class=\"elementor-element elementor-element-42545a62 elementor-widget elementor-widget-heading\" data-id=\"42545a62\" data-element_type=\"widget\" data-e-type=\"widget\" data-widget_type=\"heading.default\">\n\t\t\t\t<div class=\"elementor-widget-container\">\n\t\t\t\t\t<h2 class=\"elementor-heading-title elementor-size-default\"><b>Asylpolitikk som hindrer integrering <\/b><\/h2>\t\t\t\t<\/div>\n\t\t\t\t<\/div>\n\t\t\t\t<div class=\"elementor-element elementor-element-a0f8a95 elementor-widget elementor-widget-text-editor\" data-id=\"a0f8a95\" data-element_type=\"widget\" data-e-type=\"widget\" data-widget_type=\"text-editor.default\">\n\t\t\t\t<div class=\"elementor-widget-container\">\n\t\t\t\t\t\t\t\t\t<p>De kraftige innstramningene i asyl- og flyktningpolitikken de siste \u00e5rene, skader integreringen. Den strenge politikken for familiegjenforening er et eksempel p\u00e5 det. If\u00f8lge\u00a0<a href=\"https:\/\/www.vl.no\/nyheter\/politikk\/2019\/08\/14\/feller-hard-dom-over-norge\/\">FNs h\u00f8ykommiss\u00e6r for flyktninger (UNHCR)\u00a0<\/a>er det \u00abuoverstigelige hindringer og barrierer som en flyktning m\u00f8ter i en s\u00f8knadsprosess om familiegjenforening i Norge\u00bb. Integrering hemmes n\u00e5r familiegjenforening vanskeliggj\u00f8res.<\/p><p>Et annet eksempel p\u00e5 integreringshemmende politikk, er regelmessig revurdering av oppholdsstatus og begrensede tillatelser. De som har grunnlag for oppholdstillatelse i Norge, trenger en forutsigbar og trygg situasjon her. Med dagens praksis med opph\u00f8r av flyktningstatus kan mennesker med anerkjent flyktningstatus, som har bodd flere \u00e5r i Norge, kan miste oppholdstillatelsen dersom sikkerhetssituasjonen i hjemlandet bedres \u2013 det vil si p\u00e5 grunn av forhold som ikke skyldes flyktningens egne handlinger.<strong>\u00a0<\/strong><a href=\"https:\/\/samfunnsforskning.brage.unit.no\/samfunnsforskning-xmlui\/handle\/11250\/2599967\">Forskning<\/a><strong>\u00a0<\/strong>viser at slik ressurskrevende og utrygghetsskapende praksis truer integreringen.<\/p><p>Mange barn og voksne i Norge har <a href=\"https:\/\/noas.no\/riketstilstand\/2021-2\/id-lose-barn\/\">oppholdstillatelse som er begrenset<\/a> fordi de ikke har fremlagt godkjent dokumentasjon p\u00e5 egen identitet. Opphold er gitt p\u00e5 humanit\u00e6rt grunnlag, men tillatelsen danner ikke grunnlag for permanent oppholdstillatelse eller familiegjenforening. Tillatelsen gis for ett \u00e5r om gangen, med mulighet til \u00e5 s\u00f8ke om fornyelse. Uten gyldig legitimasjon ekskluderes barn og voksne fra full samfunnsdeltakelse. Egen bankkonto er som regel en forutsetning for \u00e5 kunne ta l\u00f8nnet arbeid, og ogs\u00e5 for anskaffelse av f\u00f8rerkort. Bank-ID gir tilgang til viktige rettigheter og plikter. Mangel p\u00e5 legitimasjon gj\u00f8r det vanskelig for barna \u00e5 delta i fritidsaktiviteter eller v\u00e6re med p\u00e5 skoleturer til utlandet, og hindrer dem i \u00e5 leve et liv p\u00e5 samme m\u00e5te som andre barn i Norge.<\/p>\t\t\t\t\t\t\t\t<\/div>\n\t\t\t\t<\/div>\n\t\t\t\t\t<\/div>\n\t\t<\/div>\n\t\t\t\t<div class=\"elementor-column elementor-col-25 elementor-top-column elementor-element elementor-element-396a1af6\" data-id=\"396a1af6\" data-element_type=\"column\" data-e-type=\"column\">\n\t\t\t<div class=\"elementor-widget-wrap\">\n\t\t\t\t\t\t\t<\/div>\n\t\t<\/div>\n\t\t\t\t\t<\/div>\n\t\t<\/section>\n\t\t\t\t<section class=\"elementor-section elementor-top-section elementor-element elementor-element-981d9f0 elementor-section-boxed elementor-section-height-default elementor-section-height-default\" data-id=\"981d9f0\" data-element_type=\"section\" data-e-type=\"section\">\n\t\t\t\t\t\t<div class=\"elementor-container elementor-column-gap-default\">\n\t\t\t\t\t<div class=\"elementor-column elementor-col-25 elementor-top-column elementor-element elementor-element-f5133ac\" data-id=\"f5133ac\" data-element_type=\"column\" data-e-type=\"column\">\n\t\t\t<div class=\"elementor-widget-wrap\">\n\t\t\t\t\t\t\t<\/div>\n\t\t<\/div>\n\t\t\t\t<div class=\"elementor-column elementor-col-50 elementor-top-column elementor-element elementor-element-546b37f\" data-id=\"546b37f\" data-element_type=\"column\" data-e-type=\"column\">\n\t\t\t<div class=\"elementor-widget-wrap elementor-element-populated\">\n\t\t\t\t\t\t<div class=\"elementor-element elementor-element-5e4086a elementor-widget elementor-widget-heading\" data-id=\"5e4086a\" data-element_type=\"widget\" data-e-type=\"widget\" data-widget_type=\"heading.default\">\n\t\t\t\t<div class=\"elementor-widget-container\">\n\t\t\t\t\t<h2 class=\"elementor-heading-title elementor-size-default\"><b>Ny integreringslov<\/b><\/h2>\t\t\t\t<\/div>\n\t\t\t\t<\/div>\n\t\t\t\t<div class=\"elementor-element elementor-element-bf9edd6 elementor-widget elementor-widget-text-editor\" data-id=\"bf9edd6\" data-element_type=\"widget\" data-e-type=\"widget\" data-widget_type=\"text-editor.default\">\n\t\t\t\t<div class=\"elementor-widget-container\">\n\t\t\t\t\t\t\t\t\t<p>I oktober 2020 vedtok stortinget en <a href=\"https:\/\/www.stortinget.no\/no\/Saker-og-publikasjoner\/Saker\/Sak\/?p=79466\">ny integreringslov<\/a>, som erstatter introduksjonsloven. Les NOAS\u2019 h\u00f8ringsuttalelse <a href=\"https:\/\/www.noas.no\/wp-content\/uploads\/2020\/04\/H%C3%B8ringsuttalelse-forslag-til-ny-integreringslov-og-endringer-i-statsborgerloven.pdf\">her<\/a>. Loven inneholder flere positive tiltak, blant annet en \u00abintegreringskontrakt\u00bb mellom myndighetene og den enkelte. Det vil synliggj\u00f8re de gjensidige forpliktelsene til kommunen og deltakeren.<\/p><p>Introduksjonsprogrammet skal if\u00f8lge den nye loven i st\u00f8rre grad tilpasses individuelt. Det skal ogs\u00e5 stilles kvalitetskrav til kommunens tilbud, og innf\u00f8res kompetansekrav til l\u00e6rere som underviser i norsk.<\/p><p>Loven har et kapittel om tidlig kvalifisering, med blant annet en egen bestemmelse om kompetansekartlegging f\u00f8r flytting fra mottak til kommune. Det \u00e5pnes for at kommuner med asylmottak kan tilby deler av introduksjonsprogrammet til beboere i mottak.<\/p>\t\t\t\t\t\t\t\t<\/div>\n\t\t\t\t<\/div>\n\t\t\t\t<div class=\"elementor-element elementor-element-a49a4a5 elementor-widget elementor-widget-heading\" data-id=\"a49a4a5\" data-element_type=\"widget\" data-e-type=\"widget\" data-widget_type=\"heading.default\">\n\t\t\t\t<div class=\"elementor-widget-container\">\n\t\t\t\t\t<h2 class=\"elementor-heading-title elementor-size-default\"><b>Mangler tiltak i ankomstfasen\n<\/b><\/h2>\t\t\t\t<\/div>\n\t\t\t\t<\/div>\n\t\t\t\t<div class=\"elementor-element elementor-element-97dc79c elementor-widget elementor-widget-text-editor\" data-id=\"97dc79c\" data-element_type=\"widget\" data-e-type=\"widget\" data-widget_type=\"text-editor.default\">\n\t\t\t\t<div class=\"elementor-widget-container\">\n\t\t\t\t\t\t\t\t\t<p>Tiltakene i integreringsloven er prim\u00e6rt for personer som allerede har f\u00e5tt oppholdstillatelse i Norge. Det er for sent, siden saksbehandlingstiden kan v\u00e6re veldig lang. Over 70 prosent av asyls\u00f8kerne som f\u00e5r saken behandlet i Norge, f\u00e5r oppholdstillatelse og skal bli her. Tiltak allerede i ankomstfasen er derfor en god investering. Det er behov for at ventetiden f\u00f8r svar p\u00e5 asyls\u00f8knaden fylles med tiltak som gir flyktninger mulighet til \u00e5 bruke sine ressurser, enten de f\u00e5r beskyttelse og opphold eller avslag og m\u00e5 returnere. Passivitet i mottak er skadelig og hindrer integrering.<\/p><p>De fleste asyls\u00f8kere f\u00e5r i dag ikke lov til \u00e5 ta l\u00f8nnet arbeid mens de venter p\u00e5 svar p\u00e5 asyls\u00f8knaden.\u00a0Det betyr at mange asyls\u00f8kere, som senere vil f\u00e5 oppholds- og arbeidstillatelse, nektes \u00e5 ta l\u00f8nnet arbeid mens de venter p\u00e5 svar. B\u00e5de i Danmark, Sverige og Finland er det enklere for asyls\u00f8kere \u00e5 f\u00e5 midlertidig arbeidstillatelse.<\/p><p>Etter \u00f8kte asylankomster i 2015, ble antall norsktimer i mottak redusert fra 250 til 175 i 2016. Selv om asylankomstene siden har v\u00e6rt rekordlave, har regjeringen ikke villet \u00f8ke antallet til tidligere niv\u00e5.<\/p><p>Les NOAS\u2019 integreringspolicy <a href=\"https:\/\/www.noas.no\/wp-content\/uploads\/2018\/10\/NOAS-integreringspolicy.pdf\">her<\/a>.<em>\u00a0<\/em><\/p><p>\u00a0<\/p>\t\t\t\t\t\t\t\t<\/div>\n\t\t\t\t<\/div>\n\t\t\t\t\t<\/div>\n\t\t<\/div>\n\t\t\t\t<div class=\"elementor-column elementor-col-25 elementor-top-column elementor-element elementor-element-9aa435e\" data-id=\"9aa435e\" data-element_type=\"column\" data-e-type=\"column\">\n\t\t\t<div class=\"elementor-widget-wrap\">\n\t\t\t\t\t\t\t<\/div>\n\t\t<\/div>\n\t\t\t\t\t<\/div>\n\t\t<\/section>\n\t\t\t\t<\/div>\n\t\t","protected":false},"excerpt":{"rendered":"<p>Integrering Regjeringens asyl- og flyktningpolitikk undergraver integreringen, og det mangler integreringstiltak i ankomstfasen. FOTO: SHUTTERSTOCK Asylpolitikk som hindrer integrering De kraftige innstramningene i asyl- og flyktningpolitikken de siste \u00e5rene, skader integreringen. Den strenge politikken for familiegjenforening er et eksempel p\u00e5 det. If\u00f8lge\u00a0FNs h\u00f8ykommiss\u00e6r for flyktninger (UNHCR)\u00a0er det \u00abuoverstigelige hindringer og barrierer som en flyktning m\u00f8ter [&hellip;]<\/p>\n","protected":false},"author":1,"featured_media":0,"parent":3011,"menu_order":0,"comment_status":"closed","ping_status":"closed","template":"","meta":{"_acf_changed":false,"site-sidebar-layout":"no-sidebar","site-content-layout":"page-builder","ast-site-content-layout":"default","site-content-style":"default","site-sidebar-style":"default","ast-global-header-display":"","ast-banner-title-visibility":"","ast-main-header-display":"","ast-hfb-above-header-display":"","ast-hfb-below-header-display":"","ast-hfb-mobile-header-display":"","site-post-title":"disabled","ast-breadcrumbs-content":"","ast-featured-img":"disabled","footer-sml-layout":"","ast-disable-related-posts":"","theme-transparent-header-meta":"default","adv-header-id-meta":"","stick-header-meta":"","header-above-stick-meta":"","header-main-stick-meta":"","header-below-stick-meta":"","astra-migrate-meta-layouts":"default","ast-page-background-enabled":"default","ast-page-background-meta":{"desktop":{"background-color":"var(--ast-global-color-4)","background-image":"","background-repeat":"repeat","background-position":"center center","background-size":"auto","background-attachment":"scroll","background-type":"","background-media":"","overlay-type":"","overlay-color":"","overlay-opacity":"","overlay-gradient":""},"tablet":{"background-color":"","background-image":"","background-repeat":"repeat","background-position":"center center","background-size":"auto","background-attachment":"scroll","background-type":"","background-media":"","overlay-type":"","overlay-color":"","overlay-opacity":"","overlay-gradient":""},"mobile":{"background-color":"","background-image":"","background-repeat":"repeat","background-position":"center center","background-size":"auto","background-attachment":"scroll","background-type":"","background-media":"","overlay-type":"","overlay-color":"","overlay-opacity":"","overlay-gradient":""}},"ast-content-background-meta":{"desktop":{"background-color":"var(--ast-global-color-5)","background-image":"","background-repeat":"repeat","background-position":"center center","background-size":"auto","background-attachment":"scroll","background-type":"","background-media":"","overlay-type":"","overlay-color":"","overlay-opacity":"","overlay-gradient":""},"tablet":{"background-color":"var(--ast-global-color-5)","background-image":"","background-repeat":"repeat","background-position":"center center","background-size":"auto","background-attachment":"scroll","background-type":"","background-media":"","overlay-type":"","overlay-color":"","overlay-opacity":"","overlay-gradient":""},"mobile":{"background-color":"var(--ast-global-color-5)","background-image":"","background-repeat":"repeat","background-position":"center center","background-size":"auto","background-attachment":"scroll","background-type":"","background-media":"","overlay-type":"","overlay-color":"","overlay-opacity":"","overlay-gradient":""}},"footnotes":""},"class_list":["post-6596","page","type-page","status-publish","hentry"],"acf":[],"_links":{"self":[{"href":"https:\/\/noas.no\/riketstilstand\/wp-json\/wp\/v2\/pages\/6596","targetHints":{"allow":["GET"]}}],"collection":[{"href":"https:\/\/noas.no\/riketstilstand\/wp-json\/wp\/v2\/pages"}],"about":[{"href":"https:\/\/noas.no\/riketstilstand\/wp-json\/wp\/v2\/types\/page"}],"author":[{"embeddable":true,"href":"https:\/\/noas.no\/riketstilstand\/wp-json\/wp\/v2\/users\/1"}],"replies":[{"embeddable":true,"href":"https:\/\/noas.no\/riketstilstand\/wp-json\/wp\/v2\/comments?post=6596"}],"version-history":[{"count":4,"href":"https:\/\/noas.no\/riketstilstand\/wp-json\/wp\/v2\/pages\/6596\/revisions"}],"predecessor-version":[{"id":6601,"href":"https:\/\/noas.no\/riketstilstand\/wp-json\/wp\/v2\/pages\/6596\/revisions\/6601"}],"up":[{"embeddable":true,"href":"https:\/\/noas.no\/riketstilstand\/wp-json\/wp\/v2\/pages\/3011"}],"wp:attachment":[{"href":"https:\/\/noas.no\/riketstilstand\/wp-json\/wp\/v2\/media?parent=6596"}],"curies":[{"name":"wp","href":"https:\/\/api.w.org\/{rel}","templated":true}]}}