{"id":6587,"date":"2022-12-09T10:44:11","date_gmt":"2022-12-09T10:44:11","guid":{"rendered":"https:\/\/noas.no\/riketstilstand\/?page_id=6587"},"modified":"2022-12-09T10:50:45","modified_gmt":"2022-12-09T10:50:45","slug":"nasjonalt-ankomstsenter","status":"publish","type":"page","link":"https:\/\/noas.no\/riketstilstand\/2021-2\/nasjonalt-ankomstsenter\/","title":{"rendered":"Nasjonalt ankomstsenter"},"content":{"rendered":"\t\t<div data-elementor-type=\"wp-page\" data-elementor-id=\"6587\" class=\"elementor elementor-6587\">\n\t\t\t\t\t\t<section class=\"elementor-section elementor-top-section elementor-element elementor-element-451a01a9 elementor-section-full_width elementor-section-height-full elementor-section-height-default elementor-section-items-middle\" data-id=\"451a01a9\" data-element_type=\"section\" data-e-type=\"section\" data-settings=\"{&quot;background_background&quot;:&quot;classic&quot;}\">\n\t\t\t\t\t\t\t<div class=\"elementor-background-overlay\"><\/div>\n\t\t\t\t\t\t\t<div class=\"elementor-container elementor-column-gap-default\">\n\t\t\t\t\t<div class=\"elementor-column elementor-col-100 elementor-top-column elementor-element elementor-element-56fb379f\" data-id=\"56fb379f\" data-element_type=\"column\" data-e-type=\"column\">\n\t\t\t<div class=\"elementor-widget-wrap elementor-element-populated\">\n\t\t\t\t\t\t<div class=\"elementor-element elementor-element-648502bd elementor-widget elementor-widget-heading\" data-id=\"648502bd\" data-element_type=\"widget\" data-e-type=\"widget\" data-widget_type=\"heading.default\">\n\t\t\t\t<div class=\"elementor-widget-container\">\n\t\t\t\t\t<h4 class=\"elementor-heading-title elementor-size-default\">Nasjonalt ankomstsenter<\/h4>\t\t\t\t<\/div>\n\t\t\t\t<\/div>\n\t\t\t\t<div class=\"elementor-element elementor-element-af26dbb elementor-widget__width-initial elementor-widget elementor-widget-text-editor\" data-id=\"af26dbb\" data-element_type=\"widget\" data-e-type=\"widget\" data-widget_type=\"text-editor.default\">\n\t\t\t\t<div class=\"elementor-widget-container\">\n\t\t\t\t\t\t\t\t\t<p>Nasjonalt ankomstsenter ferdigstilles v\u00e5ren 2021, og er f\u00f8rste oppholdssted for asyls\u00f8kere som kommer til Norge.<\/p>\t\t\t\t\t\t\t\t<\/div>\n\t\t\t\t<\/div>\n\t\t\t\t\t<\/div>\n\t\t<\/div>\n\t\t\t\t\t<\/div>\n\t\t<\/section>\n\t\t\t\t<section class=\"elementor-section elementor-top-section elementor-element elementor-element-4b8c5a9c elementor-section-boxed elementor-section-height-default elementor-section-height-default\" data-id=\"4b8c5a9c\" data-element_type=\"section\" data-e-type=\"section\">\n\t\t\t\t\t\t<div class=\"elementor-container elementor-column-gap-default\">\n\t\t\t\t\t<div class=\"elementor-column elementor-col-100 elementor-top-column elementor-element elementor-element-2da0ec91\" data-id=\"2da0ec91\" data-element_type=\"column\" data-e-type=\"column\">\n\t\t\t<div class=\"elementor-widget-wrap elementor-element-populated\">\n\t\t\t\t\t\t<div class=\"elementor-element elementor-element-dd42ebb elementor-widget elementor-widget-text-editor\" data-id=\"dd42ebb\" data-element_type=\"widget\" data-e-type=\"widget\" data-widget_type=\"text-editor.default\">\n\t\t\t\t<div class=\"elementor-widget-container\">\n\t\t\t\t\t\t\t\t\t<p><em>FOTO: SHUTTERSTOCK<\/em><\/p>\t\t\t\t\t\t\t\t<\/div>\n\t\t\t\t<\/div>\n\t\t\t\t\t<\/div>\n\t\t<\/div>\n\t\t\t\t\t<\/div>\n\t\t<\/section>\n\t\t\t\t<section class=\"elementor-section elementor-top-section elementor-element elementor-element-75e6b598 elementor-section-boxed elementor-section-height-default elementor-section-height-default\" data-id=\"75e6b598\" data-element_type=\"section\" data-e-type=\"section\">\n\t\t\t\t\t\t<div class=\"elementor-container elementor-column-gap-default\">\n\t\t\t\t\t<div class=\"elementor-column elementor-col-25 elementor-top-column elementor-element elementor-element-6a838378\" data-id=\"6a838378\" data-element_type=\"column\" data-e-type=\"column\">\n\t\t\t<div class=\"elementor-widget-wrap\">\n\t\t\t\t\t\t\t<\/div>\n\t\t<\/div>\n\t\t\t\t<div class=\"elementor-column elementor-col-50 elementor-top-column elementor-element elementor-element-6b0bf490\" data-id=\"6b0bf490\" data-element_type=\"column\" data-e-type=\"column\">\n\t\t\t<div class=\"elementor-widget-wrap elementor-element-populated\">\n\t\t\t\t\t\t<div class=\"elementor-element elementor-element-cef4d47 elementor-widget elementor-widget-text-editor\" data-id=\"cef4d47\" data-element_type=\"widget\" data-e-type=\"widget\" data-widget_type=\"text-editor.default\">\n\t\t\t\t<div class=\"elementor-widget-container\">\n\t\t\t\t\t\t\t\t\t<p>Nasjonalt ankomstsenter er f\u00f8rste oppholdssted for asyls\u00f8kere som kommer til Norge, og har cirka 1000 overnattingsplasser. Ankomstsenteret ligger i R\u00e5de i Viken, og <a href=\"https:\/\/www.regjeringen.no\/no\/dokumenter\/prop.-1-s-jd-20172018\/id2574213\/\">ble opprettet som akuttmottak i forbindelse med \u00f8kte asylankomster<\/a> i 2015. Form\u00e5let med senteret er \u00e5 sikre beredskap ved \u00f8kte ankomster, og mer effektiv behandling av asyls\u00f8knader ved at flere steg i prosessen gjennomf\u00f8res p\u00e5 ett sted.<\/p>\t\t\t\t\t\t\t\t<\/div>\n\t\t\t\t<\/div>\n\t\t\t\t<div class=\"elementor-element elementor-element-42545a62 elementor-widget elementor-widget-heading\" data-id=\"42545a62\" data-element_type=\"widget\" data-e-type=\"widget\" data-widget_type=\"heading.default\">\n\t\t\t\t<div class=\"elementor-widget-container\">\n\t\t\t\t\t<h2 class=\"elementor-heading-title elementor-size-default\"><b>Ombygging av senteret <\/b><\/h2>\t\t\t\t<\/div>\n\t\t\t\t<\/div>\n\t\t\t\t<div class=\"elementor-element elementor-element-a0f8a95 elementor-widget elementor-widget-text-editor\" data-id=\"a0f8a95\" data-element_type=\"widget\" data-e-type=\"widget\" data-widget_type=\"text-editor.default\">\n\t\t\t\t<div class=\"elementor-widget-container\">\n\t\t\t\t\t\t\t\t\t<p>Bygget som huser Ankomstsenteret var tidligere et kj\u00f8pesenter. De siste to \u00e5rene har senteret blitt ombygget med kontorer for politiet og UDI, og fasiliteter for at asyls\u00f8kere skal kunne oppholde seg der i inntil tre uker mens de gjennomg\u00e5r asylprosessen. Ombyggingen ferdigstilles v\u00e5ren 2021.<\/p><p>Senteret har en n\u00f8ktern standard for beboerne, og best\u00e5r av en sikkerhets-\/ankomstsone og en \u00e5pen teltsal med inntil 40 sengeplasser i hvert telt. Teltsalen er inndelt i soner, blant annet for i noen grad \u00e5 kunne skjerme barnefamilier og s\u00e5rbare asyls\u00f8kere. Det er bygget kantine, barnebase og et undervisnings-\/aktivitetsrom, og etablert et uteareal med lekeomr\u00e5de for barn. Under koronapandemien har det i tillegg blitt laget adskilte karantenesoner, og egne isolat for personer med symptomer p\u00e5 eller p\u00e5vist smitte av covid-19.<\/p>\t\t\t\t\t\t\t\t<\/div>\n\t\t\t\t<\/div>\n\t\t\t\t\t<\/div>\n\t\t<\/div>\n\t\t\t\t<div class=\"elementor-column elementor-col-25 elementor-top-column elementor-element elementor-element-396a1af6\" data-id=\"396a1af6\" data-element_type=\"column\" data-e-type=\"column\">\n\t\t\t<div class=\"elementor-widget-wrap\">\n\t\t\t\t\t\t\t<\/div>\n\t\t<\/div>\n\t\t\t\t\t<\/div>\n\t\t<\/section>\n\t\t\t\t<section class=\"elementor-section elementor-top-section elementor-element elementor-element-981d9f0 elementor-section-boxed elementor-section-height-default elementor-section-height-default\" data-id=\"981d9f0\" data-element_type=\"section\" data-e-type=\"section\">\n\t\t\t\t\t\t<div class=\"elementor-container elementor-column-gap-default\">\n\t\t\t\t\t<div class=\"elementor-column elementor-col-25 elementor-top-column elementor-element elementor-element-f5133ac\" data-id=\"f5133ac\" data-element_type=\"column\" data-e-type=\"column\">\n\t\t\t<div class=\"elementor-widget-wrap\">\n\t\t\t\t\t\t\t<\/div>\n\t\t<\/div>\n\t\t\t\t<div class=\"elementor-column elementor-col-50 elementor-top-column elementor-element elementor-element-546b37f\" data-id=\"546b37f\" data-element_type=\"column\" data-e-type=\"column\">\n\t\t\t<div class=\"elementor-widget-wrap elementor-element-populated\">\n\t\t\t\t\t\t<div class=\"elementor-element elementor-element-5e4086a elementor-widget elementor-widget-heading\" data-id=\"5e4086a\" data-element_type=\"widget\" data-e-type=\"widget\" data-widget_type=\"heading.default\">\n\t\t\t\t<div class=\"elementor-widget-container\">\n\t\t\t\t\t<h2 class=\"elementor-heading-title elementor-size-default\"><b>Samlokalisering og ny \u00abasylflyt\u00bb<\/b><\/h2>\t\t\t\t<\/div>\n\t\t\t\t<\/div>\n\t\t\t\t<div class=\"elementor-element elementor-element-bf9edd6 elementor-widget elementor-widget-text-editor\" data-id=\"bf9edd6\" data-element_type=\"widget\" data-e-type=\"widget\" data-widget_type=\"text-editor.default\">\n\t\t\t\t<div class=\"elementor-widget-container\">\n\t\t\t\t\t\t\t\t\t<p>Samlokalisering av sentrale akt\u00f8rer anses som en forutsetning for beredskapsl\u00f8sningen og en mer effektiv asylprosess.<\/p><p>B\u00e5de Politiets utlendingsenhet (PU) og UDI har fra h\u00f8sten 2020 v\u00e6rt tilstede i senteret, og har innf\u00f8rt nye rutiner for saksbehandlingen. Rutinene inneb\u00e6rer blant annet en st\u00f8rre innsats for \u00e5 avklare identitet og bedre saksopplysning i en tidlig fase. Det skal if\u00f8lge regjeringen gi et bedre grunnlag for at det fattes riktige vedtak, og samtidig lette returarbeidet i saker der det er aktuelt.<\/p><p>Det legges opp til at hele asylprosessen skal kunne skje i l\u00f8pet av de tre ukene asyls\u00f8kerne oppholder seg i Ankomstsenteret. Alle asyls\u00f8kerne gjennomg\u00e5r der innledende steg i prosessen: bagasje- og sikkerhetskontroll, helseunders\u00f8kelse, og registrering som asyls\u00f8kere i Norge. Alle voksne og medf\u00f8lgende barn f\u00e5r tilbud om <a href=\"https:\/\/www.noas.no\/om\/\">informasjon fra NOAS<\/a> p\u00e5 eget spr\u00e5k om plikter og rettigheter og veiledning for den videre asylprosessen. I de fleste saker vil ogs\u00e5 asylintervjuet foretas i Ankomstsenteret. Der det er mulig \u00e5 fatte vedtak innen tre uker, kan s\u00f8kerne f\u00e5 forkynt svaret fra UDI f\u00f8r de forlater senteret. S\u00f8kere som ikke f\u00e5r avgjort saken innen tre uker, flytter videre til et <a href=\"https:\/\/www.udi.no\/asylmottak\/ulike-typer-asylmottak\/\">transittmottak, ordin\u00e6rt mottak eller integreringsmottak<\/a> i p\u00e5vente av prosessen videre.<\/p><p>NOAS st\u00f8tter i utgangspunktet samlokalisering og mer effektiv saksgang. Det forutsetter riktig og god saksopplysning, og at effektivitet ikke g\u00e5r p\u00e5 bekostning av rettsikkerhet. I en rask asylprosess kan det v\u00e6re ekstra viktig at s\u00f8kerne f\u00e5r uavhengig og oppdatert informasjon og veiledning. NOAS f\u00f8lger utviklingen n\u00f8ye n\u00e5r ny asylflyt n\u00e5 implementeres i praksis.<\/p><p>Enslige mindre\u00e5rige asyls\u00f8kere blir som hovedregel registrert p\u00e5 Ankomstsenteret, men bor p\u00e5 omsorgssenter under barnevernet (barn under 15 \u00e5r) eller p\u00e5 Mysebu transittmottak (barn over 15 \u00e5r). NOAS gir ogs\u00e5 informasjon og veiledning til enslige mindre\u00e5rige s\u00f8kere p\u00e5 Mysebu.<\/p><p>Ombygging og driften av ankomstsenteret har blitt p\u00e5virket av koronapandemien. Les mer <a href=\"https:\/\/noas.no\/riketstilstand\/2021-2\/konsekvenser-av-koronapandemien\/\">her<\/a>.<\/p>\t\t\t\t\t\t\t\t<\/div>\n\t\t\t\t<\/div>\n\t\t\t\t\t<\/div>\n\t\t<\/div>\n\t\t\t\t<div class=\"elementor-column elementor-col-25 elementor-top-column elementor-element elementor-element-9aa435e\" data-id=\"9aa435e\" data-element_type=\"column\" data-e-type=\"column\">\n\t\t\t<div class=\"elementor-widget-wrap\">\n\t\t\t\t\t\t\t<\/div>\n\t\t<\/div>\n\t\t\t\t\t<\/div>\n\t\t<\/section>\n\t\t\t\t<\/div>\n\t\t","protected":false},"excerpt":{"rendered":"<p>Nasjonalt ankomstsenter Nasjonalt ankomstsenter ferdigstilles v\u00e5ren 2021, og er f\u00f8rste oppholdssted for asyls\u00f8kere som kommer til Norge. FOTO: SHUTTERSTOCK Nasjonalt ankomstsenter er f\u00f8rste oppholdssted for asyls\u00f8kere som kommer til Norge, og har cirka 1000 overnattingsplasser. Ankomstsenteret ligger i R\u00e5de i Viken, og ble opprettet som akuttmottak i forbindelse med \u00f8kte asylankomster i 2015. Form\u00e5let med [&hellip;]<\/p>\n","protected":false},"author":1,"featured_media":0,"parent":3011,"menu_order":0,"comment_status":"closed","ping_status":"closed","template":"","meta":{"_acf_changed":false,"site-sidebar-layout":"no-sidebar","site-content-layout":"page-builder","ast-site-content-layout":"default","site-content-style":"default","site-sidebar-style":"default","ast-global-header-display":"","ast-banner-title-visibility":"","ast-main-header-display":"","ast-hfb-above-header-display":"","ast-hfb-below-header-display":"","ast-hfb-mobile-header-display":"","site-post-title":"disabled","ast-breadcrumbs-content":"","ast-featured-img":"disabled","footer-sml-layout":"","ast-disable-related-posts":"","theme-transparent-header-meta":"default","adv-header-id-meta":"","stick-header-meta":"","header-above-stick-meta":"","header-main-stick-meta":"","header-below-stick-meta":"","astra-migrate-meta-layouts":"default","ast-page-background-enabled":"default","ast-page-background-meta":{"desktop":{"background-color":"var(--ast-global-color-4)","background-image":"","background-repeat":"repeat","background-position":"center center","background-size":"auto","background-attachment":"scroll","background-type":"","background-media":"","overlay-type":"","overlay-color":"","overlay-opacity":"","overlay-gradient":""},"tablet":{"background-color":"","background-image":"","background-repeat":"repeat","background-position":"center center","background-size":"auto","background-attachment":"scroll","background-type":"","background-media":"","overlay-type":"","overlay-color":"","overlay-opacity":"","overlay-gradient":""},"mobile":{"background-color":"","background-image":"","background-repeat":"repeat","background-position":"center center","background-size":"auto","background-attachment":"scroll","background-type":"","background-media":"","overlay-type":"","overlay-color":"","overlay-opacity":"","overlay-gradient":""}},"ast-content-background-meta":{"desktop":{"background-color":"var(--ast-global-color-5)","background-image":"","background-repeat":"repeat","background-position":"center center","background-size":"auto","background-attachment":"scroll","background-type":"","background-media":"","overlay-type":"","overlay-color":"","overlay-opacity":"","overlay-gradient":""},"tablet":{"background-color":"var(--ast-global-color-5)","background-image":"","background-repeat":"repeat","background-position":"center center","background-size":"auto","background-attachment":"scroll","background-type":"","background-media":"","overlay-type":"","overlay-color":"","overlay-opacity":"","overlay-gradient":""},"mobile":{"background-color":"var(--ast-global-color-5)","background-image":"","background-repeat":"repeat","background-position":"center center","background-size":"auto","background-attachment":"scroll","background-type":"","background-media":"","overlay-type":"","overlay-color":"","overlay-opacity":"","overlay-gradient":""}},"footnotes":""},"class_list":["post-6587","page","type-page","status-publish","hentry"],"acf":[],"_links":{"self":[{"href":"https:\/\/noas.no\/riketstilstand\/wp-json\/wp\/v2\/pages\/6587","targetHints":{"allow":["GET"]}}],"collection":[{"href":"https:\/\/noas.no\/riketstilstand\/wp-json\/wp\/v2\/pages"}],"about":[{"href":"https:\/\/noas.no\/riketstilstand\/wp-json\/wp\/v2\/types\/page"}],"author":[{"embeddable":true,"href":"https:\/\/noas.no\/riketstilstand\/wp-json\/wp\/v2\/users\/1"}],"replies":[{"embeddable":true,"href":"https:\/\/noas.no\/riketstilstand\/wp-json\/wp\/v2\/comments?post=6587"}],"version-history":[{"count":4,"href":"https:\/\/noas.no\/riketstilstand\/wp-json\/wp\/v2\/pages\/6587\/revisions"}],"predecessor-version":[{"id":6592,"href":"https:\/\/noas.no\/riketstilstand\/wp-json\/wp\/v2\/pages\/6587\/revisions\/6592"}],"up":[{"embeddable":true,"href":"https:\/\/noas.no\/riketstilstand\/wp-json\/wp\/v2\/pages\/3011"}],"wp:attachment":[{"href":"https:\/\/noas.no\/riketstilstand\/wp-json\/wp\/v2\/media?parent=6587"}],"curies":[{"name":"wp","href":"https:\/\/api.w.org\/{rel}","templated":true}]}}