{"id":6579,"date":"2022-12-09T10:37:14","date_gmt":"2022-12-09T10:37:14","guid":{"rendered":"https:\/\/noas.no\/riketstilstand\/?page_id=6579"},"modified":"2022-12-09T10:42:05","modified_gmt":"2022-12-09T10:42:05","slug":"id-lose-barn","status":"publish","type":"page","link":"https:\/\/noas.no\/riketstilstand\/2021-2\/id-lose-barn\/","title":{"rendered":"ID-l\u00f8se barn"},"content":{"rendered":"\t\t<div data-elementor-type=\"wp-page\" data-elementor-id=\"6579\" class=\"elementor elementor-6579\">\n\t\t\t\t\t\t<section class=\"elementor-section elementor-top-section elementor-element elementor-element-451a01a9 elementor-section-full_width elementor-section-height-full elementor-section-height-default elementor-section-items-middle\" data-id=\"451a01a9\" data-element_type=\"section\" data-e-type=\"section\" data-settings=\"{&quot;background_background&quot;:&quot;classic&quot;}\">\n\t\t\t\t\t\t\t<div class=\"elementor-background-overlay\"><\/div>\n\t\t\t\t\t\t\t<div class=\"elementor-container elementor-column-gap-default\">\n\t\t\t\t\t<div class=\"elementor-column elementor-col-100 elementor-top-column elementor-element elementor-element-56fb379f\" data-id=\"56fb379f\" data-element_type=\"column\" data-e-type=\"column\">\n\t\t\t<div class=\"elementor-widget-wrap elementor-element-populated\">\n\t\t\t\t\t\t<div class=\"elementor-element elementor-element-648502bd elementor-widget elementor-widget-heading\" data-id=\"648502bd\" data-element_type=\"widget\" data-e-type=\"widget\" data-widget_type=\"heading.default\">\n\t\t\t\t<div class=\"elementor-widget-container\">\n\t\t\t\t\t<h4 class=\"elementor-heading-title elementor-size-default\">ID-l\u00f8se barn<\/h4>\t\t\t\t<\/div>\n\t\t\t\t<\/div>\n\t\t\t\t<div class=\"elementor-element elementor-element-af26dbb elementor-widget__width-initial elementor-widget elementor-widget-text-editor\" data-id=\"af26dbb\" data-element_type=\"widget\" data-e-type=\"widget\" data-widget_type=\"text-editor.default\">\n\t\t\t\t<div class=\"elementor-widget-container\">\n\t\t\t\t\t\t\t\t\t<p>Begrensede tillatelser p\u00e5 grunn av mangel p\u00e5 ID-dokument hindrer samfunnsdeltakelse, og f\u00f8rer til usikkerhet, frykt og svekket psykisk helse.<\/p>\t\t\t\t\t\t\t\t<\/div>\n\t\t\t\t<\/div>\n\t\t\t\t\t<\/div>\n\t\t<\/div>\n\t\t\t\t\t<\/div>\n\t\t<\/section>\n\t\t\t\t<section class=\"elementor-section elementor-top-section elementor-element elementor-element-4b8c5a9c elementor-section-boxed elementor-section-height-default elementor-section-height-default\" data-id=\"4b8c5a9c\" data-element_type=\"section\" data-e-type=\"section\">\n\t\t\t\t\t\t<div class=\"elementor-container elementor-column-gap-default\">\n\t\t\t\t\t<div class=\"elementor-column elementor-col-100 elementor-top-column elementor-element elementor-element-2da0ec91\" data-id=\"2da0ec91\" data-element_type=\"column\" data-e-type=\"column\">\n\t\t\t<div class=\"elementor-widget-wrap elementor-element-populated\">\n\t\t\t\t\t\t<div class=\"elementor-element elementor-element-dd42ebb elementor-widget elementor-widget-text-editor\" data-id=\"dd42ebb\" data-element_type=\"widget\" data-e-type=\"widget\" data-widget_type=\"text-editor.default\">\n\t\t\t\t<div class=\"elementor-widget-container\">\n\t\t\t\t\t\t\t\t\t<p><em>FOTO: SHUTTERSTOCK<\/em><\/p>\t\t\t\t\t\t\t\t<\/div>\n\t\t\t\t<\/div>\n\t\t\t\t\t<\/div>\n\t\t<\/div>\n\t\t\t\t\t<\/div>\n\t\t<\/section>\n\t\t\t\t<section class=\"elementor-section elementor-top-section elementor-element elementor-element-75e6b598 elementor-section-boxed elementor-section-height-default elementor-section-height-default\" data-id=\"75e6b598\" data-element_type=\"section\" data-e-type=\"section\">\n\t\t\t\t\t\t<div class=\"elementor-container elementor-column-gap-default\">\n\t\t\t\t\t<div class=\"elementor-column elementor-col-25 elementor-top-column elementor-element elementor-element-6a838378\" data-id=\"6a838378\" data-element_type=\"column\" data-e-type=\"column\">\n\t\t\t<div class=\"elementor-widget-wrap\">\n\t\t\t\t\t\t\t<\/div>\n\t\t<\/div>\n\t\t\t\t<div class=\"elementor-column elementor-col-50 elementor-top-column elementor-element elementor-element-6b0bf490\" data-id=\"6b0bf490\" data-element_type=\"column\" data-e-type=\"column\">\n\t\t\t<div class=\"elementor-widget-wrap elementor-element-populated\">\n\t\t\t\t\t\t<div class=\"elementor-element elementor-element-cef4d47 elementor-widget elementor-widget-text-editor\" data-id=\"cef4d47\" data-element_type=\"widget\" data-e-type=\"widget\" data-widget_type=\"text-editor.default\">\n\t\t\t\t<div class=\"elementor-widget-container\">\n\t\t\t\t\t\t\t\t\t<p>Omkring 300 barn i Norge har <a href=\"https:\/\/lovdata.no\/forskrift\/2009-10-15-1286\/\u00a78-12\">oppholdstillatelse som er begrenset<\/a> fordi de ikke har fremlagt godkjent dokumentasjon p\u00e5 egen identitet. Barna har f\u00e5tt opphold p\u00e5 humanit\u00e6rt grunnlag, men tillatelsen danner ikke grunnlag for permanent oppholdstillatelse eller familiegjenforening. Tillatelsen gis for ett \u00e5r om gangen, med mulighet til \u00e5 s\u00f8ke om fornyelse.<\/p>\t\t\t\t\t\t\t\t<\/div>\n\t\t\t\t<\/div>\n\t\t\t\t<div class=\"elementor-element elementor-element-42545a62 elementor-widget elementor-widget-heading\" data-id=\"42545a62\" data-element_type=\"widget\" data-e-type=\"widget\" data-widget_type=\"heading.default\">\n\t\t\t\t<div class=\"elementor-widget-container\">\n\t\t\t\t\t<h2 class=\"elementor-heading-title elementor-size-default\"><b>Andelen begrensede tillatelser \u00f8ker <\/b><\/h2>\t\t\t\t<\/div>\n\t\t\t\t<\/div>\n\t\t\t\t<div class=\"elementor-element elementor-element-a0f8a95 elementor-widget elementor-widget-text-editor\" data-id=\"a0f8a95\" data-element_type=\"widget\" data-e-type=\"widget\" data-widget_type=\"text-editor.default\">\n\t\t\t\t<div class=\"elementor-widget-container\">\n\t\t\t\t\t\t\t\t\t<p>NOAS, Redd Barna og Norsk Folkehjelp utga i mai 2020 <a href=\"https:\/\/www.noas.no\/identitetslose-barn-stenges-ute-fra-samfunnsdeltakelse\/\">tre rapporter<\/a> om begrenset opphold, som viser at andelen begrensede tillatelser til barn \u00f8ker. Det til tross for at departementet i <a href=\"https:\/\/www.regjeringen.no\/no\/dokumenter\/otprp-nr-75-2006-2007-\/id474152\/\">forarbeidene<\/a> til dagens utlendingslov understreker at det \u00abikke vil v\u00e6re heldig \u00e5 etablere en omfattende praksis med \u00e5 innvilge slike begrensede tillatelser\u00bb, og at \u00abdenne type tillatelser skaper en usikkerhet omkring utlendingens fremtid i riket, noe som kan virke integreringshemmende.\u00bb<\/p>\t\t\t\t\t\t\t\t<\/div>\n\t\t\t\t<\/div>\n\t\t\t\t\t<\/div>\n\t\t<\/div>\n\t\t\t\t<div class=\"elementor-column elementor-col-25 elementor-top-column elementor-element elementor-element-396a1af6\" data-id=\"396a1af6\" data-element_type=\"column\" data-e-type=\"column\">\n\t\t\t<div class=\"elementor-widget-wrap\">\n\t\t\t\t\t\t\t<\/div>\n\t\t<\/div>\n\t\t\t\t\t<\/div>\n\t\t<\/section>\n\t\t\t\t<section class=\"elementor-section elementor-top-section elementor-element elementor-element-981d9f0 elementor-section-boxed elementor-section-height-default elementor-section-height-default\" data-id=\"981d9f0\" data-element_type=\"section\" data-e-type=\"section\">\n\t\t\t\t\t\t<div class=\"elementor-container elementor-column-gap-default\">\n\t\t\t\t\t<div class=\"elementor-column elementor-col-25 elementor-top-column elementor-element elementor-element-f5133ac\" data-id=\"f5133ac\" data-element_type=\"column\" data-e-type=\"column\">\n\t\t\t<div class=\"elementor-widget-wrap\">\n\t\t\t\t\t\t\t<\/div>\n\t\t<\/div>\n\t\t\t\t<div class=\"elementor-column elementor-col-50 elementor-top-column elementor-element elementor-element-546b37f\" data-id=\"546b37f\" data-element_type=\"column\" data-e-type=\"column\">\n\t\t\t<div class=\"elementor-widget-wrap elementor-element-populated\">\n\t\t\t\t\t\t<div class=\"elementor-element elementor-element-5e4086a elementor-widget elementor-widget-heading\" data-id=\"5e4086a\" data-element_type=\"widget\" data-e-type=\"widget\" data-widget_type=\"heading.default\">\n\t\t\t\t<div class=\"elementor-widget-container\">\n\t\t\t\t\t<h2 class=\"elementor-heading-title elementor-size-default\"><b>Samme krav til barn som til voksne<\/b><\/h2>\t\t\t\t<\/div>\n\t\t\t\t<\/div>\n\t\t\t\t<div class=\"elementor-element elementor-element-bf9edd6 elementor-widget elementor-widget-text-editor\" data-id=\"bf9edd6\" data-element_type=\"widget\" data-e-type=\"widget\" data-widget_type=\"text-editor.default\">\n\t\t\t\t<div class=\"elementor-widget-container\">\n\t\t\t\t\t\t\t\t\t<p>Norske myndigheter krever i praksis gyldig pass fra hjemlandet for \u00e5 oppheve begrensningene og gi en ordin\u00e6r oppholdstillatelse. Krav om pass gjelder tilsvarende for barn som for voksne, uavhengig av om passet er sv\u00e6rt krevende \u00e5 fremskaffe. Det gjelder ogs\u00e5 selv om norske myndigheter ikke stoler p\u00e5 opplysningene i passet \u2013 fordi passet er utstedt i et land uten tilfredsstillende systemer for identitetsdokumenter.<\/p><p>If\u00f8lge FNs barnekonvensjon, skal barnets beste v\u00e6re et grunnleggende hensyn i alle saker som ber\u00f8rer barn. Det enkelte barnets situasjon m\u00e5 unders\u00f8kes og vurderes. Kun ett av 75 vedtak gjennomg\u00e5tt i rapporten <a href=\"https:\/\/www.noas.no\/wp-content\/uploads\/2020\/05\/NOAS_Barn-uten-pass_rapport_WEB.pdf\"><em>Barn uten pass<\/em><\/a> fra NOAS, Redd Barna og Norsk Folkehjelp fra mai 2020, har en individuell begrunnelse for hvorfor tillatelsen er begrenset. Mangelfull begrunnelse utgj\u00f8r et rettssikkerhetsproblem, fordi det gj\u00f8r det vanskelig \u00e5 im\u00f8teg\u00e5 forvaltningens vurdering.<\/p>\t\t\t\t\t\t\t\t<\/div>\n\t\t\t\t<\/div>\n\t\t\t\t<div class=\"elementor-element elementor-element-a49a4a5 elementor-widget elementor-widget-heading\" data-id=\"a49a4a5\" data-element_type=\"widget\" data-e-type=\"widget\" data-widget_type=\"heading.default\">\n\t\t\t\t<div class=\"elementor-widget-container\">\n\t\t\t\t\t<h2 class=\"elementor-heading-title elementor-size-default\"><b>Hindrer samfunnsdeltakelse\n<\/b><\/h2>\t\t\t\t<\/div>\n\t\t\t\t<\/div>\n\t\t\t\t<div class=\"elementor-element elementor-element-97dc79c elementor-widget elementor-widget-text-editor\" data-id=\"97dc79c\" data-element_type=\"widget\" data-e-type=\"widget\" data-widget_type=\"text-editor.default\">\n\t\t\t\t<div class=\"elementor-widget-container\">\n\t\t\t\t\t\t\t\t\t<p>Uten gyldig legitimasjon ekskluderes barn og voksne fra full samfunnsdeltakelse. Mangel p\u00e5 legitimasjon gj\u00f8r det vanskelig \u00e5 opprette bankkonto og anskaffe f\u00f8rerkort, og gj\u00f8r det vanskeligere \u00e5 kunne ta l\u00f8nnet arbeid. Uten Bank-ID forsvinner tilgangen til viktige rettigheter og plikter. Mangel p\u00e5 legitimasjon gj\u00f8r det vanskelig for barna \u00e5 delta i fritidsaktiviteter eller v\u00e6re med p\u00e5 skoleturer til utlandet, og hindrer dem i \u00e5 leve et liv p\u00e5 samme m\u00e5te som norske barn.<\/p><p>Regelverket \u00e5pner for at personer med begrensede oppholdstillatelser kan f\u00e5 tilgang til grunnleggende banktjenester. Men bankene praktiserer regelverket ulikt, og mange med begrenset opphold har kun kommunale utbetalingskort.<\/p>\t\t\t\t\t\t\t\t<\/div>\n\t\t\t\t<\/div>\n\t\t\t\t<div class=\"elementor-element elementor-element-601c289 elementor-widget elementor-widget-heading\" data-id=\"601c289\" data-element_type=\"widget\" data-e-type=\"widget\" data-widget_type=\"heading.default\">\n\t\t\t\t<div class=\"elementor-widget-container\">\n\t\t\t\t\t<h2 class=\"elementor-heading-title elementor-size-default\"><b>Mangelfull informasjon og veiledning\n<\/b><\/h2>\t\t\t\t<\/div>\n\t\t\t\t<\/div>\n\t\t\t\t<div class=\"elementor-element elementor-element-f04c7ef elementor-widget elementor-widget-text-editor\" data-id=\"f04c7ef\" data-element_type=\"widget\" data-e-type=\"widget\" data-widget_type=\"text-editor.default\">\n\t\t\t\t<div class=\"elementor-widget-container\">\n\t\t\t\t\t\t\t\t\t<p>I de ovennevnte <a href=\"https:\/\/www.noas.no\/identitetslose-barn-stenges-ute-fra-samfunnsdeltakelse\/\">rapportene<\/a> fremkommer tydelig at verken de enslige ungdommene eller familiene forst\u00e5r vedtakene de har f\u00e5tt. De forst\u00e5r ikke hvorfor de har f\u00e5tt begrensningene, vilk\u00e5rene for fornyelse, eller hva som skal til for \u00e5 f\u00e5 opphevet begrensningene. Det er vanskelig spr\u00e5k i vedtakene, og familiene har ikke krav p\u00e5 gratis rettshjelp.<\/p><p>Med unntak av sakene til enslige mindre\u00e5rige, har UDI delegert ansvar for underretting av vedtak om begrensede oppholdstillatelser og veiledning i fornyelsesprosessen til politidistriktene, hvor det er varierende kompetanse og ulik praksis.<\/p>\t\t\t\t\t\t\t\t<\/div>\n\t\t\t\t<\/div>\n\t\t\t\t<div class=\"elementor-element elementor-element-4a0d024 elementor-widget elementor-widget-heading\" data-id=\"4a0d024\" data-element_type=\"widget\" data-e-type=\"widget\" data-widget_type=\"heading.default\">\n\t\t\t\t<div class=\"elementor-widget-container\">\n\t\t\t\t\t<h2 class=\"elementor-heading-title elementor-size-default\"><b>F\u00f8rer til svekket psykisk helse\n<\/b><\/h2>\t\t\t\t<\/div>\n\t\t\t\t<\/div>\n\t\t\t\t<div class=\"elementor-element elementor-element-00ddc54 elementor-widget elementor-widget-text-editor\" data-id=\"00ddc54\" data-element_type=\"widget\" data-e-type=\"widget\" data-widget_type=\"text-editor.default\">\n\t\t\t\t<div class=\"elementor-widget-container\">\n\t\t\t\t\t\t\t\t\t<p><a href=\"https:\/\/www.noas.no\/wp-content\/uploads\/2020\/05\/NOAS_Enslige-mindrea%CC%8Arige_rapport_WEB.pdf\">Ungdommene<\/a><strong> som kom til Norge som enslige mindre\u00e5rige <\/strong>er usikre p\u00e5 om de f\u00e5r fornyet tillatelsen, og sliter med frykt for \u00e5 bli sendt ut av landet. Mange har s\u00f8vnproblemer, sliter med konsentrasjon p\u00e5 skolen, og har vanskelig for \u00e5 planlegge fremtiden. Psykisk helse svekkes av at tillatelsen er ett\u00e5rig og manglende veiledning, i tillegg til opplevelsen av et annerledes-liv i Norge.<\/p><p>Foreldrene i <a href=\"https:\/\/www.noas.no\/wp-content\/uploads\/2020\/05\/NOAS_Lengev%C3%A6rende-barn_rapport_WEB.pdf\">barnefamilier med begrenset opphold<\/a>, opplever tilsvarende utrygghet og konstant frykt for at tillatelsen ikke vil bli fornyet. Det p\u00e5virker psykiske helse, forholdet til barna, og dermed ogs\u00e5 barnas situasjon.<\/p>\t\t\t\t\t\t\t\t<\/div>\n\t\t\t\t<\/div>\n\t\t\t\t\t<\/div>\n\t\t<\/div>\n\t\t\t\t<div class=\"elementor-column elementor-col-25 elementor-top-column elementor-element elementor-element-9aa435e\" data-id=\"9aa435e\" data-element_type=\"column\" data-e-type=\"column\">\n\t\t\t<div class=\"elementor-widget-wrap\">\n\t\t\t\t\t\t\t<\/div>\n\t\t<\/div>\n\t\t\t\t\t<\/div>\n\t\t<\/section>\n\t\t\t\t<\/div>\n\t\t","protected":false},"excerpt":{"rendered":"<p>ID-l\u00f8se barn Begrensede tillatelser p\u00e5 grunn av mangel p\u00e5 ID-dokument hindrer samfunnsdeltakelse, og f\u00f8rer til usikkerhet, frykt og svekket psykisk helse. FOTO: SHUTTERSTOCK Omkring 300 barn i Norge har oppholdstillatelse som er begrenset fordi de ikke har fremlagt godkjent dokumentasjon p\u00e5 egen identitet. Barna har f\u00e5tt opphold p\u00e5 humanit\u00e6rt grunnlag, men tillatelsen danner ikke grunnlag [&hellip;]<\/p>\n","protected":false},"author":1,"featured_media":0,"parent":3011,"menu_order":0,"comment_status":"closed","ping_status":"closed","template":"","meta":{"_acf_changed":false,"site-sidebar-layout":"no-sidebar","site-content-layout":"page-builder","ast-site-content-layout":"default","site-content-style":"default","site-sidebar-style":"default","ast-global-header-display":"","ast-banner-title-visibility":"","ast-main-header-display":"","ast-hfb-above-header-display":"","ast-hfb-below-header-display":"","ast-hfb-mobile-header-display":"","site-post-title":"disabled","ast-breadcrumbs-content":"","ast-featured-img":"disabled","footer-sml-layout":"","ast-disable-related-posts":"","theme-transparent-header-meta":"default","adv-header-id-meta":"","stick-header-meta":"","header-above-stick-meta":"","header-main-stick-meta":"","header-below-stick-meta":"","astra-migrate-meta-layouts":"default","ast-page-background-enabled":"default","ast-page-background-meta":{"desktop":{"background-color":"var(--ast-global-color-4)","background-image":"","background-repeat":"repeat","background-position":"center center","background-size":"auto","background-attachment":"scroll","background-type":"","background-media":"","overlay-type":"","overlay-color":"","overlay-opacity":"","overlay-gradient":""},"tablet":{"background-color":"","background-image":"","background-repeat":"repeat","background-position":"center center","background-size":"auto","background-attachment":"scroll","background-type":"","background-media":"","overlay-type":"","overlay-color":"","overlay-opacity":"","overlay-gradient":""},"mobile":{"background-color":"","background-image":"","background-repeat":"repeat","background-position":"center center","background-size":"auto","background-attachment":"scroll","background-type":"","background-media":"","overlay-type":"","overlay-color":"","overlay-opacity":"","overlay-gradient":""}},"ast-content-background-meta":{"desktop":{"background-color":"var(--ast-global-color-5)","background-image":"","background-repeat":"repeat","background-position":"center center","background-size":"auto","background-attachment":"scroll","background-type":"","background-media":"","overlay-type":"","overlay-color":"","overlay-opacity":"","overlay-gradient":""},"tablet":{"background-color":"var(--ast-global-color-5)","background-image":"","background-repeat":"repeat","background-position":"center center","background-size":"auto","background-attachment":"scroll","background-type":"","background-media":"","overlay-type":"","overlay-color":"","overlay-opacity":"","overlay-gradient":""},"mobile":{"background-color":"var(--ast-global-color-5)","background-image":"","background-repeat":"repeat","background-position":"center center","background-size":"auto","background-attachment":"scroll","background-type":"","background-media":"","overlay-type":"","overlay-color":"","overlay-opacity":"","overlay-gradient":""}},"footnotes":""},"class_list":["post-6579","page","type-page","status-publish","hentry"],"acf":[],"_links":{"self":[{"href":"https:\/\/noas.no\/riketstilstand\/wp-json\/wp\/v2\/pages\/6579","targetHints":{"allow":["GET"]}}],"collection":[{"href":"https:\/\/noas.no\/riketstilstand\/wp-json\/wp\/v2\/pages"}],"about":[{"href":"https:\/\/noas.no\/riketstilstand\/wp-json\/wp\/v2\/types\/page"}],"author":[{"embeddable":true,"href":"https:\/\/noas.no\/riketstilstand\/wp-json\/wp\/v2\/users\/1"}],"replies":[{"embeddable":true,"href":"https:\/\/noas.no\/riketstilstand\/wp-json\/wp\/v2\/comments?post=6579"}],"version-history":[{"count":4,"href":"https:\/\/noas.no\/riketstilstand\/wp-json\/wp\/v2\/pages\/6579\/revisions"}],"predecessor-version":[{"id":6583,"href":"https:\/\/noas.no\/riketstilstand\/wp-json\/wp\/v2\/pages\/6579\/revisions\/6583"}],"up":[{"embeddable":true,"href":"https:\/\/noas.no\/riketstilstand\/wp-json\/wp\/v2\/pages\/3011"}],"wp:attachment":[{"href":"https:\/\/noas.no\/riketstilstand\/wp-json\/wp\/v2\/media?parent=6579"}],"curies":[{"name":"wp","href":"https:\/\/api.w.org\/{rel}","templated":true}]}}