{"id":6552,"date":"2022-12-08T13:10:52","date_gmt":"2022-12-08T13:10:52","guid":{"rendered":"https:\/\/noas.no\/riketstilstand\/?page_id=6552"},"modified":"2023-05-03T14:10:11","modified_gmt":"2023-05-03T14:10:11","slug":"statistikk","status":"publish","type":"page","link":"https:\/\/noas.no\/riketstilstand\/2021-2\/statistikk\/","title":{"rendered":"Statistikk"},"content":{"rendered":"\t\t<div data-elementor-type=\"wp-page\" data-elementor-id=\"6552\" class=\"elementor elementor-6552\">\n\t\t\t\t\t\t<section class=\"elementor-section elementor-top-section elementor-element elementor-element-451a01a9 elementor-section-full_width elementor-section-height-min-height elementor-section-height-default elementor-section-items-middle\" data-id=\"451a01a9\" data-element_type=\"section\" data-e-type=\"section\" data-settings=\"{&quot;background_background&quot;:&quot;classic&quot;}\">\n\t\t\t\t\t\t\t<div class=\"elementor-background-overlay\"><\/div>\n\t\t\t\t\t\t\t<div class=\"elementor-container elementor-column-gap-default\">\n\t\t\t\t\t<div class=\"elementor-column elementor-col-100 elementor-top-column elementor-element elementor-element-56fb379f\" data-id=\"56fb379f\" data-element_type=\"column\" data-e-type=\"column\">\n\t\t\t<div class=\"elementor-widget-wrap elementor-element-populated\">\n\t\t\t\t\t\t<div class=\"elementor-element elementor-element-648502bd elementor-widget elementor-widget-heading\" data-id=\"648502bd\" data-element_type=\"widget\" data-e-type=\"widget\" data-widget_type=\"heading.default\">\n\t\t\t\t<div class=\"elementor-widget-container\">\n\t\t\t\t\t<h4 class=\"elementor-heading-title elementor-size-default\">Statistikk<\/h4>\t\t\t\t<\/div>\n\t\t\t\t<\/div>\n\t\t\t\t<div class=\"elementor-element elementor-element-af26dbb elementor-widget__width-initial elementor-widget elementor-widget-text-editor\" data-id=\"af26dbb\" data-element_type=\"widget\" data-e-type=\"widget\" data-widget_type=\"text-editor.default\">\n\t\t\t\t<div class=\"elementor-widget-container\">\n\t\t\t\t\t\t\t\t\t<p>Omtrent 1400 personer s\u00f8kte beskyttelse i Norge i 2020, og 76 prosent av asyls\u00f8kerne som fikk saken behandlet fikk oppholdstillatelse.<\/p>\t\t\t\t\t\t\t\t<\/div>\n\t\t\t\t<\/div>\n\t\t\t\t\t<\/div>\n\t\t<\/div>\n\t\t\t\t\t<\/div>\n\t\t<\/section>\n\t\t\t\t<section class=\"elementor-section elementor-top-section elementor-element elementor-element-4b8c5a9c elementor-section-boxed elementor-section-height-default elementor-section-height-default\" data-id=\"4b8c5a9c\" data-element_type=\"section\" data-e-type=\"section\">\n\t\t\t\t\t\t<div class=\"elementor-container elementor-column-gap-default\">\n\t\t\t\t\t<div class=\"elementor-column elementor-col-100 elementor-top-column elementor-element elementor-element-2da0ec91\" data-id=\"2da0ec91\" data-element_type=\"column\" data-e-type=\"column\">\n\t\t\t<div class=\"elementor-widget-wrap elementor-element-populated\">\n\t\t\t\t\t\t<div class=\"elementor-element elementor-element-dd42ebb elementor-widget elementor-widget-text-editor\" data-id=\"dd42ebb\" data-element_type=\"widget\" data-e-type=\"widget\" data-widget_type=\"text-editor.default\">\n\t\t\t\t<div class=\"elementor-widget-container\">\n\t\t\t\t\t\t\t\t\t<p><em>FOTO: SHUTTERSTOCK<\/em><\/p>\t\t\t\t\t\t\t\t<\/div>\n\t\t\t\t<\/div>\n\t\t\t\t\t<\/div>\n\t\t<\/div>\n\t\t\t\t\t<\/div>\n\t\t<\/section>\n\t\t\t\t<section class=\"elementor-section elementor-top-section elementor-element elementor-element-75e6b598 elementor-section-boxed elementor-section-height-default elementor-section-height-default\" data-id=\"75e6b598\" data-element_type=\"section\" data-e-type=\"section\">\n\t\t\t\t\t\t<div class=\"elementor-container elementor-column-gap-default\">\n\t\t\t\t\t<div class=\"elementor-column elementor-col-50 elementor-top-column elementor-element elementor-element-6b0bf490\" data-id=\"6b0bf490\" data-element_type=\"column\" data-e-type=\"column\">\n\t\t\t<div class=\"elementor-widget-wrap elementor-element-populated\">\n\t\t\t\t\t\t<div class=\"elementor-element elementor-element-42545a62 elementor-widget elementor-widget-heading\" data-id=\"42545a62\" data-element_type=\"widget\" data-e-type=\"widget\" data-widget_type=\"heading.default\">\n\t\t\t\t<div class=\"elementor-widget-container\">\n\t\t\t\t\t<h2 class=\"elementor-heading-title elementor-size-default\"><b>Rekordf\u00e5 asyls\u00f8kere<\/b><\/h2>\t\t\t\t<\/div>\n\t\t\t\t<\/div>\n\t\t\t\t<div class=\"elementor-element elementor-element-a0f8a95 elementor-widget elementor-widget-text-editor\" data-id=\"a0f8a95\" data-element_type=\"widget\" data-e-type=\"widget\" data-widget_type=\"text-editor.default\">\n\t\t\t\t<div class=\"elementor-widget-container\">\n\t\t\t\t\t\t\t\t\t<p><a href=\"https:\/\/www.riketstilstand.noas.no\/2019\/stengte-grenser-i-europa\">Stengte grenser<\/a> i Europa er hoved\u00e5rsaken til at antall personer som s\u00f8ker beskyttelse i Norge har v\u00e6rt rekordlavt de siste fem \u00e5rene. Norge er det landet i Europa som hadde <a href=\"https:\/\/ec.europa.eu\/eurostat\/documents\/2995521\/7921609\/3-16032017-BP-EN.pdf\/e5fa98bb-5d9d-4297-9168-d07c67d1c9e1\">st\u00f8rst prosentvis nedgang\u00a0<\/a>i antallet asyls\u00f8kere fra 2015 til 2016, p\u00e5 om lag 90 prosent. Ankomstene har siden holdt seg lave, og <a href=\"https:\/\/noas.no\/riketstilstand\/2021-2\/konsekvenser-av-koronapandemien\/\">koronapandemien<\/a> bidro til ytterligere reduserte tall i 2020. \u00a0<\/p><p>Inkludert i ankomsttallene for 2016 og 2017, er asyls\u00f8kere som ble hentet til Norge fra Hellas og Italia gjennom <a href=\"https:\/\/www.riketstilstand.noas.no\/2019\/kvoteflyktninger-og-relokaliserte-asylskere\">EUs relokaliseringsprogram<\/a> &#8211; til sammen 1509 asyls\u00f8kere over to \u00e5r. Det var ikke et relokaliseringsprogram i 2018 eller 2019. <a href=\"https:\/\/www.regjeringen.no\/no\/aktuelt\/norge-starter-prosessen-med-relokalisering-fra-hellas\/id2740826\/\">Norge vedtok<\/a> i 2020 \u00e5 ta imot 50 relokaliserte fra Hellas, og <a href=\"https:\/\/www.noas.no\/barnefamiliene-fra-hellas-kommer\/\">35 av disse kom til Norge i mars 2021<\/a>. Les mer <a href=\"https:\/\/noas.no\/riketstilstand\/2021-2\/kommentar\/\">her<\/a>.<\/p>\t\t\t\t\t\t\t\t<\/div>\n\t\t\t\t<\/div>\n\t\t\t\t\t<\/div>\n\t\t<\/div>\n\t\t\t\t<div class=\"elementor-column elementor-col-50 elementor-top-column elementor-element elementor-element-396a1af6\" data-id=\"396a1af6\" data-element_type=\"column\" data-e-type=\"column\">\n\t\t\t<div class=\"elementor-widget-wrap elementor-element-populated\">\n\t\t\t\t\t\t<div class=\"elementor-element elementor-element-917fbed elementor-widget elementor-widget-heading\" data-id=\"917fbed\" data-element_type=\"widget\" data-e-type=\"widget\" data-widget_type=\"heading.default\">\n\t\t\t\t<div class=\"elementor-widget-container\">\n\t\t\t\t\t<h4 class=\"elementor-heading-title elementor-size-default\">Antall som har s\u00f8kt asyl i Norge<\/h4>\t\t\t\t<\/div>\n\t\t\t\t<\/div>\n\t\t\t\t<div class=\"elementor-element elementor-element-2f21d63 elementor-widget elementor-widget-image\" data-id=\"2f21d63\" data-element_type=\"widget\" data-e-type=\"widget\" data-widget_type=\"image.default\">\n\t\t\t\t<div class=\"elementor-widget-container\">\n\t\t\t\t\t\t\t\t\t\t\t\t\t\t\t<img fetchpriority=\"high\" decoding=\"async\" width=\"750\" height=\"365\" src=\"https:\/\/noas.no\/riketstilstand\/wp-content\/uploads\/2022\/09\/Ankomster_2020.png\" class=\"attachment-large size-large wp-image-4097\" alt=\"\" srcset=\"https:\/\/noas.no\/riketstilstand\/wp-content\/uploads\/2022\/09\/Ankomster_2020.png 750w, https:\/\/noas.no\/riketstilstand\/wp-content\/uploads\/2022\/09\/Ankomster_2020-300x146.png 300w\" sizes=\"(max-width: 750px) 100vw, 750px\" \/>\t\t\t\t\t\t\t\t\t\t\t\t\t\t\t<\/div>\n\t\t\t\t<\/div>\n\t\t\t\t\t<\/div>\n\t\t<\/div>\n\t\t\t\t\t<\/div>\n\t\t<\/section>\n\t\t\t\t<section class=\"elementor-section elementor-top-section elementor-element elementor-element-981d9f0 elementor-section-boxed elementor-section-height-default elementor-section-height-default\" data-id=\"981d9f0\" data-element_type=\"section\" data-e-type=\"section\">\n\t\t\t\t\t\t<div class=\"elementor-container elementor-column-gap-default\">\n\t\t\t\t\t<div class=\"elementor-column elementor-col-50 elementor-top-column elementor-element elementor-element-9aa435e\" data-id=\"9aa435e\" data-element_type=\"column\" data-e-type=\"column\">\n\t\t\t<div class=\"elementor-widget-wrap elementor-element-populated\">\n\t\t\t\t\t\t<div class=\"elementor-element elementor-element-5e4086a elementor-widget elementor-widget-heading\" data-id=\"5e4086a\" data-element_type=\"widget\" data-e-type=\"widget\" data-widget_type=\"heading.default\">\n\t\t\t\t<div class=\"elementor-widget-container\">\n\t\t\t\t\t<h2 class=\"elementor-heading-title elementor-size-default\">Hvor kommer asyls\u00f8kerne fra?<\/h2>\t\t\t\t<\/div>\n\t\t\t\t<\/div>\n\t\t\t\t<div class=\"elementor-element elementor-element-836bd8c elementor-widget elementor-widget-image\" data-id=\"836bd8c\" data-element_type=\"widget\" data-e-type=\"widget\" data-widget_type=\"image.default\">\n\t\t\t\t<div class=\"elementor-widget-container\">\n\t\t\t\t\t\t\t\t\t\t\t\t\t\t\t<img decoding=\"async\" width=\"787\" height=\"620\" src=\"https:\/\/noas.no\/riketstilstand\/wp-content\/uploads\/2023\/05\/Hvor-kommer-asylsokerne-fra.png\" class=\"attachment-large size-large wp-image-7290\" alt=\"\" srcset=\"https:\/\/noas.no\/riketstilstand\/wp-content\/uploads\/2023\/05\/Hvor-kommer-asylsokerne-fra.png 787w, https:\/\/noas.no\/riketstilstand\/wp-content\/uploads\/2023\/05\/Hvor-kommer-asylsokerne-fra-300x236.png 300w, https:\/\/noas.no\/riketstilstand\/wp-content\/uploads\/2023\/05\/Hvor-kommer-asylsokerne-fra-768x605.png 768w\" sizes=\"(max-width: 787px) 100vw, 787px\" \/>\t\t\t\t\t\t\t\t\t\t\t\t\t\t\t<\/div>\n\t\t\t\t<\/div>\n\t\t\t\t\t<\/div>\n\t\t<\/div>\n\t\t\t\t<div class=\"elementor-column elementor-col-50 elementor-top-column elementor-element elementor-element-546b37f\" data-id=\"546b37f\" data-element_type=\"column\" data-e-type=\"column\">\n\t\t\t<div class=\"elementor-widget-wrap elementor-element-populated\">\n\t\t\t\t\t\t<div class=\"elementor-element elementor-element-529b1f6 elementor-widget elementor-widget-heading\" data-id=\"529b1f6\" data-element_type=\"widget\" data-e-type=\"widget\" data-widget_type=\"heading.default\">\n\t\t\t\t<div class=\"elementor-widget-container\">\n\t\t\t\t\t<h4 class=\"elementor-heading-title elementor-size-default\">Flest fra Syria<\/h4>\t\t\t\t<\/div>\n\t\t\t\t<\/div>\n\t\t\t\t<div class=\"elementor-element elementor-element-bf9edd6 elementor-widget elementor-widget-text-editor\" data-id=\"bf9edd6\" data-element_type=\"widget\" data-e-type=\"widget\" data-widget_type=\"text-editor.default\">\n\t\t\t\t<div class=\"elementor-widget-container\">\n\t\t\t\t\t\t\t\t\t<p>Litt over halvparten av asyls\u00f8kerne som kom til Norge i 2020 var kvinner og barn.<\/p>\n<p>Den klart st\u00f8rste gruppen asyls\u00f8kere kom fra <a href=\"https:\/\/noas.no\/riketstilstand\/2021-2\/landprofiler\/syria\/\">Syria<\/a>, etterfulgt av <a href=\"https:\/\/noas.no\/riketstilstand\/2021-2\/landprofiler\/eritrea\/\">eritreere<\/a>. De langt fleste i begge grupper f\u00e5r beskyttelse i Norge. &nbsp;<\/p>\n<p>76 % prosent av asyls\u00f8kerne f\u00e5r oppholdstillatelse i Norge, de langt fleste av beskyttelsesgrunner.<\/p>\t\t\t\t\t\t\t\t<\/div>\n\t\t\t\t<\/div>\n\t\t\t\t<div class=\"elementor-element elementor-element-dbb6e59 elementor-widget elementor-widget-image\" data-id=\"dbb6e59\" data-element_type=\"widget\" data-e-type=\"widget\" data-widget_type=\"image.default\">\n\t\t\t\t<div class=\"elementor-widget-container\">\n\t\t\t\t\t\t\t\t\t\t\t\t\t\t\t<img decoding=\"async\" width=\"1024\" height=\"643\" src=\"https:\/\/noas.no\/riketstilstand\/wp-content\/uploads\/2023\/05\/Antall-kvinner-menn-og-barn-1024x643.png\" class=\"attachment-large size-large wp-image-7293\" alt=\"\" srcset=\"https:\/\/noas.no\/riketstilstand\/wp-content\/uploads\/2023\/05\/Antall-kvinner-menn-og-barn-1024x643.png 1024w, https:\/\/noas.no\/riketstilstand\/wp-content\/uploads\/2023\/05\/Antall-kvinner-menn-og-barn-300x188.png 300w, https:\/\/noas.no\/riketstilstand\/wp-content\/uploads\/2023\/05\/Antall-kvinner-menn-og-barn-768x482.png 768w, https:\/\/noas.no\/riketstilstand\/wp-content\/uploads\/2023\/05\/Antall-kvinner-menn-og-barn.png 1134w\" sizes=\"(max-width: 1024px) 100vw, 1024px\" \/>\t\t\t\t\t\t\t\t\t\t\t\t\t\t\t<\/div>\n\t\t\t\t<\/div>\n\t\t\t\t\t<\/div>\n\t\t<\/div>\n\t\t\t\t\t<\/div>\n\t\t<\/section>\n\t\t\t\t<section class=\"elementor-section elementor-top-section elementor-element elementor-element-55df97c elementor-section-boxed elementor-section-height-default elementor-section-height-default\" data-id=\"55df97c\" data-element_type=\"section\" data-e-type=\"section\">\n\t\t\t\t\t\t<div class=\"elementor-container elementor-column-gap-default\">\n\t\t\t\t\t<div class=\"elementor-column elementor-col-50 elementor-top-column elementor-element elementor-element-81a1fb6\" data-id=\"81a1fb6\" data-element_type=\"column\" data-e-type=\"column\">\n\t\t\t<div class=\"elementor-widget-wrap elementor-element-populated\">\n\t\t\t\t\t\t<div class=\"elementor-element elementor-element-b730428 elementor-widget elementor-widget-heading\" data-id=\"b730428\" data-element_type=\"widget\" data-e-type=\"widget\" data-widget_type=\"heading.default\">\n\t\t\t\t<div class=\"elementor-widget-container\">\n\t\t\t\t\t<h2 class=\"elementor-heading-title elementor-size-default\">Hvem f\u00e5r bli?<\/h2>\t\t\t\t<\/div>\n\t\t\t\t<\/div>\n\t\t\t\t<div class=\"elementor-element elementor-element-2aa93fa elementor-widget elementor-widget-image\" data-id=\"2aa93fa\" data-element_type=\"widget\" data-e-type=\"widget\" data-widget_type=\"image.default\">\n\t\t\t\t<div class=\"elementor-widget-container\">\n\t\t\t\t\t\t\t\t\t\t\t\t\t\t\t<img loading=\"lazy\" decoding=\"async\" width=\"629\" height=\"615\" src=\"https:\/\/noas.no\/riketstilstand\/wp-content\/uploads\/2023\/05\/Oppholdavslag.png\" class=\"attachment-large size-large wp-image-7292\" alt=\"\" srcset=\"https:\/\/noas.no\/riketstilstand\/wp-content\/uploads\/2023\/05\/Oppholdavslag.png 629w, https:\/\/noas.no\/riketstilstand\/wp-content\/uploads\/2023\/05\/Oppholdavslag-300x293.png 300w\" sizes=\"(max-width: 629px) 100vw, 629px\" \/>\t\t\t\t\t\t\t\t\t\t\t\t\t\t\t<\/div>\n\t\t\t\t<\/div>\n\t\t\t\t\t<\/div>\n\t\t<\/div>\n\t\t\t\t<div class=\"elementor-column elementor-col-50 elementor-top-column elementor-element elementor-element-4fbd1db\" data-id=\"4fbd1db\" data-element_type=\"column\" data-e-type=\"column\">\n\t\t\t<div class=\"elementor-widget-wrap elementor-element-populated\">\n\t\t\t\t\t\t<div class=\"elementor-element elementor-element-7fb484c elementor-widget elementor-widget-heading\" data-id=\"7fb484c\" data-element_type=\"widget\" data-e-type=\"widget\" data-widget_type=\"heading.default\">\n\t\t\t\t<div class=\"elementor-widget-container\">\n\t\t\t\t\t<h2 class=\"elementor-heading-title elementor-size-default\">\nInnvilgelser per land:\n<\/h2>\t\t\t\t<\/div>\n\t\t\t\t<\/div>\n\t\t\t\t<div class=\"elementor-element elementor-element-f749797 elementor-widget elementor-widget-image\" data-id=\"f749797\" data-element_type=\"widget\" data-e-type=\"widget\" data-widget_type=\"image.default\">\n\t\t\t\t<div class=\"elementor-widget-container\">\n\t\t\t\t\t\t\t\t\t\t\t\t\t\t\t<img loading=\"lazy\" decoding=\"async\" width=\"1024\" height=\"253\" src=\"https:\/\/noas.no\/riketstilstand\/wp-content\/uploads\/2023\/05\/Innvilgelser-per-land-1024x253.png\" class=\"attachment-large size-large wp-image-7291\" alt=\"\" srcset=\"https:\/\/noas.no\/riketstilstand\/wp-content\/uploads\/2023\/05\/Innvilgelser-per-land-1024x253.png 1024w, https:\/\/noas.no\/riketstilstand\/wp-content\/uploads\/2023\/05\/Innvilgelser-per-land-300x74.png 300w, https:\/\/noas.no\/riketstilstand\/wp-content\/uploads\/2023\/05\/Innvilgelser-per-land-768x190.png 768w, https:\/\/noas.no\/riketstilstand\/wp-content\/uploads\/2023\/05\/Innvilgelser-per-land-1536x379.png 1536w, https:\/\/noas.no\/riketstilstand\/wp-content\/uploads\/2023\/05\/Innvilgelser-per-land.png 1722w\" sizes=\"(max-width: 1024px) 100vw, 1024px\" \/>\t\t\t\t\t\t\t\t\t\t\t\t\t\t\t<\/div>\n\t\t\t\t<\/div>\n\t\t\t\t\t<\/div>\n\t\t<\/div>\n\t\t\t\t\t<\/div>\n\t\t<\/section>\n\t\t\t\t<section class=\"elementor-section elementor-top-section elementor-element elementor-element-cf51bc7 elementor-section-boxed elementor-section-height-default elementor-section-height-default\" data-id=\"cf51bc7\" data-element_type=\"section\" data-e-type=\"section\">\n\t\t\t\t\t\t<div class=\"elementor-container elementor-column-gap-default\">\n\t\t\t\t\t<div class=\"elementor-column elementor-col-100 elementor-top-column elementor-element elementor-element-30cfae5\" data-id=\"30cfae5\" data-element_type=\"column\" data-e-type=\"column\">\n\t\t\t<div class=\"elementor-widget-wrap elementor-element-populated\">\n\t\t\t\t\t\t<div class=\"elementor-element elementor-element-75c2bdc elementor-widget elementor-widget-text-editor\" data-id=\"75c2bdc\" data-element_type=\"widget\" data-e-type=\"widget\" data-widget_type=\"text-editor.default\">\n\t\t\t\t<div class=\"elementor-widget-container\">\n\t\t\t\t\t\t\t\t\t<p>*Tallene gjelder personer som har f\u00e5tt saken sin realitetsbehandlet i Norge, og inkluderer ikke personer som har trukket s\u00f8knaden, f\u00e5tt s\u00f8knaden avvist eller blitt henvist til at de kan f\u00e5 saken behandlet i et annet land (for eksempel p\u00e5 bakgrunn av <a href=\"https:\/\/www.udi.no\/ord-og-begreper\/dublin-samarbeidet\/\">Dublin-regelverket<\/a>).<\/p>\t\t\t\t\t\t\t\t<\/div>\n\t\t\t\t<\/div>\n\t\t\t\t<div class=\"elementor-element elementor-element-f04c7ef elementor-widget elementor-widget-text-editor\" data-id=\"f04c7ef\" data-element_type=\"widget\" data-e-type=\"widget\" data-widget_type=\"text-editor.default\">\n\t\t\t\t<div class=\"elementor-widget-container\">\n\t\t\t\t\t\t\t\t\t<p><em>Tallene er hentet fra UDI:<\/em> <a href=\"https:\/\/www.udi.no\/statistikk-og-analyse\/\"><em>Statistikk og analyse &#8211; UDI<\/em><\/a><\/p>\t\t\t\t\t\t\t\t<\/div>\n\t\t\t\t<\/div>\n\t\t\t\t\t<\/div>\n\t\t<\/div>\n\t\t\t\t\t<\/div>\n\t\t<\/section>\n\t\t\t\t<\/div>\n\t\t","protected":false},"excerpt":{"rendered":"<p>Statistikk Omtrent 1400 personer s\u00f8kte beskyttelse i Norge i 2020, og 76 prosent av asyls\u00f8kerne som fikk saken behandlet fikk oppholdstillatelse. FOTO: SHUTTERSTOCK Rekordf\u00e5 asyls\u00f8kere Stengte grenser i Europa er hoved\u00e5rsaken til at antall personer som s\u00f8ker beskyttelse i Norge har v\u00e6rt rekordlavt de siste fem \u00e5rene. Norge er det landet i Europa som hadde [&hellip;]<\/p>\n","protected":false},"author":1,"featured_media":0,"parent":3011,"menu_order":0,"comment_status":"closed","ping_status":"closed","template":"","meta":{"_acf_changed":false,"site-sidebar-layout":"no-sidebar","site-content-layout":"page-builder","ast-site-content-layout":"default","site-content-style":"default","site-sidebar-style":"default","ast-global-header-display":"","ast-banner-title-visibility":"","ast-main-header-display":"","ast-hfb-above-header-display":"","ast-hfb-below-header-display":"","ast-hfb-mobile-header-display":"","site-post-title":"disabled","ast-breadcrumbs-content":"","ast-featured-img":"disabled","footer-sml-layout":"","ast-disable-related-posts":"","theme-transparent-header-meta":"default","adv-header-id-meta":"","stick-header-meta":"","header-above-stick-meta":"","header-main-stick-meta":"","header-below-stick-meta":"","astra-migrate-meta-layouts":"default","ast-page-background-enabled":"default","ast-page-background-meta":{"desktop":{"background-color":"var(--ast-global-color-4)","background-image":"","background-repeat":"repeat","background-position":"center center","background-size":"auto","background-attachment":"scroll","background-type":"","background-media":"","overlay-type":"","overlay-color":"","overlay-opacity":"","overlay-gradient":""},"tablet":{"background-color":"","background-image":"","background-repeat":"repeat","background-position":"center center","background-size":"auto","background-attachment":"scroll","background-type":"","background-media":"","overlay-type":"","overlay-color":"","overlay-opacity":"","overlay-gradient":""},"mobile":{"background-color":"","background-image":"","background-repeat":"repeat","background-position":"center center","background-size":"auto","background-attachment":"scroll","background-type":"","background-media":"","overlay-type":"","overlay-color":"","overlay-opacity":"","overlay-gradient":""}},"ast-content-background-meta":{"desktop":{"background-color":"var(--ast-global-color-5)","background-image":"","background-repeat":"repeat","background-position":"center center","background-size":"auto","background-attachment":"scroll","background-type":"","background-media":"","overlay-type":"","overlay-color":"","overlay-opacity":"","overlay-gradient":""},"tablet":{"background-color":"var(--ast-global-color-5)","background-image":"","background-repeat":"repeat","background-position":"center center","background-size":"auto","background-attachment":"scroll","background-type":"","background-media":"","overlay-type":"","overlay-color":"","overlay-opacity":"","overlay-gradient":""},"mobile":{"background-color":"var(--ast-global-color-5)","background-image":"","background-repeat":"repeat","background-position":"center center","background-size":"auto","background-attachment":"scroll","background-type":"","background-media":"","overlay-type":"","overlay-color":"","overlay-opacity":"","overlay-gradient":""}},"footnotes":""},"class_list":["post-6552","page","type-page","status-publish","hentry"],"acf":[],"_links":{"self":[{"href":"https:\/\/noas.no\/riketstilstand\/wp-json\/wp\/v2\/pages\/6552","targetHints":{"allow":["GET"]}}],"collection":[{"href":"https:\/\/noas.no\/riketstilstand\/wp-json\/wp\/v2\/pages"}],"about":[{"href":"https:\/\/noas.no\/riketstilstand\/wp-json\/wp\/v2\/types\/page"}],"author":[{"embeddable":true,"href":"https:\/\/noas.no\/riketstilstand\/wp-json\/wp\/v2\/users\/1"}],"replies":[{"embeddable":true,"href":"https:\/\/noas.no\/riketstilstand\/wp-json\/wp\/v2\/comments?post=6552"}],"version-history":[{"count":25,"href":"https:\/\/noas.no\/riketstilstand\/wp-json\/wp\/v2\/pages\/6552\/revisions"}],"predecessor-version":[{"id":7308,"href":"https:\/\/noas.no\/riketstilstand\/wp-json\/wp\/v2\/pages\/6552\/revisions\/7308"}],"up":[{"embeddable":true,"href":"https:\/\/noas.no\/riketstilstand\/wp-json\/wp\/v2\/pages\/3011"}],"wp:attachment":[{"href":"https:\/\/noas.no\/riketstilstand\/wp-json\/wp\/v2\/media?parent=6552"}],"curies":[{"name":"wp","href":"https:\/\/api.w.org\/{rel}","templated":true}]}}