{"id":6510,"date":"2022-12-08T11:51:14","date_gmt":"2022-12-08T11:51:14","guid":{"rendered":"https:\/\/noas.no\/riketstilstand\/?page_id=6510"},"modified":"2023-04-16T16:54:40","modified_gmt":"2023-04-16T16:54:40","slug":"konsekvenser-av-koronapandemien","status":"publish","type":"page","link":"https:\/\/noas.no\/riketstilstand\/2021-2\/konsekvenser-av-koronapandemien\/","title":{"rendered":"Konsekvenser av koronapandemien"},"content":{"rendered":"\t\t<div data-elementor-type=\"wp-page\" data-elementor-id=\"6510\" class=\"elementor elementor-6510\">\n\t\t\t\t\t\t<section class=\"elementor-section elementor-top-section elementor-element elementor-element-451a01a9 elementor-section-full_width elementor-section-height-full elementor-section-height-default elementor-section-items-middle\" data-id=\"451a01a9\" data-element_type=\"section\" data-e-type=\"section\" data-settings=\"{&quot;background_background&quot;:&quot;classic&quot;}\">\n\t\t\t\t\t\t\t<div class=\"elementor-background-overlay\"><\/div>\n\t\t\t\t\t\t\t<div class=\"elementor-container elementor-column-gap-default\">\n\t\t\t\t\t<div class=\"elementor-column elementor-col-100 elementor-top-column elementor-element elementor-element-56fb379f\" data-id=\"56fb379f\" data-element_type=\"column\" data-e-type=\"column\">\n\t\t\t<div class=\"elementor-widget-wrap elementor-element-populated\">\n\t\t\t\t\t\t<div class=\"elementor-element elementor-element-648502bd elementor-widget elementor-widget-heading\" data-id=\"648502bd\" data-element_type=\"widget\" data-e-type=\"widget\" data-widget_type=\"heading.default\">\n\t\t\t\t<div class=\"elementor-widget-container\">\n\t\t\t\t\t<h4 class=\"elementor-heading-title elementor-size-default\">Konsekvenser av koronapandemien\n<\/h4>\t\t\t\t<\/div>\n\t\t\t\t<\/div>\n\t\t\t\t<div class=\"elementor-element elementor-element-af26dbb elementor-widget__width-initial elementor-widget elementor-widget-text-editor\" data-id=\"af26dbb\" data-element_type=\"widget\" data-e-type=\"widget\" data-widget_type=\"text-editor.default\">\n\t\t\t\t<div class=\"elementor-widget-container\">\n\t\t\t\t\t\t\t\t\t<p><em>Koronapandemien har f\u00f8rt til ytterligere reduserte asylankomster, forsinket uttak av kvoteflyktninger, og f\u00e6rre returer til hjemlandet etter avslag.<\/em><\/p>\t\t\t\t\t\t\t\t<\/div>\n\t\t\t\t<\/div>\n\t\t\t\t\t<\/div>\n\t\t<\/div>\n\t\t\t\t\t<\/div>\n\t\t<\/section>\n\t\t\t\t<section class=\"elementor-section elementor-top-section elementor-element elementor-element-4b8c5a9c elementor-section-boxed elementor-section-height-default elementor-section-height-default\" data-id=\"4b8c5a9c\" data-element_type=\"section\" data-e-type=\"section\">\n\t\t\t\t\t\t<div class=\"elementor-container elementor-column-gap-default\">\n\t\t\t\t\t<div class=\"elementor-column elementor-col-100 elementor-top-column elementor-element elementor-element-2da0ec91\" data-id=\"2da0ec91\" data-element_type=\"column\" data-e-type=\"column\">\n\t\t\t<div class=\"elementor-widget-wrap elementor-element-populated\">\n\t\t\t\t\t\t<div class=\"elementor-element elementor-element-dd42ebb elementor-widget elementor-widget-text-editor\" data-id=\"dd42ebb\" data-element_type=\"widget\" data-e-type=\"widget\" data-widget_type=\"text-editor.default\">\n\t\t\t\t<div class=\"elementor-widget-container\">\n\t\t\t\t\t\t\t\t\t<p><em>FOTO: SHUTTERSTOCK<\/em><\/p>\t\t\t\t\t\t\t\t<\/div>\n\t\t\t\t<\/div>\n\t\t\t\t\t<\/div>\n\t\t<\/div>\n\t\t\t\t\t<\/div>\n\t\t<\/section>\n\t\t\t\t<section class=\"elementor-section elementor-top-section elementor-element elementor-element-75e6b598 elementor-section-boxed elementor-section-height-default elementor-section-height-default\" data-id=\"75e6b598\" data-element_type=\"section\" data-e-type=\"section\">\n\t\t\t\t\t\t<div class=\"elementor-container elementor-column-gap-default\">\n\t\t\t\t\t<div class=\"elementor-column elementor-col-25 elementor-top-column elementor-element elementor-element-6a838378\" data-id=\"6a838378\" data-element_type=\"column\" data-e-type=\"column\">\n\t\t\t<div class=\"elementor-widget-wrap elementor-element-populated\">\n\t\t\t\t\t\t<div class=\"elementor-element elementor-element-f5fc822 elementor-widget elementor-widget-text-editor\" data-id=\"f5fc822\" data-element_type=\"widget\" data-e-type=\"widget\" data-widget_type=\"text-editor.default\">\n\t\t\t\t<div class=\"elementor-widget-container\">\n\t\t\t\t\t\t\t\t\t<div class=\"col sqs-col-3 span-3\"><div id=\"block-abc1cf7f494e5702d1c0\" class=\"sqs-block quote-block sqs-block-quote null\" data-block-type=\"31\"><div class=\"sqs-block-content\"><figure class=\"block-animation-none\"><div id=\"page-body-wrapper\" class=\"full-width\"><div id=\"page-body\"><div id=\"content-wrapper\"><div id=\"content\"><div class=\"main-content\" data-content-field=\"main-content\" data-collection-id=\"62f2bf58b749a7425be23a91\" data-edit-main-image=\"Page Banner\"><div id=\"page-62f2bf58b749a7425be23a91\" class=\"sqs-layout sqs-grid-12 columns-12\" data-type=\"page\" data-updated-on=\"1660265189390\"><div class=\"row sqs-row\"><div class=\"col sqs-col-12 span-12\"><div class=\"row sqs-row\"><div class=\"col sqs-col-3 span-3\"><div id=\"block-f80a79ee62891752ba5d\" class=\"sqs-block quote-block sqs-block-quote null\" data-block-type=\"31\"><div class=\"sqs-block-content\"><figure class=\"block-animation-none\"><div class=\"col sqs-col-3 span-3\"><div id=\"block-6b80aa8275b668cf3847\" class=\"sqs-block quote-block sqs-block-quote null\" data-block-type=\"31\"><div class=\"sqs-block-content\"><figure class=\"block-animation-none\"><em>\u201cI 2020 kom det under 1400 asyls\u00f8kere til Norge. \u201d<\/em><\/figure><\/div><\/div><\/div><div id=\"yui_3_17_2_1_1663036341152_74\" class=\"col sqs-col-6 span-6\"><div id=\"block-be054a565e6c1e62ca40\" class=\"sqs-block html-block sqs-block-html\" data-block-type=\"2\"><div class=\"sqs-block-content\">\u00a0<\/div><\/div><\/div><\/figure><\/div><\/div><\/div><\/div><\/div><\/div><\/div><\/div><\/div><\/div><\/div><\/div><blockquote data-animation-role=\"quote\"><div id=\"page-body-wrapper\" class=\"full-width\"><div id=\"page-body\"><div id=\"content-wrapper\"><div id=\"content\"><div id=\"page-body-footer\" class=\"extra-wrapper\"><div id=\"page-footer-62f2bf58b749a7425be23a91\" class=\"sqs-layout sqs-grid-12 columns-12 empty\" data-layout-label=\"Barns beste, foreldres synder og urimelig juss Footer Content\" data-type=\"block-field\"><div class=\"row sqs-row\"><div class=\"col sqs-col-12 span-12\">\u00a0<\/div><\/div><\/div><\/div><\/div><\/div><div id=\"body-clearer\" class=\"clearer\">\u00a0<\/div><\/div><\/div><div id=\"page-footer-wrapper\"><div id=\"page-footer\"><div id=\"footer-blocks\" class=\"sqs-layout sqs-grid-12 columns-12\" data-layout-label=\"Footer Content\" data-type=\"block-field\" data-updated-on=\"1660587613512\"><div id=\"yui_3_17_2_1_1662945310240_76\" class=\"row sqs-row\"><div id=\"yui_3_17_2_1_1662945310240_75\" class=\"col sqs-col-3 span-3\"><div id=\"block-yui_3_17_2_1_1660077840242_34376\" class=\"sqs-block spacer-block sqs-block-spacer\" data-aspect-ratio=\"5.445544554455446\" data-block-type=\"21\"><div id=\"yui_3_17_2_1_1662945310240_101\" class=\"sqs-block-content sqs-intrinsic\">\u00a0<\/div><\/div><div id=\"block-yui_3_17_2_110_1496042355005_15969\" class=\"sqs-block image-block sqs-block-image sqs-text-ready\" data-aspect-ratio=\"15.594059405940595\" data-block-type=\"5\"><div id=\"yui_3_17_2_1_1662945310240_74\" class=\"sqs-block-content\"><div id=\"yui_3_17_2_1_1662945310240_73\" class=\"image-block-outer-wrapper layout-caption-below design-layout-inline combination-animation-none individual-animation-none individual-text-animation-none sqs-narrow-width\" data-test=\"image-block-inline-outer-wrapper\"><figure id=\"yui_3_17_2_1_1662945310240_72\" class=\" sqs-block-image-figure intrinsic \"><div id=\"yui_3_17_2_1_1662945310240_70\" class=\"image-block-wrapper\" data-animation-role=\"image\"><div id=\"yui_3_17_2_1_1662945310240_69\" class=\"sqs-image-shape-container-element has-aspect-ratio \">\u00a0<\/div><\/div><\/figure><\/div><\/div><\/div><\/div><\/div><\/div><\/div><\/div><\/blockquote><\/figure><\/div><\/div><\/div><div class=\"col sqs-col-6 span-6\"><div id=\"block-734f054f8bd1ffbd58c8\" class=\"sqs-block spacer-block sqs-block-spacer sized vsize-1\" data-block-type=\"21\"><div class=\"sqs-block-content\">\u00a0<\/div><\/div><div id=\"block-2bab7b18f4b4d2f1f87c\" class=\"sqs-block html-block sqs-block-html\" data-block-type=\"2\"><div class=\"sqs-block-content\">\u00a0<\/div><\/div><\/div>\t\t\t\t\t\t\t\t<\/div>\n\t\t\t\t<\/div>\n\t\t\t\t\t<\/div>\n\t\t<\/div>\n\t\t\t\t<div class=\"elementor-column elementor-col-50 elementor-top-column elementor-element elementor-element-6b0bf490\" data-id=\"6b0bf490\" data-element_type=\"column\" data-e-type=\"column\">\n\t\t\t<div class=\"elementor-widget-wrap elementor-element-populated\">\n\t\t\t\t\t\t<div class=\"elementor-element elementor-element-6d28f7e elementor-widget elementor-widget-heading\" data-id=\"6d28f7e\" data-element_type=\"widget\" data-e-type=\"widget\" data-widget_type=\"heading.default\">\n\t\t\t\t<div class=\"elementor-widget-container\">\n\t\t\t\t\t<h2 class=\"elementor-heading-title elementor-size-default\"><b>Rekordlave asylankomster og f\u00e6rre kvoteflyktninger\n<\/b><\/h2>\t\t\t\t<\/div>\n\t\t\t\t<\/div>\n\t\t\t\t<div class=\"elementor-element elementor-element-cef4d47 elementor-widget elementor-widget-text-editor\" data-id=\"cef4d47\" data-element_type=\"widget\" data-e-type=\"widget\" data-widget_type=\"text-editor.default\">\n\t\t\t\t<div class=\"elementor-widget-container\">\n\t\t\t\t\t\t\t\t\t<p>I 2020 kom det under 1400 asyls\u00f8kere til Norge. Europas <a href=\"https:\/\/noas.no\/riketstilstand\/2019-2\/stengte-grenser-i-europa\/\">stengte grenser<\/a> har f\u00f8rt til rekordlave ankomster de siste \u00e5rene, og koronapandemien har bidratt til <a href=\"https:\/\/www.udi.no\/aktuelt\/koronaen-halverer-antall-asylsokere\/\">ytterligere reduksjon<\/a>. I januar og februar ble det registrert over 40 asyls\u00f8kere i snitt per uke, mens under ti asyls\u00f8kere ble registrert i uken i april og mai. I slutten av 2020 <a href=\"https:\/\/www.udi.no\/aktuelt\/under-to-tusen-beboere-i-mottak\/\">rapporterte UDI<\/a> at det for f\u00f8rste gang siden 1997 bodde under to tusen beboere i asylmottak.<\/p><p>Stortinget bestemte at 3000 <a href=\"https:\/\/www.riketstilstand.noas.no\/2019\/kvoteflyktninger-og-relokaliserte-asylskere\">kvoteflyktninger<\/a> skulle komme til Norge i 2020. <a href=\"https:\/\/www.udi.no\/aktuelt\/intervjuer-flyktninger-i-libya-via-teams\/\">P\u00e5 grunn av pandemien<\/a> kom <a href=\"https:\/\/www.udi.no\/statistikk-og-analyse\/statistikk\/overforingsflyktninger-etter-statsborgerskap-innvilgelser-og-ankomster-2020\/\">kun omkring halvparten<\/a> av dette antallet flyktninger til Norge i l\u00f8pet av \u00e5ret.<\/p>\t\t\t\t\t\t\t\t<\/div>\n\t\t\t\t<\/div>\n\t\t\t\t<div class=\"elementor-element elementor-element-42545a62 elementor-widget elementor-widget-heading\" data-id=\"42545a62\" data-element_type=\"widget\" data-e-type=\"widget\" data-widget_type=\"heading.default\">\n\t\t\t\t<div class=\"elementor-widget-container\">\n\t\t\t\t\t<h2 class=\"elementor-heading-title elementor-size-default\"><b>Endringer i regelverk og rutiner\n<\/b><\/h2>\t\t\t\t<\/div>\n\t\t\t\t<\/div>\n\t\t\t\t<div class=\"elementor-element elementor-element-a0f8a95 elementor-widget elementor-widget-text-editor\" data-id=\"a0f8a95\" data-element_type=\"widget\" data-e-type=\"widget\" data-widget_type=\"text-editor.default\">\n\t\t\t\t<div class=\"elementor-widget-container\">\n\t\t\t\t\t\t\t\t\t<p><a href=\"https:\/\/www.udi.no\/aktuelt\/ny-forskrift-om-bortvisning-av-utlendinger-uten-oppholdstillatelse\/\">Innreiserestriksjoner<\/a> har blitt innf\u00f8rt for en rekke grupper under pandemien. Mennesker som s\u00f8ker beskyttelse, har i tr\u00e5d med menneskerettighetene beholdt retten til innreise. <\/p><p>Asyls\u00f8kere blir etter innreise satt i karantene i Nasjonalt ankomstsenter eller i transittmottak for enslige mindre\u00e5rige asyls\u00f8kere p\u00e5 Mysebu, og testes for covid-19. I tillegg til egen karantenesone, er teltsalen i senteret delt opp for \u00e5 etablere kohorter. Personer med symptomer p\u00e5 covid-19 og personer med eventuell p\u00e5vist covid-19 og deres n\u00e6rkontakter, plasseres i isolasjonsrom eller i isolat i midlertidige boenheter i vogner utenfor ankomstsenteret.<\/p><p>UDI har <a href=\"https:\/\/www.udi.no\/aktuelt\/koronaberedskap-i-asylmottak\/\">utvidet antall plasser<\/a> i ordin\u00e6re asylmottak for \u00e5 gi bedre plass til beboere, som oftest m\u00e5 dele rom, og forebygge smitte. Med unntak av et st\u00f8rre utbrudd p\u00e5 <a href=\"https:\/\/www.nrk.no\/innlandet\/kommunalkomiteen-mener-nedstenging-og-flytting-av-asylmottak-ma-stanses-under-koronapandemien-1.15255744\">asylmottaket i Vinstra<\/a>, har det if\u00f8lge UDI v\u00e6rt lite smittespredning p\u00e5 mottak.<\/p>\t\t\t\t\t\t\t\t<\/div>\n\t\t\t\t<\/div>\n\t\t\t\t\t<\/div>\n\t\t<\/div>\n\t\t\t\t<div class=\"elementor-column elementor-col-25 elementor-top-column elementor-element elementor-element-396a1af6\" data-id=\"396a1af6\" data-element_type=\"column\" data-e-type=\"column\">\n\t\t\t<div class=\"elementor-widget-wrap\">\n\t\t\t\t\t\t\t<\/div>\n\t\t<\/div>\n\t\t\t\t\t<\/div>\n\t\t<\/section>\n\t\t\t\t<section class=\"elementor-section elementor-top-section elementor-element elementor-element-981d9f0 elementor-section-boxed elementor-section-height-default elementor-section-height-default\" data-id=\"981d9f0\" data-element_type=\"section\" data-e-type=\"section\">\n\t\t\t\t\t\t<div class=\"elementor-container elementor-column-gap-default\">\n\t\t\t\t\t<div class=\"elementor-column elementor-col-25 elementor-top-column elementor-element elementor-element-f5133ac\" data-id=\"f5133ac\" data-element_type=\"column\" data-e-type=\"column\">\n\t\t\t<div class=\"elementor-widget-wrap\">\n\t\t\t\t\t\t\t<\/div>\n\t\t<\/div>\n\t\t\t\t<div class=\"elementor-column elementor-col-50 elementor-top-column elementor-element elementor-element-546b37f\" data-id=\"546b37f\" data-element_type=\"column\" data-e-type=\"column\">\n\t\t\t<div class=\"elementor-widget-wrap elementor-element-populated\">\n\t\t\t\t\t\t<div class=\"elementor-element elementor-element-5e4086a elementor-widget elementor-widget-heading\" data-id=\"5e4086a\" data-element_type=\"widget\" data-e-type=\"widget\" data-widget_type=\"heading.default\">\n\t\t\t\t<div class=\"elementor-widget-container\">\n\t\t\t\t\t<h2 class=\"elementor-heading-title elementor-size-default\"><b>Forsinket saksbehandling<\/b><\/h2>\t\t\t\t<\/div>\n\t\t\t\t<\/div>\n\t\t\t\t<div class=\"elementor-element elementor-element-bf9edd6 elementor-widget elementor-widget-text-editor\" data-id=\"bf9edd6\" data-element_type=\"widget\" data-e-type=\"widget\" data-widget_type=\"text-editor.default\">\n\t\t\t\t<div class=\"elementor-widget-container\">\n\t\t\t\t\t\t\t\t\t<p>Under nedstengningen i mars 2020, <a href=\"https:\/\/www.udi.no\/aktuelt\/udi-har-startet-med-asylintervju-igjen\/\">stoppet UDI asylintervjuer<\/a> en periode. Intervjuene ble deretter gjenopptatt via Skype\/Teams. UDI gjennomf\u00f8rer <a href=\"https:\/\/www.udi.no\/ord-og-begreper\/ventetider-for-de-som-har-sokt-om-beskyttelse-asyl\/?c=syr#link-10668\">fortsatt asylintervjuer digitalt<\/a>, for \u00e5 unng\u00e5 reising og \u00f8kt smitterisiko ved kontakt b\u00e5de for s\u00f8kere, ansatte og tolker. Begrensninger i hvor mange intervjuer som kan gjennomf\u00f8res samtidig, har f\u00f8rt til lengre saksbehandlingstid for mange saker i UDI.<\/p><p>Klagesaksbehandlingen i UNE har i mindre grad blitt p\u00e5virket, siden de langt fleste saker avgj\u00f8res uten personlig fremm\u00f8te. Det er ogs\u00e5 innf\u00f8rt mulighet til \u00e5 avholde nemndm\u00f8ter i UNE som <a href=\"https:\/\/lovdata.no\/lov\/2008-05-15-35\/\u00a779b\">digitale m\u00f8ter<\/a>.<\/p>\t\t\t\t\t\t\t\t<\/div>\n\t\t\t\t<\/div>\n\t\t\t\t<div class=\"elementor-element elementor-element-a49a4a5 elementor-widget elementor-widget-heading\" data-id=\"a49a4a5\" data-element_type=\"widget\" data-e-type=\"widget\" data-widget_type=\"heading.default\">\n\t\t\t\t<div class=\"elementor-widget-container\">\n\t\t\t\t\t<h2 class=\"elementor-heading-title elementor-size-default\"><b>Vanskeligere familiegjenforening\n<\/b><\/h2>\t\t\t\t<\/div>\n\t\t\t\t<\/div>\n\t\t\t\t<div class=\"elementor-element elementor-element-97dc79c elementor-widget elementor-widget-text-editor\" data-id=\"97dc79c\" data-element_type=\"widget\" data-e-type=\"widget\" data-widget_type=\"text-editor.default\">\n\t\t\t\t<div class=\"elementor-widget-container\">\n\t\t\t\t\t\t\t\t\t<p>Flyktninger i Norge m\u00e5 betale et h\u00f8yt s\u00f8knadsgebyr\u00a0 og s\u00f8ke innen strenge frister for \u00e5 kunne bli gjenforent med familien uten inntektskrav. Ellers gjelder et inntektskrav som personen i Norge m\u00e5 oppfylle for at familiemedlemmer i hjemlandet skal kunne komme hit. B\u00e5de tidligere og fremtidig inntekt m\u00e5 dokumenteres. Dagpenger som gis ved permittering regnes med n\u00e5r UDI vurderer om kravet til tidligere inntekt er n\u00e5dd. Men dagpenger regnes ikke med i vurderingen av om kravet til inntekt i fremtiden er n\u00e5dd. Det gj\u00f8res ikke unntak for personer som har blitt permittert p\u00e5 grunn av koronapandemien. Er du permittert tilfredsstiller du ikke kravet til fremtidig inntekt, og s\u00f8knaden om familiegjenforening avsl\u00e5s.<\/p><p>Manglende mulighet til familiegjenforening har alvorlige konsekvenser. Familier, som ofte allerede har v\u00e6rt splittet i lang tid, forblir adskilte enda lenger.<\/p>\t\t\t\t\t\t\t\t<\/div>\n\t\t\t\t<\/div>\n\t\t\t\t<div class=\"elementor-element elementor-element-601c289 elementor-widget elementor-widget-heading\" data-id=\"601c289\" data-element_type=\"widget\" data-e-type=\"widget\" data-widget_type=\"heading.default\">\n\t\t\t\t<div class=\"elementor-widget-container\">\n\t\t\t\t\t<h2 class=\"elementor-heading-title elementor-size-default\"><b>F\u00e6rre returer\n<\/b><\/h2>\t\t\t\t<\/div>\n\t\t\t\t<\/div>\n\t\t\t\t<div class=\"elementor-element elementor-element-f04c7ef elementor-widget elementor-widget-text-editor\" data-id=\"f04c7ef\" data-element_type=\"widget\" data-e-type=\"widget\" data-widget_type=\"text-editor.default\">\n\t\t\t\t<div class=\"elementor-widget-container\">\n\t\t\t\t\t\t\t\t\t<p>Koronapandemien har redusert antall returer til hjemlandet etter avslag. I <a href=\"https:\/\/www.politiet.no\/globalassets\/04-aktuelt-tall-og-fakta\/uttransporteringer\/arsstatistikker-2012-19\/uttransporteringer-2019.pdf\">2019 ble 358<\/a> personer som hadde s\u00f8kt asyl i Norge tvangssendt ut av Norge, mens tallet for <a href=\"https:\/\/www.politiet.no\/globalassets\/04-aktuelt-tall-og-fakta\/uttransporteringer\/2020\/manedsstatistikk-desember-2020.pdf\">2020 var 112<\/a>.<\/p><p>Antall assisterte returer ble <a href=\"https:\/\/www.udi.no\/statistikk-og-analyse\/statistikk\/?year=0&amp;filter=7\">omtrent halvert<\/a> i 2020 sammenlignet med \u00e5ret f\u00f8r, til i overkant av 100 (tallet gjelder alle utlendinger som reiste assistert, ikke kun personer som tidligere har s\u00f8kt asyl i Norge).<\/p><p>Personer som har f\u00e5tt avslag p\u00e5 asyls\u00f8knaden kan f\u00e5 <a href=\"https:\/\/www.une.no\/saken-din\/har-du-fatt-beskjed-om-aa-reise-fra-norge\/\">utsatt fristen for utreise<\/a>, dersom pandemien hindrer retur til hjemlandet.<\/p><p>\u00a0<\/p>\t\t\t\t\t\t\t\t<\/div>\n\t\t\t\t<\/div>\n\t\t\t\t\t<\/div>\n\t\t<\/div>\n\t\t\t\t<div class=\"elementor-column elementor-col-25 elementor-top-column elementor-element elementor-element-9aa435e\" data-id=\"9aa435e\" data-element_type=\"column\" data-e-type=\"column\">\n\t\t\t<div class=\"elementor-widget-wrap\">\n\t\t\t\t\t\t\t<\/div>\n\t\t<\/div>\n\t\t\t\t\t<\/div>\n\t\t<\/section>\n\t\t\t\t<\/div>\n\t\t","protected":false},"excerpt":{"rendered":"<p>Konsekvenser av koronapandemien Koronapandemien har f\u00f8rt til ytterligere reduserte asylankomster, forsinket uttak av kvoteflyktninger, og f\u00e6rre returer til hjemlandet etter avslag. FOTO: SHUTTERSTOCK \u201cI 2020 kom det under 1400 asyls\u00f8kere til Norge. \u201d \u00a0 \u00a0\u00a0\u00a0 \u00a0 \u00a0\u00a0 Rekordlave asylankomster og f\u00e6rre kvoteflyktninger I 2020 kom det under 1400 asyls\u00f8kere til Norge. Europas stengte grenser har [&hellip;]<\/p>\n","protected":false},"author":1,"featured_media":0,"parent":3011,"menu_order":0,"comment_status":"closed","ping_status":"closed","template":"","meta":{"_acf_changed":false,"site-sidebar-layout":"no-sidebar","site-content-layout":"page-builder","ast-site-content-layout":"default","site-content-style":"default","site-sidebar-style":"default","ast-global-header-display":"","ast-banner-title-visibility":"","ast-main-header-display":"","ast-hfb-above-header-display":"","ast-hfb-below-header-display":"","ast-hfb-mobile-header-display":"","site-post-title":"disabled","ast-breadcrumbs-content":"","ast-featured-img":"disabled","footer-sml-layout":"","ast-disable-related-posts":"","theme-transparent-header-meta":"default","adv-header-id-meta":"","stick-header-meta":"","header-above-stick-meta":"","header-main-stick-meta":"","header-below-stick-meta":"","astra-migrate-meta-layouts":"default","ast-page-background-enabled":"default","ast-page-background-meta":{"desktop":{"background-color":"var(--ast-global-color-4)","background-image":"","background-repeat":"repeat","background-position":"center center","background-size":"auto","background-attachment":"scroll","background-type":"","background-media":"","overlay-type":"","overlay-color":"","overlay-opacity":"","overlay-gradient":""},"tablet":{"background-color":"","background-image":"","background-repeat":"repeat","background-position":"center center","background-size":"auto","background-attachment":"scroll","background-type":"","background-media":"","overlay-type":"","overlay-color":"","overlay-opacity":"","overlay-gradient":""},"mobile":{"background-color":"","background-image":"","background-repeat":"repeat","background-position":"center center","background-size":"auto","background-attachment":"scroll","background-type":"","background-media":"","overlay-type":"","overlay-color":"","overlay-opacity":"","overlay-gradient":""}},"ast-content-background-meta":{"desktop":{"background-color":"var(--ast-global-color-5)","background-image":"","background-repeat":"repeat","background-position":"center center","background-size":"auto","background-attachment":"scroll","background-type":"","background-media":"","overlay-type":"","overlay-color":"","overlay-opacity":"","overlay-gradient":""},"tablet":{"background-color":"var(--ast-global-color-5)","background-image":"","background-repeat":"repeat","background-position":"center center","background-size":"auto","background-attachment":"scroll","background-type":"","background-media":"","overlay-type":"","overlay-color":"","overlay-opacity":"","overlay-gradient":""},"mobile":{"background-color":"var(--ast-global-color-5)","background-image":"","background-repeat":"repeat","background-position":"center center","background-size":"auto","background-attachment":"scroll","background-type":"","background-media":"","overlay-type":"","overlay-color":"","overlay-opacity":"","overlay-gradient":""}},"footnotes":""},"class_list":["post-6510","page","type-page","status-publish","hentry"],"acf":[],"_links":{"self":[{"href":"https:\/\/noas.no\/riketstilstand\/wp-json\/wp\/v2\/pages\/6510","targetHints":{"allow":["GET"]}}],"collection":[{"href":"https:\/\/noas.no\/riketstilstand\/wp-json\/wp\/v2\/pages"}],"about":[{"href":"https:\/\/noas.no\/riketstilstand\/wp-json\/wp\/v2\/types\/page"}],"author":[{"embeddable":true,"href":"https:\/\/noas.no\/riketstilstand\/wp-json\/wp\/v2\/users\/1"}],"replies":[{"embeddable":true,"href":"https:\/\/noas.no\/riketstilstand\/wp-json\/wp\/v2\/comments?post=6510"}],"version-history":[{"count":7,"href":"https:\/\/noas.no\/riketstilstand\/wp-json\/wp\/v2\/pages\/6510\/revisions"}],"predecessor-version":[{"id":6867,"href":"https:\/\/noas.no\/riketstilstand\/wp-json\/wp\/v2\/pages\/6510\/revisions\/6867"}],"up":[{"embeddable":true,"href":"https:\/\/noas.no\/riketstilstand\/wp-json\/wp\/v2\/pages\/3011"}],"wp:attachment":[{"href":"https:\/\/noas.no\/riketstilstand\/wp-json\/wp\/v2\/media?parent=6510"}],"curies":[{"name":"wp","href":"https:\/\/api.w.org\/{rel}","templated":true}]}}