{"id":5928,"date":"2022-09-06T21:08:35","date_gmt":"2022-09-06T21:08:35","guid":{"rendered":"https:\/\/noas.no\/riketstilstand\/kommentar-2\/"},"modified":"2022-09-23T12:47:20","modified_gmt":"2022-09-23T12:47:20","slug":"kommentar","status":"publish","type":"page","link":"https:\/\/noas.no\/riketstilstand\/2021-2\/kommentar\/","title":{"rendered":"Kommentar 2021"},"content":{"rendered":"\t\t<div data-elementor-type=\"wp-page\" data-elementor-id=\"5928\" class=\"elementor elementor-5928\">\n\t\t\t\t\t\t<section class=\"elementor-section elementor-top-section elementor-element elementor-element-b9fc871 elementor-section-full_width elementor-section-height-full elementor-section-stretched elementor-section-height-default elementor-section-items-middle\" data-id=\"b9fc871\" data-element_type=\"section\" data-e-type=\"section\" data-settings=\"{&quot;background_background&quot;:&quot;classic&quot;,&quot;stretch_section&quot;:&quot;section-stretched&quot;}\">\n\t\t\t\t\t\t\t<div class=\"elementor-background-overlay\"><\/div>\n\t\t\t\t\t\t\t<div class=\"elementor-container elementor-column-gap-default\">\n\t\t\t\t\t<div class=\"elementor-column elementor-col-100 elementor-top-column elementor-element elementor-element-bc860e7\" data-id=\"bc860e7\" data-element_type=\"column\" data-e-type=\"column\">\n\t\t\t<div class=\"elementor-widget-wrap elementor-element-populated\">\n\t\t\t\t\t\t<div class=\"elementor-element elementor-element-7bc6126 elementor-widget elementor-widget-heading\" data-id=\"7bc6126\" data-element_type=\"widget\" data-e-type=\"widget\" data-widget_type=\"heading.default\">\n\t\t\t\t<div class=\"elementor-widget-container\">\n\t\t\t\t\t<h4 class=\"elementor-heading-title elementor-size-default\">Norsk utakt<\/h4>\t\t\t\t<\/div>\n\t\t\t\t<\/div>\n\t\t\t\t<div class=\"elementor-element elementor-element-250d0ea elementor-widget elementor-widget-text-editor\" data-id=\"250d0ea\" data-element_type=\"widget\" data-e-type=\"widget\" data-widget_type=\"text-editor.default\">\n\t\t\t\t<div class=\"elementor-widget-container\">\n\t\t\t\t\t\t\t\t\t<p style=\"text-align: center;\"><i>Refleksjoner fra generalsekret\u00e6ren i NOAS, P\u00e5l Nesse.<\/i><\/p>\t\t\t\t\t\t\t\t<\/div>\n\t\t\t\t<\/div>\n\t\t\t\t\t<\/div>\n\t\t<\/div>\n\t\t\t\t\t<\/div>\n\t\t<\/section>\n\t\t\t\t<section class=\"elementor-section elementor-top-section elementor-element elementor-element-ecc7252 elementor-section-boxed elementor-section-height-default elementor-section-height-default\" data-id=\"ecc7252\" data-element_type=\"section\" data-e-type=\"section\">\n\t\t\t\t\t\t<div class=\"elementor-container elementor-column-gap-default\">\n\t\t\t\t\t<div class=\"elementor-column elementor-col-100 elementor-top-column elementor-element elementor-element-4211464\" data-id=\"4211464\" data-element_type=\"column\" data-e-type=\"column\">\n\t\t\t<div class=\"elementor-widget-wrap elementor-element-populated\">\n\t\t\t\t\t\t<div class=\"elementor-element elementor-element-db8219e elementor-widget elementor-widget-text-editor\" data-id=\"db8219e\" data-element_type=\"widget\" data-e-type=\"widget\" data-widget_type=\"text-editor.default\">\n\t\t\t\t<div class=\"elementor-widget-container\">\n\t\t\t\t\t\t\t\t\t<p><em>Foto: Shutterstock<\/em><\/p>\t\t\t\t\t\t\t\t<\/div>\n\t\t\t\t<\/div>\n\t\t\t\t\t<\/div>\n\t\t<\/div>\n\t\t\t\t\t<\/div>\n\t\t<\/section>\n\t\t\t\t<section class=\"elementor-section elementor-top-section elementor-element elementor-element-6425dc9 elementor-section-boxed elementor-section-height-default elementor-section-height-default\" data-id=\"6425dc9\" data-element_type=\"section\" data-e-type=\"section\">\n\t\t\t\t\t\t<div class=\"elementor-container elementor-column-gap-default\">\n\t\t\t\t\t<div class=\"elementor-column elementor-col-50 elementor-top-column elementor-element elementor-element-cb2e00e\" data-id=\"cb2e00e\" data-element_type=\"column\" data-e-type=\"column\">\n\t\t\t<div class=\"elementor-widget-wrap elementor-element-populated\">\n\t\t\t\t\t\t<div class=\"elementor-element elementor-element-1d71fd0 elementor-widget elementor-widget-text-editor\" data-id=\"1d71fd0\" data-element_type=\"widget\" data-e-type=\"widget\" data-widget_type=\"text-editor.default\">\n\t\t\t\t<div class=\"elementor-widget-container\">\n\t\t\t\t\t\t\t\t\t<blockquote><p>\u201cN\u00e5r FN fors\u00f8ker \u00e5 tette hull i menneskerettighetene her i Norge, er svaret v\u00e5rt litt for ofte at FN tar feil i tolkningen av sine egne konvensjoner.\u201d<\/p><\/blockquote>\t\t\t\t\t\t\t\t<\/div>\n\t\t\t\t<\/div>\n\t\t\t\t<div class=\"elementor-element elementor-element-10ace79 elementor-widget elementor-widget-text-editor\" data-id=\"10ace79\" data-element_type=\"widget\" data-e-type=\"widget\" data-widget_type=\"text-editor.default\">\n\t\t\t\t<div class=\"elementor-widget-container\">\n\t\t\t\t\t\t\t\t\t<blockquote><p>\u201cVi fikk nok et eksempel p\u00e5 et bredt lokalt engasjement som meddelte nasjonale myndigheter at de var i utakt med folkemeningen.\u201d<\/p><\/blockquote>\t\t\t\t\t\t\t\t<\/div>\n\t\t\t\t<\/div>\n\t\t\t\t\t<\/div>\n\t\t<\/div>\n\t\t\t\t<div class=\"elementor-column elementor-col-50 elementor-top-column elementor-element elementor-element-560d2c8\" data-id=\"560d2c8\" data-element_type=\"column\" data-e-type=\"column\">\n\t\t\t<div class=\"elementor-widget-wrap elementor-element-populated\">\n\t\t\t\t\t\t<div class=\"elementor-element elementor-element-65107aa elementor-widget elementor-widget-text-editor\" data-id=\"65107aa\" data-element_type=\"widget\" data-e-type=\"widget\" data-widget_type=\"text-editor.default\">\n\t\t\t\t<div class=\"elementor-widget-container\">\n\t\t\t\t\t\t\t\t\t<div id=\"block-f5aa0dbeda13b19df668\" class=\"sqs-block html-block sqs-block-html\" data-block-type=\"2\"><div class=\"sqs-block-content\"><p class=\"\">I 2020, etter en omfattende global kampanje for \u00e5 sikre Norge plass i FNs sikkerhetsr\u00e5d, lyktes vi. Norge understreket viljen til \u00e5 styrke FNs rolle, fremme internasjonalt samarbeid og \u2013 ikke minst \u2013 forsvare folkeretten og menneskerettighetene.<\/p><p class=\"\">Men n\u00e5r FN fors\u00f8ker \u00e5 tette hull i menneskerettighetene her i Norge, er svaret v\u00e5rt litt for ofte at FN tar feil i tolkningen av sine egne konvensjoner.<\/p><p class=\"\">Regjering og opposisjon innf\u00f8rte en rekke nye asylinnstramninger i 2020, senest i innspurten til behandlingen av statsbudsjettet like f\u00f8r jul. Regjeringen skjerpet kravene til permanent opphold for flyktninger, mens opposisjonen ba regjeringen begrense retten til asyl og familiegjenforening. Flere av forslagene er stikk i strid med FNs h\u00f8ykommiss\u00e6rs anbefalinger til Norge.<\/p><p class=\"\">Samtidig viser holdningsunders\u00f8kelser fra Statistisk Sentralbyr\u00e5 og Institutt for Samfunnsforskning en stadig mer positiv trend i nordmenns holdninger til flyktninger og innvandrere. \u00d8kt kontakt med innvandrere forsterker en positiv innstilling.<\/p><p class=\"\">I 2020 var vi vitne til en omfattende tverrpolitisk grasrotmobilisering for at Norge skulle ta et st\u00f8rre ansvar for flyktninger i Moria-leiren p\u00e5 \u00f8ya Lesvos i Hellas. Norske humanit\u00e6re organisasjoner som Leger uten grenser og Dr\u00e5pen i havet leverte sterke vitnesbyrd om medisinske og sanit\u00e6re forhold langt under enhver akseptabel standard. Hellas, FN og EU anmodet flere europeiske land om \u00e5 bidra ved \u00e5 ta imot flere av disse flyktningene, og spesielt utsatte barn. Sv\u00e6rt mange norske kommuner vedtok at Norge burde gj\u00f8re akkurat det \u2013 og at de selv hadde kapasitet og vilje til \u00e5 bosette flere av flyktningene hos seg. Regjeringen n\u00f8lte i mange m\u00e5neder &#8211; f\u00f8r de besluttet \u00e5 relokalisere skarve 50 asyls\u00f8kere fra Hellas \u2013 et land som \u00e5ret i forveien hadde tatt imot 75\u00a0000 nye asyls\u00f8kere p\u00e5 Europas vegne.<\/p><p class=\"\">Vi fikk en annen mobilisering i forbindelse med \u00abMustafa-saken\u00bb, en ungdom fra Asker som etter 12 \u00e5r i Norge skulle deporteres til Jordan, fordi hans mor angivelig hadde l\u00f8yet om statsborgerskap. Utlendingsnemnda (UNE) henviste til at \u00abdet er et politisk sp\u00f8rsm\u00e5l om man vil lage regler som presiserer n\u00e6rmere innvandringsregulerende hensyn\u00bb. I denne saken var det \u00e9n nemndleder alene, hvis skj\u00f8nn avgjorde at hensynet burde trumfe \u00abbarnets neste\u00bb og tilknytning til Norge i denne saken. I Mustafas hjemkommune engasjerte ungdomsvenner og et bredt politisk flertall seg i protest, ledet av h\u00f8yreordf\u00f8rer Lene W Conradi.<\/p><p class=\"\">Vi fikk nok et eksempel p\u00e5 et bredt lokalt engasjement som meddelte nasjonale myndigheter at de var i utakt med folkemeningen.<\/p><p class=\"\">Jeg tror det er en bred tilslutning til en \u00abstreng og rettferdig\u00bb innvandringspolitikk. Men det protesteres n\u00e5r strengheten er i utakt med en grunnleggende forst\u00e5else av hva som er en rimelig og medmenneskelig balansegang \u2013 og vi mangler det humanit\u00e6re lederskap som kreves.<\/p><h3>Rettssikkerhet<\/h3><p class=\"\">\u00abUskyldig inntil det motsatte er bevist\u00bb er barnel\u00e6rdommen om et av rettsstatens viktigste prinsipper.<\/p><p class=\"\">I utlendingsforvaltningen f\u00e5r jeg inntrykk av at det av og til gjelder \u00abikke troverdig inntil det motsatte er bevist \u2013 og staten er overbevist\u00bb. Bevisbyrden flyttes over p\u00e5 asyls\u00f8keren hvis myndighetene er i tvil, slik vi for eksempel stadig erfarer ved sp\u00f8rsm\u00e5l om asyls\u00f8keres identitet.<\/p><p class=\"\">I NOAS f\u00e5r vi mange henvendelser fra asyls\u00f8kere og flyktninger som mener avslag p\u00e5 asyls\u00f8knaden eller andre viktige s\u00f8knader \u2013 som familiegjenforening eller statsborgerskap \u2013 er feil eller urimelig.<\/p><p class=\"\">Selv om vi kanskje deler oppfatningen om urimelige beslutninger, forf\u00f8lger vi kun saker der vi mener det er et rettmessig grunnlag for omgj\u00f8ring.<\/p><p class=\"\">I 2020 fikk vi en positiv omgj\u00f8ring hos utlendingsmyndighetene for hele 54% av personene omfattet av sakene der NOAS valgte \u00e5 engasjere seg.<\/p><p class=\"\">I samarbeid med en rekke advokatfirmaer \u2013 som bidrar uten vederlag \u2013 forbereder NOAS hvert \u00e5r en del saker ogs\u00e5 for domstolene \u2013 der vi mener utlendingsforvaltningens beslutninger er i strid med gjeldende rett. Selv om FN og NOAS mener domstolene ikke i tilstrekkelig grad tar innover seg Norges internasjonale forpliktelser, vinner vi stadig frem. Siden \u00abDomstolprosjektet\u00bb v\u00e5rt startet i 2015, har vi oppn\u00e5dd en omgj\u00f8ring i n\u00e6rmere 60% av sakene. Da er det vanskelig \u00e5 akseptere myndighetenes p\u00e5stand om at forvaltningen fungerer som den skal.<\/p><p class=\"\">Dette viser at NOAS\u2019 rettshjelp virker!<\/p><p class=\"\">Men det er urovekkende h\u00f8ye tall. Jeg mener det viser at rettssikkerheten i utgangspunktet ikke forvaltes godt nok. Tenk hvor avgj\u00f8rende og viktig disse beslutningene er for fremtiden til flyktningene dette gjelder. Og husk hvor krevende det kan v\u00e6re for en asyls\u00f8ker \u2013 ofte med d\u00e5rlig r\u00e5d og lite kunnskap om regelverket &#8211; \u00e5 utfordre norske myndigheter.<\/p><p class=\"\">Det b\u00f8r v\u00e6re til ettertanke, b\u00e5de hos Stortinget som lovgivende myndighet &#8211; og departement og fagorganer som ut\u00f8ver myndigheten.<\/p><\/div><\/div>\t\t\t\t\t\t\t\t<\/div>\n\t\t\t\t<\/div>\n\t\t\t\t\t<\/div>\n\t\t<\/div>\n\t\t\t\t\t<\/div>\n\t\t<\/section>\n\t\t\t\t<\/div>\n\t\t","protected":false},"excerpt":{"rendered":"<p>Norsk utakt Refleksjoner fra generalsekret\u00e6ren i NOAS, P\u00e5l Nesse. Foto: Shutterstock \u201cN\u00e5r FN fors\u00f8ker \u00e5 tette hull i menneskerettighetene her i Norge, er svaret v\u00e5rt litt for ofte at FN tar feil i tolkningen av sine egne konvensjoner.\u201d \u201cVi fikk nok et eksempel p\u00e5 et bredt lokalt engasjement som meddelte nasjonale myndigheter at de var [&hellip;]<\/p>\n","protected":false},"author":1,"featured_media":0,"parent":3011,"menu_order":0,"comment_status":"closed","ping_status":"closed","template":"","meta":{"_acf_changed":false,"site-sidebar-layout":"default","site-content-layout":"default","ast-site-content-layout":"default","site-content-style":"default","site-sidebar-style":"default","ast-global-header-display":"","ast-banner-title-visibility":"","ast-main-header-display":"","ast-hfb-above-header-display":"","ast-hfb-below-header-display":"","ast-hfb-mobile-header-display":"","site-post-title":"","ast-breadcrumbs-content":"","ast-featured-img":"","footer-sml-layout":"","ast-disable-related-posts":"","theme-transparent-header-meta":"default","adv-header-id-meta":"","stick-header-meta":"","header-above-stick-meta":"","header-main-stick-meta":"","header-below-stick-meta":"","astra-migrate-meta-layouts":"default","ast-page-background-enabled":"default","ast-page-background-meta":{"desktop":{"background-color":"var(--ast-global-color-4)","background-image":"","background-repeat":"repeat","background-position":"center center","background-size":"auto","background-attachment":"scroll","background-type":"","background-media":"","overlay-type":"","overlay-color":"","overlay-opacity":"","overlay-gradient":""},"tablet":{"background-color":"","background-image":"","background-repeat":"repeat","background-position":"center center","background-size":"auto","background-attachment":"scroll","background-type":"","background-media":"","overlay-type":"","overlay-color":"","overlay-opacity":"","overlay-gradient":""},"mobile":{"background-color":"","background-image":"","background-repeat":"repeat","background-position":"center center","background-size":"auto","background-attachment":"scroll","background-type":"","background-media":"","overlay-type":"","overlay-color":"","overlay-opacity":"","overlay-gradient":""}},"ast-content-background-meta":{"desktop":{"background-color":"var(--ast-global-color-5)","background-image":"","background-repeat":"repeat","background-position":"center center","background-size":"auto","background-attachment":"scroll","background-type":"","background-media":"","overlay-type":"","overlay-color":"","overlay-opacity":"","overlay-gradient":""},"tablet":{"background-color":"var(--ast-global-color-5)","background-image":"","background-repeat":"repeat","background-position":"center center","background-size":"auto","background-attachment":"scroll","background-type":"","background-media":"","overlay-type":"","overlay-color":"","overlay-opacity":"","overlay-gradient":""},"mobile":{"background-color":"var(--ast-global-color-5)","background-image":"","background-repeat":"repeat","background-position":"center center","background-size":"auto","background-attachment":"scroll","background-type":"","background-media":"","overlay-type":"","overlay-color":"","overlay-opacity":"","overlay-gradient":""}},"footnotes":""},"class_list":["post-5928","page","type-page","status-publish","hentry"],"acf":[],"_links":{"self":[{"href":"https:\/\/noas.no\/riketstilstand\/wp-json\/wp\/v2\/pages\/5928","targetHints":{"allow":["GET"]}}],"collection":[{"href":"https:\/\/noas.no\/riketstilstand\/wp-json\/wp\/v2\/pages"}],"about":[{"href":"https:\/\/noas.no\/riketstilstand\/wp-json\/wp\/v2\/types\/page"}],"author":[{"embeddable":true,"href":"https:\/\/noas.no\/riketstilstand\/wp-json\/wp\/v2\/users\/1"}],"replies":[{"embeddable":true,"href":"https:\/\/noas.no\/riketstilstand\/wp-json\/wp\/v2\/comments?post=5928"}],"version-history":[{"count":9,"href":"https:\/\/noas.no\/riketstilstand\/wp-json\/wp\/v2\/pages\/5928\/revisions"}],"predecessor-version":[{"id":6000,"href":"https:\/\/noas.no\/riketstilstand\/wp-json\/wp\/v2\/pages\/5928\/revisions\/6000"}],"up":[{"embeddable":true,"href":"https:\/\/noas.no\/riketstilstand\/wp-json\/wp\/v2\/pages\/3011"}],"wp:attachment":[{"href":"https:\/\/noas.no\/riketstilstand\/wp-json\/wp\/v2\/media?parent=5928"}],"curies":[{"name":"wp","href":"https:\/\/api.w.org\/{rel}","templated":true}]}}