{"id":4812,"date":"2022-09-17T13:14:42","date_gmt":"2022-09-17T13:14:42","guid":{"rendered":"https:\/\/noas.no\/riketstilstand\/?page_id=4812"},"modified":"2022-09-23T14:34:51","modified_gmt":"2022-09-23T14:34:51","slug":"afghanistan-innstramminger","status":"publish","type":"page","link":"https:\/\/noas.no\/riketstilstand\/2016-2\/afghanistan-innstramminger\/","title":{"rendered":"Afghanistan-innstramminger"},"content":{"rendered":"\t\t<div data-elementor-type=\"wp-page\" data-elementor-id=\"4812\" class=\"elementor elementor-4812\">\n\t\t\t\t\t\t<section class=\"elementor-section elementor-top-section elementor-element elementor-element-6ecc1f6 elementor-section-full_width elementor-section-height-full elementor-section-content-middle elementor-section-stretched elementor-section-height-default elementor-section-items-middle\" data-id=\"6ecc1f6\" data-element_type=\"section\" data-e-type=\"section\" data-settings=\"{&quot;background_background&quot;:&quot;classic&quot;,&quot;stretch_section&quot;:&quot;section-stretched&quot;}\">\n\t\t\t\t\t\t\t<div class=\"elementor-background-overlay\"><\/div>\n\t\t\t\t\t\t\t<div class=\"elementor-container elementor-column-gap-default\">\n\t\t\t\t\t<div class=\"elementor-column elementor-col-100 elementor-top-column elementor-element elementor-element-549a4b88\" data-id=\"549a4b88\" data-element_type=\"column\" data-e-type=\"column\">\n\t\t\t<div class=\"elementor-widget-wrap elementor-element-populated\">\n\t\t\t\t\t\t<div class=\"elementor-element elementor-element-50eb6a34 elementor-widget elementor-widget-heading\" data-id=\"50eb6a34\" data-element_type=\"widget\" data-e-type=\"widget\" data-widget_type=\"heading.default\">\n\t\t\t\t<div class=\"elementor-widget-container\">\n\t\t\t\t\t<h1 class=\"elementor-heading-title elementor-size-default\">Afghanistan-innstramminger 2016<\/h1>\t\t\t\t<\/div>\n\t\t\t\t<\/div>\n\t\t\t\t\t<\/div>\n\t\t<\/div>\n\t\t\t\t\t<\/div>\n\t\t<\/section>\n\t\t\t\t<section class=\"elementor-section elementor-top-section elementor-element elementor-element-565a7af elementor-section-boxed elementor-section-height-default elementor-section-height-default\" data-id=\"565a7af\" data-element_type=\"section\" data-e-type=\"section\">\n\t\t\t\t\t\t<div class=\"elementor-container elementor-column-gap-default\">\n\t\t\t\t\t<div class=\"elementor-column elementor-col-100 elementor-top-column elementor-element elementor-element-6ffba3a\" data-id=\"6ffba3a\" data-element_type=\"column\" data-e-type=\"column\">\n\t\t\t<div class=\"elementor-widget-wrap\">\n\t\t\t\t\t\t\t<\/div>\n\t\t<\/div>\n\t\t\t\t\t<\/div>\n\t\t<\/section>\n\t\t\t\t<section class=\"elementor-section elementor-top-section elementor-element elementor-element-27db119a elementor-section-boxed elementor-section-height-default elementor-section-height-default\" data-id=\"27db119a\" data-element_type=\"section\" data-e-type=\"section\">\n\t\t\t\t\t\t<div class=\"elementor-container elementor-column-gap-default\">\n\t\t\t\t\t<div class=\"elementor-column elementor-col-100 elementor-top-column elementor-element elementor-element-6d198274\" data-id=\"6d198274\" data-element_type=\"column\" data-e-type=\"column\">\n\t\t\t<div class=\"elementor-widget-wrap elementor-element-populated\">\n\t\t\t\t\t\t<div class=\"elementor-element elementor-element-800bef5 elementor-widget elementor-widget-text-editor\" data-id=\"800bef5\" data-element_type=\"widget\" data-e-type=\"widget\" data-widget_type=\"text-editor.default\">\n\t\t\t\t<div class=\"elementor-widget-container\">\n\t\t\t\t\t\t\t\t\t<h5>Asylpraksis overfor afghanere ble kraftig strammet inn i l\u00f8pet av 2016. Av de siste \u00e5renes innstramminger, er det nok denne som har rammet flest. Mens 162 og 139 afghanere fikk avslag i 2014 og 139 i 2015, var det i 2016 hele 3090 afghanere som fikk avslag p\u00e5 asyls\u00f8knaden. En stor andel var kvinner og barn<\/h5>\t\t\t\t\t\t\t\t<\/div>\n\t\t\t\t<\/div>\n\t\t\t\t<div class=\"elementor-element elementor-element-b283313 elementor-widget-divider--view-line elementor-widget elementor-widget-divider\" data-id=\"b283313\" data-element_type=\"widget\" data-e-type=\"widget\" data-widget_type=\"divider.default\">\n\t\t\t\t<div class=\"elementor-widget-container\">\n\t\t\t\t\t\t\t<div class=\"elementor-divider\">\n\t\t\t<span class=\"elementor-divider-separator\">\n\t\t\t\t\t\t<\/span>\n\t\t<\/div>\n\t\t\t\t\t\t<\/div>\n\t\t\t\t<\/div>\n\t\t\t\t<div class=\"elementor-element elementor-element-2fc62737 elementor-widget elementor-widget-text-editor\" data-id=\"2fc62737\" data-element_type=\"widget\" data-e-type=\"widget\" data-widget_type=\"text-editor.default\">\n\t\t\t\t<div class=\"elementor-widget-container\">\n\t\t\t\t\t\t\t\t\t<div class=\"custom-css\" data-content-field=\"main-content\" data-collection-id=\"5901e21e414fb5a450b0fbc1\" data-edit-main-image=\"Page Banner\" id=\"yui_3_17_2_1_1663420458668_76\">\n\t\t\t\t\t\t\t\t\t<div class=\"sqs-layout sqs-grid-12 columns-12\" data-type=\"page\" data-updated-on=\"1553507128063\" id=\"page-5901e21e414fb5a450b0fbc1\"><div class=\"row sqs-row\" id=\"yui_3_17_2_1_1663420458668_75\"><div class=\"col sqs-col-12 span-12\" id=\"yui_3_17_2_1_1663420458668_74\"><div class=\"sqs-block image-block sqs-block-image sqs-text-ready\" data-aspect-ratio=\"42.458808618504435\" data-block-type=\"5\" id=\"block-yui_3_17_2_3_1496098510999_15321\"><div class=\"sqs-block-content\" id=\"yui_3_17_2_1_1663420458668_73\">\n\n\n\n\n\n\n\n\n\n\n\n\n\n\n\n  \n\n    \n  \n    <div class=\"\n          image-block-outer-wrapper\n          layout-caption-below\n          design-layout-inline\n          combination-animation-none\n          individual-animation-none\n          individual-text-animation-none\n        \" data-test=\"image-block-inline-outer-wrapper\" id=\"yui_3_17_2_1_1663420458668_72\">\n\n      \n\n      \n        <figure class=\"\n              sqs-block-image-figure\n              intrinsic\n            \" style=\"max-width:1007px;\" id=\"yui_3_17_2_1_1663420458668_71\">\n          \n        \n        \n\n        \n          \n            \n          <div class=\"image-block-wrapper\" data-animation-role=\"image\" id=\"yui_3_17_2_1_1663420458668_70\">\n            <div class=\"sqs-image-shape-container-element\n              \n          \n        \n              has-aspect-ratio\n            \" style=\"\n                position: relative;\n                \n                  padding-bottom:42.45880889892578%;\n                \n                overflow: hidden;\n              \" id=\"yui_3_17_2_1_1663420458668_69\">\n              <noscript><img decoding=\"async\" src=\"https:\/\/images.squarespace-cdn.com\/content\/v1\/56e6a2632b8dde4bafc35e0b\/1496098803151-L75AMFYX7NUCRIR3QUDI\/image-asset.jpeg\" alt=\"foto: unhcr\/morteza nikoubazi\" \/><\/noscript><img decoding=\"async\" class=\"thumb-image loaded\" data-src=\"https:\/\/images.squarespace-cdn.com\/content\/v1\/56e6a2632b8dde4bafc35e0b\/1496098803151-L75AMFYX7NUCRIR3QUDI\/image-asset.jpeg\" data-image=\"https:\/\/images.squarespace-cdn.com\/content\/v1\/56e6a2632b8dde4bafc35e0b\/1496098803151-L75AMFYX7NUCRIR3QUDI\/image-asset.jpeg\" data-image-dimensions=\"1007x630\" data-image-focal-point=\"0.5,0.5\" data-load=\"false\" data-image-id=\"592ca7f2a5790abc03db2e2e\" data-type=\"image\" style=\"left: 0%; top: -23.6594%; width: 100%; height: 147.319%; position: absolute;\" alt=\"foto: unhcr\/morteza nikoubazi\" data-image-resolution=\"1000w\" src=\"https:\/\/images.squarespace-cdn.com\/content\/v1\/56e6a2632b8dde4bafc35e0b\/1496098803151-L75AMFYX7NUCRIR3QUDI\/image-asset.jpeg?format=1000w\">\n            <\/div>\n          <\/div>\n        \n          \n        \n\n        \n          \n          <figcaption class=\"image-caption-wrapper\">\n            <div class=\"image-caption\"><p>foto: unhcr\/morteza nikoubazi<\/p><\/div>\n          <\/figcaption>\n        \n      \n        <\/figure>\n      \n\n    <\/div>\n  \n\n\n  \n\n\n<\/div><\/div><div class=\"row sqs-row\" id=\"yui_3_17_2_1_1663420458668_98\"><div class=\"col sqs-col-2 span-2\"><div class=\"sqs-block spacer-block sqs-block-spacer sized vsize-1\" data-block-type=\"21\" id=\"block-yui_3_17_2_36_1496002582154_14128\"><div class=\"sqs-block-content\">&nbsp;<\/div><\/div><\/div><div class=\"col sqs-col-5 span-5\"><div class=\"sqs-block html-block sqs-block-html\" data-block-type=\"2\" id=\"block-b878b251261f7cd8e758\"><div class=\"sqs-block-content\"><h2 style=\"white-space:pre-wrap;\">Strengest i Europa<\/h2><p style=\"white-space:pre-wrap;\">I februar 2016 endret UDI sin vurdering av situasjonen i Afghanistan og hevet terskelen for \u00e5 f\u00e5 beskyttelse. Ingen av landets provinser ble lenger ansett som utrygge nok til at det gir grunnlag for beskyttelse. Endringen innebar at det ble stilt langt strengere krav til asyls\u00f8kernes individuelle anf\u00f8rsler, og at asyls\u00f8kere m\u00e5tte vise at de var spesielt utsatt sammenlignet med andre fra samme omr\u00e5de. Resultatet var at langt flere enn f\u00f8r fikk avslag.&nbsp;<\/p><p style=\"white-space:pre-wrap;\">Innstrammingen skjedde til tross for at Norges asyl- og returpraksis overfor afghanere allerede f\u00f8r dette var blant Europas strengeste, og at b\u00e5de sikkerhetssituasjonen og den humanit\u00e6re situasjonen i Afghanistan har blitt klart forverret de siste \u00e5rene. Flere andre land har g\u00e5tt i motsatt retning av Norge, og <a href=\"http:\/\/www.migrationsverket.se\/download\/18.2d998ffc151ac387159194c1\/1481191096023\/RCSR5916.pdf\" target=\"_blank\">gir n\u00e5 beskyttelse til flere afghanere<\/a>&nbsp;eller <a href=\"https:\/\/www.blankspot.se\/tyska-delstater-overvagerattstoppa-utvisningar-till-afghanistan\/\" target=\"_blank\">vurderer \u00e5 stanse utsendelser til landet<\/a>, p\u00e5 grunn av den forverrete situasjonen for sivile.<\/p><p style=\"white-space:pre-wrap;\">V\u00e5ren 2017 har UDI justert praksisen. N\u00e5 anses to av 34 provinser i Afghanistan som utrygge. Praksis er fortsatt betydelig strengere enn den var f\u00f8r innstrammingen i februar 2016.<\/p>\n\n\n<\/div><\/div><\/div><div class=\"col sqs-col-5 span-5\" id=\"yui_3_17_2_1_1663420458668_97\"><div class=\"sqs-block image-block sqs-block-image sqs-text-ready\" data-aspect-ratio=\"88.9967637540453\" data-block-type=\"5\" id=\"block-yui_3_17_2_73_1496002582154_8513\"><div class=\"sqs-block-content\" id=\"yui_3_17_2_1_1663420458668_96\">\n\n\n\n\n\n\n\n\n\n\n\n\n\n\n\n  \n\n    \n  \n    <div class=\"image-block-outer-wrapper\n          layout-caption-below\n          design-layout-inline\n          combination-animation-none\n          individual-animation-none\n          individual-text-animation-none\n         sqs-narrow-width\" data-test=\"image-block-inline-outer-wrapper\" id=\"yui_3_17_2_1_1663420458668_95\">\n\n      \n\n      \n        <figure class=\"\n              sqs-block-image-figure\n              intrinsic\n            \" style=\"max-width:2500px;\" id=\"yui_3_17_2_1_1663420458668_94\">\n          \n        \n        \n\n        \n          \n            <button class=\"\n                  sqs-block-image-button\n                  lightbox\n                  \n          \n        \n                \" data-description=\"\" data-lightbox-theme=\"light\" id=\"yui_3_17_2_1_1663420458668_93\">\n              <span class=\"v6-visually-hidden\">View fullsize<\/span>\n              \n          <div class=\"image-block-wrapper\" data-animation-role=\"image\" id=\"yui_3_17_2_1_1663420458668_92\">\n            <div class=\"sqs-image-shape-container-element\n              \n          \n        \n              has-aspect-ratio\n            \" style=\"\n                position: relative;\n                \n                  padding-bottom:88.99676513671875%;\n                \n                overflow: hidden;\n              \" id=\"yui_3_17_2_1_1663420458668_91\">\n              <noscript><img decoding=\"async\" src=\"https:\/\/images.squarespace-cdn.com\/content\/v1\/56e6a2632b8dde4bafc35e0b\/1496098692562-4O5CB9DSLNSQ0I2YTDOO\/image-asset.png\" alt=\"\" \/><\/noscript><img decoding=\"async\" class=\"thumb-image loaded\" data-src=\"https:\/\/images.squarespace-cdn.com\/content\/v1\/56e6a2632b8dde4bafc35e0b\/1496098692562-4O5CB9DSLNSQ0I2YTDOO\/image-asset.png\" data-image=\"https:\/\/images.squarespace-cdn.com\/content\/v1\/56e6a2632b8dde4bafc35e0b\/1496098692562-4O5CB9DSLNSQ0I2YTDOO\/image-asset.png\" data-image-dimensions=\"2500x2089\" data-image-focal-point=\"0.5,0.5\" alt=\"\" data-load=\"false\" data-image-id=\"592ca783be659440db9eb258\" data-type=\"image\" style=\"left: -3.27346%; top: 0%; width: 106.547%; height: 100%; position: absolute;\" data-image-resolution=\"500w\" src=\"https:\/\/images.squarespace-cdn.com\/content\/v1\/56e6a2632b8dde4bafc35e0b\/1496098692562-4O5CB9DSLNSQ0I2YTDOO\/image-asset.png?format=500w\">\n            <\/div>\n          <\/div>\n        \n            <\/button>\n          \n        \n\n        \n      \n        <\/figure>\n      \n\n    <\/div>\n  \n\n\n  \n\n\n<\/div><\/div><\/div><\/div><div class=\"sqs-block image-block sqs-block-image sqs-text-ready\" data-aspect-ratio=\"40.43092522179975\" data-block-type=\"5\" id=\"block-47a8a3bd9434da8a1990\"><div class=\"sqs-block-content\" id=\"yui_3_17_2_1_1663420458668_123\">\n\n\n\n\n\n\n\n\n\n\n\n\n\n\n\n  \n\n    \n  \n    <div class=\"\n          image-block-outer-wrapper\n          layout-caption-below\n          design-layout-inline\n          combination-animation-none\n          individual-animation-none\n          individual-text-animation-none\n        \" data-test=\"image-block-inline-outer-wrapper\" id=\"yui_3_17_2_1_1663420458668_122\">\n\n      \n\n      \n        <figure class=\"\n              sqs-block-image-figure\n              intrinsic\n            \" style=\"max-width:945px;\" id=\"yui_3_17_2_1_1663420458668_121\">\n          \n        \n        \n\n        \n          \n            \n          <div class=\"image-block-wrapper\" data-animation-role=\"image\" id=\"yui_3_17_2_1_1663420458668_120\">\n            <div class=\"sqs-image-shape-container-element\n              \n          \n        \n              has-aspect-ratio\n            \" style=\"\n                position: relative;\n                \n                  padding-bottom:40.43092346191406%;\n                \n                overflow: hidden;\n              \" id=\"yui_3_17_2_1_1663420458668_119\">\n              <noscript><img decoding=\"async\" src=\"https:\/\/images.squarespace-cdn.com\/content\/v1\/56e6a2632b8dde4bafc35e0b\/1496008282044-ZFCVX9W6TLRBCVGO9C84\/RF259294_HCVisitAfghanistan_20160619_JH-3.jpg\" alt=\"foto: unhcr\/jim huylebroek\" \/><\/noscript><img decoding=\"async\" class=\"thumb-image loaded\" data-src=\"https:\/\/images.squarespace-cdn.com\/content\/v1\/56e6a2632b8dde4bafc35e0b\/1496008282044-ZFCVX9W6TLRBCVGO9C84\/RF259294_HCVisitAfghanistan_20160619_JH-3.jpg\" data-image=\"https:\/\/images.squarespace-cdn.com\/content\/v1\/56e6a2632b8dde4bafc35e0b\/1496008282044-ZFCVX9W6TLRBCVGO9C84\/RF259294_HCVisitAfghanistan_20160619_JH-3.jpg\" data-image-dimensions=\"945x630\" data-image-focal-point=\"0.5,0.5\" data-load=\"false\" data-image-id=\"592b4657bebafb216b58c05b\" data-type=\"image\" style=\"left: 0%; top: -32.4607%; width: 100%; height: 164.921%; position: absolute;\" alt=\"foto: unhcr\/jim huylebroek\" data-image-resolution=\"1000w\" src=\"https:\/\/images.squarespace-cdn.com\/content\/v1\/56e6a2632b8dde4bafc35e0b\/1496008282044-ZFCVX9W6TLRBCVGO9C84\/RF259294_HCVisitAfghanistan_20160619_JH-3.jpg?format=1000w\">\n            <\/div>\n          <\/div>\n        \n          \n        \n\n        \n          \n          <figcaption class=\"image-caption-wrapper\">\n            <div class=\"image-caption\"><p>foto: unhcr\/jim huylebroek<\/p><\/div>\n          <\/figcaption>\n        \n      \n        <\/figure>\n      \n\n    <\/div>\n  \n\n\n  \n\n\n<\/div><\/div><div class=\"row sqs-row\"><div class=\"col sqs-col-2 span-2\"><div class=\"sqs-block spacer-block sqs-block-spacer sized vsize-1\" data-block-type=\"21\" id=\"block-yui_3_17_2_73_1496002582154_11022\"><div class=\"sqs-block-content\">&nbsp;<\/div><\/div><\/div><div class=\"col sqs-col-8 span-8\"><div class=\"sqs-block html-block sqs-block-html\" data-block-type=\"2\" id=\"block-yui_3_17_2_36_1496002582154_20424\"><div class=\"sqs-block-content\"><h2 style=\"white-space:pre-wrap;\">Barn rammes hardest<\/h2><p style=\"white-space:pre-wrap;\">Innstrammingen har s\u00e6rlig rammet de mest s\u00e5rbare afghanere. 88 prosent av afghanske barnefamilier fikk avslag i 2016, mot om lag 50 prosent i \u00e5rene f\u00f8r. I 2016 var det hele 627 barn som kom sammen med familien som fikk avslag og som m\u00e5 returnere til Afghanistan. Tilsvarende tall for 2014 og 2015 var 25 og 37. Mange av familiene sendes tilbake til andre omr\u00e5der enn hjemstedet, hvor de gjerne mangler nettverk, som er av sv\u00e6rt stor betydning i det afghanske samfunnet, blant annet for \u00e5 kunne skaffe jobb og et sted \u00e5 bo.&nbsp;<\/p>\n\n\n<\/div><\/div><\/div><div class=\"col sqs-col-2 span-2\"><div class=\"sqs-block spacer-block sqs-block-spacer sized vsize-1\" data-block-type=\"21\" id=\"block-yui_3_17_2_119_1496042355005_31811\"><div class=\"sqs-block-content\">&nbsp;<\/div><\/div><\/div><\/div><div class=\"sqs-block image-block sqs-block-image sqs-text-ready\" data-block-type=\"5\" id=\"block-yui_3_17_2_73_1496002582154_15509\"><div class=\"sqs-block-content\" id=\"yui_3_17_2_1_1663420458668_142\">\n\n\n\n\n\n\n\n\n\n\n\n\n\n\n\n  \n\n    \n  \n    <div class=\"\n          image-block-outer-wrapper\n          layout-caption-below\n          design-layout-inline\n          combination-animation-none\n          individual-animation-none\n          individual-text-animation-none\n        \" data-test=\"image-block-inline-outer-wrapper\" id=\"yui_3_17_2_1_1663420458668_141\">\n\n      \n\n      \n        <figure class=\"\n              sqs-block-image-figure\n              intrinsic\n            \" style=\"max-width:2500px;\" id=\"yui_3_17_2_1_1663420458668_140\">\n          \n        \n        \n\n        \n          \n            <button class=\"\n                  sqs-block-image-button\n                  lightbox\n                  \n          \n        \n                \" data-description=\"\" data-lightbox-theme=\"light\" id=\"yui_3_17_2_1_1663420458668_139\">\n              <span class=\"v6-visually-hidden\">View fullsize<\/span>\n              \n          <div class=\"image-block-wrapper\" data-animation-role=\"image\" id=\"yui_3_17_2_1_1663420458668_138\">\n            <div class=\"sqs-image-shape-container-element\n              \n          \n        \n              has-aspect-ratio\n            \" style=\"\n                position: relative;\n                \n                  padding-bottom:39.63999938964844%;\n                \n                overflow: hidden;\n              \" id=\"yui_3_17_2_1_1663420458668_137\">\n              <noscript><img decoding=\"async\" src=\"https:\/\/images.squarespace-cdn.com\/content\/v1\/56e6a2632b8dde4bafc35e0b\/1496064499395-CEVIEJC2P6Z0T64CN3BW\/image-asset.png\" alt=\"\" \/><\/noscript><img decoding=\"async\" class=\"thumb-image loaded\" data-src=\"https:\/\/images.squarespace-cdn.com\/content\/v1\/56e6a2632b8dde4bafc35e0b\/1496064499395-CEVIEJC2P6Z0T64CN3BW\/image-asset.png\" data-image=\"https:\/\/images.squarespace-cdn.com\/content\/v1\/56e6a2632b8dde4bafc35e0b\/1496064499395-CEVIEJC2P6Z0T64CN3BW\/image-asset.png\" data-image-dimensions=\"2500x991\" data-image-focal-point=\"0.5,0.5\" alt=\"\" data-load=\"false\" data-image-id=\"592c21f21e5b6ca26e46c2fe\" data-type=\"image\" style=\"left: 0%; top: -0.00505102%; width: 100%; height: 100.01%; position: absolute;\" data-image-resolution=\"1000w\" src=\"https:\/\/images.squarespace-cdn.com\/content\/v1\/56e6a2632b8dde4bafc35e0b\/1496064499395-CEVIEJC2P6Z0T64CN3BW\/image-asset.png?format=1000w\">\n            <\/div>\n          <\/div>\n        \n            <\/button>\n          \n        \n\n        \n      \n        <\/figure>\n      \n\n    <\/div>\n  \n\n\n  \n\n\n<\/div><\/div><div class=\"sqs-block html-block sqs-block-html\" data-block-type=\"2\" id=\"block-yui_3_17_2_23_1496100038933_9959\"><div class=\"sqs-block-content\"><p style=\"white-space:pre-wrap;\">&nbsp;<\/p><p style=\"white-space:pre-wrap;\"><em>Foto \u00f8verst p\u00e5 siden: Espen Rasmussen<\/em><\/p>\n\n\n<\/div><\/div><div class=\"sqs-block horizontalrule-block sqs-block-horizontalrule\" data-block-type=\"47\" id=\"block-yui_3_17_2_38_1496002582154_7816\"><div class=\"sqs-block-content\"><hr><\/div><\/div><div class=\"sqs-block html-block sqs-block-html\" data-block-type=\"2\" id=\"block-yui_3_17_2_38_1496002582154_8404\"><div class=\"sqs-block-content\"><h2 style=\"white-space:pre-wrap;\">Videre lesning:<\/h2><p style=\"white-space:pre-wrap;\"><a href=\"\/ungdommer-p-flukt\">Ogs\u00e5 praksis overfor enslige mindre\u00e5rige asyls\u00f8kere fra Afghanistan ble kraftig strammet inn i l\u00f8pet av 2016.<\/a><\/p><p style=\"white-space:pre-wrap;\"><a href=\"\/2016\/landprofiler-oversikt\">Les mer om asylpraksis i Afghanistan-saker her.&nbsp;<\/a><\/p><p style=\"white-space:pre-wrap;\"><a href=\"\/2016\/internflukt\">Innstramminger i reglene om internflukt, som benyttes i mange Afghanistan-saker, er omtalt her.<\/a><\/p>\n\n\n<\/div><\/div><div class=\"sqs-block spacer-block sqs-block-spacer sized vsize-1\" data-block-type=\"21\" id=\"block-yui_3_17_2_10_1493295624726_15092\"><div class=\"sqs-block-content\">&nbsp;<\/div><\/div><\/div><\/div><\/div>\n\t\t\t\t\t\t\t\t<\/div>\t\t\t\t\t\t\t\t<\/div>\n\t\t\t\t<\/div>\n\t\t\t\t\t<\/div>\n\t\t<\/div>\n\t\t\t\t\t<\/div>\n\t\t<\/section>\n\t\t\t\t<section class=\"elementor-section elementor-top-section elementor-element elementor-element-f28e475 elementor-section-boxed elementor-section-height-default elementor-section-height-default\" data-id=\"f28e475\" data-element_type=\"section\" data-e-type=\"section\">\n\t\t\t\t\t\t<div class=\"elementor-container elementor-column-gap-default\">\n\t\t\t\t\t<div class=\"elementor-column elementor-col-100 elementor-top-column elementor-element elementor-element-7f805ec\" data-id=\"7f805ec\" data-element_type=\"column\" data-e-type=\"column\">\n\t\t\t<div class=\"elementor-widget-wrap elementor-element-populated\">\n\t\t\t\t\t\t<div class=\"elementor-element elementor-element-6b21529 elementor-widget elementor-widget-text-editor\" data-id=\"6b21529\" data-element_type=\"widget\" data-e-type=\"widget\" data-widget_type=\"text-editor.default\">\n\t\t\t\t<div class=\"elementor-widget-container\">\n\t\t\t\t\t\t\t\t\tASYLPOLITISKE SAKER 2017:\n<a href=\"\/2017-2\/barn-alene-pa-flukt\">Barn alene p\u00e5 flukt<\/a> &#8211; <a href=\"\/2017-2\/stengte-grenser\">Stengte grenser<\/a> &#8211; <a href=\"\/2017-2\/storskog\">Storskog<\/a> &#8211; <a href=\"\/2017-2\/opphor-av-flyktningstatus\">Opph\u00f8r av flyktningstatus<\/a> &#8211; <a href=\"\/2017-2\/rettssikkerhet-i-une\">Rettssikkerhet i utlendingsnemnda<\/a> &#8211; <a href=\"\/2017-2\/asylsaker-i-domstolen\">Asylsaker i domstolen<\/a> &#8211; <a href=\"\/2017-2\/situasjonen-i-mottak\">Situasjonen i mottak<\/a> &#8211; <a href=\"\/2017-2\/kvoteflyktninger-og-relokaliserte-asylskere\">Kvoteflyktninger og relokaliserte asyls\u00f8kere<\/a> &#8211; <a href=\"\/2017-2\/retur\">Retur<\/a>\t\t\t\t\t\t\t\t<\/div>\n\t\t\t\t<\/div>\n\t\t\t\t\t<\/div>\n\t\t<\/div>\n\t\t\t\t\t<\/div>\n\t\t<\/section>\n\t\t\t\t<\/div>\n\t\t","protected":false},"excerpt":{"rendered":"<p>Afghanistan-innstramminger 2016 Asylpraksis overfor afghanere ble kraftig strammet inn i l\u00f8pet av 2016. Av de siste \u00e5renes innstramminger, er det nok denne som har rammet flest. Mens 162 og 139 afghanere fikk avslag i 2014 og 139 i 2015, var det i 2016 hele 3090 afghanere som fikk avslag p\u00e5 asyls\u00f8knaden. En stor andel var [&hellip;]<\/p>\n","protected":false},"author":1,"featured_media":0,"parent":4527,"menu_order":0,"comment_status":"closed","ping_status":"closed","template":"","meta":{"_acf_changed":false,"site-sidebar-layout":"default","site-content-layout":"","ast-site-content-layout":"default","site-content-style":"default","site-sidebar-style":"default","ast-global-header-display":"","ast-banner-title-visibility":"","ast-main-header-display":"","ast-hfb-above-header-display":"","ast-hfb-below-header-display":"","ast-hfb-mobile-header-display":"","site-post-title":"","ast-breadcrumbs-content":"","ast-featured-img":"","footer-sml-layout":"","ast-disable-related-posts":"","theme-transparent-header-meta":"","adv-header-id-meta":"","stick-header-meta":"","header-above-stick-meta":"","header-main-stick-meta":"","header-below-stick-meta":"","astra-migrate-meta-layouts":"default","ast-page-background-enabled":"default","ast-page-background-meta":{"desktop":{"background-color":"var(--ast-global-color-4)","background-image":"","background-repeat":"repeat","background-position":"center center","background-size":"auto","background-attachment":"scroll","background-type":"","background-media":"","overlay-type":"","overlay-color":"","overlay-opacity":"","overlay-gradient":""},"tablet":{"background-color":"","background-image":"","background-repeat":"repeat","background-position":"center center","background-size":"auto","background-attachment":"scroll","background-type":"","background-media":"","overlay-type":"","overlay-color":"","overlay-opacity":"","overlay-gradient":""},"mobile":{"background-color":"","background-image":"","background-repeat":"repeat","background-position":"center center","background-size":"auto","background-attachment":"scroll","background-type":"","background-media":"","overlay-type":"","overlay-color":"","overlay-opacity":"","overlay-gradient":""}},"ast-content-background-meta":{"desktop":{"background-color":"var(--ast-global-color-5)","background-image":"","background-repeat":"repeat","background-position":"center center","background-size":"auto","background-attachment":"scroll","background-type":"","background-media":"","overlay-type":"","overlay-color":"","overlay-opacity":"","overlay-gradient":""},"tablet":{"background-color":"var(--ast-global-color-5)","background-image":"","background-repeat":"repeat","background-position":"center center","background-size":"auto","background-attachment":"scroll","background-type":"","background-media":"","overlay-type":"","overlay-color":"","overlay-opacity":"","overlay-gradient":""},"mobile":{"background-color":"var(--ast-global-color-5)","background-image":"","background-repeat":"repeat","background-position":"center center","background-size":"auto","background-attachment":"scroll","background-type":"","background-media":"","overlay-type":"","overlay-color":"","overlay-opacity":"","overlay-gradient":""}},"footnotes":""},"class_list":["post-4812","page","type-page","status-publish","hentry"],"acf":[],"_links":{"self":[{"href":"https:\/\/noas.no\/riketstilstand\/wp-json\/wp\/v2\/pages\/4812","targetHints":{"allow":["GET"]}}],"collection":[{"href":"https:\/\/noas.no\/riketstilstand\/wp-json\/wp\/v2\/pages"}],"about":[{"href":"https:\/\/noas.no\/riketstilstand\/wp-json\/wp\/v2\/types\/page"}],"author":[{"embeddable":true,"href":"https:\/\/noas.no\/riketstilstand\/wp-json\/wp\/v2\/users\/1"}],"replies":[{"embeddable":true,"href":"https:\/\/noas.no\/riketstilstand\/wp-json\/wp\/v2\/comments?post=4812"}],"version-history":[{"count":7,"href":"https:\/\/noas.no\/riketstilstand\/wp-json\/wp\/v2\/pages\/4812\/revisions"}],"predecessor-version":[{"id":6264,"href":"https:\/\/noas.no\/riketstilstand\/wp-json\/wp\/v2\/pages\/4812\/revisions\/6264"}],"up":[{"embeddable":true,"href":"https:\/\/noas.no\/riketstilstand\/wp-json\/wp\/v2\/pages\/4527"}],"wp:attachment":[{"href":"https:\/\/noas.no\/riketstilstand\/wp-json\/wp\/v2\/media?parent=4812"}],"curies":[{"name":"wp","href":"https:\/\/api.w.org\/{rel}","templated":true}]}}