{"id":4699,"date":"2022-09-17T10:21:07","date_gmt":"2022-09-17T10:21:07","guid":{"rendered":"https:\/\/noas.no\/riketstilstand\/?page_id=4699"},"modified":"2022-09-23T14:00:15","modified_gmt":"2022-09-23T14:00:15","slug":"statistikk","status":"publish","type":"page","link":"https:\/\/noas.no\/riketstilstand\/2017-2\/statistikk\/","title":{"rendered":"Statistikk 2017"},"content":{"rendered":"\t\t<div data-elementor-type=\"wp-page\" data-elementor-id=\"4699\" class=\"elementor elementor-4699\">\n\t\t\t\t\t\t<section class=\"elementor-section elementor-top-section elementor-element elementor-element-cfe3795 elementor-section-height-full elementor-section-stretched elementor-section-boxed elementor-section-height-default elementor-section-items-middle\" data-id=\"cfe3795\" data-element_type=\"section\" data-e-type=\"section\" data-settings=\"{&quot;stretch_section&quot;:&quot;section-stretched&quot;,&quot;background_background&quot;:&quot;classic&quot;}\">\n\t\t\t\t\t\t\t<div class=\"elementor-background-overlay\"><\/div>\n\t\t\t\t\t\t\t<div class=\"elementor-container elementor-column-gap-default\">\n\t\t\t\t\t<div class=\"elementor-column elementor-col-100 elementor-top-column elementor-element elementor-element-128ec865\" data-id=\"128ec865\" data-element_type=\"column\" data-e-type=\"column\">\n\t\t\t<div class=\"elementor-widget-wrap elementor-element-populated\">\n\t\t\t\t\t\t<div class=\"elementor-element elementor-element-1659c1ab elementor-widget elementor-widget-heading\" data-id=\"1659c1ab\" data-element_type=\"widget\" data-e-type=\"widget\" data-widget_type=\"heading.default\">\n\t\t\t\t<div class=\"elementor-widget-container\">\n\t\t\t\t\t<div class=\"elementor-heading-title elementor-size-default\">Statistikk 2017<\/div>\t\t\t\t<\/div>\n\t\t\t\t<\/div>\n\t\t\t\t<div class=\"elementor-element elementor-element-51b8b396 elementor-widget elementor-widget-heading\" data-id=\"51b8b396\" data-element_type=\"widget\" data-e-type=\"widget\" data-widget_type=\"heading.default\">\n\t\t\t\t<div class=\"elementor-widget-container\">\n\t\t\t\t\t<div class=\"elementor-heading-title elementor-size-default\">Omtrent 2300 asyls\u00f8kere kom til Norge p\u00e5 egenh\u00e5nd i 2017. I tillegg ble omkring 1200 asyls\u00f8kere relokalisert til Norge fra Italia og Hellas. Det ble gitt opphold til nesten 70 prosent av personene som fikk s\u00f8knaden om beskyttelse behandlet i 2017.<\/div>\t\t\t\t<\/div>\n\t\t\t\t<\/div>\n\t\t\t\t\t<\/div>\n\t\t<\/div>\n\t\t\t\t\t<\/div>\n\t\t<\/section>\n\t\t\t\t<section class=\"elementor-section elementor-top-section elementor-element elementor-element-61025a78 elementor-section-boxed elementor-section-height-default elementor-section-height-default\" data-id=\"61025a78\" data-element_type=\"section\" data-e-type=\"section\">\n\t\t\t\t\t\t<div class=\"elementor-container elementor-column-gap-default\">\n\t\t\t\t\t<div class=\"elementor-column elementor-col-100 elementor-top-column elementor-element elementor-element-547b6c3\" data-id=\"547b6c3\" data-element_type=\"column\" data-e-type=\"column\">\n\t\t\t<div class=\"elementor-widget-wrap elementor-element-populated\">\n\t\t\t\t\t\t<div class=\"elementor-element elementor-element-2a97e57 elementor-widget elementor-widget-text-editor\" data-id=\"2a97e57\" data-element_type=\"widget\" data-e-type=\"widget\" data-widget_type=\"text-editor.default\">\n\t\t\t\t<div class=\"elementor-widget-container\">\n\t\t\t\t\t\t\t\t\t<div class=\"row sqs-row\">\n<div class=\"col sqs-col-8 span-8\">\n<div id=\"block-yui_3_17_2_1_1552408681211_4494\" class=\"sqs-block html-block sqs-block-html\" data-block-type=\"2\">\n<div class=\"sqs-block-content\">\n<p style=\"text-align: center;\"><em>Du leser n\u00e5 Rikets tilstand fra 2017. Rikets tilstand p\u00e5 asylfeltet er en \u00e5rlig statusrapport om Norges behandling av asyls\u00f8kere, laget av NOAS &#8211; Norsk organisasjon for asyls\u00f8kere.<\/em><\/p>\n\n<\/div>\n<\/div>\n<\/div>\n<div id=\"block-yui_3_17_2_1_1552408681211_10202\" class=\"sqs-block spacer-block sqs-block-spacer sized vsize-1\" data-block-type=\"21\">\n<div class=\"sqs-block-content\"><\/div>\n<\/div>\n<\/div>\n<\/p>\t\t\t\t\t\t\t\t<\/div>\n\t\t\t\t<\/div>\n\t\t\t\t\t<\/div>\n\t\t<\/div>\n\t\t\t\t\t<\/div>\n\t\t<\/section>\n\t\t\t\t<section class=\"elementor-section elementor-top-section elementor-element elementor-element-35b024c elementor-section-boxed elementor-section-height-default elementor-section-height-default\" data-id=\"35b024c\" data-element_type=\"section\" data-e-type=\"section\">\n\t\t\t\t\t\t<div class=\"elementor-container elementor-column-gap-default\">\n\t\t\t\t\t<div class=\"elementor-column elementor-col-100 elementor-top-column elementor-element elementor-element-cccf324\" data-id=\"cccf324\" data-element_type=\"column\" data-e-type=\"column\">\n\t\t\t<div class=\"elementor-widget-wrap elementor-element-populated\">\n\t\t\t\t\t\t<div class=\"elementor-element elementor-element-4491ccb elementor-widget-divider--view-line elementor-widget elementor-widget-divider\" data-id=\"4491ccb\" data-element_type=\"widget\" data-e-type=\"widget\" data-widget_type=\"divider.default\">\n\t\t\t\t<div class=\"elementor-widget-container\">\n\t\t\t\t\t\t\t<div class=\"elementor-divider\">\n\t\t\t<span class=\"elementor-divider-separator\">\n\t\t\t\t\t\t<\/span>\n\t\t<\/div>\n\t\t\t\t\t\t<\/div>\n\t\t\t\t<\/div>\n\t\t\t\t<div class=\"elementor-element elementor-element-5d75ff8 elementor-widget elementor-widget-text-editor\" data-id=\"5d75ff8\" data-element_type=\"widget\" data-e-type=\"widget\" data-widget_type=\"text-editor.default\">\n\t\t\t\t<div class=\"elementor-widget-container\">\n\t\t\t\t\t\t\t\t\t<div id=\"block-yui_3_17_2_1_1552400527157_9476\" class=\"sqs-block html-block sqs-block-html\" data-block-type=\"2\"><div class=\"sqs-block-content\"><p style=\"text-align: center;\"><strong>MENY 2017:<\/strong> <a href=\"\/2017-2\/statistikk&quot;\">STATISTIKK<\/a> &#8211; <a href=\"\/2017-2\/den-nye-politiske-historiefortellingen\">HISTORIEFORTELLINGEN<\/a> &#8211; <a href=\"\/2017-2\/\/#viktige-asylpolitiske-saker\">ASYLPOLITISKE TEMA<\/a> &#8211; <a href=\"\/2017-2\/landprofiler-oversikt\">LANDPROFILER<\/a><\/p><\/div><\/div>\t\t\t\t\t\t\t\t<\/div>\n\t\t\t\t<\/div>\n\t\t\t\t<div class=\"elementor-element elementor-element-69ed3b3 elementor-widget-divider--view-line elementor-widget elementor-widget-divider\" data-id=\"69ed3b3\" data-element_type=\"widget\" data-e-type=\"widget\" data-widget_type=\"divider.default\">\n\t\t\t\t<div class=\"elementor-widget-container\">\n\t\t\t\t\t\t\t<div class=\"elementor-divider\">\n\t\t\t<span class=\"elementor-divider-separator\">\n\t\t\t\t\t\t<\/span>\n\t\t<\/div>\n\t\t\t\t\t\t<\/div>\n\t\t\t\t<\/div>\n\t\t\t\t\t<\/div>\n\t\t<\/div>\n\t\t\t\t\t<\/div>\n\t\t<\/section>\n\t\t\t\t<section class=\"elementor-section elementor-top-section elementor-element elementor-element-2d688ebd elementor-section-boxed elementor-section-height-default elementor-section-height-default\" data-id=\"2d688ebd\" data-element_type=\"section\" data-e-type=\"section\">\n\t\t\t\t\t\t<div class=\"elementor-container elementor-column-gap-default\">\n\t\t\t\t\t<div class=\"elementor-column elementor-col-100 elementor-top-column elementor-element elementor-element-51bca24e\" data-id=\"51bca24e\" data-element_type=\"column\" data-e-type=\"column\">\n\t\t\t<div class=\"elementor-widget-wrap elementor-element-populated\">\n\t\t\t\t\t\t<div class=\"elementor-element elementor-element-378ab9d0 elementor-widget elementor-widget-heading\" data-id=\"378ab9d0\" data-element_type=\"widget\" data-e-type=\"widget\" data-widget_type=\"heading.default\">\n\t\t\t\t<div class=\"elementor-widget-container\">\n\t\t\t\t\t<h4 class=\"elementor-heading-title elementor-size-default\">ANTALL SOM HAR S\u00d8KT ASYL I NORGE<\/h4>\t\t\t\t<\/div>\n\t\t\t\t<\/div>\n\t\t\t\t\t<\/div>\n\t\t<\/div>\n\t\t\t\t\t<\/div>\n\t\t<\/section>\n\t\t\t\t<section class=\"elementor-section elementor-top-section elementor-element elementor-element-77a24e22 elementor-section-boxed elementor-section-height-default elementor-section-height-default\" data-id=\"77a24e22\" data-element_type=\"section\" data-e-type=\"section\">\n\t\t\t\t\t\t<div class=\"elementor-container elementor-column-gap-default\">\n\t\t\t\t\t<div class=\"elementor-column elementor-col-50 elementor-top-column elementor-element elementor-element-53d62f8f\" data-id=\"53d62f8f\" data-element_type=\"column\" data-e-type=\"column\">\n\t\t\t<div class=\"elementor-widget-wrap elementor-element-populated\">\n\t\t\t\t\t\t<div class=\"elementor-element elementor-element-6b7e1b69 elementor-widget elementor-widget-text-editor\" data-id=\"6b7e1b69\" data-element_type=\"widget\" data-e-type=\"widget\" data-widget_type=\"text-editor.default\">\n\t\t\t\t<div class=\"elementor-widget-container\">\n\t\t\t\t\t\t\t\t\t<h3>Fortsatt f\u00e5 asyls\u00f8kere<\/h3><p>Det har v\u00e6rt en kraftig nedgang i antall personer som s\u00f8ker beskyttelse i Norge. Norge er det landet i Europa som hadde <a href=\"http:\/\/ec.europa.eu\/eurostat\/documents\/2995521\/7921609\/3-16032017-BP-EN.pdf\/e5fa98bb-5d9d-4297-9168-d07c67d1c9e1\" target=\"_blank\" rel=\"noopener\">st\u00f8rst prosentvis nedgang<\/a> i antallet asyls\u00f8kere fra 2015 til 2016, p\u00e5 om lag 90 prosent. Lave ankomster fortsatte i 2017. Den viktigste \u00e5rsaken til de lave ankomsttallene er <a href=\"https:\/\/www.riketstilstand.noas.no\/2017\/stengte-grenser\">stengte grenser<\/a>.<\/p><p>I tillegg til asyls\u00f8kerne som selv har reist til Norge, har cirka 1500 asyls\u00f8kere til sammen i 2016 og 2017 blitt hentet til Norge fra Hellas og Italia gjennom <a href=\"https:\/\/www.riketstilstand.noas.no\/2017\/kvoteflyktninger-og-relokaliserte-asylskere\">EUs relokaliseringsprogram<\/a>.<\/p>\t\t\t\t\t\t\t\t<\/div>\n\t\t\t\t<\/div>\n\t\t\t\t\t<\/div>\n\t\t<\/div>\n\t\t\t\t<div class=\"elementor-column elementor-col-50 elementor-top-column elementor-element elementor-element-4ee2a31b\" data-id=\"4ee2a31b\" data-element_type=\"column\" data-e-type=\"column\">\n\t\t\t<div class=\"elementor-widget-wrap elementor-element-populated\">\n\t\t\t\t\t\t<div class=\"elementor-element elementor-element-371881d9 elementor-widget elementor-widget-image\" data-id=\"371881d9\" data-element_type=\"widget\" data-e-type=\"widget\" data-widget_type=\"image.default\">\n\t\t\t\t<div class=\"elementor-widget-container\">\n\t\t\t\t\t\t\t\t\t\t\t\t\t\t\t<img fetchpriority=\"high\" decoding=\"async\" width=\"750\" height=\"364\" src=\"https:\/\/noas.no\/riketstilstand\/wp-content\/uploads\/2022\/09\/antalloppdatert1604.png\" class=\"attachment-large size-large wp-image-4715\" alt=\"\" srcset=\"https:\/\/noas.no\/riketstilstand\/wp-content\/uploads\/2022\/09\/antalloppdatert1604.png 750w, https:\/\/noas.no\/riketstilstand\/wp-content\/uploads\/2022\/09\/antalloppdatert1604-300x146.png 300w\" sizes=\"(max-width: 750px) 100vw, 750px\" \/>\t\t\t\t\t\t\t\t\t\t\t\t\t\t\t<\/div>\n\t\t\t\t<\/div>\n\t\t\t\t\t<\/div>\n\t\t<\/div>\n\t\t\t\t\t<\/div>\n\t\t<\/section>\n\t\t\t\t<section class=\"elementor-section elementor-top-section elementor-element elementor-element-55768f3c elementor-section-boxed elementor-section-height-default elementor-section-height-default\" data-id=\"55768f3c\" data-element_type=\"section\" data-e-type=\"section\">\n\t\t\t\t\t\t<div class=\"elementor-container elementor-column-gap-default\">\n\t\t\t\t\t<div class=\"elementor-column elementor-col-100 elementor-top-column elementor-element elementor-element-65216502\" data-id=\"65216502\" data-element_type=\"column\" data-e-type=\"column\">\n\t\t\t<div class=\"elementor-widget-wrap elementor-element-populated\">\n\t\t\t\t\t\t<div class=\"elementor-element elementor-element-223892f3 elementor-widget-divider--view-line elementor-widget elementor-widget-divider\" data-id=\"223892f3\" data-element_type=\"widget\" data-e-type=\"widget\" data-widget_type=\"divider.default\">\n\t\t\t\t<div class=\"elementor-widget-container\">\n\t\t\t\t\t\t\t<div class=\"elementor-divider\">\n\t\t\t<span class=\"elementor-divider-separator\">\n\t\t\t\t\t\t<\/span>\n\t\t<\/div>\n\t\t\t\t\t\t<\/div>\n\t\t\t\t<\/div>\n\t\t\t\t\t<\/div>\n\t\t<\/div>\n\t\t\t\t\t<\/div>\n\t\t<\/section>\n\t\t\t\t<section class=\"elementor-section elementor-top-section elementor-element elementor-element-3e252141 elementor-section-boxed elementor-section-height-default elementor-section-height-default\" data-id=\"3e252141\" data-element_type=\"section\" data-e-type=\"section\">\n\t\t\t\t\t\t<div class=\"elementor-container elementor-column-gap-default\">\n\t\t\t\t\t<div class=\"elementor-column elementor-col-50 elementor-top-column elementor-element elementor-element-730a334f\" data-id=\"730a334f\" data-element_type=\"column\" data-e-type=\"column\">\n\t\t\t<div class=\"elementor-widget-wrap elementor-element-populated\">\n\t\t\t\t\t\t<div class=\"elementor-element elementor-element-59c361ae elementor-widget elementor-widget-image\" data-id=\"59c361ae\" data-element_type=\"widget\" data-e-type=\"widget\" data-widget_type=\"image.default\">\n\t\t\t\t<div class=\"elementor-widget-container\">\n\t\t\t\t\t\t\t\t\t\t\t\t\t\t\t<img decoding=\"async\" width=\"750\" height=\"332\" src=\"https:\/\/noas.no\/riketstilstand\/wp-content\/uploads\/2022\/09\/preshvor.png\" class=\"attachment-large size-large wp-image-4717\" alt=\"\" srcset=\"https:\/\/noas.no\/riketstilstand\/wp-content\/uploads\/2022\/09\/preshvor.png 750w, https:\/\/noas.no\/riketstilstand\/wp-content\/uploads\/2022\/09\/preshvor-300x133.png 300w\" sizes=\"(max-width: 750px) 100vw, 750px\" \/>\t\t\t\t\t\t\t\t\t\t\t\t\t\t\t<\/div>\n\t\t\t\t<\/div>\n\t\t\t\t\t<\/div>\n\t\t<\/div>\n\t\t\t\t<div class=\"elementor-column elementor-col-50 elementor-top-column elementor-element elementor-element-300510d6\" data-id=\"300510d6\" data-element_type=\"column\" data-e-type=\"column\">\n\t\t\t<div class=\"elementor-widget-wrap elementor-element-populated\">\n\t\t\t\t\t\t<section class=\"elementor-section elementor-inner-section elementor-element elementor-element-67ee6299 elementor-section-boxed elementor-section-height-default elementor-section-height-default\" data-id=\"67ee6299\" data-element_type=\"section\" data-e-type=\"section\">\n\t\t\t\t\t\t<div class=\"elementor-container elementor-column-gap-default\">\n\t\t\t\t\t<div class=\"elementor-column elementor-col-100 elementor-inner-column elementor-element elementor-element-62e1392d\" data-id=\"62e1392d\" data-element_type=\"column\" data-e-type=\"column\">\n\t\t\t<div class=\"elementor-widget-wrap elementor-element-populated\">\n\t\t\t\t\t\t<div class=\"elementor-element elementor-element-e7872b2 elementor-widget elementor-widget-text-editor\" data-id=\"e7872b2\" data-element_type=\"widget\" data-e-type=\"widget\" data-widget_type=\"text-editor.default\">\n\t\t\t\t<div class=\"elementor-widget-container\">\n\t\t\t\t\t\t\t\t\t<h3>Flest fra Syria og Eritrea<\/h3><p>De fleste asyls\u00f8kerne som kom til Norge i 2017 var kvinner og barn (58 prosent).<\/p><p>Syrere og eritreere utgjorde de to klart st\u00f8rste gruppen som s\u00f8kte asyl i Norge i 2017. Asyls\u00f8kere fra Syria og Eritrea f\u00e5r i stor grad beskyttelse i Norge.<\/p><p>Antall asyls\u00f8knader fra tyrkiske borgere \u00f8kte i 2017 sammenlignet med 2016. Les mer <a href=\"http:\/\/www.klassekampen.no\/article\/20180222\/ARTICLE\/180229990\" target=\"_blank\" rel=\"noopener\">her<\/a>.<\/p>\t\t\t\t\t\t\t\t<\/div>\n\t\t\t\t<\/div>\n\t\t\t\t\t<\/div>\n\t\t<\/div>\n\t\t\t\t\t<\/div>\n\t\t<\/section>\n\t\t\t\t\t<\/div>\n\t\t<\/div>\n\t\t\t\t\t<\/div>\n\t\t<\/section>\n\t\t\t\t<section class=\"elementor-section elementor-top-section elementor-element elementor-element-73772fb9 elementor-section-boxed elementor-section-height-default elementor-section-height-default\" data-id=\"73772fb9\" data-element_type=\"section\" data-e-type=\"section\">\n\t\t\t\t\t\t<div class=\"elementor-container elementor-column-gap-default\">\n\t\t\t\t\t<div class=\"elementor-column elementor-col-100 elementor-top-column elementor-element elementor-element-3c8e26df\" data-id=\"3c8e26df\" data-element_type=\"column\" data-e-type=\"column\">\n\t\t\t<div class=\"elementor-widget-wrap elementor-element-populated\">\n\t\t\t\t\t\t<div class=\"elementor-element elementor-element-2c6b87b8 elementor-widget elementor-widget-heading\" data-id=\"2c6b87b8\" data-element_type=\"widget\" data-e-type=\"widget\" data-widget_type=\"heading.default\">\n\t\t\t\t<div class=\"elementor-widget-container\">\n\t\t\t\t\t<h4 class=\"elementor-heading-title elementor-size-default\">HVEM F\u00c5R BLI?*<\/h4>\t\t\t\t<\/div>\n\t\t\t\t<\/div>\n\t\t\t\t<div class=\"elementor-element elementor-element-53044d2c elementor-widget elementor-widget-image\" data-id=\"53044d2c\" data-element_type=\"widget\" data-e-type=\"widget\" data-widget_type=\"image.default\">\n\t\t\t\t<div class=\"elementor-widget-container\">\n\t\t\t\t\t\t\t\t\t\t\t\t<figure class=\"wp-caption\">\n\t\t\t\t\t\t\t\t\t\t<img decoding=\"async\" width=\"1500\" height=\"358\" src=\"https:\/\/noas.no\/riketstilstand\/wp-content\/uploads\/2022\/09\/preshvemfa\u030arbli.png\" class=\"attachment-full size-full wp-image-4718\" alt=\"\" srcset=\"https:\/\/noas.no\/riketstilstand\/wp-content\/uploads\/2022\/09\/preshvemfa\u030arbli.png 1500w, https:\/\/noas.no\/riketstilstand\/wp-content\/uploads\/2022\/09\/preshvemfa\u030arbli-300x72.png 300w, https:\/\/noas.no\/riketstilstand\/wp-content\/uploads\/2022\/09\/preshvemfa\u030arbli-1024x244.png 1024w, https:\/\/noas.no\/riketstilstand\/wp-content\/uploads\/2022\/09\/preshvemfa\u030arbli-768x183.png 768w\" sizes=\"(max-width: 1500px) 100vw, 1500px\" \/>\t\t\t\t\t\t\t\t\t\t\t<figcaption class=\"widget-image-caption wp-caption-text\">KLIKK FOR \u00c5 GJ\u00d8RE BILDET ST\u00d8RRE<\/figcaption>\n\t\t\t\t\t\t\t\t\t\t<\/figure>\n\t\t\t\t\t\t\t\t\t<\/div>\n\t\t\t\t<\/div>\n\t\t\t\t\t<\/div>\n\t\t<\/div>\n\t\t\t\t\t<\/div>\n\t\t<\/section>\n\t\t\t\t<section class=\"elementor-section elementor-top-section elementor-element elementor-element-4993ea45 elementor-section-boxed elementor-section-height-default elementor-section-height-default\" data-id=\"4993ea45\" data-element_type=\"section\" data-e-type=\"section\">\n\t\t\t\t\t\t<div class=\"elementor-container elementor-column-gap-default\">\n\t\t\t\t\t<div class=\"elementor-column elementor-col-100 elementor-top-column elementor-element elementor-element-2f46870e\" data-id=\"2f46870e\" data-element_type=\"column\" data-e-type=\"column\">\n\t\t\t<div class=\"elementor-widget-wrap elementor-element-populated\">\n\t\t\t\t\t\t<div class=\"elementor-element elementor-element-49dc6319 elementor-widget elementor-widget-text-editor\" data-id=\"49dc6319\" data-element_type=\"widget\" data-e-type=\"widget\" data-widget_type=\"text-editor.default\">\n\t\t\t\t<div class=\"elementor-widget-container\">\n\t\t\t\t\t\t\t\t\t<p><em style=\"overflow-wrap: break-word; font-family: proxima-nova; letter-spacing: 0.3px;\">Foto \u00f8verst p\u00e5 siden: UNHCR\/Patrick Russo<\/em><br><\/p>\t\t\t\t\t\t\t\t<\/div>\n\t\t\t\t<\/div>\n\t\t\t\t\t<\/div>\n\t\t<\/div>\n\t\t\t\t\t<\/div>\n\t\t<\/section>\n\t\t\t\t<\/div>\n\t\t","protected":false},"excerpt":{"rendered":"<p>Statistikk 2017 Omtrent 2300 asyls\u00f8kere kom til Norge p\u00e5 egenh\u00e5nd i 2017. I tillegg ble omkring 1200 asyls\u00f8kere relokalisert til Norge fra Italia og Hellas. Det ble gitt opphold til nesten 70 prosent av personene som fikk s\u00f8knaden om beskyttelse behandlet i 2017. Du leser n\u00e5 Rikets tilstand fra 2017. Rikets tilstand p\u00e5 asylfeltet er [&hellip;]<\/p>\n","protected":false},"author":1,"featured_media":0,"parent":4505,"menu_order":0,"comment_status":"closed","ping_status":"closed","template":"","meta":{"_acf_changed":false,"site-sidebar-layout":"no-sidebar","site-content-layout":"plain-container","ast-site-content-layout":"default","site-content-style":"default","site-sidebar-style":"default","ast-global-header-display":"","ast-banner-title-visibility":"","ast-main-header-display":"","ast-hfb-above-header-display":"","ast-hfb-below-header-display":"","ast-hfb-mobile-header-display":"","site-post-title":"disabled","ast-breadcrumbs-content":"","ast-featured-img":"disabled","footer-sml-layout":"","ast-disable-related-posts":"","theme-transparent-header-meta":"default","adv-header-id-meta":"","stick-header-meta":"","header-above-stick-meta":"","header-main-stick-meta":"","header-below-stick-meta":"","astra-migrate-meta-layouts":"default","ast-page-background-enabled":"default","ast-page-background-meta":{"desktop":{"background-color":"var(--ast-global-color-4)","background-image":"","background-repeat":"repeat","background-position":"center center","background-size":"auto","background-attachment":"scroll","background-type":"","background-media":"","overlay-type":"","overlay-color":"","overlay-opacity":"","overlay-gradient":""},"tablet":{"background-color":"","background-image":"","background-repeat":"repeat","background-position":"center center","background-size":"auto","background-attachment":"scroll","background-type":"","background-media":"","overlay-type":"","overlay-color":"","overlay-opacity":"","overlay-gradient":""},"mobile":{"background-color":"","background-image":"","background-repeat":"repeat","background-position":"center center","background-size":"auto","background-attachment":"scroll","background-type":"","background-media":"","overlay-type":"","overlay-color":"","overlay-opacity":"","overlay-gradient":""}},"ast-content-background-meta":{"desktop":{"background-color":"var(--ast-global-color-5)","background-image":"","background-repeat":"repeat","background-position":"center center","background-size":"auto","background-attachment":"scroll","background-type":"","background-media":"","overlay-type":"","overlay-color":"","overlay-opacity":"","overlay-gradient":""},"tablet":{"background-color":"var(--ast-global-color-5)","background-image":"","background-repeat":"repeat","background-position":"center center","background-size":"auto","background-attachment":"scroll","background-type":"","background-media":"","overlay-type":"","overlay-color":"","overlay-opacity":"","overlay-gradient":""},"mobile":{"background-color":"var(--ast-global-color-5)","background-image":"","background-repeat":"repeat","background-position":"center center","background-size":"auto","background-attachment":"scroll","background-type":"","background-media":"","overlay-type":"","overlay-color":"","overlay-opacity":"","overlay-gradient":""}},"footnotes":""},"class_list":["post-4699","page","type-page","status-publish","hentry"],"acf":[],"_links":{"self":[{"href":"https:\/\/noas.no\/riketstilstand\/wp-json\/wp\/v2\/pages\/4699","targetHints":{"allow":["GET"]}}],"collection":[{"href":"https:\/\/noas.no\/riketstilstand\/wp-json\/wp\/v2\/pages"}],"about":[{"href":"https:\/\/noas.no\/riketstilstand\/wp-json\/wp\/v2\/types\/page"}],"author":[{"embeddable":true,"href":"https:\/\/noas.no\/riketstilstand\/wp-json\/wp\/v2\/users\/1"}],"replies":[{"embeddable":true,"href":"https:\/\/noas.no\/riketstilstand\/wp-json\/wp\/v2\/comments?post=4699"}],"version-history":[{"count":20,"href":"https:\/\/noas.no\/riketstilstand\/wp-json\/wp\/v2\/pages\/4699\/revisions"}],"predecessor-version":[{"id":6208,"href":"https:\/\/noas.no\/riketstilstand\/wp-json\/wp\/v2\/pages\/4699\/revisions\/6208"}],"up":[{"embeddable":true,"href":"https:\/\/noas.no\/riketstilstand\/wp-json\/wp\/v2\/pages\/4505"}],"wp:attachment":[{"href":"https:\/\/noas.no\/riketstilstand\/wp-json\/wp\/v2\/media?parent=4699"}],"curies":[{"name":"wp","href":"https:\/\/api.w.org\/{rel}","templated":true}]}}