{"id":4652,"date":"2022-09-17T06:37:48","date_gmt":"2022-09-17T06:37:48","guid":{"rendered":"https:\/\/noas.no\/riketstilstand\/?page_id=4652"},"modified":"2023-04-16T20:40:51","modified_gmt":"2023-04-16T20:40:51","slug":"storskog","status":"publish","type":"page","link":"https:\/\/noas.no\/riketstilstand\/2017-2\/storskog\/","title":{"rendered":"Storskog"},"content":{"rendered":"\t\t<div data-elementor-type=\"wp-page\" data-elementor-id=\"4652\" class=\"elementor elementor-4652\">\n\t\t\t\t\t\t<section class=\"elementor-section elementor-top-section elementor-element elementor-element-6ecc1f6 elementor-section-height-full elementor-section-content-middle elementor-section-stretched elementor-section-boxed elementor-section-height-default elementor-section-items-middle\" data-id=\"6ecc1f6\" data-element_type=\"section\" data-e-type=\"section\" data-settings=\"{&quot;background_background&quot;:&quot;classic&quot;,&quot;stretch_section&quot;:&quot;section-stretched&quot;}\">\n\t\t\t\t\t\t\t<div class=\"elementor-background-overlay\"><\/div>\n\t\t\t\t\t\t\t<div class=\"elementor-container elementor-column-gap-default\">\n\t\t\t\t\t<div class=\"elementor-column elementor-col-100 elementor-top-column elementor-element elementor-element-549a4b88\" data-id=\"549a4b88\" data-element_type=\"column\" data-e-type=\"column\">\n\t\t\t<div class=\"elementor-widget-wrap elementor-element-populated\">\n\t\t\t\t\t\t<div class=\"elementor-element elementor-element-50eb6a34 elementor-widget elementor-widget-heading\" data-id=\"50eb6a34\" data-element_type=\"widget\" data-e-type=\"widget\" data-widget_type=\"heading.default\">\n\t\t\t\t<div class=\"elementor-widget-container\">\n\t\t\t\t\t<h1 class=\"elementor-heading-title elementor-size-default\">Storskog 2017<\/h1>\t\t\t\t<\/div>\n\t\t\t\t<\/div>\n\t\t\t\t<div class=\"elementor-element elementor-element-c88af92 elementor-widget elementor-widget-text-editor\" data-id=\"c88af92\" data-element_type=\"widget\" data-e-type=\"widget\" data-widget_type=\"text-editor.default\">\n\t\t\t\t<div class=\"elementor-widget-container\">\n\t\t\t\t\t\t\t\t\t<p>H\u00f8sten 2015 kom omkring 5500 asyls\u00f8kere over den norsk-russiske grensen ved Storskog. Det f\u00f8rte til hasteinnstramninger og brudd p\u00e5 folkeretten.<\/p>\t\t\t\t\t\t\t\t<\/div>\n\t\t\t\t<\/div>\n\t\t\t\t\t<\/div>\n\t\t<\/div>\n\t\t\t\t\t<\/div>\n\t\t<\/section>\n\t\t\t\t<section class=\"elementor-section elementor-top-section elementor-element elementor-element-d20ec46 elementor-section-boxed elementor-section-height-default elementor-section-height-default\" data-id=\"d20ec46\" data-element_type=\"section\" data-e-type=\"section\">\n\t\t\t\t\t\t<div class=\"elementor-container elementor-column-gap-default\">\n\t\t\t\t\t<div class=\"elementor-column elementor-col-100 elementor-top-column elementor-element elementor-element-3747be5\" data-id=\"3747be5\" data-element_type=\"column\" data-e-type=\"column\">\n\t\t\t<div class=\"elementor-widget-wrap elementor-element-populated\">\n\t\t\t\t\t\t<div class=\"elementor-element elementor-element-d417426 elementor-widget elementor-widget-text-editor\" data-id=\"d417426\" data-element_type=\"widget\" data-e-type=\"widget\" data-widget_type=\"text-editor.default\">\n\t\t\t\t<div class=\"elementor-widget-container\">\n\t\t\t\t\t\t\t\t\t<p style=\"text-align: center;\"><em>Du leser n\u00e5 Rikets tilstand fra 2017. Rikets tilstand p\u00e5 asylfeltet er en \u00e5rlig statusrapport om Norges behandling av asyls\u00f8kere, laget av NOAS &#8211; Norsk organisasjon for asyls\u00f8kere.<\/em><\/p>\t\t\t\t\t\t\t\t<\/div>\n\t\t\t\t<\/div>\n\t\t\t\t\t<\/div>\n\t\t<\/div>\n\t\t\t\t\t<\/div>\n\t\t<\/section>\n\t\t\t\t<section class=\"elementor-section elementor-top-section elementor-element elementor-element-939d84c elementor-section-boxed elementor-section-height-default elementor-section-height-default\" data-id=\"939d84c\" data-element_type=\"section\" data-e-type=\"section\">\n\t\t\t\t\t\t<div class=\"elementor-container elementor-column-gap-default\">\n\t\t\t\t\t<div class=\"elementor-column elementor-col-50 elementor-top-column elementor-element elementor-element-7f43543\" data-id=\"7f43543\" data-element_type=\"column\" data-e-type=\"column\">\n\t\t\t<div class=\"elementor-widget-wrap elementor-element-populated\">\n\t\t\t\t\t\t<div class=\"elementor-element elementor-element-98d9fad elementor-widget elementor-widget-text-editor\" data-id=\"98d9fad\" data-element_type=\"widget\" data-e-type=\"widget\" data-widget_type=\"text-editor.default\">\n\t\t\t\t<div class=\"elementor-widget-container\">\n\t\t\t\t\t\t\t\t\t<p>Om lag en tredel av asyls\u00f8kerne som kom over Storskog i 2015 kom fra Syria, og andre store grupper var afghanere, irakere og pakistanere. 7-800 hadde oppholdstillatelse i Russland eller visum som ga dem mulighet til \u00e5 returnere. De aller fleste manglet oppholdstillatelse i Russland og hadde ikke rett til \u00e5 returnere dit.<\/p><h3>Hasteinnstramninger<\/h3><p>I november 2015 vedtok Stortinget <a href=\"https:\/\/www.stortinget.no\/no\/Saker-og-publikasjoner\/Saker\/Sak\/?p=63964\" target=\"_blank\" rel=\"noopener\">hasteinnstramninger<\/a> i utlendingsloven for \u00e5 hindre asylankomster over Storskog. Det ble vedtatt at Norge skulle kunne avvise asyls\u00f8kere og henvise dem til et s\u00e5kalt \u00abtrygt tredjeland\u00bb, selv om asyls\u00f8keren ikke vil ha tilgang til \u00e5 s\u00f8ke asyl og f\u00e5 saken sin behandlet i tredjelandet. \u00abTrygt tredjeland\u00bb-konseptet inneb\u00e6rer at en stat avviser en s\u00f8knad om asyl fordi personen kunne ha s\u00f8kt asyl, men ikke har s\u00f8kt eller ikke f\u00e5tt svar p\u00e5 en s\u00f8knad, i et annet land.<\/p><p>Stortinget vedtok ogs\u00e5 at regjeringen skulle kunne instruere Utlendingsnemnda (UNE), klageinstansen i asylsaker, om hvordan utlendingsloven skulle tolkes og skj\u00f8nn ut\u00f8ves.<\/p><p>Innstramningene ble hastebehandlet i Stortinget over en helg, uten komit\u00e9behandling og uten h\u00f8ringsrunde hvor faginstanser og uavhengige organisasjoner kunne uttale seg. Innstramningene var midlertidige, og skulle vare i to \u00e5r. I 2017 fremmet regjeringen <a href=\"https:\/\/www.stortinget.no\/no\/Saker-og-publikasjoner\/Saker\/Sak\/?p=67734\" target=\"_blank\" rel=\"noopener\">forslag om at innstramningene gj\u00f8res permanente<\/a>. Stortingsflertallet stemte ned forslag om at politisk styring av UNE skulle videref\u00f8res. Men det var ikke flertall for \u00e5 gjeninnf\u00f8re vilk\u00e5ret om at asyls\u00f8ker m\u00e5tte ha tilgang til asylprosedyre, for at realitetsbehandling av asyls\u00f8knad i Norge skal kunne avvises og s\u00f8ker henvises til \u00abtrygt tredjeland\u00bb.<\/p>\t\t\t\t\t\t\t\t<\/div>\n\t\t\t\t<\/div>\n\t\t\t\t\t<\/div>\n\t\t<\/div>\n\t\t\t\t<div class=\"elementor-column elementor-col-50 elementor-top-column elementor-element elementor-element-eaf9ef4\" data-id=\"eaf9ef4\" data-element_type=\"column\" data-e-type=\"column\">\n\t\t\t<div class=\"elementor-widget-wrap elementor-element-populated\">\n\t\t\t\t\t\t<div class=\"elementor-element elementor-element-8f6717e elementor-widget elementor-widget-text-editor\" data-id=\"8f6717e\" data-element_type=\"widget\" data-e-type=\"widget\" data-widget_type=\"text-editor.default\">\n\t\t\t\t<div class=\"elementor-widget-container\">\n\t\t\t\t\t\t\t\t\t<blockquote><p>\u201cEn asyls\u00f8knad kan bli avvist (ikke realitetsbehandlet) i Norge, selv om asyls\u00f8keren ikke vil f\u00e5 asyls\u00f8knaden behandlet i landet han eller hun henvises til.\u201d<\/p><\/blockquote>\t\t\t\t\t\t\t\t<\/div>\n\t\t\t\t<\/div>\n\t\t\t\t\t<\/div>\n\t\t<\/div>\n\t\t\t\t\t<\/div>\n\t\t<\/section>\n\t\t\t\t<section class=\"elementor-section elementor-top-section elementor-element elementor-element-a8baf3c elementor-section-boxed elementor-section-height-default elementor-section-height-default\" data-id=\"a8baf3c\" data-element_type=\"section\" data-e-type=\"section\">\n\t\t\t\t\t\t<div class=\"elementor-container elementor-column-gap-default\">\n\t\t\t\t\t<div class=\"elementor-column elementor-col-50 elementor-top-column elementor-element elementor-element-dedae99\" data-id=\"dedae99\" data-element_type=\"column\" data-e-type=\"column\">\n\t\t\t<div class=\"elementor-widget-wrap elementor-element-populated\">\n\t\t\t\t\t\t<div class=\"elementor-element elementor-element-caa181d elementor-widget elementor-widget-text-editor\" data-id=\"caa181d\" data-element_type=\"widget\" data-e-type=\"widget\" data-widget_type=\"text-editor.default\">\n\t\t\t\t<div class=\"elementor-widget-container\">\n\t\t\t\t\t\t\t\t\t<blockquote><p>\u201c\u00c5 fjerne grunnleggende rettssikkerhetsgarantier, inneb\u00e6rer folkerettsbrudd. \u201d<\/p><\/blockquote>\t\t\t\t\t\t\t\t<\/div>\n\t\t\t\t<\/div>\n\t\t\t\t\t<\/div>\n\t\t<\/div>\n\t\t\t\t<div class=\"elementor-column elementor-col-50 elementor-top-column elementor-element elementor-element-eb023c2\" data-id=\"eb023c2\" data-element_type=\"column\" data-e-type=\"column\">\n\t\t\t<div class=\"elementor-widget-wrap elementor-element-populated\">\n\t\t\t\t\t\t<div class=\"elementor-element elementor-element-fc16bb7 elementor-widget elementor-widget-text-editor\" data-id=\"fc16bb7\" data-element_type=\"widget\" data-e-type=\"widget\" data-widget_type=\"text-editor.default\">\n\t\t\t\t<div class=\"elementor-widget-container\">\n\t\t\t\t\t\t\t\t\t<p>En asyls\u00f8knad kan bli avvist (ikke realitetsbehandlet) i Norge, selv om asyls\u00f8keren ikke vil f\u00e5 asyls\u00f8knaden behandlet i landet han eller hun henvises til. Norge risikere dermed \u00e5 sende mennesker p\u00e5 flukt til land som deretter vil kunne sende personene tilbake til landet de flyktet fra, uten forsvarlig behandling av asyls\u00f8knaden.<\/p><p>\u00c5 fjerne grunnleggende rettssikkerhetsgarantier, inneb\u00e6rer folkerettsbrudd. Flyktninger har blitt avvist av Norge og sendt til Russland, for deretter \u00e5 risikere tvangsretur til Syria. Russland mener omr\u00e5der i Syria som er kontrollert av president Assads regime er trygge, og at syrere kan sendes tilbake dit. FNs h\u00f8ykommiss\u00e6r for flyktninger har dokumentert at Russland har sendt syrere hjem, og de har avverget en rekke utsendelser til Syria.<\/p><figure id=\"attachment_6998\" aria-describedby=\"caption-attachment-6998\" style=\"width: 652px\" class=\"wp-caption alignnone\"><img fetchpriority=\"high\" decoding=\"async\" class=\"wp-image-6998 size-full\" src=\"https:\/\/noas.no\/riketstilstand\/wp-content\/uploads\/2023\/04\/2485264.jpeg\" alt=\"\" width=\"652\" height=\"368\" srcset=\"https:\/\/noas.no\/riketstilstand\/wp-content\/uploads\/2023\/04\/2485264.jpeg 652w, https:\/\/noas.no\/riketstilstand\/wp-content\/uploads\/2023\/04\/2485264-300x169.jpeg 300w\" sizes=\"(max-width: 652px) 100vw, 652px\" \/><figcaption id=\"caption-attachment-6998\" class=\"wp-caption-text\">Ved \u00e5 avvise asyls\u00f8knader selv om asyls\u00f8kerne ikke sikres tilgang til asylprosedyre i landet de henvises til, risikerer Norge at flyktninger sendes videre til forf\u00f8lgelse i hjemlandet. Foto: Helge Mikalsen\/VG<\/figcaption><\/figure><p>Norges bruk av \u00abtrygt tredjeland\u00bb-konseptet bidrar til \u00e5 skyve ansvaret for verdens flyktninger over p\u00e5 stater n\u00e6rmere konfliktene, med stor risiko for at flyktninger blir sendt videre til forf\u00f8lgelse (\u201dkjederefoulment\u201d), fremfor \u00e5 bidra til fordeling av ansvaret for mennesker p\u00e5 flukt, i tr\u00e5d med flyktningkonvensjonens form\u00e5l.<\/p><p>Asyls\u00f8kere uten gyldig visum eller annen gyldig innreisetillatelse nektes innreise til Norge. <a href=\"https:\/\/noas.no\/riketstilstand\/2017-2\/stengte-grenser\/\">Les mer her.<\/a><\/p><h3>Regjeringen m\u00e5tte snu<\/h3><p>Blant asyls\u00f8kerne som ble nektet realitetsbehandling av asyls\u00f8knaden i Norge, var det personer med kortvarig visum til Russland, utg\u00e5tte oppholdstillatelser og personer som hadde oppholdt seg ulovlig i Russland. Russland nektet imidlertid \u00e5 ta tilbake asyls\u00f8kere uten lovlig oppholdstillatelse i Russland.<\/p><p>B\u00e5de politiet, Utlendingsdirektoratet (UDI) og UNE oppfordret regjeringen til \u00e5 oppheve instruksen som hindret mange hundre syriske flyktninger i \u00e5 f\u00e5 s\u00f8knaden om beskyttelse behandlet i Norge.<\/p><p>Regjeringen nektet f\u00f8rst, men m\u00e5tte etter hvert snu. Etter april 2016 fikk asyls\u00f8kere med utg\u00e5tt engangsvisum til Russland s\u00f8knaden behandlet i Norge. Etter november 2016 fikk ogs\u00e5 asyls\u00f8kere med utg\u00e5tt flerreisevisum eller utg\u00e5tt oppholdstillatelse sakene behandlet i Norge. Asyls\u00f8kerne hadde da ventet i mer enn et \u00e5r.<\/p><figure id=\"attachment_6999\" aria-describedby=\"caption-attachment-6999\" style=\"width: 1000px\" class=\"wp-caption alignnone\"><img decoding=\"async\" class=\"size-full wp-image-6999\" src=\"https:\/\/noas.no\/riketstilstand\/wp-content\/uploads\/2023\/04\/Ernastatsbudsjett2017.jpeg\" alt=\"\" width=\"1000\" height=\"558\" srcset=\"https:\/\/noas.no\/riketstilstand\/wp-content\/uploads\/2023\/04\/Ernastatsbudsjett2017.jpeg 1000w, https:\/\/noas.no\/riketstilstand\/wp-content\/uploads\/2023\/04\/Ernastatsbudsjett2017-300x167.jpeg 300w, https:\/\/noas.no\/riketstilstand\/wp-content\/uploads\/2023\/04\/Ernastatsbudsjett2017-768x429.jpeg 768w\" sizes=\"(max-width: 1000px) 100vw, 1000px\" \/><figcaption id=\"caption-attachment-6999\" class=\"wp-caption-text\">Russland nektet \u00e5 ta tilbake en del av asyls\u00f8kerne Norge \u00f8nsket \u00e5 sende dit, og den norske regjeringen m\u00e5tte snu og realitetsbehandle asyls\u00f8knadene. Foto: Stortinget<\/figcaption><\/figure><p>Personer med flerreisevisum eller oppholdstillatelse som ikke er utl\u00f8pt, risikerer fortsatt \u00e5 ikke f\u00e5 asyls\u00f8knaden vurdert i Norge.<\/p><p>Det finnes ogs\u00e5 eksempler p\u00e5 at UNE beslutter realitetsbehandling av saker, selv om asyls\u00f8kere har opphold i Russland. <a href=\"\/2017\/asylsaker-i-domstolen\">Les mer her<\/a> om en sak der asyls\u00f8keren fikk behandlet saken i Norge etter bistand fra NOAS\u2019 domstolsprosjekt.\u00a0<\/p>\t\t\t\t\t\t\t\t<\/div>\n\t\t\t\t<\/div>\n\t\t\t\t\t<\/div>\n\t\t<\/div>\n\t\t\t\t\t<\/div>\n\t\t<\/section>\n\t\t\t\t<section class=\"elementor-section elementor-top-section elementor-element elementor-element-bcc4e9b elementor-section-boxed elementor-section-height-default elementor-section-height-default\" data-id=\"bcc4e9b\" data-element_type=\"section\" data-e-type=\"section\">\n\t\t\t\t\t\t<div class=\"elementor-container elementor-column-gap-default\">\n\t\t\t\t\t<div class=\"elementor-column elementor-col-50 elementor-top-column elementor-element elementor-element-fbcf2c1\" data-id=\"fbcf2c1\" data-element_type=\"column\" data-e-type=\"column\">\n\t\t\t<div class=\"elementor-widget-wrap elementor-element-populated\">\n\t\t\t\t\t\t<div class=\"elementor-element elementor-element-00d2848 elementor-widget elementor-widget-text-editor\" data-id=\"00d2848\" data-element_type=\"widget\" data-e-type=\"widget\" data-widget_type=\"text-editor.default\">\n\t\t\t\t<div class=\"elementor-widget-container\">\n\t\t\t\t\t\t\t\t\t<blockquote><p>\u201cFolkerettslig ansvar kan ikke pulveriseres, slik norske myndigheter legger opp til gjennom behandlingen av Storskog-sakene. \u201d<\/p><\/blockquote>\t\t\t\t\t\t\t\t<\/div>\n\t\t\t\t<\/div>\n\t\t\t\t\t<\/div>\n\t\t<\/div>\n\t\t\t\t<div class=\"elementor-column elementor-col-50 elementor-top-column elementor-element elementor-element-c342d27\" data-id=\"c342d27\" data-element_type=\"column\" data-e-type=\"column\">\n\t\t\t<div class=\"elementor-widget-wrap elementor-element-populated\">\n\t\t\t\t\t\t<div class=\"elementor-element elementor-element-60aa494 elementor-widget elementor-widget-text-editor\" data-id=\"60aa494\" data-element_type=\"widget\" data-e-type=\"widget\" data-widget_type=\"text-editor.default\">\n\t\t\t\t<div class=\"elementor-widget-container\">\n\t\t\t\t\t\t\t\t\t<div id=\"block-yui_3_17_2_1_1522242511613_17800\" data-block-type=\"2\"><div><div><div><div id=\"block-yui_3_17_2_1_1522242511613_58066\" data-block-type=\"2\"><div><h3>Mange har forsvunnet<\/h3><p>Under 500 av asyls\u00f8kerne som kom over Storskog har blitt returnert til Russland. Noen f\u00e5 som ble sendt til Russland ble etterp\u00e5 hentet tilbake til Norge. I disse tilfellene ble det klart for norske myndigheter at personene risikerte \u00e5 bli sendt videre til hjemlandet, der de risikerte forf\u00f8lgelse.<\/p><p>Over 2000 personer som kom over Storskog har forsvunnet fra norske mottak, fordi de fryktet retur til Russland. Mange reiste videre til andre europeiske land, og en del av dem har senere blitt returnert til Norge etter\u00a0<a href=\"https:\/\/www.udi.no\/ord-og-begreper\/dublin-samarbeidet\/\" target=\"_blank\" rel=\"noopener\">Dublin-regelverket<\/a>\u00a0\u2013 som har som hovedregel at f\u00f8rste ankomstland i Europa er ansvarlig for \u00e5 behandle asyls\u00f8knaden.<\/p><p>Flere hundre av Storskog-asyls\u00f8kerne fikk f\u00f8rst avvisningsvedtak, men fikk senere mulighet til \u00e5 f\u00e5 asyls\u00f8knaden sin vurdert i Norge, etter at regjeringen m\u00e5tte snu.<\/p><\/div><\/div><\/div><\/div><div><div><div id=\"block-yui_3_17_2_1_1522055706980_24677\" data-block-type=\"2\"><div><h3>Politiet har brutt forvaltningsloven<\/h3><p>Etter initiativ fra NOAS, kom Sivilombudsmannen i januar 2018 med en\u00a0<a href=\"https:\/\/www.sivilombudsmannen.no\/uttalelser\/politiets-utlendingsenhets-underretning-vedtak-a-avvise-behandling-asylsoknader-storskogportefoljen\/\">uttalelse<\/a>\u00a0om at Politiets utlendingsenhet (PU) har brutt forvaltningsloven i en rekke Storskog-saker. PU har unnlatt \u00e5 informere asyls\u00f8kerne om at de har f\u00e5tt s\u00f8knaden avvist i Norge. Sivilombudsmannen ser med stort alvor p\u00e5 de systematiske lovbruddene, som inneb\u00e6rer at asyls\u00f8kere ikke har f\u00e5tt mulighet til \u00e5 klage p\u00e5 vedtakene om avvisning.<\/p><\/div><\/div><\/div><\/div><\/div><\/div>\t\t\t\t\t\t\t\t<\/div>\n\t\t\t\t<\/div>\n\t\t\t\t\t<\/div>\n\t\t<\/div>\n\t\t\t\t\t<\/div>\n\t\t<\/section>\n\t\t\t\t<section class=\"elementor-section elementor-top-section elementor-element elementor-element-27db119a elementor-section-boxed elementor-section-height-default elementor-section-height-default\" data-id=\"27db119a\" data-element_type=\"section\" data-e-type=\"section\">\n\t\t\t\t\t\t<div class=\"elementor-container elementor-column-gap-default\">\n\t\t\t\t\t<div class=\"elementor-column elementor-col-100 elementor-top-column elementor-element elementor-element-6d198274\" data-id=\"6d198274\" data-element_type=\"column\" data-e-type=\"column\">\n\t\t\t<div class=\"elementor-widget-wrap elementor-element-populated\">\n\t\t\t\t\t\t<div class=\"elementor-element elementor-element-b283313 elementor-widget-divider--view-line elementor-widget elementor-widget-divider\" data-id=\"b283313\" data-element_type=\"widget\" data-e-type=\"widget\" data-widget_type=\"divider.default\">\n\t\t\t\t<div class=\"elementor-widget-container\">\n\t\t\t\t\t\t\t<div class=\"elementor-divider\">\n\t\t\t<span class=\"elementor-divider-separator\">\n\t\t\t\t\t\t<\/span>\n\t\t<\/div>\n\t\t\t\t\t\t<\/div>\n\t\t\t\t<\/div>\n\t\t\t\t\t<\/div>\n\t\t<\/div>\n\t\t\t\t\t<\/div>\n\t\t<\/section>\n\t\t\t\t<section class=\"elementor-section elementor-top-section elementor-element elementor-element-f28e475 elementor-section-boxed elementor-section-height-default elementor-section-height-default\" data-id=\"f28e475\" data-element_type=\"section\" data-e-type=\"section\">\n\t\t\t\t\t\t<div class=\"elementor-container elementor-column-gap-default\">\n\t\t\t\t\t<div class=\"elementor-column elementor-col-100 elementor-top-column elementor-element elementor-element-7f805ec\" data-id=\"7f805ec\" data-element_type=\"column\" data-e-type=\"column\">\n\t\t\t<div class=\"elementor-widget-wrap\">\n\t\t\t\t\t\t\t<\/div>\n\t\t<\/div>\n\t\t\t\t\t<\/div>\n\t\t<\/section>\n\t\t\t\t<\/div>\n\t\t","protected":false},"excerpt":{"rendered":"<p>Storskog 2017 H\u00f8sten 2015 kom omkring 5500 asyls\u00f8kere over den norsk-russiske grensen ved Storskog. Det f\u00f8rte til hasteinnstramninger og brudd p\u00e5 folkeretten. Du leser n\u00e5 Rikets tilstand fra 2017. Rikets tilstand p\u00e5 asylfeltet er en \u00e5rlig statusrapport om Norges behandling av asyls\u00f8kere, laget av NOAS &#8211; Norsk organisasjon for asyls\u00f8kere. Om lag en tredel av [&hellip;]<\/p>\n","protected":false},"author":1,"featured_media":0,"parent":4505,"menu_order":0,"comment_status":"closed","ping_status":"closed","template":"","meta":{"_acf_changed":false,"site-sidebar-layout":"default","site-content-layout":"","ast-site-content-layout":"default","site-content-style":"default","site-sidebar-style":"default","ast-global-header-display":"","ast-banner-title-visibility":"","ast-main-header-display":"","ast-hfb-above-header-display":"","ast-hfb-below-header-display":"","ast-hfb-mobile-header-display":"","site-post-title":"","ast-breadcrumbs-content":"","ast-featured-img":"","footer-sml-layout":"","ast-disable-related-posts":"","theme-transparent-header-meta":"","adv-header-id-meta":"","stick-header-meta":"","header-above-stick-meta":"","header-main-stick-meta":"","header-below-stick-meta":"","astra-migrate-meta-layouts":"default","ast-page-background-enabled":"default","ast-page-background-meta":{"desktop":{"background-color":"var(--ast-global-color-4)","background-image":"","background-repeat":"repeat","background-position":"center center","background-size":"auto","background-attachment":"scroll","background-type":"","background-media":"","overlay-type":"","overlay-color":"","overlay-opacity":"","overlay-gradient":""},"tablet":{"background-color":"","background-image":"","background-repeat":"repeat","background-position":"center center","background-size":"auto","background-attachment":"scroll","background-type":"","background-media":"","overlay-type":"","overlay-color":"","overlay-opacity":"","overlay-gradient":""},"mobile":{"background-color":"","background-image":"","background-repeat":"repeat","background-position":"center center","background-size":"auto","background-attachment":"scroll","background-type":"","background-media":"","overlay-type":"","overlay-color":"","overlay-opacity":"","overlay-gradient":""}},"ast-content-background-meta":{"desktop":{"background-color":"var(--ast-global-color-5)","background-image":"","background-repeat":"repeat","background-position":"center center","background-size":"auto","background-attachment":"scroll","background-type":"","background-media":"","overlay-type":"","overlay-color":"","overlay-opacity":"","overlay-gradient":""},"tablet":{"background-color":"var(--ast-global-color-5)","background-image":"","background-repeat":"repeat","background-position":"center center","background-size":"auto","background-attachment":"scroll","background-type":"","background-media":"","overlay-type":"","overlay-color":"","overlay-opacity":"","overlay-gradient":""},"mobile":{"background-color":"var(--ast-global-color-5)","background-image":"","background-repeat":"repeat","background-position":"center center","background-size":"auto","background-attachment":"scroll","background-type":"","background-media":"","overlay-type":"","overlay-color":"","overlay-opacity":"","overlay-gradient":""}},"footnotes":""},"class_list":["post-4652","page","type-page","status-publish","hentry"],"acf":[],"_links":{"self":[{"href":"https:\/\/noas.no\/riketstilstand\/wp-json\/wp\/v2\/pages\/4652","targetHints":{"allow":["GET"]}}],"collection":[{"href":"https:\/\/noas.no\/riketstilstand\/wp-json\/wp\/v2\/pages"}],"about":[{"href":"https:\/\/noas.no\/riketstilstand\/wp-json\/wp\/v2\/types\/page"}],"author":[{"embeddable":true,"href":"https:\/\/noas.no\/riketstilstand\/wp-json\/wp\/v2\/users\/1"}],"replies":[{"embeddable":true,"href":"https:\/\/noas.no\/riketstilstand\/wp-json\/wp\/v2\/comments?post=4652"}],"version-history":[{"count":25,"href":"https:\/\/noas.no\/riketstilstand\/wp-json\/wp\/v2\/pages\/4652\/revisions"}],"predecessor-version":[{"id":7018,"href":"https:\/\/noas.no\/riketstilstand\/wp-json\/wp\/v2\/pages\/4652\/revisions\/7018"}],"up":[{"embeddable":true,"href":"https:\/\/noas.no\/riketstilstand\/wp-json\/wp\/v2\/pages\/4505"}],"wp:attachment":[{"href":"https:\/\/noas.no\/riketstilstand\/wp-json\/wp\/v2\/media?parent=4652"}],"curies":[{"name":"wp","href":"https:\/\/api.w.org\/{rel}","templated":true}]}}