{"id":4613,"date":"2022-09-16T19:09:53","date_gmt":"2022-09-16T19:09:53","guid":{"rendered":"https:\/\/noas.no\/riketstilstand\/?page_id=4613"},"modified":"2023-04-16T20:45:59","modified_gmt":"2023-04-16T20:45:59","slug":"stengte-grenser","status":"publish","type":"page","link":"https:\/\/noas.no\/riketstilstand\/2017-2\/stengte-grenser\/","title":{"rendered":"Stengte grenser"},"content":{"rendered":"\t\t<div data-elementor-type=\"wp-page\" data-elementor-id=\"4613\" class=\"elementor elementor-4613\">\n\t\t\t\t\t\t<section class=\"elementor-section elementor-top-section elementor-element elementor-element-6ecc1f6 elementor-section-height-full elementor-section-content-middle elementor-section-stretched elementor-section-boxed elementor-section-height-default elementor-section-items-middle\" data-id=\"6ecc1f6\" data-element_type=\"section\" data-e-type=\"section\" data-settings=\"{&quot;background_background&quot;:&quot;classic&quot;,&quot;stretch_section&quot;:&quot;section-stretched&quot;}\">\n\t\t\t\t\t\t\t<div class=\"elementor-background-overlay\"><\/div>\n\t\t\t\t\t\t\t<div class=\"elementor-container elementor-column-gap-default\">\n\t\t\t\t\t<div class=\"elementor-column elementor-col-100 elementor-top-column elementor-element elementor-element-549a4b88\" data-id=\"549a4b88\" data-element_type=\"column\" data-e-type=\"column\">\n\t\t\t<div class=\"elementor-widget-wrap elementor-element-populated\">\n\t\t\t\t\t\t<div class=\"elementor-element elementor-element-50eb6a34 elementor-widget elementor-widget-heading\" data-id=\"50eb6a34\" data-element_type=\"widget\" data-e-type=\"widget\" data-widget_type=\"heading.default\">\n\t\t\t\t<div class=\"elementor-widget-container\">\n\t\t\t\t\t<h1 class=\"elementor-heading-title elementor-size-default\">Stengte grenser 2017<\/h1>\t\t\t\t<\/div>\n\t\t\t\t<\/div>\n\t\t\t\t<div class=\"elementor-element elementor-element-c88af92 elementor-widget elementor-widget-text-editor\" data-id=\"c88af92\" data-element_type=\"widget\" data-e-type=\"widget\" data-widget_type=\"text-editor.default\">\n\t\t\t\t<div class=\"elementor-widget-container\">\n\t\t\t\t\t\t\t\t\t<p>Stengte grenser er den viktigste \u00e5rsaken til at det kom f\u00e5 asyls\u00f8kere til Norge i 2016 og 2017.<\/p>\t\t\t\t\t\t\t\t<\/div>\n\t\t\t\t<\/div>\n\t\t\t\t\t<\/div>\n\t\t<\/div>\n\t\t\t\t\t<\/div>\n\t\t<\/section>\n\t\t\t\t<section class=\"elementor-section elementor-top-section elementor-element elementor-element-565a7af elementor-section-boxed elementor-section-height-default elementor-section-height-default\" data-id=\"565a7af\" data-element_type=\"section\" data-e-type=\"section\">\n\t\t\t\t\t\t<div class=\"elementor-container elementor-column-gap-default\">\n\t\t\t\t\t<div class=\"elementor-column elementor-col-100 elementor-top-column elementor-element elementor-element-6ffba3a\" data-id=\"6ffba3a\" data-element_type=\"column\" data-e-type=\"column\">\n\t\t\t<div class=\"elementor-widget-wrap\">\n\t\t\t\t\t\t\t<\/div>\n\t\t<\/div>\n\t\t\t\t\t<\/div>\n\t\t<\/section>\n\t\t\t\t<section class=\"elementor-section elementor-top-section elementor-element elementor-element-27db119a elementor-section-boxed elementor-section-height-default elementor-section-height-default\" data-id=\"27db119a\" data-element_type=\"section\" data-e-type=\"section\">\n\t\t\t\t\t\t<div class=\"elementor-container elementor-column-gap-default\">\n\t\t\t\t\t<div class=\"elementor-column elementor-col-100 elementor-top-column elementor-element elementor-element-6d198274\" data-id=\"6d198274\" data-element_type=\"column\" data-e-type=\"column\">\n\t\t\t<div class=\"elementor-widget-wrap elementor-element-populated\">\n\t\t\t\t\t\t<div class=\"elementor-element elementor-element-800bef5 elementor-widget elementor-widget-text-editor\" data-id=\"800bef5\" data-element_type=\"widget\" data-e-type=\"widget\" data-widget_type=\"text-editor.default\">\n\t\t\t\t<div class=\"elementor-widget-container\">\n\t\t\t\t\t\t\t\t\t<p style=\"text-align: center;\"><em>Du leser n\u00e5 Rikets tilstand fra 2017. Rikets tilstand p\u00e5 asylfeltet er en \u00e5rlig statusrapport om Norges behandling av asyls\u00f8kere, laget av NOAS &#8211; Norsk organisasjon for asyls\u00f8kere.<\/em><\/p>\t\t\t\t\t\t\t\t<\/div>\n\t\t\t\t<\/div>\n\t\t\t\t<div class=\"elementor-element elementor-element-b283313 elementor-widget-divider--view-line elementor-widget elementor-widget-divider\" data-id=\"b283313\" data-element_type=\"widget\" data-e-type=\"widget\" data-widget_type=\"divider.default\">\n\t\t\t\t<div class=\"elementor-widget-container\">\n\t\t\t\t\t\t\t<div class=\"elementor-divider\">\n\t\t\t<span class=\"elementor-divider-separator\">\n\t\t\t\t\t\t<\/span>\n\t\t<\/div>\n\t\t\t\t\t\t<\/div>\n\t\t\t\t<\/div>\n\t\t\t\t<div class=\"elementor-element elementor-element-2fc62737 elementor-widget elementor-widget-text-editor\" data-id=\"2fc62737\" data-element_type=\"widget\" data-e-type=\"widget\" data-widget_type=\"text-editor.default\">\n\t\t\t\t<div class=\"elementor-widget-container\">\n\t\t\t\t\t\t\t\t\t<blockquote data-animation-role=\"quote\">\u201cEU-Tyrkia-avtalen har f\u00f8rt til at mennesker p\u00e5 flukt har blitt sittende fast i Hellas, uten tilgang til grunnleggende tjenester, tilstrekkelig husly, eller informasjon om sin rettslige status.\u201d<\/blockquote>\n\n<p style=\"white-space: pre-wrap;\">I 2015 s\u00f8kte 1,3 millioner mennesker asyl i Europa. Det var mer enn en fordobling fra 2014. Vi s\u00e5 omtrent samme tall i 2016, mens tallet falt til 700.000 i 2017.\n<\/p>\n\n<h3 style=\"white-space: pre-wrap;\">Stenges ute fra Europa<\/h3>\n<p style=\"white-space: pre-wrap;\">Tyrkia-Hellas og Libya-Italia er to vanlige fluktruter til Europa for asyls\u00f8kere, og begge disse rutene er n\u00e5 delvis stengt.<\/p>\n<p style=\"white-space: pre-wrap;\">I mars 2016 inngikk EU og Tyrkia en avtale om \u00e5 begrense ankomstene av asyls\u00f8kere fra Tyrkia til Hellas. Avtalen inneb\u00e6rer at asyls\u00f8kere kan sendes tilbake fra Hellas til Tyrkia uten \u00e5 f\u00e5 asyls\u00f8knaden vurdert i Europa. Avtalen sier at for hver syrer som blir sendt tilbake til Tyrkia, skal en annen syrer hentes til Europa. Det er satt et tak p\u00e5 72 000 syrere som skal gjenbosettes i et europeisk land p\u00e5 denne m\u00e5ten. Avtalen sier ogs\u00e5 at Tyrkia f\u00e5r to milliarder euro, og at EU skal sende 2 300 eksperter til Hellas for \u00e5 bidra til \u00e5 gjennomf\u00f8re avtalen.<\/p>\n<p style=\"white-space: pre-wrap;\">EU-Tyrkia-avtalen har f\u00f8rt til at mennesker p\u00e5 flukt har blitt sittende fast i Hellas, <a href=\"https:\/\/legerutengrenser.no\/land\/hellas\" target=\"_blank\" rel=\"noopener\">uten tilgang til grunnleggende tjenester, tilstrekkelig husly, eller informasjon om sin rettslige status<\/a>.<\/p>\n\n<h3 style=\"white-space: pre-wrap;\">Forverret situasjon i Tyrkia<\/h3>\n<p style=\"white-space: pre-wrap;\">I avtalen med EU anses Tyrkia som et trygt land \u00e5 returnere asyls\u00f8kere til.\u00a0<a href=\"http:\/\/www.noas.no\/wp-content\/uploads\/2016\/04\/NOAS-rapport-Tyrkia-april-2016.pdf\" target=\"_blank\" rel=\"noopener\">Tyrkias asylsystem har imidlertid store mangler<\/a>, og det er h\u00f8yst tvilsomt om asyls\u00f8keres rettssikkerhet vil bli ivaretatt ved retur dit. Greske ankeinstanser har stanset mange returer, fordi Tyrkia ikke anses som trygt.<\/p>\n<p style=\"white-space: pre-wrap;\">Etter det mislykkede kuppfors\u00f8ket mot president Recep Erdogan i juli 2016, har den tyrkiske presidenten gjennomf\u00f8rt storstilte politiske utrenskninger som har rammet alle samfunnsomr\u00e5der i Tyrkia. Journalister, advokater, dommere, l\u00e6rere, opposisjonspolitikere, politi og milit\u00e6rt personell har mistet jobben, blitt fengslet, torturert eller p\u00e5 andre m\u00e5ter straffet for p\u00e5st\u00e5tt eller p\u00e5vist kontakt med eller deltakelse i G\u00fclen-nettverket, som sto bak kuppfors\u00f8ket.<\/p>\n\n<figure id=\"attachment_7019\" aria-describedby=\"caption-attachment-7019\" style=\"width: 840px\" class=\"wp-caption alignnone\"><img fetchpriority=\"high\" decoding=\"async\" src=\"https:\/\/noas.no\/riketstilstand\/wp-content\/uploads\/2023\/04\/RF244796_AZ20160304-66595.jpeg\" alt=\"\" width=\"840\" height=\"630\" class=\"size-full wp-image-7019\" srcset=\"https:\/\/noas.no\/riketstilstand\/wp-content\/uploads\/2023\/04\/RF244796_AZ20160304-66595.jpeg 840w, https:\/\/noas.no\/riketstilstand\/wp-content\/uploads\/2023\/04\/RF244796_AZ20160304-66595-300x225.jpeg 300w, https:\/\/noas.no\/riketstilstand\/wp-content\/uploads\/2023\/04\/RF244796_AZ20160304-66595-768x576.jpeg 768w\" sizes=\"(max-width: 840px) 100vw, 840px\" \/><figcaption id=\"caption-attachment-7019\" class=\"wp-caption-text\">EU har inng\u00e5tt en avtale med Tyrkia for at asyls\u00f8kere ikke skal kunne reise fra Tyrkia til Europa. Dette til tross for at det er h\u00f8yst tvilsomt om asyls\u00f8kere vil f\u00e5 en rettssikker behandling i Tyrkia. FOTO: UNHCR\/ACHILLEAS ZAVALLIS<\/figcaption><\/figure>\n\n<p style=\"white-space: pre-wrap;\">Hardhendt utrenskning har sammen med fortsatt unntakstilstand bidratt til at det i dag ikke finnes reelt uavhengige medier i Tyrkia, og det kommer ut lite informasjon om situasjonen for over 3,3 millioner syriske flyktninger i landet.<\/p>\n<p style=\"white-space: pre-wrap;\">Erdogans utrenskninger har drevet mange tyrkere p\u00e5 flukt til Europa. <a href=\"\/2017\/statistikk\">I 2017 var tyrkere den tredje st\u00f8rste asyls\u00f8kergruppen til Norge.<\/a><\/p>\n<p style=\"white-space: pre-wrap;\">Tyrkia har i l\u00f8pet av de siste \u00e5rene bygget grensemur mot Syria p\u00e5 til sammen 500 kilometer og utvidet kapasiteten i interneringsleirer for flyktninger. Vinteren 2018 startet Tyrkia regul\u00e6r angrepskrig mot kurdisk-kontrollerte omr\u00e5der i Syria, for \u00e5 opprette en tyrkisk-kontrollert buffersone i de syriske grenseomr\u00e5dene mot Tyrkia.\n<\/p>\n\n<blockquote data-animation-role=\"quote\">\u201cI Libya hindres mennesker p\u00e5 flukt videre reise til Europa, og voksne og barn holdes i interneringssentre under inhumane forhold. \u201d<\/blockquote>\n\n<h3 style=\"white-space: pre-wrap;\">Brutal, umenneskelig behandling av mennesker p\u00e5 flukt i Libya<\/h3>\n<p style=\"white-space: pre-wrap;\">I Libya hindres mennesker p\u00e5 flukt videre reise til Europa, og voksne og barn holdes i interneringssentre under inhumane forhold. Dette er europeiske land med p\u00e5 \u00e5 finansiere, gjennom bevilgninger til libyske myndigheter. H\u00f8r mer <a href=\"https:\/\/tv.nrk.no\/serie\/dagsnytt-atten-tv\/NNFA56121317\/13-12-2017#t=30m53s\" target=\"_blank\" rel=\"noopener\">her<\/a>.<\/p>\n<p style=\"white-space: pre-wrap;\">H\u00f8sten 2017 slo Leger uten grenser alarm, og kom i en <a href=\"https:\/\/www.facebook.com\/leger.uten.grenser\/videos\/10155788798669456\/\" target=\"_blank\" rel=\"noopener\">video<\/a> med f\u00f8lgende melding:<\/p>\n<p style=\"white-space: pre-wrap;\"><em>\u201dN\u00e5 kommer det plutselig f\u00e6rre b\u00e5ter med folk som flykter fra Libya til Europa. Dette blir fors\u00f8kt bejublet som en suksess for Europas, Italias og Norges politikk. For det er jo bra at f\u00e6rre risikerer livet til havs? Men det politikerne ikke vil snakke om, er hvorfor dette skjer. De vil ikke snakke om den skitne avtalen de har inng\u00e5tt med libyske militsgrupper. De vil ikke at du skal h\u00f8re om de uskyldige menneskene som betaler prisen gjennom vilk\u00e5rlig fengsling, tortur, voldtekt, utpressing \u2013 i hendene til kriminelle nettverk i Libya.\u201d<\/em><\/p>\n<p style=\"white-space: pre-wrap;\">I november 2017 sendte Leger uten grenser et <a href=\"https:\/\/legerutengrenser.no\/nyheter\/apent-brev-til-europeiske-ledere\" target=\"_blank\" rel=\"noopener\">brev<\/a> til ledere i europeiske land for \u00e5 ford\u00f8mme det som skjer i Libya og understreke europeiske staters ansvar.\n<\/p>\n\n<h3 style=\"white-space: pre-wrap;\">Grensekontroller hindrer tilgang til Nord-Europa<\/h3>\n<p style=\"white-space: pre-wrap;\">Etter \u00f8kte asylankomster i 2015, har mange europeiske land innf\u00f8rt midlertidig grensekontroll p\u00e5 grenseoverganger internt i Europa \u2013 hvor det tidligere ikke var slik kontroll. Ved utgangen av 2017 hadde flere europeiske land <a href=\"\/2017\/stengte-grenser\">fortsatt grensekontroller<\/a>.<\/p>\n\n<figure id=\"attachment_7020\" aria-describedby=\"caption-attachment-7020\" style=\"width: 945px\" class=\"wp-caption alignnone\"><img decoding=\"async\" src=\"https:\/\/noas.no\/riketstilstand\/wp-content\/uploads\/2023\/04\/RF290516_de_170124_7954.jpeg\" alt=\"\" width=\"945\" height=\"630\" class=\"size-full wp-image-7020\" srcset=\"https:\/\/noas.no\/riketstilstand\/wp-content\/uploads\/2023\/04\/RF290516_de_170124_7954.jpeg 945w, https:\/\/noas.no\/riketstilstand\/wp-content\/uploads\/2023\/04\/RF290516_de_170124_7954-300x200.jpeg 300w, https:\/\/noas.no\/riketstilstand\/wp-content\/uploads\/2023\/04\/RF290516_de_170124_7954-768x512.jpeg 768w\" sizes=\"(max-width: 945px) 100vw, 945px\" \/><figcaption id=\"caption-attachment-7020\" class=\"wp-caption-text\">Mange europeiske land har innf\u00f8rt midlertidige grensekontroller, som hindrer mennesker p\u00e5 flukt i \u00e5 s\u00f8ke asyl Nord-Europa. her ser vi FLYKTNINGER som ST\u00c5R FAST I SERBIA. FOTO: UNHCR\/DANIEL ETTER<\/figcaption><\/figure>\n\n<p style=\"white-space: pre-wrap;\">For asyls\u00f8kere som klarer \u00e5 komme til Europa, betyr grensekontrollene at det er mye vanskeligere enn f\u00f8r \u00e5 reise nordover uten \u00e5 bli stoppet. Norges geografiske plassering gj\u00f8r at asyls\u00f8kere m\u00e5 krysse mange grenser f\u00f8r de kan komme hit og be om beskyttelse, og det er derfor langt f\u00e6rre som kommer fram til den norske grensen og kan fremme en s\u00f8knad om asyl her.<\/p>\n<p style=\"white-space: pre-wrap;\">I tillegg til EU-Tyrkia-avtalen f\u00f8rer stengte grenseoverganger til at mennesker p\u00e5 flukt sitter fast i Hellas. Det greske asylsystemet har blitt bedre de siste \u00e5rene, men er <a href=\"http:\/\/www.unhcr.org\/58d8e8e64.pdf?utm_source=ECRE+Newsletters&amp;utm_campaign=49168a052e-EMAIL_CAMPAIGN_2018_02_02&amp;utm_medium=email&amp;utm_term=0_3ec9497afd-49168a052e-420551921)\" target=\"_blank\" rel=\"noopener\">fortsatt overbelastet<\/a> og ikke i stand til \u00e5 sikre alle tilgang til asylprosedyre, tilfredsstillende mottaksforhold og god nok rettssikkerhet i asylsaksbehandlingen &#8211; s\u00e6rlig n\u00e5r det gjelder s\u00e5rbare s\u00f8kere. Til tross for Hellas\u2019 manglende kapasitet, har Norge gjenopptatt returer til Hellas gjennom <a href=\"https:\/\/www.udi.no\/ord-og-begreper\/dublin-samarbeidet\/\" target=\"_blank\" rel=\"noopener\">Dublin-regelverket<\/a>. Et <a href=\"https:\/\/www.stortinget.no\/no\/Saker-og-publikasjoner\/Publikasjoner\/Representantforslag\/2017-2018\/dok8-201718-092s\/\" target=\"_blank\" rel=\"noopener\">representantforslag<\/a> fra Sosialistisk Venstreparti og R\u00f8dt om stans i Dublin-returer til Hellas er v\u00e5ren 2018 til behandling i Stortinget.\n<\/p>\n\n<h3 style=\"white-space: pre-wrap;\">Nektes innreise til Norge<\/h3>\n<p style=\"white-space: pre-wrap;\">Det er i strid med Norges internasjonale forpliktelser \u00e5 nekte mennesker p\u00e5 flukt muligheten til \u00e5 s\u00f8ke asyl. Allikevel blir mennesker som \u00f8nsker \u00e5 s\u00f8ke asyl i Norge holdt tilbake fra den norsk-russiske grense av \u00a0russiske myndigheter, etter avtale med Norge. <a href=\"https:\/\/www.regjeringen.no\/no\/dokumenter\/instruks---rutiner-for-rask-handtering-av-personer-som-ankommer-over-norskrussisk-landegrense-storskog-uten-gyldig-visum-eller-annen-gyldig-innreisetillatelse-til-norge\/id2474019\/\" target=\"_blank\" rel=\"noopener\">Det er kun asyls\u00f8kere som har gyldig visum for innreise til Norge\/Schengen eller annen gyldig innreisetillatelse, som f\u00e5r mulighet til \u00e5 passere den norsk-russiske grenseovergangen ved Storskog.<\/a><\/p>\n<p style=\"white-space: pre-wrap;\">De asyls\u00f8kerne som har kommet over Storskog og f\u00e5tt tilgang til asylprosedyre i Norge, risikerer \u00e5 ikke f\u00e5 saken realitetsbehandlet i Norge og bli <a href=\"https:\/\/www.regjeringen.no\/no\/dokumenter\/gi-132015--rask-saksbehandling-for-asylsokere-som-har-hatt-opphold-i-russland-jf.-utlendingsloven--32-og-90\/id2468570\/?q=gi-13\/2015\" target=\"_blank\" rel=\"noopener\">henvist til Russland som \u00abtrygt tredjeland\u00bb<\/a>. Dette til tross for at tilgangen til \u00e5 s\u00f8ke om asyl i Russland er begrenset, og at en eventuell saksbehandling der <a href=\"https:\/\/landinfo.no\/asset\/3326\/1\/3326_1.pdf\" target=\"_blank\" rel=\"noopener\">ikke er rettssikker<\/a>.<\/p>\n<p style=\"white-space: pre-wrap;\">Les mer om Storskog-situasjonen <a href=\"\/2017\/storskog\">her<\/a>.<\/p>\n\n<blockquote data-animation-role=\"quote\">\u201cDet er i strid med Norges internasjonale forpliktelser \u00e5 nekte mennesker p\u00e5 flukt muligheten til \u00e5 s\u00f8ke asyl. Allikevel blir mennesker som \u00f8nsker \u00e5 s\u00f8ke asyl i Norge holdt tilbake fra den norsk-russiske grense av russiske myndigheter, etter avtale med Norge.\u201d<\/blockquote>\t\t\t\t\t\t\t\t<\/div>\n\t\t\t\t<\/div>\n\t\t\t\t\t<\/div>\n\t\t<\/div>\n\t\t\t\t\t<\/div>\n\t\t<\/section>\n\t\t\t\t<section class=\"elementor-section elementor-top-section elementor-element elementor-element-f28e475 elementor-section-boxed elementor-section-height-default elementor-section-height-default\" data-id=\"f28e475\" data-element_type=\"section\" data-e-type=\"section\">\n\t\t\t\t\t\t<div class=\"elementor-container elementor-column-gap-default\">\n\t\t\t\t\t<div class=\"elementor-column elementor-col-100 elementor-top-column elementor-element elementor-element-7f805ec\" data-id=\"7f805ec\" data-element_type=\"column\" data-e-type=\"column\">\n\t\t\t<div class=\"elementor-widget-wrap\">\n\t\t\t\t\t\t\t<\/div>\n\t\t<\/div>\n\t\t\t\t\t<\/div>\n\t\t<\/section>\n\t\t\t\t<\/div>\n\t\t","protected":false},"excerpt":{"rendered":"<p>Stengte grenser 2017 Stengte grenser er den viktigste \u00e5rsaken til at det kom f\u00e5 asyls\u00f8kere til Norge i 2016 og 2017. Du leser n\u00e5 Rikets tilstand fra 2017. Rikets tilstand p\u00e5 asylfeltet er en \u00e5rlig statusrapport om Norges behandling av asyls\u00f8kere, laget av NOAS &#8211; Norsk organisasjon for asyls\u00f8kere. \u201cEU-Tyrkia-avtalen har f\u00f8rt til at mennesker [&hellip;]<\/p>\n","protected":false},"author":1,"featured_media":0,"parent":4505,"menu_order":0,"comment_status":"closed","ping_status":"closed","template":"","meta":{"_acf_changed":false,"site-sidebar-layout":"default","site-content-layout":"","ast-site-content-layout":"default","site-content-style":"default","site-sidebar-style":"default","ast-global-header-display":"","ast-banner-title-visibility":"","ast-main-header-display":"","ast-hfb-above-header-display":"","ast-hfb-below-header-display":"","ast-hfb-mobile-header-display":"","site-post-title":"","ast-breadcrumbs-content":"","ast-featured-img":"","footer-sml-layout":"","ast-disable-related-posts":"","theme-transparent-header-meta":"","adv-header-id-meta":"","stick-header-meta":"","header-above-stick-meta":"","header-main-stick-meta":"","header-below-stick-meta":"","astra-migrate-meta-layouts":"default","ast-page-background-enabled":"default","ast-page-background-meta":{"desktop":{"background-color":"var(--ast-global-color-4)","background-image":"","background-repeat":"repeat","background-position":"center center","background-size":"auto","background-attachment":"scroll","background-type":"","background-media":"","overlay-type":"","overlay-color":"","overlay-opacity":"","overlay-gradient":""},"tablet":{"background-color":"","background-image":"","background-repeat":"repeat","background-position":"center center","background-size":"auto","background-attachment":"scroll","background-type":"","background-media":"","overlay-type":"","overlay-color":"","overlay-opacity":"","overlay-gradient":""},"mobile":{"background-color":"","background-image":"","background-repeat":"repeat","background-position":"center center","background-size":"auto","background-attachment":"scroll","background-type":"","background-media":"","overlay-type":"","overlay-color":"","overlay-opacity":"","overlay-gradient":""}},"ast-content-background-meta":{"desktop":{"background-color":"var(--ast-global-color-5)","background-image":"","background-repeat":"repeat","background-position":"center center","background-size":"auto","background-attachment":"scroll","background-type":"","background-media":"","overlay-type":"","overlay-color":"","overlay-opacity":"","overlay-gradient":""},"tablet":{"background-color":"var(--ast-global-color-5)","background-image":"","background-repeat":"repeat","background-position":"center center","background-size":"auto","background-attachment":"scroll","background-type":"","background-media":"","overlay-type":"","overlay-color":"","overlay-opacity":"","overlay-gradient":""},"mobile":{"background-color":"var(--ast-global-color-5)","background-image":"","background-repeat":"repeat","background-position":"center center","background-size":"auto","background-attachment":"scroll","background-type":"","background-media":"","overlay-type":"","overlay-color":"","overlay-opacity":"","overlay-gradient":""}},"footnotes":""},"class_list":["post-4613","page","type-page","status-publish","hentry"],"acf":[],"_links":{"self":[{"href":"https:\/\/noas.no\/riketstilstand\/wp-json\/wp\/v2\/pages\/4613","targetHints":{"allow":["GET"]}}],"collection":[{"href":"https:\/\/noas.no\/riketstilstand\/wp-json\/wp\/v2\/pages"}],"about":[{"href":"https:\/\/noas.no\/riketstilstand\/wp-json\/wp\/v2\/types\/page"}],"author":[{"embeddable":true,"href":"https:\/\/noas.no\/riketstilstand\/wp-json\/wp\/v2\/users\/1"}],"replies":[{"embeddable":true,"href":"https:\/\/noas.no\/riketstilstand\/wp-json\/wp\/v2\/comments?post=4613"}],"version-history":[{"count":19,"href":"https:\/\/noas.no\/riketstilstand\/wp-json\/wp\/v2\/pages\/4613\/revisions"}],"predecessor-version":[{"id":7023,"href":"https:\/\/noas.no\/riketstilstand\/wp-json\/wp\/v2\/pages\/4613\/revisions\/7023"}],"up":[{"embeddable":true,"href":"https:\/\/noas.no\/riketstilstand\/wp-json\/wp\/v2\/pages\/4505"}],"wp:attachment":[{"href":"https:\/\/noas.no\/riketstilstand\/wp-json\/wp\/v2\/media?parent=4613"}],"curies":[{"name":"wp","href":"https:\/\/api.w.org\/{rel}","templated":true}]}}