{"id":4580,"date":"2022-09-15T12:14:43","date_gmt":"2022-09-15T12:14:43","guid":{"rendered":"https:\/\/noas.no\/riketstilstand\/?page_id=4580"},"modified":"2023-05-23T11:31:28","modified_gmt":"2023-05-23T11:31:28","slug":"etiopia","status":"publish","type":"page","link":"https:\/\/noas.no\/riketstilstand\/2017-2\/landprofiler\/etiopia\/","title":{"rendered":"Etiopia"},"content":{"rendered":"\t\t<div data-elementor-type=\"wp-page\" data-elementor-id=\"4580\" class=\"elementor elementor-4580\">\n\t\t\t\t\t\t<section class=\"elementor-section elementor-top-section elementor-element elementor-element-26bbd5b elementor-section-height-min-height elementor-section-stretched elementor-section-boxed elementor-section-height-default elementor-section-items-middle\" data-id=\"26bbd5b\" data-element_type=\"section\" data-e-type=\"section\" data-settings=\"{&quot;background_background&quot;:&quot;classic&quot;,&quot;stretch_section&quot;:&quot;section-stretched&quot;}\">\n\t\t\t\t\t\t\t<div class=\"elementor-background-overlay\"><\/div>\n\t\t\t\t\t\t\t<div class=\"elementor-container elementor-column-gap-default\">\n\t\t\t\t\t<div class=\"elementor-column elementor-col-100 elementor-top-column elementor-element elementor-element-6914b06\" data-id=\"6914b06\" data-element_type=\"column\" data-e-type=\"column\">\n\t\t\t<div class=\"elementor-widget-wrap elementor-element-populated\">\n\t\t\t\t\t\t<div class=\"elementor-element elementor-element-f33beca elementor-widget elementor-widget-heading\" data-id=\"f33beca\" data-element_type=\"widget\" data-e-type=\"widget\" data-widget_type=\"heading.default\">\n\t\t\t\t<div class=\"elementor-widget-container\">\n\t\t\t\t\t<h4 class=\"elementor-heading-title elementor-size-default\">LANDPROFILER 2018<\/h4>\t\t\t\t<\/div>\n\t\t\t\t<\/div>\n\t\t\t\t<div class=\"elementor-element elementor-element-79ea877 elementor-widget elementor-widget-text-editor\" data-id=\"79ea877\" data-element_type=\"widget\" data-e-type=\"widget\" data-widget_type=\"text-editor.default\">\n\t\t\t\t<div class=\"elementor-widget-container\">\n\t\t\t\t\t\t\t\t\t<p>Utfordringer i Norges behandling av asylsaker fra enkeltland.<\/p>\t\t\t\t\t\t\t\t<\/div>\n\t\t\t\t<\/div>\n\t\t\t\t\t<\/div>\n\t\t<\/div>\n\t\t\t\t\t<\/div>\n\t\t<\/section>\n\t\t\t\t<section class=\"elementor-section elementor-top-section elementor-element elementor-element-6f5fe517 elementor-section-boxed elementor-section-height-default elementor-section-height-default\" data-id=\"6f5fe517\" data-element_type=\"section\" data-e-type=\"section\">\n\t\t\t\t\t\t<div class=\"elementor-container elementor-column-gap-default\">\n\t\t\t\t\t<div class=\"elementor-column elementor-col-100 elementor-top-column elementor-element elementor-element-5950ec02\" data-id=\"5950ec02\" data-element_type=\"column\" data-e-type=\"column\">\n\t\t\t<div class=\"elementor-widget-wrap elementor-element-populated\">\n\t\t\t\t\t\t<div class=\"elementor-element elementor-element-2b7291e8 elementor-widget elementor-widget-heading\" data-id=\"2b7291e8\" data-element_type=\"widget\" data-e-type=\"widget\" data-widget_type=\"heading.default\">\n\t\t\t\t<div class=\"elementor-widget-container\">\n\t\t\t\t\t<h2 class=\"elementor-heading-title elementor-size-default\"><a href=\"#\">Etiopia<\/a><\/h2>\t\t\t\t<\/div>\n\t\t\t\t<\/div>\n\t\t\t\t\t<\/div>\n\t\t<\/div>\n\t\t\t\t\t<\/div>\n\t\t<\/section>\n\t\t\t\t<section class=\"elementor-section elementor-top-section elementor-element elementor-element-7f834a2b elementor-section-boxed elementor-section-height-default elementor-section-height-default\" data-id=\"7f834a2b\" data-element_type=\"section\" data-e-type=\"section\">\n\t\t\t\t\t\t<div class=\"elementor-container elementor-column-gap-default\">\n\t\t\t\t\t<div class=\"elementor-column elementor-col-33 elementor-top-column elementor-element elementor-element-a604e71\" data-id=\"a604e71\" data-element_type=\"column\" data-e-type=\"column\">\n\t\t\t<div class=\"elementor-widget-wrap elementor-element-populated\">\n\t\t\t\t\t\t<div class=\"elementor-element elementor-element-aab6ede elementor-widget elementor-widget-image\" data-id=\"aab6ede\" data-element_type=\"widget\" data-e-type=\"widget\" data-widget_type=\"image.default\">\n\t\t\t\t<div class=\"elementor-widget-container\">\n\t\t\t\t\t\t\t\t\t\t\t\t\t\t\t<img fetchpriority=\"high\" decoding=\"async\" width=\"750\" height=\"750\" src=\"https:\/\/noas.no\/riketstilstand\/wp-content\/uploads\/2022\/09\/etiopiaoppdatert2018.png\" class=\"attachment-large size-large wp-image-5807\" alt=\"\" srcset=\"https:\/\/noas.no\/riketstilstand\/wp-content\/uploads\/2022\/09\/etiopiaoppdatert2018.png 750w, https:\/\/noas.no\/riketstilstand\/wp-content\/uploads\/2022\/09\/etiopiaoppdatert2018-300x300.png 300w, https:\/\/noas.no\/riketstilstand\/wp-content\/uploads\/2022\/09\/etiopiaoppdatert2018-150x150.png 150w\" sizes=\"(max-width: 750px) 100vw, 750px\" \/>\t\t\t\t\t\t\t\t\t\t\t\t\t\t\t<\/div>\n\t\t\t\t<\/div>\n\t\t\t\t<div class=\"elementor-element elementor-element-68798485 elementor-widget elementor-widget-button\" data-id=\"68798485\" data-element_type=\"widget\" data-e-type=\"widget\" data-widget_type=\"button.default\">\n\t\t\t\t<div class=\"elementor-widget-container\">\n\t\t\t\t\t\t\t\t\t<div class=\"elementor-button-wrapper\">\n\t\t\t\t\t<a class=\"elementor-button elementor-button-link elementor-size-md\" href=\"https:\/\/www.udiregelverk.no\/rettskilder\/udi-retningslinjer\/udi-2014-004\/\">\n\t\t\t\t\t\t<span class=\"elementor-button-content-wrapper\">\n\t\t\t\t\t\t\t\t\t<span class=\"elementor-button-text\">LES UDIS PRAKSISNOTAT FOR ETIOPIA<\/span>\n\t\t\t\t\t<\/span>\n\t\t\t\t\t<\/a>\n\t\t\t\t<\/div>\n\t\t\t\t\t\t\t\t<\/div>\n\t\t\t\t<\/div>\n\t\t\t\t\t<\/div>\n\t\t<\/div>\n\t\t\t\t<div class=\"elementor-column elementor-col-66 elementor-top-column elementor-element elementor-element-76ac99\" data-id=\"76ac99\" data-element_type=\"column\" data-e-type=\"column\">\n\t\t\t<div class=\"elementor-widget-wrap elementor-element-populated\">\n\t\t\t\t\t\t<div class=\"elementor-element elementor-element-1eb243df elementor-widget elementor-widget-text-editor\" data-id=\"1eb243df\" data-element_type=\"widget\" data-e-type=\"widget\" data-widget_type=\"text-editor.default\">\n\t\t\t\t<div class=\"elementor-widget-container\">\n\t\t\t\t\t\t\t\t\t<div id=\"block-119f37e685ac4bf883fa\" class=\"sqs-block html-block sqs-block-html\" data-block-type=\"2\"><div class=\"sqs-block-content\"><h2>Titusener arrestert i protester<\/h2><p>Siden v\u00e5ren 2014 har det v\u00e6rt mye uro i Etiopia knyttet til <a href=\"http:\/\/landinfo.no\/asset\/3424\/1\/3424_1.pdf\" target=\"_blank\" rel=\"noopener\">protester blant oromo-befolkningen<\/a>, som er den st\u00f8rste etniske gruppen i Etiopia. Demonstrasjonene har i hovedsak rettet seg mot etiopiske myndigheters planer om at landets hovedstand skal utvides inn p\u00e5 Oromias territorium. Demonstrasjoner har etter hvert spredd seg og f\u00e5tt \u00f8kt oppslutning. Situasjonen kulminerte med at det ble erkl\u00e6rt unntakstilstand h\u00f8sten 2016.\u00a0<a href=\"https:\/\/www.hrw.org\/report\/2016\/06\/16\/such-brutal-crackdown\/killings-and-arrests-response-ethiopias-oromo-protests\" target=\"_blank\" rel=\"noopener\">Titusener har blitt arrestert, og mange hundre er drept<\/a>\u00a0i protestene. Urolighetene har vedvart i 2017, og den store usikkerheten om den politiske situasjonen i landet <a href=\"http:\/\/www.bbc.com\/news\/world-africa-43113770?intlink_from_url=http:\/\/www.bbc.com\/news\/topics\/cwlw3xz047jt\/ethiopia&amp;link_location=live-reporting-story\" target=\"_blank\" rel=\"noopener\">f\u00f8rte til at statsministeren gikk av i februar 2018 og det ble innf\u00f8rt ny unntakstilstand<\/a>.<\/p><\/div><\/div><div id=\"block-yui_3_17_2_1_1522072185978_6678\" class=\"sqs-block quote-block sqs-block-quote null\" data-block-type=\"31\"><div class=\"sqs-block-content\"><figure class=\"block-animation-none\"><blockquote data-animation-role=\"quote\">\u201cTitusener har blitt arrestert, og mange hundre er drept i protestene.\u201d<\/blockquote><\/figure><\/div><\/div>\t\t\t\t\t\t\t\t<\/div>\n\t\t\t\t<\/div>\n\t\t\t\t\t<\/div>\n\t\t<\/div>\n\t\t\t\t\t<\/div>\n\t\t<\/section>\n\t\t\t\t<section class=\"elementor-section elementor-top-section elementor-element elementor-element-2b8b66dd elementor-section-boxed elementor-section-height-default elementor-section-height-default\" data-id=\"2b8b66dd\" data-element_type=\"section\" data-e-type=\"section\">\n\t\t\t\t\t\t<div class=\"elementor-container elementor-column-gap-default\">\n\t\t\t\t\t<div class=\"elementor-column elementor-col-33 elementor-top-column elementor-element elementor-element-75f5631c\" data-id=\"75f5631c\" data-element_type=\"column\" data-e-type=\"column\">\n\t\t\t<div class=\"elementor-widget-wrap elementor-element-populated\">\n\t\t\t\t\t\t<div class=\"elementor-element elementor-element-b6f1bea elementor-widget elementor-widget-text-editor\" data-id=\"b6f1bea\" data-element_type=\"widget\" data-e-type=\"widget\" data-widget_type=\"text-editor.default\">\n\t\t\t\t<div class=\"elementor-widget-container\">\n\t\t\t\t\t\t\t\t\t<blockquote><p>\u201cMange av de etiopiske asyls\u00f8kerne er ogs\u00e5 politisk aktive i Norge, noe etiopiske myndigheter vet og f\u00f8lger med p\u00e5.\u201d<\/p><\/blockquote>\t\t\t\t\t\t\t\t<\/div>\n\t\t\t\t<\/div>\n\t\t\t\t\t<\/div>\n\t\t<\/div>\n\t\t\t\t<div class=\"elementor-column elementor-col-33 elementor-top-column elementor-element elementor-element-6f50a0e5\" data-id=\"6f50a0e5\" data-element_type=\"column\" data-e-type=\"column\">\n\t\t\t<div class=\"elementor-widget-wrap elementor-element-populated\">\n\t\t\t\t\t\t<div class=\"elementor-element elementor-element-477fc3b3 elementor-widget elementor-widget-text-editor\" data-id=\"477fc3b3\" data-element_type=\"widget\" data-e-type=\"widget\" data-widget_type=\"text-editor.default\">\n\t\t\t\t<div class=\"elementor-widget-container\">\n\t\t\t\t\t\t\t\t\t<h3>Mange opposisjonelle f\u00e5r avslag<\/h3><p>Etiopia-sakene NOAS mottar, gjelder i all hovedsak frykt for reaksjoner p\u00e5 grunn av opposisjonell politisk aktivitet i hjemlandet \u2013 s\u00e6rlig deltakelse i demonstrasjoner mot myndighetene (se forrige avsnitt). Mange av de etiopiske asyls\u00f8kerne er ogs\u00e5 politisk aktive i Norge, noe etiopiske myndigheter vet og f\u00f8lger med p\u00e5.<\/p><p>I 2015 kom en del oromoer til Norge som hadde deltatt i protester mot den etiopiske regjeringen, og mange av dem har f\u00e5tt avslag. Norske utlendingsmyndigheter mener at det bare er personer som har hatt en ledende rolle i protestene som risikerer forf\u00f8lgelse ved retur til Etiopia. NOAS mener denne risiko-terskelen er for h\u00f8y, og at flere av dem som har f\u00e5tt avslag risikerer alvorlige overgrep ved retur.<\/p><p>For saker som gjelder politisk aktivitet i Norge, er terskelen enda h\u00f8yere. Det gis kun beskyttelse til personer som har en sentral rolle i ulovlige politiske partier eller grupperinger, og som etiopiske myndigheter vil anse som en trussel mot regimet ved retur<\/p>\t\t\t\t\t\t\t\t<\/div>\n\t\t\t\t<\/div>\n\t\t\t\t\t<\/div>\n\t\t<\/div>\n\t\t\t\t<div class=\"elementor-column elementor-col-33 elementor-top-column elementor-element elementor-element-5de67a9\" data-id=\"5de67a9\" data-element_type=\"column\" data-e-type=\"column\">\n\t\t\t<div class=\"elementor-widget-wrap\">\n\t\t\t\t\t\t\t<\/div>\n\t\t<\/div>\n\t\t\t\t\t<\/div>\n\t\t<\/section>\n\t\t\t\t<section class=\"elementor-section elementor-top-section elementor-element elementor-element-428fedfa elementor-section-boxed elementor-section-height-default elementor-section-height-default\" data-id=\"428fedfa\" data-element_type=\"section\" data-e-type=\"section\">\n\t\t\t\t\t\t<div class=\"elementor-container elementor-column-gap-default\">\n\t\t\t\t\t<div class=\"elementor-column elementor-col-100 elementor-top-column elementor-element elementor-element-5eb09b8b\" data-id=\"5eb09b8b\" data-element_type=\"column\" data-e-type=\"column\">\n\t\t\t<div class=\"elementor-widget-wrap elementor-element-populated\">\n\t\t\t\t\t\t<div class=\"elementor-element elementor-element-339961b0 elementor-widget elementor-widget-image\" data-id=\"339961b0\" data-element_type=\"widget\" data-e-type=\"widget\" data-widget_type=\"image.default\">\n\t\t\t\t<div class=\"elementor-widget-container\">\n\t\t\t\t\t\t\t\t\t\t\t\t<figure class=\"wp-caption\">\n\t\t\t\t\t\t\t\t\t\t<img decoding=\"async\" width=\"960\" height=\"540\" src=\"https:\/\/noas.no\/riketstilstand\/wp-content\/uploads\/2022\/09\/Photo-Gambella-city-residents-protest-killings-by-South-Sudan-refugees.jpg\" class=\"attachment-large size-large wp-image-5811\" alt=\"\" srcset=\"https:\/\/noas.no\/riketstilstand\/wp-content\/uploads\/2022\/09\/Photo-Gambella-city-residents-protest-killings-by-South-Sudan-refugees.jpg 960w, https:\/\/noas.no\/riketstilstand\/wp-content\/uploads\/2022\/09\/Photo-Gambella-city-residents-protest-killings-by-South-Sudan-refugees-300x169.jpg 300w, https:\/\/noas.no\/riketstilstand\/wp-content\/uploads\/2022\/09\/Photo-Gambella-city-residents-protest-killings-by-South-Sudan-refugees-768x432.jpg 768w\" sizes=\"(max-width: 960px) 100vw, 960px\" \/>\t\t\t\t\t\t\t\t\t\t\t<figcaption class=\"widget-image-caption wp-caption-text\">FOTO: MICHAL KNITL\/MOSTPHOTOS<\/figcaption>\n\t\t\t\t\t\t\t\t\t\t<\/figure>\n\t\t\t\t\t\t\t\t\t<\/div>\n\t\t\t\t<\/div>\n\t\t\t\t\t<\/div>\n\t\t<\/div>\n\t\t\t\t\t<\/div>\n\t\t<\/section>\n\t\t\t\t<section class=\"elementor-section elementor-top-section elementor-element elementor-element-3c574e74 elementor-section-boxed elementor-section-height-default elementor-section-height-default\" data-id=\"3c574e74\" data-element_type=\"section\" data-e-type=\"section\">\n\t\t\t\t\t\t<div class=\"elementor-container elementor-column-gap-default\">\n\t\t\t\t\t<div class=\"elementor-column elementor-col-33 elementor-top-column elementor-element elementor-element-580eca64\" data-id=\"580eca64\" data-element_type=\"column\" data-e-type=\"column\">\n\t\t\t<div class=\"elementor-widget-wrap\">\n\t\t\t\t\t\t\t<\/div>\n\t\t<\/div>\n\t\t\t\t<div class=\"elementor-column elementor-col-33 elementor-top-column elementor-element elementor-element-50b4ab94\" data-id=\"50b4ab94\" data-element_type=\"column\" data-e-type=\"column\">\n\t\t\t<div class=\"elementor-widget-wrap elementor-element-populated\">\n\t\t\t\t\t\t<div class=\"elementor-element elementor-element-513879ec elementor-widget elementor-widget-text-editor\" data-id=\"513879ec\" data-element_type=\"widget\" data-e-type=\"widget\" data-widget_type=\"text-editor.default\">\n\t\t\t\t<div class=\"elementor-widget-container\">\n\t\t\t\t\t\t\t\t\t<div class=\"row sqs-row\"><div class=\"col sqs-col-6 span-6\"><div id=\"block-yui_3_17_2_1_1523359094839_13161\" class=\"sqs-block html-block sqs-block-html\" data-block-type=\"2\"><div class=\"sqs-block-content\"><h3>F\u00e5 tvangsreturneres<\/h3><p>Tvangsretur til Etiopia er vanskelig \u00e5 gjennomf\u00f8re, og en del av etiopierne som kontakter NOAS har bodd lenge i Norge etter endelig avslag. I 2016 og 2017 s\u00e5 vi at en del etiopiere som har levd som papirl\u00f8se i Norge i flere \u00e5r, reiste videre til andre europeiske land og til Canada.<\/p><p>I 2017 s\u00e5 vi for f\u00f8rste gang at etiopiere ble tvangsreturnert til Etiopia uten pass, som er en ny utvikling og har skapt stor uro blant etiopiere. <a href=\"https:\/\/www.politiet.no\/globalassets\/04-aktuelt-tall-og-fakta\/uttransporteringer\/arsstatistikker\/manedsstatistikk-uttransporteringer-desember-2017.pdf\" target=\"_blank\" rel=\"noopener\">I 2017 ble totalt 20 personer som hadde s\u00f8kt asyl i Norge, uttransportert til Etiopia<\/a>.<\/p><\/div><\/div><\/div><div class=\"col sqs-col-3 span-3\"><div id=\"block-yui_3_17_2_1_1523359094839_20136\" class=\"sqs-block spacer-block sqs-block-spacer sized vsize-1\" data-block-type=\"21\"><div class=\"sqs-block-content\">\u00a0<\/div><\/div><\/div><\/div><div id=\"block-yui_3_17_2_1_1523363496705_9327\" class=\"sqs-block html-block sqs-block-html\" data-block-type=\"2\"><div class=\"sqs-block-content\"><p><em>Foto forsidebilde for landprofil Etiopia: Hentet <\/em><a href=\"https:\/\/hornaffairs.com\/2016\/04\/23\/ethiopia-protesters-stoned-gambella-president-car\/\" target=\"_blank\" rel=\"noopener\"><em>herfra<\/em><\/a><em>.<\/em><\/p><\/div><\/div>\t\t\t\t\t\t\t\t<\/div>\n\t\t\t\t<\/div>\n\t\t\t\t\t<\/div>\n\t\t<\/div>\n\t\t\t\t<div class=\"elementor-column elementor-col-33 elementor-top-column elementor-element elementor-element-68651aab\" data-id=\"68651aab\" data-element_type=\"column\" data-e-type=\"column\">\n\t\t\t<div class=\"elementor-widget-wrap elementor-element-populated\">\n\t\t\t\t\t\t\t<\/div>\n\t\t<\/div>\n\t\t\t\t\t<\/div>\n\t\t<\/section>\n\t\t\t\t<\/div>\n\t\t","protected":false},"excerpt":{"rendered":"<p>LANDPROFILER 2018 Utfordringer i Norges behandling av asylsaker fra enkeltland. Etiopia LES UDIS PRAKSISNOTAT FOR ETIOPIA Titusener arrestert i protester Siden v\u00e5ren 2014 har det v\u00e6rt mye uro i Etiopia knyttet til protester blant oromo-befolkningen, som er den st\u00f8rste etniske gruppen i Etiopia. Demonstrasjonene har i hovedsak rettet seg mot etiopiske myndigheters planer om at [&hellip;]<\/p>\n","protected":false},"author":1,"featured_media":0,"parent":4589,"menu_order":0,"comment_status":"closed","ping_status":"closed","template":"","meta":{"_acf_changed":false,"site-sidebar-layout":"default","site-content-layout":"","ast-site-content-layout":"default","site-content-style":"default","site-sidebar-style":"default","ast-global-header-display":"","ast-banner-title-visibility":"","ast-main-header-display":"","ast-hfb-above-header-display":"","ast-hfb-below-header-display":"","ast-hfb-mobile-header-display":"","site-post-title":"","ast-breadcrumbs-content":"","ast-featured-img":"","footer-sml-layout":"","ast-disable-related-posts":"","theme-transparent-header-meta":"","adv-header-id-meta":"","stick-header-meta":"","header-above-stick-meta":"","header-main-stick-meta":"","header-below-stick-meta":"","astra-migrate-meta-layouts":"default","ast-page-background-enabled":"default","ast-page-background-meta":{"desktop":{"background-color":"var(--ast-global-color-4)","background-image":"","background-repeat":"repeat","background-position":"center center","background-size":"auto","background-attachment":"scroll","background-type":"","background-media":"","overlay-type":"","overlay-color":"","overlay-opacity":"","overlay-gradient":""},"tablet":{"background-color":"","background-image":"","background-repeat":"repeat","background-position":"center center","background-size":"auto","background-attachment":"scroll","background-type":"","background-media":"","overlay-type":"","overlay-color":"","overlay-opacity":"","overlay-gradient":""},"mobile":{"background-color":"","background-image":"","background-repeat":"repeat","background-position":"center center","background-size":"auto","background-attachment":"scroll","background-type":"","background-media":"","overlay-type":"","overlay-color":"","overlay-opacity":"","overlay-gradient":""}},"ast-content-background-meta":{"desktop":{"background-color":"var(--ast-global-color-5)","background-image":"","background-repeat":"repeat","background-position":"center center","background-size":"auto","background-attachment":"scroll","background-type":"","background-media":"","overlay-type":"","overlay-color":"","overlay-opacity":"","overlay-gradient":""},"tablet":{"background-color":"var(--ast-global-color-5)","background-image":"","background-repeat":"repeat","background-position":"center center","background-size":"auto","background-attachment":"scroll","background-type":"","background-media":"","overlay-type":"","overlay-color":"","overlay-opacity":"","overlay-gradient":""},"mobile":{"background-color":"var(--ast-global-color-5)","background-image":"","background-repeat":"repeat","background-position":"center center","background-size":"auto","background-attachment":"scroll","background-type":"","background-media":"","overlay-type":"","overlay-color":"","overlay-opacity":"","overlay-gradient":""}},"footnotes":""},"class_list":["post-4580","page","type-page","status-publish","hentry"],"acf":[],"_links":{"self":[{"href":"https:\/\/noas.no\/riketstilstand\/wp-json\/wp\/v2\/pages\/4580","targetHints":{"allow":["GET"]}}],"collection":[{"href":"https:\/\/noas.no\/riketstilstand\/wp-json\/wp\/v2\/pages"}],"about":[{"href":"https:\/\/noas.no\/riketstilstand\/wp-json\/wp\/v2\/types\/page"}],"author":[{"embeddable":true,"href":"https:\/\/noas.no\/riketstilstand\/wp-json\/wp\/v2\/users\/1"}],"replies":[{"embeddable":true,"href":"https:\/\/noas.no\/riketstilstand\/wp-json\/wp\/v2\/comments?post=4580"}],"version-history":[{"count":25,"href":"https:\/\/noas.no\/riketstilstand\/wp-json\/wp\/v2\/pages\/4580\/revisions"}],"predecessor-version":[{"id":7573,"href":"https:\/\/noas.no\/riketstilstand\/wp-json\/wp\/v2\/pages\/4580\/revisions\/7573"}],"up":[{"embeddable":true,"href":"https:\/\/noas.no\/riketstilstand\/wp-json\/wp\/v2\/pages\/4589"}],"wp:attachment":[{"href":"https:\/\/noas.no\/riketstilstand\/wp-json\/wp\/v2\/media?parent=4580"}],"curies":[{"name":"wp","href":"https:\/\/api.w.org\/{rel}","templated":true}]}}