{"id":4542,"date":"2022-09-15T09:59:59","date_gmt":"2022-09-15T09:59:59","guid":{"rendered":"https:\/\/noas.no\/riketstilstand\/?page_id=4542"},"modified":"2023-05-23T11:34:47","modified_gmt":"2023-05-23T11:34:47","slug":"somalia","status":"publish","type":"page","link":"https:\/\/noas.no\/riketstilstand\/2016-2\/landprofiler\/somalia\/","title":{"rendered":"Somalia"},"content":{"rendered":"\t\t<div data-elementor-type=\"wp-page\" data-elementor-id=\"4542\" class=\"elementor elementor-4542\">\n\t\t\t\t\t\t<section class=\"elementor-section elementor-top-section elementor-element elementor-element-20436071 elementor-section-full_width elementor-section-height-min-height elementor-section-height-default elementor-section-items-middle\" data-id=\"20436071\" data-element_type=\"section\" data-e-type=\"section\" data-settings=\"{&quot;background_background&quot;:&quot;classic&quot;}\">\n\t\t\t\t\t\t<div class=\"elementor-container elementor-column-gap-default\">\n\t\t\t\t\t<div class=\"elementor-column elementor-col-100 elementor-top-column elementor-element elementor-element-37082acb\" data-id=\"37082acb\" data-element_type=\"column\" data-e-type=\"column\">\n\t\t\t<div class=\"elementor-widget-wrap elementor-element-populated\">\n\t\t\t\t\t\t<div class=\"elementor-element elementor-element-2e9db627 elementor-widget elementor-widget-heading\" data-id=\"2e9db627\" data-element_type=\"widget\" data-e-type=\"widget\" data-widget_type=\"heading.default\">\n\t\t\t\t<div class=\"elementor-widget-container\">\n\t\t\t\t\t<h1 class=\"elementor-heading-title elementor-size-default\">Landprofiler 2017<\/h1>\t\t\t\t<\/div>\n\t\t\t\t<\/div>\n\t\t\t\t\t<\/div>\n\t\t<\/div>\n\t\t\t\t\t<\/div>\n\t\t<\/section>\n\t\t\t\t<section class=\"elementor-section elementor-top-section elementor-element elementor-element-64f0caa0 elementor-section-boxed elementor-section-height-default elementor-section-height-default\" data-id=\"64f0caa0\" data-element_type=\"section\" data-e-type=\"section\">\n\t\t\t\t\t\t<div class=\"elementor-container elementor-column-gap-default\">\n\t\t\t\t\t<div class=\"elementor-column elementor-col-100 elementor-top-column elementor-element elementor-element-68888a3b\" data-id=\"68888a3b\" data-element_type=\"column\" data-e-type=\"column\">\n\t\t\t<div class=\"elementor-widget-wrap elementor-element-populated\">\n\t\t\t\t\t\t<div class=\"elementor-element elementor-element-7b86ae8b elementor-widget elementor-widget-heading\" data-id=\"7b86ae8b\" data-element_type=\"widget\" data-e-type=\"widget\" data-widget_type=\"heading.default\">\n\t\t\t\t<div class=\"elementor-widget-container\">\n\t\t\t\t\t<h2 class=\"elementor-heading-title elementor-size-default\"><a href=\"#\">SOMALIA<\/a><\/h2>\t\t\t\t<\/div>\n\t\t\t\t<\/div>\n\t\t\t\t\t<\/div>\n\t\t<\/div>\n\t\t\t\t\t<\/div>\n\t\t<\/section>\n\t\t\t\t<section class=\"elementor-section elementor-top-section elementor-element elementor-element-5502444b elementor-section-boxed elementor-section-height-default elementor-section-height-default\" data-id=\"5502444b\" data-element_type=\"section\" data-e-type=\"section\">\n\t\t\t\t\t\t<div class=\"elementor-container elementor-column-gap-default\">\n\t\t\t\t\t<div class=\"elementor-column elementor-col-33 elementor-top-column elementor-element elementor-element-62a8a51a\" data-id=\"62a8a51a\" data-element_type=\"column\" data-e-type=\"column\">\n\t\t\t<div class=\"elementor-widget-wrap elementor-element-populated\">\n\t\t\t\t\t\t<div class=\"elementor-element elementor-element-271292b6 elementor-widget elementor-widget-image\" data-id=\"271292b6\" data-element_type=\"widget\" data-e-type=\"widget\" data-widget_type=\"image.default\">\n\t\t\t\t<div class=\"elementor-widget-container\">\n\t\t\t\t\t\t\t\t\t\t\t\t\t\t\t<img fetchpriority=\"high\" decoding=\"async\" width=\"500\" height=\"583\" src=\"https:\/\/noas.no\/riketstilstand\/wp-content\/uploads\/2022\/09\/image-asset-7-1.png\" class=\"attachment-large size-large wp-image-6331\" alt=\"\" srcset=\"https:\/\/noas.no\/riketstilstand\/wp-content\/uploads\/2022\/09\/image-asset-7-1.png 500w, https:\/\/noas.no\/riketstilstand\/wp-content\/uploads\/2022\/09\/image-asset-7-1-257x300.png 257w\" sizes=\"(max-width: 500px) 100vw, 500px\" \/>\t\t\t\t\t\t\t\t\t\t\t\t\t\t\t<\/div>\n\t\t\t\t<\/div>\n\t\t\t\t<div class=\"elementor-element elementor-element-5ace0b8f elementor-widget elementor-widget-button\" data-id=\"5ace0b8f\" data-element_type=\"widget\" data-e-type=\"widget\" data-widget_type=\"button.default\">\n\t\t\t\t<div class=\"elementor-widget-container\">\n\t\t\t\t\t\t\t\t\t<div class=\"elementor-button-wrapper\">\n\t\t\t\t\t<a class=\"elementor-button elementor-button-link elementor-size-md\" href=\"https:\/\/www.udiregelverk.no\/rettskilder\/udi-retningslinjer\/udi-2014-004\/\">\n\t\t\t\t\t\t<span class=\"elementor-button-content-wrapper\">\n\t\t\t\t\t\t\t\t\t<span class=\"elementor-button-text\">LES UDIS PRAKSISNOTAT FOR SOMALIA<\/span>\n\t\t\t\t\t<\/span>\n\t\t\t\t\t<\/a>\n\t\t\t\t<\/div>\n\t\t\t\t\t\t\t\t<\/div>\n\t\t\t\t<\/div>\n\t\t\t\t\t<\/div>\n\t\t<\/div>\n\t\t\t\t<div class=\"elementor-column elementor-col-66 elementor-top-column elementor-element elementor-element-a9b47b8\" data-id=\"a9b47b8\" data-element_type=\"column\" data-e-type=\"column\">\n\t\t\t<div class=\"elementor-widget-wrap elementor-element-populated\">\n\t\t\t\t\t\t<div class=\"elementor-element elementor-element-6def8f42 elementor-widget elementor-widget-text-editor\" data-id=\"6def8f42\" data-element_type=\"widget\" data-e-type=\"widget\" data-widget_type=\"text-editor.default\">\n\t\t\t\t<div class=\"elementor-widget-container\">\n\t\t\t\t\t\t\t\t\t<div id=\"block-916ab0b7b784bdd1a3f9\" class=\"sqs-block html-block sqs-block-html\" data-block-type=\"2\"><div id=\"yui_3_17_2_1_1662978505691_327\" class=\"sqs-block-content\"><p>Forholdene i Somalia er forbedret i l\u00f8pet av de siste \u00e5rene. Langt f\u00e6rre asyls\u00f8kerne anses \u00e5 ha beskyttelsesbehov, og andelen som f\u00e5r avslag har \u00f8kt. Situasjonen i landet kan likevel ikke anses som stabil. Den militante islamistgruppen <a href=\"https:\/\/snl.no\/al-Shabaab\" target=\"_blank\" rel=\"noopener\">al-Shabaab<\/a> har riktignok mistet den formelle kontrollen i en del omr\u00e5der, men er fortsatt til stede i stor grad, og gjennomf\u00f8rer mange m\u00e5lrettede angrep i Mogadishu og andre omr\u00e5der som formelt sett er under myndighetskontroll.<\/p><p>Mange somaliere som har v\u00e6rt i Norge i flere \u00e5r, risikerer \u00e5 miste oppholdstillatelsen. Det skyldes enten at asyls\u00f8kere ga feil informasjon om sin identitet da de kom til Norge, eller at norske myndigheter mener at sikkerhetssituasjonen i hjemlandet er tilstrekkelig forbedret til at de kan sendes tilbake. I siste tilfelle mister de flyktningstatusen i Norge fordi de ikke lenger anses \u00e5 ha beskyttelsesbehov.<\/p><\/div><\/div>\t\t\t\t\t\t\t\t<\/div>\n\t\t\t\t<\/div>\n\t\t\t\t\t<\/div>\n\t\t<\/div>\n\t\t\t\t\t<\/div>\n\t\t<\/section>\n\t\t\t\t<section class=\"elementor-section elementor-top-section elementor-element elementor-element-7d7c45b7 elementor-section-boxed elementor-section-height-default elementor-section-height-default\" data-id=\"7d7c45b7\" data-element_type=\"section\" data-e-type=\"section\">\n\t\t\t\t\t\t<div class=\"elementor-container elementor-column-gap-default\">\n\t\t\t\t\t<div class=\"elementor-column elementor-col-100 elementor-top-column elementor-element elementor-element-5b10396f\" data-id=\"5b10396f\" data-element_type=\"column\" data-e-type=\"column\">\n\t\t\t<div class=\"elementor-widget-wrap elementor-element-populated\">\n\t\t\t\t\t\t<div class=\"elementor-element elementor-element-322973bb elementor-widget elementor-widget-text-editor\" data-id=\"322973bb\" data-element_type=\"widget\" data-e-type=\"widget\" data-widget_type=\"text-editor.default\">\n\t\t\t\t<div class=\"elementor-widget-container\">\n\t\t\t\t\t\t\t\t\t<div id=\"block-yui_3_17_2_22_1496322062276_13078\" class=\"sqs-block html-block sqs-block-html\" data-block-type=\"2\"><div class=\"sqs-block-content\"><ul data-rte-list=\"default\"><li><p>1600 somaliere som kom til Norge mellom 2012 og 2014 risikerer \u00e5 f\u00e5 <a href=\"https:\/\/www.riketstilstand.noas.no\/2016\/opphor\">trukket tilbake flyktningstatusen sin<\/a> p\u00e5 grunn av forbedret sikkerhetssituasjon i hjemlandet<\/p><\/li><li><p>Flere hundre somaliere som kom til Norge sent p\u00e5 90-tallet og tidlig p\u00e5 2000-tallet f\u00e5r n\u00e5 sakene sine gjennomg\u00e5tt p\u00e5 nytt. Der tillatelsen er basert p\u00e5 feil informasjon, kan den trekkes tilbake.\u00a0<\/p><\/li><\/ul><\/div><\/div><div id=\"yui_3_17_2_1_1663956121628_349\" class=\"row sqs-row\"><div class=\"col sqs-col-2 span-2\"><div id=\"block-yui_3_17_2_40_1496042355005_14011\" class=\"sqs-block spacer-block sqs-block-spacer sized vsize-1\" data-block-type=\"21\"><div class=\"sqs-block-content\">\u00a0<\/div><\/div><\/div><div id=\"yui_3_17_2_1_1663956121628_348\" class=\"col sqs-col-8 span-8\"><div id=\"block-yui_3_17_2_40_1496042355005_21302\" class=\"sqs-block html-block sqs-block-html\" data-block-type=\"2\"><div id=\"yui_3_17_2_1_1663956121628_347\" class=\"sqs-block-content\"><h2>Tilbakekall p\u00e5 grunn av feil informasjon<\/h2><p>Tilbakekall av statsborgerskap eller oppholdstillatelse fordi asyls\u00f8kere tidligere har oppgitt feil informasjon om sin identitet, er et tema som har f\u00e5tt mye oppmerksomhet vinteren 2017. UDI gjennomg\u00e5r n\u00e5 mange gamle asylsaker. Personer som har oppgitt feil informasjon om sin identitet, risikerer \u00e5 miste oppholdsgrunnlaget i Norge, selv om de har bodd i landet i flere ti\u00e5r. Det gjelder ingen foreldelsesfrist for \u00e5 trekke tilbake oppholdstillatelse eller statsborgerskap, og ogs\u00e5 barn og barnebarn rammes.<\/p><p id=\"yui_3_17_2_1_1663956121628_346\">UDI har f\u00e5tt p\u00e5legg om \u00e5 prioritere arbeidet med tilbakekall h\u00f8yere enn f\u00f8r. De jobber med 500 saker hvor det er aktuelt \u00e5 trekke tilbake statsborgerskap. I tillegg er det mange som risikerer \u00e5 miste oppholdstillatelsen i Norge. Mange av sakene gjelder somaliere. Prosessen har blitt kritisert for \u00e5 v\u00e6re lite rettssikker, og i flere m\u00e5neder har det v\u00e6rt mye politisk diskusjon om temaet.<\/p><\/div><\/div><\/div><\/div>\t\t\t\t\t\t\t\t<\/div>\n\t\t\t\t<\/div>\n\t\t\t\t\t<\/div>\n\t\t<\/div>\n\t\t\t\t\t<\/div>\n\t\t<\/section>\n\t\t\t\t<section class=\"elementor-section elementor-top-section elementor-element elementor-element-5712f7b7 elementor-section-boxed elementor-section-height-default elementor-section-height-default\" data-id=\"5712f7b7\" data-element_type=\"section\" data-e-type=\"section\">\n\t\t\t\t\t\t<div class=\"elementor-container elementor-column-gap-default\">\n\t\t\t\t\t<div class=\"elementor-column elementor-col-100 elementor-top-column elementor-element elementor-element-3870a5a6\" data-id=\"3870a5a6\" data-element_type=\"column\" data-e-type=\"column\">\n\t\t\t<div class=\"elementor-widget-wrap elementor-element-populated\">\n\t\t\t\t\t\t<div class=\"elementor-element elementor-element-48bf380c elementor-widget elementor-widget-image\" data-id=\"48bf380c\" data-element_type=\"widget\" data-e-type=\"widget\" data-widget_type=\"image.default\">\n\t\t\t\t<div class=\"elementor-widget-container\">\n\t\t\t\t\t\t\t\t\t\t\t\t<figure class=\"wp-caption\">\n\t\t\t\t\t\t\t\t\t\t<img decoding=\"async\" width=\"951\" height=\"630\" src=\"https:\/\/noas.no\/riketstilstand\/wp-content\/uploads\/2022\/09\/image-asset-2-1.jpeg\" class=\"attachment-large size-large wp-image-6332\" alt=\"\" srcset=\"https:\/\/noas.no\/riketstilstand\/wp-content\/uploads\/2022\/09\/image-asset-2-1.jpeg 951w, https:\/\/noas.no\/riketstilstand\/wp-content\/uploads\/2022\/09\/image-asset-2-1-300x199.jpeg 300w, https:\/\/noas.no\/riketstilstand\/wp-content\/uploads\/2022\/09\/image-asset-2-1-768x509.jpeg 768w\" sizes=\"(max-width: 951px) 100vw, 951px\" \/>\t\t\t\t\t\t\t\t\t\t\t<figcaption class=\"widget-image-caption wp-caption-text\">FOTO: MICHAL KNITL\/MOSTPHOTOS<\/figcaption>\n\t\t\t\t\t\t\t\t\t\t<\/figure>\n\t\t\t\t\t\t\t\t\t<\/div>\n\t\t\t\t<\/div>\n\t\t\t\t\t<\/div>\n\t\t<\/div>\n\t\t\t\t\t<\/div>\n\t\t<\/section>\n\t\t\t\t<section class=\"elementor-section elementor-top-section elementor-element elementor-element-5033adea elementor-section-boxed elementor-section-height-default elementor-section-height-default\" data-id=\"5033adea\" data-element_type=\"section\" data-e-type=\"section\">\n\t\t\t\t\t\t<div class=\"elementor-container elementor-column-gap-default\">\n\t\t\t\t\t<div class=\"elementor-column elementor-col-100 elementor-top-column elementor-element elementor-element-3d70c291\" data-id=\"3d70c291\" data-element_type=\"column\" data-e-type=\"column\">\n\t\t\t<div class=\"elementor-widget-wrap elementor-element-populated\">\n\t\t\t\t\t\t<div class=\"elementor-element elementor-element-2e344d4b elementor-widget elementor-widget-text-editor\" data-id=\"2e344d4b\" data-element_type=\"widget\" data-e-type=\"widget\" data-widget_type=\"text-editor.default\">\n\t\t\t\t<div class=\"elementor-widget-container\">\n\t\t\t\t\t\t\t\t\t<h2>Endringer for dem med norsk statsborgerskap<\/h2><p>I mai 2017 vedtok Stortinget at rettssikkerheten skal styrkes i saker som gjelder tilbakekall av statsborgerskap. Sakene skal behandles i en domstol, det skal gis fri rettshjelp og barn og barnebarn ikke skal rammes av feil som tidligere er gjort.\u00a0<\/p><p>For utlendinger som ikke har f\u00e5tt norsk statsborgerskap, er det ikke gjort noen endringer i reglene om tilbakekall. Disse personene kan miste oppholdstillatelsen i Norge uten at saken blir behandlet i en domstol, her er det tilstrekkelig at forvaltningen fatter vedtak.<\/p>\t\t\t\t\t\t\t\t<\/div>\n\t\t\t\t<\/div>\n\t\t\t\t\t<\/div>\n\t\t<\/div>\n\t\t\t\t\t<\/div>\n\t\t<\/section>\n\t\t\t\t<section class=\"elementor-section elementor-top-section elementor-element elementor-element-dd6b014 elementor-section-boxed elementor-section-height-default elementor-section-height-default\" data-id=\"dd6b014\" data-element_type=\"section\" data-e-type=\"section\">\n\t\t\t\t\t\t<div class=\"elementor-container elementor-column-gap-default\">\n\t\t\t\t\t<div class=\"elementor-column elementor-col-100 elementor-top-column elementor-element elementor-element-e118fa3\" data-id=\"e118fa3\" data-element_type=\"column\" data-e-type=\"column\">\n\t\t\t<div class=\"elementor-widget-wrap elementor-element-populated\">\n\t\t\t\t\t\t<div class=\"elementor-element elementor-element-0245cc8 elementor-widget elementor-widget-image\" data-id=\"0245cc8\" data-element_type=\"widget\" data-e-type=\"widget\" data-widget_type=\"image.default\">\n\t\t\t\t<div class=\"elementor-widget-container\">\n\t\t\t\t\t\t\t\t\t\t\t\t<figure class=\"wp-caption\">\n\t\t\t\t\t\t\t\t\t\t<img decoding=\"async\" width=\"951\" height=\"630\" src=\"https:\/\/noas.no\/riketstilstand\/wp-content\/uploads\/2022\/09\/image-asset-3-1.jpeg\" class=\"attachment-large size-large wp-image-6333\" alt=\"\" srcset=\"https:\/\/noas.no\/riketstilstand\/wp-content\/uploads\/2022\/09\/image-asset-3-1.jpeg 951w, https:\/\/noas.no\/riketstilstand\/wp-content\/uploads\/2022\/09\/image-asset-3-1-300x199.jpeg 300w, https:\/\/noas.no\/riketstilstand\/wp-content\/uploads\/2022\/09\/image-asset-3-1-768x509.jpeg 768w\" sizes=\"(max-width: 951px) 100vw, 951px\" \/>\t\t\t\t\t\t\t\t\t\t\t<figcaption class=\"widget-image-caption wp-caption-text\">FOTO: MICHAL KNITL\/MOSTPHOTOS<\/figcaption>\n\t\t\t\t\t\t\t\t\t\t<\/figure>\n\t\t\t\t\t\t\t\t\t<\/div>\n\t\t\t\t<\/div>\n\t\t\t\t\t<\/div>\n\t\t<\/div>\n\t\t\t\t\t<\/div>\n\t\t<\/section>\n\t\t\t\t<section class=\"elementor-section elementor-top-section elementor-element elementor-element-2a8184a elementor-section-boxed elementor-section-height-default elementor-section-height-default\" data-id=\"2a8184a\" data-element_type=\"section\" data-e-type=\"section\">\n\t\t\t\t\t\t<div class=\"elementor-container elementor-column-gap-default\">\n\t\t\t\t\t<div class=\"elementor-column elementor-col-100 elementor-top-column elementor-element elementor-element-6e4ab20\" data-id=\"6e4ab20\" data-element_type=\"column\" data-e-type=\"column\">\n\t\t\t<div class=\"elementor-widget-wrap elementor-element-populated\">\n\t\t\t\t\t\t<div class=\"elementor-element elementor-element-d6a467c elementor-widget elementor-widget-text-editor\" data-id=\"d6a467c\" data-element_type=\"widget\" data-e-type=\"widget\" data-widget_type=\"text-editor.default\">\n\t\t\t\t<div class=\"elementor-widget-container\">\n\t\t\t\t\t\t\t\t\t<h2>Flyktningstatus trekkes tilbake<\/h2><p>Opph\u00f8r av flyktningstatus i tilfeller hvor flyktningen ikke lenger anses \u00e5 ha beskyttelsesbehov, er en problemstilling som er langt mindre kjent. Norge \u00f8nsker \u00e5 trekke tilbake flyktningstatus til store grupper flyktninger som har bodd i Norge i flere \u00e5r, fordi sikkerhetssituasjonen i hjemlandet er forbedret.\u00a0<\/p><p>1600 somaliere som kom til Norge mellom 2012 og 2014, risikerer n\u00e5 \u00e5 miste flyktningstatusen og sendes tilbake til Mogadishu. FN advarer mot praksisen. De sier at situasjonen i Mogadishu fortsatt er ustabil, og at det ikke er i tr\u00e5d med flyktningkonvensjonens regler \u00e5 trekke tilbake flyktningstatus og sende flyktninger tilbake dit.<\/p><p>Tidligere har regelen om \u00e5 trekke tilbake flyktningstatus knapt blitt brukt, verken i Norge eller andre land. Flyktninger som hadde behov for beskyttelse da de kom, har ikke senere risikert \u00e5 miste tillatelsen fordi forholdene i hjemlandet endrer seg. Norge leder dermed an internasjonalt i \u00e5 svekke flyktningers rettigheter.<\/p><p><a href=\"https:\/\/www.riketstilstand.noas.no\/2016\/opphor\">Opph\u00f8r av flyktningstatus er n\u00e6rmere omtalt her.<\/a><\/p>\t\t\t\t\t\t\t\t<\/div>\n\t\t\t\t<\/div>\n\t\t\t\t\t<\/div>\n\t\t<\/div>\n\t\t\t\t\t<\/div>\n\t\t<\/section>\n\t\t\t\t<\/div>\n\t\t","protected":false},"excerpt":{"rendered":"<p>Landprofiler 2017 SOMALIA LES UDIS PRAKSISNOTAT FOR SOMALIA Forholdene i Somalia er forbedret i l\u00f8pet av de siste \u00e5rene. Langt f\u00e6rre asyls\u00f8kerne anses \u00e5 ha beskyttelsesbehov, og andelen som f\u00e5r avslag har \u00f8kt. Situasjonen i landet kan likevel ikke anses som stabil. Den militante islamistgruppen al-Shabaab har riktignok mistet den formelle kontrollen i en del [&hellip;]<\/p>\n","protected":false},"author":1,"featured_media":0,"parent":6455,"menu_order":0,"comment_status":"closed","ping_status":"closed","template":"","meta":{"_acf_changed":false,"site-sidebar-layout":"no-sidebar","site-content-layout":"page-builder","ast-site-content-layout":"default","site-content-style":"default","site-sidebar-style":"default","ast-global-header-display":"","ast-banner-title-visibility":"","ast-main-header-display":"","ast-hfb-above-header-display":"","ast-hfb-below-header-display":"","ast-hfb-mobile-header-display":"","site-post-title":"disabled","ast-breadcrumbs-content":"","ast-featured-img":"disabled","footer-sml-layout":"","ast-disable-related-posts":"","theme-transparent-header-meta":"","adv-header-id-meta":"","stick-header-meta":"","header-above-stick-meta":"","header-main-stick-meta":"","header-below-stick-meta":"","astra-migrate-meta-layouts":"default","ast-page-background-enabled":"default","ast-page-background-meta":{"desktop":{"background-color":"var(--ast-global-color-4)","background-image":"","background-repeat":"repeat","background-position":"center center","background-size":"auto","background-attachment":"scroll","background-type":"","background-media":"","overlay-type":"","overlay-color":"","overlay-opacity":"","overlay-gradient":""},"tablet":{"background-color":"","background-image":"","background-repeat":"repeat","background-position":"center center","background-size":"auto","background-attachment":"scroll","background-type":"","background-media":"","overlay-type":"","overlay-color":"","overlay-opacity":"","overlay-gradient":""},"mobile":{"background-color":"","background-image":"","background-repeat":"repeat","background-position":"center center","background-size":"auto","background-attachment":"scroll","background-type":"","background-media":"","overlay-type":"","overlay-color":"","overlay-opacity":"","overlay-gradient":""}},"ast-content-background-meta":{"desktop":{"background-color":"var(--ast-global-color-5)","background-image":"","background-repeat":"repeat","background-position":"center center","background-size":"auto","background-attachment":"scroll","background-type":"","background-media":"","overlay-type":"","overlay-color":"","overlay-opacity":"","overlay-gradient":""},"tablet":{"background-color":"var(--ast-global-color-5)","background-image":"","background-repeat":"repeat","background-position":"center center","background-size":"auto","background-attachment":"scroll","background-type":"","background-media":"","overlay-type":"","overlay-color":"","overlay-opacity":"","overlay-gradient":""},"mobile":{"background-color":"var(--ast-global-color-5)","background-image":"","background-repeat":"repeat","background-position":"center center","background-size":"auto","background-attachment":"scroll","background-type":"","background-media":"","overlay-type":"","overlay-color":"","overlay-opacity":"","overlay-gradient":""}},"footnotes":""},"class_list":["post-4542","page","type-page","status-publish","hentry"],"acf":[],"_links":{"self":[{"href":"https:\/\/noas.no\/riketstilstand\/wp-json\/wp\/v2\/pages\/4542","targetHints":{"allow":["GET"]}}],"collection":[{"href":"https:\/\/noas.no\/riketstilstand\/wp-json\/wp\/v2\/pages"}],"about":[{"href":"https:\/\/noas.no\/riketstilstand\/wp-json\/wp\/v2\/types\/page"}],"author":[{"embeddable":true,"href":"https:\/\/noas.no\/riketstilstand\/wp-json\/wp\/v2\/users\/1"}],"replies":[{"embeddable":true,"href":"https:\/\/noas.no\/riketstilstand\/wp-json\/wp\/v2\/comments?post=4542"}],"version-history":[{"count":13,"href":"https:\/\/noas.no\/riketstilstand\/wp-json\/wp\/v2\/pages\/4542\/revisions"}],"predecessor-version":[{"id":7605,"href":"https:\/\/noas.no\/riketstilstand\/wp-json\/wp\/v2\/pages\/4542\/revisions\/7605"}],"up":[{"embeddable":true,"href":"https:\/\/noas.no\/riketstilstand\/wp-json\/wp\/v2\/pages\/6455"}],"wp:attachment":[{"href":"https:\/\/noas.no\/riketstilstand\/wp-json\/wp\/v2\/media?parent=4542"}],"curies":[{"name":"wp","href":"https:\/\/api.w.org\/{rel}","templated":true}]}}