{"id":4534,"date":"2022-09-15T09:52:17","date_gmt":"2022-09-15T09:52:17","guid":{"rendered":"https:\/\/noas.no\/riketstilstand\/?page_id=4534"},"modified":"2023-05-23T11:34:38","modified_gmt":"2023-05-23T11:34:38","slug":"etiopia","status":"publish","type":"page","link":"https:\/\/noas.no\/riketstilstand\/2016-2\/landprofiler\/etiopia\/","title":{"rendered":"Etiopia"},"content":{"rendered":"\t\t<div data-elementor-type=\"wp-page\" data-elementor-id=\"4534\" class=\"elementor elementor-4534\">\n\t\t\t\t\t\t<section class=\"elementor-section elementor-top-section elementor-element elementor-element-2263b904 elementor-section-full_width elementor-section-height-min-height elementor-section-stretched elementor-section-height-default elementor-section-items-middle\" data-id=\"2263b904\" data-element_type=\"section\" data-e-type=\"section\" data-settings=\"{&quot;background_background&quot;:&quot;classic&quot;,&quot;stretch_section&quot;:&quot;section-stretched&quot;}\">\n\t\t\t\t\t\t<div class=\"elementor-container elementor-column-gap-default\">\n\t\t\t\t\t<div class=\"elementor-column elementor-col-100 elementor-top-column elementor-element elementor-element-6eea5e97\" data-id=\"6eea5e97\" data-element_type=\"column\" data-e-type=\"column\">\n\t\t\t<div class=\"elementor-widget-wrap elementor-element-populated\">\n\t\t\t\t\t\t<div class=\"elementor-element elementor-element-7b152501 elementor-widget elementor-widget-heading\" data-id=\"7b152501\" data-element_type=\"widget\" data-e-type=\"widget\" data-widget_type=\"heading.default\">\n\t\t\t\t<div class=\"elementor-widget-container\">\n\t\t\t\t\t<h1 class=\"elementor-heading-title elementor-size-default\">Landprofiler 2017<\/h1>\t\t\t\t<\/div>\n\t\t\t\t<\/div>\n\t\t\t\t\t<\/div>\n\t\t<\/div>\n\t\t\t\t\t<\/div>\n\t\t<\/section>\n\t\t\t\t<section class=\"elementor-section elementor-top-section elementor-element elementor-element-721a1f23 elementor-section-boxed elementor-section-height-default elementor-section-height-default\" data-id=\"721a1f23\" data-element_type=\"section\" data-e-type=\"section\">\n\t\t\t\t\t\t<div class=\"elementor-container elementor-column-gap-default\">\n\t\t\t\t\t<div class=\"elementor-column elementor-col-100 elementor-top-column elementor-element elementor-element-4d3209e1\" data-id=\"4d3209e1\" data-element_type=\"column\" data-e-type=\"column\">\n\t\t\t<div class=\"elementor-widget-wrap elementor-element-populated\">\n\t\t\t\t\t\t<div class=\"elementor-element elementor-element-d69554b elementor-widget elementor-widget-heading\" data-id=\"d69554b\" data-element_type=\"widget\" data-e-type=\"widget\" data-widget_type=\"heading.default\">\n\t\t\t\t<div class=\"elementor-widget-container\">\n\t\t\t\t\t<h2 class=\"elementor-heading-title elementor-size-default\"><a href=\"#\">Etiopia<\/a><\/h2>\t\t\t\t<\/div>\n\t\t\t\t<\/div>\n\t\t\t\t\t<\/div>\n\t\t<\/div>\n\t\t\t\t\t<\/div>\n\t\t<\/section>\n\t\t\t\t<section class=\"elementor-section elementor-top-section elementor-element elementor-element-372cce18 elementor-section-boxed elementor-section-height-default elementor-section-height-default\" data-id=\"372cce18\" data-element_type=\"section\" data-e-type=\"section\">\n\t\t\t\t\t\t<div class=\"elementor-container elementor-column-gap-default\">\n\t\t\t\t\t<div class=\"elementor-column elementor-col-33 elementor-top-column elementor-element elementor-element-23ca40f6\" data-id=\"23ca40f6\" data-element_type=\"column\" data-e-type=\"column\">\n\t\t\t<div class=\"elementor-widget-wrap elementor-element-populated\">\n\t\t\t\t\t\t<div class=\"elementor-element elementor-element-3f4d60d elementor-widget elementor-widget-image\" data-id=\"3f4d60d\" data-element_type=\"widget\" data-e-type=\"widget\" data-widget_type=\"image.default\">\n\t\t\t\t<div class=\"elementor-widget-container\">\n\t\t\t\t\t\t\t\t\t\t\t\t\t\t\t<img fetchpriority=\"high\" decoding=\"async\" width=\"500\" height=\"583\" src=\"https:\/\/noas.no\/riketstilstand\/wp-content\/uploads\/2022\/09\/image-asset-5-1.png\" class=\"attachment-large size-large wp-image-6309\" alt=\"\" srcset=\"https:\/\/noas.no\/riketstilstand\/wp-content\/uploads\/2022\/09\/image-asset-5-1.png 500w, https:\/\/noas.no\/riketstilstand\/wp-content\/uploads\/2022\/09\/image-asset-5-1-257x300.png 257w\" sizes=\"(max-width: 500px) 100vw, 500px\" \/>\t\t\t\t\t\t\t\t\t\t\t\t\t\t\t<\/div>\n\t\t\t\t<\/div>\n\t\t\t\t<div class=\"elementor-element elementor-element-61f8725 elementor-widget elementor-widget-button\" data-id=\"61f8725\" data-element_type=\"widget\" data-e-type=\"widget\" data-widget_type=\"button.default\">\n\t\t\t\t<div class=\"elementor-widget-container\">\n\t\t\t\t\t\t\t\t\t<div class=\"elementor-button-wrapper\">\n\t\t\t\t\t<a class=\"elementor-button elementor-button-link elementor-size-md\" href=\"https:\/\/udiregelverk.no\/no\/rettskilder\/udi-praksisnotater\/pn-2010-029\/\">\n\t\t\t\t\t\t<span class=\"elementor-button-content-wrapper\">\n\t\t\t\t\t\t\t\t\t<span class=\"elementor-button-text\">LES UDIS PRAKSISNOTAT FOR ETIOPIA<\/span>\n\t\t\t\t\t<\/span>\n\t\t\t\t\t<\/a>\n\t\t\t\t<\/div>\n\t\t\t\t\t\t\t\t<\/div>\n\t\t\t\t<\/div>\n\t\t\t\t\t<\/div>\n\t\t<\/div>\n\t\t\t\t<div class=\"elementor-column elementor-col-66 elementor-top-column elementor-element elementor-element-3d5b87a8\" data-id=\"3d5b87a8\" data-element_type=\"column\" data-e-type=\"column\">\n\t\t\t<div class=\"elementor-widget-wrap elementor-element-populated\">\n\t\t\t\t\t\t<div class=\"elementor-element elementor-element-49dd1a90 elementor-widget elementor-widget-text-editor\" data-id=\"49dd1a90\" data-element_type=\"widget\" data-e-type=\"widget\" data-widget_type=\"text-editor.default\">\n\t\t\t\t<div class=\"elementor-widget-container\">\n\t\t\t\t\t\t\t\t\t<div id=\"block-916ab0b7b784bdd1a3f9\" class=\"sqs-block html-block sqs-block-html\" data-block-type=\"2\"><div id=\"yui_3_17_2_1_1662978505691_327\" class=\"sqs-block-content\"><h2>Titusener arrestert i protester<\/h2><p>Siden v\u00e5ren 2014 har det v\u00e6rt mye uro i Etiopia knyttet til <a href=\"http:\/\/landinfo.no\/asset\/3424\/1\/3424_1.pdf\" target=\"_blank\" rel=\"noopener\">protester blant oromo-befolkningen<\/a>, som er den st\u00f8rste etniske gruppen i Etiopia. Demonstrasjoner har etter hvert spredd seg og f\u00e5tt \u00f8kt oppslutning. Situasjonen kulminerte med at det ble erkl\u00e6rt unntakstilstand h\u00f8sten 2016. <a href=\"https:\/\/www.hrw.org\/report\/2016\/06\/16\/such-brutal-crackdown\/killings-and-arrests-response-ethiopias-oromo-protests\" target=\"_blank\" rel=\"noopener\">Titusener har blitt arrestert, og mange hundre er drept<\/a> i protestene. Det konkrete antallene arresterte og drepte er usikre, og varierer.\u00a0<br \/>\u00a0<\/p><h2>Mange opposisjonelle f\u00e5r avslag<\/h2><p>Etiopia-sakene NOAS mottar, gjelder i all hovedsak frykt for reaksjoner p\u00e5 grunn av politisk aktivitet. Omtrent alle asyls\u00f8kerne opplyser at de har deltatt i opposisjonell politisk virksomhet i hjemlandet. Noen mener at de risikerer forf\u00f8lgelse p\u00e5 grunn av familiemedlemmers politiske aktivitet. Mange av de etiopiske asyls\u00f8kerne er ogs\u00e5 politisk aktive i Norge, noe etiopiske myndigheter vet og f\u00f8lger med p\u00e5.<\/p><\/div><\/div>\t\t\t\t\t\t\t\t<\/div>\n\t\t\t\t<\/div>\n\t\t\t\t\t<\/div>\n\t\t<\/div>\n\t\t\t\t\t<\/div>\n\t\t<\/section>\n\t\t\t\t<section class=\"elementor-section elementor-top-section elementor-element elementor-element-3ac3d316 elementor-section-boxed elementor-section-height-default elementor-section-height-default\" data-id=\"3ac3d316\" data-element_type=\"section\" data-e-type=\"section\">\n\t\t\t\t\t\t<div class=\"elementor-container elementor-column-gap-default\">\n\t\t\t\t\t<div class=\"elementor-column elementor-col-100 elementor-top-column elementor-element elementor-element-7a4f6e8c\" data-id=\"7a4f6e8c\" data-element_type=\"column\" data-e-type=\"column\">\n\t\t\t<div class=\"elementor-widget-wrap elementor-element-populated\">\n\t\t\t\t\t\t<div class=\"elementor-element elementor-element-69be0fae elementor-widget elementor-widget-text-editor\" data-id=\"69be0fae\" data-element_type=\"widget\" data-e-type=\"widget\" data-widget_type=\"text-editor.default\">\n\t\t\t\t<div class=\"elementor-widget-container\">\n\t\t\t\t\t\t\t\t\t<p>I 2015 kom en del oromoer som hadde deltatt i protester mot regjeringen. Mange av dem har f\u00e5tt avslag. Norske utlendingsmyndigheter mener at det bare er dem som har hatt en ledende rolle i protestene som risikerer forf\u00f8lgelse ved retur til hjemlandet. NOAS mener at denne risiko-terskelen er for h\u00f8y, og at flere av dem som har f\u00e5tt avslag risikerer alvorlige overgrep ved retur.<\/p><p>For saker som gjelder politisk aktivitet i Norge, er terskelen enda h\u00f8yere. Bare de som har en sentral rolle i ulovlige politiske partier eller grupperinger, og som etiopiske myndigheter vil anse som en trussel mot regimet ved retur, f\u00e5r beskyttelse.\u00a0<br \/>\u00a0<\/p><h2>F\u00e5 tvangsreturneres<\/h2><p id=\"yui_3_17_2_1_1663954886389_1174\">Tvangsretur til Etiopia er vanskelig \u00e5 gjennomf\u00f8re, og en del av etiopierne som kontakter NOAS har bodd lenge i Norge etter endelig avslag. I 2016 s\u00e5 vi at en del etiopiere som har levd som papirl\u00f8se i Norge i flere \u00e5r, reiste videre til andre europeiske land og til Canada.<\/p>\t\t\t\t\t\t\t\t<\/div>\n\t\t\t\t<\/div>\n\t\t\t\t\t<\/div>\n\t\t<\/div>\n\t\t\t\t\t<\/div>\n\t\t<\/section>\n\t\t\t\t<\/div>\n\t\t","protected":false},"excerpt":{"rendered":"<p>Landprofiler 2017 Etiopia LES UDIS PRAKSISNOTAT FOR ETIOPIA Titusener arrestert i protester Siden v\u00e5ren 2014 har det v\u00e6rt mye uro i Etiopia knyttet til protester blant oromo-befolkningen, som er den st\u00f8rste etniske gruppen i Etiopia. Demonstrasjoner har etter hvert spredd seg og f\u00e5tt \u00f8kt oppslutning. Situasjonen kulminerte med at det ble erkl\u00e6rt unntakstilstand h\u00f8sten 2016. [&hellip;]<\/p>\n","protected":false},"author":1,"featured_media":0,"parent":6455,"menu_order":0,"comment_status":"closed","ping_status":"closed","template":"","meta":{"_acf_changed":false,"site-sidebar-layout":"no-sidebar","site-content-layout":"page-builder","ast-site-content-layout":"default","site-content-style":"default","site-sidebar-style":"default","ast-global-header-display":"","ast-banner-title-visibility":"","ast-main-header-display":"","ast-hfb-above-header-display":"","ast-hfb-below-header-display":"","ast-hfb-mobile-header-display":"","site-post-title":"disabled","ast-breadcrumbs-content":"","ast-featured-img":"disabled","footer-sml-layout":"","ast-disable-related-posts":"","theme-transparent-header-meta":"","adv-header-id-meta":"","stick-header-meta":"","header-above-stick-meta":"","header-main-stick-meta":"","header-below-stick-meta":"","astra-migrate-meta-layouts":"default","ast-page-background-enabled":"default","ast-page-background-meta":{"desktop":{"background-color":"var(--ast-global-color-4)","background-image":"","background-repeat":"repeat","background-position":"center center","background-size":"auto","background-attachment":"scroll","background-type":"","background-media":"","overlay-type":"","overlay-color":"","overlay-opacity":"","overlay-gradient":""},"tablet":{"background-color":"","background-image":"","background-repeat":"repeat","background-position":"center center","background-size":"auto","background-attachment":"scroll","background-type":"","background-media":"","overlay-type":"","overlay-color":"","overlay-opacity":"","overlay-gradient":""},"mobile":{"background-color":"","background-image":"","background-repeat":"repeat","background-position":"center center","background-size":"auto","background-attachment":"scroll","background-type":"","background-media":"","overlay-type":"","overlay-color":"","overlay-opacity":"","overlay-gradient":""}},"ast-content-background-meta":{"desktop":{"background-color":"var(--ast-global-color-5)","background-image":"","background-repeat":"repeat","background-position":"center center","background-size":"auto","background-attachment":"scroll","background-type":"","background-media":"","overlay-type":"","overlay-color":"","overlay-opacity":"","overlay-gradient":""},"tablet":{"background-color":"var(--ast-global-color-5)","background-image":"","background-repeat":"repeat","background-position":"center center","background-size":"auto","background-attachment":"scroll","background-type":"","background-media":"","overlay-type":"","overlay-color":"","overlay-opacity":"","overlay-gradient":""},"mobile":{"background-color":"var(--ast-global-color-5)","background-image":"","background-repeat":"repeat","background-position":"center center","background-size":"auto","background-attachment":"scroll","background-type":"","background-media":"","overlay-type":"","overlay-color":"","overlay-opacity":"","overlay-gradient":""}},"footnotes":""},"class_list":["post-4534","page","type-page","status-publish","hentry"],"acf":[],"_links":{"self":[{"href":"https:\/\/noas.no\/riketstilstand\/wp-json\/wp\/v2\/pages\/4534","targetHints":{"allow":["GET"]}}],"collection":[{"href":"https:\/\/noas.no\/riketstilstand\/wp-json\/wp\/v2\/pages"}],"about":[{"href":"https:\/\/noas.no\/riketstilstand\/wp-json\/wp\/v2\/types\/page"}],"author":[{"embeddable":true,"href":"https:\/\/noas.no\/riketstilstand\/wp-json\/wp\/v2\/users\/1"}],"replies":[{"embeddable":true,"href":"https:\/\/noas.no\/riketstilstand\/wp-json\/wp\/v2\/comments?post=4534"}],"version-history":[{"count":16,"href":"https:\/\/noas.no\/riketstilstand\/wp-json\/wp\/v2\/pages\/4534\/revisions"}],"predecessor-version":[{"id":7599,"href":"https:\/\/noas.no\/riketstilstand\/wp-json\/wp\/v2\/pages\/4534\/revisions\/7599"}],"up":[{"embeddable":true,"href":"https:\/\/noas.no\/riketstilstand\/wp-json\/wp\/v2\/pages\/6455"}],"wp:attachment":[{"href":"https:\/\/noas.no\/riketstilstand\/wp-json\/wp\/v2\/media?parent=4534"}],"curies":[{"name":"wp","href":"https:\/\/api.w.org\/{rel}","templated":true}]}}