{"id":4530,"date":"2022-09-15T09:51:56","date_gmt":"2022-09-15T09:51:56","guid":{"rendered":"https:\/\/noas.no\/riketstilstand\/?page_id=4530"},"modified":"2023-05-23T11:32:50","modified_gmt":"2023-05-23T11:32:50","slug":"afghanistan","status":"publish","type":"page","link":"https:\/\/noas.no\/riketstilstand\/2016-2\/landprofiler\/afghanistan\/","title":{"rendered":"Afghanistan"},"content":{"rendered":"\t\t<div data-elementor-type=\"wp-page\" data-elementor-id=\"4530\" class=\"elementor elementor-4530\">\n\t\t\t\t\t\t<section class=\"elementor-section elementor-top-section elementor-element elementor-element-11dc2eb2 elementor-section-full_width elementor-section-height-min-height elementor-section-stretched elementor-section-height-default elementor-section-items-middle\" data-id=\"11dc2eb2\" data-element_type=\"section\" data-e-type=\"section\" data-settings=\"{&quot;background_background&quot;:&quot;classic&quot;,&quot;stretch_section&quot;:&quot;section-stretched&quot;}\">\n\t\t\t\t\t\t<div class=\"elementor-container elementor-column-gap-default\">\n\t\t\t\t\t<div class=\"elementor-column elementor-col-100 elementor-top-column elementor-element elementor-element-4fa2886e\" data-id=\"4fa2886e\" data-element_type=\"column\" data-e-type=\"column\">\n\t\t\t<div class=\"elementor-widget-wrap elementor-element-populated\">\n\t\t\t\t\t\t<div class=\"elementor-element elementor-element-7471d2ae elementor-widget elementor-widget-heading\" data-id=\"7471d2ae\" data-element_type=\"widget\" data-e-type=\"widget\" data-widget_type=\"heading.default\">\n\t\t\t\t<div class=\"elementor-widget-container\">\n\t\t\t\t\t<h1 class=\"elementor-heading-title elementor-size-default\">Landprofiler 2017<\/h1>\t\t\t\t<\/div>\n\t\t\t\t<\/div>\n\t\t\t\t\t<\/div>\n\t\t<\/div>\n\t\t\t\t\t<\/div>\n\t\t<\/section>\n\t\t\t\t<section class=\"elementor-section elementor-top-section elementor-element elementor-element-60d3de06 elementor-section-boxed elementor-section-height-default elementor-section-height-default\" data-id=\"60d3de06\" data-element_type=\"section\" data-e-type=\"section\">\n\t\t\t\t\t\t<div class=\"elementor-container elementor-column-gap-default\">\n\t\t\t\t\t<div class=\"elementor-column elementor-col-100 elementor-top-column elementor-element elementor-element-4a44a774\" data-id=\"4a44a774\" data-element_type=\"column\" data-e-type=\"column\">\n\t\t\t<div class=\"elementor-widget-wrap elementor-element-populated\">\n\t\t\t\t\t\t<div class=\"elementor-element elementor-element-2bdfd23c elementor-widget elementor-widget-heading\" data-id=\"2bdfd23c\" data-element_type=\"widget\" data-e-type=\"widget\" data-widget_type=\"heading.default\">\n\t\t\t\t<div class=\"elementor-widget-container\">\n\t\t\t\t\t<h2 class=\"elementor-heading-title elementor-size-default\"><a href=\"#\">Afghanistan<\/a><\/h2>\t\t\t\t<\/div>\n\t\t\t\t<\/div>\n\t\t\t\t\t<\/div>\n\t\t<\/div>\n\t\t\t\t\t<\/div>\n\t\t<\/section>\n\t\t\t\t<section class=\"elementor-section elementor-top-section elementor-element elementor-element-21cdebd4 elementor-section-boxed elementor-section-height-default elementor-section-height-default\" data-id=\"21cdebd4\" data-element_type=\"section\" data-e-type=\"section\">\n\t\t\t\t\t\t<div class=\"elementor-container elementor-column-gap-default\">\n\t\t\t\t\t<div class=\"elementor-column elementor-col-33 elementor-top-column elementor-element elementor-element-ee738f9\" data-id=\"ee738f9\" data-element_type=\"column\" data-e-type=\"column\">\n\t\t\t<div class=\"elementor-widget-wrap elementor-element-populated\">\n\t\t\t\t\t\t<div class=\"elementor-element elementor-element-4bf3fc57 elementor-widget elementor-widget-image\" data-id=\"4bf3fc57\" data-element_type=\"widget\" data-e-type=\"widget\" data-widget_type=\"image.default\">\n\t\t\t\t<div class=\"elementor-widget-container\">\n\t\t\t\t\t\t\t\t\t\t\t\t\t\t\t<img fetchpriority=\"high\" decoding=\"async\" width=\"500\" height=\"575\" src=\"https:\/\/noas.no\/riketstilstand\/wp-content\/uploads\/2022\/09\/image-asset-10.png\" class=\"attachment-large size-large wp-image-6282\" alt=\"\" srcset=\"https:\/\/noas.no\/riketstilstand\/wp-content\/uploads\/2022\/09\/image-asset-10.png 500w, https:\/\/noas.no\/riketstilstand\/wp-content\/uploads\/2022\/09\/image-asset-10-261x300.png 261w\" sizes=\"(max-width: 500px) 100vw, 500px\" \/>\t\t\t\t\t\t\t\t\t\t\t\t\t\t\t<\/div>\n\t\t\t\t<\/div>\n\t\t\t\t<div class=\"elementor-element elementor-element-539bc3d5 elementor-widget elementor-widget-button\" data-id=\"539bc3d5\" data-element_type=\"widget\" data-e-type=\"widget\" data-widget_type=\"button.default\">\n\t\t\t\t<div class=\"elementor-widget-container\">\n\t\t\t\t\t\t\t\t\t<div class=\"elementor-button-wrapper\">\n\t\t\t\t\t<a class=\"elementor-button elementor-button-link elementor-size-md\" href=\"https:\/\/udiregelverk.no\/no\/rettskilder\/udi-praksisnotater\/pn-2014-004\/\">\n\t\t\t\t\t\t<span class=\"elementor-button-content-wrapper\">\n\t\t\t\t\t\t\t\t\t<span class=\"elementor-button-text\">LES UDIS PRAKSISNOTAT FOR AFGHANISTAN<\/span>\n\t\t\t\t\t<\/span>\n\t\t\t\t\t<\/a>\n\t\t\t\t<\/div>\n\t\t\t\t\t\t\t\t<\/div>\n\t\t\t\t<\/div>\n\t\t\t\t\t<\/div>\n\t\t<\/div>\n\t\t\t\t<div class=\"elementor-column elementor-col-66 elementor-top-column elementor-element elementor-element-36a1d3ab\" data-id=\"36a1d3ab\" data-element_type=\"column\" data-e-type=\"column\">\n\t\t\t<div class=\"elementor-widget-wrap elementor-element-populated\">\n\t\t\t\t\t\t<div class=\"elementor-element elementor-element-1978c721 elementor-widget elementor-widget-text-editor\" data-id=\"1978c721\" data-element_type=\"widget\" data-e-type=\"widget\" data-widget_type=\"text-editor.default\">\n\t\t\t\t<div class=\"elementor-widget-container\">\n\t\t\t\t\t\t\t\t\t<h2>Streng norsk praksis<\/h2><p>Sikkerhetssituasjonen i Afghanistan er forverret de siste \u00e5rene, og antallet drepte sivile \u00f8ker. Samtidig har <a href=\"https:\/\/www.riketstilstand.noas.no\/2016\/afghanistan-innstramminger\">Norges asylpraksis overfor afghanere blitt strammet kraftig inn<\/a>, og mange flere enn f\u00f8r f\u00e5r avslag. Hele 3090 afghanere fikk avslag p\u00e5 asyls\u00f8knaden i 2016. Mange av dem er kvinner og barn.<\/p><h2>Enslige mindre\u00e5rige<\/h2><p>En stor andel av Afghanistan-sakene NOAS mottar gjelder enslige mindre\u00e5rige asyls\u00f8kere. Mange av dem oppga \u00e5 v\u00e6re mindre\u00e5rige da de ankom Norge, men har f\u00e5tt alderen sin oppjustert etter aldersunders\u00f8kelser, og f\u00e5tt avslag som voksne. Metodene for aldersunders\u00f8kelser er sterkt kritisert, og resultatene medisinsk sett usikre. Likevel er det vanskelig \u00e5 endre et avslag i disse sakene, og de fleste blir avvist hos NOAS fordi vi ikke ser at det er realistiske muligheter til \u00e5 oppn\u00e5 endret resultat.\u00a0<\/p>\t\t\t\t\t\t\t\t<\/div>\n\t\t\t\t<\/div>\n\t\t\t\t\t<\/div>\n\t\t<\/div>\n\t\t\t\t\t<\/div>\n\t\t<\/section>\n\t\t\t\t<section class=\"elementor-section elementor-top-section elementor-element elementor-element-2fd21db elementor-section-boxed elementor-section-height-default elementor-section-height-default\" data-id=\"2fd21db\" data-element_type=\"section\" data-e-type=\"section\">\n\t\t\t\t\t\t<div class=\"elementor-container elementor-column-gap-default\">\n\t\t\t\t\t<div class=\"elementor-column elementor-col-100 elementor-top-column elementor-element elementor-element-25730f6\" data-id=\"25730f6\" data-element_type=\"column\" data-e-type=\"column\">\n\t\t\t<div class=\"elementor-widget-wrap elementor-element-populated\">\n\t\t\t\t\t\t<div class=\"elementor-element elementor-element-81a0c1e elementor-widget-divider--view-line elementor-widget elementor-widget-divider\" data-id=\"81a0c1e\" data-element_type=\"widget\" data-e-type=\"widget\" data-widget_type=\"divider.default\">\n\t\t\t\t<div class=\"elementor-widget-container\">\n\t\t\t\t\t\t\t<div class=\"elementor-divider\">\n\t\t\t<span class=\"elementor-divider-separator\">\n\t\t\t\t\t\t<\/span>\n\t\t<\/div>\n\t\t\t\t\t\t<\/div>\n\t\t\t\t<\/div>\n\t\t\t\t\t<\/div>\n\t\t<\/div>\n\t\t\t\t\t<\/div>\n\t\t<\/section>\n\t\t\t\t<section class=\"elementor-section elementor-top-section elementor-element elementor-element-1a239a2 elementor-section-boxed elementor-section-height-default elementor-section-height-default\" data-id=\"1a239a2\" data-element_type=\"section\" data-e-type=\"section\">\n\t\t\t\t\t\t<div class=\"elementor-container elementor-column-gap-default\">\n\t\t\t\t\t<div class=\"elementor-column elementor-col-100 elementor-top-column elementor-element elementor-element-4fee126\" data-id=\"4fee126\" data-element_type=\"column\" data-e-type=\"column\">\n\t\t\t<div class=\"elementor-widget-wrap elementor-element-populated\">\n\t\t\t\t\t\t<div class=\"elementor-element elementor-element-6098ba2 elementor-widget elementor-widget-text-editor\" data-id=\"6098ba2\" data-element_type=\"widget\" data-e-type=\"widget\" data-widget_type=\"text-editor.default\">\n\t\t\t\t<div class=\"elementor-widget-container\">\n\t\t\t\t\t\t\t\t\t<h2>Kvinner blir ikke trodd<\/h2><p>Mange av de afghanske kvinnene som kontakter NOAS, forteller at de risikerer kj\u00f8nnsrelatert forf\u00f8lgelse. NOAS bist\u00e5r en del kvinner eller par som har hatt utenomekteskapelige forhold og som risikerer \u00e6resrelatert forf\u00f8lgelse. Mange av dem blir ikke trodd av utlendingsmyndighetene, fordi slike brudd mot tradisjoner og normer inneb\u00e6rer stor risiko i Afghanistan og derfor anses som usannsynlige.\u00a0<\/p>\t\t\t\t\t\t\t\t<\/div>\n\t\t\t\t<\/div>\n\t\t\t\t\t<\/div>\n\t\t<\/div>\n\t\t\t\t\t<\/div>\n\t\t<\/section>\n\t\t\t\t<section class=\"elementor-section elementor-top-section elementor-element elementor-element-6a7951e elementor-section-boxed elementor-section-height-default elementor-section-height-default\" data-id=\"6a7951e\" data-element_type=\"section\" data-e-type=\"section\">\n\t\t\t\t\t\t<div class=\"elementor-container elementor-column-gap-default\">\n\t\t\t\t\t<div class=\"elementor-column elementor-col-100 elementor-top-column elementor-element elementor-element-8b98a50\" data-id=\"8b98a50\" data-element_type=\"column\" data-e-type=\"column\">\n\t\t\t<div class=\"elementor-widget-wrap elementor-element-populated\">\n\t\t\t\t\t\t<div class=\"elementor-element elementor-element-7272104 elementor-widget-divider--view-line elementor-widget elementor-widget-divider\" data-id=\"7272104\" data-element_type=\"widget\" data-e-type=\"widget\" data-widget_type=\"divider.default\">\n\t\t\t\t<div class=\"elementor-widget-container\">\n\t\t\t\t\t\t\t<div class=\"elementor-divider\">\n\t\t\t<span class=\"elementor-divider-separator\">\n\t\t\t\t\t\t<\/span>\n\t\t<\/div>\n\t\t\t\t\t\t<\/div>\n\t\t\t\t<\/div>\n\t\t\t\t\t<\/div>\n\t\t<\/div>\n\t\t\t\t\t<\/div>\n\t\t<\/section>\n\t\t\t\t<section class=\"elementor-section elementor-top-section elementor-element elementor-element-d03b79b elementor-section-boxed elementor-section-height-default elementor-section-height-default\" data-id=\"d03b79b\" data-element_type=\"section\" data-e-type=\"section\">\n\t\t\t\t\t\t<div class=\"elementor-container elementor-column-gap-default\">\n\t\t\t\t\t<div class=\"elementor-column elementor-col-100 elementor-top-column elementor-element elementor-element-da182af\" data-id=\"da182af\" data-element_type=\"column\" data-e-type=\"column\">\n\t\t\t<div class=\"elementor-widget-wrap elementor-element-populated\">\n\t\t\t\t\t\t<div class=\"elementor-element elementor-element-d115ec9 elementor-widget elementor-widget-image\" data-id=\"d115ec9\" data-element_type=\"widget\" data-e-type=\"widget\" data-widget_type=\"image.default\">\n\t\t\t\t<div class=\"elementor-widget-container\">\n\t\t\t\t\t\t\t\t\t\t\t\t\t\t\t<img decoding=\"async\" width=\"1000\" height=\"393\" src=\"https:\/\/noas.no\/riketstilstand\/wp-content\/uploads\/2022\/09\/image-asset-1-2.png\" class=\"attachment-large size-large wp-image-6295\" alt=\"\" srcset=\"https:\/\/noas.no\/riketstilstand\/wp-content\/uploads\/2022\/09\/image-asset-1-2.png 1000w, https:\/\/noas.no\/riketstilstand\/wp-content\/uploads\/2022\/09\/image-asset-1-2-300x118.png 300w, https:\/\/noas.no\/riketstilstand\/wp-content\/uploads\/2022\/09\/image-asset-1-2-768x302.png 768w\" sizes=\"(max-width: 1000px) 100vw, 1000px\" \/>\t\t\t\t\t\t\t\t\t\t\t\t\t\t\t<\/div>\n\t\t\t\t<\/div>\n\t\t\t\t\t<\/div>\n\t\t<\/div>\n\t\t\t\t\t<\/div>\n\t\t<\/section>\n\t\t\t\t<section class=\"elementor-section elementor-top-section elementor-element elementor-element-fac9818 elementor-section-boxed elementor-section-height-default elementor-section-height-default\" data-id=\"fac9818\" data-element_type=\"section\" data-e-type=\"section\">\n\t\t\t\t\t\t<div class=\"elementor-container elementor-column-gap-default\">\n\t\t\t\t\t<div class=\"elementor-column elementor-col-100 elementor-top-column elementor-element elementor-element-b73d12d\" data-id=\"b73d12d\" data-element_type=\"column\" data-e-type=\"column\">\n\t\t\t<div class=\"elementor-widget-wrap elementor-element-populated\">\n\t\t\t\t\t\t<div class=\"elementor-element elementor-element-22904bb elementor-widget elementor-widget-text-editor\" data-id=\"22904bb\" data-element_type=\"widget\" data-e-type=\"widget\" data-widget_type=\"text-editor.default\">\n\t\t\t\t<div class=\"elementor-widget-container\">\n\t\t\t\t\t\t\t\t\t<p>NOAS mener at landinformasjon om situasjonen i Afghanistan brukes feil i en del av disse sakene. At visse handlinger sanksjoneres strengt, betyr ikke at de ikke forekommer. Mye av informasjonen utlendingsforvaltningen bruker, gjelder den dominerende folkegruppen pashtunere, og passer ikke alltid s\u00e5 godt i saker som gjelder personer med en annen bakgrunn. For eksempel er hazara, som er shia-muslimer, ofte mer liberale enn pashtunere, som er sunni-muslimer.\u00a0<\/p><p>Norske utlendingsmyndigheter bruker ogs\u00e5 lignende begrunnelser overfor en del kvinner som flykter alene. Utlendingsmyndighetene mener at det ikke er troverdig at de har reist til Europa uten et mannlig familiemedlem, siden det ikke er vanlig for afghanske kvinner \u00e5 reise alene.<\/p><p>NOAS bist\u00e5r ogs\u00e5 en del afghanske kvinner som ikke har mannlig nettverk i Afghanistan. Det er ubestridt at disse kvinnene har krav p\u00e5 beskyttelse, men i en del saker blir ikke kvinnene trodd p\u00e5 at de mangler mannlig nettverk. Dette er gjerne krevende saker, fordi det er vanskelig \u00e5 bevise at noe <em>ikke <\/em>finnes.\u00a0<\/p>\t\t\t\t\t\t\t\t<\/div>\n\t\t\t\t<\/div>\n\t\t\t\t\t<\/div>\n\t\t<\/div>\n\t\t\t\t\t<\/div>\n\t\t<\/section>\n\t\t\t\t<section class=\"elementor-section elementor-top-section elementor-element elementor-element-ac7cb42 elementor-section-boxed elementor-section-height-default elementor-section-height-default\" data-id=\"ac7cb42\" data-element_type=\"section\" data-e-type=\"section\">\n\t\t\t\t\t\t<div class=\"elementor-container elementor-column-gap-default\">\n\t\t\t\t\t<div class=\"elementor-column elementor-col-50 elementor-top-column elementor-element elementor-element-5461e3b\" data-id=\"5461e3b\" data-element_type=\"column\" data-e-type=\"column\">\n\t\t\t<div class=\"elementor-widget-wrap elementor-element-populated\">\n\t\t\t\t\t\t<div class=\"elementor-element elementor-element-0e357f9 elementor-widget elementor-widget-image\" data-id=\"0e357f9\" data-element_type=\"widget\" data-e-type=\"widget\" data-widget_type=\"image.default\">\n\t\t\t\t<div class=\"elementor-widget-container\">\n\t\t\t\t\t\t\t\t\t\t\t\t\t\t\t<img decoding=\"async\" width=\"750\" height=\"627\" src=\"https:\/\/noas.no\/riketstilstand\/wp-content\/uploads\/2022\/09\/image-asset-2-1.png\" class=\"attachment-large size-large wp-image-6296\" alt=\"\" srcset=\"https:\/\/noas.no\/riketstilstand\/wp-content\/uploads\/2022\/09\/image-asset-2-1.png 750w, https:\/\/noas.no\/riketstilstand\/wp-content\/uploads\/2022\/09\/image-asset-2-1-300x251.png 300w\" sizes=\"(max-width: 750px) 100vw, 750px\" \/>\t\t\t\t\t\t\t\t\t\t\t\t\t\t\t<\/div>\n\t\t\t\t<\/div>\n\t\t\t\t\t<\/div>\n\t\t<\/div>\n\t\t\t\t<div class=\"elementor-column elementor-col-50 elementor-top-column elementor-element elementor-element-ac9b0b0\" data-id=\"ac9b0b0\" data-element_type=\"column\" data-e-type=\"column\">\n\t\t\t<div class=\"elementor-widget-wrap elementor-element-populated\">\n\t\t\t\t\t\t<div class=\"elementor-element elementor-element-498a33d elementor-widget elementor-widget-text-editor\" data-id=\"498a33d\" data-element_type=\"widget\" data-e-type=\"widget\" data-widget_type=\"text-editor.default\">\n\t\t\t\t<div class=\"elementor-widget-container\">\n\t\t\t\t\t\t\t\t\t<h2>Enslige menn vurderes strengt<\/h2><p>\u00a0<\/p><p>Sv\u00e6rt f\u00e5 enslige menn fra Afghanistan f\u00e5r oppholdstillatelse i Norge. Praksis for denne gruppen er sv\u00e6rt streng, og det er sjelden NOAS kan bist\u00e5. Selv om de risikerer forf\u00f8lgelse p\u00e5 hjemstedet, vil de nesten alltid kunne <a href=\"https:\/\/www.riketstilstand.noas.no\/2016\/internflukt\">henvises til internflukt<\/a> i en annen og tryggere del av hjemlandet. Til og med personer som har jobbet for utenlandske styrker i Afghanistan, f\u00e5r ofte avslag, med begrunnelsen at de ikke lenger er et \u00abm\u00e5l\u00bb n\u00e5r de har sluttet i jobben.<br \/>\u00a0<\/p>\t\t\t\t\t\t\t\t<\/div>\n\t\t\t\t<\/div>\n\t\t\t\t\t<\/div>\n\t\t<\/div>\n\t\t\t\t\t<\/div>\n\t\t<\/section>\n\t\t\t\t<section class=\"elementor-section elementor-top-section elementor-element elementor-element-06e62b9 elementor-section-boxed elementor-section-height-default elementor-section-height-default\" data-id=\"06e62b9\" data-element_type=\"section\" data-e-type=\"section\">\n\t\t\t\t\t\t<div class=\"elementor-container elementor-column-gap-default\">\n\t\t\t\t\t<div class=\"elementor-column elementor-col-100 elementor-top-column elementor-element elementor-element-f095622\" data-id=\"f095622\" data-element_type=\"column\" data-e-type=\"column\">\n\t\t\t<div class=\"elementor-widget-wrap elementor-element-populated\">\n\t\t\t\t\t\t<div class=\"elementor-element elementor-element-fcf6b3e elementor-widget elementor-widget-text-editor\" data-id=\"fcf6b3e\" data-element_type=\"widget\" data-e-type=\"widget\" data-widget_type=\"text-editor.default\">\n\t\t\t\t<div class=\"elementor-widget-container\">\n\t\t\t\t\t\t\t\t\t<h2>Konvertitter<\/h2><p>NOAS engasjerer seg i noen saker som gjelder afghanske konvertitter. Problemstillingen i disse sakene er om norske myndigheter tror p\u00e5 at det er snakk om en reell konvertering.<\/p>\t\t\t\t\t\t\t\t<\/div>\n\t\t\t\t<\/div>\n\t\t\t\t\t<\/div>\n\t\t<\/div>\n\t\t\t\t\t<\/div>\n\t\t<\/section>\n\t\t\t\t<\/div>\n\t\t","protected":false},"excerpt":{"rendered":"<p>Landprofiler 2017 Afghanistan LES UDIS PRAKSISNOTAT FOR AFGHANISTAN Streng norsk praksis Sikkerhetssituasjonen i Afghanistan er forverret de siste \u00e5rene, og antallet drepte sivile \u00f8ker. Samtidig har Norges asylpraksis overfor afghanere blitt strammet kraftig inn, og mange flere enn f\u00f8r f\u00e5r avslag. Hele 3090 afghanere fikk avslag p\u00e5 asyls\u00f8knaden i 2016. Mange av dem er kvinner [&hellip;]<\/p>\n","protected":false},"author":1,"featured_media":0,"parent":6455,"menu_order":0,"comment_status":"closed","ping_status":"closed","template":"","meta":{"_acf_changed":false,"site-sidebar-layout":"no-sidebar","site-content-layout":"plain-container","ast-site-content-layout":"default","site-content-style":"default","site-sidebar-style":"default","ast-global-header-display":"","ast-banner-title-visibility":"","ast-main-header-display":"","ast-hfb-above-header-display":"","ast-hfb-below-header-display":"","ast-hfb-mobile-header-display":"","site-post-title":"disabled","ast-breadcrumbs-content":"","ast-featured-img":"disabled","footer-sml-layout":"","ast-disable-related-posts":"","theme-transparent-header-meta":"default","adv-header-id-meta":"","stick-header-meta":"","header-above-stick-meta":"","header-main-stick-meta":"","header-below-stick-meta":"","astra-migrate-meta-layouts":"default","ast-page-background-enabled":"default","ast-page-background-meta":{"desktop":{"background-color":"var(--ast-global-color-4)","background-image":"","background-repeat":"repeat","background-position":"center center","background-size":"auto","background-attachment":"scroll","background-type":"","background-media":"","overlay-type":"","overlay-color":"","overlay-opacity":"","overlay-gradient":""},"tablet":{"background-color":"","background-image":"","background-repeat":"repeat","background-position":"center center","background-size":"auto","background-attachment":"scroll","background-type":"","background-media":"","overlay-type":"","overlay-color":"","overlay-opacity":"","overlay-gradient":""},"mobile":{"background-color":"","background-image":"","background-repeat":"repeat","background-position":"center center","background-size":"auto","background-attachment":"scroll","background-type":"","background-media":"","overlay-type":"","overlay-color":"","overlay-opacity":"","overlay-gradient":""}},"ast-content-background-meta":{"desktop":{"background-color":"var(--ast-global-color-5)","background-image":"","background-repeat":"repeat","background-position":"center center","background-size":"auto","background-attachment":"scroll","background-type":"","background-media":"","overlay-type":"","overlay-color":"","overlay-opacity":"","overlay-gradient":""},"tablet":{"background-color":"var(--ast-global-color-5)","background-image":"","background-repeat":"repeat","background-position":"center center","background-size":"auto","background-attachment":"scroll","background-type":"","background-media":"","overlay-type":"","overlay-color":"","overlay-opacity":"","overlay-gradient":""},"mobile":{"background-color":"var(--ast-global-color-5)","background-image":"","background-repeat":"repeat","background-position":"center center","background-size":"auto","background-attachment":"scroll","background-type":"","background-media":"","overlay-type":"","overlay-color":"","overlay-opacity":"","overlay-gradient":""}},"footnotes":""},"class_list":["post-4530","page","type-page","status-publish","hentry"],"acf":[],"_links":{"self":[{"href":"https:\/\/noas.no\/riketstilstand\/wp-json\/wp\/v2\/pages\/4530","targetHints":{"allow":["GET"]}}],"collection":[{"href":"https:\/\/noas.no\/riketstilstand\/wp-json\/wp\/v2\/pages"}],"about":[{"href":"https:\/\/noas.no\/riketstilstand\/wp-json\/wp\/v2\/types\/page"}],"author":[{"embeddable":true,"href":"https:\/\/noas.no\/riketstilstand\/wp-json\/wp\/v2\/users\/1"}],"replies":[{"embeddable":true,"href":"https:\/\/noas.no\/riketstilstand\/wp-json\/wp\/v2\/comments?post=4530"}],"version-history":[{"count":56,"href":"https:\/\/noas.no\/riketstilstand\/wp-json\/wp\/v2\/pages\/4530\/revisions"}],"predecessor-version":[{"id":7592,"href":"https:\/\/noas.no\/riketstilstand\/wp-json\/wp\/v2\/pages\/4530\/revisions\/7592"}],"up":[{"embeddable":true,"href":"https:\/\/noas.no\/riketstilstand\/wp-json\/wp\/v2\/pages\/6455"}],"wp:attachment":[{"href":"https:\/\/noas.no\/riketstilstand\/wp-json\/wp\/v2\/media?parent=4530"}],"curies":[{"name":"wp","href":"https:\/\/api.w.org\/{rel}","templated":true}]}}