{"id":4508,"date":"2022-09-15T09:38:58","date_gmt":"2022-09-15T09:38:58","guid":{"rendered":"https:\/\/noas.no\/riketstilstand\/?page_id=4508"},"modified":"2023-05-23T11:32:57","modified_gmt":"2023-05-23T11:32:57","slug":"afghanistan","status":"publish","type":"page","link":"https:\/\/noas.no\/riketstilstand\/2017-2\/landprofiler\/afghanistan\/","title":{"rendered":"Afghanistan"},"content":{"rendered":"\t\t<div data-elementor-type=\"wp-page\" data-elementor-id=\"4508\" class=\"elementor elementor-4508\">\n\t\t\t\t\t\t<section class=\"elementor-section elementor-top-section elementor-element elementor-element-6ef18a5 elementor-section-height-min-height elementor-section-stretched elementor-section-boxed elementor-section-height-default elementor-section-items-middle\" data-id=\"6ef18a5\" data-element_type=\"section\" data-e-type=\"section\" data-settings=\"{&quot;background_background&quot;:&quot;classic&quot;,&quot;stretch_section&quot;:&quot;section-stretched&quot;}\">\n\t\t\t\t\t\t\t<div class=\"elementor-background-overlay\"><\/div>\n\t\t\t\t\t\t\t<div class=\"elementor-container elementor-column-gap-default\">\n\t\t\t\t\t<div class=\"elementor-column elementor-col-100 elementor-top-column elementor-element elementor-element-d28a53f\" data-id=\"d28a53f\" data-element_type=\"column\" data-e-type=\"column\">\n\t\t\t<div class=\"elementor-widget-wrap elementor-element-populated\">\n\t\t\t\t\t\t<div class=\"elementor-element elementor-element-8ebf3e6 elementor-widget elementor-widget-heading\" data-id=\"8ebf3e6\" data-element_type=\"widget\" data-e-type=\"widget\" data-widget_type=\"heading.default\">\n\t\t\t\t<div class=\"elementor-widget-container\">\n\t\t\t\t\t<h4 class=\"elementor-heading-title elementor-size-default\">LANDPROFILER 2018<\/h4>\t\t\t\t<\/div>\n\t\t\t\t<\/div>\n\t\t\t\t<div class=\"elementor-element elementor-element-ec2a9e2 elementor-widget elementor-widget-text-editor\" data-id=\"ec2a9e2\" data-element_type=\"widget\" data-e-type=\"widget\" data-widget_type=\"text-editor.default\">\n\t\t\t\t<div class=\"elementor-widget-container\">\n\t\t\t\t\t\t\t\t\t<p>Utfordringer i Norges behandling av asylsaker fra enkeltland.<\/p>\t\t\t\t\t\t\t\t<\/div>\n\t\t\t\t<\/div>\n\t\t\t\t\t<\/div>\n\t\t<\/div>\n\t\t\t\t\t<\/div>\n\t\t<\/section>\n\t\t\t\t<section class=\"elementor-section elementor-top-section elementor-element elementor-element-598d812 elementor-section-boxed elementor-section-height-default elementor-section-height-default\" data-id=\"598d812\" data-element_type=\"section\" data-e-type=\"section\">\n\t\t\t\t\t\t<div class=\"elementor-container elementor-column-gap-default\">\n\t\t\t\t\t<div class=\"elementor-column elementor-col-100 elementor-top-column elementor-element elementor-element-83cb6b6\" data-id=\"83cb6b6\" data-element_type=\"column\" data-e-type=\"column\">\n\t\t\t<div class=\"elementor-widget-wrap elementor-element-populated\">\n\t\t\t\t\t\t<div class=\"elementor-element elementor-element-db18580 elementor-widget elementor-widget-heading\" data-id=\"db18580\" data-element_type=\"widget\" data-e-type=\"widget\" data-widget_type=\"heading.default\">\n\t\t\t\t<div class=\"elementor-widget-container\">\n\t\t\t\t\t<h2 class=\"elementor-heading-title elementor-size-default\"><a href=\"#\">Afghanistan<\/a><\/h2>\t\t\t\t<\/div>\n\t\t\t\t<\/div>\n\t\t\t\t\t<\/div>\n\t\t<\/div>\n\t\t\t\t\t<\/div>\n\t\t<\/section>\n\t\t\t\t<section class=\"elementor-section elementor-top-section elementor-element elementor-element-f300ca8 elementor-section-boxed elementor-section-height-default elementor-section-height-default\" data-id=\"f300ca8\" data-element_type=\"section\" data-e-type=\"section\">\n\t\t\t\t\t\t<div class=\"elementor-container elementor-column-gap-default\">\n\t\t\t\t\t<div class=\"elementor-column elementor-col-33 elementor-top-column elementor-element elementor-element-e76180f\" data-id=\"e76180f\" data-element_type=\"column\" data-e-type=\"column\">\n\t\t\t<div class=\"elementor-widget-wrap elementor-element-populated\">\n\t\t\t\t\t\t<div class=\"elementor-element elementor-element-792260d elementor-widget elementor-widget-image\" data-id=\"792260d\" data-element_type=\"widget\" data-e-type=\"widget\" data-widget_type=\"image.default\">\n\t\t\t\t<div class=\"elementor-widget-container\">\n\t\t\t\t\t\t\t\t\t\t\t\t\t\t\t<img fetchpriority=\"high\" decoding=\"async\" width=\"750\" height=\"750\" src=\"https:\/\/noas.no\/riketstilstand\/wp-content\/uploads\/2022\/09\/afghanistanoppdatert2018.png\" class=\"attachment-large size-large wp-image-4546\" alt=\"\" srcset=\"https:\/\/noas.no\/riketstilstand\/wp-content\/uploads\/2022\/09\/afghanistanoppdatert2018.png 750w, https:\/\/noas.no\/riketstilstand\/wp-content\/uploads\/2022\/09\/afghanistanoppdatert2018-300x300.png 300w, https:\/\/noas.no\/riketstilstand\/wp-content\/uploads\/2022\/09\/afghanistanoppdatert2018-150x150.png 150w\" sizes=\"(max-width: 750px) 100vw, 750px\" \/>\t\t\t\t\t\t\t\t\t\t\t\t\t\t\t<\/div>\n\t\t\t\t<\/div>\n\t\t\t\t<div class=\"elementor-element elementor-element-2100ff7 elementor-widget elementor-widget-button\" data-id=\"2100ff7\" data-element_type=\"widget\" data-e-type=\"widget\" data-widget_type=\"button.default\">\n\t\t\t\t<div class=\"elementor-widget-container\">\n\t\t\t\t\t\t\t\t\t<div class=\"elementor-button-wrapper\">\n\t\t\t\t\t<a class=\"elementor-button elementor-button-link elementor-size-md\" href=\"https:\/\/www.udiregelverk.no\/rettskilder\/udi-retningslinjer\/udi-2014-004\/\">\n\t\t\t\t\t\t<span class=\"elementor-button-content-wrapper\">\n\t\t\t\t\t\t\t\t\t<span class=\"elementor-button-text\">LES UDIS PRAKSISNOTAT FOR AFGHANISTAN<\/span>\n\t\t\t\t\t<\/span>\n\t\t\t\t\t<\/a>\n\t\t\t\t<\/div>\n\t\t\t\t\t\t\t\t<\/div>\n\t\t\t\t<\/div>\n\t\t\t\t\t<\/div>\n\t\t<\/div>\n\t\t\t\t<div class=\"elementor-column elementor-col-66 elementor-top-column elementor-element elementor-element-b542f3d\" data-id=\"b542f3d\" data-element_type=\"column\" data-e-type=\"column\">\n\t\t\t<div class=\"elementor-widget-wrap elementor-element-populated\">\n\t\t\t\t\t\t<div class=\"elementor-element elementor-element-fa0322d elementor-widget elementor-widget-text-editor\" data-id=\"fa0322d\" data-element_type=\"widget\" data-e-type=\"widget\" data-widget_type=\"text-editor.default\">\n\t\t\t\t<div class=\"elementor-widget-container\">\n\t\t\t\t\t\t\t\t\t<h2>Alvorlig sikkerhetssituasjon<\/h2><p><a href=\"https:\/\/unama.unmissions.org\/protection-of-civilians-reports\">FN har dokumentert at over 10.000 sivile ble skadet eller drept i Afghanistan i 2017<\/a>. F\u00e6rre sivile ble drept i tradisjonell krigf\u00f8ring i 2017 sammenlignet med 2016, men antall sivile drept og skadet i forbindelse med terrorangrep \u00f8kte kraftig. 30 prosent av de skadde og drepte var barn. Kabul var den klart farligste provinsen for sivile i 2017. Kabul hadde nesten dobbelt s\u00e5 mange skadde og drepte sammenlignet med provinsen Helmand \u2013 som hadde nest flest skadde og drepte.<\/p><h2>Streng norsk praksis<\/h2><p>Over 70 prosent av afghanske asyls\u00f8kere som fikk saken sin behandlet i 2017, fikk avslag. Til tross for den alvorlige sikkerhetssituasjonen i Afghanistan, har norske innstramninger i regelverk og praksis f\u00f8rt til at langt flere asyls\u00f8kere fra Afghanistan f\u00e5r avslag. <a href=\"https:\/\/www.riketstilstand.noas.no\/2016\/afghanistan-innstramminger\">UDI definerte i 2016 langt flere omr\u00e5der i Afghanistan som trygge enn tidligere<\/a>, og <a href=\"https:\/\/www.riketstilstand.noas.no\/2016\/internflukt\">endring av reglene for internflukt<\/a> har ogs\u00e5 bidratt til at flere f\u00e5r avslag. Mange afghanere som f\u00e5r avslag p\u00e5 asyls\u00f8knaden i Norge, henvises til internflukt i Kabul.<\/p>\t\t\t\t\t\t\t\t<\/div>\n\t\t\t\t<\/div>\n\t\t\t\t\t<\/div>\n\t\t<\/div>\n\t\t\t\t\t<\/div>\n\t\t<\/section>\n\t\t\t\t<section class=\"elementor-section elementor-top-section elementor-element elementor-element-822f26b elementor-section-boxed elementor-section-height-default elementor-section-height-default\" data-id=\"822f26b\" data-element_type=\"section\" data-e-type=\"section\">\n\t\t\t\t\t\t<div class=\"elementor-container elementor-column-gap-default\">\n\t\t\t\t\t<div class=\"elementor-column elementor-col-33 elementor-top-column elementor-element elementor-element-1b16c97\" data-id=\"1b16c97\" data-element_type=\"column\" data-e-type=\"column\">\n\t\t\t<div class=\"elementor-widget-wrap\">\n\t\t\t\t\t\t\t<\/div>\n\t\t<\/div>\n\t\t\t\t<div class=\"elementor-column elementor-col-33 elementor-top-column elementor-element elementor-element-6ddfbbe\" data-id=\"6ddfbbe\" data-element_type=\"column\" data-e-type=\"column\">\n\t\t\t<div class=\"elementor-widget-wrap elementor-element-populated\">\n\t\t\t\t\t\t<div class=\"elementor-element elementor-element-fadc711 elementor-widget elementor-widget-text-editor\" data-id=\"fadc711\" data-element_type=\"widget\" data-e-type=\"widget\" data-widget_type=\"text-editor.default\">\n\t\t\t\t<div class=\"elementor-widget-container\">\n\t\t\t\t\t\t\t\t\t<p>Asylinnstramningene har i stor grad rammet afghanske barn alene p\u00e5 flukt. I 2017 fikk over halvparten av de enslige mindre\u00e5rige asyls\u00f8kere fra Afghanistan enten avslag eller opphold i Norge kun til de fyller 18 \u00e5r \u2013 som i praksis er et utsatt avslag. Les mer om Norges behandling av enslige mindre\u00e5rige <a href=\"https:\/\/www.riketstilstand.noas.no\/2017\/barn-alene-pa-flukt\">her<\/a>.<\/p><h3>Kvinner blir ikke trodd<\/h3><p>NOAS bist\u00e5r en del kvinner og par som har hatt utenomekteskapelige forhold og som risikerer \u00e6resrelatert forf\u00f8lgelse ved retur. Mange av dem blir ikke trodd av utlendingsmyndighetene, fordi slike brudd mot tradisjoner og normer inneb\u00e6rer stor risiko i Afghanistan og derfor anses som usannsynlige.\u00a0<\/p>\t\t\t\t\t\t\t\t<\/div>\n\t\t\t\t<\/div>\n\t\t\t\t\t<\/div>\n\t\t<\/div>\n\t\t\t\t<div class=\"elementor-column elementor-col-33 elementor-top-column elementor-element elementor-element-d537bc8\" data-id=\"d537bc8\" data-element_type=\"column\" data-e-type=\"column\">\n\t\t\t<div class=\"elementor-widget-wrap\">\n\t\t\t\t\t\t\t<\/div>\n\t\t<\/div>\n\t\t\t\t\t<\/div>\n\t\t<\/section>\n\t\t\t\t<section class=\"elementor-section elementor-top-section elementor-element elementor-element-57c49a9 elementor-section-boxed elementor-section-height-default elementor-section-height-default\" data-id=\"57c49a9\" data-element_type=\"section\" data-e-type=\"section\">\n\t\t\t\t\t\t<div class=\"elementor-container elementor-column-gap-default\">\n\t\t\t\t\t<div class=\"elementor-column elementor-col-100 elementor-top-column elementor-element elementor-element-b091385\" data-id=\"b091385\" data-element_type=\"column\" data-e-type=\"column\">\n\t\t\t<div class=\"elementor-widget-wrap elementor-element-populated\">\n\t\t\t\t\t\t<div class=\"elementor-element elementor-element-b0d260a elementor-widget elementor-widget-image\" data-id=\"b0d260a\" data-element_type=\"widget\" data-e-type=\"widget\" data-widget_type=\"image.default\">\n\t\t\t\t<div class=\"elementor-widget-container\">\n\t\t\t\t\t\t\t\t\t\t\t\t<figure class=\"wp-caption\">\n\t\t\t\t\t\t\t\t\t\t<img decoding=\"async\" width=\"1024\" height=\"683\" src=\"https:\/\/noas.no\/riketstilstand\/wp-content\/uploads\/2022\/09\/afghanistan02-1024x683.jpg\" class=\"attachment-large size-large wp-image-4553\" alt=\"\" srcset=\"https:\/\/noas.no\/riketstilstand\/wp-content\/uploads\/2022\/09\/afghanistan02-1024x683.jpg 1024w, https:\/\/noas.no\/riketstilstand\/wp-content\/uploads\/2022\/09\/afghanistan02-300x200.jpg 300w, https:\/\/noas.no\/riketstilstand\/wp-content\/uploads\/2022\/09\/afghanistan02-768x512.jpg 768w, https:\/\/noas.no\/riketstilstand\/wp-content\/uploads\/2022\/09\/afghanistan02.jpg 1500w\" sizes=\"(max-width: 1024px) 100vw, 1024px\" \/>\t\t\t\t\t\t\t\t\t\t\t<figcaption class=\"widget-image-caption wp-caption-text\">FOTO: MICHAL KNITL\/MOSTPHOTOS<\/figcaption>\n\t\t\t\t\t\t\t\t\t\t<\/figure>\n\t\t\t\t\t\t\t\t\t<\/div>\n\t\t\t\t<\/div>\n\t\t\t\t\t<\/div>\n\t\t<\/div>\n\t\t\t\t\t<\/div>\n\t\t<\/section>\n\t\t\t\t<section class=\"elementor-section elementor-top-section elementor-element elementor-element-bb4872e elementor-section-boxed elementor-section-height-default elementor-section-height-default\" data-id=\"bb4872e\" data-element_type=\"section\" data-e-type=\"section\">\n\t\t\t\t\t\t<div class=\"elementor-container elementor-column-gap-default\">\n\t\t\t\t\t<div class=\"elementor-column elementor-col-33 elementor-top-column elementor-element elementor-element-fd62a07\" data-id=\"fd62a07\" data-element_type=\"column\" data-e-type=\"column\">\n\t\t\t<div class=\"elementor-widget-wrap\">\n\t\t\t\t\t\t\t<\/div>\n\t\t<\/div>\n\t\t\t\t<div class=\"elementor-column elementor-col-33 elementor-top-column elementor-element elementor-element-25d08cc\" data-id=\"25d08cc\" data-element_type=\"column\" data-e-type=\"column\">\n\t\t\t<div class=\"elementor-widget-wrap elementor-element-populated\">\n\t\t\t\t\t\t<div class=\"elementor-element elementor-element-544a2d1 elementor-widget elementor-widget-text-editor\" data-id=\"544a2d1\" data-element_type=\"widget\" data-e-type=\"widget\" data-widget_type=\"text-editor.default\">\n\t\t\t\t<div class=\"elementor-widget-container\">\n\t\t\t\t\t\t\t\t\t<p>NOAS mener at landinformasjon om situasjonen i Afghanistan brukes feil i en del av disse sakene. At visse handlinger sanksjoneres strengt, betyr ikke at de ikke forekommer. Mye av informasjonen utlendingsforvaltningen bruker, gjelder den dominerende folkegruppen pashtunere, og passer ikke alltid godt i saker som gjelder personer med en annen bakgrunn. For eksempel er hazara, som er shia-muslimer, ofte mer liberale enn pashtunere, som er sunni-muslimer.\u00a0<\/p><p>Norske utlendingsmyndigheter bruker ogs\u00e5 lignende begrunnelser overfor en del kvinner som flykter alene. Utlendingsmyndighetene mener at det ikke er troverdig at de har reist til Europa uten et mannlig familiemedlem, siden det ikke er vanlig for afghanske kvinner \u00e5 reise alene.<\/p>\t\t\t\t\t\t\t\t<\/div>\n\t\t\t\t<\/div>\n\t\t\t\t\t<\/div>\n\t\t<\/div>\n\t\t\t\t<div class=\"elementor-column elementor-col-33 elementor-top-column elementor-element elementor-element-a9d4cdb\" data-id=\"a9d4cdb\" data-element_type=\"column\" data-e-type=\"column\">\n\t\t\t<div class=\"elementor-widget-wrap elementor-element-populated\">\n\t\t\t\t\t\t<div class=\"elementor-element elementor-element-2bf02da elementor-widget elementor-widget-text-editor\" data-id=\"2bf02da\" data-element_type=\"widget\" data-e-type=\"widget\" data-widget_type=\"text-editor.default\">\n\t\t\t\t<div class=\"elementor-widget-container\">\n\t\t\t\t\t\t\t\t\t<blockquote><p>\u201cKabul var den klart farligste provinsen for sivile i 2017.\u201d<\/p><\/blockquote>\t\t\t\t\t\t\t\t<\/div>\n\t\t\t\t<\/div>\n\t\t\t\t\t<\/div>\n\t\t<\/div>\n\t\t\t\t\t<\/div>\n\t\t<\/section>\n\t\t\t\t<section class=\"elementor-section elementor-top-section elementor-element elementor-element-c52a0a0 elementor-section-boxed elementor-section-height-default elementor-section-height-default\" data-id=\"c52a0a0\" data-element_type=\"section\" data-e-type=\"section\">\n\t\t\t\t\t\t<div class=\"elementor-container elementor-column-gap-default\">\n\t\t\t\t\t<div class=\"elementor-column elementor-col-100 elementor-top-column elementor-element elementor-element-5b8ac0d\" data-id=\"5b8ac0d\" data-element_type=\"column\" data-e-type=\"column\">\n\t\t\t<div class=\"elementor-widget-wrap elementor-element-populated\">\n\t\t\t\t\t\t<section class=\"elementor-section elementor-inner-section elementor-element elementor-element-3368d04 elementor-section-boxed elementor-section-height-default elementor-section-height-default\" data-id=\"3368d04\" data-element_type=\"section\" data-e-type=\"section\">\n\t\t\t\t\t\t<div class=\"elementor-container elementor-column-gap-default\">\n\t\t\t\t\t<div class=\"elementor-column elementor-col-33 elementor-inner-column elementor-element elementor-element-08425ec\" data-id=\"08425ec\" data-element_type=\"column\" data-e-type=\"column\">\n\t\t\t<div class=\"elementor-widget-wrap elementor-element-populated\">\n\t\t\t\t\t\t<div class=\"elementor-element elementor-element-c1ed0df elementor-widget elementor-widget-text-editor\" data-id=\"c1ed0df\" data-element_type=\"widget\" data-e-type=\"widget\" data-widget_type=\"text-editor.default\">\n\t\t\t\t<div class=\"elementor-widget-container\">\n\t\t\t\t\t\t\t\t\t<blockquote><p>\u201cAsylinnstramningene har i stor grad rammet afghanske barn alene p\u00e5 flukt.\u201d<\/p><\/blockquote>\t\t\t\t\t\t\t\t<\/div>\n\t\t\t\t<\/div>\n\t\t\t\t\t<\/div>\n\t\t<\/div>\n\t\t\t\t<div class=\"elementor-column elementor-col-33 elementor-inner-column elementor-element elementor-element-fe25466\" data-id=\"fe25466\" data-element_type=\"column\" data-e-type=\"column\">\n\t\t\t<div class=\"elementor-widget-wrap elementor-element-populated\">\n\t\t\t\t\t\t<div class=\"elementor-element elementor-element-f725439 elementor-widget elementor-widget-text-editor\" data-id=\"f725439\" data-element_type=\"widget\" data-e-type=\"widget\" data-widget_type=\"text-editor.default\">\n\t\t\t\t<div class=\"elementor-widget-container\">\n\t\t\t\t\t\t\t\t\t<p>NOAS bist\u00e5r ogs\u00e5 en del afghanske kvinner som anf\u00f8rer \u00e5 bli mishandlet av familiemedlemmer, eller som ikke har mannlig nettverk i Afghanistan. Det er ubestridt at afghanske kvinner som vil v\u00e6re uten st\u00f8tte fra et mannlig familiemedlem ved retur, har krav p\u00e5 beskyttelse. Men i en del saker blir ikke kvinnene trodd p\u00e5 at de mangler mannlig nettverk.<\/p>\t\t\t\t\t\t\t\t<\/div>\n\t\t\t\t<\/div>\n\t\t\t\t\t<\/div>\n\t\t<\/div>\n\t\t\t\t<div class=\"elementor-column elementor-col-33 elementor-inner-column elementor-element elementor-element-c7151f9\" data-id=\"c7151f9\" data-element_type=\"column\" data-e-type=\"column\">\n\t\t\t<div class=\"elementor-widget-wrap\">\n\t\t\t\t\t\t\t<\/div>\n\t\t<\/div>\n\t\t\t\t\t<\/div>\n\t\t<\/section>\n\t\t\t\t<section class=\"elementor-section elementor-inner-section elementor-element elementor-element-408464b elementor-section-boxed elementor-section-height-default elementor-section-height-default\" data-id=\"408464b\" data-element_type=\"section\" data-e-type=\"section\">\n\t\t\t\t\t\t<div class=\"elementor-container elementor-column-gap-default\">\n\t\t\t\t\t<div class=\"elementor-column elementor-col-33 elementor-inner-column elementor-element elementor-element-d8ade28\" data-id=\"d8ade28\" data-element_type=\"column\" data-e-type=\"column\">\n\t\t\t<div class=\"elementor-widget-wrap\">\n\t\t\t\t\t\t\t<\/div>\n\t\t<\/div>\n\t\t\t\t<div class=\"elementor-column elementor-col-33 elementor-inner-column elementor-element elementor-element-76860fd\" data-id=\"76860fd\" data-element_type=\"column\" data-e-type=\"column\">\n\t\t\t<div class=\"elementor-widget-wrap elementor-element-populated\">\n\t\t\t\t\t\t<div class=\"elementor-element elementor-element-e9b2068 elementor-widget elementor-widget-text-editor\" data-id=\"e9b2068\" data-element_type=\"widget\" data-e-type=\"widget\" data-widget_type=\"text-editor.default\">\n\t\t\t\t<div class=\"elementor-widget-container\">\n\t\t\t\t\t\t\t\t\t<div id=\"yui_3_17_2_1_1663241916485_335\" class=\"row sqs-row\"><div id=\"yui_3_17_2_1_1663241916485_334\" class=\"col sqs-col-6 span-6\"><div id=\"block-yui_3_17_2_1_1522265046783_57173\" class=\"sqs-block html-block sqs-block-html\" data-block-type=\"2\"><div class=\"sqs-block-content\"><h3>Enslige menn vurderes strengt<\/h3><p>Sv\u00e6rt f\u00e5 enslige menn fra Afghanistan f\u00e5r oppholdstillatelse i Norge. Selv om de risikerer forf\u00f8lgelse p\u00e5 hjemstedet, vil de nesten alltid kunne <a href=\"https:\/\/www.riketstilstand.noas.no\/2016\/internflukt\" target=\"_blank\" rel=\"noopener\">henvises til internflukt<\/a>\u00a0i en annen del av hjemlandet som utlendingsmyndighetene anser som trygt. Til og med personer som har jobbet for utenlandske styrker i Afghanistan f\u00e5r ofte avslag, med begrunnelsen at de ikke lenger er et \u00abm\u00e5l\u00bb n\u00e5r de har avsluttet arbeidet.<\/p><\/div><\/div><\/div><div class=\"col sqs-col-3 span-3\"><div id=\"block-yui_3_17_2_1_1522265046783_28001\" class=\"sqs-block spacer-block sqs-block-spacer sized vsize-1\" data-block-type=\"21\">\u00a0<\/div><\/div><\/div><div id=\"block-yui_3_17_2_1_1523363011371_11333\" class=\"sqs-block html-block sqs-block-html\" data-block-type=\"2\"><div class=\"sqs-block-content\"><p>\u00a0<\/p><\/div><\/div>\t\t\t\t\t\t\t\t<\/div>\n\t\t\t\t<\/div>\n\t\t\t\t\t<\/div>\n\t\t<\/div>\n\t\t\t\t<div class=\"elementor-column elementor-col-33 elementor-inner-column elementor-element elementor-element-411043b\" data-id=\"411043b\" data-element_type=\"column\" data-e-type=\"column\">\n\t\t\t<div class=\"elementor-widget-wrap\">\n\t\t\t\t\t\t\t<\/div>\n\t\t<\/div>\n\t\t\t\t\t<\/div>\n\t\t<\/section>\n\t\t\t\t<div class=\"elementor-element elementor-element-a0643c1 elementor-widget elementor-widget-text-editor\" data-id=\"a0643c1\" data-element_type=\"widget\" data-e-type=\"widget\" data-widget_type=\"text-editor.default\">\n\t\t\t\t<div class=\"elementor-widget-container\">\n\t\t\t\t\t\t\t\t\t<p><em>Foto forsidebilde for landprofil Afghanistan: UNHCR\/Jim Huylebroek<\/em><\/p>\t\t\t\t\t\t\t\t<\/div>\n\t\t\t\t<\/div>\n\t\t\t\t\t<\/div>\n\t\t<\/div>\n\t\t\t\t\t<\/div>\n\t\t<\/section>\n\t\t\t\t<\/div>\n\t\t","protected":false},"excerpt":{"rendered":"<p>LANDPROFILER 2018 Utfordringer i Norges behandling av asylsaker fra enkeltland. Afghanistan LES UDIS PRAKSISNOTAT FOR AFGHANISTAN Alvorlig sikkerhetssituasjon FN har dokumentert at over 10.000 sivile ble skadet eller drept i Afghanistan i 2017. F\u00e6rre sivile ble drept i tradisjonell krigf\u00f8ring i 2017 sammenlignet med 2016, men antall sivile drept og skadet i forbindelse med terrorangrep [&hellip;]<\/p>\n","protected":false},"author":1,"featured_media":0,"parent":4589,"menu_order":0,"comment_status":"closed","ping_status":"closed","template":"","meta":{"_acf_changed":false,"site-sidebar-layout":"no-sidebar","site-content-layout":"plain-container","ast-site-content-layout":"default","site-content-style":"default","site-sidebar-style":"default","ast-global-header-display":"","ast-banner-title-visibility":"","ast-main-header-display":"","ast-hfb-above-header-display":"","ast-hfb-below-header-display":"","ast-hfb-mobile-header-display":"","site-post-title":"disabled","ast-breadcrumbs-content":"","ast-featured-img":"disabled","footer-sml-layout":"","ast-disable-related-posts":"","theme-transparent-header-meta":"default","adv-header-id-meta":"","stick-header-meta":"","header-above-stick-meta":"","header-main-stick-meta":"","header-below-stick-meta":"","astra-migrate-meta-layouts":"default","ast-page-background-enabled":"default","ast-page-background-meta":{"desktop":{"background-color":"var(--ast-global-color-4)","background-image":"","background-repeat":"repeat","background-position":"center center","background-size":"auto","background-attachment":"scroll","background-type":"","background-media":"","overlay-type":"","overlay-color":"","overlay-opacity":"","overlay-gradient":""},"tablet":{"background-color":"","background-image":"","background-repeat":"repeat","background-position":"center center","background-size":"auto","background-attachment":"scroll","background-type":"","background-media":"","overlay-type":"","overlay-color":"","overlay-opacity":"","overlay-gradient":""},"mobile":{"background-color":"","background-image":"","background-repeat":"repeat","background-position":"center center","background-size":"auto","background-attachment":"scroll","background-type":"","background-media":"","overlay-type":"","overlay-color":"","overlay-opacity":"","overlay-gradient":""}},"ast-content-background-meta":{"desktop":{"background-color":"var(--ast-global-color-5)","background-image":"","background-repeat":"repeat","background-position":"center center","background-size":"auto","background-attachment":"scroll","background-type":"","background-media":"","overlay-type":"","overlay-color":"","overlay-opacity":"","overlay-gradient":""},"tablet":{"background-color":"var(--ast-global-color-5)","background-image":"","background-repeat":"repeat","background-position":"center center","background-size":"auto","background-attachment":"scroll","background-type":"","background-media":"","overlay-type":"","overlay-color":"","overlay-opacity":"","overlay-gradient":""},"mobile":{"background-color":"var(--ast-global-color-5)","background-image":"","background-repeat":"repeat","background-position":"center center","background-size":"auto","background-attachment":"scroll","background-type":"","background-media":"","overlay-type":"","overlay-color":"","overlay-opacity":"","overlay-gradient":""}},"footnotes":""},"class_list":["post-4508","page","type-page","status-publish","hentry"],"acf":[],"_links":{"self":[{"href":"https:\/\/noas.no\/riketstilstand\/wp-json\/wp\/v2\/pages\/4508","targetHints":{"allow":["GET"]}}],"collection":[{"href":"https:\/\/noas.no\/riketstilstand\/wp-json\/wp\/v2\/pages"}],"about":[{"href":"https:\/\/noas.no\/riketstilstand\/wp-json\/wp\/v2\/types\/page"}],"author":[{"embeddable":true,"href":"https:\/\/noas.no\/riketstilstand\/wp-json\/wp\/v2\/users\/1"}],"replies":[{"embeddable":true,"href":"https:\/\/noas.no\/riketstilstand\/wp-json\/wp\/v2\/comments?post=4508"}],"version-history":[{"count":40,"href":"https:\/\/noas.no\/riketstilstand\/wp-json\/wp\/v2\/pages\/4508\/revisions"}],"predecessor-version":[{"id":7595,"href":"https:\/\/noas.no\/riketstilstand\/wp-json\/wp\/v2\/pages\/4508\/revisions\/7595"}],"up":[{"embeddable":true,"href":"https:\/\/noas.no\/riketstilstand\/wp-json\/wp\/v2\/pages\/4589"}],"wp:attachment":[{"href":"https:\/\/noas.no\/riketstilstand\/wp-json\/wp\/v2\/media?parent=4508"}],"curies":[{"name":"wp","href":"https:\/\/api.w.org\/{rel}","templated":true}]}}