{"id":4374,"date":"2022-09-15T08:45:39","date_gmt":"2022-09-15T08:45:39","guid":{"rendered":"https:\/\/noas.no\/riketstilstand\/?page_id=4374"},"modified":"2022-09-23T13:27:01","modified_gmt":"2022-09-23T13:27:01","slug":"storskog","status":"publish","type":"page","link":"https:\/\/noas.no\/riketstilstand\/2018-1\/storskog\/","title":{"rendered":"Storskog"},"content":{"rendered":"\t\t<div data-elementor-type=\"wp-page\" data-elementor-id=\"4374\" class=\"elementor elementor-4374\">\n\t\t\t\t\t\t<section class=\"elementor-section elementor-top-section elementor-element elementor-element-3c046f10 elementor-section-full_width elementor-section-height-full elementor-section-content-middle elementor-section-stretched elementor-section-height-default elementor-section-items-middle\" data-id=\"3c046f10\" data-element_type=\"section\" data-e-type=\"section\" data-settings=\"{&quot;background_background&quot;:&quot;classic&quot;,&quot;stretch_section&quot;:&quot;section-stretched&quot;}\">\n\t\t\t\t\t\t\t<div class=\"elementor-background-overlay\"><\/div>\n\t\t\t\t\t\t\t<div class=\"elementor-container elementor-column-gap-default\">\n\t\t\t\t\t<div class=\"elementor-column elementor-col-100 elementor-top-column elementor-element elementor-element-67f88e11\" data-id=\"67f88e11\" data-element_type=\"column\" data-e-type=\"column\">\n\t\t\t<div class=\"elementor-widget-wrap elementor-element-populated\">\n\t\t\t\t\t\t<div class=\"elementor-element elementor-element-68dbbcd elementor-widget elementor-widget-heading\" data-id=\"68dbbcd\" data-element_type=\"widget\" data-e-type=\"widget\" data-widget_type=\"heading.default\">\n\t\t\t\t<div class=\"elementor-widget-container\">\n\t\t\t\t\t<h1 class=\"elementor-heading-title elementor-size-default\">Storskog<\/h1>\t\t\t\t<\/div>\n\t\t\t\t<\/div>\n\t\t\t\t<div class=\"elementor-element elementor-element-2de27572 elementor-widget elementor-widget-text-editor\" data-id=\"2de27572\" data-element_type=\"widget\" data-e-type=\"widget\" data-widget_type=\"text-editor.default\">\n\t\t\t\t<div class=\"elementor-widget-container\">\n\t\t\t\t\t\t\t\t\t<p>Det er tiln\u00e6rmet umulig for flyktninger \u00e5 s\u00f8ke beskyttelse ved den norsk-russiske grensen ved Storskog.<\/p>\t\t\t\t\t\t\t\t<\/div>\n\t\t\t\t<\/div>\n\t\t\t\t\t<\/div>\n\t\t<\/div>\n\t\t\t\t\t<\/div>\n\t\t<\/section>\n\t\t\t\t<section class=\"elementor-section elementor-top-section elementor-element elementor-element-42882e8 elementor-section-boxed elementor-section-height-default elementor-section-height-default\" data-id=\"42882e8\" data-element_type=\"section\" data-e-type=\"section\" data-settings=\"{&quot;background_background&quot;:&quot;classic&quot;}\">\n\t\t\t\t\t\t<div class=\"elementor-container elementor-column-gap-default\">\n\t\t\t\t\t<div class=\"elementor-column elementor-col-100 elementor-top-column elementor-element elementor-element-3f08eba\" data-id=\"3f08eba\" data-element_type=\"column\" data-e-type=\"column\">\n\t\t\t<div class=\"elementor-widget-wrap elementor-element-populated\">\n\t\t\t\t\t\t<div class=\"elementor-element elementor-element-b22a6d9 elementor-widget elementor-widget-heading\" data-id=\"b22a6d9\" data-element_type=\"widget\" data-e-type=\"widget\" data-widget_type=\"heading.default\">\n\t\t\t\t<div class=\"elementor-widget-container\">\n\t\t\t\t\t<h2 class=\"elementor-heading-title elementor-size-default\">Du leser n\u00e5 Rikets tilstand p\u00e5 asylfeltet fra 2018<\/h2>\t\t\t\t<\/div>\n\t\t\t\t<\/div>\n\t\t\t\t<div class=\"elementor-element elementor-element-993e302 elementor-widget elementor-widget-text-editor\" data-id=\"993e302\" data-element_type=\"widget\" data-e-type=\"widget\" data-widget_type=\"text-editor.default\">\n\t\t\t\t<div class=\"elementor-widget-container\">\n\t\t\t\t\t\t\t\t\t<h6><b>MENY:<\/b>\u00a0<a href=\"http:\/\/riketstilstand.noas.no\/2018\/statistikk\">STATISTIKK &#8211;\u00a0<\/a><a href=\"https:\/\/www.riketstilstand.noas.no\/2018\/symbolpolitikk-som-undergraver-integrering\">KOMMENTAR &#8211;\u00a0<\/a><a href=\"https:\/\/www.riketstilstand.noas.no\/2018\/#viktige-asylpolitiske-saker\">ASYLPOLITISKE TEMA &#8211;\u00a0<\/a><a href=\"https:\/\/www.riketstilstand.noas.no\/2018\/landprofiler\">LANDPROFILER<\/a><\/h6>\t\t\t\t\t\t\t\t<\/div>\n\t\t\t\t<\/div>\n\t\t\t\t\t<\/div>\n\t\t<\/div>\n\t\t\t\t\t<\/div>\n\t\t<\/section>\n\t\t\t\t<section class=\"elementor-section elementor-top-section elementor-element elementor-element-607586f6 elementor-section-boxed elementor-section-height-default elementor-section-height-default\" data-id=\"607586f6\" data-element_type=\"section\" data-e-type=\"section\">\n\t\t\t\t\t\t<div class=\"elementor-container elementor-column-gap-default\">\n\t\t\t\t\t<div class=\"elementor-column elementor-col-100 elementor-top-column elementor-element elementor-element-255e8e9e\" data-id=\"255e8e9e\" data-element_type=\"column\" data-e-type=\"column\">\n\t\t\t<div class=\"elementor-widget-wrap elementor-element-populated\">\n\t\t\t\t\t\t<div class=\"elementor-element elementor-element-620c1b98 elementor-widget elementor-widget-text-editor\" data-id=\"620c1b98\" data-element_type=\"widget\" data-e-type=\"widget\" data-widget_type=\"text-editor.default\">\n\t\t\t\t<div class=\"elementor-widget-container\">\n\t\t\t\t\t\t\t\t\t<div class=\"custom-css\" data-content-field=\"main-content\" data-collection-id=\"5c876f84e5e5f09d2ccabfef\" data-edit-main-image=\"Page Banner\" id=\"yui_3_17_2_1_1663231407759_76\">\n\t\t\t\t\t\t\t\t<div class=\"sqs-layout sqs-grid-12 columns-12\" data-type=\"page\" data-updated-on=\"1553095581133\" id=\"page-5c876f84e5e5f09d2ccabfef\"><div class=\"row sqs-row\" id=\"yui_3_17_2_1_1663231407759_75\"><div class=\"col sqs-col-12 span-12\" id=\"yui_3_17_2_1_1663231407759_74\"><div class=\"row sqs-row\"><div class=\"col sqs-col-3 span-3\"><div class=\"sqs-block spacer-block sqs-block-spacer sized vsize-1\" data-block-type=\"21\" id=\"block-38e7990cb37bf43b12a4\"><div class=\"sqs-block-content\">&nbsp;<\/div><\/div><\/div><div class=\"col sqs-col-6 span-6\"><div class=\"sqs-block html-block sqs-block-html\" data-block-type=\"2\" id=\"block-efe09e165aa6b2f4b47d\"><div class=\"sqs-block-content\"><p style=\"white-space:pre-wrap;\">H\u00f8sten 2015 kom omkring 5500 asyls\u00f8kere over den norsk-russiske grensen ved Storskog. Om lag en tredel kom fra Syria, og andre store grupper var afghanere, irakere og pakistanere. Snaut 700 hadde oppholdstillatelse i Russland eller visum som ga dem mulighet til \u00e5 returnere. De aller fleste manglet oppholdstillatelse i Russland og hadde ikke rett til \u00e5 returnere dit.<br>&nbsp;<\/p><h3 style=\"white-space:pre-wrap;\">Hasteinnstramninger<\/h3><p style=\"white-space:pre-wrap;\">I november 2015 vedtok Stortinget&nbsp;<a href=\"https:\/\/www.stortinget.no\/no\/Saker-og-publikasjoner\/Saker\/Sak\/?p=63964\">hasteinnstramninger<\/a>&nbsp;i utlendingsloven for \u00e5 hindre asylankomster over Storskog. Det ble vedtatt at Norge skulle kunne avvise asyls\u00f8kere og henvise dem til et s\u00e5kalt \u00abtrygt tredjeland\u00bb, selv om asyls\u00f8keren ikke vil ha tilgang til \u00e5 s\u00f8ke asyl og f\u00e5 saken sin behandlet i tredjelandet. \u00abTrygt tredjeland\u00bb-konseptet inneb\u00e6rer at en stat avviser en s\u00f8knad om asyl fordi personen kunne ha s\u00f8kt asyl, men ikke har s\u00f8kt eller ikke f\u00e5tt svar p\u00e5 en s\u00f8knad, i et annet land.&nbsp;<\/p><p style=\"white-space:pre-wrap;\">Stortinget vedtok ogs\u00e5 at regjeringen skulle kunne instruere Utlendingsnemnda (UNE), den til da uavhengige klageinstansen i asylsaker, om hvordan utlendingsloven skulle tolkes og skj\u00f8nn ut\u00f8ves.<\/p>\n\n\n<\/div><\/div><div class=\"sqs-block quote-block sqs-block-quote null sqs-col-3 span-3 float float-left\" data-block-type=\"31\" id=\"block-yui_3_17_2_1_1552379844595_26611\"><div class=\"sqs-block-content\">\n\n\n\n<figure class=\"block-animation-none\">\n  <blockquote data-animation-role=\"quote\">\n    <span>\u201c<\/span>norske myndigheters svar p\u00e5 asylankomster over Storskog er et regelverk og praksis i strid med internasjonale konvensjoner. <span>\u201d<\/span>\n  <\/blockquote>\n  \n<\/figure>\n<\/div><\/div><div class=\"sqs-block html-block sqs-block-html\" data-block-type=\"2\" id=\"block-yui_3_17_2_1_1552379844595_26675\"><div class=\"sqs-block-content\"><p style=\"white-space:pre-wrap;\">Innstramningene ble hastebehandlet i Stortinget over en helg, uten komit\u00e9behandling og uten h\u00f8ringsrunde hvor faginstanser og uavhengige organisasjoner kunne uttale seg. Innstramningene var midlertidige, og skulle vare i to \u00e5r. I 2017 fremmet regjeringen&nbsp;<a href=\"https:\/\/www.stortinget.no\/no\/Saker-og-publikasjoner\/Saker\/Sak\/?p=67734\">forslag om at innstramningene gj\u00f8res permanente<\/a>. Stortingsflertallet stemte ned forslag om at politisk styring av UNE skulle videref\u00f8res. Men det var ikke flertall for \u00e5 gjeninnf\u00f8re vilk\u00e5ret om at asyls\u00f8kere m\u00e5tte ha tilgang til asylprosedyre for at realitetsbehandling av asyls\u00f8knad i Norge skal kunne avvises og s\u00f8ker henvises til \u00abtrygt tredjeland\u00bb.<\/p>\n\n\n<\/div><\/div><\/div><div class=\"col sqs-col-3 span-3\"><div class=\"sqs-block spacer-block sqs-block-spacer sized vsize-1\" data-block-type=\"21\" id=\"block-90a67f4e72b841d91549\"><div class=\"sqs-block-content\">&nbsp;<\/div><\/div><\/div><\/div><div class=\"row sqs-row\"><div class=\"col sqs-col-3 span-3\"><div class=\"sqs-block spacer-block sqs-block-spacer sized vsize-1\" data-block-type=\"21\" id=\"block-0a63f251dbe6696d24b4\"><div class=\"sqs-block-content\">&nbsp;<\/div><\/div><\/div><div class=\"col sqs-col-6 span-6\"><div class=\"sqs-block html-block sqs-block-html\" data-block-type=\"2\" id=\"block-e493f27d092c829f7790\"><div class=\"sqs-block-content\"><h3 style=\"white-space:pre-wrap;\">Brudd p\u00e5 folkeretten<\/h3>\n\n\n<\/div><\/div><div class=\"sqs-block quote-block sqs-block-quote null sqs-col-3 span-3 float float-right\" data-block-type=\"31\" id=\"block-3cd7569b95c81b812033\"><div class=\"sqs-block-content\">\n\n\n\n<figure class=\"block-animation-none\">\n  <blockquote data-animation-role=\"quote\">\n    <span>\u201c<\/span>\u00c5 fjerne grunnleggende rettssikkerhetsgarantier, inneb\u00e6rer folkerettsbrudd.<span>\u201d<\/span>\n  <\/blockquote>\n  \n<\/figure>\n<\/div><\/div><div class=\"sqs-block html-block sqs-block-html\" data-block-type=\"2\" id=\"block-f6b8a6c88347f2afe370\"><div class=\"sqs-block-content\"><p style=\"white-space:pre-wrap;\">I februar 2019 utga NOAS og Helsingforskomiteen rapporter som viser at norske myndigheters svar p\u00e5 asylankomster over Storskog er et regelverk og praksis i strid med internasjonale konvensjoner.&nbsp;<\/p><p style=\"white-space:pre-wrap;\">NOAS\u2019 <a href=\"https:\/\/www.noas.no\/wp-content\/uploads\/2019\/02\/Storskog-rapport-februar-2019.pdf\">rapport<\/a> dokumenterer at norske myndigheter avskj\u00e6rer mennesker p\u00e5 flukt retten til \u00e5 s\u00f8ke beskyttelse. Norge har inng\u00e5tt en avtale med russiske myndigheter som hindrer asyls\u00f8kere uten visum til Norge eller Schengen \u00e5 n\u00e5 fram til den norske grensen. Asyls\u00f8kere som slipper fram til det norske grensen, kan nektes \u00e5 f\u00e5 asylsaken realitetsbehandlet i Norge og fors\u00f8kes returnert til Russland. Hasteinnstramningene fra h\u00f8sten 2015, gj\u00f8r at mennesker p\u00e5 flukt kan avvises i Norge og sendes til Russland \u2013 selv om det ikke er sikret tilgang til asylsaksbehandling og flyktningstatus der. &nbsp;<\/p><p style=\"white-space:pre-wrap;\">Helsingforskomiteens <a href=\"https:\/\/www.nhc.no\/content\/uploads\/2019\/02\/Report_LostInRussia_web_oppslag_skygge.pdf\">rapport<\/a> viser at det i Russland finnes en formell, men ikke reell mulighet for flyktninger til \u00e5 f\u00e5 beskyttelse. Det russiske asylsystemet fungerer ikke i praksis. Asyls\u00f8kere risikerer \u00e5 bli arrestert, internert og utvist i alle stadier av asylprosessen. Tillatelser kan trekkes tilbake, og russisk lov har ingen bestemmelse som direkte forbyr retur til mulig forf\u00f8lgelse i asyls\u00f8kerens hjemland. Et forsvinnende lite antall flyktninger f\u00e5r beskyttelse i Russland.&nbsp;<\/p><p style=\"white-space:pre-wrap;\">\u00c5 fjerne grunnleggende rettssikkerhetsgarantier, inneb\u00e6rer folkerettsbrudd. Flyktninger har blitt avvist av Norge og sendt til Russland, for deretter \u00e5 risikere tvangsretur til Syria. FNs h\u00f8ykommiss\u00e6r for flyktninger har dokumentert at Russland har sendt syrere hjem, og de har avverget en rekke utsendelser til Syria.<\/p><p style=\"white-space:pre-wrap;\">Norges bruk av \u00abtrygt tredjeland\u00bb-konseptet bidrar til \u00e5 skyve ansvaret for verdens flyktninger over p\u00e5 stater n\u00e6rmere konfliktene, med stor risiko for at flyktninger blir sendt videre til forf\u00f8lgelse (kjede-refoulement), fremfor \u00e5 bidra til fordeling av ansvaret for mennesker p\u00e5 flukt, i tr\u00e5d med flyktningkonvensjonens form\u00e5l.<br>&nbsp;<\/p><h3 style=\"white-space:pre-wrap;\">Regjeringen m\u00e5tte snu<\/h3><p style=\"white-space:pre-wrap;\">Blant asyls\u00f8kerne som ble nektet realitetsbehandling av asyls\u00f8knaden i Norge, var det personer med kortvarig visum til Russland, utg\u00e5tte oppholdstillatelser og personer som hadde oppholdt seg ulovlig i Russland. Russland nektet imidlertid \u00e5 ta tilbake asyls\u00f8kere uten lovlig oppholdstillatelse i Russland.<\/p>\n\n\n<\/div><\/div><\/div><div class=\"col sqs-col-3 span-3\"><div class=\"sqs-block spacer-block sqs-block-spacer sized vsize-1\" data-block-type=\"21\" id=\"block-5da3579c49afa55abfba\"><div class=\"sqs-block-content\">&nbsp;<\/div><\/div><\/div><\/div><div class=\"sqs-block image-block sqs-block-image sqs-text-ready\" data-aspect-ratio=\"36.640625\" data-block-type=\"5\" id=\"block-yui_3_17_2_1_1552922574188_11570\"><div class=\"sqs-block-content\" id=\"yui_3_17_2_1_1663231407759_73\">\n\n\n\n\n\n\n\n\n\n\n\n\n\n\n\n  \n\n    \n  \n    <div class=\"\n          image-block-outer-wrapper\n          layout-caption-below\n          design-layout-inline\n          combination-animation-none\n          individual-animation-none\n          individual-text-animation-none\n        \" data-test=\"image-block-inline-outer-wrapper\" id=\"yui_3_17_2_1_1663231407759_72\">\n\n      \n\n      \n        <figure class=\"\n              sqs-block-image-figure\n              intrinsic\n            \" style=\"max-width:2048px;\" id=\"yui_3_17_2_1_1663231407759_71\">\n          \n        \n        \n\n        \n          \n            \n          <div class=\"image-block-wrapper\" data-animation-role=\"image\" id=\"yui_3_17_2_1_1663231407759_70\">\n            <div class=\"sqs-image-shape-container-element\n              \n          \n        \n              has-aspect-ratio\n            \" style=\"\n                position: relative;\n                \n                  padding-bottom:36.640625%;\n                \n                overflow: hidden;\n              \" id=\"yui_3_17_2_1_1663231407759_69\">\n              <noscript><img decoding=\"async\" src=\"https:\/\/images.squarespace-cdn.com\/content\/v1\/56e6a2632b8dde4bafc35e0b\/1552922666175-Q6U07DO210YYHWT6QXC1\/Erna+statsbudsjett+2017.jpg\" alt=\"RUSSLAND NEKTET \u00c5 TA TILBAKE EN DEL AV ASYLS\u00d8KERNE NORGE \u00d8NSKET \u00c5 SENDE DIT, OG DEN NORSKE REGJERINGEN M\u00c5TTE SNU OG REALITETSBEHANDLE ASYLS\u00d8KNADENE.&amp;nbsp;FOTO: STORTINGET\" \/><\/noscript><img decoding=\"async\" class=\"thumb-image loaded\" data-src=\"https:\/\/images.squarespace-cdn.com\/content\/v1\/56e6a2632b8dde4bafc35e0b\/1552922666175-Q6U07DO210YYHWT6QXC1\/Erna+statsbudsjett+2017.jpg\" data-image=\"https:\/\/images.squarespace-cdn.com\/content\/v1\/56e6a2632b8dde4bafc35e0b\/1552922666175-Q6U07DO210YYHWT6QXC1\/Erna+statsbudsjett+2017.jpg\" data-image-dimensions=\"2048x1365\" data-image-focal-point=\"0.5,0.5\" data-load=\"false\" data-image-id=\"5c8fb8267817f775cf4ce49d\" data-type=\"image\" style=\"left: 0%; top: -40.9515%; width: 100%; height: 181.903%; position: absolute;\" alt=\"RUSSLAND NEKTET \u00c5 TA TILBAKE EN DEL AV ASYLS\u00d8KERNE NORGE \u00d8NSKET \u00c5 SENDE DIT, OG DEN NORSKE REGJERINGEN M\u00c5TTE SNU OG REALITETSBEHANDLE ASYLS\u00d8KNADENE.&amp;nbsp;FOTO: STORTINGET\" data-image-resolution=\"1500w\" src=\"https:\/\/images.squarespace-cdn.com\/content\/v1\/56e6a2632b8dde4bafc35e0b\/1552922666175-Q6U07DO210YYHWT6QXC1\/Erna+statsbudsjett+2017.jpg?format=1500w\">\n            <\/div>\n          <\/div>\n        \n          \n        \n\n        \n          \n          <figcaption class=\"image-caption-wrapper\">\n            <div class=\"image-caption\"><p>RUSSLAND NEKTET \u00c5 TA TILBAKE EN DEL AV ASYLS\u00d8KERNE NORGE \u00d8NSKET \u00c5 SENDE DIT, OG DEN NORSKE REGJERINGEN M\u00c5TTE SNU OG REALITETSBEHANDLE ASYLS\u00d8KNADENE.&nbsp;<em>FOTO: STORTINGET<\/em><\/p><\/div>\n          <\/figcaption>\n        \n      \n        <\/figure>\n      \n\n    <\/div>\n  \n\n\n  \n\n\n<\/div><\/div><div class=\"row sqs-row\"><div class=\"col sqs-col-3 span-3\"><div class=\"sqs-block spacer-block sqs-block-spacer sized vsize-1\" data-block-type=\"21\" id=\"block-f124a3a889a2500304cf\"><div class=\"sqs-block-content\">&nbsp;<\/div><\/div><\/div><div class=\"col sqs-col-6 span-6\"><div class=\"sqs-block html-block sqs-block-html\" data-block-type=\"2\" id=\"block-2bc0cf5208777e4937bf\"><div class=\"sqs-block-content\"><p style=\"white-space:pre-wrap;\">Regjeringen m\u00e5tte etter hvert snu. Etter april 2016 fikk asyls\u00f8kere med utg\u00e5tt engangsvisum til Russland s\u00f8knaden behandlet i Norge. Etter november 2016 fikk ogs\u00e5 asyls\u00f8kere med utg\u00e5tt flerreisevisum eller utg\u00e5tt oppholdstillatelse sakene behandlet i Norge. Asyls\u00f8kerne hadde da ventet i mer enn et \u00e5r.<\/p><p style=\"white-space:pre-wrap;\">Personer med flerreisevisum eller oppholdstillatelse som ikke er utl\u00f8pt, risikerer fortsatt \u00e5 ikke f\u00e5 asyls\u00f8knaden vurdert i Norge.<\/p><p style=\"white-space:pre-wrap;\">Det finnes ogs\u00e5 eksempler p\u00e5 at UNE beslutter realitetsbehandling av saker, selv om asyls\u00f8kere har opphold i Russland.&nbsp;<a href=\"\/2018\/asylsaker-i-domstolen\">Les mer her<\/a>&nbsp;om en sak der asyls\u00f8keren fikk behandlet saken i Norge etter bistand fra NOAS\u2019 domstolsprosjekt.<br><\/p><h3 style=\"white-space:pre-wrap;\">Mange har forsvunnet<\/h3><p style=\"white-space:pre-wrap;\">Under 500 av asyls\u00f8kerne som kom over Storskog har blitt returnert til Russland. Noen f\u00e5 som ble sendt til Russland ble etterp\u00e5 hentet tilbake til Norge. I disse tilfellene ble det klart for norske myndigheter at personene risikerte \u00e5 bli sendt videre til hjemlandet, der de risikerte forf\u00f8lgelse.<\/p><p style=\"white-space:pre-wrap;\">Over 2000 personer som kom over Storskog har forsvunnet fra norske mottak, fordi de fryktet retur til Russland. Mange reiste videre til andre europeiske land, og en del av dem har senere blitt returnert til Norge etter&nbsp;<a href=\"https:\/\/www.udi.no\/ord-og-begreper\/dublin-samarbeidet\/\">Dublin-regelverket<\/a>&nbsp;\u2013 som har som hovedregel at f\u00f8rste ankomstland i Europa er ansvarlig for \u00e5 behandle asyls\u00f8knaden.&nbsp;<br>&nbsp;<\/p>\n\n\n<\/div><\/div><\/div><div class=\"col sqs-col-3 span-3\"><div class=\"sqs-block spacer-block sqs-block-spacer sized vsize-1\" data-block-type=\"21\" id=\"block-409c52617410afc2e103\"><div class=\"sqs-block-content\">&nbsp;<\/div><\/div><\/div><\/div><div class=\"row sqs-row\"><div class=\"col sqs-col-6 span-6\"><div class=\"sqs-block spacer-block sqs-block-spacer sized vsize-1\" data-block-type=\"21\" id=\"block-c3f89d3170c7b0796008\"><div class=\"sqs-block-content\">&nbsp;<\/div><\/div><\/div><div class=\"col sqs-col-6 span-6\"><div class=\"sqs-block spacer-block sqs-block-spacer sized vsize-1\" data-block-type=\"21\" id=\"block-b24ce65d38388bbcd449\"><div class=\"sqs-block-content\">&nbsp;<\/div><\/div><\/div><\/div><\/div><\/div><\/div>\n\t\t\t\t\t\t\t<\/div>\t\t\t\t\t\t\t\t<\/div>\n\t\t\t\t<\/div>\n\t\t\t\t\t<\/div>\n\t\t<\/div>\n\t\t\t\t\t<\/div>\n\t\t<\/section>\n\t\t\t\t<\/div>\n\t\t","protected":false},"excerpt":{"rendered":"<p>Storskog Det er tiln\u00e6rmet umulig for flyktninger \u00e5 s\u00f8ke beskyttelse ved den norsk-russiske grensen ved Storskog. Du leser n\u00e5 Rikets tilstand p\u00e5 asylfeltet fra 2018 MENY:\u00a0STATISTIKK &#8211;\u00a0KOMMENTAR &#8211;\u00a0ASYLPOLITISKE TEMA &#8211;\u00a0LANDPROFILER &nbsp; H\u00f8sten 2015 kom omkring 5500 asyls\u00f8kere over den norsk-russiske grensen ved Storskog. Om lag en tredel kom fra Syria, og andre store grupper var [&hellip;]<\/p>\n","protected":false},"author":1,"featured_media":0,"parent":4127,"menu_order":0,"comment_status":"closed","ping_status":"closed","template":"","meta":{"_acf_changed":false,"site-sidebar-layout":"no-sidebar","site-content-layout":"plain-container","ast-site-content-layout":"default","site-content-style":"default","site-sidebar-style":"default","ast-global-header-display":"","ast-banner-title-visibility":"","ast-main-header-display":"","ast-hfb-above-header-display":"","ast-hfb-below-header-display":"","ast-hfb-mobile-header-display":"","site-post-title":"disabled","ast-breadcrumbs-content":"","ast-featured-img":"disabled","footer-sml-layout":"","ast-disable-related-posts":"","theme-transparent-header-meta":"default","adv-header-id-meta":"","stick-header-meta":"","header-above-stick-meta":"","header-main-stick-meta":"","header-below-stick-meta":"","astra-migrate-meta-layouts":"default","ast-page-background-enabled":"default","ast-page-background-meta":{"desktop":{"background-color":"var(--ast-global-color-4)","background-image":"","background-repeat":"repeat","background-position":"center center","background-size":"auto","background-attachment":"scroll","background-type":"","background-media":"","overlay-type":"","overlay-color":"","overlay-opacity":"","overlay-gradient":""},"tablet":{"background-color":"","background-image":"","background-repeat":"repeat","background-position":"center center","background-size":"auto","background-attachment":"scroll","background-type":"","background-media":"","overlay-type":"","overlay-color":"","overlay-opacity":"","overlay-gradient":""},"mobile":{"background-color":"","background-image":"","background-repeat":"repeat","background-position":"center center","background-size":"auto","background-attachment":"scroll","background-type":"","background-media":"","overlay-type":"","overlay-color":"","overlay-opacity":"","overlay-gradient":""}},"ast-content-background-meta":{"desktop":{"background-color":"var(--ast-global-color-5)","background-image":"","background-repeat":"repeat","background-position":"center center","background-size":"auto","background-attachment":"scroll","background-type":"","background-media":"","overlay-type":"","overlay-color":"","overlay-opacity":"","overlay-gradient":""},"tablet":{"background-color":"var(--ast-global-color-5)","background-image":"","background-repeat":"repeat","background-position":"center center","background-size":"auto","background-attachment":"scroll","background-type":"","background-media":"","overlay-type":"","overlay-color":"","overlay-opacity":"","overlay-gradient":""},"mobile":{"background-color":"var(--ast-global-color-5)","background-image":"","background-repeat":"repeat","background-position":"center center","background-size":"auto","background-attachment":"scroll","background-type":"","background-media":"","overlay-type":"","overlay-color":"","overlay-opacity":"","overlay-gradient":""}},"footnotes":""},"class_list":["post-4374","page","type-page","status-publish","hentry"],"acf":[],"_links":{"self":[{"href":"https:\/\/noas.no\/riketstilstand\/wp-json\/wp\/v2\/pages\/4374","targetHints":{"allow":["GET"]}}],"collection":[{"href":"https:\/\/noas.no\/riketstilstand\/wp-json\/wp\/v2\/pages"}],"about":[{"href":"https:\/\/noas.no\/riketstilstand\/wp-json\/wp\/v2\/types\/page"}],"author":[{"embeddable":true,"href":"https:\/\/noas.no\/riketstilstand\/wp-json\/wp\/v2\/users\/1"}],"replies":[{"embeddable":true,"href":"https:\/\/noas.no\/riketstilstand\/wp-json\/wp\/v2\/comments?post=4374"}],"version-history":[{"count":7,"href":"https:\/\/noas.no\/riketstilstand\/wp-json\/wp\/v2\/pages\/4374\/revisions"}],"predecessor-version":[{"id":6094,"href":"https:\/\/noas.no\/riketstilstand\/wp-json\/wp\/v2\/pages\/4374\/revisions\/6094"}],"up":[{"embeddable":true,"href":"https:\/\/noas.no\/riketstilstand\/wp-json\/wp\/v2\/pages\/4127"}],"wp:attachment":[{"href":"https:\/\/noas.no\/riketstilstand\/wp-json\/wp\/v2\/media?parent=4374"}],"curies":[{"name":"wp","href":"https:\/\/api.w.org\/{rel}","templated":true}]}}