{"id":4142,"date":"2022-09-14T09:10:33","date_gmt":"2022-09-14T09:10:33","guid":{"rendered":"https:\/\/noas.no\/riketstilstand\/?page_id=4142"},"modified":"2023-04-16T17:44:31","modified_gmt":"2023-04-16T17:44:31","slug":"iran","status":"publish","type":"page","link":"https:\/\/noas.no\/riketstilstand\/2018-1\/landprofiler\/iran\/","title":{"rendered":"Iran"},"content":{"rendered":"\t\t<div data-elementor-type=\"wp-page\" data-elementor-id=\"4142\" class=\"elementor elementor-4142\">\n\t\t\t\t\t\t<section class=\"elementor-section elementor-top-section elementor-element elementor-element-e0d5193 elementor-section-height-min-height elementor-section-stretched elementor-section-boxed elementor-section-height-default elementor-section-items-middle\" data-id=\"e0d5193\" data-element_type=\"section\" data-e-type=\"section\" data-settings=\"{&quot;background_background&quot;:&quot;classic&quot;,&quot;stretch_section&quot;:&quot;section-stretched&quot;}\">\n\t\t\t\t\t\t\t<div class=\"elementor-background-overlay\"><\/div>\n\t\t\t\t\t\t\t<div class=\"elementor-container elementor-column-gap-default\">\n\t\t\t\t\t<div class=\"elementor-column elementor-col-100 elementor-top-column elementor-element elementor-element-ecf38ef\" data-id=\"ecf38ef\" data-element_type=\"column\" data-e-type=\"column\">\n\t\t\t<div class=\"elementor-widget-wrap elementor-element-populated\">\n\t\t\t\t\t\t<div class=\"elementor-element elementor-element-ad9f38f elementor-widget elementor-widget-heading\" data-id=\"ad9f38f\" data-element_type=\"widget\" data-e-type=\"widget\" data-widget_type=\"heading.default\">\n\t\t\t\t<div class=\"elementor-widget-container\">\n\t\t\t\t\t<h4 class=\"elementor-heading-title elementor-size-default\">LANDPROFILER 2018<\/h4>\t\t\t\t<\/div>\n\t\t\t\t<\/div>\n\t\t\t\t\t<\/div>\n\t\t<\/div>\n\t\t\t\t\t<\/div>\n\t\t<\/section>\n\t\t\t\t<section class=\"elementor-section elementor-top-section elementor-element elementor-element-72fbe4e6 elementor-section-boxed elementor-section-height-default elementor-section-height-default\" data-id=\"72fbe4e6\" data-element_type=\"section\" data-e-type=\"section\">\n\t\t\t\t\t\t<div class=\"elementor-container elementor-column-gap-default\">\n\t\t\t\t\t<div class=\"elementor-column elementor-col-100 elementor-top-column elementor-element elementor-element-9373a18\" data-id=\"9373a18\" data-element_type=\"column\" data-e-type=\"column\">\n\t\t\t<div class=\"elementor-widget-wrap elementor-element-populated\">\n\t\t\t\t\t\t<div class=\"elementor-element elementor-element-2b06904d elementor-widget elementor-widget-heading\" data-id=\"2b06904d\" data-element_type=\"widget\" data-e-type=\"widget\" data-widget_type=\"heading.default\">\n\t\t\t\t<div class=\"elementor-widget-container\">\n\t\t\t\t\t<h2 class=\"elementor-heading-title elementor-size-default\"><a href=\"#\">IRAN<\/a><\/h2>\t\t\t\t<\/div>\n\t\t\t\t<\/div>\n\t\t\t\t\t<\/div>\n\t\t<\/div>\n\t\t\t\t\t<\/div>\n\t\t<\/section>\n\t\t\t\t<section class=\"elementor-section elementor-top-section elementor-element elementor-element-7b2576e elementor-section-boxed elementor-section-height-default elementor-section-height-default\" data-id=\"7b2576e\" data-element_type=\"section\" data-e-type=\"section\">\n\t\t\t\t\t\t<div class=\"elementor-container elementor-column-gap-default\">\n\t\t\t\t\t<div class=\"elementor-column elementor-col-33 elementor-top-column elementor-element elementor-element-2e63fdc7\" data-id=\"2e63fdc7\" data-element_type=\"column\" data-e-type=\"column\">\n\t\t\t<div class=\"elementor-widget-wrap elementor-element-populated\">\n\t\t\t\t\t\t<div class=\"elementor-element elementor-element-653476ef elementor-widget elementor-widget-image\" data-id=\"653476ef\" data-element_type=\"widget\" data-e-type=\"widget\" data-widget_type=\"image.default\">\n\t\t\t\t<div class=\"elementor-widget-container\">\n\t\t\t\t\t\t\t\t\t\t\t\t\t\t\t<img fetchpriority=\"high\" decoding=\"async\" width=\"750\" height=\"547\" src=\"https:\/\/noas.no\/riketstilstand\/wp-content\/uploads\/2022\/09\/Riketstilstand_illustrasjoner2019-09.png\" class=\"attachment-large size-large wp-image-4249\" alt=\"\" srcset=\"https:\/\/noas.no\/riketstilstand\/wp-content\/uploads\/2022\/09\/Riketstilstand_illustrasjoner2019-09.png 750w, https:\/\/noas.no\/riketstilstand\/wp-content\/uploads\/2022\/09\/Riketstilstand_illustrasjoner2019-09-300x219.png 300w\" sizes=\"(max-width: 750px) 100vw, 750px\" \/>\t\t\t\t\t\t\t\t\t\t\t\t\t\t\t<\/div>\n\t\t\t\t<\/div>\n\t\t\t\t<div class=\"elementor-element elementor-element-22fdc641 elementor-widget elementor-widget-button\" data-id=\"22fdc641\" data-element_type=\"widget\" data-e-type=\"widget\" data-widget_type=\"button.default\">\n\t\t\t\t<div class=\"elementor-widget-container\">\n\t\t\t\t\t\t\t\t\t<div class=\"elementor-button-wrapper\">\n\t\t\t\t\t<a class=\"elementor-button elementor-button-link elementor-size-md\" href=\"https:\/\/www.udiregelverk.no\/rettskilder\/udi-retningslinjer\/udi-2014-004\/\">\n\t\t\t\t\t\t<span class=\"elementor-button-content-wrapper\">\n\t\t\t\t\t\t\t\t\t<span class=\"elementor-button-text\">LES UDIS PRAKSISNOTAT FOR IRAN HER<\/span>\n\t\t\t\t\t<\/span>\n\t\t\t\t\t<\/a>\n\t\t\t\t<\/div>\n\t\t\t\t\t\t\t\t<\/div>\n\t\t\t\t<\/div>\n\t\t\t\t\t<\/div>\n\t\t<\/div>\n\t\t\t\t<div class=\"elementor-column elementor-col-66 elementor-top-column elementor-element elementor-element-3593c75a\" data-id=\"3593c75a\" data-element_type=\"column\" data-e-type=\"column\">\n\t\t\t<div class=\"elementor-widget-wrap elementor-element-populated\">\n\t\t\t\t\t\t<div class=\"elementor-element elementor-element-1856ae02 elementor-widget elementor-widget-text-editor\" data-id=\"1856ae02\" data-element_type=\"widget\" data-e-type=\"widget\" data-widget_type=\"text-editor.default\">\n\t\t\t\t<div class=\"elementor-widget-container\">\n\t\t\t\t\t\t\t\t\t<h3>Vanskelig menneskerettighetssituasjon<\/h3><p>Forventningene om en forbedret menneskerettighetssituasjon i Iran etter at president Hassan Rouhani ble valgt i 2013, har dessverre ikke sl\u00e5tt til. Tvert imot gjennomf\u00f8res det n\u00e5 <a href=\"https:\/\/www.nrk.no\/nyheter\/iran-har-henrettet-over-200-1.14323723\">flere henrettelser enn tidligere<\/a>. Med forbehold om at henrettelser kan v\u00e6re hemmeligholdt, er det kun Kina som gjennomf\u00f8rer flere henrettelser enn Iran.\u00a0<\/p><p>Iranske myndigheter tillater ikke politisk eller religi\u00f8s opposisjon, og slik aktivitet forf\u00f8lges. Det har i 2018 blitt meldt om <a href=\"https:\/\/www.vg.no\/nyheter\/utenriks\/i\/rLRrx3\/tre-kurdere-henrettet-i-iran-loerdag\">henrettelse av politisk opposisjonelle<\/a>, og i september 2018 <a href=\"https:\/\/radikalportal.no\/2018\/09\/09\/iran-til-angrep-pa-kurdiske-opposisjonelle-i-irak-minst-15-drept\/\">angrep iranske regjeringsstyrker basene til den kurdisk-iranske opposisjonen<\/a> i Irak og drepte minst 15.\u00a0F\u00f8r jul i 2018, <a href=\"https:\/\/www.stefanus.no\/aktuelt\/iran-boelgje-av-arresterte-kristne-foer-jul\/\">arresterte iranske myndigheter 114 kristne<\/a> i l\u00f8pet av en uke.\u00a0<\/p><h3>Politisk opposisjonelle<\/h3><p>Mange iranske asyls\u00f8kere frykter reaksjoner ved retur fordi de har deltatt i ulovlig kurdisk politisk opposisjonsaktivitet i hjemlandet. Noen frykter ogs\u00e5 reaksjoner p\u00e5 grunn av politisk aktivitet i Norge, blant annet etter politiske ytringer p\u00e5 internett. Norske myndigheter mener det bare er personer med en s\u00e6rdeles aktiv eller synlig politisk profil som vil anses som en trussel og som derfor risikerer alvorlige overgrep fra iranske myndigheter ved retur.<\/p>\t\t\t\t\t\t\t\t<\/div>\n\t\t\t\t<\/div>\n\t\t\t\t\t<\/div>\n\t\t<\/div>\n\t\t\t\t\t<\/div>\n\t\t<\/section>\n\t\t\t\t<section class=\"elementor-section elementor-top-section elementor-element elementor-element-7880af6f elementor-section-boxed elementor-section-height-default elementor-section-height-default\" data-id=\"7880af6f\" data-element_type=\"section\" data-e-type=\"section\">\n\t\t\t\t\t\t<div class=\"elementor-container elementor-column-gap-default\">\n\t\t\t\t\t<div class=\"elementor-column elementor-col-50 elementor-top-column elementor-element elementor-element-48c33336\" data-id=\"48c33336\" data-element_type=\"column\" data-e-type=\"column\">\n\t\t\t<div class=\"elementor-widget-wrap elementor-element-populated\">\n\t\t\t\t\t\t<div class=\"elementor-element elementor-element-34ac9f2a elementor-widget elementor-widget-text-editor\" data-id=\"34ac9f2a\" data-element_type=\"widget\" data-e-type=\"widget\" data-widget_type=\"text-editor.default\">\n\t\t\t\t<div class=\"elementor-widget-container\">\n\t\t\t\t\t\t\t\t\t<blockquote><p>\u201cIranske myndigheter tillater ikke politisk eller religi\u00f8s opposisjon, og slik aktivitet forf\u00f8lges.\u00a0\u201d<\/p><\/blockquote>\t\t\t\t\t\t\t\t<\/div>\n\t\t\t\t<\/div>\n\t\t\t\t\t<\/div>\n\t\t<\/div>\n\t\t\t\t<div class=\"elementor-column elementor-col-50 elementor-top-column elementor-element elementor-element-9767a8e\" data-id=\"9767a8e\" data-element_type=\"column\" data-e-type=\"column\">\n\t\t\t<div class=\"elementor-widget-wrap elementor-element-populated\">\n\t\t\t\t\t\t<div class=\"elementor-element elementor-element-39d83e7 elementor-widget elementor-widget-text-editor\" data-id=\"39d83e7\" data-element_type=\"widget\" data-e-type=\"widget\" data-widget_type=\"text-editor.default\">\n\t\t\t\t<div class=\"elementor-widget-container\">\n\t\t\t\t\t\t\t\t\t<h3>Konvertitter<\/h3><p>En del iranske asyls\u00f8kere frykter forf\u00f8lgelse ved retur til hjemlandet fordi de har konvertert fra islam til kristendommen. Norske myndigheter innvilger kun beskyttelse i disse sakene hvis det er sannsynlig at en konvertitt vil v\u00e6re leder, pastor eller synlig misjonerende ved retur til Iran. <a href=\"https:\/\/www.noas.no\/wp-content\/uploads\/2017\/07\/Tro-haap-og-forfolgelse-II.pdf\">Her skiller norsk praksis seg fra praksis i flere andre europeiske land<\/a>, der det gis beskyttelse til iranske kristne konvertitter som ut\u00f8ver sin tro sammen med andre \u2013 uten at de trenger \u00e5 ha en bestemt posisjon eller rolle.<\/p>\t\t\t\t\t\t\t\t<\/div>\n\t\t\t\t<\/div>\n\t\t\t\t\t<\/div>\n\t\t<\/div>\n\t\t\t\t\t<\/div>\n\t\t<\/section>\n\t\t\t\t<section class=\"elementor-section elementor-top-section elementor-element elementor-element-4a63c71 elementor-section-boxed elementor-section-height-default elementor-section-height-default\" data-id=\"4a63c71\" data-element_type=\"section\" data-e-type=\"section\">\n\t\t\t\t\t\t<div class=\"elementor-container elementor-column-gap-default\">\n\t\t\t\t\t<div class=\"elementor-column elementor-col-100 elementor-top-column elementor-element elementor-element-51a8224\" data-id=\"51a8224\" data-element_type=\"column\" data-e-type=\"column\">\n\t\t\t<div class=\"elementor-widget-wrap elementor-element-populated\">\n\t\t\t\t\t\t<div class=\"elementor-element elementor-element-6a4781ca elementor-widget elementor-widget-image\" data-id=\"6a4781ca\" data-element_type=\"widget\" data-e-type=\"widget\" data-widget_type=\"image.default\">\n\t\t\t\t<div class=\"elementor-widget-container\">\n\t\t\t\t\t\t\t\t\t\t\t\t<figure class=\"wp-caption\">\n\t\t\t\t\t\t\t\t\t\t<img decoding=\"async\" width=\"1024\" height=\"683\" src=\"https:\/\/noas.no\/riketstilstand\/wp-content\/uploads\/2022\/09\/DSC00518-1024x683.jpg\" class=\"attachment-large size-large wp-image-4259\" alt=\"\" srcset=\"https:\/\/noas.no\/riketstilstand\/wp-content\/uploads\/2022\/09\/DSC00518-1024x683.jpg 1024w, https:\/\/noas.no\/riketstilstand\/wp-content\/uploads\/2022\/09\/DSC00518-300x200.jpg 300w, https:\/\/noas.no\/riketstilstand\/wp-content\/uploads\/2022\/09\/DSC00518-768x512.jpg 768w, https:\/\/noas.no\/riketstilstand\/wp-content\/uploads\/2022\/09\/DSC00518.jpg 1500w\" sizes=\"(max-width: 1024px) 100vw, 1024px\" \/>\t\t\t\t\t\t\t\t\t\t\t<figcaption class=\"widget-image-caption wp-caption-text\">FOTO: MICHAL KNITL\/MOSTPHOTOS<\/figcaption>\n\t\t\t\t\t\t\t\t\t\t<\/figure>\n\t\t\t\t\t\t\t\t\t<\/div>\n\t\t\t\t<\/div>\n\t\t\t\t\t<\/div>\n\t\t<\/div>\n\t\t\t\t\t<\/div>\n\t\t<\/section>\n\t\t\t\t<section class=\"elementor-section elementor-top-section elementor-element elementor-element-163b1dbd elementor-section-boxed elementor-section-height-default elementor-section-height-default\" data-id=\"163b1dbd\" data-element_type=\"section\" data-e-type=\"section\">\n\t\t\t\t\t\t<div class=\"elementor-container elementor-column-gap-default\">\n\t\t\t\t\t<div class=\"elementor-column elementor-col-100 elementor-top-column elementor-element elementor-element-130cf228\" data-id=\"130cf228\" data-element_type=\"column\" data-e-type=\"column\">\n\t\t\t<div class=\"elementor-widget-wrap elementor-element-populated\">\n\t\t\t\t\t\t\t<\/div>\n\t\t<\/div>\n\t\t\t\t\t<\/div>\n\t\t<\/section>\n\t\t\t\t<\/div>\n\t\t","protected":false},"excerpt":{"rendered":"<p>LANDPROFILER 2018 IRAN LES UDIS PRAKSISNOTAT FOR IRAN HER Vanskelig menneskerettighetssituasjon Forventningene om en forbedret menneskerettighetssituasjon i Iran etter at president Hassan Rouhani ble valgt i 2013, har dessverre ikke sl\u00e5tt til. Tvert imot gjennomf\u00f8res det n\u00e5 flere henrettelser enn tidligere. Med forbehold om at henrettelser kan v\u00e6re hemmeligholdt, er det kun Kina som gjennomf\u00f8rer [&hellip;]<\/p>\n","protected":false},"author":1,"featured_media":0,"parent":4130,"menu_order":0,"comment_status":"closed","ping_status":"closed","template":"","meta":{"_acf_changed":false,"site-sidebar-layout":"no-sidebar","site-content-layout":"page-builder","ast-site-content-layout":"default","site-content-style":"default","site-sidebar-style":"default","ast-global-header-display":"","ast-banner-title-visibility":"","ast-main-header-display":"","ast-hfb-above-header-display":"","ast-hfb-below-header-display":"","ast-hfb-mobile-header-display":"","site-post-title":"disabled","ast-breadcrumbs-content":"","ast-featured-img":"disabled","footer-sml-layout":"","ast-disable-related-posts":"","theme-transparent-header-meta":"","adv-header-id-meta":"","stick-header-meta":"","header-above-stick-meta":"","header-main-stick-meta":"","header-below-stick-meta":"","astra-migrate-meta-layouts":"default","ast-page-background-enabled":"default","ast-page-background-meta":{"desktop":{"background-color":"var(--ast-global-color-4)","background-image":"","background-repeat":"repeat","background-position":"center center","background-size":"auto","background-attachment":"scroll","background-type":"","background-media":"","overlay-type":"","overlay-color":"","overlay-opacity":"","overlay-gradient":""},"tablet":{"background-color":"","background-image":"","background-repeat":"repeat","background-position":"center center","background-size":"auto","background-attachment":"scroll","background-type":"","background-media":"","overlay-type":"","overlay-color":"","overlay-opacity":"","overlay-gradient":""},"mobile":{"background-color":"","background-image":"","background-repeat":"repeat","background-position":"center center","background-size":"auto","background-attachment":"scroll","background-type":"","background-media":"","overlay-type":"","overlay-color":"","overlay-opacity":"","overlay-gradient":""}},"ast-content-background-meta":{"desktop":{"background-color":"var(--ast-global-color-5)","background-image":"","background-repeat":"repeat","background-position":"center center","background-size":"auto","background-attachment":"scroll","background-type":"","background-media":"","overlay-type":"","overlay-color":"","overlay-opacity":"","overlay-gradient":""},"tablet":{"background-color":"var(--ast-global-color-5)","background-image":"","background-repeat":"repeat","background-position":"center center","background-size":"auto","background-attachment":"scroll","background-type":"","background-media":"","overlay-type":"","overlay-color":"","overlay-opacity":"","overlay-gradient":""},"mobile":{"background-color":"var(--ast-global-color-5)","background-image":"","background-repeat":"repeat","background-position":"center center","background-size":"auto","background-attachment":"scroll","background-type":"","background-media":"","overlay-type":"","overlay-color":"","overlay-opacity":"","overlay-gradient":""}},"footnotes":""},"class_list":["post-4142","page","type-page","status-publish","hentry"],"acf":[],"_links":{"self":[{"href":"https:\/\/noas.no\/riketstilstand\/wp-json\/wp\/v2\/pages\/4142","targetHints":{"allow":["GET"]}}],"collection":[{"href":"https:\/\/noas.no\/riketstilstand\/wp-json\/wp\/v2\/pages"}],"about":[{"href":"https:\/\/noas.no\/riketstilstand\/wp-json\/wp\/v2\/types\/page"}],"author":[{"embeddable":true,"href":"https:\/\/noas.no\/riketstilstand\/wp-json\/wp\/v2\/users\/1"}],"replies":[{"embeddable":true,"href":"https:\/\/noas.no\/riketstilstand\/wp-json\/wp\/v2\/comments?post=4142"}],"version-history":[{"count":28,"href":"https:\/\/noas.no\/riketstilstand\/wp-json\/wp\/v2\/pages\/4142\/revisions"}],"predecessor-version":[{"id":6954,"href":"https:\/\/noas.no\/riketstilstand\/wp-json\/wp\/v2\/pages\/4142\/revisions\/6954"}],"up":[{"embeddable":true,"href":"https:\/\/noas.no\/riketstilstand\/wp-json\/wp\/v2\/pages\/4130"}],"wp:attachment":[{"href":"https:\/\/noas.no\/riketstilstand\/wp-json\/wp\/v2\/media?parent=4142"}],"curies":[{"name":"wp","href":"https:\/\/api.w.org\/{rel}","templated":true}]}}