{"id":4140,"date":"2022-09-14T09:10:13","date_gmt":"2022-09-14T09:10:13","guid":{"rendered":"https:\/\/noas.no\/riketstilstand\/?page_id=4140"},"modified":"2023-04-16T17:44:15","modified_gmt":"2023-04-16T17:44:15","slug":"irak","status":"publish","type":"page","link":"https:\/\/noas.no\/riketstilstand\/2018-1\/landprofiler\/irak\/","title":{"rendered":"Irak"},"content":{"rendered":"\t\t<div data-elementor-type=\"wp-page\" data-elementor-id=\"4140\" class=\"elementor elementor-4140\">\n\t\t\t\t\t\t<section class=\"elementor-section elementor-top-section elementor-element elementor-element-ad38657 elementor-section-height-min-height elementor-section-stretched elementor-section-boxed elementor-section-height-default elementor-section-items-middle\" data-id=\"ad38657\" data-element_type=\"section\" data-e-type=\"section\" data-settings=\"{&quot;background_background&quot;:&quot;classic&quot;,&quot;stretch_section&quot;:&quot;section-stretched&quot;}\">\n\t\t\t\t\t\t\t<div class=\"elementor-background-overlay\"><\/div>\n\t\t\t\t\t\t\t<div class=\"elementor-container elementor-column-gap-default\">\n\t\t\t\t\t<div class=\"elementor-column elementor-col-100 elementor-top-column elementor-element elementor-element-21dd889\" data-id=\"21dd889\" data-element_type=\"column\" data-e-type=\"column\">\n\t\t\t<div class=\"elementor-widget-wrap elementor-element-populated\">\n\t\t\t\t\t\t<div class=\"elementor-element elementor-element-ae96078 elementor-widget elementor-widget-heading\" data-id=\"ae96078\" data-element_type=\"widget\" data-e-type=\"widget\" data-widget_type=\"heading.default\">\n\t\t\t\t<div class=\"elementor-widget-container\">\n\t\t\t\t\t<h4 class=\"elementor-heading-title elementor-size-default\">LANDPROFILER 2018<\/h4>\t\t\t\t<\/div>\n\t\t\t\t<\/div>\n\t\t\t\t\t<\/div>\n\t\t<\/div>\n\t\t\t\t\t<\/div>\n\t\t<\/section>\n\t\t\t\t<section class=\"elementor-section elementor-top-section elementor-element elementor-element-6a49f3da elementor-section-boxed elementor-section-height-default elementor-section-height-default\" data-id=\"6a49f3da\" data-element_type=\"section\" data-e-type=\"section\">\n\t\t\t\t\t\t<div class=\"elementor-container elementor-column-gap-default\">\n\t\t\t\t\t<div class=\"elementor-column elementor-col-100 elementor-top-column elementor-element elementor-element-7ddde280\" data-id=\"7ddde280\" data-element_type=\"column\" data-e-type=\"column\">\n\t\t\t<div class=\"elementor-widget-wrap elementor-element-populated\">\n\t\t\t\t\t\t<div class=\"elementor-element elementor-element-3804ff84 elementor-widget elementor-widget-heading\" data-id=\"3804ff84\" data-element_type=\"widget\" data-e-type=\"widget\" data-widget_type=\"heading.default\">\n\t\t\t\t<div class=\"elementor-widget-container\">\n\t\t\t\t\t<h2 class=\"elementor-heading-title elementor-size-default\"><a href=\"#\">IRAK<\/a><\/h2>\t\t\t\t<\/div>\n\t\t\t\t<\/div>\n\t\t\t\t\t<\/div>\n\t\t<\/div>\n\t\t\t\t\t<\/div>\n\t\t<\/section>\n\t\t\t\t<section class=\"elementor-section elementor-top-section elementor-element elementor-element-27911c61 elementor-section-boxed elementor-section-height-default elementor-section-height-default\" data-id=\"27911c61\" data-element_type=\"section\" data-e-type=\"section\">\n\t\t\t\t\t\t<div class=\"elementor-container elementor-column-gap-default\">\n\t\t\t\t\t<div class=\"elementor-column elementor-col-33 elementor-top-column elementor-element elementor-element-7a4c8317\" data-id=\"7a4c8317\" data-element_type=\"column\" data-e-type=\"column\">\n\t\t\t<div class=\"elementor-widget-wrap elementor-element-populated\">\n\t\t\t\t\t\t<div class=\"elementor-element elementor-element-40f21788 elementor-widget elementor-widget-image\" data-id=\"40f21788\" data-element_type=\"widget\" data-e-type=\"widget\" data-widget_type=\"image.default\">\n\t\t\t\t<div class=\"elementor-widget-container\">\n\t\t\t\t\t\t\t\t\t\t\t\t\t\t\t<img fetchpriority=\"high\" decoding=\"async\" width=\"750\" height=\"547\" src=\"https:\/\/noas.no\/riketstilstand\/wp-content\/uploads\/2022\/09\/Riketstilstand_illustrasjoner2019-08.png\" class=\"attachment-large size-large wp-image-4209\" alt=\"\" srcset=\"https:\/\/noas.no\/riketstilstand\/wp-content\/uploads\/2022\/09\/Riketstilstand_illustrasjoner2019-08.png 750w, https:\/\/noas.no\/riketstilstand\/wp-content\/uploads\/2022\/09\/Riketstilstand_illustrasjoner2019-08-300x219.png 300w\" sizes=\"(max-width: 750px) 100vw, 750px\" \/>\t\t\t\t\t\t\t\t\t\t\t\t\t\t\t<\/div>\n\t\t\t\t<\/div>\n\t\t\t\t<div class=\"elementor-element elementor-element-699d64bf elementor-widget elementor-widget-button\" data-id=\"699d64bf\" data-element_type=\"widget\" data-e-type=\"widget\" data-widget_type=\"button.default\">\n\t\t\t\t<div class=\"elementor-widget-container\">\n\t\t\t\t\t\t\t\t\t<div class=\"elementor-button-wrapper\">\n\t\t\t\t\t<a class=\"elementor-button elementor-button-link elementor-size-md\" href=\"https:\/\/www.udiregelverk.no\/rettskilder\/udi-retningslinjer\/udi-2014-004\/\">\n\t\t\t\t\t\t<span class=\"elementor-button-content-wrapper\">\n\t\t\t\t\t\t\t\t\t<span class=\"elementor-button-text\">LES UDIS PRAKSISNOTAT FOR IRAK HER<\/span>\n\t\t\t\t\t<\/span>\n\t\t\t\t\t<\/a>\n\t\t\t\t<\/div>\n\t\t\t\t\t\t\t\t<\/div>\n\t\t\t\t<\/div>\n\t\t\t\t\t<\/div>\n\t\t<\/div>\n\t\t\t\t<div class=\"elementor-column elementor-col-66 elementor-top-column elementor-element elementor-element-338190b7\" data-id=\"338190b7\" data-element_type=\"column\" data-e-type=\"column\">\n\t\t\t<div class=\"elementor-widget-wrap elementor-element-populated\">\n\t\t\t\t\t\t<div class=\"elementor-element elementor-element-199786b5 elementor-widget elementor-widget-text-editor\" data-id=\"199786b5\" data-element_type=\"widget\" data-e-type=\"widget\" data-widget_type=\"text-editor.default\">\n\t\t\t\t<div class=\"elementor-widget-container\">\n\t\t\t\t\t\t\t\t\t<h3>Ustabil sikkerhetssituasjon<\/h3><p>Selv om\u00a0<a href=\"https:\/\/www.fn.no\/Konflikter\/Den-islamske-staten-IS\">Den islamske staten (IS)<\/a>\u00a0ikke lenger kontrollerer landomr\u00e5der i Irak, utgj\u00f8r den militante islamistgruppen en alvorlig terrortrussel. IS endret strategi i 2016, fra tradisjonell krigf\u00f8ring til daglige terrorangrep. Angrepene er etterfulgt av arrestasjoner av terrormistenkte. Omfanget av vilk\u00e5rlige arrestasjoner og tortur av mistenkte er stort, s\u00e6rlig i Bagdad.<\/p><p>I hovedstaden Bagdad gjennomf\u00f8rer sjia-militser mange angrep p\u00e5 sunnimuslimer, og den sekteriske volden er \u00f8kende. Det rapporteres om at irakere som tidligere har flyktet til Bagdad fra andre utrygge deler av landet, n\u00e5 returnerer til utrygge provinser fordi sikkerhetssituasjonen i hovedstaden er enda verre.<\/p><p>Etter en praksisendring i januar 2017, har UDI antatt at de fleste sunnimuslimske mannlige asyls\u00f8kere ved en retur til Bagdad vil kunne risikere forf\u00f8lgelse fra sjia-militser og\/eller irakiske sikkerhetsmyndigheter. En sunnimuslimsk mann fra Bagdad vil anses \u00e5 ha et beskyttelsesbehov, med mindre han er i en beskyttet posisjon p\u00e5 grunn av eksempelvis klantilh\u00f8righet, familiebakgrunn eller politiske forbindelser.<\/p><p>Les mer fra FNs h\u00f8ykommiss\u00e6r for flyktninger om sikkerhetssituasjonen i\u00a0<a href=\"http:\/\/www.refworld.org\/docid\/58299e694.html\">Irak generelt<\/a>\u00a0og\u00a0<a href=\"http:\/\/www.refworld.org\/docid\/575537dd4.html\">Bagdad spesielt<\/a>.<\/p>\t\t\t\t\t\t\t\t<\/div>\n\t\t\t\t<\/div>\n\t\t\t\t\t<\/div>\n\t\t<\/div>\n\t\t\t\t\t<\/div>\n\t\t<\/section>\n\t\t\t\t<section class=\"elementor-section elementor-top-section elementor-element elementor-element-4adf09ac elementor-section-boxed elementor-section-height-default elementor-section-height-default\" data-id=\"4adf09ac\" data-element_type=\"section\" data-e-type=\"section\">\n\t\t\t\t\t\t<div class=\"elementor-container elementor-column-gap-default\">\n\t\t\t\t\t<div class=\"elementor-column elementor-col-50 elementor-top-column elementor-element elementor-element-640a599d\" data-id=\"640a599d\" data-element_type=\"column\" data-e-type=\"column\">\n\t\t\t<div class=\"elementor-widget-wrap elementor-element-populated\">\n\t\t\t\t\t\t<div class=\"elementor-element elementor-element-b341b14 elementor-widget elementor-widget-text-editor\" data-id=\"b341b14\" data-element_type=\"widget\" data-e-type=\"widget\" data-widget_type=\"text-editor.default\">\n\t\t\t\t<div class=\"elementor-widget-container\">\n\t\t\t\t\t\t\t\t\t<h3>UNE med strengere praksis enn UDI<\/h3><p>UNE avsl\u00e5r fortsatt asylsakene til sunnimuslimske menn fra Bagdad som fikk avslag fra UDI f\u00f8r praksisendringen i 2017, i samsvar med to stornemndvedtak fra juni 2015. UNE mener fortsatt at kun personene som er utsatt av individuelle grunner har krav p\u00e5 beskyttelse. I saker der asyls\u00f8keren \u00e5penbart ikke er i en beskyttet posisjon (p\u00e5 grunn av klantilh\u00f8righet, familiebakgrunn, politiske forbindelser eller andre ressurser), mener UNE at den generelle situasjonen i seg selv ikke gir grunnlag for beskyttelse \u2013 i direkte motstrid til UDIs praksis.<\/p>\t\t\t\t\t\t\t\t<\/div>\n\t\t\t\t<\/div>\n\t\t\t\t\t<\/div>\n\t\t<\/div>\n\t\t\t\t<div class=\"elementor-column elementor-col-50 elementor-top-column elementor-element elementor-element-190030f\" data-id=\"190030f\" data-element_type=\"column\" data-e-type=\"column\">\n\t\t\t<div class=\"elementor-widget-wrap elementor-element-populated\">\n\t\t\t\t\t\t<div class=\"elementor-element elementor-element-bf4dd88 elementor-widget elementor-widget-text-editor\" data-id=\"bf4dd88\" data-element_type=\"widget\" data-e-type=\"widget\" data-widget_type=\"text-editor.default\">\n\t\t\t\t<div class=\"elementor-widget-container\">\n\t\t\t\t\t\t\t\t\t<blockquote><p>\u201cS\u00e5rbare grupper henvises n\u00e5 til internflukt i kurdiske omr\u00e5der, og flere av de mest s\u00e5rbare irakiske asyls\u00f8kerne f\u00e5r dermed avslag.\u00a0\u201d<\/p><\/blockquote>\t\t\t\t\t\t\t\t<\/div>\n\t\t\t\t<\/div>\n\t\t\t\t\t<\/div>\n\t\t<\/div>\n\t\t\t\t\t<\/div>\n\t\t<\/section>\n\t\t\t\t<section class=\"elementor-section elementor-top-section elementor-element elementor-element-67d984c2 elementor-section-boxed elementor-section-height-default elementor-section-height-default\" data-id=\"67d984c2\" data-element_type=\"section\" data-e-type=\"section\">\n\t\t\t\t\t\t<div class=\"elementor-container elementor-column-gap-default\">\n\t\t\t\t\t<div class=\"elementor-column elementor-col-100 elementor-top-column elementor-element elementor-element-29cfdc8a\" data-id=\"29cfdc8a\" data-element_type=\"column\" data-e-type=\"column\">\n\t\t\t<div class=\"elementor-widget-wrap elementor-element-populated\">\n\t\t\t\t\t\t<div class=\"elementor-element elementor-element-736cd553 elementor-widget elementor-widget-image\" data-id=\"736cd553\" data-element_type=\"widget\" data-e-type=\"widget\" data-widget_type=\"image.default\">\n\t\t\t\t<div class=\"elementor-widget-container\">\n\t\t\t\t\t\t\t\t\t\t\t\t<figure class=\"wp-caption\">\n\t\t\t\t\t\t\t\t\t\t<img decoding=\"async\" width=\"1024\" height=\"683\" src=\"https:\/\/noas.no\/riketstilstand\/wp-content\/uploads\/2022\/09\/RF2199623_089A3696-1024x683.jpg\" class=\"attachment-large size-large wp-image-4228\" alt=\"\" srcset=\"https:\/\/noas.no\/riketstilstand\/wp-content\/uploads\/2022\/09\/RF2199623_089A3696-1024x683.jpg 1024w, https:\/\/noas.no\/riketstilstand\/wp-content\/uploads\/2022\/09\/RF2199623_089A3696-300x200.jpg 300w, https:\/\/noas.no\/riketstilstand\/wp-content\/uploads\/2022\/09\/RF2199623_089A3696-768x512.jpg 768w, https:\/\/noas.no\/riketstilstand\/wp-content\/uploads\/2022\/09\/RF2199623_089A3696.jpg 1500w\" sizes=\"(max-width: 1024px) 100vw, 1024px\" \/>\t\t\t\t\t\t\t\t\t\t\t<figcaption class=\"widget-image-caption wp-caption-text\">FOTO: MICHAL KNITL\/MOSTPHOTOS<\/figcaption>\n\t\t\t\t\t\t\t\t\t\t<\/figure>\n\t\t\t\t\t\t\t\t\t<\/div>\n\t\t\t\t<\/div>\n\t\t\t\t\t<\/div>\n\t\t<\/div>\n\t\t\t\t\t<\/div>\n\t\t<\/section>\n\t\t\t\t<section class=\"elementor-section elementor-top-section elementor-element elementor-element-1823284b elementor-section-boxed elementor-section-height-default elementor-section-height-default\" data-id=\"1823284b\" data-element_type=\"section\" data-e-type=\"section\">\n\t\t\t\t\t\t<div class=\"elementor-container elementor-column-gap-default\">\n\t\t\t\t\t<div class=\"elementor-column elementor-col-100 elementor-top-column elementor-element elementor-element-22523161\" data-id=\"22523161\" data-element_type=\"column\" data-e-type=\"column\">\n\t\t\t<div class=\"elementor-widget-wrap elementor-element-populated\">\n\t\t\t\t\t\t<div class=\"elementor-element elementor-element-16801efc elementor-widget elementor-widget-text-editor\" data-id=\"16801efc\" data-element_type=\"widget\" data-e-type=\"widget\" data-widget_type=\"text-editor.default\">\n\t\t\t\t<div class=\"elementor-widget-container\">\n\t\t\t\t\t\t\t\t\t<div id=\"block-yui_3_17_2_1_1552022779411_6207\" class=\"sqs-block html-block sqs-block-html\" data-block-type=\"2\"><div class=\"sqs-block-content\"><h3>Henvises til internflukt<\/h3><p>Internflukt inneb\u00e6rer at asyls\u00f8kere som risikerer forf\u00f8lgelse p\u00e5 hjemstedet, likevel f\u00e5r avslag og henvises til en annen del av hjemlandet som norske myndigheter anser som trygg. Tidligere ble sunnimuslimer fra IS-kontrollerte omr\u00e5der henvist til internflukt i Bagdad. I 2017 endret utlendingsforvaltningen praksis, og henviser n\u00e5 ikke lenger til internflukt i disse sakene.<\/p><p>Mange kristne, jesidier og kurdere henvises imidlertid til internflukt i de kurdiske omr\u00e5dene i Nord-Irak. Norsk asylpraksis overfor irakere p\u00e5virkes av at\u00a0<a href=\"https:\/\/www.riketstilstand.noas.no\/2016\/internflukt\">Norge ikke lenger gj\u00f8r noen vurdering av om det er rimelig \u00e5 henvise asyls\u00f8kerne til internfluktomr\u00e5det<\/a>. S\u00e5rbare grupper henvises n\u00e5 til internflukt i kurdiske omr\u00e5der, og flere av de mest s\u00e5rbare irakiske asyls\u00f8kerne f\u00e5r dermed avslag. Ikke minst vil flere yezidier, som opplever store problemer med \u00e5 etablere seg i kurdiske omr\u00e5der, rammes.\u00a0<\/p><h3>Enslige kvinner og palestinere fra Irak f\u00e5r beskyttelse<\/h3><p>Irakiske kvinner f\u00e5r beskyttelse hvis de kan sannsynliggj\u00f8re at de ikke har mannlig nettverk som kan beskytte dem p\u00e5 returstedet. Palestinere i Irak er s\u00e6rlig utsatt i den p\u00e5g\u00e5ende konflikten, og blir som regel ansett \u00e5 ha et beskyttelsesbehov av norske myndigheter. Det finnes ikke internfluktalternativer for palestinere i Irak.<\/p><\/div><\/div><div id=\"block-yui_3_17_2_1_1553523030132_7262\" class=\"sqs-block horizontalrule-block sqs-block-horizontalrule\" data-block-type=\"47\"><div class=\"sqs-block-content\"><hr \/><\/div><\/div><div id=\"block-yui_3_17_2_1_1553523030132_7761\" class=\"sqs-block html-block sqs-block-html\" data-block-type=\"2\"><div class=\"sqs-block-content\"><p><em>Foto ved link p\u00e5 forsiden: UNHCR\/Cengiz Yar<\/em><\/p><\/div><\/div>\t\t\t\t\t\t\t\t<\/div>\n\t\t\t\t<\/div>\n\t\t\t\t\t<\/div>\n\t\t<\/div>\n\t\t\t\t\t<\/div>\n\t\t<\/section>\n\t\t\t\t<\/div>\n\t\t","protected":false},"excerpt":{"rendered":"<p>LANDPROFILER 2018 IRAK LES UDIS PRAKSISNOTAT FOR IRAK HER Ustabil sikkerhetssituasjon Selv om\u00a0Den islamske staten (IS)\u00a0ikke lenger kontrollerer landomr\u00e5der i Irak, utgj\u00f8r den militante islamistgruppen en alvorlig terrortrussel. IS endret strategi i 2016, fra tradisjonell krigf\u00f8ring til daglige terrorangrep. Angrepene er etterfulgt av arrestasjoner av terrormistenkte. Omfanget av vilk\u00e5rlige arrestasjoner og tortur av mistenkte er [&hellip;]<\/p>\n","protected":false},"author":1,"featured_media":0,"parent":4130,"menu_order":0,"comment_status":"closed","ping_status":"closed","template":"","meta":{"_acf_changed":false,"site-sidebar-layout":"no-sidebar","site-content-layout":"page-builder","ast-site-content-layout":"default","site-content-style":"default","site-sidebar-style":"default","ast-global-header-display":"","ast-banner-title-visibility":"","ast-main-header-display":"","ast-hfb-above-header-display":"","ast-hfb-below-header-display":"","ast-hfb-mobile-header-display":"","site-post-title":"disabled","ast-breadcrumbs-content":"","ast-featured-img":"disabled","footer-sml-layout":"","ast-disable-related-posts":"","theme-transparent-header-meta":"","adv-header-id-meta":"","stick-header-meta":"","header-above-stick-meta":"","header-main-stick-meta":"","header-below-stick-meta":"","astra-migrate-meta-layouts":"default","ast-page-background-enabled":"default","ast-page-background-meta":{"desktop":{"background-color":"var(--ast-global-color-4)","background-image":"","background-repeat":"repeat","background-position":"center center","background-size":"auto","background-attachment":"scroll","background-type":"","background-media":"","overlay-type":"","overlay-color":"","overlay-opacity":"","overlay-gradient":""},"tablet":{"background-color":"","background-image":"","background-repeat":"repeat","background-position":"center center","background-size":"auto","background-attachment":"scroll","background-type":"","background-media":"","overlay-type":"","overlay-color":"","overlay-opacity":"","overlay-gradient":""},"mobile":{"background-color":"","background-image":"","background-repeat":"repeat","background-position":"center center","background-size":"auto","background-attachment":"scroll","background-type":"","background-media":"","overlay-type":"","overlay-color":"","overlay-opacity":"","overlay-gradient":""}},"ast-content-background-meta":{"desktop":{"background-color":"var(--ast-global-color-5)","background-image":"","background-repeat":"repeat","background-position":"center center","background-size":"auto","background-attachment":"scroll","background-type":"","background-media":"","overlay-type":"","overlay-color":"","overlay-opacity":"","overlay-gradient":""},"tablet":{"background-color":"var(--ast-global-color-5)","background-image":"","background-repeat":"repeat","background-position":"center center","background-size":"auto","background-attachment":"scroll","background-type":"","background-media":"","overlay-type":"","overlay-color":"","overlay-opacity":"","overlay-gradient":""},"mobile":{"background-color":"var(--ast-global-color-5)","background-image":"","background-repeat":"repeat","background-position":"center center","background-size":"auto","background-attachment":"scroll","background-type":"","background-media":"","overlay-type":"","overlay-color":"","overlay-opacity":"","overlay-gradient":""}},"footnotes":""},"class_list":["post-4140","page","type-page","status-publish","hentry"],"acf":[],"_links":{"self":[{"href":"https:\/\/noas.no\/riketstilstand\/wp-json\/wp\/v2\/pages\/4140","targetHints":{"allow":["GET"]}}],"collection":[{"href":"https:\/\/noas.no\/riketstilstand\/wp-json\/wp\/v2\/pages"}],"about":[{"href":"https:\/\/noas.no\/riketstilstand\/wp-json\/wp\/v2\/types\/page"}],"author":[{"embeddable":true,"href":"https:\/\/noas.no\/riketstilstand\/wp-json\/wp\/v2\/users\/1"}],"replies":[{"embeddable":true,"href":"https:\/\/noas.no\/riketstilstand\/wp-json\/wp\/v2\/comments?post=4140"}],"version-history":[{"count":37,"href":"https:\/\/noas.no\/riketstilstand\/wp-json\/wp\/v2\/pages\/4140\/revisions"}],"predecessor-version":[{"id":6951,"href":"https:\/\/noas.no\/riketstilstand\/wp-json\/wp\/v2\/pages\/4140\/revisions\/6951"}],"up":[{"embeddable":true,"href":"https:\/\/noas.no\/riketstilstand\/wp-json\/wp\/v2\/pages\/4130"}],"wp:attachment":[{"href":"https:\/\/noas.no\/riketstilstand\/wp-json\/wp\/v2\/media?parent=4140"}],"curies":[{"name":"wp","href":"https:\/\/api.w.org\/{rel}","templated":true}]}}