{"id":3997,"date":"2022-09-14T06:09:41","date_gmt":"2022-09-14T06:09:41","guid":{"rendered":"https:\/\/noas.no\/riketstilstand\/?page_id=3997"},"modified":"2022-09-23T12:48:56","modified_gmt":"2022-09-23T12:48:56","slug":"statistikk","status":"publish","type":"page","link":"https:\/\/noas.no\/riketstilstand\/2019-2\/statistikk\/","title":{"rendered":"Statistikk 2019"},"content":{"rendered":"\t\t<div data-elementor-type=\"wp-page\" data-elementor-id=\"3997\" class=\"elementor elementor-3997\">\n\t\t\t\t\t\t<section class=\"elementor-section elementor-top-section elementor-element elementor-element-d9ad2a5 elementor-section-height-min-height elementor-section-stretched elementor-section-boxed elementor-section-height-default elementor-section-items-middle\" data-id=\"d9ad2a5\" data-element_type=\"section\" data-e-type=\"section\" data-settings=\"{&quot;stretch_section&quot;:&quot;section-stretched&quot;,&quot;background_background&quot;:&quot;classic&quot;}\">\n\t\t\t\t\t\t<div class=\"elementor-container elementor-column-gap-default\">\n\t\t\t\t\t<div class=\"elementor-column elementor-col-100 elementor-top-column elementor-element elementor-element-1ce398c\" data-id=\"1ce398c\" data-element_type=\"column\" data-e-type=\"column\">\n\t\t\t<div class=\"elementor-widget-wrap elementor-element-populated\">\n\t\t\t\t\t\t<div class=\"elementor-element elementor-element-2fa54bd elementor-widget elementor-widget-heading\" data-id=\"2fa54bd\" data-element_type=\"widget\" data-e-type=\"widget\" data-widget_type=\"heading.default\">\n\t\t\t\t<div class=\"elementor-widget-container\">\n\t\t\t\t\t<div class=\"elementor-heading-title elementor-size-default\">Statistikk<\/div>\t\t\t\t<\/div>\n\t\t\t\t<\/div>\n\t\t\t\t<div class=\"elementor-element elementor-element-d0b5d3c elementor-widget elementor-widget-heading\" data-id=\"d0b5d3c\" data-element_type=\"widget\" data-e-type=\"widget\" data-widget_type=\"heading.default\">\n\t\t\t\t<div class=\"elementor-widget-container\">\n\t\t\t\t\t<div class=\"elementor-heading-title elementor-size-default\">Omtrent 2300 personer s\u00f8kte beskyttelse i Norge i 2019. Det ble gitt opphold til 75 prosent av asyls\u00f8kerne som fikk saken behandlet i 2019.<\/div>\t\t\t\t<\/div>\n\t\t\t\t<\/div>\n\t\t\t\t\t<\/div>\n\t\t<\/div>\n\t\t\t\t\t<\/div>\n\t\t<\/section>\n\t\t\t\t<section class=\"elementor-section elementor-top-section elementor-element elementor-element-4d80c02 elementor-section-boxed elementor-section-height-default elementor-section-height-default\" data-id=\"4d80c02\" data-element_type=\"section\" data-e-type=\"section\">\n\t\t\t\t\t\t<div class=\"elementor-container elementor-column-gap-default\">\n\t\t\t\t\t<div class=\"elementor-column elementor-col-100 elementor-top-column elementor-element elementor-element-fba4e76\" data-id=\"fba4e76\" data-element_type=\"column\" data-e-type=\"column\">\n\t\t\t<div class=\"elementor-widget-wrap elementor-element-populated\">\n\t\t\t\t\t\t<div class=\"elementor-element elementor-element-47c1109 elementor-widget elementor-widget-text-editor\" data-id=\"47c1109\" data-element_type=\"widget\" data-e-type=\"widget\" data-widget_type=\"text-editor.default\">\n\t\t\t\t<div class=\"elementor-widget-container\">\n\t\t\t\t\t\t\t\t\t<p>FOTO: UNHCR\/OLIVIER LABAN-MATTEI<\/p>\t\t\t\t\t\t\t\t<\/div>\n\t\t\t\t<\/div>\n\t\t\t\t\t<\/div>\n\t\t<\/div>\n\t\t\t\t\t<\/div>\n\t\t<\/section>\n\t\t\t\t<section class=\"elementor-section elementor-top-section elementor-element elementor-element-03fdd64 elementor-section-boxed elementor-section-height-default elementor-section-height-default\" data-id=\"03fdd64\" data-element_type=\"section\" data-e-type=\"section\">\n\t\t\t\t\t\t<div class=\"elementor-container elementor-column-gap-default\">\n\t\t\t\t\t<div class=\"elementor-column elementor-col-100 elementor-top-column elementor-element elementor-element-cd1d04c\" data-id=\"cd1d04c\" data-element_type=\"column\" data-e-type=\"column\">\n\t\t\t<div class=\"elementor-widget-wrap elementor-element-populated\">\n\t\t\t\t\t\t<div class=\"elementor-element elementor-element-f5c87cf elementor-widget elementor-widget-heading\" data-id=\"f5c87cf\" data-element_type=\"widget\" data-e-type=\"widget\" data-widget_type=\"heading.default\">\n\t\t\t\t<div class=\"elementor-widget-container\">\n\t\t\t\t\t<h4 class=\"elementor-heading-title elementor-size-default\">ANTALL SOM HAR S\u00d8KT ASYL I NORGE<\/h4>\t\t\t\t<\/div>\n\t\t\t\t<\/div>\n\t\t\t\t\t<\/div>\n\t\t<\/div>\n\t\t\t\t\t<\/div>\n\t\t<\/section>\n\t\t\t\t<section class=\"elementor-section elementor-top-section elementor-element elementor-element-2ccb680 elementor-section-boxed elementor-section-height-default elementor-section-height-default\" data-id=\"2ccb680\" data-element_type=\"section\" data-e-type=\"section\">\n\t\t\t\t\t\t<div class=\"elementor-container elementor-column-gap-default\">\n\t\t\t\t\t<div class=\"elementor-column elementor-col-50 elementor-top-column elementor-element elementor-element-9f473fd\" data-id=\"9f473fd\" data-element_type=\"column\" data-e-type=\"column\">\n\t\t\t<div class=\"elementor-widget-wrap elementor-element-populated\">\n\t\t\t\t\t\t<div class=\"elementor-element elementor-element-4fdb1b4 elementor-widget elementor-widget-text-editor\" data-id=\"4fdb1b4\" data-element_type=\"widget\" data-e-type=\"widget\" data-widget_type=\"text-editor.default\">\n\t\t\t\t<div class=\"elementor-widget-container\">\n\t\t\t\t\t\t\t\t\t<h3>Rekordf\u00e5 asyls\u00f8kere<\/h3><p class=\"\">Antall personer som s\u00f8ker beskyttelse i Norge har v\u00e6rt rekordlavt de siste fire \u00e5rene. Norge er det landet i Europa som hadde <a href=\"https:\/\/ec.europa.eu\/eurostat\/documents\/2995521\/7921609\/3-16032017-BP-EN.pdf\/e5fa98bb-5d9d-4297-9168-d07c67d1c9e1\">st\u00f8rst prosentvis nedgang\u00a0<\/a>i antallet asyls\u00f8kere fra 2015 til 2016, p\u00e5 om lag 90 prosent. Inkludert i ankomsttallene for 2016 og 2017, er asyls\u00f8kere som ble hentet til Norge fra Hellas og Italia gjennom <a href=\"https:\/\/www.riketstilstand.noas.no\/2019\/kvoteflyktninger-og-relokaliserte-asylskere\">EUs relokaliseringsprogram<\/a> &#8211; til sammen cirka 1500 asyls\u00f8kere over to \u00e5r. Det var ikke et slikt relokaliseringsprogram i 2018 eller 2019.<\/p>\t\t\t\t\t\t\t\t<\/div>\n\t\t\t\t<\/div>\n\t\t\t\t\t<\/div>\n\t\t<\/div>\n\t\t\t\t<div class=\"elementor-column elementor-col-50 elementor-top-column elementor-element elementor-element-5bbd3c3\" data-id=\"5bbd3c3\" data-element_type=\"column\" data-e-type=\"column\">\n\t\t\t<div class=\"elementor-widget-wrap elementor-element-populated\">\n\t\t\t\t\t\t<div class=\"elementor-element elementor-element-fd75cca elementor-widget elementor-widget-image\" data-id=\"fd75cca\" data-element_type=\"widget\" data-e-type=\"widget\" data-widget_type=\"image.default\">\n\t\t\t\t<div class=\"elementor-widget-container\">\n\t\t\t\t\t\t\t\t\t\t\t\t\t\t\t<img fetchpriority=\"high\" decoding=\"async\" width=\"750\" height=\"365\" src=\"https:\/\/noas.no\/riketstilstand\/wp-content\/uploads\/2022\/09\/Ankomster_2020.png\" class=\"attachment-large size-large wp-image-4097\" alt=\"\" srcset=\"https:\/\/noas.no\/riketstilstand\/wp-content\/uploads\/2022\/09\/Ankomster_2020.png 750w, https:\/\/noas.no\/riketstilstand\/wp-content\/uploads\/2022\/09\/Ankomster_2020-300x146.png 300w\" sizes=\"(max-width: 750px) 100vw, 750px\" \/>\t\t\t\t\t\t\t\t\t\t\t\t\t\t\t<\/div>\n\t\t\t\t<\/div>\n\t\t\t\t\t<\/div>\n\t\t<\/div>\n\t\t\t\t\t<\/div>\n\t\t<\/section>\n\t\t\t\t<section class=\"elementor-section elementor-top-section elementor-element elementor-element-5122796 elementor-section-boxed elementor-section-height-default elementor-section-height-default\" data-id=\"5122796\" data-element_type=\"section\" data-e-type=\"section\">\n\t\t\t\t\t\t<div class=\"elementor-container elementor-column-gap-default\">\n\t\t\t\t\t<div class=\"elementor-column elementor-col-100 elementor-top-column elementor-element elementor-element-25b5545\" data-id=\"25b5545\" data-element_type=\"column\" data-e-type=\"column\">\n\t\t\t<div class=\"elementor-widget-wrap elementor-element-populated\">\n\t\t\t\t\t\t<div class=\"elementor-element elementor-element-3be689c elementor-widget-divider--view-line elementor-widget elementor-widget-divider\" data-id=\"3be689c\" data-element_type=\"widget\" data-e-type=\"widget\" data-widget_type=\"divider.default\">\n\t\t\t\t<div class=\"elementor-widget-container\">\n\t\t\t\t\t\t\t<div class=\"elementor-divider\">\n\t\t\t<span class=\"elementor-divider-separator\">\n\t\t\t\t\t\t<\/span>\n\t\t<\/div>\n\t\t\t\t\t\t<\/div>\n\t\t\t\t<\/div>\n\t\t\t\t\t<\/div>\n\t\t<\/div>\n\t\t\t\t\t<\/div>\n\t\t<\/section>\n\t\t\t\t<section class=\"elementor-section elementor-top-section elementor-element elementor-element-d3b177b elementor-section-boxed elementor-section-height-default elementor-section-height-default\" data-id=\"d3b177b\" data-element_type=\"section\" data-e-type=\"section\">\n\t\t\t\t\t\t<div class=\"elementor-container elementor-column-gap-default\">\n\t\t\t\t\t<div class=\"elementor-column elementor-col-50 elementor-top-column elementor-element elementor-element-14a567f\" data-id=\"14a567f\" data-element_type=\"column\" data-e-type=\"column\">\n\t\t\t<div class=\"elementor-widget-wrap elementor-element-populated\">\n\t\t\t\t\t\t<div class=\"elementor-element elementor-element-70816ab elementor-widget elementor-widget-image\" data-id=\"70816ab\" data-element_type=\"widget\" data-e-type=\"widget\" data-widget_type=\"image.default\">\n\t\t\t\t<div class=\"elementor-widget-container\">\n\t\t\t\t\t\t\t\t\t\t\t\t\t\t\t<img decoding=\"async\" width=\"750\" height=\"366\" src=\"https:\/\/noas.no\/riketstilstand\/wp-content\/uploads\/2022\/09\/Hvorkommerdefra_2020.png\" class=\"attachment-large size-large wp-image-4098\" alt=\"\" srcset=\"https:\/\/noas.no\/riketstilstand\/wp-content\/uploads\/2022\/09\/Hvorkommerdefra_2020.png 750w, https:\/\/noas.no\/riketstilstand\/wp-content\/uploads\/2022\/09\/Hvorkommerdefra_2020-300x146.png 300w\" sizes=\"(max-width: 750px) 100vw, 750px\" \/>\t\t\t\t\t\t\t\t\t\t\t\t\t\t\t<\/div>\n\t\t\t\t<\/div>\n\t\t\t\t\t<\/div>\n\t\t<\/div>\n\t\t\t\t<div class=\"elementor-column elementor-col-50 elementor-top-column elementor-element elementor-element-5794864\" data-id=\"5794864\" data-element_type=\"column\" data-e-type=\"column\">\n\t\t\t<div class=\"elementor-widget-wrap elementor-element-populated\">\n\t\t\t\t\t\t<div class=\"elementor-element elementor-element-e2b180b elementor-widget elementor-widget-text-editor\" data-id=\"e2b180b\" data-element_type=\"widget\" data-e-type=\"widget\" data-widget_type=\"text-editor.default\">\n\t\t\t\t<div class=\"elementor-widget-container\">\n\t\t\t\t\t\t\t\t\t<h3>Flest fra Syria<\/h3><p class=\"\">Over halvparten (56 prosent) av asyls\u00f8kerne som kom til Norge i 2019 var kvinner og barn.<\/p><p class=\"\">Den st\u00f8rste gruppen asyls\u00f8kere kom fra <a href=\"https:\/\/www.riketstilstand.noas.no\/2019\/landprofiler\">Syria<\/a>, etterfulgt av <a href=\"https:\/\/www.riketstilstand.noas.no\/2019\/landprofiler\">tyrkere<\/a>. Begge grupper f\u00e5r i stor grad beskyttelse i Norge.<\/p>\t\t\t\t\t\t\t\t<\/div>\n\t\t\t\t<\/div>\n\t\t\t\t<section class=\"elementor-section elementor-inner-section elementor-element elementor-element-fd6504d elementor-section-boxed elementor-section-height-default elementor-section-height-default\" data-id=\"fd6504d\" data-element_type=\"section\" data-e-type=\"section\">\n\t\t\t\t\t\t<div class=\"elementor-container elementor-column-gap-default\">\n\t\t\t\t\t<div class=\"elementor-column elementor-col-50 elementor-inner-column elementor-element elementor-element-a2288a5\" data-id=\"a2288a5\" data-element_type=\"column\" data-e-type=\"column\">\n\t\t\t<div class=\"elementor-widget-wrap elementor-element-populated\">\n\t\t\t\t\t\t<div class=\"elementor-element elementor-element-37b50fd elementor-widget elementor-widget-text-editor\" data-id=\"37b50fd\" data-element_type=\"widget\" data-e-type=\"widget\" data-widget_type=\"text-editor.default\">\n\t\t\t\t<div class=\"elementor-widget-container\">\n\t\t\t\t\t\t\t\t\t<p>Innvilgelsesprosent i saker til <a href=\"https:\/\/www.riketstilstand.noas.no\/2019\/landprofiler\">afghanske asyls\u00f8kere<\/a> har \u00f8kt de siste to \u00e5rene. Nye regler for behandlingen av <a href=\"https:\/\/www.riketstilstand.noas.no\/2019\/barn-alene-p-flukt\">enslige mindre\u00e5rige asyls\u00f8kere<\/a> har bidratt til det.<\/p>\t\t\t\t\t\t\t\t<\/div>\n\t\t\t\t<\/div>\n\t\t\t\t\t<\/div>\n\t\t<\/div>\n\t\t\t\t<div class=\"elementor-column elementor-col-50 elementor-inner-column elementor-element elementor-element-dde7bbe\" data-id=\"dde7bbe\" data-element_type=\"column\" data-e-type=\"column\">\n\t\t\t<div class=\"elementor-widget-wrap elementor-element-populated\">\n\t\t\t\t\t\t<div class=\"elementor-element elementor-element-899be24 elementor-widget elementor-widget-image\" data-id=\"899be24\" data-element_type=\"widget\" data-e-type=\"widget\" data-widget_type=\"image.default\">\n\t\t\t\t<div class=\"elementor-widget-container\">\n\t\t\t\t\t\t\t\t\t\t\t\t<figure class=\"wp-caption\">\n\t\t\t\t\t\t\t\t\t\t<img decoding=\"async\" width=\"300\" height=\"195\" src=\"https:\/\/noas.no\/riketstilstand\/wp-content\/uploads\/2022\/09\/Kvinnerogbarn_2020.png\" class=\"attachment-large size-large wp-image-4107\" alt=\"\" \/>\t\t\t\t\t\t\t\t\t\t\t<figcaption class=\"widget-image-caption wp-caption-text\">OVER HALVPARTEN AV ASYLS\u00d8KERNE I 2019 VAR KVINNER OG BARN<\/figcaption>\n\t\t\t\t\t\t\t\t\t\t<\/figure>\n\t\t\t\t\t\t\t\t\t<\/div>\n\t\t\t\t<\/div>\n\t\t\t\t\t<\/div>\n\t\t<\/div>\n\t\t\t\t\t<\/div>\n\t\t<\/section>\n\t\t\t\t\t<\/div>\n\t\t<\/div>\n\t\t\t\t\t<\/div>\n\t\t<\/section>\n\t\t\t\t<section class=\"elementor-section elementor-top-section elementor-element elementor-element-aef3b31 elementor-section-boxed elementor-section-height-default elementor-section-height-default\" data-id=\"aef3b31\" data-element_type=\"section\" data-e-type=\"section\">\n\t\t\t\t\t\t<div class=\"elementor-container elementor-column-gap-default\">\n\t\t\t\t\t<div class=\"elementor-column elementor-col-100 elementor-top-column elementor-element elementor-element-84f1ef8\" data-id=\"84f1ef8\" data-element_type=\"column\" data-e-type=\"column\">\n\t\t\t<div class=\"elementor-widget-wrap elementor-element-populated\">\n\t\t\t\t\t\t<div class=\"elementor-element elementor-element-1890d67 elementor-widget elementor-widget-heading\" data-id=\"1890d67\" data-element_type=\"widget\" data-e-type=\"widget\" data-widget_type=\"heading.default\">\n\t\t\t\t<div class=\"elementor-widget-container\">\n\t\t\t\t\t<h4 class=\"elementor-heading-title elementor-size-default\">HVEM F\u00c5R BLI?*<\/h4>\t\t\t\t<\/div>\n\t\t\t\t<\/div>\n\t\t\t\t<div class=\"elementor-element elementor-element-1e042ac elementor-widget elementor-widget-image\" data-id=\"1e042ac\" data-element_type=\"widget\" data-e-type=\"widget\" data-widget_type=\"image.default\">\n\t\t\t\t<div class=\"elementor-widget-container\">\n\t\t\t\t\t\t\t\t\t\t\t\t<figure class=\"wp-caption\">\n\t\t\t\t\t\t\t\t\t\t<img loading=\"lazy\" decoding=\"async\" width=\"1500\" height=\"398\" src=\"https:\/\/noas.no\/riketstilstand\/wp-content\/uploads\/2022\/09\/Hvemfa8Arbli_2020.jpg\" class=\"attachment-full size-full wp-image-4111\" alt=\"\" srcset=\"https:\/\/noas.no\/riketstilstand\/wp-content\/uploads\/2022\/09\/Hvemfa8Arbli_2020.jpg 1500w, https:\/\/noas.no\/riketstilstand\/wp-content\/uploads\/2022\/09\/Hvemfa8Arbli_2020-300x80.jpg 300w, https:\/\/noas.no\/riketstilstand\/wp-content\/uploads\/2022\/09\/Hvemfa8Arbli_2020-1024x272.jpg 1024w, https:\/\/noas.no\/riketstilstand\/wp-content\/uploads\/2022\/09\/Hvemfa8Arbli_2020-768x204.jpg 768w\" sizes=\"(max-width: 1500px) 100vw, 1500px\" \/>\t\t\t\t\t\t\t\t\t\t\t<figcaption class=\"widget-image-caption wp-caption-text\">KLIKK FOR \u00c5 GJ\u00d8RE BILDET ST\u00d8RRE<\/figcaption>\n\t\t\t\t\t\t\t\t\t\t<\/figure>\n\t\t\t\t\t\t\t\t\t<\/div>\n\t\t\t\t<\/div>\n\t\t\t\t\t<\/div>\n\t\t<\/div>\n\t\t\t\t\t<\/div>\n\t\t<\/section>\n\t\t\t\t<section class=\"elementor-section elementor-top-section elementor-element elementor-element-01e7dea elementor-section-boxed elementor-section-height-default elementor-section-height-default\" data-id=\"01e7dea\" data-element_type=\"section\" data-e-type=\"section\">\n\t\t\t\t\t\t<div class=\"elementor-container elementor-column-gap-default\">\n\t\t\t\t\t<div class=\"elementor-column elementor-col-100 elementor-top-column elementor-element elementor-element-58fa308\" data-id=\"58fa308\" data-element_type=\"column\" data-e-type=\"column\">\n\t\t\t<div class=\"elementor-widget-wrap elementor-element-populated\">\n\t\t\t\t\t\t<div class=\"elementor-element elementor-element-b61b7cd elementor-widget elementor-widget-text-editor\" data-id=\"b61b7cd\" data-element_type=\"widget\" data-e-type=\"widget\" data-widget_type=\"text-editor.default\">\n\t\t\t\t<div class=\"elementor-widget-container\">\n\t\t\t\t\t\t\t\t\t<div id=\"yui_3_17_2_1_1663145015687_79\" class=\"main-content\" data-content-field=\"main-content\" data-collection-id=\"5e34198830336948c6973ab9\" data-edit-main-image=\"Page Banner\"><div id=\"page-5e34198830336948c6973ab9\" class=\"sqs-layout sqs-grid-12 columns-12\" data-type=\"page\" data-updated-on=\"1587736504433\"><div id=\"yui_3_17_2_1_1663145015687_78\" class=\"row sqs-row\"><div id=\"yui_3_17_2_1_1663145015687_77\" class=\"col sqs-col-12 span-12\"><div id=\"block-4e9d8e81e2dba351e8b5\" class=\"sqs-block html-block sqs-block-html\" data-block-type=\"2\"><div class=\"sqs-block-content\"><p class=\"\">*Tallene gjelder personer som har f\u00e5tt saken sin realitetsbehandlet i Norge, og inkluderer ikke personer som har trukket s\u00f8knaden, f\u00e5tt s\u00f8knaden avvist eller blitt henvist til at de kan f\u00e5 saken behandlet i et annet land (for eksempel p\u00e5 bakgrunn av <a href=\"https:\/\/www.udi.no\/ord-og-begreper\/dublin-samarbeidet\/\">Dublin-regelverket<\/a>).<\/p><\/div><\/div><div id=\"block-74707c6e01fc3dcbdedb\" class=\"sqs-block spacer-block sqs-block-spacer sized vsize-1\" data-block-type=\"21\"><div class=\"sqs-block-content\">\u00a0<\/div><\/div><\/div><\/div><\/div><\/div><div id=\"page-body-footer\" class=\"extra-wrapper\"><div id=\"page-footer-5e34198830336948c6973ab9\" class=\"sqs-layout sqs-grid-12 columns-12\" data-layout-label=\"Statistikk Footer Content\" data-type=\"block-field\" data-updated-on=\"1580482476857\"><div class=\"row sqs-row\"><div class=\"col sqs-col-12 span-12\"><div id=\"block-8ae7c361e0f98d7b3f43\" class=\"sqs-block html-block sqs-block-html\" data-block-type=\"2\"><div class=\"sqs-block-content\"><p class=\"\"><em>Tallene er hentet fra UDI: <\/em><a href=\"https:\/\/www.udi.no\/statistikk-og-analyse\/\"><em>https:\/\/www.udi.no\/statistikk-og-analyse\/<\/em><\/a><\/p><\/div><\/div><\/div><\/div><\/div><\/div>\t\t\t\t\t\t\t\t<\/div>\n\t\t\t\t<\/div>\n\t\t\t\t\t<\/div>\n\t\t<\/div>\n\t\t\t\t\t<\/div>\n\t\t<\/section>\n\t\t\t\t<\/div>\n\t\t","protected":false},"excerpt":{"rendered":"<p>Statistikk Omtrent 2300 personer s\u00f8kte beskyttelse i Norge i 2019. Det ble gitt opphold til 75 prosent av asyls\u00f8kerne som fikk saken behandlet i 2019. FOTO: UNHCR\/OLIVIER LABAN-MATTEI ANTALL SOM HAR S\u00d8KT ASYL I NORGE Rekordf\u00e5 asyls\u00f8kere Antall personer som s\u00f8ker beskyttelse i Norge har v\u00e6rt rekordlavt de siste fire \u00e5rene. Norge er det landet [&hellip;]<\/p>\n","protected":false},"author":1,"featured_media":0,"parent":2990,"menu_order":0,"comment_status":"closed","ping_status":"closed","template":"","meta":{"_acf_changed":false,"site-sidebar-layout":"no-sidebar","site-content-layout":"plain-container","ast-site-content-layout":"default","site-content-style":"default","site-sidebar-style":"default","ast-global-header-display":"","ast-banner-title-visibility":"","ast-main-header-display":"","ast-hfb-above-header-display":"","ast-hfb-below-header-display":"","ast-hfb-mobile-header-display":"","site-post-title":"disabled","ast-breadcrumbs-content":"","ast-featured-img":"disabled","footer-sml-layout":"","ast-disable-related-posts":"","theme-transparent-header-meta":"default","adv-header-id-meta":"","stick-header-meta":"","header-above-stick-meta":"","header-main-stick-meta":"","header-below-stick-meta":"","astra-migrate-meta-layouts":"default","ast-page-background-enabled":"default","ast-page-background-meta":{"desktop":{"background-color":"var(--ast-global-color-4)","background-image":"","background-repeat":"repeat","background-position":"center center","background-size":"auto","background-attachment":"scroll","background-type":"","background-media":"","overlay-type":"","overlay-color":"","overlay-opacity":"","overlay-gradient":""},"tablet":{"background-color":"","background-image":"","background-repeat":"repeat","background-position":"center center","background-size":"auto","background-attachment":"scroll","background-type":"","background-media":"","overlay-type":"","overlay-color":"","overlay-opacity":"","overlay-gradient":""},"mobile":{"background-color":"","background-image":"","background-repeat":"repeat","background-position":"center center","background-size":"auto","background-attachment":"scroll","background-type":"","background-media":"","overlay-type":"","overlay-color":"","overlay-opacity":"","overlay-gradient":""}},"ast-content-background-meta":{"desktop":{"background-color":"var(--ast-global-color-5)","background-image":"","background-repeat":"repeat","background-position":"center center","background-size":"auto","background-attachment":"scroll","background-type":"","background-media":"","overlay-type":"","overlay-color":"","overlay-opacity":"","overlay-gradient":""},"tablet":{"background-color":"var(--ast-global-color-5)","background-image":"","background-repeat":"repeat","background-position":"center center","background-size":"auto","background-attachment":"scroll","background-type":"","background-media":"","overlay-type":"","overlay-color":"","overlay-opacity":"","overlay-gradient":""},"mobile":{"background-color":"var(--ast-global-color-5)","background-image":"","background-repeat":"repeat","background-position":"center center","background-size":"auto","background-attachment":"scroll","background-type":"","background-media":"","overlay-type":"","overlay-color":"","overlay-opacity":"","overlay-gradient":""}},"footnotes":""},"class_list":["post-3997","page","type-page","status-publish","hentry"],"acf":[],"_links":{"self":[{"href":"https:\/\/noas.no\/riketstilstand\/wp-json\/wp\/v2\/pages\/3997","targetHints":{"allow":["GET"]}}],"collection":[{"href":"https:\/\/noas.no\/riketstilstand\/wp-json\/wp\/v2\/pages"}],"about":[{"href":"https:\/\/noas.no\/riketstilstand\/wp-json\/wp\/v2\/types\/page"}],"author":[{"embeddable":true,"href":"https:\/\/noas.no\/riketstilstand\/wp-json\/wp\/v2\/users\/1"}],"replies":[{"embeddable":true,"href":"https:\/\/noas.no\/riketstilstand\/wp-json\/wp\/v2\/comments?post=3997"}],"version-history":[{"count":26,"href":"https:\/\/noas.no\/riketstilstand\/wp-json\/wp\/v2\/pages\/3997\/revisions"}],"predecessor-version":[{"id":6005,"href":"https:\/\/noas.no\/riketstilstand\/wp-json\/wp\/v2\/pages\/3997\/revisions\/6005"}],"up":[{"embeddable":true,"href":"https:\/\/noas.no\/riketstilstand\/wp-json\/wp\/v2\/pages\/2990"}],"wp:attachment":[{"href":"https:\/\/noas.no\/riketstilstand\/wp-json\/wp\/v2\/media?parent=3997"}],"curies":[{"name":"wp","href":"https:\/\/api.w.org\/{rel}","templated":true}]}}