{"id":3746,"date":"2022-09-13T08:33:31","date_gmt":"2022-09-13T08:33:31","guid":{"rendered":"https:\/\/noas.no\/riketstilstand\/?page_id=3746"},"modified":"2022-09-23T13:23:01","modified_gmt":"2022-09-23T13:23:01","slug":"statslose","status":"publish","type":"page","link":"https:\/\/noas.no\/riketstilstand\/2019-2\/statslose\/","title":{"rendered":"STATSL\u00d8SE"},"content":{"rendered":"\t\t<div data-elementor-type=\"wp-page\" data-elementor-id=\"3746\" class=\"elementor elementor-3746\">\n\t\t\t\t\t\t<section class=\"elementor-section elementor-top-section elementor-element elementor-element-1237c20b elementor-section-height-full elementor-section-stretched elementor-section-boxed elementor-section-height-default elementor-section-items-middle\" data-id=\"1237c20b\" data-element_type=\"section\" data-e-type=\"section\" data-settings=\"{&quot;stretch_section&quot;:&quot;section-stretched&quot;,&quot;background_background&quot;:&quot;classic&quot;}\">\n\t\t\t\t\t\t\t<div class=\"elementor-background-overlay\"><\/div>\n\t\t\t\t\t\t\t<div class=\"elementor-container elementor-column-gap-default\">\n\t\t\t\t\t<div class=\"elementor-column elementor-col-100 elementor-top-column elementor-element elementor-element-bca6868\" data-id=\"bca6868\" data-element_type=\"column\" data-e-type=\"column\">\n\t\t\t<div class=\"elementor-widget-wrap elementor-element-populated\">\n\t\t\t\t\t\t<div class=\"elementor-element elementor-element-2c3aa6af elementor-widget elementor-widget-heading\" data-id=\"2c3aa6af\" data-element_type=\"widget\" data-e-type=\"widget\" data-widget_type=\"heading.default\">\n\t\t\t\t<div class=\"elementor-widget-container\">\n\t\t\t\t\t<div class=\"elementor-heading-title elementor-size-default\">Statsl\u00f8se<\/div>\t\t\t\t<\/div>\n\t\t\t\t<\/div>\n\t\t\t\t<div class=\"elementor-element elementor-element-57a60275 elementor-widget elementor-widget-heading\" data-id=\"57a60275\" data-element_type=\"widget\" data-e-type=\"widget\" data-widget_type=\"heading.default\">\n\t\t\t\t<div class=\"elementor-widget-container\">\n\t\t\t\t\t<div class=\"elementor-heading-title elementor-size-default\">Statsl\u00f8se i Norge er rettighetsl\u00f8se og uten noen stat de kan returnere til. Norge bryter FN-konvensjoner om statsl\u00f8se.<\/div>\t\t\t\t<\/div>\n\t\t\t\t<\/div>\n\t\t\t\t\t<\/div>\n\t\t<\/div>\n\t\t\t\t\t<\/div>\n\t\t<\/section>\n\t\t\t\t<section class=\"elementor-section elementor-top-section elementor-element elementor-element-3ed6ca96 elementor-section-boxed elementor-section-height-default elementor-section-height-default\" data-id=\"3ed6ca96\" data-element_type=\"section\" data-e-type=\"section\">\n\t\t\t\t\t\t<div class=\"elementor-container elementor-column-gap-default\">\n\t\t\t\t\t<div class=\"elementor-column elementor-col-100 elementor-top-column elementor-element elementor-element-4f71ae7c\" data-id=\"4f71ae7c\" data-element_type=\"column\" data-e-type=\"column\">\n\t\t\t<div class=\"elementor-widget-wrap elementor-element-populated\">\n\t\t\t\t\t\t<div class=\"elementor-element elementor-element-42c91d2d elementor-widget elementor-widget-text-editor\" data-id=\"42c91d2d\" data-element_type=\"widget\" data-e-type=\"widget\" data-widget_type=\"text-editor.default\">\n\t\t\t\t<div class=\"elementor-widget-container\">\n\t\t\t\t\t\t\t\t\t<div class=\"main-content\" data-content-field=\"main-content\" data-collection-id=\"5e341806239e650b841929cc\" data-edit-main-image=\"Page Banner\" id=\"yui_3_17_2_1_1663057882002_78\">\r\n\t\t\t\t\t\t\t\t<div class=\"sqs-layout sqs-grid-12 columns-12\" data-type=\"page\" data-updated-on=\"1584345819280\" id=\"page-5e341806239e650b841929cc\"><div class=\"row sqs-row\" id=\"yui_3_17_2_1_1663057882002_77\"><div class=\"col sqs-col-12 span-12\" id=\"yui_3_17_2_1_1663057882002_76\"><div class=\"row sqs-row\" id=\"yui_3_17_2_1_1663057882002_75\"><div class=\"col sqs-col-3 span-3\"><div class=\"sqs-block spacer-block sqs-block-spacer sized vsize-1\" data-block-type=\"21\" id=\"block-b6dd69395004795d0f9a\"><div class=\"sqs-block-content\">&nbsp;<\/div><\/div><\/div><div class=\"col sqs-col-6 span-6\" id=\"yui_3_17_2_1_1663057882002_74\"><div class=\"sqs-block html-block sqs-block-html\" data-block-type=\"2\" id=\"block-65d484416ed9f28c192c\"><div class=\"sqs-block-content\"><p class=\"\" style=\"white-space:pre-wrap;\">           <\/p><p class=\"\" style=\"white-space:pre-wrap;\">I Norge finnes <a href=\"https:\/\/index.statelessness.eu\/country\/norway\">omtrent 2500 statsl\u00f8se<\/a>. De langt fleste av disse har f\u00e5tt oppholdstillatelse i Norge etter s\u00f8knad om beskyttelse. Det er sannsynligvis kun noen titalls statsl\u00f8se som lever i Norge uten lovlig opphold. <\/p><p class=\"\" style=\"white-space:pre-wrap;\">De fleste statsl\u00f8se asyls\u00f8kere i Norge er palestinere, men statsl\u00f8se kommer ogs\u00e5 fra andre land og omr\u00e5der. En stor gruppe blant de palestinske asyls\u00f8kerne som har kommet til Norge de siste \u00e5rene er fra Syria, og gis i all hovedsak beskyttelse.<\/p><p class=\"\" style=\"white-space:pre-wrap;\">Norges behandling av statsl\u00f8se, sett opp mot folkeretten og god praksis, gjennomg\u00e5s \u00e5rlig av NOAS og Det Europeiske nettverket for statsl\u00f8se i <a href=\"https:\/\/index.statelessness.eu\/country\/norway\">den europeiske statsl\u00f8shetsindeksen<\/a>.<br><\/p><h3 style=\"white-space:pre-wrap;\">Statsl\u00f8se opp i Stortinget<\/h3><p class=\"\" style=\"white-space:pre-wrap;\">I desember 2019 behandlet Stortinget dette <a href=\"https:\/\/www.stortinget.no\/no\/Saker-og-publikasjoner\/Saker\/Sak\/Voteringsoversikt\/?p=77170&amp;dnid=1#id=13242&amp;view=vote-text\">forslaget<\/a> fra Sosialistisk Venstreparti: \u00abStortinget ber regjeringen komme tilbake til Stortinget med forslag om en definisjon av statsl\u00f8shet i lovverket og forslag til en egen prosedyre for fastsettelse av statsl\u00f8shet med statsl\u00f8shet som oppholdsgrunnlag\u00bb. Forslaget ble dessverre stemt ned, men i debatten utfordret Senterpartiet statsr\u00e5den p\u00e5 innf\u00f8ring av definisjon av statsl\u00f8shet i lovverket (som anbefalt av FN, se under).&nbsp;<\/p><p class=\"\" style=\"white-space:pre-wrap;\">Statsl\u00f8ses situasjon var ogs\u00e5 tema under <a href=\"https:\/\/www.stortinget.no\/no\/Saker-og-publikasjoner\/Publikasjoner\/Innstillinger\/Stortinget\/2019-2020\/inns-201920-016s\/?m=5\">Stortingsdebatt om arbeidstillatelse til ureturnerbare<\/a> i desember 2019, der blant annet Senterpartiet trakk fram statsl\u00f8se som en spesielt utsatt gruppe.&nbsp; <br><\/p><h3 style=\"white-space:pre-wrap;\">Norge bryter FN-konvensjoner om statsl\u00f8shet<\/h3><p class=\"\" style=\"white-space:pre-wrap;\">FNs h\u00f8ykommiss\u00e6r for flyktninger (UNHCR) utga i 2015 en&nbsp;<a href=\"https:\/\/www.refworld.org\/docid\/5653140d4.html\">rapport<\/a> om situasjonen for statsl\u00f8se i Norge. Rapporten konkluderer at norsk lovgivning og praksis p\u00e5 flere omr\u00e5der strider med FNs konvensjoner om statsl\u00f8shet, som Norge har sluttet seg til (Konvensjonen om statsl\u00f8ses stilling av 1954 og Konvensjonen om begrensning av statsl\u00f8shet av 1961).&nbsp;<\/p><p class=\"\" style=\"white-space:pre-wrap;\">Regjeringen har ikke fulgt opp rapporten. Regjeringen bestrider at Norge har forpliktelser til identifisering og opphold til statsl\u00f8se, og FN-konvensjonene har blitt oversett av utlendingsforvaltningen. Sv\u00e6rt f\u00e5 politikere er klar over at uten en egen definisjon av statsl\u00f8shet og en prosedyre for \u00e5 behandle statsl\u00f8se, godtar landets lovgivere at en liten gruppe reelt ureturnerbare personer l\u00e5ses til en situasjon uten rettigheter i Norge. Dette er situasjonen for statsl\u00f8se som ikke innvilges beskyttelse etter flyktningkonvensjonen eller Den europeiske menneskerettighetskonvensjon (EMK).<\/p>\r\n\r\n\r\n<\/div><\/div><div class=\"sqs-block quote-block sqs-block-quote null sqs-col-3 span-3 float float-left\" data-block-type=\"31\" id=\"block-4319419d9f27a2a372ab\"><div class=\"sqs-block-content\">\r\n\r\n\r\n\r\n<figure class=\"block-animation-none\">\r\n  <blockquote data-animation-role=\"quote\">\r\n    <span>\u201c<\/span>Rapporten konkluderer at norsk lovgivning og praksis p\u00e5 flere omr\u00e5der strider med FNs konvensjoner om statsl\u00f8shet.<span>\u201d<\/span>\r\n  <\/blockquote>\r\n  \r\n<\/figure>\r\n<\/div><\/div><div class=\"sqs-block html-block sqs-block-html\" data-block-type=\"2\" id=\"block-yui_3_17_2_1_1581896407113_17689\"><div class=\"sqs-block-content\"><p class=\"\" style=\"white-space:pre-wrap;\">Hovedanbefalingen i UNHCRs kartlegging var \u00e5 ta inn en definisjon av statsl\u00f8se i nasjonalt regelverk, slik at forvaltningen kan vurdere om en person er statsl\u00f8s eller ikke. Uten en definisjon av statsl\u00f8shet og oppholdsstatus for statsl\u00f8se, vil det finnes statsl\u00f8se som er rettsl\u00f8se i dagens internasjonale samfunn. De avskj\u00e6res i stor grad fra tilgang til de grunnleggende rettigheter som statsl\u00f8skonvensjonen fra 1954 foreskriver; som rett til utdanning, legehjelp, arbeid og bevegelsesfrihet.<\/p><p class=\"\" style=\"white-space:pre-wrap;\">I mai 2019 ble Norge eksaminert av FNs menneskerettighetsr\u00e5d&nbsp;i den universelle periodiske gjennomgangen (UPR)&nbsp;om Norges etterlevelse av sine menneskerettslige forpliktelser. I likhet med&nbsp;<a href=\"https:\/\/www.ohchr.org\/EN\/Countries\/ENACARegion\/Pages\/NOIndex.aspx\">FNs barnekomit\u00e9 og FNs menneskerettighetskomit\u00e9<\/a>, anbefalte&nbsp;FNs menneskerettighetsr\u00e5d Norge om \u00e5 ta inn en definisjon av statsl\u00f8se i norsk regelverk. I august 2019, etter Norges periodiske landh\u00f8ring, ville regjeringen Solberg III bare forplikte seg til \u00e5 <em>vurdere<\/em> \u00e5 innta en definisjon om statsl\u00f8shet i norsk lov. S\u00e5 langt har dette ikke blitt fulgt opp.<\/p>\r\n\r\n\r\n<\/div><\/div><div class=\"sqs-block quote-block sqs-block-quote null\" data-block-type=\"31\" id=\"block-yui_3_17_2_1_1581896407113_21238\"><div class=\"sqs-block-content\">\r\n\r\n\r\n\r\n<figure class=\"block-animation-none\">\r\n  <blockquote data-animation-role=\"quote\">\r\n    <span>\u201c<\/span>Uten en definisjon av statsl\u00f8shet og oppholdsstatus for statsl\u00f8se, vil det finnes statsl\u00f8se som er rettsl\u00f8se i dagens internasjonale samfunn.<span>\u201d<\/span>\r\n  <\/blockquote>\r\n  \r\n<\/figure>\r\n<\/div><\/div><div class=\"sqs-block html-block sqs-block-html\" data-block-type=\"2\" id=\"block-yui_3_17_2_1_1581896407113_35506\"><div class=\"sqs-block-content\"><p class=\"\" style=\"white-space:pre-wrap;\">I asylsaker ser NOAS dessverre at utlendingsforvaltningen ofte avviser argumenter om statsl\u00f8shet, uten \u00e5 vurdere Konvensjonen om statsl\u00f8ses stilling. I noen saker konkluderer forvaltningen med at en person har rettslig krav p\u00e5 statsborgerskap i et annet land, uten en individuell vurdering av hvordan det aktuelle landets regelverk anvendes i praksis. I andre saker viser forvaltningen til at personen kan tilegne seg statsborgerskap i et annet land, uten \u00e5 ta hensyn til at resultatet av s\u00f8knadsprosessen er usikker. Prosessen kan ta flere \u00e5r og inneb\u00e6re h\u00f8ye advokat- og sakskostnader. Norsk praksis er her ikke i samsvar med <a href=\"https:\/\/www.unhcr.org\/protection\/statelessness\/53b698ab9\/handbook-protection-stateless-persons.html\">UNHCRs h\u00e5ndbok<\/a> om beskyttelse av statsl\u00f8se etter statsl\u00f8shetskonvensjonen.<br><br><\/p>\r\n\r\n\r\n<\/div><\/div><div class=\"sqs-block image-block sqs-block-image sqs-text-ready\" data-aspect-ratio=\"38.20224719101123\" data-block-type=\"5\" id=\"block-yui_3_17_2_1_1584059312967_7454\"><div class=\"sqs-block-content\" id=\"yui_3_17_2_1_1663057882002_73\">\r\n\r\n\r\n\r\n\r\n\r\n\r\n\r\n\r\n\r\n\r\n\r\n\r\n\r\n\r\n\r\n  \r\n\r\n    \r\n  \r\n    <div class=\"\r\n          image-block-outer-wrapper\r\n          layout-caption-below\r\n          design-layout-inline\r\n          combination-animation-none\r\n          individual-animation-none\r\n          individual-text-animation-none\r\n        \" data-test=\"image-block-inline-outer-wrapper\" id=\"yui_3_17_2_1_1663057882002_72\">\r\n\r\n      \r\n\r\n      \r\n        <figure class=\"\r\n              sqs-block-image-figure\r\n              intrinsic\r\n            \" style=\"max-width:2500px;\" id=\"yui_3_17_2_1_1663057882002_71\">\r\n          \r\n        \r\n        \r\n\r\n        \r\n          \r\n            \r\n          <div class=\"image-block-wrapper\" data-animation-role=\"image\" id=\"yui_3_17_2_1_1663057882002_70\">\r\n            <div class=\"sqs-image-shape-container-element\r\n              \r\n          \r\n        \r\n              has-aspect-ratio\r\n            \" style=\"\r\n                position: relative;\r\n                \r\n                  padding-bottom:38.202247619628906%;\r\n                \r\n                overflow: hidden;\r\n              \" id=\"yui_3_17_2_1_1663057882002_69\">\r\n              <noscript><img decoding=\"async\" src=\"https:\/\/images.squarespace-cdn.com\/content\/v1\/56e6a2632b8dde4bafc35e0b\/1584059344749-KLN9CZTFDHLF7SA3HY7P\/RF2113022_Madagascar%2B2017%2BStateless%2BProject%2B004.jpg\" alt=\"Illustrasjonsbilde. Foto: UNHCR\/ROGER ARNOLD\" \/><\/noscript><img decoding=\"async\" class=\"thumb-image loaded\" data-src=\"https:\/\/images.squarespace-cdn.com\/content\/v1\/56e6a2632b8dde4bafc35e0b\/1584059344749-KLN9CZTFDHLF7SA3HY7P\/RF2113022_Madagascar%2B2017%2BStateless%2BProject%2B004.jpg\" data-image=\"https:\/\/images.squarespace-cdn.com\/content\/v1\/56e6a2632b8dde4bafc35e0b\/1584059344749-KLN9CZTFDHLF7SA3HY7P\/RF2113022_Madagascar%2B2017%2BStateless%2BProject%2B004.jpg\" data-image-dimensions=\"2500x1667\" data-image-focal-point=\"0.5,0.5\" data-load=\"false\" data-image-id=\"5e6ad3cd810aeb7725038d02\" data-type=\"image\" style=\"left: 0%; top: -37.2724%; width: 100%; height: 174.545%; position: absolute;\" alt=\"Illustrasjonsbilde. Foto: UNHCR\/ROGER ARNOLD\" data-image-resolution=\"750w\" src=\"https:\/\/images.squarespace-cdn.com\/content\/v1\/56e6a2632b8dde4bafc35e0b\/1584059344749-KLN9CZTFDHLF7SA3HY7P\/RF2113022_Madagascar%2B2017%2BStateless%2BProject%2B004.jpg?format=750w\">\r\n            <\/div>\r\n          <\/div>\r\n        \r\n          \r\n        \r\n\r\n        \r\n          \r\n          <figcaption class=\"image-caption-wrapper\">\r\n            <div class=\"image-caption\"><p class=\"\">Illustrasjonsbilde. <em>Foto: UNHCR\/ROGER ARNOLD<\/em><\/p><\/div>\r\n          <\/figcaption>\r\n        \r\n      \r\n        <\/figure>\r\n      \r\n\r\n    <\/div>\r\n  \r\n\r\n\r\n  \r\n\r\n\r\n<\/div><\/div><div class=\"sqs-block html-block sqs-block-html\" data-block-type=\"2\" id=\"block-yui_3_17_2_1_1584059312967_7737\"><div class=\"sqs-block-content\"><h3 style=\"white-space:pre-wrap;\">Barn f\u00f8des til statsl\u00f8shet i Norge<\/h3><p class=\"\" style=\"white-space:pre-wrap;\">B\u00e5de UNHCR og NOAS har flere ganger minnet norske myndigheter p\u00e5 Norges folkerettslige forpliktelse til \u00e5 begrense statsl\u00f8shet. I oktober 2016 <a href=\"https:\/\/www.regjeringen.no\/no\/dokumenter\/instruks-om-tolkning-av-statsborgerloven----gjeldende-rett-for-statslose-sokere-som-er-fodt-i-norge\/id2518182\/?utm_source=www.regjeringen.no&amp;utm_medium=epost&amp;utm_campaign=Rundskriv-28.10.2016\">instruerte<\/a> endelig Justis- og beredskapsdepartementet UDI om tolkningen av statsborgerloven, for \u00e5 sikre at barn f\u00f8dt til statsl\u00f8shet i Norge kan f\u00e5 norsk statsborgerskap i tr\u00e5d med folkeretten.&nbsp;<\/p><p class=\"\" style=\"white-space:pre-wrap;\">If\u00f8lge instruksen har barn f\u00f8dt til statsl\u00f8shet rett til norsk statsborgerskap etter tre \u00e5rs sammenhengende oppholdstid i Norge, selv om verken barnet eller foreldrene har hatt oppholdstillatelse. Det stilles ikke krav om botid, dersom en av foreldrene oppfyller vilk\u00e5rene for permanent oppholdstillatelse eller dersom en av foreldrene har oppholdt seg i Norge de siste tre \u00e5rene med oppholdsrett som E\u00d8S-borger.<\/p><p class=\"\" style=\"white-space:pre-wrap;\">Dessverre sendte departementet et <a href=\"https:\/\/www.regjeringen.no\/no\/dokumenter\/horing---forslag-til-endringer-i-statsborgerloven-og-statsborgerforskriften\/id2563797\/\">lovforslag p\u00e5 h\u00f8ring&nbsp;<\/a>i juli 2017, som sier noe annet enn instruksen. Folkeretten tolkes her annerledes enn tidligere, men uten at det begrunnes. Vedtas lovforslaget, vil barn risikere \u00e5 tilbringe hele barndommen p\u00e5 asylmottak \u2013 som statsl\u00f8se og uten oppholdstillatelse. F\u00f8rst n\u00e5r de fyller 18 \u00e5r vil de etter regjeringens forslag kunne regularisere sin status. Statsl\u00f8se barn vil da ikke f\u00e5 oppfylt sine rettigheter.&nbsp; <\/p><p class=\"\" style=\"white-space:pre-wrap;\">Dette vil v\u00e6re i strid med regjeringens <a href=\"https:\/\/www.regjeringen.no\/no\/dokumenter\/politisk-plattform\/id2626036\/#justis\">Granavolden-plattform<\/a>. If\u00f8lge plattformen skal botidskravet for statsl\u00f8se for \u00e5 f\u00e5 statsborgerskap ikke endres. Det vil si at statsl\u00f8se fortsatt skal kunne f\u00e5 statsborgerskap etter tre \u00e5rs botid i Norge.&nbsp;<\/p><p class=\"\" style=\"white-space:pre-wrap;\">Med lovforslaget gikk regjeringen Solberg i motsatt retning enn resten av Europa. <a href=\"https:\/\/www.statelessness.eu\/sites\/www.statelessness.eu\/files\/ENS_NoChildStateless_final.pdf\">Hele 17 land i Europa<\/a> har innf\u00f8rt systemer for automatisk innvilgelse av statsborgerskap ved f\u00f8dselen for barn som ellers ville bli statsl\u00f8se. Erfaringen fra disse landene viser at innf\u00f8ring av et slikt tiltak har sv\u00e6rt lave samfunns\u00f8konomiske konsekvenser.<\/p><p class=\"\" style=\"white-space:pre-wrap;\">Regjeringen har fortsatt ikke sendt lovforslaget til Stortinget, og det er usikkert hva som vil skje videre.&nbsp;<\/p>\r\n\r\n\r\n<\/div><\/div><\/div><div class=\"col sqs-col-3 span-3\"><div class=\"sqs-block spacer-block sqs-block-spacer sized vsize-1\" data-block-type=\"21\" id=\"block-e7aba32ee05a685989ca\"><div class=\"sqs-block-content\">&nbsp;<\/div><\/div><\/div><\/div><div class=\"row sqs-row\"><div class=\"col sqs-col-6 span-6\"><div class=\"sqs-block spacer-block sqs-block-spacer sized vsize-1\" data-block-type=\"21\" id=\"block-5e90e7910126f3094a01\"><div class=\"sqs-block-content\">&nbsp;<\/div><\/div><\/div><div class=\"col sqs-col-6 span-6\"><div class=\"sqs-block spacer-block sqs-block-spacer sized vsize-1\" data-block-type=\"21\" id=\"block-c1eb8abb8cf01a8f6161\"><div class=\"sqs-block-content\">&nbsp;<\/div><\/div><\/div><\/div><\/div><\/div><\/div>\r\n\t\t\t\t\t\t\t<\/div>\t\t\t\t\t\t\t\t<\/div>\n\t\t\t\t<\/div>\n\t\t\t\t\t<\/div>\n\t\t<\/div>\n\t\t\t\t\t<\/div>\n\t\t<\/section>\n\t\t\t\t<\/div>\n\t\t","protected":false},"excerpt":{"rendered":"<p>Statsl\u00f8se Statsl\u00f8se i Norge er rettighetsl\u00f8se og uten noen stat de kan returnere til. Norge bryter FN-konvensjoner om statsl\u00f8se. &nbsp; I Norge finnes omtrent 2500 statsl\u00f8se. De langt fleste av disse har f\u00e5tt oppholdstillatelse i Norge etter s\u00f8knad om beskyttelse. Det er sannsynligvis kun noen titalls statsl\u00f8se som lever i Norge uten lovlig opphold. De [&hellip;]<\/p>\n","protected":false},"author":1,"featured_media":0,"parent":2990,"menu_order":0,"comment_status":"closed","ping_status":"closed","template":"","meta":{"_acf_changed":false,"site-sidebar-layout":"no-sidebar","site-content-layout":"plain-container","ast-site-content-layout":"default","site-content-style":"default","site-sidebar-style":"default","ast-global-header-display":"","ast-banner-title-visibility":"","ast-main-header-display":"","ast-hfb-above-header-display":"","ast-hfb-below-header-display":"","ast-hfb-mobile-header-display":"","site-post-title":"","ast-breadcrumbs-content":"","ast-featured-img":"","footer-sml-layout":"","ast-disable-related-posts":"","theme-transparent-header-meta":"default","adv-header-id-meta":"","stick-header-meta":"","header-above-stick-meta":"","header-main-stick-meta":"","header-below-stick-meta":"","astra-migrate-meta-layouts":"default","ast-page-background-enabled":"default","ast-page-background-meta":{"desktop":{"background-color":"var(--ast-global-color-4)","background-image":"","background-repeat":"repeat","background-position":"center center","background-size":"auto","background-attachment":"scroll","background-type":"","background-media":"","overlay-type":"","overlay-color":"","overlay-opacity":"","overlay-gradient":""},"tablet":{"background-color":"","background-image":"","background-repeat":"repeat","background-position":"center center","background-size":"auto","background-attachment":"scroll","background-type":"","background-media":"","overlay-type":"","overlay-color":"","overlay-opacity":"","overlay-gradient":""},"mobile":{"background-color":"","background-image":"","background-repeat":"repeat","background-position":"center center","background-size":"auto","background-attachment":"scroll","background-type":"","background-media":"","overlay-type":"","overlay-color":"","overlay-opacity":"","overlay-gradient":""}},"ast-content-background-meta":{"desktop":{"background-color":"var(--ast-global-color-5)","background-image":"","background-repeat":"repeat","background-position":"center center","background-size":"auto","background-attachment":"scroll","background-type":"","background-media":"","overlay-type":"","overlay-color":"","overlay-opacity":"","overlay-gradient":""},"tablet":{"background-color":"var(--ast-global-color-5)","background-image":"","background-repeat":"repeat","background-position":"center center","background-size":"auto","background-attachment":"scroll","background-type":"","background-media":"","overlay-type":"","overlay-color":"","overlay-opacity":"","overlay-gradient":""},"mobile":{"background-color":"var(--ast-global-color-5)","background-image":"","background-repeat":"repeat","background-position":"center center","background-size":"auto","background-attachment":"scroll","background-type":"","background-media":"","overlay-type":"","overlay-color":"","overlay-opacity":"","overlay-gradient":""}},"footnotes":""},"class_list":["post-3746","page","type-page","status-publish","hentry"],"acf":[],"_links":{"self":[{"href":"https:\/\/noas.no\/riketstilstand\/wp-json\/wp\/v2\/pages\/3746","targetHints":{"allow":["GET"]}}],"collection":[{"href":"https:\/\/noas.no\/riketstilstand\/wp-json\/wp\/v2\/pages"}],"about":[{"href":"https:\/\/noas.no\/riketstilstand\/wp-json\/wp\/v2\/types\/page"}],"author":[{"embeddable":true,"href":"https:\/\/noas.no\/riketstilstand\/wp-json\/wp\/v2\/users\/1"}],"replies":[{"embeddable":true,"href":"https:\/\/noas.no\/riketstilstand\/wp-json\/wp\/v2\/comments?post=3746"}],"version-history":[{"count":7,"href":"https:\/\/noas.no\/riketstilstand\/wp-json\/wp\/v2\/pages\/3746\/revisions"}],"predecessor-version":[{"id":6083,"href":"https:\/\/noas.no\/riketstilstand\/wp-json\/wp\/v2\/pages\/3746\/revisions\/6083"}],"up":[{"embeddable":true,"href":"https:\/\/noas.no\/riketstilstand\/wp-json\/wp\/v2\/pages\/2990"}],"wp:attachment":[{"href":"https:\/\/noas.no\/riketstilstand\/wp-json\/wp\/v2\/media?parent=3746"}],"curies":[{"name":"wp","href":"https:\/\/api.w.org\/{rel}","templated":true}]}}