{"id":3741,"date":"2022-09-13T07:04:14","date_gmt":"2022-09-13T07:04:14","guid":{"rendered":"https:\/\/noas.no\/riketstilstand\/?page_id=3741"},"modified":"2023-04-16T17:39:32","modified_gmt":"2023-04-16T17:39:32","slug":"stengte-grenser-i-europa","status":"publish","type":"page","link":"https:\/\/noas.no\/riketstilstand\/2019-2\/stengte-grenser-i-europa\/","title":{"rendered":"Stengte grenser i Europa"},"content":{"rendered":"\t\t<div data-elementor-type=\"wp-page\" data-elementor-id=\"3741\" class=\"elementor elementor-3741\">\n\t\t\t\t\t\t<section class=\"elementor-section elementor-top-section elementor-element elementor-element-3081961b elementor-section-height-full elementor-section-stretched elementor-section-boxed elementor-section-height-default elementor-section-items-middle\" data-id=\"3081961b\" data-element_type=\"section\" data-e-type=\"section\" data-settings=\"{&quot;stretch_section&quot;:&quot;section-stretched&quot;,&quot;background_background&quot;:&quot;classic&quot;}\">\n\t\t\t\t\t\t\t<div class=\"elementor-background-overlay\"><\/div>\n\t\t\t\t\t\t\t<div class=\"elementor-container elementor-column-gap-default\">\n\t\t\t\t\t<div class=\"elementor-column elementor-col-100 elementor-top-column elementor-element elementor-element-732039a0\" data-id=\"732039a0\" data-element_type=\"column\" data-e-type=\"column\">\n\t\t\t<div class=\"elementor-widget-wrap elementor-element-populated\">\n\t\t\t\t\t\t<div class=\"elementor-element elementor-element-69787b24 elementor-widget elementor-widget-heading\" data-id=\"69787b24\" data-element_type=\"widget\" data-e-type=\"widget\" data-widget_type=\"heading.default\">\n\t\t\t\t<div class=\"elementor-widget-container\">\n\t\t\t\t\t<div class=\"elementor-heading-title elementor-size-default\">Stengte grenser i Europa<\/div>\t\t\t\t<\/div>\n\t\t\t\t<\/div>\n\t\t\t\t<div class=\"elementor-element elementor-element-9a1b888 elementor-widget elementor-widget-heading\" data-id=\"9a1b888\" data-element_type=\"widget\" data-e-type=\"widget\" data-widget_type=\"heading.default\">\n\t\t\t\t<div class=\"elementor-widget-container\">\n\t\t\t\t\t<div class=\"elementor-heading-title elementor-size-default\">Europas \u00abl\u00f8sning\u00bb for \u00e5 h\u00e5ndtere asylankomster, er \u00e5 stenge grensene.<\/div>\t\t\t\t<\/div>\n\t\t\t\t<\/div>\n\t\t\t\t\t<\/div>\n\t\t<\/div>\n\t\t\t\t\t<\/div>\n\t\t<\/section>\n\t\t\t\t<section class=\"elementor-section elementor-top-section elementor-element elementor-element-940ac3f elementor-section-boxed elementor-section-height-default elementor-section-height-default\" data-id=\"940ac3f\" data-element_type=\"section\" data-e-type=\"section\">\n\t\t\t\t\t\t<div class=\"elementor-container elementor-column-gap-default\">\n\t\t\t\t\t<div class=\"elementor-column elementor-col-50 elementor-top-column elementor-element elementor-element-2e99109\" data-id=\"2e99109\" data-element_type=\"column\" data-e-type=\"column\">\n\t\t\t<div class=\"elementor-widget-wrap elementor-element-populated\">\n\t\t\t\t\t\t<div class=\"elementor-element elementor-element-b857aa9 elementor-widget elementor-widget-text-editor\" data-id=\"b857aa9\" data-element_type=\"widget\" data-e-type=\"widget\" data-widget_type=\"text-editor.default\">\n\t\t\t\t<div class=\"elementor-widget-container\">\n\t\t\t\t\t\t\t\t\t<blockquote>\u201cMenneskerettighets-situasjonen i Tyrkia er forverret etter kuppfors\u00f8ket i 2016, og flyktningers grunnleggende rettssikkerhet blir ikke ivaretatt.\u201d<\/blockquote>\t\t\t\t\t\t\t\t<\/div>\n\t\t\t\t<\/div>\n\t\t\t\t\t<\/div>\n\t\t<\/div>\n\t\t\t\t<div class=\"elementor-column elementor-col-50 elementor-top-column elementor-element elementor-element-b950697\" data-id=\"b950697\" data-element_type=\"column\" data-e-type=\"column\">\n\t\t\t<div class=\"elementor-widget-wrap elementor-element-populated\">\n\t\t\t\t\t\t<div class=\"elementor-element elementor-element-dfb759e elementor-widget elementor-widget-text-editor\" data-id=\"dfb759e\" data-element_type=\"widget\" data-e-type=\"widget\" data-widget_type=\"text-editor.default\">\n\t\t\t\t<div class=\"elementor-widget-container\">\n\t\t\t\t\t\t\t\t\t<p>NOAS mener at landinformasjon om situasjonen i Afghanistan brukes feil i en del av disse sakene. At visse handlinger sanksjoneres strengt, betyr ikke at de ikke forekommer. Mye av informasjonen utlendingsforvaltningen bruker, gjelder den dominerende folkegruppen pashtunere, og passer ikke alltid godt i saker som gjelder personer med en annen bakgrunn. For eksempel er hazara, som er shia-muslimer, ofte mer liberale enn pashtunere, som er sunni-muslimer.\u00a0<\/p><p>Norske utlendingsmyndigheter bruker ogs\u00e5 lignende begrunnelser overfor en del kvinner som flykter alene. Utlendingsmyndighetene mener at det ikke er troverdig at de har reist til Europa uten et mannlig familiemedlem, siden det ikke er vanlig for afghanske kvinner \u00e5 reise alene.<\/p>\t\t\t\t\t\t\t\t<\/div>\n\t\t\t\t<\/div>\n\t\t\t\t\t<\/div>\n\t\t<\/div>\n\t\t\t\t\t<\/div>\n\t\t<\/section>\n\t\t\t\t<section class=\"elementor-section elementor-top-section elementor-element elementor-element-fa31a58 elementor-section-boxed elementor-section-height-default elementor-section-height-default\" data-id=\"fa31a58\" data-element_type=\"section\" data-e-type=\"section\">\n\t\t\t\t\t\t<div class=\"elementor-container elementor-column-gap-default\">\n\t\t\t\t\t<div class=\"elementor-column elementor-col-50 elementor-top-column elementor-element elementor-element-1a23349\" data-id=\"1a23349\" data-element_type=\"column\" data-e-type=\"column\">\n\t\t\t<div class=\"elementor-widget-wrap elementor-element-populated\">\n\t\t\t\t\t\t<div class=\"elementor-element elementor-element-bda35c1 elementor-widget elementor-widget-text-editor\" data-id=\"bda35c1\" data-element_type=\"widget\" data-e-type=\"widget\" data-widget_type=\"text-editor.default\">\n\t\t\t\t<div class=\"elementor-widget-container\">\n\t\t\t\t\t\t\t\t\t<h3>Liten vilje til relokalisering<\/h3><p>Til tross for den sv\u00e6rt vanskelige situasjonen mange mennesker p\u00e5 flukt lever under i Hellas, er det liten vilje til \u00e5 relokalisere asyls\u00f8kere til Norge. Mellom oktober 2016 og august 2017, hentet Norge til sammen 1.500 asyls\u00f8kere fra Hellas og Italia gjennom EUs relokaliseringsprogram. Norge tok ikke imot relokaliserte i 2018 eller 2019, og det er ikke planlagt relokalisering i 2020. Les mer om relokalisering her.<\/p><h3>Umenneskelig behandling i Libya<\/h3><p>I Libya hindres mennesker p\u00e5 flukt videre reise til Europa, og voksne og barn holdes i interneringssentre under inhumane forhold. Dette er europeiske land med p\u00e5 \u00e5 finansiere, gjennom bevilgninger til libyske myndigheter. Les mer\u00a0her.<\/p><p>Allerede h\u00f8sten 2017 slo Leger uten grenser alarm, og kom i en\u00a0video\u00a0med f\u00f8lgende melding:<\/p><p>\u201dN\u00e5 kommer det plutselig f\u00e6rre b\u00e5ter med folk som flykter fra Libya til Europa. Dette blir fors\u00f8kt bejublet som en suksess for Europas, Italias og Norges politikk. For det er jo bra at f\u00e6rre risikerer livet til havs? Men det politikerne ikke vil snakke om, er hvorfor dette skjer. De vil ikke snakke om den skitne avtalen de har inng\u00e5tt med libyske militsgrupper. De vil ikke at du skal h\u00f8re om de uskyldige menneskene som betaler prisen gjennom vilk\u00e5rlig fengsling, tortur, voldtekt, utpressing \u2013 i hendene til kriminelle nettverk i Libya.\u201d<\/p><p>Mennesker p\u00e5 flukt blir fortsatt plukket opp i Middelhavet og sendt til internering i Libya, med Europas st\u00f8tte.<\/p><h3>Grensekontroller hindrer tilgang til Nord-Europa<\/h3><p>Etter \u00f8kte asylankomster i 2015, har en rekke europeiske land innf\u00f8rt midlertidig grensekontroll p\u00e5 grenseoverganger internt i Europa \u2013 hvor det tidligere ikke var slik kontroll. Ved utgangen av 2019 hadde flere europeiske land fortsatt grensekontroller.<\/p>\t\t\t\t\t\t\t\t<\/div>\n\t\t\t\t<\/div>\n\t\t\t\t\t<\/div>\n\t\t<\/div>\n\t\t\t\t<div class=\"elementor-column elementor-col-50 elementor-top-column elementor-element elementor-element-015cc14\" data-id=\"015cc14\" data-element_type=\"column\" data-e-type=\"column\">\n\t\t\t<div class=\"elementor-widget-wrap elementor-element-populated\">\n\t\t\t\t\t\t<div class=\"elementor-element elementor-element-418633f elementor-widget elementor-widget-text-editor\" data-id=\"418633f\" data-element_type=\"widget\" data-e-type=\"widget\" data-widget_type=\"text-editor.default\">\n\t\t\t\t<div class=\"elementor-widget-container\">\n\t\t\t\t\t\t\t\t\t<blockquote><p>\u201cSituasjonen i de overfylte leirene i Hellas er kritisk, og forholdene beskrives som et mareritt.\u201d<\/p><p>\u00a0<\/p><\/blockquote>\t\t\t\t\t\t\t\t<\/div>\n\t\t\t\t<\/div>\n\t\t\t\t\t<\/div>\n\t\t<\/div>\n\t\t\t\t\t<\/div>\n\t\t<\/section>\n\t\t\t\t<section class=\"elementor-section elementor-top-section elementor-element elementor-element-ff496ea elementor-section-boxed elementor-section-height-default elementor-section-height-default\" data-id=\"ff496ea\" data-element_type=\"section\" data-e-type=\"section\">\n\t\t\t\t\t\t<div class=\"elementor-container elementor-column-gap-default\">\n\t\t\t\t\t<div class=\"elementor-column elementor-col-50 elementor-top-column elementor-element elementor-element-75fcc89\" data-id=\"75fcc89\" data-element_type=\"column\" data-e-type=\"column\">\n\t\t\t<div class=\"elementor-widget-wrap elementor-element-populated\">\n\t\t\t\t\t\t<div class=\"elementor-element elementor-element-3643866f elementor-widget elementor-widget-text-editor\" data-id=\"3643866f\" data-element_type=\"widget\" data-e-type=\"widget\" data-widget_type=\"text-editor.default\">\n\t\t\t\t<div class=\"elementor-widget-container\">\n\t\t\t\t\t\t\t\t\t<p>For asyls\u00f8kere som klarer \u00e5 komme til Europa, betyr grensekontrollene at det er mye vanskeligere enn f\u00f8r \u00e5 reise nordover uten \u00e5 bli stoppet. Norges geografiske plassering gj\u00f8r at asyls\u00f8kere m\u00e5 krysse mange grenser f\u00f8r de kan komme hit og be om beskyttelse, og det er derfor langt f\u00e6rre som kan komme fram til den norske grensen og fremme en s\u00f8knad om asyl her.<\/p><p>I tillegg til EU-Tyrkia avtalen, f\u00f8rer stengte grenseoverganger til at mennesker p\u00e5 flukt sitter fast i Hellas. Situasjonen i de overfylte leirene i Hellas er kritisk, og forholdene beskrives som et mareritt. Det er et akutt behov for \u00e5 evakuere barn og andre s\u00e5rbare grupper ut av leirene.<\/p><p>Det er \u00e5penbart at Hellas mangler kapasitet til \u00e5 h\u00e5ndtere situasjonen. Allikevel har Norge bestemt \u00e5 gjenoppta returer til Hellas gjennom\u00a0Dublin-regelverket. Personer som innvilges beskyttelse i Hellas, overlates i stor grad til \u00e5 klare seg selv, hvilket er sv\u00e6rt vanskelig gitt den \u00f8konomiske krisen landet fortsatt preges av.<\/p><h3>Nektes innreise til Norge<\/h3><p>Det er i strid med Norges internasjonale forpliktelser \u00e5 nekte mennesker p\u00e5 flukt muligheten til \u00e5 s\u00f8ke asyl. Allikevel blir mennesker som \u00f8nsker \u00e5 s\u00f8ke asyl i Norge holdt tilbake fra den norsk-russiske grense av\u00a0russiske myndigheter, etter avtale med Norge.\u00a0Det er kun asyls\u00f8kere som har gyldig visum for innreise til Norge\/Schengen eller annen gyldig innreisetillatelse, som f\u00e5r mulighet til \u00e5 passere den norsk-russiske grenseovergangen ved Storskog.<\/p><p>De asyls\u00f8kerne som har kommet over Storskog og f\u00e5tt tilgang til asylprosedyre i Norge, risikerer \u00e5 ikke f\u00e5 saken realitetsbehandlet i Norge men bli\u00a0henvist til Russland som \u00abtrygt tredjeland\u00bb. Dette til tross for at tilgangen til \u00e5 s\u00f8ke om asyl i Russland er begrenset, og at en eventuell saksbehandling der\u00a0ikke er rettssikker.<\/p><p><a href=\"https:\/\/noas.no\/riketstilstand\/2016-2\/storskog\/\">Les mer om Storskog-situasjonen her.<\/a><\/p>\t\t\t\t\t\t\t\t<\/div>\n\t\t\t\t<\/div>\n\t\t\t\t\t<\/div>\n\t\t<\/div>\n\t\t\t\t<div class=\"elementor-column elementor-col-50 elementor-top-column elementor-element elementor-element-d135148\" data-id=\"d135148\" data-element_type=\"column\" data-e-type=\"column\">\n\t\t\t<div class=\"elementor-widget-wrap elementor-element-populated\">\n\t\t\t\t\t\t<div class=\"elementor-element elementor-element-ac56bb3 elementor-widget elementor-widget-text-editor\" data-id=\"ac56bb3\" data-element_type=\"widget\" data-e-type=\"widget\" data-widget_type=\"text-editor.default\">\n\t\t\t\t<div class=\"elementor-widget-container\">\n\t\t\t\t\t\t\t\t\t<blockquote><p>\u201cI Libya hindres mennesker p\u00e5 flukt videre reise til Europa, og voksne og barn holdes i interneringssentre under inhumane forhold.\u201d<\/p><\/blockquote>\t\t\t\t\t\t\t\t<\/div>\n\t\t\t\t<\/div>\n\t\t\t\t\t<\/div>\n\t\t<\/div>\n\t\t\t\t\t<\/div>\n\t\t<\/section>\n\t\t\t\t<section class=\"elementor-section elementor-top-section elementor-element elementor-element-6ee8555e elementor-section-boxed elementor-section-height-default elementor-section-height-default\" data-id=\"6ee8555e\" data-element_type=\"section\" data-e-type=\"section\">\n\t\t\t\t\t\t\t<div class=\"elementor-background-overlay\"><\/div>\n\t\t\t\t\t\t\t<div class=\"elementor-container elementor-column-gap-default\">\n\t\t\t\t\t<div class=\"elementor-column elementor-col-100 elementor-top-column elementor-element elementor-element-67b9f9ae\" data-id=\"67b9f9ae\" data-element_type=\"column\" data-e-type=\"column\">\n\t\t\t<div class=\"elementor-widget-wrap\">\n\t\t\t\t\t\t\t<\/div>\n\t\t<\/div>\n\t\t\t\t\t<\/div>\n\t\t<\/section>\n\t\t\t\t<\/div>\n\t\t","protected":false},"excerpt":{"rendered":"<p>Stengte grenser i Europa Europas \u00abl\u00f8sning\u00bb for \u00e5 h\u00e5ndtere asylankomster, er \u00e5 stenge grensene. \u201cMenneskerettighets-situasjonen i Tyrkia er forverret etter kuppfors\u00f8ket i 2016, og flyktningers grunnleggende rettssikkerhet blir ikke ivaretatt.\u201d NOAS mener at landinformasjon om situasjonen i Afghanistan brukes feil i en del av disse sakene. At visse handlinger sanksjoneres strengt, betyr ikke at de [&hellip;]<\/p>\n","protected":false},"author":1,"featured_media":0,"parent":2990,"menu_order":0,"comment_status":"closed","ping_status":"closed","template":"","meta":{"_acf_changed":false,"site-sidebar-layout":"no-sidebar","site-content-layout":"plain-container","ast-site-content-layout":"default","site-content-style":"default","site-sidebar-style":"default","ast-global-header-display":"","ast-banner-title-visibility":"","ast-main-header-display":"","ast-hfb-above-header-display":"","ast-hfb-below-header-display":"","ast-hfb-mobile-header-display":"","site-post-title":"","ast-breadcrumbs-content":"","ast-featured-img":"","footer-sml-layout":"","ast-disable-related-posts":"","theme-transparent-header-meta":"default","adv-header-id-meta":"","stick-header-meta":"","header-above-stick-meta":"","header-main-stick-meta":"","header-below-stick-meta":"","astra-migrate-meta-layouts":"default","ast-page-background-enabled":"default","ast-page-background-meta":{"desktop":{"background-color":"var(--ast-global-color-4)","background-image":"","background-repeat":"repeat","background-position":"center center","background-size":"auto","background-attachment":"scroll","background-type":"","background-media":"","overlay-type":"","overlay-color":"","overlay-opacity":"","overlay-gradient":""},"tablet":{"background-color":"","background-image":"","background-repeat":"repeat","background-position":"center center","background-size":"auto","background-attachment":"scroll","background-type":"","background-media":"","overlay-type":"","overlay-color":"","overlay-opacity":"","overlay-gradient":""},"mobile":{"background-color":"","background-image":"","background-repeat":"repeat","background-position":"center center","background-size":"auto","background-attachment":"scroll","background-type":"","background-media":"","overlay-type":"","overlay-color":"","overlay-opacity":"","overlay-gradient":""}},"ast-content-background-meta":{"desktop":{"background-color":"var(--ast-global-color-5)","background-image":"","background-repeat":"repeat","background-position":"center center","background-size":"auto","background-attachment":"scroll","background-type":"","background-media":"","overlay-type":"","overlay-color":"","overlay-opacity":"","overlay-gradient":""},"tablet":{"background-color":"var(--ast-global-color-5)","background-image":"","background-repeat":"repeat","background-position":"center center","background-size":"auto","background-attachment":"scroll","background-type":"","background-media":"","overlay-type":"","overlay-color":"","overlay-opacity":"","overlay-gradient":""},"mobile":{"background-color":"var(--ast-global-color-5)","background-image":"","background-repeat":"repeat","background-position":"center center","background-size":"auto","background-attachment":"scroll","background-type":"","background-media":"","overlay-type":"","overlay-color":"","overlay-opacity":"","overlay-gradient":""}},"footnotes":""},"class_list":["post-3741","page","type-page","status-publish","hentry"],"acf":[],"_links":{"self":[{"href":"https:\/\/noas.no\/riketstilstand\/wp-json\/wp\/v2\/pages\/3741","targetHints":{"allow":["GET"]}}],"collection":[{"href":"https:\/\/noas.no\/riketstilstand\/wp-json\/wp\/v2\/pages"}],"about":[{"href":"https:\/\/noas.no\/riketstilstand\/wp-json\/wp\/v2\/types\/page"}],"author":[{"embeddable":true,"href":"https:\/\/noas.no\/riketstilstand\/wp-json\/wp\/v2\/users\/1"}],"replies":[{"embeddable":true,"href":"https:\/\/noas.no\/riketstilstand\/wp-json\/wp\/v2\/comments?post=3741"}],"version-history":[{"count":30,"href":"https:\/\/noas.no\/riketstilstand\/wp-json\/wp\/v2\/pages\/3741\/revisions"}],"predecessor-version":[{"id":6932,"href":"https:\/\/noas.no\/riketstilstand\/wp-json\/wp\/v2\/pages\/3741\/revisions\/6932"}],"up":[{"embeddable":true,"href":"https:\/\/noas.no\/riketstilstand\/wp-json\/wp\/v2\/pages\/2990"}],"wp:attachment":[{"href":"https:\/\/noas.no\/riketstilstand\/wp-json\/wp\/v2\/media?parent=3741"}],"curies":[{"name":"wp","href":"https:\/\/api.w.org\/{rel}","templated":true}]}}