{"id":3137,"date":"2022-09-12T12:30:04","date_gmt":"2022-09-12T12:30:04","guid":{"rendered":"https:\/\/noas.no\/riketstilstand\/?page_id=3137"},"modified":"2023-05-09T09:17:43","modified_gmt":"2023-05-09T09:17:43","slug":"tyrkia","status":"publish","type":"page","link":"https:\/\/noas.no\/riketstilstand\/2021-2\/landprofiler\/tyrkia\/","title":{"rendered":"Tyrkia"},"content":{"rendered":"\t\t<div data-elementor-type=\"wp-page\" data-elementor-id=\"3137\" class=\"elementor elementor-3137\">\n\t\t\t\t\t\t<section class=\"elementor-section elementor-top-section elementor-element elementor-element-c3fd396 elementor-section-full_width elementor-section-height-min-height elementor-section-stretched elementor-section-height-default elementor-section-items-middle\" data-id=\"c3fd396\" data-element_type=\"section\" data-e-type=\"section\" data-settings=\"{&quot;background_background&quot;:&quot;classic&quot;,&quot;stretch_section&quot;:&quot;section-stretched&quot;}\">\n\t\t\t\t\t\t\t<div class=\"elementor-background-overlay\"><\/div>\n\t\t\t\t\t\t\t<div class=\"elementor-container elementor-column-gap-default\">\n\t\t\t\t\t<div class=\"elementor-column elementor-col-100 elementor-top-column elementor-element elementor-element-796587c\" data-id=\"796587c\" data-element_type=\"column\" data-e-type=\"column\">\n\t\t\t<div class=\"elementor-widget-wrap elementor-element-populated\">\n\t\t\t\t\t\t<div class=\"elementor-element elementor-element-ffa4fe5 elementor-widget elementor-widget-heading\" data-id=\"ffa4fe5\" data-element_type=\"widget\" data-e-type=\"widget\" data-widget_type=\"heading.default\">\n\t\t\t\t<div class=\"elementor-widget-container\">\n\t\t\t\t\t<h1 class=\"elementor-heading-title elementor-size-default\">Landprofiler 2021<\/h1>\t\t\t\t<\/div>\n\t\t\t\t<\/div>\n\t\t\t\t\t<\/div>\n\t\t<\/div>\n\t\t\t\t\t<\/div>\n\t\t<\/section>\n\t\t\t\t<section class=\"elementor-section elementor-top-section elementor-element elementor-element-106ae4d elementor-section-boxed elementor-section-height-default elementor-section-height-default\" data-id=\"106ae4d\" data-element_type=\"section\" data-e-type=\"section\">\n\t\t\t\t\t\t<div class=\"elementor-container elementor-column-gap-default\">\n\t\t\t\t\t<div class=\"elementor-column elementor-col-100 elementor-top-column elementor-element elementor-element-6e810a2\" data-id=\"6e810a2\" data-element_type=\"column\" data-e-type=\"column\">\n\t\t\t<div class=\"elementor-widget-wrap elementor-element-populated\">\n\t\t\t\t\t\t<div class=\"elementor-element elementor-element-b88b27e elementor-widget elementor-widget-heading\" data-id=\"b88b27e\" data-element_type=\"widget\" data-e-type=\"widget\" data-widget_type=\"heading.default\">\n\t\t\t\t<div class=\"elementor-widget-container\">\n\t\t\t\t\t<h2 class=\"elementor-heading-title elementor-size-default\"><a href=\"#\">Tyrkia<\/a><\/h2>\t\t\t\t<\/div>\n\t\t\t\t<\/div>\n\t\t\t\t\t<\/div>\n\t\t<\/div>\n\t\t\t\t\t<\/div>\n\t\t<\/section>\n\t\t\t\t<section class=\"elementor-section elementor-top-section elementor-element elementor-element-4bb634d elementor-section-boxed elementor-section-height-default elementor-section-height-default\" data-id=\"4bb634d\" data-element_type=\"section\" data-e-type=\"section\">\n\t\t\t\t\t\t<div class=\"elementor-container elementor-column-gap-default\">\n\t\t\t\t\t<div class=\"elementor-column elementor-col-33 elementor-top-column elementor-element elementor-element-f2411f1\" data-id=\"f2411f1\" data-element_type=\"column\" data-e-type=\"column\">\n\t\t\t<div class=\"elementor-widget-wrap elementor-element-populated\">\n\t\t\t\t\t\t<div class=\"elementor-element elementor-element-98b0744 elementor-widget elementor-widget-image\" data-id=\"98b0744\" data-element_type=\"widget\" data-e-type=\"widget\" data-widget_type=\"image.default\">\n\t\t\t\t<div class=\"elementor-widget-container\">\n\t\t\t\t\t\t\t\t\t\t\t\t\t\t\t<img fetchpriority=\"high\" decoding=\"async\" width=\"500\" height=\"723\" src=\"https:\/\/noas.no\/riketstilstand\/wp-content\/uploads\/2022\/09\/Riketstilstand_illustrasjoner2021-21.png\" class=\"attachment-large size-large wp-image-3139\" alt=\"\" srcset=\"https:\/\/noas.no\/riketstilstand\/wp-content\/uploads\/2022\/09\/Riketstilstand_illustrasjoner2021-21.png 500w, https:\/\/noas.no\/riketstilstand\/wp-content\/uploads\/2022\/09\/Riketstilstand_illustrasjoner2021-21-207x300.png 207w\" sizes=\"(max-width: 500px) 100vw, 500px\" \/>\t\t\t\t\t\t\t\t\t\t\t\t\t\t\t<\/div>\n\t\t\t\t<\/div>\n\t\t\t\t<div class=\"elementor-element elementor-element-6d51000 elementor-widget elementor-widget-button\" data-id=\"6d51000\" data-element_type=\"widget\" data-e-type=\"widget\" data-widget_type=\"button.default\">\n\t\t\t\t<div class=\"elementor-widget-container\">\n\t\t\t\t\t\t\t\t\t<div class=\"elementor-button-wrapper\">\n\t\t\t\t\t<a class=\"elementor-button elementor-button-link elementor-size-md\" href=\"https:\/\/www.udiregelverk.no\/rettskilder\/udi-retningslinjer\/udi-2016-002\/\">\n\t\t\t\t\t\t<span class=\"elementor-button-content-wrapper\">\n\t\t\t\t\t\t\t\t\t<span class=\"elementor-button-text\">LES UDIS PRAKSISNOTAT FOR IRAN<\/span>\n\t\t\t\t\t<\/span>\n\t\t\t\t\t<\/a>\n\t\t\t\t<\/div>\n\t\t\t\t\t\t\t\t<\/div>\n\t\t\t\t<\/div>\n\t\t\t\t\t<\/div>\n\t\t<\/div>\n\t\t\t\t<div class=\"elementor-column elementor-col-66 elementor-top-column elementor-element elementor-element-c7569a6\" data-id=\"c7569a6\" data-element_type=\"column\" data-e-type=\"column\">\n\t\t\t<div class=\"elementor-widget-wrap elementor-element-populated\">\n\t\t\t\t\t\t<div class=\"elementor-element elementor-element-c0c600d elementor-widget elementor-widget-text-editor\" data-id=\"c0c600d\" data-element_type=\"widget\" data-e-type=\"widget\" data-widget_type=\"text-editor.default\">\n\t\t\t\t<div class=\"elementor-widget-container\">\n\t\t\t\t\t\t\t\t\t<div id=\"block-916ab0b7b784bdd1a3f9\" class=\"sqs-block html-block sqs-block-html\" data-block-type=\"2\"><div id=\"yui_3_17_2_1_1662978505691_327\" class=\"sqs-block-content\"><div id=\"block-24c3834810940ba855e4\" class=\"sqs-block html-block sqs-block-html\" data-block-type=\"2\"><div class=\"sqs-block-content\"><div id=\"block-30a24b5e164bedb8ddc1\" class=\"sqs-block html-block sqs-block-html\" data-block-type=\"2\"><div id=\"yui_3_17_2_1_1662982784815_291\" class=\"sqs-block-content\"><div id=\"block-a74a0ff6e4a2a6b6f513\" class=\"sqs-block html-block sqs-block-html\" data-block-type=\"2\"><div class=\"sqs-block-content\"><h3>Forverret situasjon i Tyrkia<\/h3><p class=\"\">Etter det mislykkede kuppfors\u00f8ket mot president Recep Erdogan i juli 2016, har den tyrkiske presidenten gjennomf\u00f8rt storstilte politiske utrenskninger som har rammet alle samfunnsomr\u00e5der i Tyrkia. Journalister, advokater, dommere, l\u00e6rere, opposisjonspolitikere, politi og milit\u00e6rt personell har mistet jobben, blitt fengslet, torturert eller p\u00e5 andre m\u00e5ter straffet for p\u00e5st\u00e5tt eller p\u00e5vist kontakt med eller deltakelse i G\u00fclen-nettverket, som anklages for \u00e5 st\u00e5 bak kuppfors\u00f8ket. Hardhendt utrenskning har sammen med fortsatt unntakstilstand bidratt til at det i dag ikke finnes reelt uavhengige medier i Tyrkia.\u00a0<\/p><p class=\"\">Erdogans utrenskninger har drevet mange tyrkere p\u00e5 flukt til Europa. I 2019 var tyrkere den nest st\u00f8rste asyls\u00f8kergruppen som kom til Norge, og i 2020 <a href=\"https:\/\/www.riketstilstand.noas.no\/2021\/statistikk\">den tredje st\u00f8rste<\/a>. \u00a0<\/p><h3>Ivaretar ikke flyktningers rettigheter<\/h3><p class=\"\">Tyrkia er det landet i verden som huser flest flyktninger\u00a0og asyls\u00f8kere, hvorav den st\u00f8rste gruppen\u00a0er syrere. NOAS lanserte i februar 2019 en <a href=\"https:\/\/www.noas.no\/wp-content\/uploads\/2019\/02\/Tyrkia-2018-Update_Web.pdf\">rapport<\/a> om EU-Tyrkia avtalen og situasjonen for flyktninger i Hellas og Tyrkia. Rapporten viser at p\u00e5 grunn av Tyrkias reservasjon til FNs flyktningkonvensjon, f\u00e5r ikke flyktninger\u00a0fra land utenfor Europa flyktningstatus og rettighetene som f\u00f8lger av konvensjonen.<\/p><\/div><\/div><\/div><\/div><\/div><\/div><\/div><\/div>\t\t\t\t\t\t\t\t<\/div>\n\t\t\t\t<\/div>\n\t\t\t\t<section class=\"elementor-section elementor-inner-section elementor-element elementor-element-8568301 elementor-section-boxed elementor-section-height-default elementor-section-height-default\" data-id=\"8568301\" data-element_type=\"section\" data-e-type=\"section\">\n\t\t\t\t\t\t<div class=\"elementor-container elementor-column-gap-default\">\n\t\t\t\t\t<div class=\"elementor-column elementor-col-50 elementor-inner-column elementor-element elementor-element-f96ac40\" data-id=\"f96ac40\" data-element_type=\"column\" data-e-type=\"column\">\n\t\t\t<div class=\"elementor-widget-wrap elementor-element-populated\">\n\t\t\t\t\t\t<div class=\"elementor-element elementor-element-4423a71 elementor-widget elementor-widget-text-editor\" data-id=\"4423a71\" data-element_type=\"widget\" data-e-type=\"widget\" data-widget_type=\"text-editor.default\">\n\t\t\t\t<div class=\"elementor-widget-container\">\n\t\t\t\t\t\t\t\t\t<p>Syriske flyktninger i Tyrkia\u00a0lever under\u00a0midlertidig beskyttelse, som kan vare evig eller opph\u00f8re med umiddelbar\u00a0virkning dersom\u00a0myndighetene bestemmer det. Flyktninger fra Syria risikerer ulovlige deportasjoner og retur til forf\u00f8lgelse (refoulement).<\/p>\t\t\t\t\t\t\t\t<\/div>\n\t\t\t\t<\/div>\n\t\t\t\t\t<\/div>\n\t\t<\/div>\n\t\t\t\t<div class=\"elementor-column elementor-col-50 elementor-inner-column elementor-element elementor-element-93190c4\" data-id=\"93190c4\" data-element_type=\"column\" data-e-type=\"column\">\n\t\t\t<div class=\"elementor-widget-wrap elementor-element-populated\">\n\t\t\t\t\t\t<div class=\"elementor-element elementor-element-8f66e28 elementor-widget elementor-widget-text-editor\" data-id=\"8f66e28\" data-element_type=\"widget\" data-e-type=\"widget\" data-widget_type=\"text-editor.default\">\n\t\t\t\t<div class=\"elementor-widget-container\">\n\t\t\t\t\t\t\t\t\t<blockquote>\u201c\u201cErdogans utrenskninger har drevet mange tyrkere p\u00e5 flukt til Europa.\u201d<\/blockquote>\t\t\t\t\t\t\t\t<\/div>\n\t\t\t\t<\/div>\n\t\t\t\t\t<\/div>\n\t\t<\/div>\n\t\t\t\t\t<\/div>\n\t\t<\/section>\n\t\t\t\t\t<\/div>\n\t\t<\/div>\n\t\t\t\t\t<\/div>\n\t\t<\/section>\n\t\t\t\t<section class=\"elementor-section elementor-top-section elementor-element elementor-element-0a76924 elementor-section-boxed elementor-section-height-default elementor-section-height-default\" data-id=\"0a76924\" data-element_type=\"section\" data-e-type=\"section\">\n\t\t\t\t\t\t<div class=\"elementor-container elementor-column-gap-default\">\n\t\t\t\t\t<div class=\"elementor-column elementor-col-100 elementor-top-column elementor-element elementor-element-356747e\" data-id=\"356747e\" data-element_type=\"column\" data-e-type=\"column\">\n\t\t\t<div class=\"elementor-widget-wrap elementor-element-populated\">\n\t\t\t\t\t\t<div class=\"elementor-element elementor-element-209f815 elementor-widget elementor-widget-text-editor\" data-id=\"209f815\" data-element_type=\"widget\" data-e-type=\"widget\" data-widget_type=\"text-editor.default\">\n\t\t\t\t<div class=\"elementor-widget-container\">\n\t\t\t\t\t\t\t\t\t<div id=\"block-yui_3_17_2_1_1613481204378_36500\" class=\"sqs-block html-block sqs-block-html\" data-block-type=\"2\"><div class=\"sqs-block-content\"><p class=\"\">Til tross for den sv\u00e6rt krevende situasjonen for flyktninger i Tyrkia, returneres flyktninger fra Hellas til Tyrkia gjennom den s\u00e5kalte EU-Tyrkia avtalen \u2013 for \u00e5 hindre mennesker p\u00e5 flukt \u00e5 komme til Europa.\u00a0<\/p><h3>F\u00e5r beskyttelse i Norge<\/h3><p class=\"\">Norske myndigheter ga opphold til over 90 prosent av de tyrkiske asyls\u00f8kerne som fikk saken behandlet i 2020. Mange tyrkere som s\u00f8ker asyl i Norge oppgir at de frykter forf\u00f8lgelse fra tyrkiske myndigheter fordi de har en tilknytning til, eller oppfattes av tyrkiske myndigheter \u00e5 ha en tilknytning til, G\u00fclenbevegelsen. Dersom norske myndigheter tror p\u00e5 disse anf\u00f8rslene og personene risikerer forf\u00f8lgelse p\u00e5 denne bakgrunn, gis det beskyttelse etter flyktningkonvensjonen i Norge.\u00a0<\/p><p class=\"\">Personer som er ansatt i politiet, milit\u00e6ret, rettsvesenet og i diplomatiet, er s\u00e6rlig utsatt for beskyldninger om tilknytning til G\u00fclenbevegelsen. Norske myndigheter mener ogs\u00e5 at regimekritiske akademikere, journalister og personer med tilknytning til ulovlige kurdiske partier har behov for beskyttelse.\u00a0<\/p><p>Forsidefoto: Amors photos\/Shutterstock<\/p><\/div><\/div>\t\t\t\t\t\t\t\t<\/div>\n\t\t\t\t<\/div>\n\t\t\t\t\t<\/div>\n\t\t<\/div>\n\t\t\t\t\t<\/div>\n\t\t<\/section>\n\t\t\t\t<\/div>\n\t\t","protected":false},"excerpt":{"rendered":"<p>Landprofiler 2021 Tyrkia LES UDIS PRAKSISNOTAT FOR IRAN Forverret situasjon i Tyrkia Etter det mislykkede kuppfors\u00f8ket mot president Recep Erdogan i juli 2016, har den tyrkiske presidenten gjennomf\u00f8rt storstilte politiske utrenskninger som har rammet alle samfunnsomr\u00e5der i Tyrkia. Journalister, advokater, dommere, l\u00e6rere, opposisjonspolitikere, politi og milit\u00e6rt personell har mistet jobben, blitt fengslet, torturert eller p\u00e5 [&hellip;]<\/p>\n","protected":false},"author":1,"featured_media":0,"parent":3014,"menu_order":0,"comment_status":"closed","ping_status":"closed","template":"","meta":{"_acf_changed":false,"site-sidebar-layout":"default","site-content-layout":"","ast-site-content-layout":"default","site-content-style":"default","site-sidebar-style":"default","ast-global-header-display":"","ast-banner-title-visibility":"","ast-main-header-display":"","ast-hfb-above-header-display":"","ast-hfb-below-header-display":"","ast-hfb-mobile-header-display":"","site-post-title":"","ast-breadcrumbs-content":"","ast-featured-img":"","footer-sml-layout":"","ast-disable-related-posts":"","theme-transparent-header-meta":"","adv-header-id-meta":"","stick-header-meta":"","header-above-stick-meta":"","header-main-stick-meta":"","header-below-stick-meta":"","astra-migrate-meta-layouts":"default","ast-page-background-enabled":"default","ast-page-background-meta":{"desktop":{"background-color":"var(--ast-global-color-4)","background-image":"","background-repeat":"repeat","background-position":"center center","background-size":"auto","background-attachment":"scroll","background-type":"","background-media":"","overlay-type":"","overlay-color":"","overlay-opacity":"","overlay-gradient":""},"tablet":{"background-color":"","background-image":"","background-repeat":"repeat","background-position":"center center","background-size":"auto","background-attachment":"scroll","background-type":"","background-media":"","overlay-type":"","overlay-color":"","overlay-opacity":"","overlay-gradient":""},"mobile":{"background-color":"","background-image":"","background-repeat":"repeat","background-position":"center center","background-size":"auto","background-attachment":"scroll","background-type":"","background-media":"","overlay-type":"","overlay-color":"","overlay-opacity":"","overlay-gradient":""}},"ast-content-background-meta":{"desktop":{"background-color":"var(--ast-global-color-5)","background-image":"","background-repeat":"repeat","background-position":"center center","background-size":"auto","background-attachment":"scroll","background-type":"","background-media":"","overlay-type":"","overlay-color":"","overlay-opacity":"","overlay-gradient":""},"tablet":{"background-color":"var(--ast-global-color-5)","background-image":"","background-repeat":"repeat","background-position":"center center","background-size":"auto","background-attachment":"scroll","background-type":"","background-media":"","overlay-type":"","overlay-color":"","overlay-opacity":"","overlay-gradient":""},"mobile":{"background-color":"var(--ast-global-color-5)","background-image":"","background-repeat":"repeat","background-position":"center center","background-size":"auto","background-attachment":"scroll","background-type":"","background-media":"","overlay-type":"","overlay-color":"","overlay-opacity":"","overlay-gradient":""}},"footnotes":""},"class_list":["post-3137","page","type-page","status-publish","hentry"],"acf":[],"_links":{"self":[{"href":"https:\/\/noas.no\/riketstilstand\/wp-json\/wp\/v2\/pages\/3137","targetHints":{"allow":["GET"]}}],"collection":[{"href":"https:\/\/noas.no\/riketstilstand\/wp-json\/wp\/v2\/pages"}],"about":[{"href":"https:\/\/noas.no\/riketstilstand\/wp-json\/wp\/v2\/types\/page"}],"author":[{"embeddable":true,"href":"https:\/\/noas.no\/riketstilstand\/wp-json\/wp\/v2\/users\/1"}],"replies":[{"embeddable":true,"href":"https:\/\/noas.no\/riketstilstand\/wp-json\/wp\/v2\/comments?post=3137"}],"version-history":[{"count":25,"href":"https:\/\/noas.no\/riketstilstand\/wp-json\/wp\/v2\/pages\/3137\/revisions"}],"predecessor-version":[{"id":7388,"href":"https:\/\/noas.no\/riketstilstand\/wp-json\/wp\/v2\/pages\/3137\/revisions\/7388"}],"up":[{"embeddable":true,"href":"https:\/\/noas.no\/riketstilstand\/wp-json\/wp\/v2\/pages\/3014"}],"wp:attachment":[{"href":"https:\/\/noas.no\/riketstilstand\/wp-json\/wp\/v2\/media?parent=3137"}],"curies":[{"name":"wp","href":"https:\/\/api.w.org\/{rel}","templated":true}]}}