{"id":3128,"date":"2022-09-12T12:25:28","date_gmt":"2022-09-12T12:25:28","guid":{"rendered":"https:\/\/noas.no\/riketstilstand\/?page_id=3128"},"modified":"2023-05-09T09:18:50","modified_gmt":"2023-05-09T09:18:50","slug":"syria","status":"publish","type":"page","link":"https:\/\/noas.no\/riketstilstand\/2021-2\/landprofiler\/syria\/","title":{"rendered":"Syria"},"content":{"rendered":"\t\t<div data-elementor-type=\"wp-page\" data-elementor-id=\"3128\" class=\"elementor elementor-3128\">\n\t\t\t\t\t\t<section class=\"elementor-section elementor-top-section elementor-element elementor-element-86f746c elementor-section-full_width elementor-section-height-min-height elementor-section-stretched elementor-section-height-default elementor-section-items-middle\" data-id=\"86f746c\" data-element_type=\"section\" data-e-type=\"section\" data-settings=\"{&quot;background_background&quot;:&quot;classic&quot;,&quot;stretch_section&quot;:&quot;section-stretched&quot;}\">\n\t\t\t\t\t\t\t<div class=\"elementor-background-overlay\"><\/div>\n\t\t\t\t\t\t\t<div class=\"elementor-container elementor-column-gap-default\">\n\t\t\t\t\t<div class=\"elementor-column elementor-col-100 elementor-top-column elementor-element elementor-element-bb8e1e4\" data-id=\"bb8e1e4\" data-element_type=\"column\" data-e-type=\"column\">\n\t\t\t<div class=\"elementor-widget-wrap elementor-element-populated\">\n\t\t\t\t\t\t<div class=\"elementor-element elementor-element-cb1003a elementor-widget elementor-widget-heading\" data-id=\"cb1003a\" data-element_type=\"widget\" data-e-type=\"widget\" data-widget_type=\"heading.default\">\n\t\t\t\t<div class=\"elementor-widget-container\">\n\t\t\t\t\t<h1 class=\"elementor-heading-title elementor-size-default\">Landprofiler 2021<\/h1>\t\t\t\t<\/div>\n\t\t\t\t<\/div>\n\t\t\t\t\t<\/div>\n\t\t<\/div>\n\t\t\t\t\t<\/div>\n\t\t<\/section>\n\t\t\t\t<section class=\"elementor-section elementor-top-section elementor-element elementor-element-106ae4d elementor-section-boxed elementor-section-height-default elementor-section-height-default\" data-id=\"106ae4d\" data-element_type=\"section\" data-e-type=\"section\">\n\t\t\t\t\t\t<div class=\"elementor-container elementor-column-gap-default\">\n\t\t\t\t\t<div class=\"elementor-column elementor-col-100 elementor-top-column elementor-element elementor-element-6e810a2\" data-id=\"6e810a2\" data-element_type=\"column\" data-e-type=\"column\">\n\t\t\t<div class=\"elementor-widget-wrap elementor-element-populated\">\n\t\t\t\t\t\t<div class=\"elementor-element elementor-element-b88b27e elementor-widget elementor-widget-heading\" data-id=\"b88b27e\" data-element_type=\"widget\" data-e-type=\"widget\" data-widget_type=\"heading.default\">\n\t\t\t\t<div class=\"elementor-widget-container\">\n\t\t\t\t\t<h2 class=\"elementor-heading-title elementor-size-default\"><a href=\"#\">Syria<\/a><\/h2>\t\t\t\t<\/div>\n\t\t\t\t<\/div>\n\t\t\t\t\t<\/div>\n\t\t<\/div>\n\t\t\t\t\t<\/div>\n\t\t<\/section>\n\t\t\t\t<section class=\"elementor-section elementor-top-section elementor-element elementor-element-4bb634d elementor-section-boxed elementor-section-height-default elementor-section-height-default\" data-id=\"4bb634d\" data-element_type=\"section\" data-e-type=\"section\">\n\t\t\t\t\t\t<div class=\"elementor-container elementor-column-gap-default\">\n\t\t\t\t\t<div class=\"elementor-column elementor-col-33 elementor-top-column elementor-element elementor-element-f2411f1\" data-id=\"f2411f1\" data-element_type=\"column\" data-e-type=\"column\">\n\t\t\t<div class=\"elementor-widget-wrap elementor-element-populated\">\n\t\t\t\t\t\t<div class=\"elementor-element elementor-element-98b0744 elementor-widget elementor-widget-image\" data-id=\"98b0744\" data-element_type=\"widget\" data-e-type=\"widget\" data-widget_type=\"image.default\">\n\t\t\t\t<div class=\"elementor-widget-container\">\n\t\t\t\t\t\t\t\t\t\t\t\t\t\t\t<img fetchpriority=\"high\" decoding=\"async\" width=\"500\" height=\"723\" src=\"https:\/\/noas.no\/riketstilstand\/wp-content\/uploads\/2022\/09\/Riketstilstand_illustrasjoner2021-20.png\" class=\"attachment-large size-large wp-image-3130\" alt=\"\" srcset=\"https:\/\/noas.no\/riketstilstand\/wp-content\/uploads\/2022\/09\/Riketstilstand_illustrasjoner2021-20.png 500w, https:\/\/noas.no\/riketstilstand\/wp-content\/uploads\/2022\/09\/Riketstilstand_illustrasjoner2021-20-207x300.png 207w\" sizes=\"(max-width: 500px) 100vw, 500px\" \/>\t\t\t\t\t\t\t\t\t\t\t\t\t\t\t<\/div>\n\t\t\t\t<\/div>\n\t\t\t\t<div class=\"elementor-element elementor-element-6d51000 elementor-widget elementor-widget-button\" data-id=\"6d51000\" data-element_type=\"widget\" data-e-type=\"widget\" data-widget_type=\"button.default\">\n\t\t\t\t<div class=\"elementor-widget-container\">\n\t\t\t\t\t\t\t\t\t<div class=\"elementor-button-wrapper\">\n\t\t\t\t\t<a class=\"elementor-button elementor-button-link elementor-size-md\" href=\"https:\/\/www.udiregelverk.no\/rettskilder\/udi-retningslinjer\/udi-2015-002\/\">\n\t\t\t\t\t\t<span class=\"elementor-button-content-wrapper\">\n\t\t\t\t\t\t\t\t\t<span class=\"elementor-button-text\">LES UDIS PRAKSISNOTAT FOR SYRIA<\/span>\n\t\t\t\t\t<\/span>\n\t\t\t\t\t<\/a>\n\t\t\t\t<\/div>\n\t\t\t\t\t\t\t\t<\/div>\n\t\t\t\t<\/div>\n\t\t\t\t\t<\/div>\n\t\t<\/div>\n\t\t\t\t<div class=\"elementor-column elementor-col-66 elementor-top-column elementor-element elementor-element-c7569a6\" data-id=\"c7569a6\" data-element_type=\"column\" data-e-type=\"column\">\n\t\t\t<div class=\"elementor-widget-wrap elementor-element-populated\">\n\t\t\t\t\t\t<div class=\"elementor-element elementor-element-c0c600d elementor-widget elementor-widget-text-editor\" data-id=\"c0c600d\" data-element_type=\"widget\" data-e-type=\"widget\" data-widget_type=\"text-editor.default\">\n\t\t\t\t<div class=\"elementor-widget-container\">\n\t\t\t\t\t\t\t\t\t<div id=\"block-916ab0b7b784bdd1a3f9\" class=\"sqs-block html-block sqs-block-html\" data-block-type=\"2\"><div id=\"yui_3_17_2_1_1662978505691_327\" class=\"sqs-block-content\"><div id=\"block-24c3834810940ba855e4\" class=\"sqs-block html-block sqs-block-html\" data-block-type=\"2\"><div class=\"sqs-block-content\"><div id=\"block-30a24b5e164bedb8ddc1\" class=\"sqs-block html-block sqs-block-html\" data-block-type=\"2\"><div id=\"yui_3_17_2_1_1662982784815_291\" class=\"sqs-block-content\"><p class=\"\">P\u00e5 grunn av borgerkrigen og den generelle voldssituasjonen i Syria, fattet UDI i 2020 ingen vedtak som inneb\u00e6rer at syriske asyls\u00f8kere m\u00e5 reise tilbake til hjemlandet. Voldsbruken i landet er i stor grad rettet mot sivile. Syriske myndigheter tillegger ofte innbyggerne en politisk oppfatning og anser dem som opponenter, gjerne hele byer og landsbyer. Syrere f\u00e5r derfor hovedsakelig beskyttelse i Norge etter FNs flyktningkonvensjon, p\u00e5 grunn av tillagt politisk oppfatning. \u00a0<\/p><h3>Norge revurderer Syria-praksis<\/h3><p class=\"\">Selv om krigen fortsatt p\u00e5g\u00e5r, har antall voldshendelser i de regjeringskontrollerte delene av landet <a href=\"https:\/\/landinfo.no\/wp-content\/uploads\/2019\/08\/Temanotat-Syria-Sikkerhetssituasjonen-30082019.pdf\">g\u00e5tt ned<\/a> de siste \u00e5rene. Det gjorde at <a href=\"https:\/\/www.dagbladet.no\/nyheter\/norge-vurderer-a-sende-asylsokere-tilbake-til-syria\/71666578\">UDI revurderte<\/a> sin praksis i Syria-saker i 2019, uten at det s\u00e5 langt har f\u00f8rt til endringer i praksis.<\/p><p id=\"yui_3_17_2_1_1662985438941_301\" class=\"\">Syrere trenger fortsatt beskyttelse i Norge. If\u00f8lge <a href=\"https:\/\/www.ohchr.org\/en\/hrbodies\/hrc\/iicisyria\/pages\/documentation.aspx\">FN-rapporter<\/a> gjennomf\u00f8rer syriske regjeringsstyrker vilk\u00e5rlige arrestasjoner og varetektsfengslinger. Titusener av anholdte mennesker har plutselig havnet p\u00e5 offisielle lister over d\u00f8de. Syriske myndigheter har lav terskel for \u00e5 anse returnerte som opposisjonelle. Mange nylige returnerte har blitt internert og avh\u00f8rt, og myndighetene fors\u00f8ker \u00e5 unders\u00f8ke om de returnerte selv eller personer de kjenner er regimemotstandere. I Syria er det vanlig \u00e5 bruke tortur under avh\u00f8r.<\/p><\/div><\/div><\/div><\/div><\/div><\/div>\t\t\t\t\t\t\t\t<\/div>\n\t\t\t\t<\/div>\n\t\t\t\t<div class=\"elementor-element elementor-element-ec2322b elementor-widget elementor-widget-text-editor\" data-id=\"ec2322b\" data-element_type=\"widget\" data-e-type=\"widget\" data-widget_type=\"text-editor.default\">\n\t\t\t\t<div class=\"elementor-widget-container\">\n\t\t\t\t\t\t\t\t\t<blockquote><p>Voldsbruken i landet er i stor grad rettet mot sivile<\/p><\/blockquote>\t\t\t\t\t\t\t\t<\/div>\n\t\t\t\t<\/div>\n\t\t\t\t<div class=\"elementor-element elementor-element-61474ef elementor-widget elementor-widget-text-editor\" data-id=\"61474ef\" data-element_type=\"widget\" data-e-type=\"widget\" data-widget_type=\"text-editor.default\">\n\t\t\t\t<div class=\"elementor-widget-container\">\n\t\t\t\t\t\t\t\t\t<h3>Flere eksklusjonssaker<\/h3><p class=\"\">I NOAS\u2019 rettshjelpsarbeid i 2018, s\u00e5 vi en \u00f8kning i antall Syria-saker der personer har blitt utelukket fra retten til flyktningstatus (eksklusjon). Vi s\u00e5 f\u00e5 slike saker i 2019 og 2020, som kan ha sammenheng med at forvaltningen behandlet f\u00e6rre asyls\u00f8knader fra syriske borgere enn tidligere. \u00a0<\/p><p class=\"\">Norske myndigheter kan if\u00f8lge FNs flyktningkonvensjon ekskludere personer som har beg\u00e5tt alvorlige handlinger, som for eksempel krigsforbrytelser. I Syria-sakene NOAS har sett, gjelder det en del personer som har v\u00e6rt med i etterretningen til presidenten, Bashar al-Assad, eller som har kjempet mot han.<\/p><p class=\"\">Personer som blir ekskludert fra flyktningstatus kan gis en midlertidig oppholdstillatelse, uten rett til familiegjenforening, fram til de ikke lenger vil v\u00e6re i fare ved en retur. Det g\u00e5r utover familiemedlemmer som fortsatt befinner seg i Syria, som ikke vil f\u00e5 familiegjenforening med personen i Norge.<\/p><p class=\"\" data-rte-preserve-empty=\"true\">\u00a0<\/p><p class=\"\">Forsidefoto: Tomas Davidov\/Shutterstock<\/p>\t\t\t\t\t\t\t\t<\/div>\n\t\t\t\t<\/div>\n\t\t\t\t\t<\/div>\n\t\t<\/div>\n\t\t\t\t\t<\/div>\n\t\t<\/section>\n\t\t\t\t<\/div>\n\t\t","protected":false},"excerpt":{"rendered":"<p>Landprofiler 2021 Syria LES UDIS PRAKSISNOTAT FOR SYRIA P\u00e5 grunn av borgerkrigen og den generelle voldssituasjonen i Syria, fattet UDI i 2020 ingen vedtak som inneb\u00e6rer at syriske asyls\u00f8kere m\u00e5 reise tilbake til hjemlandet. Voldsbruken i landet er i stor grad rettet mot sivile. Syriske myndigheter tillegger ofte innbyggerne en politisk oppfatning og anser dem [&hellip;]<\/p>\n","protected":false},"author":1,"featured_media":0,"parent":3014,"menu_order":0,"comment_status":"closed","ping_status":"closed","template":"","meta":{"_acf_changed":false,"site-sidebar-layout":"default","site-content-layout":"","ast-site-content-layout":"default","site-content-style":"default","site-sidebar-style":"default","ast-global-header-display":"","ast-banner-title-visibility":"","ast-main-header-display":"","ast-hfb-above-header-display":"","ast-hfb-below-header-display":"","ast-hfb-mobile-header-display":"","site-post-title":"","ast-breadcrumbs-content":"","ast-featured-img":"","footer-sml-layout":"","ast-disable-related-posts":"","theme-transparent-header-meta":"","adv-header-id-meta":"","stick-header-meta":"","header-above-stick-meta":"","header-main-stick-meta":"","header-below-stick-meta":"","astra-migrate-meta-layouts":"default","ast-page-background-enabled":"default","ast-page-background-meta":{"desktop":{"background-color":"var(--ast-global-color-4)","background-image":"","background-repeat":"repeat","background-position":"center center","background-size":"auto","background-attachment":"scroll","background-type":"","background-media":"","overlay-type":"","overlay-color":"","overlay-opacity":"","overlay-gradient":""},"tablet":{"background-color":"","background-image":"","background-repeat":"repeat","background-position":"center center","background-size":"auto","background-attachment":"scroll","background-type":"","background-media":"","overlay-type":"","overlay-color":"","overlay-opacity":"","overlay-gradient":""},"mobile":{"background-color":"","background-image":"","background-repeat":"repeat","background-position":"center center","background-size":"auto","background-attachment":"scroll","background-type":"","background-media":"","overlay-type":"","overlay-color":"","overlay-opacity":"","overlay-gradient":""}},"ast-content-background-meta":{"desktop":{"background-color":"var(--ast-global-color-5)","background-image":"","background-repeat":"repeat","background-position":"center center","background-size":"auto","background-attachment":"scroll","background-type":"","background-media":"","overlay-type":"","overlay-color":"","overlay-opacity":"","overlay-gradient":""},"tablet":{"background-color":"var(--ast-global-color-5)","background-image":"","background-repeat":"repeat","background-position":"center center","background-size":"auto","background-attachment":"scroll","background-type":"","background-media":"","overlay-type":"","overlay-color":"","overlay-opacity":"","overlay-gradient":""},"mobile":{"background-color":"var(--ast-global-color-5)","background-image":"","background-repeat":"repeat","background-position":"center center","background-size":"auto","background-attachment":"scroll","background-type":"","background-media":"","overlay-type":"","overlay-color":"","overlay-opacity":"","overlay-gradient":""}},"footnotes":""},"class_list":["post-3128","page","type-page","status-publish","hentry"],"acf":[],"_links":{"self":[{"href":"https:\/\/noas.no\/riketstilstand\/wp-json\/wp\/v2\/pages\/3128","targetHints":{"allow":["GET"]}}],"collection":[{"href":"https:\/\/noas.no\/riketstilstand\/wp-json\/wp\/v2\/pages"}],"about":[{"href":"https:\/\/noas.no\/riketstilstand\/wp-json\/wp\/v2\/types\/page"}],"author":[{"embeddable":true,"href":"https:\/\/noas.no\/riketstilstand\/wp-json\/wp\/v2\/users\/1"}],"replies":[{"embeddable":true,"href":"https:\/\/noas.no\/riketstilstand\/wp-json\/wp\/v2\/comments?post=3128"}],"version-history":[{"count":19,"href":"https:\/\/noas.no\/riketstilstand\/wp-json\/wp\/v2\/pages\/3128\/revisions"}],"predecessor-version":[{"id":7394,"href":"https:\/\/noas.no\/riketstilstand\/wp-json\/wp\/v2\/pages\/3128\/revisions\/7394"}],"up":[{"embeddable":true,"href":"https:\/\/noas.no\/riketstilstand\/wp-json\/wp\/v2\/pages\/3014"}],"wp:attachment":[{"href":"https:\/\/noas.no\/riketstilstand\/wp-json\/wp\/v2\/media?parent=3128"}],"curies":[{"name":"wp","href":"https:\/\/api.w.org\/{rel}","templated":true}]}}