{"id":3102,"date":"2022-09-12T11:57:10","date_gmt":"2022-09-12T11:57:10","guid":{"rendered":"https:\/\/noas.no\/riketstilstand\/?page_id=3102"},"modified":"2023-05-09T09:17:09","modified_gmt":"2023-05-09T09:17:09","slug":"iran","status":"publish","type":"page","link":"https:\/\/noas.no\/riketstilstand\/2021-2\/landprofiler\/iran\/","title":{"rendered":"Iran"},"content":{"rendered":"\t\t<div data-elementor-type=\"wp-page\" data-elementor-id=\"3102\" class=\"elementor elementor-3102\">\n\t\t\t\t\t\t<section class=\"elementor-section elementor-top-section elementor-element elementor-element-5ed5dfa elementor-section-full_width elementor-section-height-min-height elementor-section-stretched elementor-section-height-default elementor-section-items-middle\" data-id=\"5ed5dfa\" data-element_type=\"section\" data-e-type=\"section\" data-settings=\"{&quot;background_background&quot;:&quot;classic&quot;,&quot;stretch_section&quot;:&quot;section-stretched&quot;}\">\n\t\t\t\t\t\t\t<div class=\"elementor-background-overlay\"><\/div>\n\t\t\t\t\t\t\t<div class=\"elementor-container elementor-column-gap-default\">\n\t\t\t\t\t<div class=\"elementor-column elementor-col-100 elementor-top-column elementor-element elementor-element-60c81fa\" data-id=\"60c81fa\" data-element_type=\"column\" data-e-type=\"column\">\n\t\t\t<div class=\"elementor-widget-wrap elementor-element-populated\">\n\t\t\t\t\t\t<div class=\"elementor-element elementor-element-db9c08c elementor-widget elementor-widget-heading\" data-id=\"db9c08c\" data-element_type=\"widget\" data-e-type=\"widget\" data-widget_type=\"heading.default\">\n\t\t\t\t<div class=\"elementor-widget-container\">\n\t\t\t\t\t<h1 class=\"elementor-heading-title elementor-size-default\">Landprofiler 2021<\/h1>\t\t\t\t<\/div>\n\t\t\t\t<\/div>\n\t\t\t\t\t<\/div>\n\t\t<\/div>\n\t\t\t\t\t<\/div>\n\t\t<\/section>\n\t\t\t\t<section class=\"elementor-section elementor-top-section elementor-element elementor-element-106ae4d elementor-section-boxed elementor-section-height-default elementor-section-height-default\" data-id=\"106ae4d\" data-element_type=\"section\" data-e-type=\"section\">\n\t\t\t\t\t\t<div class=\"elementor-container elementor-column-gap-default\">\n\t\t\t\t\t<div class=\"elementor-column elementor-col-100 elementor-top-column elementor-element elementor-element-6e810a2\" data-id=\"6e810a2\" data-element_type=\"column\" data-e-type=\"column\">\n\t\t\t<div class=\"elementor-widget-wrap elementor-element-populated\">\n\t\t\t\t\t\t<div class=\"elementor-element elementor-element-b88b27e elementor-widget elementor-widget-heading\" data-id=\"b88b27e\" data-element_type=\"widget\" data-e-type=\"widget\" data-widget_type=\"heading.default\">\n\t\t\t\t<div class=\"elementor-widget-container\">\n\t\t\t\t\t<h2 class=\"elementor-heading-title elementor-size-default\"><a href=\"#\">Iran<\/a><\/h2>\t\t\t\t<\/div>\n\t\t\t\t<\/div>\n\t\t\t\t\t<\/div>\n\t\t<\/div>\n\t\t\t\t\t<\/div>\n\t\t<\/section>\n\t\t\t\t<section class=\"elementor-section elementor-top-section elementor-element elementor-element-4bb634d elementor-section-boxed elementor-section-height-default elementor-section-height-default\" data-id=\"4bb634d\" data-element_type=\"section\" data-e-type=\"section\">\n\t\t\t\t\t\t<div class=\"elementor-container elementor-column-gap-default\">\n\t\t\t\t\t<div class=\"elementor-column elementor-col-33 elementor-top-column elementor-element elementor-element-f2411f1\" data-id=\"f2411f1\" data-element_type=\"column\" data-e-type=\"column\">\n\t\t\t<div class=\"elementor-widget-wrap elementor-element-populated\">\n\t\t\t\t\t\t<div class=\"elementor-element elementor-element-98b0744 elementor-widget elementor-widget-image\" data-id=\"98b0744\" data-element_type=\"widget\" data-e-type=\"widget\" data-widget_type=\"image.default\">\n\t\t\t\t<div class=\"elementor-widget-container\">\n\t\t\t\t\t\t\t\t\t\t\t\t\t\t\t<img fetchpriority=\"high\" decoding=\"async\" width=\"500\" height=\"723\" src=\"https:\/\/noas.no\/riketstilstand\/wp-content\/uploads\/2022\/09\/Riketstilstand_illustrasjoner2021-18.png\" class=\"attachment-large size-large wp-image-3104\" alt=\"\" srcset=\"https:\/\/noas.no\/riketstilstand\/wp-content\/uploads\/2022\/09\/Riketstilstand_illustrasjoner2021-18.png 500w, https:\/\/noas.no\/riketstilstand\/wp-content\/uploads\/2022\/09\/Riketstilstand_illustrasjoner2021-18-207x300.png 207w\" sizes=\"(max-width: 500px) 100vw, 500px\" \/>\t\t\t\t\t\t\t\t\t\t\t\t\t\t\t<\/div>\n\t\t\t\t<\/div>\n\t\t\t\t<div class=\"elementor-element elementor-element-6d51000 elementor-widget elementor-widget-button\" data-id=\"6d51000\" data-element_type=\"widget\" data-e-type=\"widget\" data-widget_type=\"button.default\">\n\t\t\t\t<div class=\"elementor-widget-container\">\n\t\t\t\t\t\t\t\t\t<div class=\"elementor-button-wrapper\">\n\t\t\t\t\t<a class=\"elementor-button elementor-button-link elementor-size-md\" href=\"https:\/\/www.udiregelverk.no\/rettskilder\/udi-retningslinjer\/udi-2016-002\/\">\n\t\t\t\t\t\t<span class=\"elementor-button-content-wrapper\">\n\t\t\t\t\t\t\t\t\t<span class=\"elementor-button-text\">LES UDIS PRAKSISNOTAT FOR IRAN<\/span>\n\t\t\t\t\t<\/span>\n\t\t\t\t\t<\/a>\n\t\t\t\t<\/div>\n\t\t\t\t\t\t\t\t<\/div>\n\t\t\t\t<\/div>\n\t\t\t\t\t<\/div>\n\t\t<\/div>\n\t\t\t\t<div class=\"elementor-column elementor-col-66 elementor-top-column elementor-element elementor-element-c7569a6\" data-id=\"c7569a6\" data-element_type=\"column\" data-e-type=\"column\">\n\t\t\t<div class=\"elementor-widget-wrap elementor-element-populated\">\n\t\t\t\t\t\t<div class=\"elementor-element elementor-element-c0c600d elementor-widget elementor-widget-text-editor\" data-id=\"c0c600d\" data-element_type=\"widget\" data-e-type=\"widget\" data-widget_type=\"text-editor.default\">\n\t\t\t\t<div class=\"elementor-widget-container\">\n\t\t\t\t\t\t\t\t\t<div id=\"block-916ab0b7b784bdd1a3f9\" class=\"sqs-block html-block sqs-block-html\" data-block-type=\"2\"><div id=\"yui_3_17_2_1_1662978505691_327\" class=\"sqs-block-content\"><div id=\"block-24c3834810940ba855e4\" class=\"sqs-block html-block sqs-block-html\" data-block-type=\"2\"><div class=\"sqs-block-content\"><div id=\"block-30a24b5e164bedb8ddc1\" class=\"sqs-block html-block sqs-block-html\" data-block-type=\"2\"><div id=\"yui_3_17_2_1_1662982784815_291\" class=\"sqs-block-content\"><div id=\"block-a74a0ff6e4a2a6b6f513\" class=\"sqs-block html-block sqs-block-html\" data-block-type=\"2\"><div class=\"sqs-block-content\"><h3>Vanskelig menneskerettighetssituasjon<\/h3><p class=\"\">Forventningene om en forbedret menneskerettighetssituasjon i Iran etter at president Hassan Rouhani ble valgt i 2013, har ikke blitt innfridd. I november 2019 og januar 2020 ble mange demonstranter drept og flere tusen rapportert fengslet. Noen av de fengslede demonstrantene har f\u00e5tt <a href=\"https:\/\/www.amnesty.org\/en\/get-involved\/take-action\/iran-stop-execution-of-protesters\/\">d\u00f8dsstraff<\/a>. <a href=\"https:\/\/www.regjeringen.no\/en\/aktuelt\/statement_death_sentences\/id2723422\/\">Norge har protestert mot dommene<\/a>. Det har ogs\u00e5 blitt <a href=\"https:\/\/www.nrk.no\/urix\/vestlige-land-fordommer-henrettelsen-av-iransk-journalist-1.15288979\">gjennomf\u00f8rt henrettelser<\/a> av flere som er anklaget for \u00e5 v\u00e6re aktive i tidligere demonstrasjoner.<\/p><p class=\"\">Iran er blant landene i verden som henretter flest, herunder politiske aktivister og mindre\u00e5rige. <a href=\"https:\/\/deathpenaltyworldwide.org\/database\/?country=iran\">Minst 234 henrettelser ble gjennomf\u00f8rt i 2020<\/a>, og over 5\u00a0000 mennesker rapporteres \u00e5 vente p\u00e5 henrettelse.<\/p><\/div><\/div><div id=\"block-yui_3_17_2_1_1614697895258_18791\" class=\"sqs-block quote-block sqs-block-quote null sqs-col-4 span-4 float float-right\" data-block-type=\"31\"><div class=\"sqs-block-content\"><figure class=\"block-animation-none\"><\/figure><\/div><\/div><\/div><\/div><\/div><\/div><\/div><\/div>\t\t\t\t\t\t\t\t<\/div>\n\t\t\t\t<\/div>\n\t\t\t\t<section class=\"elementor-section elementor-inner-section elementor-element elementor-element-8568301 elementor-section-boxed elementor-section-height-default elementor-section-height-default\" data-id=\"8568301\" data-element_type=\"section\" data-e-type=\"section\">\n\t\t\t\t\t\t<div class=\"elementor-container elementor-column-gap-default\">\n\t\t\t\t\t<div class=\"elementor-column elementor-col-50 elementor-inner-column elementor-element elementor-element-f96ac40\" data-id=\"f96ac40\" data-element_type=\"column\" data-e-type=\"column\">\n\t\t\t<div class=\"elementor-widget-wrap elementor-element-populated\">\n\t\t\t\t\t\t<div class=\"elementor-element elementor-element-4423a71 elementor-widget elementor-widget-text-editor\" data-id=\"4423a71\" data-element_type=\"widget\" data-e-type=\"widget\" data-widget_type=\"text-editor.default\">\n\t\t\t\t<div class=\"elementor-widget-container\">\n\t\t\t\t\t\t\t\t\t<h3>Politisk opposisjonelle<\/h3><p class=\"\">Mange iranske asyls\u00f8kere frykter reaksjoner ved retur fordi de har deltatt i ulovlig kurdisk politisk opposisjonsaktivitet i hjemlandet. Noen frykter ogs\u00e5 reaksjoner p\u00e5 grunn av politisk aktivitet i Norge, blant annet etter politiske ytringer p\u00e5 internett. Norske myndigheter mener det bare er personer med en s\u00e6rdeles aktiv eller synlig politisk profil som vil anses som en trussel og dermed risikerer alvorlige overgrep fra iranske myndigheter ved retur.<\/p>\t\t\t\t\t\t\t\t<\/div>\n\t\t\t\t<\/div>\n\t\t\t\t\t<\/div>\n\t\t<\/div>\n\t\t\t\t<div class=\"elementor-column elementor-col-50 elementor-inner-column elementor-element elementor-element-93190c4\" data-id=\"93190c4\" data-element_type=\"column\" data-e-type=\"column\">\n\t\t\t<div class=\"elementor-widget-wrap elementor-element-populated\">\n\t\t\t\t\t\t<div class=\"elementor-element elementor-element-8f66e28 elementor-widget elementor-widget-text-editor\" data-id=\"8f66e28\" data-element_type=\"widget\" data-e-type=\"widget\" data-widget_type=\"text-editor.default\">\n\t\t\t\t<div class=\"elementor-widget-container\">\n\t\t\t\t\t\t\t\t\t<blockquote>\u201cIran er blant landene i verden som henretter flest, herunder politiske aktivister og mindre\u00e5rige.\u201d<\/blockquote>\t\t\t\t\t\t\t\t<\/div>\n\t\t\t\t<\/div>\n\t\t\t\t\t<\/div>\n\t\t<\/div>\n\t\t\t\t\t<\/div>\n\t\t<\/section>\n\t\t\t\t\t<\/div>\n\t\t<\/div>\n\t\t\t\t\t<\/div>\n\t\t<\/section>\n\t\t\t\t<section class=\"elementor-section elementor-top-section elementor-element elementor-element-0a76924 elementor-section-boxed elementor-section-height-default elementor-section-height-default\" data-id=\"0a76924\" data-element_type=\"section\" data-e-type=\"section\">\n\t\t\t\t\t\t<div class=\"elementor-container elementor-column-gap-default\">\n\t\t\t\t\t<div class=\"elementor-column elementor-col-100 elementor-top-column elementor-element elementor-element-356747e\" data-id=\"356747e\" data-element_type=\"column\" data-e-type=\"column\">\n\t\t\t<div class=\"elementor-widget-wrap elementor-element-populated\">\n\t\t\t\t\t\t<div class=\"elementor-element elementor-element-209f815 elementor-widget elementor-widget-text-editor\" data-id=\"209f815\" data-element_type=\"widget\" data-e-type=\"widget\" data-widget_type=\"text-editor.default\">\n\t\t\t\t<div class=\"elementor-widget-container\">\n\t\t\t\t\t\t\t\t\t<div id=\"block-yui_3_17_2_1_1613481204378_36500\" class=\"sqs-block html-block sqs-block-html\" data-block-type=\"2\"><div class=\"sqs-block-content\"><h3>Konvertitter<\/h3><p class=\"\">En del iranske asyls\u00f8kere frykter forf\u00f8lgelse ved retur til hjemlandet fordi de har konvertert fra islam til kristendommen. Aktive konvertitter blir id\u00f8mt <a href=\"https:\/\/articleeighteen.com\/news\/7653\/\">lange fengselsstraffer<\/a> i Iran, og det rapporteres om <a href=\"https:\/\/articleeighteen.com\/news\/7326\/\">pisking av kristne om har deltatt p\u00e5 nattverd<\/a> og drukket vin i den forbindelse.\u00a0<\/p><\/div><\/div>\t\t\t\t\t\t\t\t<\/div>\n\t\t\t\t<\/div>\n\t\t\t\t\t<\/div>\n\t\t<\/div>\n\t\t\t\t\t<\/div>\n\t\t<\/section>\n\t\t\t\t<section class=\"elementor-section elementor-top-section elementor-element elementor-element-d6af2a2 elementor-section-boxed elementor-section-height-default elementor-section-height-default\" data-id=\"d6af2a2\" data-element_type=\"section\" data-e-type=\"section\">\n\t\t\t\t\t\t<div class=\"elementor-container elementor-column-gap-default\">\n\t\t\t\t\t<div class=\"elementor-column elementor-col-50 elementor-top-column elementor-element elementor-element-837b41b\" data-id=\"837b41b\" data-element_type=\"column\" data-e-type=\"column\">\n\t\t\t<div class=\"elementor-widget-wrap elementor-element-populated\">\n\t\t\t\t\t\t<div class=\"elementor-element elementor-element-8d1c570 elementor-widget elementor-widget-text-editor\" data-id=\"8d1c570\" data-element_type=\"widget\" data-e-type=\"widget\" data-widget_type=\"text-editor.default\">\n\t\t\t\t<div class=\"elementor-widget-container\">\n\t\t\t\t\t\t\t\t\t<p class=\"\">Norske myndigheter innvilger kun beskyttelse hvis det er sannsynlig at en konvertitt vil v\u00e6re leder, pastor eller synlig misjonerende ved retur til Iran. Her <a href=\"https:\/\/www.noas.no\/wp-content\/uploads\/2017\/07\/Tro-haap-og-forfolgelse-II.pdf\">skiller norsk praksis seg fra praksis i flere andre europeiske land<\/a>, der det gis beskyttelse til iranske kristne konvertitter som ut\u00f8ver sin tro sammen med andre \u2013 uten at de trenger \u00e5 ha en bestemt posisjon eller rolle.\u00a0I Storbritannia ble slik praksis stadfestet i en <a href=\"https:\/\/www.bailii.org\/uk\/cases\/UKUT\/IAC\/2020\/46.html#AA\">dom<\/a> i 2020.<\/p><p class=\"\">I desember 2020 kom nye <a href=\"https:\/\/www.regjeringen.no\/no\/dokumenter\/g-362020-retningslinjer-for-behandling-av-asylsaker-hvor-det-anfores-frykt-for-forfolgelse-pa-grunn-av-religion\/id2815249\/\">retningslinjer<\/a> for behandling av konvertittsaker, som oppf\u00f8lging av regjeringens <a href=\"https:\/\/www.regjeringen.no\/no\/dokumenter\/politisk-plattform\/id2626036\/\">Granavolden-plattform<\/a>. If\u00f8lge retningslinjene kan asyls\u00f8kere ikke p\u00e5legges \u00e5 v\u00e6re diskr\u00e9 om troen sin ved en eventuell retur til hjemlandet for \u00e5 unng\u00e5 forf\u00f8lgelse. Det gjenst\u00e5r \u00e5 se om dette vil f\u00f8re til bedre rettssikkerhet, og at konvertitter fra Iran snart skal slippe \u00e5 velge mellom risiko for forf\u00f8lgelse eller \u00e5 skjule sin tro\/tilpasse ut\u00f8velsen av sin tro ved en retur. \u00a0<\/p>\t\t\t\t\t\t\t\t<\/div>\n\t\t\t\t<\/div>\n\t\t\t\t\t<\/div>\n\t\t<\/div>\n\t\t\t\t<div class=\"elementor-column elementor-col-50 elementor-top-column elementor-element elementor-element-846e0a0\" data-id=\"846e0a0\" data-element_type=\"column\" data-e-type=\"column\">\n\t\t\t<div class=\"elementor-widget-wrap elementor-element-populated\">\n\t\t\t\t\t\t<div class=\"elementor-element elementor-element-18884c3 elementor-widget elementor-widget-image\" data-id=\"18884c3\" data-element_type=\"widget\" data-e-type=\"widget\" data-widget_type=\"image.default\">\n\t\t\t\t<div class=\"elementor-widget-container\">\n\t\t\t\t\t\t\t\t\t\t\t\t<figure class=\"wp-caption\">\n\t\t\t\t\t\t\t\t\t\t<img decoding=\"async\" width=\"750\" height=\"500\" src=\"https:\/\/noas.no\/riketstilstand\/wp-content\/uploads\/2022\/09\/Iran.png\" class=\"attachment-large size-large wp-image-3108\" alt=\"\" srcset=\"https:\/\/noas.no\/riketstilstand\/wp-content\/uploads\/2022\/09\/Iran.png 750w, https:\/\/noas.no\/riketstilstand\/wp-content\/uploads\/2022\/09\/Iran-300x200.png 300w\" sizes=\"(max-width: 750px) 100vw, 750px\" \/>\t\t\t\t\t\t\t\t\t\t\t<figcaption class=\"widget-image-caption wp-caption-text\">FOTO: LUCA MASON\/MOSTPHOTOS<\/figcaption>\n\t\t\t\t\t\t\t\t\t\t<\/figure>\n\t\t\t\t\t\t\t\t\t<\/div>\n\t\t\t\t<\/div>\n\t\t\t\t\t<\/div>\n\t\t<\/div>\n\t\t\t\t\t<\/div>\n\t\t<\/section>\n\t\t\t\t<\/div>\n\t\t","protected":false},"excerpt":{"rendered":"<p>Landprofiler 2021 Iran LES UDIS PRAKSISNOTAT FOR IRAN Vanskelig menneskerettighetssituasjon Forventningene om en forbedret menneskerettighetssituasjon i Iran etter at president Hassan Rouhani ble valgt i 2013, har ikke blitt innfridd. I november 2019 og januar 2020 ble mange demonstranter drept og flere tusen rapportert fengslet. Noen av de fengslede demonstrantene har f\u00e5tt d\u00f8dsstraff. Norge har [&hellip;]<\/p>\n","protected":false},"author":1,"featured_media":0,"parent":3014,"menu_order":0,"comment_status":"closed","ping_status":"closed","template":"","meta":{"_acf_changed":false,"site-sidebar-layout":"default","site-content-layout":"","ast-site-content-layout":"default","site-content-style":"default","site-sidebar-style":"default","ast-global-header-display":"","ast-banner-title-visibility":"","ast-main-header-display":"","ast-hfb-above-header-display":"","ast-hfb-below-header-display":"","ast-hfb-mobile-header-display":"","site-post-title":"","ast-breadcrumbs-content":"","ast-featured-img":"","footer-sml-layout":"","ast-disable-related-posts":"","theme-transparent-header-meta":"","adv-header-id-meta":"","stick-header-meta":"","header-above-stick-meta":"","header-main-stick-meta":"","header-below-stick-meta":"","astra-migrate-meta-layouts":"default","ast-page-background-enabled":"default","ast-page-background-meta":{"desktop":{"background-color":"var(--ast-global-color-4)","background-image":"","background-repeat":"repeat","background-position":"center center","background-size":"auto","background-attachment":"scroll","background-type":"","background-media":"","overlay-type":"","overlay-color":"","overlay-opacity":"","overlay-gradient":""},"tablet":{"background-color":"","background-image":"","background-repeat":"repeat","background-position":"center center","background-size":"auto","background-attachment":"scroll","background-type":"","background-media":"","overlay-type":"","overlay-color":"","overlay-opacity":"","overlay-gradient":""},"mobile":{"background-color":"","background-image":"","background-repeat":"repeat","background-position":"center center","background-size":"auto","background-attachment":"scroll","background-type":"","background-media":"","overlay-type":"","overlay-color":"","overlay-opacity":"","overlay-gradient":""}},"ast-content-background-meta":{"desktop":{"background-color":"var(--ast-global-color-5)","background-image":"","background-repeat":"repeat","background-position":"center center","background-size":"auto","background-attachment":"scroll","background-type":"","background-media":"","overlay-type":"","overlay-color":"","overlay-opacity":"","overlay-gradient":""},"tablet":{"background-color":"var(--ast-global-color-5)","background-image":"","background-repeat":"repeat","background-position":"center center","background-size":"auto","background-attachment":"scroll","background-type":"","background-media":"","overlay-type":"","overlay-color":"","overlay-opacity":"","overlay-gradient":""},"mobile":{"background-color":"var(--ast-global-color-5)","background-image":"","background-repeat":"repeat","background-position":"center center","background-size":"auto","background-attachment":"scroll","background-type":"","background-media":"","overlay-type":"","overlay-color":"","overlay-opacity":"","overlay-gradient":""}},"footnotes":""},"class_list":["post-3102","page","type-page","status-publish","hentry"],"acf":[],"_links":{"self":[{"href":"https:\/\/noas.no\/riketstilstand\/wp-json\/wp\/v2\/pages\/3102","targetHints":{"allow":["GET"]}}],"collection":[{"href":"https:\/\/noas.no\/riketstilstand\/wp-json\/wp\/v2\/pages"}],"about":[{"href":"https:\/\/noas.no\/riketstilstand\/wp-json\/wp\/v2\/types\/page"}],"author":[{"embeddable":true,"href":"https:\/\/noas.no\/riketstilstand\/wp-json\/wp\/v2\/users\/1"}],"replies":[{"embeddable":true,"href":"https:\/\/noas.no\/riketstilstand\/wp-json\/wp\/v2\/comments?post=3102"}],"version-history":[{"count":16,"href":"https:\/\/noas.no\/riketstilstand\/wp-json\/wp\/v2\/pages\/3102\/revisions"}],"predecessor-version":[{"id":7382,"href":"https:\/\/noas.no\/riketstilstand\/wp-json\/wp\/v2\/pages\/3102\/revisions\/7382"}],"up":[{"embeddable":true,"href":"https:\/\/noas.no\/riketstilstand\/wp-json\/wp\/v2\/pages\/3014"}],"wp:attachment":[{"href":"https:\/\/noas.no\/riketstilstand\/wp-json\/wp\/v2\/media?parent=3102"}],"curies":[{"name":"wp","href":"https:\/\/api.w.org\/{rel}","templated":true}]}}