{"id":3036,"date":"2022-09-12T11:26:40","date_gmt":"2022-09-12T11:26:40","guid":{"rendered":"https:\/\/noas.no\/riketstilstand\/?page_id=3036"},"modified":"2023-05-09T09:16:34","modified_gmt":"2023-05-09T09:16:34","slug":"eritrea","status":"publish","type":"page","link":"https:\/\/noas.no\/riketstilstand\/2021-2\/landprofiler\/eritrea\/","title":{"rendered":"Eritrea"},"content":{"rendered":"\t\t<div data-elementor-type=\"wp-page\" data-elementor-id=\"3036\" class=\"elementor elementor-3036\">\n\t\t\t\t\t\t<section class=\"elementor-section elementor-top-section elementor-element elementor-element-e90bac8 elementor-section-full_width elementor-section-height-min-height elementor-section-height-default elementor-section-items-middle\" data-id=\"e90bac8\" data-element_type=\"section\" data-e-type=\"section\" data-settings=\"{&quot;background_background&quot;:&quot;classic&quot;}\">\n\t\t\t\t\t\t\t<div class=\"elementor-background-overlay\"><\/div>\n\t\t\t\t\t\t\t<div class=\"elementor-container elementor-column-gap-default\">\n\t\t\t\t\t<div class=\"elementor-column elementor-col-100 elementor-top-column elementor-element elementor-element-f101ae3\" data-id=\"f101ae3\" data-element_type=\"column\" data-e-type=\"column\">\n\t\t\t<div class=\"elementor-widget-wrap elementor-element-populated\">\n\t\t\t\t\t\t<div class=\"elementor-element elementor-element-caaf3db elementor-widget elementor-widget-heading\" data-id=\"caaf3db\" data-element_type=\"widget\" data-e-type=\"widget\" data-widget_type=\"heading.default\">\n\t\t\t\t<div class=\"elementor-widget-container\">\n\t\t\t\t\t<h1 class=\"elementor-heading-title elementor-size-default\">Landprofiler 2021<\/h1>\t\t\t\t<\/div>\n\t\t\t\t<\/div>\n\t\t\t\t\t<\/div>\n\t\t<\/div>\n\t\t\t\t\t<\/div>\n\t\t<\/section>\n\t\t\t\t<section class=\"elementor-section elementor-top-section elementor-element elementor-element-3cfc85a elementor-section-boxed elementor-section-height-default elementor-section-height-default\" data-id=\"3cfc85a\" data-element_type=\"section\" data-e-type=\"section\">\n\t\t\t\t\t\t<div class=\"elementor-container elementor-column-gap-default\">\n\t\t\t\t\t<div class=\"elementor-column elementor-col-100 elementor-top-column elementor-element elementor-element-dd4fcad\" data-id=\"dd4fcad\" data-element_type=\"column\" data-e-type=\"column\">\n\t\t\t<div class=\"elementor-widget-wrap elementor-element-populated\">\n\t\t\t\t\t\t<div class=\"elementor-element elementor-element-8d94971 elementor-widget elementor-widget-heading\" data-id=\"8d94971\" data-element_type=\"widget\" data-e-type=\"widget\" data-widget_type=\"heading.default\">\n\t\t\t\t<div class=\"elementor-widget-container\">\n\t\t\t\t\t<h2 class=\"elementor-heading-title elementor-size-default\"><a href=\"#\">Eritrea<\/a><\/h2>\t\t\t\t<\/div>\n\t\t\t\t<\/div>\n\t\t\t\t\t<\/div>\n\t\t<\/div>\n\t\t\t\t\t<\/div>\n\t\t<\/section>\n\t\t\t\t<section class=\"elementor-section elementor-top-section elementor-element elementor-element-4bb634d elementor-section-boxed elementor-section-height-default elementor-section-height-default\" data-id=\"4bb634d\" data-element_type=\"section\" data-e-type=\"section\">\n\t\t\t\t\t\t<div class=\"elementor-container elementor-column-gap-default\">\n\t\t\t\t\t<div class=\"elementor-column elementor-col-33 elementor-top-column elementor-element elementor-element-f2411f1\" data-id=\"f2411f1\" data-element_type=\"column\" data-e-type=\"column\">\n\t\t\t<div class=\"elementor-widget-wrap elementor-element-populated\">\n\t\t\t\t\t\t<div class=\"elementor-element elementor-element-98b0744 elementor-widget elementor-widget-image\" data-id=\"98b0744\" data-element_type=\"widget\" data-e-type=\"widget\" data-widget_type=\"image.default\">\n\t\t\t\t<div class=\"elementor-widget-container\">\n\t\t\t\t\t\t\t\t\t\t\t\t\t\t\t<img fetchpriority=\"high\" decoding=\"async\" width=\"500\" height=\"723\" src=\"https:\/\/noas.no\/riketstilstand\/wp-content\/uploads\/2022\/09\/Riketstilstand_illustrasjoner2021-15.png\" class=\"attachment-large size-large wp-image-3038\" alt=\"\" srcset=\"https:\/\/noas.no\/riketstilstand\/wp-content\/uploads\/2022\/09\/Riketstilstand_illustrasjoner2021-15.png 500w, https:\/\/noas.no\/riketstilstand\/wp-content\/uploads\/2022\/09\/Riketstilstand_illustrasjoner2021-15-207x300.png 207w\" sizes=\"(max-width: 500px) 100vw, 500px\" \/>\t\t\t\t\t\t\t\t\t\t\t\t\t\t\t<\/div>\n\t\t\t\t<\/div>\n\t\t\t\t<div class=\"elementor-element elementor-element-6d51000 elementor-widget elementor-widget-button\" data-id=\"6d51000\" data-element_type=\"widget\" data-e-type=\"widget\" data-widget_type=\"button.default\">\n\t\t\t\t<div class=\"elementor-widget-container\">\n\t\t\t\t\t\t\t\t\t<div class=\"elementor-button-wrapper\">\n\t\t\t\t\t<a class=\"elementor-button elementor-button-link elementor-size-md\" href=\"https:\/\/www.udiregelverk.no\/rettskilder\/udi-retningslinjer\/udi-2014-004\/\">\n\t\t\t\t\t\t<span class=\"elementor-button-content-wrapper\">\n\t\t\t\t\t\t\t\t\t<span class=\"elementor-button-text\">LES UDIS PRAKSISNOTAT FOR AFGHANISTAN<\/span>\n\t\t\t\t\t<\/span>\n\t\t\t\t\t<\/a>\n\t\t\t\t<\/div>\n\t\t\t\t\t\t\t\t<\/div>\n\t\t\t\t<\/div>\n\t\t\t\t\t<\/div>\n\t\t<\/div>\n\t\t\t\t<div class=\"elementor-column elementor-col-66 elementor-top-column elementor-element elementor-element-c7569a6\" data-id=\"c7569a6\" data-element_type=\"column\" data-e-type=\"column\">\n\t\t\t<div class=\"elementor-widget-wrap elementor-element-populated\">\n\t\t\t\t\t\t<div class=\"elementor-element elementor-element-c0c600d elementor-widget elementor-widget-text-editor\" data-id=\"c0c600d\" data-element_type=\"widget\" data-e-type=\"widget\" data-widget_type=\"text-editor.default\">\n\t\t\t\t<div class=\"elementor-widget-container\">\n\t\t\t\t\t\t\t\t\t<div id=\"block-916ab0b7b784bdd1a3f9\" class=\"sqs-block html-block sqs-block-html\" data-block-type=\"2\"><div id=\"yui_3_17_2_1_1662978505691_327\" class=\"sqs-block-content\"><div id=\"block-24c3834810940ba855e4\" class=\"sqs-block html-block sqs-block-html\" data-block-type=\"2\"><div class=\"sqs-block-content\"><h3>Diktatur og menneskerettighetsbrudd<\/h3><p class=\"\">Eritrea var den nest st\u00f8rste gruppen blant asyls\u00f8kere som kom til Norge i 2020. De aller fleste eritreiske asyls\u00f8kere har de siste \u00e5rene f\u00e5tt beskyttelse p\u00e5 grunn av sv\u00e6rt alvorlige brudd p\u00e5 menneskerettighetene i Eritrea. Blant de f\u00e5 som f\u00e5r avslag, er det ofte tvil om identitet og tvil om de er borgere av Eritrea.\u00a0<\/p><p class=\"\"><a href=\"https:\/\/www.hrw.org\/world-report\/2021\/country-chapters\/eritrea\">Eritrea<\/a> er et land uten ytringsfrihet, forsamlingsfrihet, religionsfrihet eller bevegelsesfrihet. Forsvinninger, vilk\u00e5rlige fengslinger og tortur er utbredt, og mange eritreere frykter forf\u00f8lgelse fra myndighetene. Flertallet av eritreiske asyls\u00f8kere forteller at de har r\u00f8mt fra eller klart \u00e5 unnslippe den omfattende obligatoriske nasjonaltjenesten i landet, som kan omfatte b\u00e5de sivile og milit\u00e6re oppgaver. De risikerer alvorlige overgrep ved retur, fordi eritreiske myndigheter anser r\u00f8mlinger som politiske motstandere eller forr\u00e6dere.<\/p><p class=\"\">Sommeren 2018 inngikk Eritrea og Etiopia en fredsavtale, som blant annet f\u00f8rte til at innbyggerne kunne bevege seg fritt mellom de to landene. Etter \u00e5pningen av grenseoverganger i september 2018, kunne eritreere reise til Etiopia uten pass og utreisetillatelse. If\u00f8lge den sist oppdaterte <a href=\"https:\/\/landinfo.no\/wp-content\/uploads\/2020\/02\/Etiopia-respons-Passering-av-landegrensen-registrering-og-andre-forhold-for-eritreiske-flyktninger-14022020.pdf\">responsen fra Landinfo<\/a>, stengte Eritrea grensene igjen noen m\u00e5neder senere \u2013 uten noen offisiell begrunnelse. Det kreves utreisetillatelse for \u00e5 reise fra den internasjonale flyplassen i Asmara til Etiopia og andre internasjonale destinasjoner.<\/p><\/div><\/div><div id=\"block-yui_3_17_2_1_1614694538503_98466\" class=\"sqs-block quote-block sqs-block-quote null\" data-block-type=\"31\"><div class=\"sqs-block-content\"><figure class=\"block-animation-none\"><blockquote data-animation-role=\"quote\"><p>\u201cEritrea er et land uten ytringsfrihet, forsamlingsfrihet, religionsfrihet eller bevegelsesfrihet.\u201d<\/p><\/blockquote><\/figure><\/div><\/div><div id=\"block-yui_3_17_2_1_1614694538503_98537\" class=\"sqs-block html-block sqs-block-html\" data-block-type=\"2\"><div class=\"sqs-block-content\"><p class=\"\">Fredsavtalen med Etiopia har s\u00e5 langt ikke f\u00f8rt til endringer i menneskerettighetssituasjonen i Eritrea. <a href=\"https:\/\/www.bbc.com\/news\/world-africa-55675895\">Flere kilder<\/a> rapporterer om en meget alvorlig situasjon for de 100\u00a0000 eritreiske flyktningene i Etiopia, med akutt mangel p\u00e5 mat og tvangsreturer til Eritrea.<\/p><\/div><\/div><\/div><\/div>\t\t\t\t\t\t\t\t<\/div>\n\t\t\t\t<\/div>\n\t\t\t\t\t<\/div>\n\t\t<\/div>\n\t\t\t\t\t<\/div>\n\t\t<\/section>\n\t\t\t\t<section class=\"elementor-section elementor-top-section elementor-element elementor-element-a6f4882 elementor-section-boxed elementor-section-height-default elementor-section-height-default\" data-id=\"a6f4882\" data-element_type=\"section\" data-e-type=\"section\">\n\t\t\t\t\t\t<div class=\"elementor-container elementor-column-gap-default\">\n\t\t\t\t\t<div class=\"elementor-column elementor-col-100 elementor-top-column elementor-element elementor-element-70c7234\" data-id=\"70c7234\" data-element_type=\"column\" data-e-type=\"column\">\n\t\t\t<div class=\"elementor-widget-wrap elementor-element-populated\">\n\t\t\t\t\t\t<div class=\"elementor-element elementor-element-f98f6ef elementor-widget elementor-widget-text-editor\" data-id=\"f98f6ef\" data-element_type=\"widget\" data-e-type=\"widget\" data-widget_type=\"text-editor.default\">\n\t\t\t\t<div class=\"elementor-widget-container\">\n\t\t\t\t\t\t\t\t\t<h3>Brutal nasjonaltjeneste<\/h3><p class=\"\">En del eritreere har vokst opp i andre land, som Etiopia, Sudan eller Saudi-Arabia, og har aldri v\u00e6rt i Eritrea. I enkelte saker har eritreere som har bodd andre steder f\u00e5tt avslag, fordi norske myndigheter mener de kan reise til Eritrea \u2013 selv om de der risikerer brutal behandling og en langvarig nasjonaltjeneste.\u00a0<\/p><p class=\"\">Tidligere har norske myndigheter ment at \u00e5 m\u00e5tte gjennomf\u00f8re nasjonaltjenesten, ikke i seg selv gir grunnlag for beskyttelse. NOAS er uenig i denne vurderingen, og har i mange \u00e5r argumentert for en endring. I en <a href=\"https:\/\/www.regjeringen.no\/no\/dokumenter\/gi-132018--instruks-om-praktisering-av-utlendingsloven--28-forste-ledd-bokstav-b--nasjonaltjenesten-i-eritrea\/id2617831\/\">instruks<\/a> til UDI fra oktober 2018, skriver regjeringen at eritreiske borgere som ved retur til Eritrea risikerer innkalling til nasjonaltjenesten, kan ha rett til beskyttelse. Det presiseres samtidig at UDI skal gj\u00f8re en konkret vurdering av beskyttelsesbehovet i den enkelte sak. Det er s\u00e5 langt uklart i hvor stor grad denne praksisendringen vil gj\u00f8re at flere eritreere f\u00e5r beskyttelse i Norge. \u00a0 \u00a0<\/p>\t\t\t\t\t\t\t\t<\/div>\n\t\t\t\t<\/div>\n\t\t\t\t\t<\/div>\n\t\t<\/div>\n\t\t\t\t\t<\/div>\n\t\t<\/section>\n\t\t\t\t<section class=\"elementor-section elementor-top-section elementor-element elementor-element-84e5a19 elementor-section-boxed elementor-section-height-default elementor-section-height-default\" data-id=\"84e5a19\" data-element_type=\"section\" data-e-type=\"section\">\n\t\t\t\t\t\t<div class=\"elementor-container elementor-column-gap-default\">\n\t\t\t\t\t<div class=\"elementor-column elementor-col-100 elementor-top-column elementor-element elementor-element-d7faf55\" data-id=\"d7faf55\" data-element_type=\"column\" data-e-type=\"column\">\n\t\t\t<div class=\"elementor-widget-wrap elementor-element-populated\">\n\t\t\t\t\t\t<div class=\"elementor-element elementor-element-c115120 elementor-widget elementor-widget-image\" data-id=\"c115120\" data-element_type=\"widget\" data-e-type=\"widget\" data-widget_type=\"image.default\">\n\t\t\t\t<div class=\"elementor-widget-container\">\n\t\t\t\t\t\t\t\t\t\t\t\t<figure class=\"wp-caption\">\n\t\t\t\t\t\t\t\t\t\t<img decoding=\"async\" width=\"1500\" height=\"994\" src=\"https:\/\/noas.no\/riketstilstand\/wp-content\/uploads\/2022\/09\/Eritrea.jpg\" class=\"attachment-full size-full wp-image-3042\" alt=\"\" srcset=\"https:\/\/noas.no\/riketstilstand\/wp-content\/uploads\/2022\/09\/Eritrea.jpg 1500w, https:\/\/noas.no\/riketstilstand\/wp-content\/uploads\/2022\/09\/Eritrea-300x199.jpg 300w, https:\/\/noas.no\/riketstilstand\/wp-content\/uploads\/2022\/09\/Eritrea-1024x679.jpg 1024w, https:\/\/noas.no\/riketstilstand\/wp-content\/uploads\/2022\/09\/Eritrea-768x509.jpg 768w\" sizes=\"(max-width: 1500px) 100vw, 1500px\" \/>\t\t\t\t\t\t\t\t\t\t\t<figcaption class=\"widget-image-caption wp-caption-text\">OTO: MYKHAILO POLINOK\/MOSTPHOTOS<\/figcaption>\n\t\t\t\t\t\t\t\t\t\t<\/figure>\n\t\t\t\t\t\t\t\t\t<\/div>\n\t\t\t\t<\/div>\n\t\t\t\t\t<\/div>\n\t\t<\/div>\n\t\t\t\t\t<\/div>\n\t\t<\/section>\n\t\t\t\t<section class=\"elementor-section elementor-top-section elementor-element elementor-element-0a76924 elementor-section-boxed elementor-section-height-default elementor-section-height-default\" data-id=\"0a76924\" data-element_type=\"section\" data-e-type=\"section\">\n\t\t\t\t\t\t<div class=\"elementor-container elementor-column-gap-default\">\n\t\t\t\t\t<div class=\"elementor-column elementor-col-100 elementor-top-column elementor-element elementor-element-356747e\" data-id=\"356747e\" data-element_type=\"column\" data-e-type=\"column\">\n\t\t\t<div class=\"elementor-widget-wrap elementor-element-populated\">\n\t\t\t\t\t\t<div class=\"elementor-element elementor-element-209f815 elementor-widget elementor-widget-text-editor\" data-id=\"209f815\" data-element_type=\"widget\" data-e-type=\"widget\" data-widget_type=\"text-editor.default\">\n\t\t\t\t<div class=\"elementor-widget-container\">\n\t\t\t\t\t\t\t\t\t<h3>Ber eritreere reise til land der de ikke har lovlig opphold<\/h3><p class=\"\">I en rekke av de eritreiske avslagssakene, mener utlendingsforvaltningen at asyls\u00f8keren kan reise til et land han eller hun ikke er statsborger av. Forvaltningen kan ha lagt til grunn at en asyls\u00f8ker er eritreisk statsborger, men latt v\u00e6re \u00e5 vurdere om det vil v\u00e6re trygt \u00e5 returnere til Eritrea. I stedet bes asyls\u00f8keren om \u00e5 reise til et land der han eller hun tidligere har bodd, uten at norske myndigheter sjekker om han eller hun faktisk kan reise inn i det aktuelle landet og f\u00e5 lovlig opphold der. NOAS er kjent med saker der Etiopia og Sudan har nektet \u00e5 ta imot eritreiske statsborgere som ikke har lovlig opphold i det aktuelle landet.<\/p><h3>Ingen tvangsreturer<\/h3><p class=\"\">Norge tvangsreturnerer ikke personer til Eritrea. En tvangsretur kan i seg selv f\u00f8re til at asyls\u00f8keren risikerer forf\u00f8lgelse, fordi eritreiske myndigheter kan mistenke at personen har uttalt seg kritisk om det eritreiske regimet til norske myndigheter. En del eritreere med avslag har derfor bodd lenge i Norge, og flere asyls\u00f8kere NOAS bist\u00e5r har bodd i Norge i over 15 \u00e5r, uten \u00e5 f\u00e5 oppholdstillatelse.<\/p><p class=\"\">En del eritreere med avslag vil mest sannsynlig kunne reise til Eritrea gjennom programmet for assistert <a href=\"https:\/\/www.riketstilstand.noas.no\/2021\/retur\">retur<\/a> dersom de \u00f8nsker det. Men de fleste frykter eritreiske myndigheter, eller har v\u00e6rt borte fra Eritrea i s\u00e5 mange \u00e5r at de opplever liten tilknytning dit.<\/p><p class=\"\" data-rte-preserve-empty=\"true\">\u00a0<\/p><p class=\"\">Forsidefoto: Dave Primov\/Shutterstock<\/p><p>.<\/p>\t\t\t\t\t\t\t\t<\/div>\n\t\t\t\t<\/div>\n\t\t\t\t\t<\/div>\n\t\t<\/div>\n\t\t\t\t\t<\/div>\n\t\t<\/section>\n\t\t\t\t<\/div>\n\t\t","protected":false},"excerpt":{"rendered":"<p>Landprofiler 2021 Eritrea LES UDIS PRAKSISNOTAT FOR AFGHANISTAN Diktatur og menneskerettighetsbrudd Eritrea var den nest st\u00f8rste gruppen blant asyls\u00f8kere som kom til Norge i 2020. De aller fleste eritreiske asyls\u00f8kere har de siste \u00e5rene f\u00e5tt beskyttelse p\u00e5 grunn av sv\u00e6rt alvorlige brudd p\u00e5 menneskerettighetene i Eritrea. Blant de f\u00e5 som f\u00e5r avslag, er det ofte [&hellip;]<\/p>\n","protected":false},"author":1,"featured_media":0,"parent":3014,"menu_order":0,"comment_status":"closed","ping_status":"closed","template":"","meta":{"_acf_changed":false,"site-sidebar-layout":"no-sidebar","site-content-layout":"page-builder","ast-site-content-layout":"default","site-content-style":"default","site-sidebar-style":"default","ast-global-header-display":"","ast-banner-title-visibility":"","ast-main-header-display":"","ast-hfb-above-header-display":"","ast-hfb-below-header-display":"","ast-hfb-mobile-header-display":"","site-post-title":"disabled","ast-breadcrumbs-content":"","ast-featured-img":"disabled","footer-sml-layout":"","ast-disable-related-posts":"","theme-transparent-header-meta":"default","adv-header-id-meta":"","stick-header-meta":"","header-above-stick-meta":"","header-main-stick-meta":"","header-below-stick-meta":"","astra-migrate-meta-layouts":"default","ast-page-background-enabled":"default","ast-page-background-meta":{"desktop":{"background-color":"var(--ast-global-color-4)","background-image":"","background-repeat":"repeat","background-position":"center center","background-size":"auto","background-attachment":"scroll","background-type":"","background-media":"","overlay-type":"","overlay-color":"","overlay-opacity":"","overlay-gradient":""},"tablet":{"background-color":"","background-image":"","background-repeat":"repeat","background-position":"center center","background-size":"auto","background-attachment":"scroll","background-type":"","background-media":"","overlay-type":"","overlay-color":"","overlay-opacity":"","overlay-gradient":""},"mobile":{"background-color":"","background-image":"","background-repeat":"repeat","background-position":"center center","background-size":"auto","background-attachment":"scroll","background-type":"","background-media":"","overlay-type":"","overlay-color":"","overlay-opacity":"","overlay-gradient":""}},"ast-content-background-meta":{"desktop":{"background-color":"var(--ast-global-color-5)","background-image":"","background-repeat":"repeat","background-position":"center center","background-size":"auto","background-attachment":"scroll","background-type":"","background-media":"","overlay-type":"","overlay-color":"","overlay-opacity":"","overlay-gradient":""},"tablet":{"background-color":"var(--ast-global-color-5)","background-image":"","background-repeat":"repeat","background-position":"center center","background-size":"auto","background-attachment":"scroll","background-type":"","background-media":"","overlay-type":"","overlay-color":"","overlay-opacity":"","overlay-gradient":""},"mobile":{"background-color":"var(--ast-global-color-5)","background-image":"","background-repeat":"repeat","background-position":"center center","background-size":"auto","background-attachment":"scroll","background-type":"","background-media":"","overlay-type":"","overlay-color":"","overlay-opacity":"","overlay-gradient":""}},"footnotes":""},"class_list":["post-3036","page","type-page","status-publish","hentry"],"acf":[],"_links":{"self":[{"href":"https:\/\/noas.no\/riketstilstand\/wp-json\/wp\/v2\/pages\/3036","targetHints":{"allow":["GET"]}}],"collection":[{"href":"https:\/\/noas.no\/riketstilstand\/wp-json\/wp\/v2\/pages"}],"about":[{"href":"https:\/\/noas.no\/riketstilstand\/wp-json\/wp\/v2\/types\/page"}],"author":[{"embeddable":true,"href":"https:\/\/noas.no\/riketstilstand\/wp-json\/wp\/v2\/users\/1"}],"replies":[{"embeddable":true,"href":"https:\/\/noas.no\/riketstilstand\/wp-json\/wp\/v2\/comments?post=3036"}],"version-history":[{"count":25,"href":"https:\/\/noas.no\/riketstilstand\/wp-json\/wp\/v2\/pages\/3036\/revisions"}],"predecessor-version":[{"id":7376,"href":"https:\/\/noas.no\/riketstilstand\/wp-json\/wp\/v2\/pages\/3036\/revisions\/7376"}],"up":[{"embeddable":true,"href":"https:\/\/noas.no\/riketstilstand\/wp-json\/wp\/v2\/pages\/3014"}],"wp:attachment":[{"href":"https:\/\/noas.no\/riketstilstand\/wp-json\/wp\/v2\/media?parent=3036"}],"curies":[{"name":"wp","href":"https:\/\/api.w.org\/{rel}","templated":true}]}}