{"id":3005,"date":"2022-09-12T10:21:36","date_gmt":"2022-09-12T10:21:36","guid":{"rendered":"https:\/\/noas.no\/riketstilstand\/?page_id=3005"},"modified":"2022-09-23T13:16:27","modified_gmt":"2022-09-23T13:16:27","slug":"integrering","status":"publish","type":"page","link":"https:\/\/noas.no\/riketstilstand\/2019-2\/integrering\/","title":{"rendered":"Integrering"},"content":{"rendered":"\t\t<div data-elementor-type=\"wp-page\" data-elementor-id=\"3005\" class=\"elementor elementor-3005\">\n\t\t\t\t\t\t<section class=\"elementor-section elementor-top-section elementor-element elementor-element-2b14c491 elementor-section-height-full elementor-section-stretched elementor-section-boxed elementor-section-height-default elementor-section-items-middle\" data-id=\"2b14c491\" data-element_type=\"section\" data-e-type=\"section\" data-settings=\"{&quot;stretch_section&quot;:&quot;section-stretched&quot;,&quot;background_background&quot;:&quot;classic&quot;}\">\n\t\t\t\t\t\t\t<div class=\"elementor-background-overlay\"><\/div>\n\t\t\t\t\t\t\t<div class=\"elementor-container elementor-column-gap-default\">\n\t\t\t\t\t<div class=\"elementor-column elementor-col-100 elementor-top-column elementor-element elementor-element-71fb6049\" data-id=\"71fb6049\" data-element_type=\"column\" data-e-type=\"column\">\n\t\t\t<div class=\"elementor-widget-wrap elementor-element-populated\">\n\t\t\t\t\t\t<div class=\"elementor-element elementor-element-7ac3f1a1 elementor-widget elementor-widget-heading\" data-id=\"7ac3f1a1\" data-element_type=\"widget\" data-e-type=\"widget\" data-widget_type=\"heading.default\">\n\t\t\t\t<div class=\"elementor-widget-container\">\n\t\t\t\t\t<div class=\"elementor-heading-title elementor-size-default\">Integrering<\/div>\t\t\t\t<\/div>\n\t\t\t\t<\/div>\n\t\t\t\t<div class=\"elementor-element elementor-element-28b1d3ac elementor-widget elementor-widget-heading\" data-id=\"28b1d3ac\" data-element_type=\"widget\" data-e-type=\"widget\" data-widget_type=\"heading.default\">\n\t\t\t\t<div class=\"elementor-widget-container\">\n\t\t\t\t\t<div class=\"elementor-heading-title elementor-size-default\">Regjeringens innvandringspolitikk undergraver integrering, og det mangler integreringstiltak i ankomstfasen.<\/div>\t\t\t\t<\/div>\n\t\t\t\t<\/div>\n\t\t\t\t\t<\/div>\n\t\t<\/div>\n\t\t\t\t\t<\/div>\n\t\t<\/section>\n\t\t\t\t<section class=\"elementor-section elementor-top-section elementor-element elementor-element-c7df29 elementor-section-boxed elementor-section-height-default elementor-section-height-default\" data-id=\"c7df29\" data-element_type=\"section\" data-e-type=\"section\">\n\t\t\t\t\t\t<div class=\"elementor-container elementor-column-gap-default\">\n\t\t\t\t\t<div class=\"elementor-column elementor-col-100 elementor-top-column elementor-element elementor-element-4a100de5\" data-id=\"4a100de5\" data-element_type=\"column\" data-e-type=\"column\">\n\t\t\t<div class=\"elementor-widget-wrap elementor-element-populated\">\n\t\t\t\t\t\t<div class=\"elementor-element elementor-element-33197805 elementor-widget elementor-widget-text-editor\" data-id=\"33197805\" data-element_type=\"widget\" data-e-type=\"widget\" data-widget_type=\"text-editor.default\">\n\t\t\t\t<div class=\"elementor-widget-container\">\n\t\t\t\t\t\t\t\t\t<div class=\"custom-css\" data-content-field=\"main-content\" data-collection-id=\"5e3418a15acf44089437a60e\" data-edit-main-image=\"Page Banner\">\r\n\t\t\t\t\t\t\t\t<div class=\"sqs-layout sqs-grid-12 columns-12\" data-type=\"page\" data-updated-on=\"1585320815841\" id=\"page-5e3418a15acf44089437a60e\"><div class=\"row sqs-row\"><div class=\"col sqs-col-12 span-12\"><div class=\"row sqs-row\"><div class=\"col sqs-col-3 span-3\"><div class=\"sqs-block spacer-block sqs-block-spacer sized vsize-1\" data-aspect-ratio=\"20\" data-block-type=\"21\" id=\"block-d17522ebe5029a157b0a\"><div class=\"sqs-block-content sqs-intrinsic\" id=\"yui_3_17_2_1_1662977859263_92\" style=\"padding-bottom: 20%;\">&nbsp;<\/div><\/div><\/div><div class=\"col sqs-col-6 span-6\"><div class=\"sqs-block html-block sqs-block-html\" data-block-type=\"2\" id=\"block-5499491f23247feaab30\"><div class=\"sqs-block-content\"><p class=\"\" data-rte-preserve-empty=\"true\" style=\"white-space:pre-wrap;\"><\/p><h3 style=\"white-space:pre-wrap;\">Asylpolitikk som hindrer integrering<\/h3><p class=\"\" style=\"white-space:pre-wrap;\">De kraftige innstramningene i innvandringspolitikken de siste \u00e5rene, skader integreringen. Den strenge politikken for <a href=\"\/2019\/familiesplittelse\">familiegjenforening<\/a> er et eksempel p\u00e5 det. If\u00f8lge&nbsp;<a href=\"https:\/\/www.vl.no\/nyhet\/feller-hard-dom-over-norge-1.26380\">FNs h\u00f8ykommiss\u00e6r for flyktninger (UNHCR)&nbsp;<\/a>er det \u00abuoverstigelige hindringer og barrierer som en flyktning m\u00f8ter i en s\u00f8knadsprosess om familiegjenforening i Norge\u00bb. Integrering hemmes n\u00e5r familiegjenforening vanskeliggj\u00f8res. Familiegjenforening m\u00e5 gj\u00f8res enklere, raskere og billigere for flyktninger.<\/p>\r\n\r\n\r\n<\/div><\/div><div class=\"sqs-block quote-block sqs-block-quote null sqs-col-3 span-3 float float-left\" data-block-type=\"31\" id=\"block-cabfc07429bf8dc96aba\"><div class=\"sqs-block-content\">\r\n\r\n\r\n\r\n<figure class=\"block-animation-none\">\r\n  <blockquote data-animation-role=\"quote\">\r\n    <span>\u201c<\/span>De kraftige innstramningene i innvandringspolitikken de siste \u00e5rene, skader integreringen. <span>\u201d<\/span>\r\n  <\/blockquote>\r\n  \r\n<\/figure>\r\n<\/div><\/div><div class=\"sqs-block html-block sqs-block-html\" data-block-type=\"2\" id=\"block-yui_3_17_2_1_1585320792215_5041\"><div class=\"sqs-block-content\"><p class=\"\" style=\"white-space:pre-wrap;\">Et annet eksempel p\u00e5 integreringshemmende innvandringspolitikk, er regelmessig revurdering av oppholdsstatus og begrensede tillatelser. De som har grunnlag for oppholdstillatelse i Norge, trenger en forutsigbar og trygg situasjon her. S\u00e6rlig skader dagens praksis med <a href=\"\/2019\/opphr-av-flyktningstatus\">opph\u00f8r av flyktningstatus<\/a> integreringen. Mennesker med anerkjent flyktningstatus, som har bodd flere \u00e5r i Norge, kan miste oppholdstillatelsen og sendes tilbake til hjemlandet dersom sikkerhetssituasjonen der bedres \u2013 det vil si p\u00e5 grunn av forhold som ikke skyldes deres egne handlinger.<strong>&nbsp;<\/strong><a href=\"https:\/\/samfunnsforskning.brage.unit.no\/samfunnsforskning-xmlui\/handle\/11250\/2599967\">Forskning<\/a><strong>&nbsp;<\/strong>viser at slik ressurskrevende og utrygghetsskapende praksis truer integreringen. <\/p><p class=\"\" style=\"white-space:pre-wrap;\">Beboere i asylmottak lever i fattigdom. En voksen beboer i ordin\u00e6rt asylmottak f\u00e5r ca. 2500 kr i m\u00e5neden. Det skal dekke mat, kl\u00e6r, medisiner, transport, telefon, hygieneartikler og andre n\u00f8dvendigheter. St\u00f8nadene til beboere i mottak ligger langt under satsene for sosialhjelp, og enda lenger unna <a href=\"http:\/\/www.hioa.no\/Om-OsloMet\/Senter-for-velferds-og-arbeidslivsforskning\/SIFO\/Referansebudsjettet\">Forbruksforskningsinstituttet SIFOs referansebudsjett<\/a>.&nbsp;<\/p><p class=\"\" style=\"white-space:pre-wrap;\">OsloMet publiserte i 2018 funnene fra en studie om matsikkerhet blant 205 voksne mannlige og kvinnelige beboere p\u00e5 asylmottak. Studien viste at over 90 prosent er matusikre.&nbsp;For \u00e5 forhindre matusikkerhet, anbefaler OsloMet blant annet at den \u00f8konomiske st\u00f8tten til beboere i mottak \u00f8kes.<\/p><p class=\"\" style=\"white-space:pre-wrap;\">Det er en d\u00e5rlig start p\u00e5 integreringsprosessen i Norge \u00e5 leve i fattigdom. Det hindrer deltakelse i ordin\u00e6rt hverdagsliv og gj\u00f8r at mottaksbeboere kan havne utenfor samfunnet.&nbsp;<\/p>\r\n\r\n\r\n<\/div><\/div><\/div><div class=\"col sqs-col-3 span-3\"><div class=\"sqs-block spacer-block sqs-block-spacer sized vsize-1\" data-block-type=\"21\" id=\"block-5d01fa3ad98ed4e9d24c\"><div class=\"sqs-block-content\">&nbsp;<\/div><\/div><\/div><\/div><div class=\"row sqs-row\"><div class=\"col sqs-col-3 span-3\"><div class=\"sqs-block spacer-block sqs-block-spacer\" data-aspect-ratio=\"143.05084745762713\" data-block-type=\"21\" id=\"block-791be8bbc213c5e5c1f0\"><div class=\"sqs-block-content sqs-intrinsic\" id=\"yui_3_17_2_1_1662977859263_95\" style=\"padding-bottom: 143.051%;\">&nbsp;<\/div><\/div><div class=\"sqs-block quote-block sqs-block-quote null\" data-block-type=\"31\" id=\"block-7077636e9659e2a6f6f6\"><div class=\"sqs-block-content\">\r\n\r\n\r\n\r\n<figure class=\"block-animation-none\">\r\n  <blockquote data-animation-role=\"quote\">\r\n    <span>\u201c<\/span>De fleste asyls\u00f8kere f\u00e5r i dag ikke lov til \u00e5 ta l\u00f8nnet arbeid mens de venter p\u00e5 svar p\u00e5 asyls\u00f8knaden.<span>\u201d<\/span>\r\n  <\/blockquote>\r\n  \r\n<\/figure>\r\n<\/div><\/div><\/div><div class=\"col sqs-col-6 span-6\"><div class=\"sqs-block html-block sqs-block-html\" data-block-type=\"2\" id=\"block-fb8a9b7d709d4c084b8d\"><div class=\"sqs-block-content\"><h3 style=\"white-space:pre-wrap;\">Ny integreringslov<\/h3><p class=\"\" style=\"white-space:pre-wrap;\">I august 2019 sendte regjeringen <a href=\"https:\/\/www.regjeringen.no\/no\/dokumenter\/horing-forslag-til-lov-om-integrering-integreringsloven-og-forslag-til-endringer-i-lov-om-norsk-statsborgerskap-statsborgerloven\/id2663114\/\">forslag til ny integreringslov<\/a> p\u00e5 h\u00f8ring. I h\u00f8ringen foresl\u00e5s det flere positive tiltak, blant annet en \u00abintegreringskontrakt\u00bb mellom myndighetene og den enkelte. Det vil synliggj\u00f8re de gjensidige forpliktelsene til kommunen og deltakeren.<\/p><p class=\"\" style=\"white-space:pre-wrap;\">Introduksjonsprogrammet skal if\u00f8lge forslaget i st\u00f8rre grad tilpasses individuelt, det skal stilles kvalitetskrav til kommunens tilbud, og det skal innf\u00f8res kompetansekrav til l\u00e6rere som underviser i norsk.<\/p><p class=\"\" style=\"white-space:pre-wrap;\">Forslaget har et kapittel om tidlig kvalifisering, med blant annet en egen bestemmelse om kompetansekartlegging f\u00f8r flytting fra mottak til kommune. Det \u00e5pnes for at kommuner med asylmottak kan tilby deler av introduksjonsprogrammet til beboere i mottak.<\/p><h3 style=\"white-space:pre-wrap;\">Mangler tiltak i ankomstfasen<\/h3><p class=\"\" style=\"white-space:pre-wrap;\">Tiltakene regjeringen foresl\u00e5r er prim\u00e6rt for personer som allerede har f\u00e5tt oppholdstillatelse i Norge. Det er for sent, siden saksbehandlingstiden kan v\u00e6re veldig lang. Over 70 prosent av asyls\u00f8kerne som f\u00e5r saken behandlet i Norge, f\u00e5r oppholdstillatelse og skal bli her. Tiltak allerede i ankomstfasen er derfor en god investering. Det er behov for at ventetiden f\u00f8r svar p\u00e5 asyls\u00f8knaden fylles med tiltak som gir flyktninger mulighet til \u00e5 bruke sine ressurser, enten de f\u00e5r beskyttelse og opphold eller avslag og m\u00e5 returnere. Passivitet i mottak er skadelig og hindrer integrering.<\/p><p class=\"\" style=\"white-space:pre-wrap;\">De fleste asyls\u00f8kere f\u00e5r i dag ikke lov til \u00e5 ta l\u00f8nnet arbeid mens de venter p\u00e5 svar p\u00e5 asyls\u00f8knaden.&nbsp;Det betyr at mange asyls\u00f8kere, som senere vil f\u00e5 oppholds- og arbeidstillatelse, nektes \u00e5 ta l\u00f8nnet arbeid mens de venter p\u00e5 svar. B\u00e5de i Danmark, Sverige og Finland er det enklere for asyls\u00f8kere \u00e5 f\u00e5 midlertidig arbeidstillatelse.<\/p><p class=\"\" style=\"white-space:pre-wrap;\">Etter \u00f8kte asylankomster i 2015 ble antall norsktimer i mottak redusert fra 250 til 175 i 2016. Selv om asylankomstene siden har v\u00e6rt rekordlave, har regjeringen ikke \u00f8nsket \u00e5 \u00f8ke antallet til tidligere niv\u00e5.<br>           <\/p><p class=\"\" style=\"white-space:pre-wrap;\">Les NOAS\u2019 integreringspolicy <a href=\"https:\/\/www.noas.no\/noas-integreringspolicy\/\">her<\/a>.<em>&nbsp;<\/em><\/p><p class=\"\" style=\"white-space:pre-wrap;\">   <\/p>\r\n\r\n\r\n<\/div><\/div><\/div><div class=\"col sqs-col-3 span-3\"><div class=\"sqs-block spacer-block sqs-block-spacer sized vsize-1\" data-block-type=\"21\" id=\"block-b06581e0c1bf1cc1a8b6\"><div class=\"sqs-block-content\">&nbsp;<\/div><\/div><\/div><\/div><\/div><\/div><\/div>\r\n\t\t\t\t\t\t\t<\/div>\t\t\t\t\t\t\t\t<\/div>\n\t\t\t\t<\/div>\n\t\t\t\t\t<\/div>\n\t\t<\/div>\n\t\t\t\t\t<\/div>\n\t\t<\/section>\n\t\t\t\t<\/div>\n\t\t","protected":false},"excerpt":{"rendered":"<p>Integrering Regjeringens innvandringspolitikk undergraver integrering, og det mangler integreringstiltak i ankomstfasen. &nbsp; Asylpolitikk som hindrer integrering De kraftige innstramningene i innvandringspolitikken de siste \u00e5rene, skader integreringen. Den strenge politikken for familiegjenforening er et eksempel p\u00e5 det. If\u00f8lge&nbsp;FNs h\u00f8ykommiss\u00e6r for flyktninger (UNHCR)&nbsp;er det \u00abuoverstigelige hindringer og barrierer som en flyktning m\u00f8ter i en s\u00f8knadsprosess om familiegjenforening [&hellip;]<\/p>\n","protected":false},"author":1,"featured_media":0,"parent":2990,"menu_order":0,"comment_status":"closed","ping_status":"closed","template":"","meta":{"_acf_changed":false,"site-sidebar-layout":"no-sidebar","site-content-layout":"plain-container","ast-site-content-layout":"default","site-content-style":"default","site-sidebar-style":"default","ast-global-header-display":"","ast-banner-title-visibility":"","ast-main-header-display":"","ast-hfb-above-header-display":"","ast-hfb-below-header-display":"","ast-hfb-mobile-header-display":"","site-post-title":"","ast-breadcrumbs-content":"","ast-featured-img":"","footer-sml-layout":"","ast-disable-related-posts":"","theme-transparent-header-meta":"default","adv-header-id-meta":"","stick-header-meta":"","header-above-stick-meta":"","header-main-stick-meta":"","header-below-stick-meta":"","astra-migrate-meta-layouts":"default","ast-page-background-enabled":"default","ast-page-background-meta":{"desktop":{"background-color":"var(--ast-global-color-4)","background-image":"","background-repeat":"repeat","background-position":"center center","background-size":"auto","background-attachment":"scroll","background-type":"","background-media":"","overlay-type":"","overlay-color":"","overlay-opacity":"","overlay-gradient":""},"tablet":{"background-color":"","background-image":"","background-repeat":"repeat","background-position":"center center","background-size":"auto","background-attachment":"scroll","background-type":"","background-media":"","overlay-type":"","overlay-color":"","overlay-opacity":"","overlay-gradient":""},"mobile":{"background-color":"","background-image":"","background-repeat":"repeat","background-position":"center center","background-size":"auto","background-attachment":"scroll","background-type":"","background-media":"","overlay-type":"","overlay-color":"","overlay-opacity":"","overlay-gradient":""}},"ast-content-background-meta":{"desktop":{"background-color":"var(--ast-global-color-5)","background-image":"","background-repeat":"repeat","background-position":"center center","background-size":"auto","background-attachment":"scroll","background-type":"","background-media":"","overlay-type":"","overlay-color":"","overlay-opacity":"","overlay-gradient":""},"tablet":{"background-color":"var(--ast-global-color-5)","background-image":"","background-repeat":"repeat","background-position":"center center","background-size":"auto","background-attachment":"scroll","background-type":"","background-media":"","overlay-type":"","overlay-color":"","overlay-opacity":"","overlay-gradient":""},"mobile":{"background-color":"var(--ast-global-color-5)","background-image":"","background-repeat":"repeat","background-position":"center center","background-size":"auto","background-attachment":"scroll","background-type":"","background-media":"","overlay-type":"","overlay-color":"","overlay-opacity":"","overlay-gradient":""}},"footnotes":""},"class_list":["post-3005","page","type-page","status-publish","hentry"],"acf":[],"_links":{"self":[{"href":"https:\/\/noas.no\/riketstilstand\/wp-json\/wp\/v2\/pages\/3005","targetHints":{"allow":["GET"]}}],"collection":[{"href":"https:\/\/noas.no\/riketstilstand\/wp-json\/wp\/v2\/pages"}],"about":[{"href":"https:\/\/noas.no\/riketstilstand\/wp-json\/wp\/v2\/types\/page"}],"author":[{"embeddable":true,"href":"https:\/\/noas.no\/riketstilstand\/wp-json\/wp\/v2\/users\/1"}],"replies":[{"embeddable":true,"href":"https:\/\/noas.no\/riketstilstand\/wp-json\/wp\/v2\/comments?post=3005"}],"version-history":[{"count":17,"href":"https:\/\/noas.no\/riketstilstand\/wp-json\/wp\/v2\/pages\/3005\/revisions"}],"predecessor-version":[{"id":6052,"href":"https:\/\/noas.no\/riketstilstand\/wp-json\/wp\/v2\/pages\/3005\/revisions\/6052"}],"up":[{"embeddable":true,"href":"https:\/\/noas.no\/riketstilstand\/wp-json\/wp\/v2\/pages\/2990"}],"wp:attachment":[{"href":"https:\/\/noas.no\/riketstilstand\/wp-json\/wp\/v2\/media?parent=3005"}],"curies":[{"name":"wp","href":"https:\/\/api.w.org\/{rel}","templated":true}]}}