{"id":2995,"date":"2022-09-12T10:16:16","date_gmt":"2022-09-12T10:16:16","guid":{"rendered":"https:\/\/noas.no\/riketstilstand\/?page_id=2995"},"modified":"2022-09-23T13:17:38","modified_gmt":"2022-09-23T13:17:38","slug":"opphor-av-flyktningstatus","status":"publish","type":"page","link":"https:\/\/noas.no\/riketstilstand\/2019-2\/opphor-av-flyktningstatus\/","title":{"rendered":"Opph\u00f8r av flyktningstatus"},"content":{"rendered":"\t\t<div data-elementor-type=\"wp-page\" data-elementor-id=\"2995\" class=\"elementor elementor-2995\">\n\t\t\t\t\t\t<section class=\"elementor-section elementor-top-section elementor-element elementor-element-90adea3 elementor-section-height-full elementor-section-stretched elementor-section-boxed elementor-section-height-default elementor-section-items-middle\" data-id=\"90adea3\" data-element_type=\"section\" data-e-type=\"section\" data-settings=\"{&quot;stretch_section&quot;:&quot;section-stretched&quot;,&quot;background_background&quot;:&quot;classic&quot;}\">\n\t\t\t\t\t\t\t<div class=\"elementor-background-overlay\"><\/div>\n\t\t\t\t\t\t\t<div class=\"elementor-container elementor-column-gap-default\">\n\t\t\t\t\t<div class=\"elementor-column elementor-col-100 elementor-top-column elementor-element elementor-element-e643ed2\" data-id=\"e643ed2\" data-element_type=\"column\" data-e-type=\"column\">\n\t\t\t<div class=\"elementor-widget-wrap elementor-element-populated\">\n\t\t\t\t\t\t<div class=\"elementor-element elementor-element-864bd88 elementor-widget elementor-widget-heading\" data-id=\"864bd88\" data-element_type=\"widget\" data-e-type=\"widget\" data-widget_type=\"heading.default\">\n\t\t\t\t<div class=\"elementor-widget-container\">\n\t\t\t\t\t<div class=\"elementor-heading-title elementor-size-default\">Opph\u00f8r av flyktningstatus<\/div>\t\t\t\t<\/div>\n\t\t\t\t<\/div>\n\t\t\t\t<div class=\"elementor-element elementor-element-614841c8 elementor-widget elementor-widget-heading\" data-id=\"614841c8\" data-element_type=\"widget\" data-e-type=\"widget\" data-widget_type=\"heading.default\">\n\t\t\t\t<div class=\"elementor-widget-container\">\n\t\t\t\t\t<div class=\"elementor-heading-title elementor-size-default\">Flyktninger kan miste oppholdstillatelsen dersom situasjonen i hjemlandet forbedres. Norges bruk av opph\u00f8r er i strid med FNs flyktningkonvensjon, skader integreringen, og er symbolpolitikk med f\u00e5 returer.<\/div>\t\t\t\t<\/div>\n\t\t\t\t<\/div>\n\t\t\t\t\t<\/div>\n\t\t<\/div>\n\t\t\t\t\t<\/div>\n\t\t<\/section>\n\t\t\t\t<section class=\"elementor-section elementor-top-section elementor-element elementor-element-3901e769 elementor-section-boxed elementor-section-height-default elementor-section-height-default\" data-id=\"3901e769\" data-element_type=\"section\" data-e-type=\"section\">\n\t\t\t\t\t\t<div class=\"elementor-container elementor-column-gap-default\">\n\t\t\t\t\t<div class=\"elementor-column elementor-col-100 elementor-top-column elementor-element elementor-element-58efb2e2\" data-id=\"58efb2e2\" data-element_type=\"column\" data-e-type=\"column\">\n\t\t\t<div class=\"elementor-widget-wrap elementor-element-populated\">\n\t\t\t\t\t\t<div class=\"elementor-element elementor-element-ea6cbc7 elementor-widget elementor-widget-text-editor\" data-id=\"ea6cbc7\" data-element_type=\"widget\" data-e-type=\"widget\" data-widget_type=\"text-editor.default\">\n\t\t\t\t<div class=\"elementor-widget-container\">\n\t\t\t\t\t\t\t\t\t<div class=\"custom-css\" data-content-field=\"main-content\" data-collection-id=\"5e3417e654a560679876a6c7\" data-edit-main-image=\"Page Banner\" id=\"yui_3_17_2_1_1662971603678_78\">\r\n\t\t\t\t\t\t\t\t<div class=\"sqs-layout sqs-grid-12 columns-12\" data-type=\"page\" data-updated-on=\"1584059591395\" id=\"page-5e3417e654a560679876a6c7\"><div class=\"row sqs-row\" id=\"yui_3_17_2_1_1662971603678_77\"><div class=\"col sqs-col-12 span-12\" id=\"yui_3_17_2_1_1662971603678_76\"><div class=\"row sqs-row\"><div class=\"col sqs-col-3 span-3\"><div class=\"sqs-block spacer-block sqs-block-spacer sized vsize-1\" data-block-type=\"21\" id=\"block-9536a28b0f2ee09b7de1\"><div class=\"sqs-block-content\">&nbsp;<\/div><\/div><\/div><div class=\"col sqs-col-6 span-6\"><div class=\"sqs-block html-block sqs-block-html\" data-block-type=\"2\" id=\"block-252b3845e8d2273c03fd\"><div class=\"sqs-block-content\"><p class=\"\" style=\"white-space:pre-wrap;\">I <a href=\"https:\/\/www.stortinget.no\/no\/Saker-og-publikasjoner\/Publikasjoner\/Referater\/Stortinget\/2015-2016\/151203\/2\/#asylforlik\">asylforliket fra november 2015<\/a> ble stortingsflertallet enige om at flyktninger kan miste oppholdstillatelsen i Norge, dersom situasjonen i hjemlandet forbedres slik at grunnlaget for beskyttelse har falt bort.&nbsp;<\/p><p class=\"\" style=\"white-space:pre-wrap;\">Fram til da hadde den s\u00e5kalte opph\u00f8rsklausulen i flyktningkonvensjonen knapt blitt brukt, verken i Norge eller andre land. Bruk av opph\u00f8rsbestemmelsen innebar at Norge ledet an internasjonalt i \u00e5 svekke flyktningers rettigheter. Flyktninger som hadde bodd flere \u00e5r i Norge kunne miste oppholdstillatelsen her, og sendes tilbake til hjemlandet p\u00e5 grunn av forhold som ikke skyldes flyktningens egne handlinger.<\/p><p class=\"\" style=\"white-space:pre-wrap;\">Opph\u00f8r m\u00e5 skilles fra tilbakekall\/kansellering. Tilbakekall\/kansellering kan skje n\u00e5r oppholdstillatelse eller statsborgerskap er gitt p\u00e5 feil grunnlag, fordi en asyls\u00f8ker tidligere har oppgitt uriktig informasjon.   <\/p>\r\n\r\n\r\n<\/div><\/div><\/div><div class=\"col sqs-col-3 span-3\"><div class=\"sqs-block spacer-block sqs-block-spacer sized vsize-1\" data-aspect-ratio=\"7.4576271186440675\" data-block-type=\"21\" id=\"block-83d238104f83f54480cf\"><div class=\"sqs-block-content sqs-intrinsic\" id=\"yui_3_17_2_1_1662971603678_115\" style=\"padding-bottom: 7.45763%;\">&nbsp;<\/div><\/div><\/div><\/div><div class=\"row sqs-row\" id=\"yui_3_17_2_1_1662971603678_75\"><div class=\"col sqs-col-8 span-8\" id=\"yui_3_17_2_1_1662971603678_74\"><div class=\"sqs-block image-block sqs-block-image sqs-text-ready\" data-aspect-ratio=\"48.574821852731596\" data-block-type=\"5\" id=\"block-8bcfda2be036385bd198\"><div class=\"sqs-block-content\" id=\"yui_3_17_2_1_1662971603678_73\">\r\n\r\n\r\n\r\n\r\n\r\n\r\n\r\n\r\n\r\n\r\n\r\n\r\n\r\n\r\n\r\n  \r\n\r\n    \r\n  \r\n    <div class=\"\r\n          image-block-outer-wrapper\r\n          layout-caption-below\r\n          design-layout-inline\r\n          combination-animation-none\r\n          individual-animation-none\r\n          individual-text-animation-none\r\n        \" data-test=\"image-block-inline-outer-wrapper\" id=\"yui_3_17_2_1_1662971603678_72\">\r\n\r\n      \r\n\r\n      \r\n        <figure class=\"\r\n              sqs-block-image-figure\r\n              intrinsic\r\n            \" style=\"max-width:4096px;\" id=\"yui_3_17_2_1_1662971603678_71\">\r\n          \r\n        \r\n        \r\n\r\n        \r\n          \r\n            \r\n          <div class=\"image-block-wrapper\" data-animation-role=\"image\" id=\"yui_3_17_2_1_1662971603678_70\">\r\n            <div class=\"sqs-image-shape-container-element\r\n              \r\n          \r\n        \r\n              has-aspect-ratio\r\n            \" style=\"\r\n                position: relative;\r\n                \r\n                  padding-bottom:48.57482147216797%;\r\n                \r\n                overflow: hidden;\r\n              \" id=\"yui_3_17_2_1_1662971603678_69\">\r\n              <noscript><img decoding=\"async\" src=\"https:\/\/images.squarespace-cdn.com\/content\/v1\/56e6a2632b8dde4bafc35e0b\/1552493044240-JUTCI4DK8JANU20S4I2Y\/IMG_0284.jpg\" alt=\"somaliske flyktninger som kom til norge mellom 2012 og 2014 risikerer \u00e5 m\u00e5tte returnere til mogadishu. foto: NRC\/Christian Jepsen\" \/><\/noscript><img decoding=\"async\" class=\"thumb-image loaded\" data-src=\"https:\/\/images.squarespace-cdn.com\/content\/v1\/56e6a2632b8dde4bafc35e0b\/1552493044240-JUTCI4DK8JANU20S4I2Y\/IMG_0284.jpg\" data-image=\"https:\/\/images.squarespace-cdn.com\/content\/v1\/56e6a2632b8dde4bafc35e0b\/1552493044240-JUTCI4DK8JANU20S4I2Y\/IMG_0284.jpg\" data-image-dimensions=\"4096x2731\" data-image-focal-point=\"0.5,0.5\" data-load=\"false\" data-image-id=\"5e3417e654a560679876a6c2\" data-type=\"image\" style=\"left: 0%; top: -18.631%; width: 100%; height: 137.262%; position: absolute;\" alt=\"somaliske flyktninger som kom til norge mellom 2012 og 2014 risikerer \u00e5 m\u00e5tte returnere til mogadishu. foto: NRC\/Christian Jepsen\" data-image-resolution=\"1000w\" src=\"https:\/\/images.squarespace-cdn.com\/content\/v1\/56e6a2632b8dde4bafc35e0b\/1552493044240-JUTCI4DK8JANU20S4I2Y\/IMG_0284.jpg?format=1000w\">\r\n            <\/div>\r\n          <\/div>\r\n        \r\n          \r\n        \r\n\r\n        \r\n          \r\n          <figcaption class=\"image-caption-wrapper\">\r\n            <div class=\"image-caption\"><p class=\"\">somaliske flyktninger som kom til norge mellom 2012 og 2014 risikerer \u00e5 m\u00e5tte returnere til mogadishu. <em>foto: NRC\/Christian Jepsen<\/em><\/p><\/div>\r\n          <\/figcaption>\r\n        \r\n      \r\n        <\/figure>\r\n      \r\n\r\n    <\/div>\r\n  \r\n\r\n\r\n  \r\n\r\n\r\n<\/div><\/div><\/div><div class=\"col sqs-col-4 span-4\"><div class=\"sqs-block spacer-block sqs-block-spacer\" data-aspect-ratio=\"12.128712871287128\" data-block-type=\"21\" id=\"block-3ddeebe6367d30d696b0\"><div class=\"sqs-block-content sqs-intrinsic\" id=\"yui_3_17_2_1_1662971603678_118\" style=\"padding-bottom: 12.1287%;\">&nbsp;<\/div><\/div><div class=\"sqs-block quote-block sqs-block-quote null\" data-block-type=\"31\" id=\"block-ca2da8715dd8864efe47\"><div class=\"sqs-block-content\">\r\n\r\n\r\n\r\n<figure class=\"block-animation-none\">\r\n  <blockquote data-animation-role=\"quote\">\r\n    <span>\u201c<\/span>Opph\u00f8rspraksisen er s\u00e5 langt f\u00f8rst og fremst et symbolpolitisk tiltak, med alvorlige konsekvenser for flyktningene det gjelder og det norske samfunnet for \u00f8vrig.<span>\u201d<\/span>\r\n  <\/blockquote>\r\n  \r\n<\/figure>\r\n<\/div><\/div><\/div><\/div><div class=\"row sqs-row\"><div class=\"col sqs-col-3 span-3\"><div class=\"sqs-block spacer-block sqs-block-spacer sized vsize-1\" data-aspect-ratio=\"42.03389830508475\" data-block-type=\"21\" id=\"block-db058221e8660cd85881\"><div class=\"sqs-block-content sqs-intrinsic\" id=\"yui_3_17_2_1_1662971603678_121\" style=\"padding-bottom: 42.0339%;\">&nbsp;<\/div><\/div><\/div><div class=\"col sqs-col-6 span-6\"><div class=\"sqs-block html-block sqs-block-html\" data-block-type=\"2\" id=\"block-543992ce0462db1f5941\"><div class=\"sqs-block-content\"><h3 style=\"white-space:pre-wrap;\">Symbolpolitisk tiltak som hemmer integrering<\/h3><p class=\"\" style=\"white-space:pre-wrap;\">Varsel om opph\u00f8r skaper usikkerhet som er \u00f8deleggende for integrering, ogs\u00e5 i de sakene der det ikke ender med at flyktningstatus trekkes tilbake.&nbsp;<a href=\"https:\/\/www.regjeringen.no\/no\/aktuelt\/krav-om-selvforsorgelse-for-a-fa-varig-opphold-i-norge2\/id2564633\/\">Reglene for \u00e5 f\u00e5 permanent opphold er strammet inn<\/a>. De som ikke oppfyller vilk\u00e5rene for permanent opphold, kan leve i konstant usikkerhet for om de vil bli sendt tilbake til hjemlandet \u2013 ogs\u00e5 etter mange \u00e5rs opphold i Norge.&nbsp;<\/p><p class=\"\" style=\"white-space:pre-wrap;\">I en <a href=\"https:\/\/www.noas.no\/wp-content\/uploads\/2019\/04\/Et_liv_i_usikkerhet_inkl_vedlegg.pdf\">rapport<\/a> lansert av NOAS, Redd Barna og Fellesorganisasjonen (FO) i 2018, fortalte somaliske flyktninger, som hadde f\u00e5tt varsel om mulig opph\u00f8r, at praksisen f\u00f8rte til svekket psykisk helse, manglende konsentrasjon og motivasjon til \u00e5 fokusere p\u00e5 skole og jobb, svekket tillit til norske myndigheter, og en sterk opplevelse av \u00e5 bli urettferdig forskjellsbehandlet i et politisk spill.&nbsp;<\/p><p class=\"\" style=\"white-space:pre-wrap;\">Institutt for samfunnsforskning (ISF) kom i juni 2019 med en <a href=\"https:\/\/www.samfunnsforskning.no\/aktuelt\/nyheter\/2019\/usikkerhet-truer-asylsokeres-integrering.html\">rapport<\/a> om tilbakekall av oppholdstillatelser og statsborgerskap. Rapporten, utarbeidet p\u00e5 oppdrag fra UDI, viste hvordan <a href=\"https:\/\/www.samfunnsforskning.no\/aktuelt\/nyheter\/2019\/usikkerhet-truer-asylsokeres-integrering.html\">praksisen truer integreringen<\/a>. If\u00f8lge forskerne medf\u00f8rer UDIs lange saksbehandlingstid og usikkerhet som prosessene skaper, til br\u00e5stopp i integreringen.<\/p><p class=\"\" style=\"white-space:pre-wrap;\">Fire \u00e5r etter Solberg I-regjeringens instruks om ny opph\u00f8rspraksis, har sv\u00e6rt f\u00e5 f\u00e5tt endelig vedtak om opph\u00f8r av flyktningstatus. Opph\u00f8rspraksisen er s\u00e5 langt f\u00f8rst og fremst et symbolpolitisk tiltak, med alvorlige konsekvenser for flyktningene det gjelder og det norske samfunnet for \u00f8vrig.<\/p>\r\n\r\n\r\n<\/div><\/div><\/div><div class=\"col sqs-col-3 span-3\"><div class=\"sqs-block spacer-block sqs-block-spacer sized vsize-1\" data-aspect-ratio=\"91.86440677966101\" data-block-type=\"21\" id=\"block-d6bdbd2e16824adc861d\"><div class=\"sqs-block-content sqs-intrinsic\" id=\"yui_3_17_2_1_1662971603678_124\" style=\"padding-bottom: 91.8644%;\">&nbsp;<\/div><\/div><\/div><\/div><div class=\"row sqs-row\"><div class=\"col sqs-col-3 span-3\"><div class=\"sqs-block spacer-block sqs-block-spacer sized vsize-1\" data-block-type=\"21\" id=\"block-c2aa4cec966763da33f6\"><div class=\"sqs-block-content\">&nbsp;<\/div><\/div><\/div><div class=\"col sqs-col-6 span-6\"><div class=\"sqs-block html-block sqs-block-html\" data-block-type=\"2\" id=\"block-7da14bc4d5cc918fd8bf\"><div class=\"sqs-block-content\"><h3 style=\"white-space:pre-wrap;\">Ny instruks i mai 2019<\/h3><p class=\"\" style=\"white-space:pre-wrap;\"><a href=\"https:\/\/www.regjeringen.no\/no\/dokumenter\/gi-142016--revidert-instruks-om-tilbakekall-av-flyktningstatus-og-oppholds-tillatelse-nar-beskyttelsesbehovet-er-bortfalt-jf.-utlendingsloven--37-forste-ledd-bokstav-e-og-f\/id2513169\/\">Regjeringens f\u00f8rste instruks<\/a> om opph\u00f8r kom i mars 2016. Fordi instruksen var mangelfullt utredet, ble det n\u00f8dvendig med flere avklaringer av praksis mellom UDI og Justis- og beredskapsdepartementet. Resultatet er at mange m\u00e5tte vente i flere \u00e5r p\u00e5 avklaring om deres flyktningstatus vil opph\u00f8re. <\/p><p class=\"\" style=\"white-space:pre-wrap;\"><a href=\"https:\/\/www.regjeringen.no\/no\/dokumenter\/gi-032019--revidert-instruks-om-opphor-og-tilbakekall-av-flyktningstatus-og-oppholdstillatelse-nar-beskyttelsesbehovet-er-bortfalt-jf.-utlendingsloven--37-forste-ledd-bokstav-e-og-f\/id2645630\/\">Den nye\/oppdaterte instruksen<\/a> fra mai 2019 vil ikke f\u00f8re til s\u00e6rlige endringer i dagens praksis. Den er i all hovedsak oppdatert med nye rettsavgj\u00f8relser og praksisavklaringer allerede foretatt i brev mellom UDI og departementet. Den videref\u00f8rer folkerettsbruddene den f\u00f8rste instruksen fra regjeringen la opp til. Samtidig som mange av dem som i 2016 ble varslet om mulig opph\u00f8r av flyktningstatus, likevel fortsatt vil f\u00e5 bli i Norge fordi de oppfylte kravene til permanent oppholdstillatelse f\u00f8r grunnlaget for opph\u00f8r var tilstede.&nbsp;<\/p><h3 style=\"white-space:pre-wrap;\">Brudd med flyktningkonvensjonen og menneskerettighetene<\/h3><p class=\"\" style=\"white-space:pre-wrap;\">Bruk av opph\u00f8rsbestemmelsen har s\u00e5 langt f\u00f8rst og fremst rammet somaliske flyktninger. UDI vurderer \u00e5 trekke tilbake tillatelsen til en stor gruppe somaliske flyktninger som kom til Norge mellom 2012 og 2014, som risikerer \u00e5 m\u00e5tte returnere til Mogadishu \u2013 i strid med flyktningkonvensjonen. I et&nbsp;<a href=\"https:\/\/static1.squarespace.com\/static\/56e6a2632b8dde4bafc35e0b\/t\/592ca461893fc05fa7db5afe\/1496097890960\/Brev+fra+UNHCR+om+opph%2525C3%2525B8r+Somalia-saker+7.+nov+2016.pdf.\">brev<\/a>&nbsp;til norske myndigheter i november 2016, advarte UNHCR om at sikkerhetssituasjonen i Mogadishu var for usikker til at flyktningstatus kunne opph\u00f8re. <a href=\"https:\/\/www.securitycouncilreport.org\/monthly-forecast\/2019-11\/somalia-6.php\">Sikkerhetssituasjonen<\/a> var fortsatt ustabil og uoversiktlig i S\u00f8r- og Sentral-Somalia i 2019. <\/p><p class=\"\" style=\"white-space:pre-wrap;\">Rapporten lansert av NOAS, Redd Barna og FO i 2018, viste at regjeringens praksis for opph\u00f8r av flyktningstatus br\u00f8t med FNs flyktningkonvensjon, Den europeiske menneskerettskonvensjonen og den norske utlendingsloven.<\/p><h3 style=\"white-space:pre-wrap;\">S\u00e6rnorsk: Opph\u00f8r med retur til internflukt<\/h3><p class=\"\" style=\"white-space:pre-wrap;\">Regjeringen har i tillegg instruert utlendingsmyndighetene&nbsp;om \u00e5 vurdere <a href=\"https:\/\/www.riketstilstand.noas.no\/2016\/internflukt\">internflukt<\/a> i opph\u00f8r-saker. Det vil si at flyktninger kan miste oppholdstillatelsen i Norge selv om situasjonen i den delen av landet hvor de kom fra er for usikker for retur. I stedet mente norske myndigheter flyktningene kunne returneres til en annen og tryggere del av hjemlandet enn der de kom fra. If\u00f8lge FN skal flyktningkonvensjonen ikke tolkes p\u00e5 en slik m\u00e5te i opph\u00f8rsaker. Dersom det er n\u00f8dvendig \u00e5 bruke internflukt, betyr det at sikkerhetssituasjonen i landet ikke er god nok til at flyktningstatusen kan opph\u00f8re.&nbsp; <\/p><p class=\"\" style=\"white-space:pre-wrap;\">Bruk av internflukt i opph\u00f8rsaker er s\u00e6rlig ille fordi Norge&nbsp;heller ikke lenger gj\u00f8r vurderinger av om det er <em>rimelig<\/em> for den enkelte \u00e5 bli returnert til internflukt.&nbsp;Fjerning av rimelighetsvilk\u00e5ret er i seg selv i strid med flyktningkonvensjonen.   <\/p>\r\n\r\n\r\n<\/div><\/div><\/div><div class=\"col sqs-col-3 span-3\"><div class=\"sqs-block spacer-block sqs-block-spacer sized vsize-1\" data-aspect-ratio=\"11.633663366336634\" data-block-type=\"21\" id=\"block-b4a0c7136766184f64d1\"><div class=\"sqs-block-content sqs-intrinsic\" id=\"yui_3_17_2_1_1662971603678_127\" style=\"padding-bottom: 11.6337%;\">&nbsp;<\/div><\/div><div class=\"sqs-block quote-block sqs-block-quote null\" data-block-type=\"31\" id=\"block-63a2829680c1614cabb2\"><div class=\"sqs-block-content\">\r\n\r\n\r\n\r\n<figure class=\"block-animation-none\">\r\n  <blockquote data-animation-role=\"quote\">\r\n    <span>\u201c<\/span>Bruk av opph\u00f8rsbestemmelsen har s\u00e5 langt f\u00f8rst og fremst rammet somaliske flyktninger. <span>\u201d<\/span>\r\n  <\/blockquote>\r\n  \r\n<\/figure>\r\n<\/div><\/div><\/div><\/div><\/div><\/div><\/div>\r\n\t\t\t\t\t\t\t<\/div>\t\t\t\t\t\t\t\t<\/div>\n\t\t\t\t<\/div>\n\t\t\t\t\t<\/div>\n\t\t<\/div>\n\t\t\t\t\t<\/div>\n\t\t<\/section>\n\t\t\t\t<\/div>\n\t\t","protected":false},"excerpt":{"rendered":"<p>Opph\u00f8r av flyktningstatus Flyktninger kan miste oppholdstillatelsen dersom situasjonen i hjemlandet forbedres. Norges bruk av opph\u00f8r er i strid med FNs flyktningkonvensjon, skader integreringen, og er symbolpolitikk med f\u00e5 returer. &nbsp; I asylforliket fra november 2015 ble stortingsflertallet enige om at flyktninger kan miste oppholdstillatelsen i Norge, dersom situasjonen i hjemlandet forbedres slik at grunnlaget [&hellip;]<\/p>\n","protected":false},"author":1,"featured_media":0,"parent":2990,"menu_order":0,"comment_status":"closed","ping_status":"closed","template":"","meta":{"_acf_changed":false,"site-sidebar-layout":"no-sidebar","site-content-layout":"plain-container","ast-site-content-layout":"default","site-content-style":"default","site-sidebar-style":"default","ast-global-header-display":"","ast-banner-title-visibility":"","ast-main-header-display":"","ast-hfb-above-header-display":"","ast-hfb-below-header-display":"","ast-hfb-mobile-header-display":"","site-post-title":"","ast-breadcrumbs-content":"","ast-featured-img":"","footer-sml-layout":"","ast-disable-related-posts":"","theme-transparent-header-meta":"default","adv-header-id-meta":"","stick-header-meta":"","header-above-stick-meta":"","header-main-stick-meta":"","header-below-stick-meta":"","astra-migrate-meta-layouts":"default","ast-page-background-enabled":"default","ast-page-background-meta":{"desktop":{"background-color":"var(--ast-global-color-4)","background-image":"","background-repeat":"repeat","background-position":"center center","background-size":"auto","background-attachment":"scroll","background-type":"","background-media":"","overlay-type":"","overlay-color":"","overlay-opacity":"","overlay-gradient":""},"tablet":{"background-color":"","background-image":"","background-repeat":"repeat","background-position":"center center","background-size":"auto","background-attachment":"scroll","background-type":"","background-media":"","overlay-type":"","overlay-color":"","overlay-opacity":"","overlay-gradient":""},"mobile":{"background-color":"","background-image":"","background-repeat":"repeat","background-position":"center center","background-size":"auto","background-attachment":"scroll","background-type":"","background-media":"","overlay-type":"","overlay-color":"","overlay-opacity":"","overlay-gradient":""}},"ast-content-background-meta":{"desktop":{"background-color":"var(--ast-global-color-5)","background-image":"","background-repeat":"repeat","background-position":"center center","background-size":"auto","background-attachment":"scroll","background-type":"","background-media":"","overlay-type":"","overlay-color":"","overlay-opacity":"","overlay-gradient":""},"tablet":{"background-color":"var(--ast-global-color-5)","background-image":"","background-repeat":"repeat","background-position":"center center","background-size":"auto","background-attachment":"scroll","background-type":"","background-media":"","overlay-type":"","overlay-color":"","overlay-opacity":"","overlay-gradient":""},"mobile":{"background-color":"var(--ast-global-color-5)","background-image":"","background-repeat":"repeat","background-position":"center center","background-size":"auto","background-attachment":"scroll","background-type":"","background-media":"","overlay-type":"","overlay-color":"","overlay-opacity":"","overlay-gradient":""}},"footnotes":""},"class_list":["post-2995","page","type-page","status-publish","hentry"],"acf":[],"_links":{"self":[{"href":"https:\/\/noas.no\/riketstilstand\/wp-json\/wp\/v2\/pages\/2995","targetHints":{"allow":["GET"]}}],"collection":[{"href":"https:\/\/noas.no\/riketstilstand\/wp-json\/wp\/v2\/pages"}],"about":[{"href":"https:\/\/noas.no\/riketstilstand\/wp-json\/wp\/v2\/types\/page"}],"author":[{"embeddable":true,"href":"https:\/\/noas.no\/riketstilstand\/wp-json\/wp\/v2\/users\/1"}],"replies":[{"embeddable":true,"href":"https:\/\/noas.no\/riketstilstand\/wp-json\/wp\/v2\/comments?post=2995"}],"version-history":[{"count":13,"href":"https:\/\/noas.no\/riketstilstand\/wp-json\/wp\/v2\/pages\/2995\/revisions"}],"predecessor-version":[{"id":6059,"href":"https:\/\/noas.no\/riketstilstand\/wp-json\/wp\/v2\/pages\/2995\/revisions\/6059"}],"up":[{"embeddable":true,"href":"https:\/\/noas.no\/riketstilstand\/wp-json\/wp\/v2\/pages\/2990"}],"wp:attachment":[{"href":"https:\/\/noas.no\/riketstilstand\/wp-json\/wp\/v2\/media?parent=2995"}],"curies":[{"name":"wp","href":"https:\/\/api.w.org\/{rel}","templated":true}]}}