{"id":170,"date":"2022-09-07T06:09:45","date_gmt":"2022-09-07T06:09:45","guid":{"rendered":"https:\/\/noas.no\/riketstilstand\/?page_id=170"},"modified":"2022-09-26T07:25:08","modified_gmt":"2022-09-26T07:25:08","slug":"familiegjenforening","status":"publish","type":"page","link":"https:\/\/noas.no\/riketstilstand\/familiegjenforening\/","title":{"rendered":"FAMILIEGJENFORENING"},"content":{"rendered":"\t\t<div data-elementor-type=\"wp-page\" data-elementor-id=\"170\" class=\"elementor elementor-170\">\n\t\t\t\t\t\t<section class=\"elementor-section elementor-top-section elementor-element elementor-element-7b1f4931 elementor-section-full_width elementor-section-height-full elementor-section-height-default elementor-section-items-middle\" data-id=\"7b1f4931\" data-element_type=\"section\" data-e-type=\"section\" data-settings=\"{&quot;background_background&quot;:&quot;classic&quot;}\">\n\t\t\t\t\t\t\t<div class=\"elementor-background-overlay\"><\/div>\n\t\t\t\t\t\t\t<div class=\"elementor-container elementor-column-gap-default\">\n\t\t\t\t\t<div class=\"elementor-column elementor-col-100 elementor-top-column elementor-element elementor-element-50c8a085\" data-id=\"50c8a085\" data-element_type=\"column\" data-e-type=\"column\">\n\t\t\t<div class=\"elementor-widget-wrap elementor-element-populated\">\n\t\t\t\t\t\t<div class=\"elementor-element elementor-element-131ccb9d elementor-widget elementor-widget-heading\" data-id=\"131ccb9d\" data-element_type=\"widget\" data-e-type=\"widget\" data-widget_type=\"heading.default\">\n\t\t\t\t<div class=\"elementor-widget-container\">\n\t\t\t\t\t<h4 class=\"elementor-heading-title elementor-size-default\">Familiegjenforening\n<\/h4>\t\t\t\t<\/div>\n\t\t\t\t<\/div>\n\t\t\t\t<div class=\"elementor-element elementor-element-100027a elementor-widget elementor-widget-text-editor\" data-id=\"100027a\" data-element_type=\"widget\" data-e-type=\"widget\" data-widget_type=\"text-editor.default\">\n\t\t\t\t<div class=\"elementor-widget-container\">\n\t\t\t\t\t\t\t\t\t<p><em>Norge legger s\u00e5 mange hindringer i veien for at familier skal f\u00e5 v\u00e6re sammen, at FN mener det bryter med menneskerettighetene.<\/em><\/p>\t\t\t\t\t\t\t\t<\/div>\n\t\t\t\t<\/div>\n\t\t\t\t\t<\/div>\n\t\t<\/div>\n\t\t\t\t\t<\/div>\n\t\t<\/section>\n\t\t\t\t<section class=\"elementor-section elementor-top-section elementor-element elementor-element-4b52fa61 elementor-section-boxed elementor-section-height-default elementor-section-height-default\" data-id=\"4b52fa61\" data-element_type=\"section\" data-e-type=\"section\">\n\t\t\t\t\t\t<div class=\"elementor-container elementor-column-gap-default\">\n\t\t\t\t\t<div class=\"elementor-column elementor-col-100 elementor-top-column elementor-element elementor-element-4121d251\" data-id=\"4121d251\" data-element_type=\"column\" data-e-type=\"column\">\n\t\t\t<div class=\"elementor-widget-wrap elementor-element-populated\">\n\t\t\t\t\t\t<div class=\"elementor-element elementor-element-e672e2c elementor-widget elementor-widget-text-editor\" data-id=\"e672e2c\" data-element_type=\"widget\" data-e-type=\"widget\" data-widget_type=\"text-editor.default\">\n\t\t\t\t<div class=\"elementor-widget-container\">\n\t\t\t\t\t\t\t\t\t<p><em>FOTO: FIZKES\/SHUTTERSTOCK<\/em><\/p>\t\t\t\t\t\t\t\t<\/div>\n\t\t\t\t<\/div>\n\t\t\t\t\t<\/div>\n\t\t<\/div>\n\t\t\t\t\t<\/div>\n\t\t<\/section>\n\t\t\t\t<section class=\"elementor-section elementor-top-section elementor-element elementor-element-16cf65e3 elementor-section-boxed elementor-section-height-default elementor-section-height-default\" data-id=\"16cf65e3\" data-element_type=\"section\" data-e-type=\"section\">\n\t\t\t\t\t\t<div class=\"elementor-container elementor-column-gap-default\">\n\t\t\t\t\t<div class=\"elementor-column elementor-col-25 elementor-top-column elementor-element elementor-element-742b23ba\" data-id=\"742b23ba\" data-element_type=\"column\" data-e-type=\"column\">\n\t\t\t<div class=\"elementor-widget-wrap\">\n\t\t\t\t\t\t\t<\/div>\n\t\t<\/div>\n\t\t\t\t<div class=\"elementor-column elementor-col-50 elementor-top-column elementor-element elementor-element-4d2f4042\" data-id=\"4d2f4042\" data-element_type=\"column\" data-e-type=\"column\">\n\t\t\t<div class=\"elementor-widget-wrap elementor-element-populated\">\n\t\t\t\t\t\t<div class=\"elementor-element elementor-element-c0a31c6 elementor-widget elementor-widget-text-editor\" data-id=\"c0a31c6\" data-element_type=\"widget\" data-e-type=\"widget\" data-widget_type=\"text-editor.default\">\n\t\t\t\t<div class=\"elementor-widget-container\">\n\t\t\t\t\t\t\t\t\t<p>If\u00f8lge FNs h\u00f8ykommiss\u00e6r for flyktninger (UNHCR) er det \u00abuoverstigelige hindringer og barrierer som en flyktning m\u00f8ter i en s\u00f8knadsprosess om familiegjenforening i Norge\u00bb.<\/p>\t\t\t\t\t\t\t\t<\/div>\n\t\t\t\t<\/div>\n\t\t\t\t<div class=\"elementor-element elementor-element-734605d elementor-widget elementor-widget-text-editor\" data-id=\"734605d\" data-element_type=\"widget\" data-e-type=\"widget\" data-widget_type=\"text-editor.default\">\n\t\t\t\t<div class=\"elementor-widget-container\">\n\t\t\t\t\t\t\t\t\t<p><a href=\"https:\/\/www.vl.no\/nyheter\/politikk\/2019\/08\/14\/feller-hard-dom-over-norge\/\">If\u00f8lge FNs h\u00f8ykommiss\u00e6r for flyktninger<\/a> (UNHCR) er det \u00abuoverstigelige hindringer og barrierer som en flyktning m\u00f8ter i en s\u00f8knadsprosess om familiegjenforening i Norge\u00bb.<\/p>\t\t\t\t\t\t\t\t<\/div>\n\t\t\t\t<\/div>\n\t\t\t\t<div class=\"elementor-element elementor-element-469c605 elementor-widget elementor-widget-text-editor\" data-id=\"469c605\" data-element_type=\"widget\" data-e-type=\"widget\" data-widget_type=\"text-editor.default\">\n\t\t\t\t<div class=\"elementor-widget-container\">\n\t\t\t\t\t\t\t\t\t<p>Norge har blant verdens <a href=\"https:\/\/www.noas.no\/wp-content\/uploads\/2019\/11\/Realizing_Refugees_Right_to_Family_Unity.pdf\">dyreste og mest krevende prosess<\/a> for flyktninger som \u00f8nsker gjenforening med n\u00e6rmeste familie.<\/p>\t\t\t\t\t\t\t\t<\/div>\n\t\t\t\t<\/div>\n\t\t\t\t\t<\/div>\n\t\t<\/div>\n\t\t\t\t<div class=\"elementor-column elementor-col-25 elementor-top-column elementor-element elementor-element-4f907f7e\" data-id=\"4f907f7e\" data-element_type=\"column\" data-e-type=\"column\">\n\t\t\t<div class=\"elementor-widget-wrap\">\n\t\t\t\t\t\t\t<\/div>\n\t\t<\/div>\n\t\t\t\t\t<\/div>\n\t\t<\/section>\n\t\t\t\t<section class=\"elementor-section elementor-top-section elementor-element elementor-element-15db5a9a elementor-section-boxed elementor-section-height-default elementor-section-height-default\" data-id=\"15db5a9a\" data-element_type=\"section\" data-e-type=\"section\">\n\t\t\t\t\t\t<div class=\"elementor-container elementor-column-gap-default\">\n\t\t\t\t\t<div class=\"elementor-column elementor-col-25 elementor-top-column elementor-element elementor-element-266e85f\" data-id=\"266e85f\" data-element_type=\"column\" data-e-type=\"column\">\n\t\t\t<div class=\"elementor-widget-wrap elementor-element-populated\">\n\t\t\t\t\t\t<div class=\"elementor-element elementor-element-e9f4979 elementor-widget elementor-widget-text-editor\" data-id=\"e9f4979\" data-element_type=\"widget\" data-e-type=\"widget\" data-widget_type=\"text-editor.default\">\n\t\t\t\t<div class=\"elementor-widget-container\">\n\t\t\t\t\t\t\t\t\t<div class=\"col sqs-col-3 span-3\"><div id=\"block-abc1cf7f494e5702d1c0\" class=\"sqs-block quote-block sqs-block-quote null\" data-block-type=\"31\"><div class=\"sqs-block-content\"><figure class=\"block-animation-none\"><div id=\"page-body-wrapper\" class=\"full-width\"><div id=\"page-body\"><div id=\"content-wrapper\"><div id=\"content\"><div class=\"main-content\" data-content-field=\"main-content\" data-collection-id=\"62f2bf58b749a7425be23a91\" data-edit-main-image=\"Page Banner\"><div id=\"page-62f2bf58b749a7425be23a91\" class=\"sqs-layout sqs-grid-12 columns-12\" data-type=\"page\" data-updated-on=\"1660265189390\"><div class=\"row sqs-row\"><div class=\"col sqs-col-12 span-12\"><div class=\"row sqs-row\"><div class=\"col sqs-col-3 span-3\"><div id=\"block-f80a79ee62891752ba5d\" class=\"sqs-block quote-block sqs-block-quote null\" data-block-type=\"31\"><div class=\"sqs-block-content\"><figure class=\"block-animation-none\"><p><em>\u201cNorge har blant verdens dyreste og mest krevende prosess for flyktninger som \u00f8nsker gjenforening med n\u00e6rmeste familie. \u201d<\/em><\/p><\/figure><\/div><\/div><\/div><\/div><\/div><\/div><\/div><\/div><\/div><\/div><\/div><\/div><blockquote data-animation-role=\"quote\"><div id=\"page-body-wrapper\" class=\"full-width\"><div id=\"page-body\"><div id=\"content-wrapper\"><div id=\"content\"><div id=\"page-body-footer\" class=\"extra-wrapper\"><div id=\"page-footer-62f2bf58b749a7425be23a91\" class=\"sqs-layout sqs-grid-12 columns-12 empty\" data-layout-label=\"Barns beste, foreldres synder og urimelig juss Footer Content\" data-type=\"block-field\"><div class=\"row sqs-row\"><div class=\"col sqs-col-12 span-12\">\u00a0<\/div><\/div><\/div><\/div><\/div><\/div><div id=\"body-clearer\" class=\"clearer\">\u00a0<\/div><\/div><\/div><div id=\"page-footer-wrapper\"><div id=\"page-footer\"><div id=\"footer-blocks\" class=\"sqs-layout sqs-grid-12 columns-12\" data-layout-label=\"Footer Content\" data-type=\"block-field\" data-updated-on=\"1660587613512\"><div id=\"yui_3_17_2_1_1662945310240_76\" class=\"row sqs-row\"><div id=\"yui_3_17_2_1_1662945310240_75\" class=\"col sqs-col-3 span-3\"><div id=\"block-yui_3_17_2_1_1660077840242_34376\" class=\"sqs-block spacer-block sqs-block-spacer\" data-aspect-ratio=\"5.445544554455446\" data-block-type=\"21\"><div id=\"yui_3_17_2_1_1662945310240_101\" class=\"sqs-block-content sqs-intrinsic\">\u00a0<\/div><\/div><div id=\"block-yui_3_17_2_110_1496042355005_15969\" class=\"sqs-block image-block sqs-block-image sqs-text-ready\" data-aspect-ratio=\"15.594059405940595\" data-block-type=\"5\"><div id=\"yui_3_17_2_1_1662945310240_74\" class=\"sqs-block-content\"><div id=\"yui_3_17_2_1_1662945310240_73\" class=\"image-block-outer-wrapper layout-caption-below design-layout-inline combination-animation-none individual-animation-none individual-text-animation-none sqs-narrow-width\" data-test=\"image-block-inline-outer-wrapper\"><figure id=\"yui_3_17_2_1_1662945310240_72\" class=\" sqs-block-image-figure intrinsic \"><div id=\"yui_3_17_2_1_1662945310240_70\" class=\"image-block-wrapper\" data-animation-role=\"image\"><div id=\"yui_3_17_2_1_1662945310240_69\" class=\"sqs-image-shape-container-element has-aspect-ratio \">\u00a0<\/div><\/div><\/figure><\/div><\/div><\/div><\/div><\/div><\/div><\/div><\/div><\/blockquote><\/figure><\/div><\/div><\/div><div class=\"col sqs-col-6 span-6\"><div id=\"block-734f054f8bd1ffbd58c8\" class=\"sqs-block spacer-block sqs-block-spacer sized vsize-1\" data-block-type=\"21\"><div class=\"sqs-block-content\">\u00a0<\/div><\/div><div id=\"block-2bab7b18f4b4d2f1f87c\" class=\"sqs-block html-block sqs-block-html\" data-block-type=\"2\"><div class=\"sqs-block-content\">\u00a0<\/div><\/div><\/div>\t\t\t\t\t\t\t\t<\/div>\n\t\t\t\t<\/div>\n\t\t\t\t\t<\/div>\n\t\t<\/div>\n\t\t\t\t<div class=\"elementor-column elementor-col-50 elementor-top-column elementor-element elementor-element-6c699ab\" data-id=\"6c699ab\" data-element_type=\"column\" data-e-type=\"column\">\n\t\t\t<div class=\"elementor-widget-wrap elementor-element-populated\">\n\t\t\t\t\t\t<div class=\"elementor-element elementor-element-5ae275a elementor-widget elementor-widget-text-editor\" data-id=\"5ae275a\" data-element_type=\"widget\" data-e-type=\"widget\" data-widget_type=\"text-editor.default\">\n\t\t\t\t<div class=\"elementor-widget-container\">\n\t\t\t\t\t\t\t\t\t<p>Det kan v\u00e6re dyrere og mer tidkrevende \u00e5 s\u00f8ke om familiegjenforening enn \u00e5 betale smuglere og gjennomf\u00f8re en ulovlig reise. Det f\u00f8rer til at flere legger ut p\u00e5 flukt, at mange kvinner og barn utsettes for alvorlig og un\u00f8dvendig risiko, og det bidrar til \u00e5 styrke kriminelle gjenger som organiserer smugling til Europa.<\/p>\t\t\t\t\t\t\t\t<\/div>\n\t\t\t\t<\/div>\n\t\t\t\t<div class=\"elementor-element elementor-element-3c97d239 elementor-widget elementor-widget-heading\" data-id=\"3c97d239\" data-element_type=\"widget\" data-e-type=\"widget\" data-widget_type=\"heading.default\">\n\t\t\t\t<div class=\"elementor-widget-container\">\n\t\t\t\t\t<h2 class=\"elementor-heading-title elementor-size-default\"><b>H\u00f8yt s\u00f8knadsgebyr\n<\/b><\/h2>\t\t\t\t<\/div>\n\t\t\t\t<\/div>\n\t\t\t\t<div class=\"elementor-element elementor-element-4695bc5 elementor-widget elementor-widget-text-editor\" data-id=\"4695bc5\" data-element_type=\"widget\" data-e-type=\"widget\" data-widget_type=\"text-editor.default\">\n\t\t\t\t<div class=\"elementor-widget-container\">\n\t\t\t\t\t\t\t\t\t<p>I Sverige og Danmark slipper flyktninger krav om s\u00f8knadsgebyr ved familiegjenforening. I Norge <a href=\"https:\/\/www.udi.no\/ord-og-begreper\/gebyr\/#link-3593\">m\u00e5 flyktninger betale 7.800 kr<\/a>. Kun barn under 18 \u00e5r unntas gebyret. Mange flyktninger m\u00e5 ty til svart arbeid eller sv\u00e6rt dyre l\u00e5n for \u00e5 kunne betale gebyret.<\/p>\t\t\t\t\t\t\t\t<\/div>\n\t\t\t\t<\/div>\n\t\t\t\t<div class=\"elementor-element elementor-element-6e17e69 elementor-widget elementor-widget-heading\" data-id=\"6e17e69\" data-element_type=\"widget\" data-e-type=\"widget\" data-widget_type=\"heading.default\">\n\t\t\t\t<div class=\"elementor-widget-container\">\n\t\t\t\t\t<h2 class=\"elementor-heading-title elementor-size-default\"><b>Snevert familiebegrep\n<\/b><\/h2>\t\t\t\t<\/div>\n\t\t\t\t<\/div>\n\t\t\t\t<div class=\"elementor-element elementor-element-1fbb659 elementor-widget elementor-widget-text-editor\" data-id=\"1fbb659\" data-element_type=\"widget\" data-e-type=\"widget\" data-widget_type=\"text-editor.default\">\n\t\t\t\t<div class=\"elementor-widget-container\">\n\t\t\t\t\t\t\t\t\t<p>Kun ektefeller\/samboere, mindre\u00e5rige barn og foreldre til mindre\u00e5rige barn har rett p\u00e5 familiegjenforening. Andre familiemedlemmer vil bare unntaksvis f\u00e5 innvilget familiegjenforening. For eksempel vil en syrisk flyktning i Norge kunne f\u00e5 gjenforening med kone og mindre\u00e5rige barn, mens hans barn som har fylt 18 \u00e5r f\u00e5r avslag. Familier splittes.<\/p>\t\t\t\t\t\t\t\t<\/div>\n\t\t\t\t<\/div>\n\t\t\t\t\t<\/div>\n\t\t<\/div>\n\t\t\t\t<div class=\"elementor-column elementor-col-25 elementor-top-column elementor-element elementor-element-3883bcc5\" data-id=\"3883bcc5\" data-element_type=\"column\" data-e-type=\"column\">\n\t\t\t<div class=\"elementor-widget-wrap\">\n\t\t\t\t\t\t\t<\/div>\n\t\t<\/div>\n\t\t\t\t\t<\/div>\n\t\t<\/section>\n\t\t\t\t<section class=\"elementor-section elementor-top-section elementor-element elementor-element-cf75636 elementor-section-boxed elementor-section-height-default elementor-section-height-default\" data-id=\"cf75636\" data-element_type=\"section\" data-e-type=\"section\">\n\t\t\t\t\t\t<div class=\"elementor-container elementor-column-gap-default\">\n\t\t\t\t\t<div class=\"elementor-column elementor-col-25 elementor-top-column elementor-element elementor-element-84549e8\" data-id=\"84549e8\" data-element_type=\"column\" data-e-type=\"column\">\n\t\t\t<div class=\"elementor-widget-wrap\">\n\t\t\t\t\t\t\t<\/div>\n\t\t<\/div>\n\t\t\t\t<div class=\"elementor-column elementor-col-50 elementor-top-column elementor-element elementor-element-76a2747\" data-id=\"76a2747\" data-element_type=\"column\" data-e-type=\"column\">\n\t\t\t<div class=\"elementor-widget-wrap elementor-element-populated\">\n\t\t\t\t\t\t<div class=\"elementor-element elementor-element-e35bfc6 elementor-widget elementor-widget-text-editor\" data-id=\"e35bfc6\" data-element_type=\"widget\" data-e-type=\"widget\" data-widget_type=\"text-editor.default\">\n\t\t\t\t<div class=\"elementor-widget-container\">\n\t\t\t\t\t\t\t\t\t<div class=\"elementor-element elementor-element-293382f2 elementor-widget elementor-widget-heading\" data-id=\"293382f2\" data-element_type=\"widget\" data-widget_type=\"heading.default\"><div class=\"elementor-widget-container\"><h2 class=\"elementor-heading-title elementor-size-default\"><b>Utvisningssaker<\/b><\/h2><\/div><\/div><div class=\"elementor-element elementor-element-3fae863 elementor-widget elementor-widget-text-editor\" data-id=\"3fae863\" data-element_type=\"widget\" data-widget_type=\"text-editor.default\"><div class=\"elementor-widget-container\"><p>En utlending som\u00a0<a href=\"https:\/\/noas.no\/riketstilstand\/utvisning\/\">utvises fra Norge<\/a>, har rett til gratis rettshjelp n\u00e5r personen utvises for brudd p\u00e5 utlendingsloven, for eksempel ved oversittet utreisefrist. Personer som utvises p\u00e5 grunn av brudd p\u00e5 straffeloven, har ikke rett til gratis rettshjelp.<\/p><\/div><\/div><div class=\"elementor-element elementor-element-de0e5be elementor-widget elementor-widget-text-editor\" data-id=\"de0e5be\" data-element_type=\"widget\" data-widget_type=\"text-editor.default\"><div class=\"elementor-widget-container\"><p>I utvisningssaker gis det tre timer rettshjelp f\u00f8r UDI fatter sitt vedtak. Ved klage til UNE gis et tillegg p\u00e5 \u00e9n time rettshjelp. Det er sjeldent utlendingen gis mulighet til \u00e5 m\u00f8te og\u00a0<a href=\"https:\/\/noas.no\/riketstilstand\/rettssikkerhet-i-une\/\">forklare seg muntlig for UNE<\/a>. Men dersom UNE innkaller til nemndm\u00f8te med personlig fremm\u00f8te, gis et tillegg p\u00e5 fem timer rettshjelp. Antall timer rettshjelp i utvisningssaker er alt for lavt til \u00e5 ivareta rettssikkerheten. Ofte vil utvisningssaken v\u00e6re knyttet til opprinnelig asyls\u00f8knad eller annen type oppholdstillatelse, som advokaten ogs\u00e5 m\u00e5 sette seg inn i.<\/p><\/div><\/div><div class=\"elementor-element elementor-element-998c52b elementor-widget elementor-widget-text-editor\" data-id=\"998c52b\" data-element_type=\"widget\" data-widget_type=\"text-editor.default\"><div class=\"elementor-widget-container\"><p>Rettshjelpsutvalget foresl\u00e5r at antall timer rettshjelp \u00f8kes fra tre til fem timer ved varsel om utvisning, og fra \u00e9n til tre timer ved klage p\u00e5 UDIs vedtak.<\/p><\/div><\/div><div class=\"elementor-element elementor-element-7fa3a40 elementor-widget elementor-widget-text-editor\" data-id=\"7fa3a40\" data-element_type=\"widget\" data-widget_type=\"text-editor.default\"><div class=\"elementor-widget-container\"><p>Regjeringen har fra juli 2022 innf\u00f8rt at det i utvisningssaker der utlendingen har mindre\u00e5rige barn som er bosatt i Norge og som er norske borgere eller har oppholdstillatelse eller oppholdsrett i Norge, etter forh\u00e5ndsvarsel om utvisning skal gis et tillegg p\u00e5 tre timer rettshjelp for hvert barn som blir ber\u00f8rt \u2013 f\u00f8r UDI fatter sitt vedtak. Ved klage gis det et tillegg p\u00e5 to timers rettshjelp for hvert barn som blir ber\u00f8rt.<\/p><\/div><\/div><div class=\"elementor-element elementor-element-52863abd elementor-widget elementor-widget-heading\" data-id=\"52863abd\" data-element_type=\"widget\" data-widget_type=\"heading.default\"><div class=\"elementor-widget-container\"><h2 class=\"elementor-heading-title elementor-size-default\"><b>Familieinnvandringssaker<\/b><\/h2><\/div><\/div><div class=\"elementor-element elementor-element-64d01de elementor-widget elementor-widget-text-editor\" data-id=\"64d01de\" data-element_type=\"widget\" data-widget_type=\"text-editor.default\"><div class=\"elementor-widget-container\"><p>Selv om regelverk og praksis i\u00a0<a href=\"https:\/\/noas.no\/riketstilstand\/familiegjenforening\/\">familieinnvandringssaker<\/a>\u00a0er komplisert og retthjelpsbehovet stort, har ikke familier som s\u00f8ker familiegjenforening i Norge rett til gratis rettshjelp. Dette kan bety at familier med rett til familiegjenforening ikke f\u00e5r retten oppfylt p\u00e5 grunn av manglende rettshjelp.<\/p><\/div><\/div><div class=\"elementor-element elementor-element-7c78cde4 elementor-widget elementor-widget-heading\" data-id=\"7c78cde4\" data-element_type=\"widget\" data-widget_type=\"heading.default\"><div class=\"elementor-widget-container\"><h2 class=\"elementor-heading-title elementor-size-default\"><b>Rettshjelp fra NOAS<\/b><\/h2><\/div><\/div><div class=\"elementor-element elementor-element-3b78153 elementor-widget elementor-widget-text-editor\" data-id=\"3b78153\" data-element_type=\"widget\" data-widget_type=\"text-editor.default\"><div class=\"elementor-widget-container\"><p>NOAS gir rettshjelp i saker om asyl, familieinnvandring, permanent oppholdstillatelse og<\/p><\/div><\/div>\t\t\t\t\t\t\t\t<\/div>\n\t\t\t\t<\/div>\n\t\t\t\t\t<\/div>\n\t\t<\/div>\n\t\t\t\t<div class=\"elementor-column elementor-col-25 elementor-top-column elementor-element elementor-element-54a554b\" data-id=\"54a554b\" data-element_type=\"column\" data-e-type=\"column\">\n\t\t\t<div class=\"elementor-widget-wrap elementor-element-populated\">\n\t\t\t\t\t\t<div class=\"elementor-element elementor-element-30aaa8e elementor-widget elementor-widget-text-editor\" data-id=\"30aaa8e\" data-element_type=\"widget\" data-e-type=\"widget\" data-widget_type=\"text-editor.default\">\n\t\t\t\t<div class=\"elementor-widget-container\">\n\t\t\t\t\t\t\t\t\t<blockquote><p>\u201cFlere hundre s\u00f8kere har ventet p\u00e5 svar i rundt to \u00e5r eller mer.\u00a0\u201d<\/p><\/blockquote>\t\t\t\t\t\t\t\t<\/div>\n\t\t\t\t<\/div>\n\t\t\t\t\t<\/div>\n\t\t<\/div>\n\t\t\t\t\t<\/div>\n\t\t<\/section>\n\t\t\t\t<\/div>\n\t\t","protected":false},"excerpt":{"rendered":"<p>Familiegjenforening Norge legger s\u00e5 mange hindringer i veien for at familier skal f\u00e5 v\u00e6re sammen, at FN mener det bryter med menneskerettighetene. FOTO: FIZKES\/SHUTTERSTOCK If\u00f8lge FNs h\u00f8ykommiss\u00e6r for flyktninger (UNHCR) er det \u00abuoverstigelige hindringer og barrierer som en flyktning m\u00f8ter i en s\u00f8knadsprosess om familiegjenforening i Norge\u00bb. If\u00f8lge FNs h\u00f8ykommiss\u00e6r for flyktninger (UNHCR) er det [&hellip;]<\/p>\n","protected":false},"author":1,"featured_media":0,"parent":0,"menu_order":0,"comment_status":"closed","ping_status":"closed","template":"","meta":{"_acf_changed":false,"site-sidebar-layout":"no-sidebar","site-content-layout":"page-builder","ast-site-content-layout":"default","site-content-style":"default","site-sidebar-style":"default","ast-global-header-display":"","ast-banner-title-visibility":"","ast-main-header-display":"","ast-hfb-above-header-display":"","ast-hfb-below-header-display":"","ast-hfb-mobile-header-display":"","site-post-title":"disabled","ast-breadcrumbs-content":"","ast-featured-img":"disabled","footer-sml-layout":"","ast-disable-related-posts":"","theme-transparent-header-meta":"default","adv-header-id-meta":"","stick-header-meta":"","header-above-stick-meta":"","header-main-stick-meta":"","header-below-stick-meta":"","astra-migrate-meta-layouts":"default","ast-page-background-enabled":"default","ast-page-background-meta":{"desktop":{"background-color":"var(--ast-global-color-4)","background-image":"","background-repeat":"repeat","background-position":"center center","background-size":"auto","background-attachment":"scroll","background-type":"","background-media":"","overlay-type":"","overlay-color":"","overlay-opacity":"","overlay-gradient":""},"tablet":{"background-color":"","background-image":"","background-repeat":"repeat","background-position":"center center","background-size":"auto","background-attachment":"scroll","background-type":"","background-media":"","overlay-type":"","overlay-color":"","overlay-opacity":"","overlay-gradient":""},"mobile":{"background-color":"","background-image":"","background-repeat":"repeat","background-position":"center center","background-size":"auto","background-attachment":"scroll","background-type":"","background-media":"","overlay-type":"","overlay-color":"","overlay-opacity":"","overlay-gradient":""}},"ast-content-background-meta":{"desktop":{"background-color":"var(--ast-global-color-5)","background-image":"","background-repeat":"repeat","background-position":"center center","background-size":"auto","background-attachment":"scroll","background-type":"","background-media":"","overlay-type":"","overlay-color":"","overlay-opacity":"","overlay-gradient":""},"tablet":{"background-color":"var(--ast-global-color-5)","background-image":"","background-repeat":"repeat","background-position":"center center","background-size":"auto","background-attachment":"scroll","background-type":"","background-media":"","overlay-type":"","overlay-color":"","overlay-opacity":"","overlay-gradient":""},"mobile":{"background-color":"var(--ast-global-color-5)","background-image":"","background-repeat":"repeat","background-position":"center center","background-size":"auto","background-attachment":"scroll","background-type":"","background-media":"","overlay-type":"","overlay-color":"","overlay-opacity":"","overlay-gradient":""}},"footnotes":""},"class_list":["post-170","page","type-page","status-publish","hentry"],"acf":[],"_links":{"self":[{"href":"https:\/\/noas.no\/riketstilstand\/wp-json\/wp\/v2\/pages\/170","targetHints":{"allow":["GET"]}}],"collection":[{"href":"https:\/\/noas.no\/riketstilstand\/wp-json\/wp\/v2\/pages"}],"about":[{"href":"https:\/\/noas.no\/riketstilstand\/wp-json\/wp\/v2\/types\/page"}],"author":[{"embeddable":true,"href":"https:\/\/noas.no\/riketstilstand\/wp-json\/wp\/v2\/users\/1"}],"replies":[{"embeddable":true,"href":"https:\/\/noas.no\/riketstilstand\/wp-json\/wp\/v2\/comments?post=170"}],"version-history":[{"count":67,"href":"https:\/\/noas.no\/riketstilstand\/wp-json\/wp\/v2\/pages\/170\/revisions"}],"predecessor-version":[{"id":6409,"href":"https:\/\/noas.no\/riketstilstand\/wp-json\/wp\/v2\/pages\/170\/revisions\/6409"}],"wp:attachment":[{"href":"https:\/\/noas.no\/riketstilstand\/wp-json\/wp\/v2\/media?parent=170"}],"curies":[{"name":"wp","href":"https:\/\/api.w.org\/{rel}","templated":true}]}}