{"id":161,"date":"2022-09-07T06:08:42","date_gmt":"2022-09-07T06:08:42","guid":{"rendered":"https:\/\/noas.no\/riketstilstand\/?page_id=161"},"modified":"2023-04-17T19:55:14","modified_gmt":"2023-04-17T19:55:14","slug":"rettshjelp","status":"publish","type":"page","link":"https:\/\/noas.no\/riketstilstand\/rettshjelp\/","title":{"rendered":"RETTSHJELP"},"content":{"rendered":"\t\t<div data-elementor-type=\"wp-page\" data-elementor-id=\"161\" class=\"elementor elementor-161\">\n\t\t\t\t\t\t<section class=\"elementor-section elementor-top-section elementor-element elementor-element-42dfd031 elementor-section-height-full elementor-section-boxed elementor-section-height-default elementor-section-items-middle\" data-id=\"42dfd031\" data-element_type=\"section\" data-e-type=\"section\" data-settings=\"{&quot;background_background&quot;:&quot;classic&quot;}\">\n\t\t\t\t\t\t\t<div class=\"elementor-background-overlay\"><\/div>\n\t\t\t\t\t\t\t<div class=\"elementor-container elementor-column-gap-default\">\n\t\t\t\t\t<div class=\"elementor-column elementor-col-100 elementor-top-column elementor-element elementor-element-695e1b7a\" data-id=\"695e1b7a\" data-element_type=\"column\" data-e-type=\"column\">\n\t\t\t<div class=\"elementor-widget-wrap elementor-element-populated\">\n\t\t\t\t\t\t<div class=\"elementor-element elementor-element-1b958819 elementor-widget elementor-widget-heading\" data-id=\"1b958819\" data-element_type=\"widget\" data-e-type=\"widget\" data-widget_type=\"heading.default\">\n\t\t\t\t<div class=\"elementor-widget-container\">\n\t\t\t\t\t<h4 class=\"elementor-heading-title elementor-size-default\">Rettshjelp\n<\/h4>\t\t\t\t<\/div>\n\t\t\t\t<\/div>\n\t\t\t\t<div class=\"elementor-element elementor-element-40a6b26 elementor-widget elementor-widget-text-editor\" data-id=\"40a6b26\" data-element_type=\"widget\" data-e-type=\"widget\" data-widget_type=\"text-editor.default\">\n\t\t\t\t<div class=\"elementor-widget-container\">\n\t\t\t\t\t\t\t\t\t<div id=\"page-header-wrapper\"><div id=\"page-header\"><div id=\"banner-area-wrapper\"><div id=\"banner-area\"><div id=\"page-title-wrapper\" class=\"js-text-shrink\" data-collection-id=\"601bb7e16a53ba6b6ad35cce\" data-edit-main-image=\"Page Banner\"><div id=\"page-description\" class=\"page-description\"><p class=\"\"><em>Antall timer rettshjelp i utlendingssaker er for lite til \u00e5 sikre grunnleggende <\/em><em>rettssikkerhet.<\/em><\/p><\/div><\/div><\/div><\/div><\/div><\/div><p><em>\u00a0<\/em><\/p>\t\t\t\t\t\t\t\t<\/div>\n\t\t\t\t<\/div>\n\t\t\t\t\t<\/div>\n\t\t<\/div>\n\t\t\t\t\t<\/div>\n\t\t<\/section>\n\t\t\t\t<section class=\"elementor-section elementor-top-section elementor-element elementor-element-1a897f9f elementor-section-boxed elementor-section-height-default elementor-section-height-default\" data-id=\"1a897f9f\" data-element_type=\"section\" data-e-type=\"section\">\n\t\t\t\t\t\t<div class=\"elementor-container elementor-column-gap-default\">\n\t\t\t\t\t<div class=\"elementor-column elementor-col-100 elementor-top-column elementor-element elementor-element-a09306e\" data-id=\"a09306e\" data-element_type=\"column\" data-e-type=\"column\">\n\t\t\t<div class=\"elementor-widget-wrap elementor-element-populated\">\n\t\t\t\t\t\t<div class=\"elementor-element elementor-element-e769fc9 elementor-widget elementor-widget-text-editor\" data-id=\"e769fc9\" data-element_type=\"widget\" data-e-type=\"widget\" data-widget_type=\"text-editor.default\">\n\t\t\t\t<div class=\"elementor-widget-container\">\n\t\t\t\t\t\t\t\t\t<p><em>FOTO: SHUTTERSTOCK<\/em><\/p>\t\t\t\t\t\t\t\t<\/div>\n\t\t\t\t<\/div>\n\t\t\t\t\t<\/div>\n\t\t<\/div>\n\t\t\t\t\t<\/div>\n\t\t<\/section>\n\t\t\t\t<section class=\"elementor-section elementor-top-section elementor-element elementor-element-abc58e2 elementor-section-boxed elementor-section-height-default elementor-section-height-default\" data-id=\"abc58e2\" data-element_type=\"section\" data-e-type=\"section\">\n\t\t\t\t\t\t<div class=\"elementor-container elementor-column-gap-default\">\n\t\t\t\t\t<div class=\"elementor-column elementor-col-33 elementor-top-column elementor-element elementor-element-11c6c1b3\" data-id=\"11c6c1b3\" data-element_type=\"column\" data-e-type=\"column\">\n\t\t\t<div class=\"elementor-widget-wrap elementor-element-populated\">\n\t\t\t\t\t\t<div class=\"elementor-element elementor-element-5e7a012 elementor-widget elementor-widget-text-editor\" data-id=\"5e7a012\" data-element_type=\"widget\" data-e-type=\"widget\" data-widget_type=\"text-editor.default\">\n\t\t\t\t<div class=\"elementor-widget-container\">\n\t\t\t\t\t\t\t\t\t<div class=\"col sqs-col-3 span-3\"><div id=\"block-abc1cf7f494e5702d1c0\" class=\"sqs-block quote-block sqs-block-quote null\" data-block-type=\"31\"><div class=\"sqs-block-content\"><figure class=\"block-animation-none\"><div id=\"page-body-wrapper\" class=\"full-width\"><div id=\"page-body\"><div id=\"content-wrapper\"><div id=\"content\"><div class=\"main-content\" data-content-field=\"main-content\" data-collection-id=\"62f2bf58b749a7425be23a91\" data-edit-main-image=\"Page Banner\"><div id=\"page-62f2bf58b749a7425be23a91\" class=\"sqs-layout sqs-grid-12 columns-12\" data-type=\"page\" data-updated-on=\"1660265189390\"><div class=\"row sqs-row\"><div class=\"col sqs-col-12 span-12\"><div class=\"row sqs-row\"><div class=\"col sqs-col-3 span-3\"><div id=\"block-f80a79ee62891752ba5d\" class=\"sqs-block quote-block sqs-block-quote null\" data-block-type=\"31\"><div class=\"sqs-block-content\"><figure class=\"block-animation-none\"><em>\u201cDet gis kun fem timer gratis rettshjelp (fritt rettsr\u00e5d) i en vanlig asylsak\u201d<\/em><\/figure><\/div><\/div><\/div><\/div><\/div><\/div><\/div><\/div><\/div><\/div><\/div><\/div><blockquote data-animation-role=\"quote\"><div id=\"page-body-wrapper\" class=\"full-width\"><div id=\"page-body\"><div id=\"content-wrapper\"><div id=\"content\"><div id=\"page-body-footer\" class=\"extra-wrapper\"><div id=\"page-footer-62f2bf58b749a7425be23a91\" class=\"sqs-layout sqs-grid-12 columns-12 empty\" data-layout-label=\"Barns beste, foreldres synder og urimelig juss Footer Content\" data-type=\"block-field\"><div class=\"row sqs-row\"><div class=\"col sqs-col-12 span-12\">\u00a0<\/div><\/div><\/div><\/div><\/div><\/div><div id=\"body-clearer\" class=\"clearer\">\u00a0<\/div><\/div><\/div><div id=\"page-footer-wrapper\"><div id=\"page-footer\"><div id=\"footer-blocks\" class=\"sqs-layout sqs-grid-12 columns-12\" data-layout-label=\"Footer Content\" data-type=\"block-field\" data-updated-on=\"1660587613512\"><div id=\"yui_3_17_2_1_1662945310240_76\" class=\"row sqs-row\"><div id=\"yui_3_17_2_1_1662945310240_75\" class=\"col sqs-col-3 span-3\"><div id=\"block-yui_3_17_2_1_1660077840242_34376\" class=\"sqs-block spacer-block sqs-block-spacer\" data-aspect-ratio=\"5.445544554455446\" data-block-type=\"21\"><div id=\"yui_3_17_2_1_1662945310240_101\" class=\"sqs-block-content sqs-intrinsic\">\u00a0<\/div><\/div><div id=\"block-yui_3_17_2_110_1496042355005_15969\" class=\"sqs-block image-block sqs-block-image sqs-text-ready\" data-aspect-ratio=\"15.594059405940595\" data-block-type=\"5\"><div id=\"yui_3_17_2_1_1662945310240_74\" class=\"sqs-block-content\"><div id=\"yui_3_17_2_1_1662945310240_73\" class=\"image-block-outer-wrapper layout-caption-below design-layout-inline combination-animation-none individual-animation-none individual-text-animation-none sqs-narrow-width\" data-test=\"image-block-inline-outer-wrapper\"><figure id=\"yui_3_17_2_1_1662945310240_72\" class=\" sqs-block-image-figure intrinsic \"><div id=\"yui_3_17_2_1_1662945310240_70\" class=\"image-block-wrapper\" data-animation-role=\"image\"><div id=\"yui_3_17_2_1_1662945310240_69\" class=\"sqs-image-shape-container-element has-aspect-ratio \">\u00a0<\/div><\/div><\/figure><\/div><\/div><\/div><\/div><\/div><\/div><\/div><\/div><\/blockquote><\/figure><\/div><\/div><\/div><div class=\"col sqs-col-6 span-6\"><div id=\"block-734f054f8bd1ffbd58c8\" class=\"sqs-block spacer-block sqs-block-spacer sized vsize-1\" data-block-type=\"21\"><div class=\"sqs-block-content\">\u00a0<\/div><\/div><div id=\"block-2bab7b18f4b4d2f1f87c\" class=\"sqs-block html-block sqs-block-html\" data-block-type=\"2\"><div class=\"sqs-block-content\">\u00a0<\/div><\/div><\/div>\t\t\t\t\t\t\t\t<\/div>\n\t\t\t\t<\/div>\n\t\t\t\t\t<\/div>\n\t\t<\/div>\n\t\t\t\t<div class=\"elementor-column elementor-col-33 elementor-top-column elementor-element elementor-element-445bb82\" data-id=\"445bb82\" data-element_type=\"column\" data-e-type=\"column\">\n\t\t\t<div class=\"elementor-widget-wrap elementor-element-populated\">\n\t\t\t\t\t\t<div class=\"elementor-element elementor-element-c29adaf elementor-widget elementor-widget-text-editor\" data-id=\"c29adaf\" data-element_type=\"widget\" data-e-type=\"widget\" data-widget_type=\"text-editor.default\">\n\t\t\t\t<div class=\"elementor-widget-container\">\n\t\t\t\t\t\t\t\t\t<p>For \u00e5 sikre mennesker som har flyktet til Norge grunnleggende rettssikkerhet, er rettshjelp n\u00f8dvendig. Rettshjelpsbehovet i utlendingssaker er stort, og dagens rettshjelpsordning gir ikke tilstrekkelig antall timer rettshjelp.<\/p><p>I april 2020 leverte <a href=\"https:\/\/www.regjeringen.no\/no\/dep\/jd\/org\/styre-rad-og-utval\/innstillinger\/innstillinger-fra-utvalg\/innstillinger-levert-i-2020\/rettshjelpsutvalget\/id2609190\/\">Rettshjelpsutvalget<\/a> sin <a href=\"https:\/\/www.regjeringen.no\/no\/dokumenter\/nou-2020-5\/id2700210\/?fbclid=IwAR2b1SAyaT3sJ3MtqPCV5Fx0PglndErea7MngGLDxPWTH56oaJMtggEmDbo\">utredning<\/a>, som foresl\u00e5r en styrking av rettshjelpen i utlendingssaker. Les NOAS\u2019 h\u00f8ringsuttalelse til utredningen <a href=\"https:\/\/www.noas.no\/wp-content\/uploads\/2020\/11\/NOAS-h%C3%B8ringssvar-NOU-2020-5-Likhet-for-loven.pdf\">her<\/a>. Utredningen er fortsatt til behandling i Justis- og beredskapsdepartementet.<\/p>\t\t\t\t\t\t\t\t<\/div>\n\t\t\t\t<\/div>\n\t\t\t\t<div class=\"elementor-element elementor-element-32ef881f elementor-widget elementor-widget-heading\" data-id=\"32ef881f\" data-element_type=\"widget\" data-e-type=\"widget\" data-widget_type=\"heading.default\">\n\t\t\t\t<div class=\"elementor-widget-container\">\n\t\t\t\t\t<h2 class=\"elementor-heading-title elementor-size-default\"><b>Asylsaker\n<\/b><\/h2>\t\t\t\t<\/div>\n\t\t\t\t<\/div>\n\t\t\t\t<div class=\"elementor-element elementor-element-5c626d9 elementor-widget elementor-widget-text-editor\" data-id=\"5c626d9\" data-element_type=\"widget\" data-e-type=\"widget\" data-widget_type=\"text-editor.default\">\n\t\t\t\t<div class=\"elementor-widget-container\">\n\t\t\t\t\t\t\t\t\t<p>Det gis kun fem timer gratis rettshjelp (fritt rettsr\u00e5d) i en vanlig asylsak, dersom Utlendingsdirektoratet (UDI) har fattet avslag i saken. Det er for lite rettshjelp til \u00e5 sikre grunnleggende rettssikkerhet for den enkelte. I l\u00f8pet av fem timer skal advokaten sette seg inn i saken, ha samtale med klienten \u2013 oftest med tolk, innhente n\u00f8dvendig informasjon, utrede juridiske og landfaglige problemstillinger, skrive klagen og informere sin klient om utfallet.<\/p><p>I de f\u00e5 sakene der asyls\u00f8keren f\u00e5r m\u00f8te og forklare seg i nemndm\u00f8te i Utlendingsnemnda (UNE), gis det ytterligere fem timer rettshjelp. Selve m\u00f8tet vil vanligvis ta lengre tid enn fem timer. Det betyr at advokaten i praksis ikke f\u00e5r betalt for forberedende arbeid, som \u00e5 m\u00f8te klienten i forkant av nemndm\u00f8tet. Det er uholdbart, og kan ha som ytterste konsekvens at flyktninger ikke f\u00e5r den beskyttelsen de har behov for og rett til.<\/p><p>Rettshjelpsutvalget foresl\u00e5r at antall timer rettshjelp i en vanlig asylsak \u00f8kes fra fem til \u00e5tte timer. Utvalget foresl\u00e5r ogs\u00e5 at advokater betales for faktiske timer brukt i nemndm\u00f8ter, pluss tre timer til forberedelser.<\/p>\t\t\t\t\t\t\t\t<\/div>\n\t\t\t\t<\/div>\n\t\t\t\t<div class=\"elementor-element elementor-element-864ed2c elementor-widget elementor-widget-image\" data-id=\"864ed2c\" data-element_type=\"widget\" data-e-type=\"widget\" data-widget_type=\"image.default\">\n\t\t\t\t<div class=\"elementor-widget-container\">\n\t\t\t\t\t\t\t\t\t\t\t\t<figure class=\"wp-caption\">\n\t\t\t\t\t\t\t\t\t\t<img fetchpriority=\"high\" decoding=\"async\" width=\"750\" height=\"563\" src=\"https:\/\/noas.no\/riketstilstand\/wp-content\/uploads\/2022\/09\/231-1.jpg\" class=\"attachment-large size-large wp-image-5951\" alt=\"\" srcset=\"https:\/\/noas.no\/riketstilstand\/wp-content\/uploads\/2022\/09\/231-1.jpg 750w, https:\/\/noas.no\/riketstilstand\/wp-content\/uploads\/2022\/09\/231-1-300x225.jpg 300w\" sizes=\"(max-width: 750px) 100vw, 750px\" \/>\t\t\t\t\t\t\t\t\t\t\t<figcaption class=\"widget-image-caption wp-caption-text\">DET GIS FOR LITE RETTSHJELP TIL ASYLS\u00d8KERE OG FLYKTNINGER TIL \u00c5 SIKRE GRUNNLEGGENDE RETTSSIKKERHET FOR DEN ENKELTE. FOTO: SHUTTERSTOCK<\/figcaption>\n\t\t\t\t\t\t\t\t\t\t<\/figure>\n\t\t\t\t\t\t\t\t\t<\/div>\n\t\t\t\t<\/div>\n\t\t\t\t<div class=\"elementor-element elementor-element-83b09a4 elementor-widget elementor-widget-text-editor\" data-id=\"83b09a4\" data-element_type=\"widget\" data-e-type=\"widget\" data-widget_type=\"text-editor.default\">\n\t\t\t\t<div class=\"elementor-widget-container\">\n\t\t\t\t\t\t\t\t\t<div class=\"elementor-element elementor-element-293382f2 elementor-widget elementor-widget-heading\" data-id=\"293382f2\" data-element_type=\"widget\" data-widget_type=\"heading.default\"><div class=\"elementor-widget-container\"><h2 class=\"elementor-heading-title elementor-size-default\"><b>Utvisningssaker<\/b><\/h2><\/div><\/div><div class=\"elementor-element elementor-element-3fae863 elementor-widget elementor-widget-text-editor\" data-id=\"3fae863\" data-element_type=\"widget\" data-widget_type=\"text-editor.default\"><div class=\"elementor-widget-container\"><p>En utlending som\u00a0<a href=\"https:\/\/noas.no\/riketstilstand\/utvisning\/\">utvises fra Norge<\/a>, har rett til gratis rettshjelp n\u00e5r personen utvises for brudd p\u00e5 utlendingsloven, for eksempel ved oversittet utreisefrist. Personer som utvises p\u00e5 grunn av brudd p\u00e5 straffeloven, har ikke rett til gratis rettshjelp.<\/p><\/div><\/div><div class=\"elementor-element elementor-element-de0e5be elementor-widget elementor-widget-text-editor\" data-id=\"de0e5be\" data-element_type=\"widget\" data-widget_type=\"text-editor.default\"><div class=\"elementor-widget-container\"><p>I utvisningssaker gis det tre timer rettshjelp f\u00f8r UDI fatter sitt vedtak. Ved klage til UNE gis et tillegg p\u00e5 \u00e9n time rettshjelp. Det er sjeldent utlendingen gis mulighet til \u00e5 m\u00f8te og\u00a0<a href=\"https:\/\/noas.no\/riketstilstand\/rettssikkerhet-i-une\/\">forklare seg muntlig for UNE<\/a>. Men dersom UNE innkaller til nemndm\u00f8te med personlig fremm\u00f8te, gis et tillegg p\u00e5 fem timer rettshjelp. Antall timer rettshjelp i utvisningssaker er alt for lavt til \u00e5 ivareta rettssikkerheten. Ofte vil utvisningssaken v\u00e6re knyttet til opprinnelig asyls\u00f8knad eller annen type oppholdstillatelse, som advokaten ogs\u00e5 m\u00e5 sette seg inn i.<\/p><\/div><\/div><div class=\"elementor-element elementor-element-998c52b elementor-widget elementor-widget-text-editor\" data-id=\"998c52b\" data-element_type=\"widget\" data-widget_type=\"text-editor.default\"><div class=\"elementor-widget-container\"><p>Rettshjelpsutvalget foresl\u00e5r at antall timer rettshjelp \u00f8kes fra tre til fem timer ved varsel om utvisning, og fra \u00e9n til tre timer ved klage p\u00e5 UDIs vedtak.<\/p><\/div><\/div><div class=\"elementor-element elementor-element-7fa3a40 elementor-widget elementor-widget-text-editor\" data-id=\"7fa3a40\" data-element_type=\"widget\" data-widget_type=\"text-editor.default\"><div class=\"elementor-widget-container\"><p>Regjeringen har fra juli 2022 innf\u00f8rt at det i utvisningssaker der utlendingen har mindre\u00e5rige barn som er bosatt i Norge og som er norske borgere eller har oppholdstillatelse eller oppholdsrett i Norge, etter forh\u00e5ndsvarsel om utvisning skal gis et tillegg p\u00e5 tre timer rettshjelp for hvert barn som blir ber\u00f8rt \u2013 f\u00f8r UDI fatter sitt vedtak. Ved klage gis det et tillegg p\u00e5 to timers rettshjelp for hvert barn som blir ber\u00f8rt.<\/p><\/div><\/div><div class=\"elementor-element elementor-element-52863abd elementor-widget elementor-widget-heading\" data-id=\"52863abd\" data-element_type=\"widget\" data-widget_type=\"heading.default\"><div class=\"elementor-widget-container\"><h2 class=\"elementor-heading-title elementor-size-default\"><b>Familieinnvandringssaker<\/b><\/h2><\/div><\/div><div class=\"elementor-element elementor-element-64d01de elementor-widget elementor-widget-text-editor\" data-id=\"64d01de\" data-element_type=\"widget\" data-widget_type=\"text-editor.default\"><div class=\"elementor-widget-container\"><p>Selv om regelverk og praksis i\u00a0<a href=\"https:\/\/noas.no\/riketstilstand\/familiegjenforening\/\">familieinnvandringssaker<\/a>\u00a0er komplisert og retthjelpsbehovet stort, har ikke familier som s\u00f8ker familiegjenforening i Norge rett til gratis rettshjelp. Dette kan bety at familier med rett til familiegjenforening ikke f\u00e5r retten oppfylt p\u00e5 grunn av manglende rettshjelp.<\/p><\/div><\/div><div class=\"elementor-element elementor-element-7c78cde4 elementor-widget elementor-widget-heading\" data-id=\"7c78cde4\" data-element_type=\"widget\" data-widget_type=\"heading.default\"><div class=\"elementor-widget-container\"><h2 class=\"elementor-heading-title elementor-size-default\"><b>Rettshjelp fra NOAS<\/b><\/h2><\/div><\/div><div class=\"elementor-element elementor-element-3b78153 elementor-widget elementor-widget-text-editor\" data-id=\"3b78153\" data-element_type=\"widget\" data-widget_type=\"text-editor.default\"><div class=\"elementor-widget-container\"><p>NOAS gir rettshjelp i saker om asyl, familieinnvandring, permanent oppholdstillatelse og statsborgerskap. Sakene vi mottar har de siste \u00e5rene blitt mer kompliserte og ressurskrevende, som f\u00f8lge av kraftige innstramninger i asylpolitikk- og praksis.<\/p><p>I 2021 fikk til sammen 154 personer positivt svar i saken etter rettshjelp fra NOAS. Det er 70 prosent av personene som fikk svar fra utlendingsmyndighetene, etter at NOAS var engasjert i saken.<\/p><p>NOAS mottar midler over statsbudsjettet til rettshjelpsarbeidet (post 72 Spesielle rettshjelpstiltak), fordelt av <a href=\"https:\/\/www.sivilrett.no\/tilskudd-for-spesielle-rettshjelpstiltak.556844.no.html\">Statens sivilrettsforvaltning<\/a> etter s\u00f8knad. St\u00f8tten er avgj\u00f8rende for at vi kan opprettholde rettshjelpen p\u00e5 dagens niv\u00e5, men dekker langt fra behovet i rettshjelpsarbeidet.<\/p><p>Les mer om NOAS\u2019 rettshjelpsarbeid <a href=\"https:\/\/www.noas.no\/noas-rettshjelp-virker\/\">her<\/a>.<\/p><\/div><\/div>\t\t\t\t\t\t\t\t<\/div>\n\t\t\t\t<\/div>\n\t\t\t\t\t<\/div>\n\t\t<\/div>\n\t\t\t\t<div class=\"elementor-column elementor-col-33 elementor-top-column elementor-element elementor-element-a6bf02f\" data-id=\"a6bf02f\" data-element_type=\"column\" data-e-type=\"column\">\n\t\t\t<div class=\"elementor-widget-wrap elementor-element-populated\">\n\t\t\t\t\t\t<div class=\"elementor-element elementor-element-82c6c01 elementor-widget elementor-widget-text-editor\" data-id=\"82c6c01\" data-element_type=\"widget\" data-e-type=\"widget\" data-widget_type=\"text-editor.default\">\n\t\t\t\t<div class=\"elementor-widget-container\">\n\t\t\t\t\t\t\t\t\t<p>\u201cI 2021 fikk til sammen 154 personer positivt svar i saken etter rettshjelp fra NOAS. \u201d<\/p>\t\t\t\t\t\t\t\t<\/div>\n\t\t\t\t<\/div>\n\t\t\t\t\t<\/div>\n\t\t<\/div>\n\t\t\t\t\t<\/div>\n\t\t<\/section>\n\t\t\t\t<\/div>\n\t\t","protected":false},"excerpt":{"rendered":"<p>Rettshjelp Antall timer rettshjelp i utlendingssaker er for lite til \u00e5 sikre grunnleggende rettssikkerhet. \u00a0 FOTO: SHUTTERSTOCK \u201cDet gis kun fem timer gratis rettshjelp (fritt rettsr\u00e5d) i en vanlig asylsak\u201d \u00a0\u00a0\u00a0 \u00a0 \u00a0\u00a0 For \u00e5 sikre mennesker som har flyktet til Norge grunnleggende rettssikkerhet, er rettshjelp n\u00f8dvendig. Rettshjelpsbehovet i utlendingssaker er stort, og dagens rettshjelpsordning [&hellip;]<\/p>\n","protected":false},"author":1,"featured_media":0,"parent":0,"menu_order":0,"comment_status":"closed","ping_status":"closed","template":"","meta":{"_acf_changed":false,"site-sidebar-layout":"no-sidebar","site-content-layout":"page-builder","ast-site-content-layout":"default","site-content-style":"default","site-sidebar-style":"default","ast-global-header-display":"","ast-banner-title-visibility":"","ast-main-header-display":"","ast-hfb-above-header-display":"","ast-hfb-below-header-display":"","ast-hfb-mobile-header-display":"","site-post-title":"disabled","ast-breadcrumbs-content":"","ast-featured-img":"disabled","footer-sml-layout":"","ast-disable-related-posts":"","theme-transparent-header-meta":"default","adv-header-id-meta":"","stick-header-meta":"","header-above-stick-meta":"","header-main-stick-meta":"","header-below-stick-meta":"","astra-migrate-meta-layouts":"default","ast-page-background-enabled":"default","ast-page-background-meta":{"desktop":{"background-color":"var(--ast-global-color-4)","background-image":"","background-repeat":"repeat","background-position":"center center","background-size":"auto","background-attachment":"scroll","background-type":"","background-media":"","overlay-type":"","overlay-color":"","overlay-opacity":"","overlay-gradient":""},"tablet":{"background-color":"","background-image":"","background-repeat":"repeat","background-position":"center center","background-size":"auto","background-attachment":"scroll","background-type":"","background-media":"","overlay-type":"","overlay-color":"","overlay-opacity":"","overlay-gradient":""},"mobile":{"background-color":"","background-image":"","background-repeat":"repeat","background-position":"center center","background-size":"auto","background-attachment":"scroll","background-type":"","background-media":"","overlay-type":"","overlay-color":"","overlay-opacity":"","overlay-gradient":""}},"ast-content-background-meta":{"desktop":{"background-color":"var(--ast-global-color-5)","background-image":"","background-repeat":"repeat","background-position":"center center","background-size":"auto","background-attachment":"scroll","background-type":"","background-media":"","overlay-type":"","overlay-color":"","overlay-opacity":"","overlay-gradient":""},"tablet":{"background-color":"var(--ast-global-color-5)","background-image":"","background-repeat":"repeat","background-position":"center center","background-size":"auto","background-attachment":"scroll","background-type":"","background-media":"","overlay-type":"","overlay-color":"","overlay-opacity":"","overlay-gradient":""},"mobile":{"background-color":"var(--ast-global-color-5)","background-image":"","background-repeat":"repeat","background-position":"center center","background-size":"auto","background-attachment":"scroll","background-type":"","background-media":"","overlay-type":"","overlay-color":"","overlay-opacity":"","overlay-gradient":""}},"footnotes":""},"class_list":["post-161","page","type-page","status-publish","hentry"],"acf":[],"_links":{"self":[{"href":"https:\/\/noas.no\/riketstilstand\/wp-json\/wp\/v2\/pages\/161","targetHints":{"allow":["GET"]}}],"collection":[{"href":"https:\/\/noas.no\/riketstilstand\/wp-json\/wp\/v2\/pages"}],"about":[{"href":"https:\/\/noas.no\/riketstilstand\/wp-json\/wp\/v2\/types\/page"}],"author":[{"embeddable":true,"href":"https:\/\/noas.no\/riketstilstand\/wp-json\/wp\/v2\/users\/1"}],"replies":[{"embeddable":true,"href":"https:\/\/noas.no\/riketstilstand\/wp-json\/wp\/v2\/comments?post=161"}],"version-history":[{"count":115,"href":"https:\/\/noas.no\/riketstilstand\/wp-json\/wp\/v2\/pages\/161\/revisions"}],"predecessor-version":[{"id":7160,"href":"https:\/\/noas.no\/riketstilstand\/wp-json\/wp\/v2\/pages\/161\/revisions\/7160"}],"wp:attachment":[{"href":"https:\/\/noas.no\/riketstilstand\/wp-json\/wp\/v2\/media?parent=161"}],"curies":[{"name":"wp","href":"https:\/\/api.w.org\/{rel}","templated":true}]}}