{"id":158,"date":"2022-09-07T06:08:06","date_gmt":"2022-09-07T06:08:06","guid":{"rendered":"https:\/\/noas.no\/riketstilstand\/?page_id=158"},"modified":"2023-04-16T16:32:43","modified_gmt":"2023-04-16T16:32:43","slug":"rettssikkerhet-i-une","status":"publish","type":"page","link":"https:\/\/noas.no\/riketstilstand\/rettssikkerhet-i-une\/","title":{"rendered":"RETTSSIKKERHET I UNE"},"content":{"rendered":"\t\t<div data-elementor-type=\"wp-page\" data-elementor-id=\"158\" class=\"elementor elementor-158\">\n\t\t\t\t\t\t<section class=\"elementor-section elementor-top-section elementor-element elementor-element-5ab0587f elementor-section-height-full elementor-section-boxed elementor-section-height-default elementor-section-items-middle\" data-id=\"5ab0587f\" data-element_type=\"section\" data-e-type=\"section\" data-settings=\"{&quot;background_background&quot;:&quot;classic&quot;}\">\n\t\t\t\t\t\t\t<div class=\"elementor-background-overlay\"><\/div>\n\t\t\t\t\t\t\t<div class=\"elementor-container elementor-column-gap-default\">\n\t\t\t\t\t<div class=\"elementor-column elementor-col-100 elementor-top-column elementor-element elementor-element-19f89e7\" data-id=\"19f89e7\" data-element_type=\"column\" data-e-type=\"column\">\n\t\t\t<div class=\"elementor-widget-wrap elementor-element-populated\">\n\t\t\t\t\t\t<div class=\"elementor-element elementor-element-7f72c0b5 elementor-widget elementor-widget-heading\" data-id=\"7f72c0b5\" data-element_type=\"widget\" data-e-type=\"widget\" data-widget_type=\"heading.default\">\n\t\t\t\t<div class=\"elementor-widget-container\">\n\t\t\t\t\t<h4 class=\"elementor-heading-title elementor-size-default\">Rettssikkerhet i Utlendingsnemnda (UNE)<\/h4>\t\t\t\t<\/div>\n\t\t\t\t<\/div>\n\t\t\t\t<div class=\"elementor-element elementor-element-dc5f5d4 elementor-widget elementor-widget-text-editor\" data-id=\"dc5f5d4\" data-element_type=\"widget\" data-e-type=\"widget\" data-widget_type=\"text-editor.default\">\n\t\t\t\t<div class=\"elementor-widget-container\">\n\t\t\t\t\t\t\t\t\t<p><em>Asyls\u00f8keres og flyktningers rettssikkerhet ved klagebehandling i UNE er ikke god nok. I 2021 fikk kun 9 prosent av asyls\u00f8kerne mulighet til \u00e5 forklare seg muntlig.<\/em><\/p>\t\t\t\t\t\t\t\t<\/div>\n\t\t\t\t<\/div>\n\t\t\t\t\t<\/div>\n\t\t<\/div>\n\t\t\t\t\t<\/div>\n\t\t<\/section>\n\t\t\t\t<section class=\"elementor-section elementor-top-section elementor-element elementor-element-1d4c181c elementor-section-boxed elementor-section-height-default elementor-section-height-default\" data-id=\"1d4c181c\" data-element_type=\"section\" data-e-type=\"section\">\n\t\t\t\t\t\t<div class=\"elementor-container elementor-column-gap-default\">\n\t\t\t\t\t<div class=\"elementor-column elementor-col-100 elementor-top-column elementor-element elementor-element-67d0faaa\" data-id=\"67d0faaa\" data-element_type=\"column\" data-e-type=\"column\">\n\t\t\t<div class=\"elementor-widget-wrap elementor-element-populated\">\n\t\t\t\t\t\t<div class=\"elementor-element elementor-element-d6ba6e4 elementor-widget elementor-widget-text-editor\" data-id=\"d6ba6e4\" data-element_type=\"widget\" data-e-type=\"widget\" data-widget_type=\"text-editor.default\">\n\t\t\t\t<div class=\"elementor-widget-container\">\n\t\t\t\t\t\t\t\t\t<p><em>Illustrasjonsfoto: Utlendingsnemnda<\/em><\/p>\t\t\t\t\t\t\t\t<\/div>\n\t\t\t\t<\/div>\n\t\t\t\t\t<\/div>\n\t\t<\/div>\n\t\t\t\t\t<\/div>\n\t\t<\/section>\n\t\t\t\t<section class=\"elementor-section elementor-top-section elementor-element elementor-element-78f66bac elementor-section-boxed elementor-section-height-default elementor-section-height-default\" data-id=\"78f66bac\" data-element_type=\"section\" data-e-type=\"section\">\n\t\t\t\t\t\t<div class=\"elementor-container elementor-column-gap-default\">\n\t\t\t\t\t<div class=\"elementor-column elementor-col-25 elementor-top-column elementor-element elementor-element-34c0032\" data-id=\"34c0032\" data-element_type=\"column\" data-e-type=\"column\">\n\t\t\t<div class=\"elementor-widget-wrap\">\n\t\t\t\t\t\t\t<\/div>\n\t\t<\/div>\n\t\t\t\t<div class=\"elementor-column elementor-col-50 elementor-top-column elementor-element elementor-element-36813415\" data-id=\"36813415\" data-element_type=\"column\" data-e-type=\"column\">\n\t\t\t<div class=\"elementor-widget-wrap elementor-element-populated\">\n\t\t\t\t\t\t<div class=\"elementor-element elementor-element-4625b5e elementor-widget elementor-widget-text-editor\" data-id=\"4625b5e\" data-element_type=\"widget\" data-e-type=\"widget\" data-widget_type=\"text-editor.default\">\n\t\t\t\t<div class=\"elementor-widget-container\">\n\t\t\t\t\t\t\t\t\t<p><a href=\"https:\/\/udi.no\/\">Utlendingsdirektoratet (UDI)<\/a> er f\u00f8rsteinstans i asylsaker og andre utlendingssaker, mens <a href=\"https:\/\/www.une.no\/\">Utlendingsnemnda (UNE)<\/a> er klageinstansen. Manglende rettssikkerhet i UNE fremkommer av en rekke utredninger og evalueringer. <a href=\"https:\/\/www.regjeringen.no\/no\/dokumenter\/nou-2017-8\/id2542284\/\">Graverutvalgets utredning<\/a> fra mars 2017, peker p\u00e5 s\u00e6rlig to svakheter ved rettssikkerheten i dagens klageordning i asylsaker: Mangel p\u00e5 kontradiksjon og mangel p\u00e5 muntlighet.<\/p>\t\t\t\t\t\t\t\t<\/div>\n\t\t\t\t<\/div>\n\t\t\t\t\t<\/div>\n\t\t<\/div>\n\t\t\t\t<div class=\"elementor-column elementor-col-25 elementor-top-column elementor-element elementor-element-4a6905a\" data-id=\"4a6905a\" data-element_type=\"column\" data-e-type=\"column\">\n\t\t\t<div class=\"elementor-widget-wrap\">\n\t\t\t\t\t\t\t<\/div>\n\t\t<\/div>\n\t\t\t\t\t<\/div>\n\t\t<\/section>\n\t\t\t\t<section class=\"elementor-section elementor-top-section elementor-element elementor-element-4cf78cb elementor-section-boxed elementor-section-height-default elementor-section-height-default\" data-id=\"4cf78cb\" data-element_type=\"section\" data-e-type=\"section\">\n\t\t\t\t\t\t<div class=\"elementor-container elementor-column-gap-default\">\n\t\t\t\t\t<div class=\"elementor-column elementor-col-25 elementor-top-column elementor-element elementor-element-1c77a92\" data-id=\"1c77a92\" data-element_type=\"column\" data-e-type=\"column\">\n\t\t\t<div class=\"elementor-widget-wrap elementor-element-populated\">\n\t\t\t\t\t\t<div class=\"elementor-element elementor-element-40071c0 elementor-widget elementor-widget-text-editor\" data-id=\"40071c0\" data-element_type=\"widget\" data-e-type=\"widget\" data-widget_type=\"text-editor.default\">\n\t\t\t\t<div class=\"elementor-widget-container\">\n\t\t\t\t\t\t\t\t\t<div class=\"col sqs-col-3 span-3\"><div id=\"block-abc1cf7f494e5702d1c0\" class=\"sqs-block quote-block sqs-block-quote null\" data-block-type=\"31\"><div class=\"sqs-block-content\"><figure class=\"block-animation-none\"><div id=\"page-body-wrapper\" class=\"full-width\"><div id=\"page-body\"><div id=\"content-wrapper\"><div id=\"content\"><div class=\"main-content\" data-content-field=\"main-content\" data-collection-id=\"62f2bf58b749a7425be23a91\" data-edit-main-image=\"Page Banner\"><div id=\"page-62f2bf58b749a7425be23a91\" class=\"sqs-layout sqs-grid-12 columns-12\" data-type=\"page\" data-updated-on=\"1660265189390\"><div class=\"row sqs-row\"><div class=\"col sqs-col-12 span-12\"><div class=\"row sqs-row\"><div class=\"col sqs-col-3 span-3\"><div id=\"block-f80a79ee62891752ba5d\" class=\"sqs-block quote-block sqs-block-quote null\" data-block-type=\"31\"><div class=\"sqs-block-content\"><figure class=\"block-animation-none\"><p><em>\u201cManglende kontradiksjon svekker rettssikkerheten og er s\u00e6rlig alvorlig i asylsaker.\u201d<\/em><\/p><\/figure><\/div><\/div><\/div><\/div><\/div><\/div><\/div><\/div><\/div><\/div><\/div><\/div><blockquote data-animation-role=\"quote\"><div id=\"page-body-wrapper\" class=\"full-width\"><div id=\"page-body\"><div id=\"content-wrapper\"><div id=\"content\"><div id=\"page-body-footer\" class=\"extra-wrapper\"><div id=\"page-footer-62f2bf58b749a7425be23a91\" class=\"sqs-layout sqs-grid-12 columns-12 empty\" data-layout-label=\"Barns beste, foreldres synder og urimelig juss Footer Content\" data-type=\"block-field\"><div class=\"row sqs-row\"><div class=\"col sqs-col-12 span-12\">\u00a0<\/div><\/div><\/div><\/div><\/div><\/div><div id=\"body-clearer\" class=\"clearer\">\u00a0<\/div><\/div><\/div><div id=\"page-footer-wrapper\"><div id=\"page-footer\"><div id=\"footer-blocks\" class=\"sqs-layout sqs-grid-12 columns-12\" data-layout-label=\"Footer Content\" data-type=\"block-field\" data-updated-on=\"1660587613512\"><div id=\"yui_3_17_2_1_1662945310240_76\" class=\"row sqs-row\"><div id=\"yui_3_17_2_1_1662945310240_75\" class=\"col sqs-col-3 span-3\"><div id=\"block-yui_3_17_2_1_1660077840242_34376\" class=\"sqs-block spacer-block sqs-block-spacer\" data-aspect-ratio=\"5.445544554455446\" data-block-type=\"21\"><div id=\"yui_3_17_2_1_1662945310240_101\" class=\"sqs-block-content sqs-intrinsic\">\u00a0<\/div><\/div><div id=\"block-yui_3_17_2_110_1496042355005_15969\" class=\"sqs-block image-block sqs-block-image sqs-text-ready\" data-aspect-ratio=\"15.594059405940595\" data-block-type=\"5\"><div id=\"yui_3_17_2_1_1662945310240_74\" class=\"sqs-block-content\"><div id=\"yui_3_17_2_1_1662945310240_73\" class=\"image-block-outer-wrapper layout-caption-below design-layout-inline combination-animation-none individual-animation-none individual-text-animation-none sqs-narrow-width\" data-test=\"image-block-inline-outer-wrapper\"><figure id=\"yui_3_17_2_1_1662945310240_72\" class=\" sqs-block-image-figure intrinsic \"><div id=\"yui_3_17_2_1_1662945310240_70\" class=\"image-block-wrapper\" data-animation-role=\"image\"><div id=\"yui_3_17_2_1_1662945310240_69\" class=\"sqs-image-shape-container-element has-aspect-ratio \">\u00a0<\/div><\/div><\/figure><\/div><\/div><\/div><\/div><\/div><\/div><\/div><\/div><\/blockquote><\/figure><\/div><\/div><\/div><div class=\"col sqs-col-6 span-6\"><div id=\"block-734f054f8bd1ffbd58c8\" class=\"sqs-block spacer-block sqs-block-spacer sized vsize-1\" data-block-type=\"21\"><div class=\"sqs-block-content\">\u00a0<\/div><\/div><div id=\"block-2bab7b18f4b4d2f1f87c\" class=\"sqs-block html-block sqs-block-html\" data-block-type=\"2\"><div class=\"sqs-block-content\">\u00a0<\/div><\/div><\/div>\t\t\t\t\t\t\t\t<\/div>\n\t\t\t\t<\/div>\n\t\t\t\t\t<\/div>\n\t\t<\/div>\n\t\t\t\t<div class=\"elementor-column elementor-col-50 elementor-top-column elementor-element elementor-element-7a76b45\" data-id=\"7a76b45\" data-element_type=\"column\" data-e-type=\"column\">\n\t\t\t<div class=\"elementor-widget-wrap elementor-element-populated\">\n\t\t\t\t\t\t<div class=\"elementor-element elementor-element-c12a9ed elementor-widget elementor-widget-heading\" data-id=\"c12a9ed\" data-element_type=\"widget\" data-e-type=\"widget\" data-widget_type=\"heading.default\">\n\t\t\t\t<div class=\"elementor-widget-container\">\n\t\t\t\t\t<h2 class=\"elementor-heading-title elementor-size-default\"><b>Mangel p\u00e5 kontradiksjon<\/b><\/h2>\t\t\t\t<\/div>\n\t\t\t\t<\/div>\n\t\t\t\t<div class=\"elementor-element elementor-element-ba69351 elementor-widget elementor-widget-text-editor\" data-id=\"ba69351\" data-element_type=\"widget\" data-e-type=\"widget\" data-widget_type=\"text-editor.default\">\n\t\t\t\t<div class=\"elementor-widget-container\">\n\t\t\t\t\t\t\t\t\t<p>Kontradiksjon er et grunnleggende rettssikkerhetsprinsipp, og inneb\u00e6rer at asyls\u00f8keren skal gis mulighet til \u00e5 im\u00f8teg\u00e5 UNEs argumenter og fremstilling av saken.<br \/>saker, mens Utlendingsnemnda (UNE) er klageinstansen. Manglende rettssikkerhet i UNE fremkommer av en rekke utredninger og evalueringer. Graverutvalgets utredning fra mars 2017, peker p\u00e5 s\u00e6rlig to svakheter ved rettssikkerheten i dagens klageordning i asylsaker: Mangel p\u00e5 kontradiksjon og mangel p\u00e5 muntlighet.<\/p><p><span style=\"letter-spacing: 0.3px;\">Kontradiksjon er et grunnleggende rettssikkerhetsprinsipp, og inneb\u00e6rer at asyls\u00f8keren skal gis mulighet til \u00e5 im\u00f8teg\u00e5 UNEs argumenter og fremstilling av saken.<\/span><\/p><p><span style=\"letter-spacing: 0.3px;\">Det er mangelfull kontradiksjon n\u00e5r asyls\u00f8keren og advokaten ikke f\u00e5r innsyn i hvilke vurderingstemaer UNE mener er avgj\u00f8rende. UNE vurderer i en del asylsaker andre forhold enn Utlendingsdirektoratet (UDI), uten at asyls\u00f8keren gis mulighet til \u00e5 uttale seg om de nye vurderingene.<\/span><span style=\"letter-spacing: 0.3px;\"><br \/><\/span><\/p><p><span style=\"letter-spacing: 0.3px;\">For eksempel kan UDI avsl\u00e5 en asyls\u00f8knad og henvise s\u00f8ker til internflukt i det norske myndigheter mener er en tryggere del av hjemlandet. I klagebehandlingen i UNE, kan nemnda opprettholde UDIs avslag p\u00e5 s\u00f8knad om beskyttelse, men n\u00e5 med begrunnelse at de ikke tror p\u00e5 asyls\u00f8kerens historie. I saker hvor UNEs behandling utelukkende er basert p\u00e5 innsendte skriftlige dokumenter, noe som gjelder de aller fleste saker, vil asyls\u00f8keren ikke ha mulighet til \u00e5 im\u00f8teg\u00e5 UNEs nye vurderinger ved \u00e5 oppklare misforst\u00e5elser eller legge fram viktige tilleggsopplysninger. Slik manglende kontradiksjon \u00f8ker risikoen for at UNE fatter feil vedtak.<\/span><span style=\"letter-spacing: 0.3px;\"><br \/><\/span><\/p><p><span style=\"letter-spacing: 0.3px;\">Manglende kontradiksjon svekker rettssikkerheten og er s\u00e6rlig alvorlig i asylsaker, der et galt vedtak kan bety at mennesker returneres til forf\u00f8lgelse \u2013 som vil v\u00e6re et brudd p\u00e5 Norges internasjonale forpliktelser.<\/span><span style=\"letter-spacing: 0.3px;\"><br \/><\/span><\/p><p><span style=\"letter-spacing: 0.3px;\">Et godt skritt p\u00e5 veien for \u00e5 sikre full kontradiksjon og muntlig h\u00f8ring, er \u00e5 innf\u00f8re en topartsprosess i UNE \u2013 som man har i de tilsvarende klageorganene i b\u00e5de Danmark og Sverige. En reell topartsprosess inneb\u00e6rer at f\u00f8rsteinstans i asylsaker, UDI, m\u00f8ter asyls\u00f8keren og hans\/hennes advokat som motparter i UNE. Da vil UDI kunne sp\u00f8rres ut om sitt avslag av b\u00e5de UNE og asyls\u00f8keren\/advokaten. Les mer her.<\/span><\/p><h2><b>F\u00e5 f\u00e5r forklare seg muntlig<\/b><\/h2><p>Et viktig form\u00e5l med opprettelsen av UNE i 2001, var at flere s\u00f8kere skulle gis mulighet til \u00e5 forklare seg muntlig under klagebehandlingen. Men i 2021\u00a0<a href=\"https:\/\/www.une.no\/globalassets\/om-une\/arsrapporter-etc\/arsrapport-une-2021.pdf\">fikk kun 9 prosent av asyls\u00f8kerne mulighet til \u00e5 forklare seg muntlig<\/a>\u00a0for UNE. I\u00a0<a href=\"https:\/\/www.une.no\/statistikk\/familieinnvandring\/\">familieinnvandringssaker<\/a>\u00a0fikk under 1 prosent mulighet til muntlig forklaring.<\/p><p>If\u00f8lge utlendingsloven skal det gjennomf\u00f8res nemndm\u00f8te i saker der det foreligger \u00abvesentlige tvilssp\u00f8rsm\u00e5l\u00bb, det vil si tvil om sp\u00f8rsm\u00e5l som kan ha betydning for resultatet i saken. Det er den enkelte beslutningstager i UNE som selv bestemmer om det skal holdes nemndm\u00f8te i den enkelte saken. Dersom det gjennomf\u00f8res nemndm\u00f8te, skal asyls\u00f8keren if\u00f8lge utlendingsloven som hovedregel f\u00e5 mulighet til \u00e5 forklare seg muntlig.<\/p><p><span style=\"letter-spacing: 0.3px;\">Muntlig forklaring er viktig for \u00e5 opplyse saken og styrke den enkeltes rettssikkerhet, og vil bidra til at det fattes riktige vedtak. Muligheten til \u00e5 bli h\u00f8rt er viktig for opplevd og reell rettssikkerhet. Flere muntlige behandlinger vil gi UNEs avgj\u00f8relser mer legitimitet, b\u00e5de hos den vedtaket gjelder og i allmennheten.<\/span><\/p><h2>Sm\u00e5 endringer<\/h2><div><p>I juni 2021 <a href=\"https:\/\/www.regjeringen.no\/no\/dokumentarkiv\/regjeringen-solberg\/aktuelt-regjeringen-solberg\/jd\/pressemeldinger\/2021\/utvidet-rett-til-nemndmotebehandling-i-utlendingsnemnda-for-konvertitter\/id2863247\/\">meldte Solberg-regjeringen<\/a> om <a href=\"https:\/\/www.noas.no\/asylsokere-som-endrer-tro-far-fra-1-august-mote-i-nemnd-hos-utlendingsnemnda-une\/\">nye regler<\/a> som utvider retten til nemndm\u00f8tebehandling i UNE for <a href=\"https:\/\/noas.no\/riketstilstand\/iran\/\">konvertitter<\/a>. Det gis n\u00e5 rett til nemndm\u00f8tebehandling i asylsaker hvor et av vurderingstemaene er troverdigheten av anf\u00f8rsler om skifte av religion, med mindre s\u00e6rlige grunner taler imot det. Det gis ogs\u00e5 en tydeligere rett enn i dag til \u00e5 f\u00f8re vitner i denne typen saker.<\/p><h2 class=\"\">L\u00f8sning: s\u00e6rdomstol og topartsprosess<\/h2><div><p>En s\u00e6rdomstol vil v\u00e6re den beste l\u00f8sningen for klagebehandling p\u00e5 utlendingsrettens omr\u00e5de.<\/p><p><span style=\"letter-spacing: 0.3px; background-color: var(--ast-global-color-5);\">Et godt skritt p\u00e5 veien for \u00e5 sikre full kontradiksjon og muntlig h\u00f8ring, er \u00e5 innf\u00f8re en topartsprosess i UNE \u2013 som man har i de tilsvarende klageorganene i b\u00e5de Danmark og Sverige. En reell topartsprosess inneb\u00e6rer at f\u00f8rsteinstans i asylsaker, UDI, m\u00f8ter asyls\u00f8keren og hans\/hennes advokat som motparter i UNE. Da vil UDI kunne sp\u00f8rres ut om sitt avslag av b\u00e5de UNE og asyls\u00f8keren\/advokaten. Les mer\u00a0<\/span><a style=\"letter-spacing: 0.3px; background-color: #ffffff;\" href=\"https:\/\/www.dagbladet.no\/kultur\/utlendingsnemnda-ma-reformeres\/69873432\">her<\/a><span style=\"letter-spacing: 0.3px; background-color: var(--ast-global-color-5);\">.<\/span><\/p><\/div><\/div>\t\t\t\t\t\t\t\t<\/div>\n\t\t\t\t<\/div>\n\t\t\t\t\t<\/div>\n\t\t<\/div>\n\t\t\t\t<div class=\"elementor-column elementor-col-25 elementor-top-column elementor-element elementor-element-d9d4647\" data-id=\"d9d4647\" data-element_type=\"column\" data-e-type=\"column\">\n\t\t\t<div class=\"elementor-widget-wrap elementor-element-populated\">\n\t\t\t\t\t\t<div class=\"elementor-element elementor-element-de7191f elementor-widget elementor-widget-text-editor\" data-id=\"de7191f\" data-element_type=\"widget\" data-e-type=\"widget\" data-widget_type=\"text-editor.default\">\n\t\t\t\t<div class=\"elementor-widget-container\">\n\t\t\t\t\t\t\t\t\t<div class=\"col sqs-col-3 span-3\"><div id=\"block-abc1cf7f494e5702d1c0\" class=\"sqs-block quote-block sqs-block-quote null\" data-block-type=\"31\"><div class=\"sqs-block-content\"><figure class=\"block-animation-none\"><div id=\"page-body-wrapper\" class=\"full-width\"><div id=\"page-body\"><div id=\"content-wrapper\"><div id=\"content\"><div class=\"main-content\" data-content-field=\"main-content\" data-collection-id=\"62f2bf58b749a7425be23a91\" data-edit-main-image=\"Page Banner\"><div id=\"page-62f2bf58b749a7425be23a91\" class=\"sqs-layout sqs-grid-12 columns-12\" data-type=\"page\" data-updated-on=\"1660265189390\"><div class=\"row sqs-row\"><div class=\"col sqs-col-12 span-12\"><div class=\"row sqs-row\"><div class=\"col sqs-col-3 span-3\"><div id=\"block-f80a79ee62891752ba5d\" class=\"sqs-block quote-block sqs-block-quote null\" data-block-type=\"31\"><div class=\"sqs-block-content\"><figure class=\"block-animation-none\"><p><em>\u201cTil tross for et stort behov for endring av UNE, har politisk handlekraft uteblitt.\u201d<\/em><\/p><\/figure><\/div><\/div><\/div><\/div><\/div><\/div><\/div><\/div><\/div><\/div><\/div><\/div><blockquote data-animation-role=\"quote\"><div id=\"page-body-wrapper\" class=\"full-width\"><div id=\"page-body\"><div id=\"content-wrapper\"><div id=\"content\"><div id=\"page-body-footer\" class=\"extra-wrapper\"><div id=\"page-footer-62f2bf58b749a7425be23a91\" class=\"sqs-layout sqs-grid-12 columns-12 empty\" data-layout-label=\"Barns beste, foreldres synder og urimelig juss Footer Content\" data-type=\"block-field\"><div class=\"row sqs-row\"><div class=\"col sqs-col-12 span-12\">\u00a0<\/div><\/div><\/div><\/div><\/div><\/div><div id=\"body-clearer\" class=\"clearer\">\u00a0<\/div><\/div><\/div><div id=\"page-footer-wrapper\"><div id=\"page-footer\"><div id=\"footer-blocks\" class=\"sqs-layout sqs-grid-12 columns-12\" data-layout-label=\"Footer Content\" data-type=\"block-field\" data-updated-on=\"1660587613512\"><div id=\"yui_3_17_2_1_1662945310240_76\" class=\"row sqs-row\"><div id=\"yui_3_17_2_1_1662945310240_75\" class=\"col sqs-col-3 span-3\"><div id=\"block-yui_3_17_2_1_1660077840242_34376\" class=\"sqs-block spacer-block sqs-block-spacer\" data-aspect-ratio=\"5.445544554455446\" data-block-type=\"21\"><div id=\"yui_3_17_2_1_1662945310240_101\" class=\"sqs-block-content sqs-intrinsic\">\u00a0<\/div><\/div><div id=\"block-yui_3_17_2_110_1496042355005_15969\" class=\"sqs-block image-block sqs-block-image sqs-text-ready\" data-aspect-ratio=\"15.594059405940595\" data-block-type=\"5\"><div id=\"yui_3_17_2_1_1662945310240_74\" class=\"sqs-block-content\"><div id=\"yui_3_17_2_1_1662945310240_73\" class=\"image-block-outer-wrapper layout-caption-below design-layout-inline combination-animation-none individual-animation-none individual-text-animation-none sqs-narrow-width\" data-test=\"image-block-inline-outer-wrapper\"><figure id=\"yui_3_17_2_1_1662945310240_72\" class=\" sqs-block-image-figure intrinsic \"><div id=\"yui_3_17_2_1_1662945310240_70\" class=\"image-block-wrapper\" data-animation-role=\"image\"><div id=\"yui_3_17_2_1_1662945310240_69\" class=\"sqs-image-shape-container-element has-aspect-ratio \">\u00a0<\/div><\/div><\/figure><\/div><\/div><\/div><\/div><\/div><\/div><\/div><\/div><\/blockquote><\/figure><\/div><\/div><\/div><div class=\"col sqs-col-6 span-6\"><div id=\"block-734f054f8bd1ffbd58c8\" class=\"sqs-block spacer-block sqs-block-spacer sized vsize-1\" data-block-type=\"21\"><div class=\"sqs-block-content\">\u00a0<\/div><\/div><div id=\"block-2bab7b18f4b4d2f1f87c\" class=\"sqs-block html-block sqs-block-html\" data-block-type=\"2\"><div class=\"sqs-block-content\">\u00a0<\/div><\/div><\/div>\t\t\t\t\t\t\t\t<\/div>\n\t\t\t\t<\/div>\n\t\t\t\t\t<\/div>\n\t\t<\/div>\n\t\t\t\t\t<\/div>\n\t\t<\/section>\n\t\t\t\t<\/div>\n\t\t","protected":false},"excerpt":{"rendered":"<p>Rettssikkerhet i Utlendingsnemnda (UNE) Asyls\u00f8keres og flyktningers rettssikkerhet ved klagebehandling i UNE er ikke god nok. I 2021 fikk kun 9 prosent av asyls\u00f8kerne mulighet til \u00e5 forklare seg muntlig. Illustrasjonsfoto: Utlendingsnemnda Utlendingsdirektoratet (UDI) er f\u00f8rsteinstans i asylsaker og andre utlendingssaker, mens Utlendingsnemnda (UNE) er klageinstansen. Manglende rettssikkerhet i UNE fremkommer av en rekke utredninger [&hellip;]<\/p>\n","protected":false},"author":1,"featured_media":0,"parent":0,"menu_order":0,"comment_status":"closed","ping_status":"closed","template":"","meta":{"_acf_changed":false,"site-sidebar-layout":"no-sidebar","site-content-layout":"page-builder","ast-site-content-layout":"default","site-content-style":"default","site-sidebar-style":"default","ast-global-header-display":"","ast-banner-title-visibility":"","ast-main-header-display":"","ast-hfb-above-header-display":"","ast-hfb-below-header-display":"","ast-hfb-mobile-header-display":"","site-post-title":"disabled","ast-breadcrumbs-content":"","ast-featured-img":"disabled","footer-sml-layout":"","ast-disable-related-posts":"","theme-transparent-header-meta":"default","adv-header-id-meta":"","stick-header-meta":"","header-above-stick-meta":"","header-main-stick-meta":"","header-below-stick-meta":"","astra-migrate-meta-layouts":"default","ast-page-background-enabled":"default","ast-page-background-meta":{"desktop":{"background-color":"var(--ast-global-color-4)","background-image":"","background-repeat":"repeat","background-position":"center center","background-size":"auto","background-attachment":"scroll","background-type":"","background-media":"","overlay-type":"","overlay-color":"","overlay-opacity":"","overlay-gradient":""},"tablet":{"background-color":"","background-image":"","background-repeat":"repeat","background-position":"center center","background-size":"auto","background-attachment":"scroll","background-type":"","background-media":"","overlay-type":"","overlay-color":"","overlay-opacity":"","overlay-gradient":""},"mobile":{"background-color":"","background-image":"","background-repeat":"repeat","background-position":"center center","background-size":"auto","background-attachment":"scroll","background-type":"","background-media":"","overlay-type":"","overlay-color":"","overlay-opacity":"","overlay-gradient":""}},"ast-content-background-meta":{"desktop":{"background-color":"var(--ast-global-color-5)","background-image":"","background-repeat":"repeat","background-position":"center center","background-size":"auto","background-attachment":"scroll","background-type":"","background-media":"","overlay-type":"","overlay-color":"","overlay-opacity":"","overlay-gradient":""},"tablet":{"background-color":"var(--ast-global-color-5)","background-image":"","background-repeat":"repeat","background-position":"center center","background-size":"auto","background-attachment":"scroll","background-type":"","background-media":"","overlay-type":"","overlay-color":"","overlay-opacity":"","overlay-gradient":""},"mobile":{"background-color":"var(--ast-global-color-5)","background-image":"","background-repeat":"repeat","background-position":"center center","background-size":"auto","background-attachment":"scroll","background-type":"","background-media":"","overlay-type":"","overlay-color":"","overlay-opacity":"","overlay-gradient":""}},"footnotes":""},"class_list":["post-158","page","type-page","status-publish","hentry"],"acf":[],"_links":{"self":[{"href":"https:\/\/noas.no\/riketstilstand\/wp-json\/wp\/v2\/pages\/158","targetHints":{"allow":["GET"]}}],"collection":[{"href":"https:\/\/noas.no\/riketstilstand\/wp-json\/wp\/v2\/pages"}],"about":[{"href":"https:\/\/noas.no\/riketstilstand\/wp-json\/wp\/v2\/types\/page"}],"author":[{"embeddable":true,"href":"https:\/\/noas.no\/riketstilstand\/wp-json\/wp\/v2\/users\/1"}],"replies":[{"embeddable":true,"href":"https:\/\/noas.no\/riketstilstand\/wp-json\/wp\/v2\/comments?post=158"}],"version-history":[{"count":249,"href":"https:\/\/noas.no\/riketstilstand\/wp-json\/wp\/v2\/pages\/158\/revisions"}],"predecessor-version":[{"id":6796,"href":"https:\/\/noas.no\/riketstilstand\/wp-json\/wp\/v2\/pages\/158\/revisions\/6796"}],"wp:attachment":[{"href":"https:\/\/noas.no\/riketstilstand\/wp-json\/wp\/v2\/media?parent=158"}],"curies":[{"name":"wp","href":"https:\/\/api.w.org\/{rel}","templated":true}]}}